{"id":1875,"date":"2021-04-21T09:23:50","date_gmt":"2021-04-21T07:23:50","guid":{"rendered":"https:\/\/www.pakery.pl\/?post_type=product&#038;p=1875"},"modified":"2025-05-19T14:34:30","modified_gmt":"2025-05-19T12:34:30","slug":"paker-jednodniowy-pi-spx-10-110swg","status":"publish","type":"product","link":"https:\/\/www.pakery.pl\/pl\/produkt\/paker-jednodniowy-pi-spx-10-110swg\/","title":{"rendered":"Paker jednodniowy PI-SPX 10\/110swg"},"content":{"rendered":"\t\t<div data-elementor-type=\"product-post\" data-elementor-id=\"1875\" class=\"elementor elementor-1875\" data-elementor-post-type=\"product\">\n\t\t\t\t\t\t<section class=\"elementor-section elementor-top-section elementor-element elementor-element-6bf1e09 elementor-section-full_width elementor-section-height-default elementor-section-height-default\" data-id=\"6bf1e09\" data-element_type=\"section\" data-e-type=\"section\">\n\t\t\t\t\t\t<div class=\"elementor-container elementor-column-gap-default\">\n\t\t\t\t\t<div class=\"elementor-column elementor-col-100 elementor-top-column elementor-element elementor-element-e29b068\" data-id=\"e29b068\" data-element_type=\"column\" data-e-type=\"column\">\n\t\t\t<div class=\"elementor-widget-wrap elementor-element-populated\">\n\t\t\t\t\t\t<div class=\"elementor-element elementor-element-85aae22 elementor-widget elementor-widget-text-editor\" data-id=\"85aae22\" data-element_type=\"widget\" data-e-type=\"widget\" data-widget_type=\"text-editor.default\">\n\t\t\t\t<div class=\"elementor-widget-container\">\n\t\t\t\t\t\t\t\t\t<p><span style=\"color: #000000;\"><strong>Pakery iniekcyjne jednodniowe<\/strong>, czyli dwuzaworowe. Pozwalaj\u0105 na zako\u0144czenie iniekcji tego samego dnia, nie czekaj\u0105c na zastygni\u0119cie \u017cywicy iniekcyjnej.<\/span><\/p><p><span style=\"color: #000000;\">W dolnej cz\u0119\u015bci pakera do iniekcji (guma rozporowa), znajduje si\u0119 drugi zaw\u00f3r, oraz pier\u015bcie\u0144 zaciskowy na gwincie. Mo\u017cesz usun\u0105\u0107 korpus pakera iniekcyjnego od razu po iniekcji, nie czekaj\u0105c na stwardnienie \u017cywicy iniekcyjnej.<\/span><\/p><p><em><span style=\"color: #000000;\">Rozwi\u0105zanie szczeg\u00f3lnie przydatne w momencie gdy, nie op\u0142acalny jest przyjazd ekipy iniekcyjnej dnia nast\u0119pnego, tylko po to by usun\u0105\u0107 pakery.<\/span><\/em><br \/><em><span style=\"color: #000000;\">R\u00f3wnie\u017c w gara\u017cach podziemnych gdzie zwyk\u0142e pakery do iniekcji pozostawione tn\u0105 opony wje\u017cd\u017caj\u0105cych aut.<\/span><\/em><\/p>\t\t\t\t\t\t\t\t<\/div>\n\t\t\t\t<\/div>\n\t\t\t\t\t<\/div>\n\t\t<\/div>\n\t\t\t\t\t<\/div>\n\t\t<\/section>\n\t\t\t\t<\/div>\n\t\t","protected":false},"excerpt":{"rendered":"<p>Pakery iniekcyjne jednodniowe, czyli dwuzaworowe. Pozwalaj\u0105 na zako\u0144czenie iniekcji tego samego dnia, nie czekaj\u0105c na zastygni\u0119cie \u017cywicy iniekcyjnej. W dolnej cz\u0119\u015bci pakera do iniekcji (guma rozporowa), znajduje si\u0119 drugi zaw\u00f3r, oraz pier\u015bcie\u0144 zaciskowy na gwincie. Mo\u017cesz usun\u0105\u0107 korpus pakera iniekcyjnego od razu po iniekcji, nie czekaj\u0105c na stwardnienie \u017cywicy iniekcyjnej. Rozwi\u0105zanie szczeg\u00f3lnie przydatne w momencie [&hellip;]<\/p>\n","protected":false},"featured_media":49171,"template":"","meta":{"_acf_changed":false},"product_brand":[],"product_cat":[27,36],"product_tag":[],"class_list":{"0":"post-1875","1":"product","2":"type-product","3":"status-publish","4":"has-post-thumbnail","6":"product_cat-pakery-iniekcyjne-pakery-do-iniekcji","7":"product_cat-pakery-stalowe","9":"first","10":"instock","11":"taxable","12":"shipping-taxable","13":"purchasable","14":"product-type-simple"},"acf":[],"yoast_head":"<!-- This site is optimized with the Yoast SEO plugin v27.3 - https:\/\/yoast.com\/product\/yoast-seo-wordpress\/ -->\n<title>Paker do iniekcji jednodniowy PI-SPX 10\/110 - PAKERY.PL<\/title>\n<meta name=\"description\" content=\"Paker do iniekcji jednodniowy. Wyj\u0105tkowa szczelno\u015b\u0107 nawet przy bardzo wysokim ci\u015bnieniu. Zarejestruj si\u0119 aby wybra\u0107 sw\u00f3j typ kalamitki.\" \/>\n<meta name=\"robots\" content=\"index, follow, max-snippet:-1, max-image-preview:large, max-video-preview:-1\" \/>\n<link rel=\"canonical\" href=\"https:\/\/www.pakery.pl\/pl\/produkt\/paker-jednodniowy-pi-spx-10-110swg\/\" \/>\n<meta property=\"og:locale\" content=\"pl_PL\" \/>\n<meta property=\"og:type\" content=\"article\" \/>\n<meta property=\"og:title\" content=\"Paker do iniekcji jednodniowy PI-SPX 10\/110 - PAKERY.PL\" \/>\n<meta property=\"og:description\" content=\"Paker do iniekcji jednodniowy. Wyj\u0105tkowa szczelno\u015b\u0107 nawet przy bardzo wysokim ci\u015bnieniu. Zarejestruj si\u0119 aby wybra\u0107 sw\u00f3j typ kalamitki.\" \/>\n<meta property=\"og:url\" content=\"https:\/\/www.pakery.pl\/pl\/produkt\/paker-jednodniowy-pi-spx-10-110swg\/\" \/>\n<meta property=\"og:site_name\" content=\"PAKERY.PL\" \/>\n<meta property=\"article:modified_time\" content=\"2025-05-19T12:34:30+00:00\" \/>\n<meta property=\"og:image\" content=\"https:\/\/www.pakery.pl\/wp-content\/uploads\/2021\/04\/PI-SPX-10110e-1024x1024.png\" \/>\n\t<meta property=\"og:image:width\" content=\"1024\" \/>\n\t<meta property=\"og:image:height\" content=\"1024\" \/>\n\t<meta property=\"og:image:type\" content=\"image\/png\" \/>\n<meta name=\"twitter:card\" content=\"summary_large_image\" \/>\n<meta name=\"twitter:label1\" content=\"Szacowany czas czytania\" \/>\n\t<meta name=\"twitter:data1\" content=\"1 minuta\" \/>\n<script type=\"application\/ld+json\" class=\"yoast-schema-graph\">{\"@context\":\"https:\\\/\\\/schema.org\",\"@graph\":[{\"@type\":\"WebPage\",\"@id\":\"https:\\\/\\\/www.pakery.pl\\\/pl\\\/produkt\\\/paker-jednodniowy-pi-spx-10-110swg\\\/\",\"url\":\"https:\\\/\\\/www.pakery.pl\\\/pl\\\/produkt\\\/paker-jednodniowy-pi-spx-10-110swg\\\/\",\"name\":\"Paker do iniekcji jednodniowy PI-SPX 10\\\/110 - PAKERY.PL\",\"isPartOf\":{\"@id\":\"https:\\\/\\\/www.pakery.pl\\\/pl\\\/#website\"},\"primaryImageOfPage\":{\"@id\":\"https:\\\/\\\/www.pakery.pl\\\/pl\\\/produkt\\\/paker-jednodniowy-pi-spx-10-110swg\\\/#primaryimage\"},\"image\":{\"@id\":\"https:\\\/\\\/www.pakery.pl\\\/pl\\\/produkt\\\/paker-jednodniowy-pi-spx-10-110swg\\\/#primaryimage\"},\"thumbnailUrl\":\"https:\\\/\\\/www.pakery.pl\\\/wp-content\\\/uploads\\\/2021\\\/04\\\/PI-SPX-10110e.png\",\"datePublished\":\"2021-04-21T07:23:50+00:00\",\"dateModified\":\"2025-05-19T12:34:30+00:00\",\"description\":\"Paker do iniekcji jednodniowy. Wyj\u0105tkowa szczelno\u015b\u0107 nawet przy bardzo wysokim ci\u015bnieniu. Zarejestruj si\u0119 aby wybra\u0107 sw\u00f3j typ kalamitki.\",\"breadcrumb\":{\"@id\":\"https:\\\/\\\/www.pakery.pl\\\/pl\\\/produkt\\\/paker-jednodniowy-pi-spx-10-110swg\\\/#breadcrumb\"},\"inLanguage\":\"pl-PL\",\"potentialAction\":[{\"@type\":\"ReadAction\",\"target\":[\"https:\\\/\\\/www.pakery.pl\\\/pl\\\/produkt\\\/paker-jednodniowy-pi-spx-10-110swg\\\/\"]}]},{\"@type\":\"ImageObject\",\"inLanguage\":\"pl-PL\",\"@id\":\"https:\\\/\\\/www.pakery.pl\\\/pl\\\/produkt\\\/paker-jednodniowy-pi-spx-10-110swg\\\/#primaryimage\",\"url\":\"https:\\\/\\\/www.pakery.pl\\\/wp-content\\\/uploads\\\/2021\\\/04\\\/PI-SPX-10110e.png\",\"contentUrl\":\"https:\\\/\\\/www.pakery.pl\\\/wp-content\\\/uploads\\\/2021\\\/04\\\/PI-SPX-10110e.png\",\"width\":2000,\"height\":2000},{\"@type\":\"BreadcrumbList\",\"@id\":\"https:\\\/\\\/www.pakery.pl\\\/pl\\\/produkt\\\/paker-jednodniowy-pi-spx-10-110swg\\\/#breadcrumb\",\"itemListElement\":[{\"@type\":\"ListItem\",\"position\":1,\"name\":\"Strona g\u0142\u00f3wna\",\"item\":\"https:\\\/\\\/www.pakery.pl\\\/pl\\\/\"},{\"@type\":\"ListItem\",\"position\":2,\"name\":\"Sklep\",\"item\":\"https:\\\/\\\/www.pakery.pl\\\/pl\\\/sklep\\\/\"},{\"@type\":\"ListItem\",\"position\":3,\"name\":\"Paker jednodniowy PI-SPX 10\\\/110swg\"}]},{\"@type\":\"WebSite\",\"@id\":\"https:\\\/\\\/www.pakery.pl\\\/pl\\\/#website\",\"url\":\"https:\\\/\\\/www.pakery.pl\\\/pl\\\/\",\"name\":\"Pakery.pl\",\"description\":\"Pakery iniekcyjne, Kotwy spiralne, Lance iniekcyjne, W\u0119\u017ce do iniekcji, Pompy iniekcyjne, Serwis pomp iniekcyjnych, Wynajem pomp do iniekcji\",\"publisher\":{\"@id\":\"https:\\\/\\\/www.pakery.pl\\\/pl\\\/#organization\"},\"potentialAction\":[{\"@type\":\"SearchAction\",\"target\":{\"@type\":\"EntryPoint\",\"urlTemplate\":\"https:\\\/\\\/www.pakery.pl\\\/pl\\\/?s={search_term_string}\"},\"query-input\":{\"@type\":\"PropertyValueSpecification\",\"valueRequired\":true,\"valueName\":\"search_term_string\"}}],\"inLanguage\":\"pl-PL\"},{\"@type\":\"Organization\",\"@id\":\"https:\\\/\\\/www.pakery.pl\\\/pl\\\/#organization\",\"name\":\"PAKERY.PL\",\"url\":\"https:\\\/\\\/www.pakery.pl\\\/pl\\\/\",\"logo\":{\"@type\":\"ImageObject\",\"inLanguage\":\"pl-PL\",\"@id\":\"https:\\\/\\\/www.pakery.pl\\\/pl\\\/#\\\/schema\\\/logo\\\/image\\\/\",\"url\":\"https:\\\/\\\/www.pakery.pl\\\/wp-content\\\/uploads\\\/2021\\\/04\\\/cropped-PAKERY-LOGO.png\",\"contentUrl\":\"https:\\\/\\\/www.pakery.pl\\\/wp-content\\\/uploads\\\/2021\\\/04\\\/cropped-PAKERY-LOGO.png\",\"width\":1529,\"height\":500,\"caption\":\"PAKERY.PL\"},\"image\":{\"@id\":\"https:\\\/\\\/www.pakery.pl\\\/pl\\\/#\\\/schema\\\/logo\\\/image\\\/\"}}]}<\/script>\n<!-- \/ Yoast SEO plugin. -->","yoast_head_json":{"title":"Paker do iniekcji jednodniowy PI-SPX 10\/110 - PAKERY.PL","description":"Paker do iniekcji jednodniowy. Wyj\u0105tkowa szczelno\u015b\u0107 nawet przy bardzo wysokim ci\u015bnieniu. Zarejestruj si\u0119 aby wybra\u0107 sw\u00f3j typ kalamitki.","robots":{"index":"index","follow":"follow","max-snippet":"max-snippet:-1","max-image-preview":"max-image-preview:large","max-video-preview":"max-video-preview:-1"},"canonical":"https:\/\/www.pakery.pl\/pl\/produkt\/paker-jednodniowy-pi-spx-10-110swg\/","og_locale":"pl_PL","og_type":"article","og_title":"Paker do iniekcji jednodniowy PI-SPX 10\/110 - PAKERY.PL","og_description":"Paker do iniekcji jednodniowy. Wyj\u0105tkowa szczelno\u015b\u0107 nawet przy bardzo wysokim ci\u015bnieniu. Zarejestruj si\u0119 aby wybra\u0107 sw\u00f3j typ kalamitki.","og_url":"https:\/\/www.pakery.pl\/pl\/produkt\/paker-jednodniowy-pi-spx-10-110swg\/","og_site_name":"PAKERY.PL","article_modified_time":"2025-05-19T12:34:30+00:00","og_image":[{"width":1024,"height":1024,"url":"https:\/\/www.pakery.pl\/wp-content\/uploads\/2021\/04\/PI-SPX-10110e-1024x1024.png","type":"image\/png"}],"twitter_card":"summary_large_image","twitter_misc":{"Szacowany czas czytania":"1 minuta"},"schema":{"@context":"https:\/\/schema.org","@graph":[{"@type":"WebPage","@id":"https:\/\/www.pakery.pl\/pl\/produkt\/paker-jednodniowy-pi-spx-10-110swg\/","url":"https:\/\/www.pakery.pl\/pl\/produkt\/paker-jednodniowy-pi-spx-10-110swg\/","name":"Paker do iniekcji jednodniowy PI-SPX 10\/110 - PAKERY.PL","isPartOf":{"@id":"https:\/\/www.pakery.pl\/pl\/#website"},"primaryImageOfPage":{"@id":"https:\/\/www.pakery.pl\/pl\/produkt\/paker-jednodniowy-pi-spx-10-110swg\/#primaryimage"},"image":{"@id":"https:\/\/www.pakery.pl\/pl\/produkt\/paker-jednodniowy-pi-spx-10-110swg\/#primaryimage"},"thumbnailUrl":"https:\/\/www.pakery.pl\/wp-content\/uploads\/2021\/04\/PI-SPX-10110e.png","datePublished":"2021-04-21T07:23:50+00:00","dateModified":"2025-05-19T12:34:30+00:00","description":"Paker do iniekcji jednodniowy. Wyj\u0105tkowa szczelno\u015b\u0107 nawet przy bardzo wysokim ci\u015bnieniu. Zarejestruj si\u0119 aby wybra\u0107 sw\u00f3j typ kalamitki.","breadcrumb":{"@id":"https:\/\/www.pakery.pl\/pl\/produkt\/paker-jednodniowy-pi-spx-10-110swg\/#breadcrumb"},"inLanguage":"pl-PL","potentialAction":[{"@type":"ReadAction","target":["https:\/\/www.pakery.pl\/pl\/produkt\/paker-jednodniowy-pi-spx-10-110swg\/"]}]},{"@type":"ImageObject","inLanguage":"pl-PL","@id":"https:\/\/www.pakery.pl\/pl\/produkt\/paker-jednodniowy-pi-spx-10-110swg\/#primaryimage","url":"https:\/\/www.pakery.pl\/wp-content\/uploads\/2021\/04\/PI-SPX-10110e.png","contentUrl":"https:\/\/www.pakery.pl\/wp-content\/uploads\/2021\/04\/PI-SPX-10110e.png","width":2000,"height":2000},{"@type":"BreadcrumbList","@id":"https:\/\/www.pakery.pl\/pl\/produkt\/paker-jednodniowy-pi-spx-10-110swg\/#breadcrumb","itemListElement":[{"@type":"ListItem","position":1,"name":"Strona g\u0142\u00f3wna","item":"https:\/\/www.pakery.pl\/pl\/"},{"@type":"ListItem","position":2,"name":"Sklep","item":"https:\/\/www.pakery.pl\/pl\/sklep\/"},{"@type":"ListItem","position":3,"name":"Paker jednodniowy PI-SPX 10\/110swg"}]},{"@type":"WebSite","@id":"https:\/\/www.pakery.pl\/pl\/#website","url":"https:\/\/www.pakery.pl\/pl\/","name":"Pakery.pl","description":"Pakery iniekcyjne, Kotwy spiralne, Lance iniekcyjne, W\u0119\u017ce do iniekcji, Pompy iniekcyjne, Serwis pomp iniekcyjnych, Wynajem pomp do iniekcji","publisher":{"@id":"https:\/\/www.pakery.pl\/pl\/#organization"},"potentialAction":[{"@type":"SearchAction","target":{"@type":"EntryPoint","urlTemplate":"https:\/\/www.pakery.pl\/pl\/?s={search_term_string}"},"query-input":{"@type":"PropertyValueSpecification","valueRequired":true,"valueName":"search_term_string"}}],"inLanguage":"pl-PL"},{"@type":"Organization","@id":"https:\/\/www.pakery.pl\/pl\/#organization","name":"PAKERY.PL","url":"https:\/\/www.pakery.pl\/pl\/","logo":{"@type":"ImageObject","inLanguage":"pl-PL","@id":"https:\/\/www.pakery.pl\/pl\/#\/schema\/logo\/image\/","url":"https:\/\/www.pakery.pl\/wp-content\/uploads\/2021\/04\/cropped-PAKERY-LOGO.png","contentUrl":"https:\/\/www.pakery.pl\/wp-content\/uploads\/2021\/04\/cropped-PAKERY-LOGO.png","width":1529,"height":500,"caption":"PAKERY.PL"},"image":{"@id":"https:\/\/www.pakery.pl\/pl\/#\/schema\/logo\/image\/"}}]}},"_links":{"self":[{"href":"https:\/\/www.pakery.pl\/pl\/wp-json\/wp\/v2\/product\/1875","targetHints":{"allow":["GET"]}}],"collection":[{"href":"https:\/\/www.pakery.pl\/pl\/wp-json\/wp\/v2\/product"}],"about":[{"href":"https:\/\/www.pakery.pl\/pl\/wp-json\/wp\/v2\/types\/product"}],"version-history":[{"count":5,"href":"https:\/\/www.pakery.pl\/pl\/wp-json\/wp\/v2\/product\/1875\/revisions"}],"predecessor-version":[{"id":3620,"href":"https:\/\/www.pakery.pl\/pl\/wp-json\/wp\/v2\/product\/1875\/revisions\/3620"}],"wp:featuredmedia":[{"embeddable":true,"href":"https:\/\/www.pakery.pl\/pl\/wp-json\/wp\/v2\/media\/49171"}],"wp:attachment":[{"href":"https:\/\/www.pakery.pl\/pl\/wp-json\/wp\/v2\/media?parent=1875"}],"wp:term":[{"taxonomy":"product_brand","embeddable":true,"href":"https:\/\/www.pakery.pl\/pl\/wp-json\/wp\/v2\/product_brand?post=1875"},{"taxonomy":"product_cat","embeddable":true,"href":"https:\/\/www.pakery.pl\/pl\/wp-json\/wp\/v2\/product_cat?post=1875"},{"taxonomy":"product_tag","embeddable":true,"href":"https:\/\/www.pakery.pl\/pl\/wp-json\/wp\/v2\/product_tag?post=1875"}],"curies":[{"name":"wp","href":"https:\/\/api.w.org\/{rel}","templated":true}]}}