{"id":1871,"date":"2021-04-21T09:19:02","date_gmt":"2021-04-21T07:19:02","guid":{"rendered":"https:\/\/www.pakery.pl\/?post_type=product&#038;p=1871"},"modified":"2021-05-26T07:40:17","modified_gmt":"2021-05-26T05:40:17","slug":"kotwa-spiralna-%e2%8c%8010-mm","status":"publish","type":"product","link":"https:\/\/www.pakery.pl\/pl\/produkt\/kotwa-spiralna-%e2%8c%8010-mm\/","title":{"rendered":"Kotwa spiralna \u230010 mm"},"content":{"rendered":"\t\t<div data-elementor-type=\"product-post\" data-elementor-id=\"1871\" class=\"elementor elementor-1871\" data-elementor-post-type=\"product\">\n\t\t\t\t\t\t<section class=\"elementor-section elementor-top-section elementor-element elementor-element-b7e7196 elementor-section-full_width elementor-section-height-default elementor-section-height-default\" data-id=\"b7e7196\" data-element_type=\"section\" data-e-type=\"section\">\n\t\t\t\t\t\t<div class=\"elementor-container elementor-column-gap-default\">\n\t\t\t\t\t<div class=\"elementor-column elementor-col-100 elementor-top-column elementor-element elementor-element-6604f27\" data-id=\"6604f27\" data-element_type=\"column\" data-e-type=\"column\">\n\t\t\t<div class=\"elementor-widget-wrap elementor-element-populated\">\n\t\t\t\t\t\t<section class=\"elementor-section elementor-inner-section elementor-element elementor-element-45397ae elementor-section-full_width elementor-section-height-default elementor-section-height-default\" data-id=\"45397ae\" data-element_type=\"section\" data-e-type=\"section\">\n\t\t\t\t\t\t<div class=\"elementor-container elementor-column-gap-default\">\n\t\t\t\t\t<div class=\"elementor-column elementor-col-50 elementor-inner-column elementor-element elementor-element-5920a69\" data-id=\"5920a69\" data-element_type=\"column\" data-e-type=\"column\">\n\t\t\t<div class=\"elementor-widget-wrap elementor-element-populated\">\n\t\t\t\t\t\t<div class=\"elementor-element elementor-element-9c16b70 elementor-widget elementor-widget-text-editor\" data-id=\"9c16b70\" data-element_type=\"widget\" data-e-type=\"widget\" data-widget_type=\"text-editor.default\">\n\t\t\t\t<div class=\"elementor-widget-container\">\n\t\t\t\t\t\t\t\t\t<div><p><strong><span style=\"color: #000000;\">PARAMETRY TECHNICZNE:<\/span><\/strong><\/p><\/div><ul><li><span style=\"color: #000000;\">\u015arednica kotwy:<strong> 10 mm<\/strong><\/span><\/li><li><span style=\"color: #000000;\">Powierzchnia przekroju [mm\u00b2]: \u00a0<strong>13,00<\/strong><\/span><\/li><li><span style=\"color: #000000;\">Granica plastyczno\u015bci [MPa]: <strong>474,10<\/strong><\/span><\/li><li><span style=\"color: #000000;\">Wytrzyma\u0142o\u015b\u0107 na rozci\u0105ganie [MPa]: <strong>1006,30<\/strong><\/span><\/li><li><span style=\"color: #000000;\">Modu\u0142 [GPa]: <strong>143,50<\/strong><\/span><\/li><\/ul>\t\t\t\t\t\t\t\t<\/div>\n\t\t\t\t<\/div>\n\t\t\t\t<div class=\"elementor-element elementor-element-f10e87b elementor-widget elementor-widget-text-editor\" data-id=\"f10e87b\" data-element_type=\"widget\" data-e-type=\"widget\" data-widget_type=\"text-editor.default\">\n\t\t\t\t<div class=\"elementor-widget-container\">\n\t\t\t\t\t\t\t\t\t<h1><span style=\"color: #000000;\"><b style=\"font-size: 1rem;\">ZASTOSOWANIE:<\/b><\/span><\/h1><ul><li><span style=\"color: #000000;\">naprawa p\u0119kni\u0119\u0107 \u015bcian konstrukcyjnych wykonanych z ceg\u0142y, kamienia betonu<\/span><\/li><li><span style=\"color: #000000;\">wzmocnienie po\u0142\u0105cze\u0144 \u015bcian dzia\u0142owych z konstrukcyjnymi<\/span><\/li><li><span style=\"color: #000000;\">wzmocnienie attyk dachowych<\/span><\/li><li><span style=\"color: #000000;\">wzmocnienie p\u0142yt balkonowych<\/span><\/li><li><span style=\"color: #000000;\">naprawa i wzmacnianie nadpro\u017cy, belek, strop\u00f3w<\/span><\/li><li><span style=\"color: #000000;\">kotwienie odspojonych warstw os\u0142onowych \u015bcian<\/span><\/li><li><span style=\"color: #000000;\">stabilizacja wyboczonych \u015bcian<\/span><\/li><li><span style=\"color: #000000;\">wzmacnianie \u015bcian w obiektach wsp\u00f3\u0142czesnych<\/span><\/li><\/ul><p><span style=\"color: #000000;\"><b>ZALETY SPIRALNYCH WZMOCNIE\u0143:<\/b><\/span><\/p><ul><li><span style=\"color: #000000;\">Zwi\u0119kszenie no\u015bno\u015bci \u015bcian, s\u0142up\u00f3w, d\u017awigar\u00f3w, belek, p\u0142yt, fundament\u00f3w<\/span><\/li><li><span style=\"color: #000000;\">Szybka aplikacja &#8211; bez przerw technologicznych<\/span><\/li><li><span style=\"color: #000000;\">Niska inwazyjno\u015b\u0107 &#8211; aplikacja bez ba\u0142aganu i zamieszania<\/span><\/li><li><span style=\"color: #000000;\">P\u0119kni\u0119cia nie pojawiaj\u0105 si\u0119 ponownie &#8211; wysoka wydajno\u015b\u0107 technologii<\/span><\/li><li><span style=\"color: #000000;\">Niski koszt<\/span><\/li><\/ul><div><span style=\"color: #000000;\"><span style=\"caret-color: #000000;\">\u00a0<\/span><\/span><\/div><div><span style=\"color: #000000;\"><span style=\"caret-color: #000000;\">\u00a0<\/span><\/span><\/div><div><span style=\"color: #000000;\"><span style=\"caret-color: #000000;\">\u00a0<\/span><\/span><\/div><div><span style=\"color: #000000;\"><span style=\"caret-color: #000000;\">\u00a0<\/span><\/span><\/div><div><span style=\"color: #000000;\"><span style=\"caret-color: #000000;\">\u00a0<\/span><\/span><\/div>\t\t\t\t\t\t\t\t<\/div>\n\t\t\t\t<\/div>\n\t\t\t\t\t<\/div>\n\t\t<\/div>\n\t\t\t\t<div class=\"elementor-column elementor-col-50 elementor-inner-column elementor-element elementor-element-2d03299\" data-id=\"2d03299\" data-element_type=\"column\" data-e-type=\"column\">\n\t\t\t<div class=\"elementor-widget-wrap elementor-element-populated\">\n\t\t\t\t\t\t<div class=\"elementor-element elementor-element-32f59cc elementor-widget elementor-widget-image\" data-id=\"32f59cc\" data-element_type=\"widget\" data-e-type=\"widget\" data-widget_type=\"image.default\">\n\t\t\t\t<div class=\"elementor-widget-container\">\n\t\t\t\t\t\t\t\t\t\t\t\t\t\t\t<img fetchpriority=\"high\" decoding=\"async\" width=\"691\" height=\"758\" src=\"https:\/\/www.pakery.pl\/wp-content\/uploads\/2021\/04\/Kotwa-spiralna.png\" class=\"attachment-large size-large wp-image-3131\" alt=\"\" srcset=\"https:\/\/www.pakery.pl\/wp-content\/uploads\/2021\/04\/Kotwa-spiralna.png 691w, https:\/\/www.pakery.pl\/wp-content\/uploads\/2021\/04\/Kotwa-spiralna-273x300.png 273w, https:\/\/www.pakery.pl\/wp-content\/uploads\/2021\/04\/Kotwa-spiralna-683x749.png 683w, https:\/\/www.pakery.pl\/wp-content\/uploads\/2021\/04\/Kotwa-spiralna-602x660.png 602w\" sizes=\"(max-width: 691px) 100vw, 691px\" \/>\t\t\t\t\t\t\t\t\t\t\t\t\t\t\t<\/div>\n\t\t\t\t<\/div>\n\t\t\t\t\t<\/div>\n\t\t<\/div>\n\t\t\t\t\t<\/div>\n\t\t<\/section>\n\t\t\t\t<div class=\"elementor-element elementor-element-0b33b07 elementor-widget elementor-widget-image\" data-id=\"0b33b07\" data-element_type=\"widget\" data-e-type=\"widget\" data-widget_type=\"image.default\">\n\t\t\t\t<div class=\"elementor-widget-container\">\n\t\t\t\t\t\t\t\t\t\t\t\t\t\t\t<img decoding=\"async\" width=\"1024\" height=\"526\" src=\"https:\/\/www.pakery.pl\/wp-content\/uploads\/2021\/04\/HAMMPACK-SPIRAL-HAMMER-1024x526.png\" class=\"attachment-large size-large wp-image-3149\" alt=\"\" srcset=\"https:\/\/www.pakery.pl\/wp-content\/uploads\/2021\/04\/HAMMPACK-SPIRAL-HAMMER-1024x526.png 1024w, https:\/\/www.pakery.pl\/wp-content\/uploads\/2021\/04\/HAMMPACK-SPIRAL-HAMMER-300x154.png 300w, https:\/\/www.pakery.pl\/wp-content\/uploads\/2021\/04\/HAMMPACK-SPIRAL-HAMMER-768x394.png 768w, https:\/\/www.pakery.pl\/wp-content\/uploads\/2021\/04\/HAMMPACK-SPIRAL-HAMMER-683x351.png 683w, https:\/\/www.pakery.pl\/wp-content\/uploads\/2021\/04\/HAMMPACK-SPIRAL-HAMMER-602x309.png 602w, https:\/\/www.pakery.pl\/wp-content\/uploads\/2021\/04\/HAMMPACK-SPIRAL-HAMMER.png 1323w\" sizes=\"(max-width: 1024px) 100vw, 1024px\" \/>\t\t\t\t\t\t\t\t\t\t\t\t\t\t\t<\/div>\n\t\t\t\t<\/div>\n\t\t\t\t<div class=\"elementor-element elementor-element-77d701e elementor-widget-divider--view-line elementor-widget elementor-widget-divider\" data-id=\"77d701e\" data-element_type=\"widget\" data-e-type=\"widget\" data-widget_type=\"divider.default\">\n\t\t\t\t<div class=\"elementor-widget-container\">\n\t\t\t\t\t\t\t<div class=\"elementor-divider\">\n\t\t\t<span class=\"elementor-divider-separator\">\n\t\t\t\t\t\t<\/span>\n\t\t<\/div>\n\t\t\t\t\t\t<\/div>\n\t\t\t\t<\/div>\n\t\t\t\t<div class=\"elementor-element elementor-element-cf2da9a elementor-widget elementor-widget-heading\" data-id=\"cf2da9a\" data-element_type=\"widget\" data-e-type=\"widget\" data-widget_type=\"heading.default\">\n\t\t\t\t<div class=\"elementor-widget-container\">\n\t\t\t\t\t<h2 class=\"elementor-heading-title elementor-size-default\">Dodaj tu sw\u00f3j tekst nag\u0142\u00f3wka<\/h2>\t\t\t\t<\/div>\n\t\t\t\t<\/div>\n\t\t\t\t<section class=\"elementor-section elementor-inner-section elementor-element elementor-element-a6cce0d elementor-section-full_width elementor-section-height-default elementor-section-height-default\" data-id=\"a6cce0d\" data-element_type=\"section\" data-e-type=\"section\">\n\t\t\t\t\t\t<div class=\"elementor-container elementor-column-gap-default\">\n\t\t\t\t\t<div class=\"elementor-column elementor-col-50 elementor-inner-column elementor-element elementor-element-8ef05b0\" data-id=\"8ef05b0\" data-element_type=\"column\" data-e-type=\"column\">\n\t\t\t<div class=\"elementor-widget-wrap elementor-element-populated\">\n\t\t\t\t\t\t<div class=\"elementor-element elementor-element-2d277b7 elementor-widget elementor-widget-text-editor\" data-id=\"2d277b7\" data-element_type=\"widget\" data-e-type=\"widget\" data-widget_type=\"text-editor.default\">\n\t\t\t\t<div class=\"elementor-widget-container\">\n\t\t\t\t\t\t\t\t\t<p><span style=\"color: #000000;\"><strong>Wymiary bruzd pod kotwy spiralne, wraz z orientacyjnym zu\u017cyciem zaprawy do kotew, znajd\u0105 Pa\u0144stwo w tabeli poni\u017cej:<\/strong><\/span><\/p>\t\t\t\t\t\t\t\t<\/div>\n\t\t\t\t<\/div>\n\t\t\t\t<div class=\"elementor-element elementor-element-9983271 elementor-widget elementor-widget-image\" data-id=\"9983271\" data-element_type=\"widget\" data-e-type=\"widget\" data-widget_type=\"image.default\">\n\t\t\t\t<div class=\"elementor-widget-container\">\n\t\t\t\t\t\t\t\t\t\t\t\t\t\t\t<img decoding=\"async\" width=\"897\" height=\"674\" src=\"https:\/\/www.pakery.pl\/wp-content\/uploads\/2021\/04\/sugestie-projektowe-kotw.png\" class=\"attachment-large size-large wp-image-3151\" alt=\"\" srcset=\"https:\/\/www.pakery.pl\/wp-content\/uploads\/2021\/04\/sugestie-projektowe-kotw.png 897w, https:\/\/www.pakery.pl\/wp-content\/uploads\/2021\/04\/sugestie-projektowe-kotw-300x225.png 300w, https:\/\/www.pakery.pl\/wp-content\/uploads\/2021\/04\/sugestie-projektowe-kotw-768x577.png 768w, https:\/\/www.pakery.pl\/wp-content\/uploads\/2021\/04\/sugestie-projektowe-kotw-683x513.png 683w, https:\/\/www.pakery.pl\/wp-content\/uploads\/2021\/04\/sugestie-projektowe-kotw-602x452.png 602w\" sizes=\"(max-width: 897px) 100vw, 897px\" \/>\t\t\t\t\t\t\t\t\t\t\t\t\t\t\t<\/div>\n\t\t\t\t<\/div>\n\t\t\t\t\t<\/div>\n\t\t<\/div>\n\t\t\t\t<div class=\"elementor-column elementor-col-50 elementor-inner-column elementor-element elementor-element-3f2140f\" data-id=\"3f2140f\" data-element_type=\"column\" data-e-type=\"column\">\n\t\t\t<div class=\"elementor-widget-wrap elementor-element-populated\">\n\t\t\t\t\t\t<div class=\"elementor-element elementor-element-4bc0503 elementor-widget elementor-widget-text-editor\" data-id=\"4bc0503\" data-element_type=\"widget\" data-e-type=\"widget\" data-widget_type=\"text-editor.default\">\n\t\t\t\t<div class=\"elementor-widget-container\">\n\t\t\t\t\t\t\t\t\t<p><span style=\"color: #000000;\"><strong>&nbsp;<\/strong><\/span><\/p>\n<p><strong style=\"font-size: 1rem; color: #000000;\">&nbsp;<\/strong><\/p>\n<p><strong style=\"font-size: 1rem; color: #000000;\">min. ca\u0142kowita d\u0142ugo\u015b\u0107 kotwy (ceg\u0142a \/ kamie\u0144 \/ mur mieszany) &#8211; 1000 mm<\/strong><\/p>\n<p><span style=\"color: #000000;\"><strong>min. ca\u0142kowita d\u0142ugo\u015b\u0107 kotwy (beton) &#8211; 600 mm<\/strong><\/span><\/p>\n<p><em>Kotwy na wyra\u017ane \u017cyczenie klienta, przycinamy do okre\u015blonego wymiaru.<\/em><\/p>\n<p><em><strong>Wi\u0119cej sugestii projektowych, znajd\u0105 Pa\u0144stwo w dokumentacji technicznej Hammpack Spiral Hammer.<br><\/strong><\/em><\/p>\t\t\t\t\t\t\t\t<\/div>\n\t\t\t\t<\/div>\n\t\t\t\t\t<\/div>\n\t\t<\/div>\n\t\t\t\t\t<\/div>\n\t\t<\/section>\n\t\t\t\t\t<\/div>\n\t\t<\/div>\n\t\t\t\t\t<\/div>\n\t\t<\/section>\n\t\t\t\t<\/div>\n\t\t","protected":false},"excerpt":{"rendered":"<p>PARAMETRY TECHNICZNE: \u015arednica kotwy: 10 mm Powierzchnia przekroju [mm\u00b2]: \u00a013,00 Granica plastyczno\u015bci [MPa]: 474,10 Wytrzyma\u0142o\u015b\u0107 na rozci\u0105ganie [MPa]: 1006,30 Modu\u0142 [GPa]: 143,50 ZASTOSOWANIE: naprawa p\u0119kni\u0119\u0107 \u015bcian konstrukcyjnych wykonanych z ceg\u0142y, kamienia betonu wzmocnienie po\u0142\u0105cze\u0144 \u015bcian dzia\u0142owych z konstrukcyjnymi wzmocnienie attyk dachowych wzmocnienie p\u0142yt balkonowych naprawa i wzmacnianie nadpro\u017cy, belek, strop\u00f3w kotwienie odspojonych warstw os\u0142onowych \u015bcian [&hellip;]<\/p>\n","protected":false},"featured_media":3446,"template":"","meta":{"_acf_changed":false},"product_brand":[],"product_cat":[28],"product_tag":[],"class_list":{"0":"post-1871","1":"product","2":"type-product","3":"status-publish","4":"has-post-thumbnail","6":"product_cat-kotwy-spiralne","7":"pa_dlugosc-100m","8":"pa_dlugosc-10m","9":"pa_dlugosc-1m","11":"first","12":"instock","13":"taxable","14":"shipping-taxable","15":"purchasable","16":"product-type-variable"},"acf":[],"yoast_head":"<!-- This site is optimized with the Yoast SEO plugin v27.3 - https:\/\/yoast.com\/product\/yoast-seo-wordpress\/ -->\n<title>Kotwa spiralna \u230010 mm l Kotwa spiralna do sp\u0119ka\u0144 mur\u00f3w<\/title>\n<meta name=\"description\" content=\"Kotwa do sp\u0119ka\u0144 mur\u00f3w | Kotwa spiralna | Zwi\u0119kszenie no\u015bno\u015bci \u015bcian, s\u0142up\u00f3w, d\u017awigar\u00f3w, belek, p\u0142yt, fundament\u00f3w\" \/>\n<meta name=\"robots\" content=\"index, follow, max-snippet:-1, max-image-preview:large, max-video-preview:-1\" \/>\n<link rel=\"canonical\" href=\"https:\/\/www.pakery.pl\/pl\/produkt\/kotwa-spiralna-%e2%8c%8010-mm\/\" \/>\n<meta property=\"og:locale\" content=\"pl_PL\" \/>\n<meta property=\"og:type\" content=\"article\" \/>\n<meta property=\"og:title\" content=\"Kotwa spiralna \u230010 mm l Kotwa spiralna do sp\u0119ka\u0144 mur\u00f3w\" \/>\n<meta property=\"og:description\" content=\"Kotwa do sp\u0119ka\u0144 mur\u00f3w | Kotwa spiralna | Zwi\u0119kszenie no\u015bno\u015bci \u015bcian, s\u0142up\u00f3w, d\u017awigar\u00f3w, belek, p\u0142yt, fundament\u00f3w\" \/>\n<meta property=\"og:url\" content=\"https:\/\/www.pakery.pl\/pl\/produkt\/kotwa-spiralna-%e2%8c%8010-mm\/\" \/>\n<meta property=\"og:site_name\" content=\"PAKERY.PL\" \/>\n<meta property=\"article:modified_time\" content=\"2021-05-26T05:40:17+00:00\" \/>\n<meta property=\"og:image\" content=\"https:\/\/www.pakery.pl\/wp-content\/uploads\/2021\/05\/kotwy-zbiorcze-1024x1024.png\" \/>\n\t<meta property=\"og:image:width\" content=\"1024\" \/>\n\t<meta property=\"og:image:height\" content=\"1024\" \/>\n\t<meta property=\"og:image:type\" content=\"image\/png\" \/>\n<meta name=\"twitter:card\" content=\"summary_large_image\" \/>\n<meta name=\"twitter:label1\" content=\"Szacowany czas czytania\" \/>\n\t<meta name=\"twitter:data1\" content=\"1 minuta\" \/>\n<script type=\"application\/ld+json\" class=\"yoast-schema-graph\">{\"@context\":\"https:\\\/\\\/schema.org\",\"@graph\":[{\"@type\":\"WebPage\",\"@id\":\"https:\\\/\\\/www.pakery.pl\\\/pl\\\/produkt\\\/kotwa-spiralna-%e2%8c%8010-mm\\\/\",\"url\":\"https:\\\/\\\/www.pakery.pl\\\/pl\\\/produkt\\\/kotwa-spiralna-%e2%8c%8010-mm\\\/\",\"name\":\"Kotwa spiralna \u230010 mm l Kotwa spiralna do sp\u0119ka\u0144 mur\u00f3w\",\"isPartOf\":{\"@id\":\"https:\\\/\\\/www.pakery.pl\\\/pl\\\/#website\"},\"primaryImageOfPage\":{\"@id\":\"https:\\\/\\\/www.pakery.pl\\\/pl\\\/produkt\\\/kotwa-spiralna-%e2%8c%8010-mm\\\/#primaryimage\"},\"image\":{\"@id\":\"https:\\\/\\\/www.pakery.pl\\\/pl\\\/produkt\\\/kotwa-spiralna-%e2%8c%8010-mm\\\/#primaryimage\"},\"thumbnailUrl\":\"https:\\\/\\\/www.pakery.pl\\\/wp-content\\\/uploads\\\/2021\\\/05\\\/kotwy-zbiorcze.png\",\"datePublished\":\"2021-04-21T07:19:02+00:00\",\"dateModified\":\"2021-05-26T05:40:17+00:00\",\"description\":\"Kotwa do sp\u0119ka\u0144 mur\u00f3w | Kotwa spiralna | Zwi\u0119kszenie no\u015bno\u015bci \u015bcian, s\u0142up\u00f3w, d\u017awigar\u00f3w, belek, p\u0142yt, fundament\u00f3w\",\"breadcrumb\":{\"@id\":\"https:\\\/\\\/www.pakery.pl\\\/pl\\\/produkt\\\/kotwa-spiralna-%e2%8c%8010-mm\\\/#breadcrumb\"},\"inLanguage\":\"pl-PL\",\"potentialAction\":[{\"@type\":\"ReadAction\",\"target\":[\"https:\\\/\\\/www.pakery.pl\\\/pl\\\/produkt\\\/kotwa-spiralna-%e2%8c%8010-mm\\\/\"]}]},{\"@type\":\"ImageObject\",\"inLanguage\":\"pl-PL\",\"@id\":\"https:\\\/\\\/www.pakery.pl\\\/pl\\\/produkt\\\/kotwa-spiralna-%e2%8c%8010-mm\\\/#primaryimage\",\"url\":\"https:\\\/\\\/www.pakery.pl\\\/wp-content\\\/uploads\\\/2021\\\/05\\\/kotwy-zbiorcze.png\",\"contentUrl\":\"https:\\\/\\\/www.pakery.pl\\\/wp-content\\\/uploads\\\/2021\\\/05\\\/kotwy-zbiorcze.png\",\"width\":2500,\"height\":2500},{\"@type\":\"BreadcrumbList\",\"@id\":\"https:\\\/\\\/www.pakery.pl\\\/pl\\\/produkt\\\/kotwa-spiralna-%e2%8c%8010-mm\\\/#breadcrumb\",\"itemListElement\":[{\"@type\":\"ListItem\",\"position\":1,\"name\":\"Strona g\u0142\u00f3wna\",\"item\":\"https:\\\/\\\/www.pakery.pl\\\/pl\\\/\"},{\"@type\":\"ListItem\",\"position\":2,\"name\":\"Sklep\",\"item\":\"https:\\\/\\\/www.pakery.pl\\\/pl\\\/sklep\\\/\"},{\"@type\":\"ListItem\",\"position\":3,\"name\":\"Kotwa spiralna \u230010 mm\"}]},{\"@type\":\"WebSite\",\"@id\":\"https:\\\/\\\/www.pakery.pl\\\/pl\\\/#website\",\"url\":\"https:\\\/\\\/www.pakery.pl\\\/pl\\\/\",\"name\":\"Pakery.pl\",\"description\":\"Pakery iniekcyjne, Kotwy spiralne, Lance iniekcyjne, W\u0119\u017ce do iniekcji, Pompy iniekcyjne, Serwis pomp iniekcyjnych, Wynajem pomp do iniekcji\",\"publisher\":{\"@id\":\"https:\\\/\\\/www.pakery.pl\\\/pl\\\/#organization\"},\"potentialAction\":[{\"@type\":\"SearchAction\",\"target\":{\"@type\":\"EntryPoint\",\"urlTemplate\":\"https:\\\/\\\/www.pakery.pl\\\/pl\\\/?s={search_term_string}\"},\"query-input\":{\"@type\":\"PropertyValueSpecification\",\"valueRequired\":true,\"valueName\":\"search_term_string\"}}],\"inLanguage\":\"pl-PL\"},{\"@type\":\"Organization\",\"@id\":\"https:\\\/\\\/www.pakery.pl\\\/pl\\\/#organization\",\"name\":\"PAKERY.PL\",\"url\":\"https:\\\/\\\/www.pakery.pl\\\/pl\\\/\",\"logo\":{\"@type\":\"ImageObject\",\"inLanguage\":\"pl-PL\",\"@id\":\"https:\\\/\\\/www.pakery.pl\\\/pl\\\/#\\\/schema\\\/logo\\\/image\\\/\",\"url\":\"https:\\\/\\\/www.pakery.pl\\\/wp-content\\\/uploads\\\/2021\\\/04\\\/cropped-PAKERY-LOGO.png\",\"contentUrl\":\"https:\\\/\\\/www.pakery.pl\\\/wp-content\\\/uploads\\\/2021\\\/04\\\/cropped-PAKERY-LOGO.png\",\"width\":1529,\"height\":500,\"caption\":\"PAKERY.PL\"},\"image\":{\"@id\":\"https:\\\/\\\/www.pakery.pl\\\/pl\\\/#\\\/schema\\\/logo\\\/image\\\/\"}}]}<\/script>\n<!-- \/ Yoast SEO plugin. -->","yoast_head_json":{"title":"Kotwa spiralna \u230010 mm l Kotwa spiralna do sp\u0119ka\u0144 mur\u00f3w","description":"Kotwa do sp\u0119ka\u0144 mur\u00f3w | Kotwa spiralna | Zwi\u0119kszenie no\u015bno\u015bci \u015bcian, s\u0142up\u00f3w, d\u017awigar\u00f3w, belek, p\u0142yt, fundament\u00f3w","robots":{"index":"index","follow":"follow","max-snippet":"max-snippet:-1","max-image-preview":"max-image-preview:large","max-video-preview":"max-video-preview:-1"},"canonical":"https:\/\/www.pakery.pl\/pl\/produkt\/kotwa-spiralna-%e2%8c%8010-mm\/","og_locale":"pl_PL","og_type":"article","og_title":"Kotwa spiralna \u230010 mm l Kotwa spiralna do sp\u0119ka\u0144 mur\u00f3w","og_description":"Kotwa do sp\u0119ka\u0144 mur\u00f3w | Kotwa spiralna | Zwi\u0119kszenie no\u015bno\u015bci \u015bcian, s\u0142up\u00f3w, d\u017awigar\u00f3w, belek, p\u0142yt, fundament\u00f3w","og_url":"https:\/\/www.pakery.pl\/pl\/produkt\/kotwa-spiralna-%e2%8c%8010-mm\/","og_site_name":"PAKERY.PL","article_modified_time":"2021-05-26T05:40:17+00:00","og_image":[{"width":1024,"height":1024,"url":"https:\/\/www.pakery.pl\/wp-content\/uploads\/2021\/05\/kotwy-zbiorcze-1024x1024.png","type":"image\/png"}],"twitter_card":"summary_large_image","twitter_misc":{"Szacowany czas czytania":"1 minuta"},"schema":{"@context":"https:\/\/schema.org","@graph":[{"@type":"WebPage","@id":"https:\/\/www.pakery.pl\/pl\/produkt\/kotwa-spiralna-%e2%8c%8010-mm\/","url":"https:\/\/www.pakery.pl\/pl\/produkt\/kotwa-spiralna-%e2%8c%8010-mm\/","name":"Kotwa spiralna \u230010 mm l Kotwa spiralna do sp\u0119ka\u0144 mur\u00f3w","isPartOf":{"@id":"https:\/\/www.pakery.pl\/pl\/#website"},"primaryImageOfPage":{"@id":"https:\/\/www.pakery.pl\/pl\/produkt\/kotwa-spiralna-%e2%8c%8010-mm\/#primaryimage"},"image":{"@id":"https:\/\/www.pakery.pl\/pl\/produkt\/kotwa-spiralna-%e2%8c%8010-mm\/#primaryimage"},"thumbnailUrl":"https:\/\/www.pakery.pl\/wp-content\/uploads\/2021\/05\/kotwy-zbiorcze.png","datePublished":"2021-04-21T07:19:02+00:00","dateModified":"2021-05-26T05:40:17+00:00","description":"Kotwa do sp\u0119ka\u0144 mur\u00f3w | Kotwa spiralna | Zwi\u0119kszenie no\u015bno\u015bci \u015bcian, s\u0142up\u00f3w, d\u017awigar\u00f3w, belek, p\u0142yt, fundament\u00f3w","breadcrumb":{"@id":"https:\/\/www.pakery.pl\/pl\/produkt\/kotwa-spiralna-%e2%8c%8010-mm\/#breadcrumb"},"inLanguage":"pl-PL","potentialAction":[{"@type":"ReadAction","target":["https:\/\/www.pakery.pl\/pl\/produkt\/kotwa-spiralna-%e2%8c%8010-mm\/"]}]},{"@type":"ImageObject","inLanguage":"pl-PL","@id":"https:\/\/www.pakery.pl\/pl\/produkt\/kotwa-spiralna-%e2%8c%8010-mm\/#primaryimage","url":"https:\/\/www.pakery.pl\/wp-content\/uploads\/2021\/05\/kotwy-zbiorcze.png","contentUrl":"https:\/\/www.pakery.pl\/wp-content\/uploads\/2021\/05\/kotwy-zbiorcze.png","width":2500,"height":2500},{"@type":"BreadcrumbList","@id":"https:\/\/www.pakery.pl\/pl\/produkt\/kotwa-spiralna-%e2%8c%8010-mm\/#breadcrumb","itemListElement":[{"@type":"ListItem","position":1,"name":"Strona g\u0142\u00f3wna","item":"https:\/\/www.pakery.pl\/pl\/"},{"@type":"ListItem","position":2,"name":"Sklep","item":"https:\/\/www.pakery.pl\/pl\/sklep\/"},{"@type":"ListItem","position":3,"name":"Kotwa spiralna \u230010 mm"}]},{"@type":"WebSite","@id":"https:\/\/www.pakery.pl\/pl\/#website","url":"https:\/\/www.pakery.pl\/pl\/","name":"Pakery.pl","description":"Pakery iniekcyjne, Kotwy spiralne, Lance iniekcyjne, W\u0119\u017ce do iniekcji, Pompy iniekcyjne, Serwis pomp iniekcyjnych, Wynajem pomp do iniekcji","publisher":{"@id":"https:\/\/www.pakery.pl\/pl\/#organization"},"potentialAction":[{"@type":"SearchAction","target":{"@type":"EntryPoint","urlTemplate":"https:\/\/www.pakery.pl\/pl\/?s={search_term_string}"},"query-input":{"@type":"PropertyValueSpecification","valueRequired":true,"valueName":"search_term_string"}}],"inLanguage":"pl-PL"},{"@type":"Organization","@id":"https:\/\/www.pakery.pl\/pl\/#organization","name":"PAKERY.PL","url":"https:\/\/www.pakery.pl\/pl\/","logo":{"@type":"ImageObject","inLanguage":"pl-PL","@id":"https:\/\/www.pakery.pl\/pl\/#\/schema\/logo\/image\/","url":"https:\/\/www.pakery.pl\/wp-content\/uploads\/2021\/04\/cropped-PAKERY-LOGO.png","contentUrl":"https:\/\/www.pakery.pl\/wp-content\/uploads\/2021\/04\/cropped-PAKERY-LOGO.png","width":1529,"height":500,"caption":"PAKERY.PL"},"image":{"@id":"https:\/\/www.pakery.pl\/pl\/#\/schema\/logo\/image\/"}}]}},"_links":{"self":[{"href":"https:\/\/www.pakery.pl\/pl\/wp-json\/wp\/v2\/product\/1871","targetHints":{"allow":["GET"]}}],"collection":[{"href":"https:\/\/www.pakery.pl\/pl\/wp-json\/wp\/v2\/product"}],"about":[{"href":"https:\/\/www.pakery.pl\/pl\/wp-json\/wp\/v2\/types\/product"}],"version-history":[{"count":5,"href":"https:\/\/www.pakery.pl\/pl\/wp-json\/wp\/v2\/product\/1871\/revisions"}],"predecessor-version":[{"id":3292,"href":"https:\/\/www.pakery.pl\/pl\/wp-json\/wp\/v2\/product\/1871\/revisions\/3292"}],"wp:featuredmedia":[{"embeddable":true,"href":"https:\/\/www.pakery.pl\/pl\/wp-json\/wp\/v2\/media\/3446"}],"wp:attachment":[{"href":"https:\/\/www.pakery.pl\/pl\/wp-json\/wp\/v2\/media?parent=1871"}],"wp:term":[{"taxonomy":"product_brand","embeddable":true,"href":"https:\/\/www.pakery.pl\/pl\/wp-json\/wp\/v2\/product_brand?post=1871"},{"taxonomy":"product_cat","embeddable":true,"href":"https:\/\/www.pakery.pl\/pl\/wp-json\/wp\/v2\/product_cat?post=1871"},{"taxonomy":"product_tag","embeddable":true,"href":"https:\/\/www.pakery.pl\/pl\/wp-json\/wp\/v2\/product_tag?post=1871"}],"curies":[{"name":"wp","href":"https:\/\/api.w.org\/{rel}","templated":true}]}}