{"id":1836,"date":"2021-04-21T07:53:35","date_gmt":"2021-04-21T05:53:35","guid":{"rendered":"https:\/\/www.pakery.pl\/?post_type=product&#038;p=1836"},"modified":"2022-06-08T09:33:48","modified_gmt":"2022-06-08T07:33:48","slug":"pi-sph-12-110","status":"publish","type":"product","link":"https:\/\/www.pakery.pl\/pl\/produkt\/pi-sph-12-110\/","title":{"rendered":"Paker do iniekcji PI-SPH 12\/110"},"content":{"rendered":"\t\t<div data-elementor-type=\"product-post\" data-elementor-id=\"1836\" class=\"elementor elementor-1836\" data-elementor-post-type=\"product\">\n\t\t\t\t\t\t<section class=\"elementor-section elementor-top-section elementor-element elementor-element-3d3a6f9b elementor-section-full_width elementor-section-height-default elementor-section-height-default\" data-id=\"3d3a6f9b\" data-element_type=\"section\" data-e-type=\"section\">\n\t\t\t\t\t\t<div class=\"elementor-container elementor-column-gap-default\">\n\t\t\t\t\t<div class=\"elementor-column elementor-col-100 elementor-top-column elementor-element elementor-element-16b52f81\" data-id=\"16b52f81\" data-element_type=\"column\" data-e-type=\"column\">\n\t\t\t<div class=\"elementor-widget-wrap elementor-element-populated\">\n\t\t\t\t\t\t<div class=\"elementor-element elementor-element-99c4310 elementor-widget elementor-widget-text-editor\" data-id=\"99c4310\" data-element_type=\"widget\" data-e-type=\"widget\" data-widget_type=\"text-editor.default\">\n\t\t\t\t<div class=\"elementor-widget-container\">\n\t\t\t\t\t\t\t\t\t<div><div><p><span style=\"color: #000000;\">Iniektor\u00a0\u00d812 Hammpack jest prawdopodobnie pierwszym pakerem na\u00a0\u00d812 dok\u0142adnie wyskalowanym <strong>pod otw\u00f3r iniekcyjny \u00d812. <\/strong>Zapewnia wzorow\u0105 szczelno\u015b\u0107 w ka\u017cdym zakresie iniekcji.<\/span><\/p><p><span style=\"color: #000000;\">\u00a0<\/span><\/p><p><span style=\"color: #808080;\"><strong><em>Zarejestruj si\u0119 by zobaczy\u0107 nasz konfigurator paker\u00f3w. Wybierz sw\u00f3j typ kalamitki.<\/em><\/strong><\/span><\/p><p><span style=\"color: #808080;\"><strong><em>\u00a0<\/em><\/strong><\/span><\/p><p><strong><span style=\"color: #000000;\">ZALETY PAKER\u00d3W HAMMPACK<\/span><\/strong><\/p><ul><li><span style=\"color: #000000;\">zwi\u0119kszenie efektywno\u015bci kotwienia pakera w otworze, poprzez dostosowanie \u015brednic i wybrzusze\u0144 na g\u00f3rnej cz\u0119\u015bci gumy rozporowej, u\u0142atwia to z\u0142apanie przyczepno\u015bci i poprawne kotwienie (pozwala to na znacz\u0105ce przyspieszenie instalacji pakera, oraz zwi\u0119kszenie szczelno\u015bci)<\/span><\/li><li><span style=\"color: #000000;\">zwi\u0119kszona wytrzyma\u0142o\u015b\u0107 i powtarzalno\u015b\u0107 gum rozporowych, dostosowanie mieszanki gumy i\u00a0procesu stygni\u0119cia (poprzez kontrol\u0119 temperatury), uodpornia iniektor na zrywanie gumy, oraz wypadanie gumy poza obr\u0119b podk\u0142adek.<\/span><\/li><\/ul><\/div><\/div><div><div><div><h2>\u00a0<\/h2><h2>\u00a0<\/h2><h2><span style=\"color: #000000;\"><img fetchpriority=\"high\" decoding=\"async\" src=\"https:\/\/www.pakery.pl\/wp-content\/uploads\/2021\/05\/baner-sph-12.png\" alt=\"\" width=\"1800\" height=\"300\" \/><\/span><\/h2><h2>\u00a0<\/h2><\/div><\/div><\/div><div><div><div><ul><li style=\"list-style-type: none;\">\u00a0<\/li><\/ul><\/div><\/div><\/div>\t\t\t\t\t\t\t\t<\/div>\n\t\t\t\t<\/div>\n\t\t\t\t\t<\/div>\n\t\t<\/div>\n\t\t\t\t\t<\/div>\n\t\t<\/section>\n\t\t\t\t<section class=\"elementor-section elementor-top-section elementor-element elementor-element-184e157 elementor-section-full_width elementor-section-height-default elementor-section-height-default\" data-id=\"184e157\" data-element_type=\"section\" data-e-type=\"section\">\n\t\t\t\t\t\t<div class=\"elementor-container elementor-column-gap-default\">\n\t\t\t\t\t<div class=\"elementor-column elementor-col-100 elementor-top-column elementor-element elementor-element-8a8932a\" data-id=\"8a8932a\" data-element_type=\"column\" data-e-type=\"column\">\n\t\t\t<div class=\"elementor-widget-wrap elementor-element-populated\">\n\t\t\t\t\t\t<section class=\"elementor-section elementor-inner-section elementor-element elementor-element-b1d7e0f elementor-section-full_width elementor-section-height-default elementor-section-height-default\" data-id=\"b1d7e0f\" data-element_type=\"section\" data-e-type=\"section\">\n\t\t\t\t\t\t<div class=\"elementor-container elementor-column-gap-default\">\n\t\t\t\t\t<div class=\"elementor-column elementor-col-50 elementor-inner-column elementor-element elementor-element-d152f47\" data-id=\"d152f47\" data-element_type=\"column\" data-e-type=\"column\">\n\t\t\t<div class=\"elementor-widget-wrap elementor-element-populated\">\n\t\t\t\t\t\t<div class=\"elementor-element elementor-element-5dbcc60 elementor-widget elementor-widget-text-editor\" data-id=\"5dbcc60\" data-element_type=\"widget\" data-e-type=\"widget\" data-widget_type=\"text-editor.default\">\n\t\t\t\t<div class=\"elementor-widget-container\">\n\t\t\t\t\t\t\t\t\t<p style=\"font-family: Montserrat, sans-serif; color: #7a7a7a;\"><strong><span style=\"color: #000000;\">ZASTOSOWANIE<\/span><\/strong><\/p><ul><li><span style=\"color: #000000;\">\u017bywice iniekcyjne poliuretanowe \/ poliuretanowe spienialne<\/span><\/li><li><span style=\"color: #000000;\">\u017bywice epoksydowe<\/span><\/li><li><span style=\"color: #000000;\">Krzemiany<\/span><\/li><li><span style=\"color: #000000;\">Dyspersje wodne<\/span><\/li><li><span style=\"color: #000000;\">\u017bele akrylowe<\/span><\/li><li><span style=\"color: #000000;\">Suspensje cementowe do ziarnisto\u015bci 0,5 mm<\/span><\/li><\/ul><div>\u00a0<\/div><p style=\"font-family: Montserrat, sans-serif; color: #7a7a7a;\"><span style=\"color: #000000;\"><span style=\"font-weight: bold;\"><br \/><\/span><strong>PARAMETRY TECHNICZNE<\/strong><\/span><\/p><ul><li><span style=\"color: #000000;\">materia\u0142: <strong>stal<\/strong><\/span><\/li><li><strong><span style=\"color: #000000;\">\u015brednica otworu iniekcyjnego: \u00d812<\/span><\/strong><\/li><li><span style=\"color: #000000;\">d\u0142ugo\u015b\u0107: 110 mm<\/span><\/li><li><span style=\"color: #000000;\">d\u0142ugo\u015b\u0107 uszczelnienia: 37 mm<\/span><\/li><li><span style=\"color: #000000;\">pod klucz: 10 mm<\/span><\/li><li><span style=\"color: #000000;\">pojedyncze uszczelnienie<\/span><\/li><li><span style=\"color: #000000;\">najwy\u017csza szczelno\u015b\u0107<\/span><\/li><li><span style=\"color: #000000;\">Kalamitka SWG, PRE, FWG, FPRE<\/span><\/li><\/ul>\t\t\t\t\t\t\t\t<\/div>\n\t\t\t\t<\/div>\n\t\t\t\t\t<\/div>\n\t\t<\/div>\n\t\t\t\t<div class=\"elementor-column elementor-col-50 elementor-inner-column elementor-element elementor-element-a21a1ed\" data-id=\"a21a1ed\" data-element_type=\"column\" data-e-type=\"column\">\n\t\t\t<div class=\"elementor-widget-wrap elementor-element-populated\">\n\t\t\t\t\t\t<div class=\"elementor-element elementor-element-67df438 elementor-widget elementor-widget-image\" data-id=\"67df438\" data-element_type=\"widget\" data-e-type=\"widget\" data-widget_type=\"image.default\">\n\t\t\t\t<div class=\"elementor-widget-container\">\n\t\t\t\t\t\t\t\t\t\t\t\t\t\t\t<img decoding=\"async\" width=\"800\" height=\"600\" src=\"https:\/\/www.pakery.pl\/wp-content\/uploads\/2021\/05\/PI-SPH-14-110pre.gif\" class=\"attachment-large size-large wp-image-2644\" alt=\"\" \/>\t\t\t\t\t\t\t\t\t\t\t\t\t\t\t<\/div>\n\t\t\t\t<\/div>\n\t\t\t\t\t<\/div>\n\t\t<\/div>\n\t\t\t\t\t<\/div>\n\t\t<\/section>\n\t\t\t\t\t<\/div>\n\t\t<\/div>\n\t\t\t\t\t<\/div>\n\t\t<\/section>\n\t\t\t\t<section class=\"elementor-section elementor-top-section elementor-element elementor-element-3b57dbf elementor-section-full_width elementor-section-height-default elementor-section-height-default\" data-id=\"3b57dbf\" data-element_type=\"section\" data-e-type=\"section\">\n\t\t\t\t\t\t<div class=\"elementor-container elementor-column-gap-default\">\n\t\t\t\t\t<div class=\"elementor-column elementor-col-100 elementor-top-column elementor-element elementor-element-5d50d08\" data-id=\"5d50d08\" data-element_type=\"column\" data-e-type=\"column\">\n\t\t\t<div class=\"elementor-widget-wrap elementor-element-populated\">\n\t\t\t\t\t\t<section class=\"elementor-section elementor-inner-section elementor-element elementor-element-27d7c90 elementor-section-full_width elementor-section-height-default elementor-section-height-default\" data-id=\"27d7c90\" data-element_type=\"section\" data-e-type=\"section\">\n\t\t\t\t\t\t<div class=\"elementor-container elementor-column-gap-default\">\n\t\t\t\t\t<div class=\"elementor-column elementor-col-100 elementor-inner-column elementor-element elementor-element-1e4b6b7\" data-id=\"1e4b6b7\" data-element_type=\"column\" data-e-type=\"column\">\n\t\t\t<div class=\"elementor-widget-wrap elementor-element-populated\">\n\t\t\t\t\t\t<div class=\"elementor-element elementor-element-ce032b2 elementor-widget elementor-widget-text-editor\" data-id=\"ce032b2\" data-element_type=\"widget\" data-e-type=\"widget\" data-widget_type=\"text-editor.default\">\n\t\t\t\t<div class=\"elementor-widget-container\">\n\t\t\t\t\t\t\t\t\t<p><span style=\"color: #000000;\"><strong>Specjalistyczne kalamitki HAMMPACK<\/strong>\u00a0&#8211; \u00a0s\u0105 specjalistycznymi zaworami zdolnymi utrzyma\u0107 i poda\u0107 iniekt bez najmniejszych strat w materiale (niezale\u017cnie czy jest to bardzo niskiej lepko\u015bci \u017cywica iniekcyjna, czy \u017cel akrylowy. czy te\u017c mocno spienialna \u017cywica poliuretanowa). Wzorowo utrzymuj\u0105 ci\u015bnienia wsteczne. Jednym s\u0142owem nie ciekn\u0105.<\/span><\/p><p><span style=\"color: #000000;\"><strong>Kalamitki typu PRE, FPRE\u00a0&#8211;<\/strong> gwinty kalamitek preaplikowane pow\u0142okowo, pozwalaj\u0105 one na dokr\u0119cenie kalamitki po wyp\u0142yni\u0119ciu \u017cywicy z pakera, w celu odpowietrzenia i kontroli iniekcji. Warstwa preaplikatu natychmiastowo uszczelnia po\u0142\u0105czenie gwintowe, gotowe do dalszego iniektowania. Ten typ kalamitki jest dostarczany w wersji nie dokr\u0119conej do iniektora.<\/span><\/p><p style=\"box-sizing: border-box; outline: none !important; margin-top: 0px; margin-bottom: 1rem;\"><span style=\"box-sizing: border-box; outline: none !important; color: #000000;\"><strong style=\"box-sizing: border-box; outline: none !important; font-weight: bolder;\">Kalamitki SWG i PRE<\/strong>\u00a0&#8211; to kalamitki dokr\u0119cone mechanicznie do pakera iniekcyjnego, wraz z warstw\u0105 kleju anaerobowego. To po\u0142\u0105czenie zapewnia wzorow\u0105 szczelno\u015b\u0107 po\u0142\u0105czenia gwintowego.<\/span><\/p>\t\t\t\t\t\t\t\t<\/div>\n\t\t\t\t<\/div>\n\t\t\t\t\t<\/div>\n\t\t<\/div>\n\t\t\t\t\t<\/div>\n\t\t<\/section>\n\t\t\t\t\t<\/div>\n\t\t<\/div>\n\t\t\t\t\t<\/div>\n\t\t<\/section>\n\t\t\t\t<\/div>\n\t\t","protected":false},"excerpt":{"rendered":"<p>Iniektor\u00a0\u00d812 Hammpack jest prawdopodobnie pierwszym pakerem na\u00a0\u00d812 dok\u0142adnie wyskalowanym pod otw\u00f3r iniekcyjny \u00d812. Zapewnia wzorow\u0105 szczelno\u015b\u0107 w ka\u017cdym zakresie iniekcji. Zarejestruj si\u0119 by zobaczy\u0107 nasz konfigurator paker\u00f3w. Wybierz sw\u00f3j typ kalamitki. \u00a0 ZALETY PAKER\u00d3W HAMMPACK zwi\u0119kszenie efektywno\u015bci kotwienia pakera w otworze, poprzez dostosowanie \u015brednic i wybrzusze\u0144 na g\u00f3rnej cz\u0119\u015bci gumy rozporowej, u\u0142atwia to z\u0142apanie przyczepno\u015bci [&hellip;]<\/p>\n","protected":false},"featured_media":2790,"template":"","meta":{"_acf_changed":false},"product_brand":[],"product_cat":[42,27],"product_tag":[],"class_list":{"0":"post-1836","1":"product","2":"type-product","3":"status-publish","4":"has-post-thumbnail","6":"product_cat-pakery-iniekcyjne-hammpack","7":"product_cat-pakery-iniekcyjne-pakery-do-iniekcji","8":"pa_rodzaj-kalamitki-fpre","9":"pa_rodzaj-kalamitki-fwg","10":"pa_rodzaj-kalamitki-pre","11":"pa_rodzaj-kalamitki-swg","13":"first","14":"instock","15":"taxable","16":"shipping-taxable","17":"purchasable","18":"product-type-variable","19":"has-default-attributes"},"acf":[],"yoast_head":"<!-- This site is optimized with the Yoast SEO plugin v27.3 - https:\/\/yoast.com\/product\/yoast-seo-wordpress\/ -->\n<title>Paker do iniekcji | Pakery iniekcyjne PI-SPH 12\/110 - PAKERY.PL<\/title>\n<meta name=\"description\" content=\"Najwy\u017cszej jako\u015bci paker iniekcyjny. Pakery do iniekcji Hammpack gwarantuj\u0105 wzorow\u0105 szczelno\u015b\u0107. Wybierz sw\u00f3j rodzaj kalamitki !\" \/>\n<meta name=\"robots\" content=\"index, follow, max-snippet:-1, max-image-preview:large, max-video-preview:-1\" \/>\n<link rel=\"canonical\" href=\"https:\/\/www.pakery.pl\/pl\/produkt\/pi-sph-12-110\/\" \/>\n<meta property=\"og:locale\" content=\"pl_PL\" \/>\n<meta property=\"og:type\" content=\"article\" \/>\n<meta property=\"og:title\" content=\"Paker do iniekcji | Pakery iniekcyjne PI-SPH 12\/110 - PAKERY.PL\" \/>\n<meta property=\"og:description\" content=\"Najwy\u017cszej jako\u015bci paker iniekcyjny. Pakery do iniekcji Hammpack gwarantuj\u0105 wzorow\u0105 szczelno\u015b\u0107. Wybierz sw\u00f3j rodzaj kalamitki !\" \/>\n<meta property=\"og:url\" content=\"https:\/\/www.pakery.pl\/pl\/produkt\/pi-sph-12-110\/\" \/>\n<meta property=\"og:site_name\" content=\"PAKERY.PL\" \/>\n<meta property=\"article:modified_time\" content=\"2022-06-08T07:33:48+00:00\" \/>\n<meta property=\"og:image\" content=\"https:\/\/www.pakery.pl\/wp-content\/uploads\/2021\/04\/foto-12-SPH--1024x1024.png\" \/>\n\t<meta property=\"og:image:width\" content=\"1024\" \/>\n\t<meta property=\"og:image:height\" content=\"1024\" \/>\n\t<meta property=\"og:image:type\" content=\"image\/png\" \/>\n<meta name=\"twitter:card\" content=\"summary_large_image\" \/>\n<meta name=\"twitter:label1\" content=\"Szacowany czas czytania\" \/>\n\t<meta name=\"twitter:data1\" content=\"2 minuty\" \/>\n<script type=\"application\/ld+json\" class=\"yoast-schema-graph\">{\"@context\":\"https:\\\/\\\/schema.org\",\"@graph\":[{\"@type\":\"WebPage\",\"@id\":\"https:\\\/\\\/www.pakery.pl\\\/pl\\\/produkt\\\/pi-sph-12-110\\\/\",\"url\":\"https:\\\/\\\/www.pakery.pl\\\/pl\\\/produkt\\\/pi-sph-12-110\\\/\",\"name\":\"Paker do iniekcji | Pakery iniekcyjne PI-SPH 12\\\/110 - PAKERY.PL\",\"isPartOf\":{\"@id\":\"https:\\\/\\\/www.pakery.pl\\\/pl\\\/#website\"},\"primaryImageOfPage\":{\"@id\":\"https:\\\/\\\/www.pakery.pl\\\/pl\\\/produkt\\\/pi-sph-12-110\\\/#primaryimage\"},\"image\":{\"@id\":\"https:\\\/\\\/www.pakery.pl\\\/pl\\\/produkt\\\/pi-sph-12-110\\\/#primaryimage\"},\"thumbnailUrl\":\"https:\\\/\\\/www.pakery.pl\\\/wp-content\\\/uploads\\\/2021\\\/04\\\/foto-12-SPH-.png\",\"datePublished\":\"2021-04-21T05:53:35+00:00\",\"dateModified\":\"2022-06-08T07:33:48+00:00\",\"description\":\"Najwy\u017cszej jako\u015bci paker iniekcyjny. Pakery do iniekcji Hammpack gwarantuj\u0105 wzorow\u0105 szczelno\u015b\u0107. Wybierz sw\u00f3j rodzaj kalamitki !\",\"breadcrumb\":{\"@id\":\"https:\\\/\\\/www.pakery.pl\\\/pl\\\/produkt\\\/pi-sph-12-110\\\/#breadcrumb\"},\"inLanguage\":\"pl-PL\",\"potentialAction\":[{\"@type\":\"ReadAction\",\"target\":[\"https:\\\/\\\/www.pakery.pl\\\/pl\\\/produkt\\\/pi-sph-12-110\\\/\"]}]},{\"@type\":\"ImageObject\",\"inLanguage\":\"pl-PL\",\"@id\":\"https:\\\/\\\/www.pakery.pl\\\/pl\\\/produkt\\\/pi-sph-12-110\\\/#primaryimage\",\"url\":\"https:\\\/\\\/www.pakery.pl\\\/wp-content\\\/uploads\\\/2021\\\/04\\\/foto-12-SPH-.png\",\"contentUrl\":\"https:\\\/\\\/www.pakery.pl\\\/wp-content\\\/uploads\\\/2021\\\/04\\\/foto-12-SPH-.png\",\"width\":2500,\"height\":2500,\"caption\":\"paker do iniekcji paker iniekcyjny pakery do iniekcji pakery iniekcyjne\"},{\"@type\":\"BreadcrumbList\",\"@id\":\"https:\\\/\\\/www.pakery.pl\\\/pl\\\/produkt\\\/pi-sph-12-110\\\/#breadcrumb\",\"itemListElement\":[{\"@type\":\"ListItem\",\"position\":1,\"name\":\"Strona g\u0142\u00f3wna\",\"item\":\"https:\\\/\\\/www.pakery.pl\\\/pl\\\/\"},{\"@type\":\"ListItem\",\"position\":2,\"name\":\"Sklep\",\"item\":\"https:\\\/\\\/www.pakery.pl\\\/pl\\\/sklep\\\/\"},{\"@type\":\"ListItem\",\"position\":3,\"name\":\"Paker do iniekcji PI-SPH 12\\\/110\"}]},{\"@type\":\"WebSite\",\"@id\":\"https:\\\/\\\/www.pakery.pl\\\/pl\\\/#website\",\"url\":\"https:\\\/\\\/www.pakery.pl\\\/pl\\\/\",\"name\":\"Pakery.pl\",\"description\":\"Pakery iniekcyjne, Kotwy spiralne, Lance iniekcyjne, W\u0119\u017ce do iniekcji, Pompy iniekcyjne, Serwis pomp iniekcyjnych, Wynajem pomp do iniekcji\",\"publisher\":{\"@id\":\"https:\\\/\\\/www.pakery.pl\\\/pl\\\/#organization\"},\"potentialAction\":[{\"@type\":\"SearchAction\",\"target\":{\"@type\":\"EntryPoint\",\"urlTemplate\":\"https:\\\/\\\/www.pakery.pl\\\/pl\\\/?s={search_term_string}\"},\"query-input\":{\"@type\":\"PropertyValueSpecification\",\"valueRequired\":true,\"valueName\":\"search_term_string\"}}],\"inLanguage\":\"pl-PL\"},{\"@type\":\"Organization\",\"@id\":\"https:\\\/\\\/www.pakery.pl\\\/pl\\\/#organization\",\"name\":\"PAKERY.PL\",\"url\":\"https:\\\/\\\/www.pakery.pl\\\/pl\\\/\",\"logo\":{\"@type\":\"ImageObject\",\"inLanguage\":\"pl-PL\",\"@id\":\"https:\\\/\\\/www.pakery.pl\\\/pl\\\/#\\\/schema\\\/logo\\\/image\\\/\",\"url\":\"https:\\\/\\\/www.pakery.pl\\\/wp-content\\\/uploads\\\/2021\\\/04\\\/cropped-PAKERY-LOGO.png\",\"contentUrl\":\"https:\\\/\\\/www.pakery.pl\\\/wp-content\\\/uploads\\\/2021\\\/04\\\/cropped-PAKERY-LOGO.png\",\"width\":1529,\"height\":500,\"caption\":\"PAKERY.PL\"},\"image\":{\"@id\":\"https:\\\/\\\/www.pakery.pl\\\/pl\\\/#\\\/schema\\\/logo\\\/image\\\/\"}}]}<\/script>\n<!-- \/ Yoast SEO plugin. -->","yoast_head_json":{"title":"Paker do iniekcji | Pakery iniekcyjne PI-SPH 12\/110 - PAKERY.PL","description":"Najwy\u017cszej jako\u015bci paker iniekcyjny. Pakery do iniekcji Hammpack gwarantuj\u0105 wzorow\u0105 szczelno\u015b\u0107. Wybierz sw\u00f3j rodzaj kalamitki !","robots":{"index":"index","follow":"follow","max-snippet":"max-snippet:-1","max-image-preview":"max-image-preview:large","max-video-preview":"max-video-preview:-1"},"canonical":"https:\/\/www.pakery.pl\/pl\/produkt\/pi-sph-12-110\/","og_locale":"pl_PL","og_type":"article","og_title":"Paker do iniekcji | Pakery iniekcyjne PI-SPH 12\/110 - PAKERY.PL","og_description":"Najwy\u017cszej jako\u015bci paker iniekcyjny. Pakery do iniekcji Hammpack gwarantuj\u0105 wzorow\u0105 szczelno\u015b\u0107. Wybierz sw\u00f3j rodzaj kalamitki !","og_url":"https:\/\/www.pakery.pl\/pl\/produkt\/pi-sph-12-110\/","og_site_name":"PAKERY.PL","article_modified_time":"2022-06-08T07:33:48+00:00","og_image":[{"width":1024,"height":1024,"url":"https:\/\/www.pakery.pl\/wp-content\/uploads\/2021\/04\/foto-12-SPH--1024x1024.png","type":"image\/png"}],"twitter_card":"summary_large_image","twitter_misc":{"Szacowany czas czytania":"2 minuty"},"schema":{"@context":"https:\/\/schema.org","@graph":[{"@type":"WebPage","@id":"https:\/\/www.pakery.pl\/pl\/produkt\/pi-sph-12-110\/","url":"https:\/\/www.pakery.pl\/pl\/produkt\/pi-sph-12-110\/","name":"Paker do iniekcji | Pakery iniekcyjne PI-SPH 12\/110 - PAKERY.PL","isPartOf":{"@id":"https:\/\/www.pakery.pl\/pl\/#website"},"primaryImageOfPage":{"@id":"https:\/\/www.pakery.pl\/pl\/produkt\/pi-sph-12-110\/#primaryimage"},"image":{"@id":"https:\/\/www.pakery.pl\/pl\/produkt\/pi-sph-12-110\/#primaryimage"},"thumbnailUrl":"https:\/\/www.pakery.pl\/wp-content\/uploads\/2021\/04\/foto-12-SPH-.png","datePublished":"2021-04-21T05:53:35+00:00","dateModified":"2022-06-08T07:33:48+00:00","description":"Najwy\u017cszej jako\u015bci paker iniekcyjny. Pakery do iniekcji Hammpack gwarantuj\u0105 wzorow\u0105 szczelno\u015b\u0107. Wybierz sw\u00f3j rodzaj kalamitki !","breadcrumb":{"@id":"https:\/\/www.pakery.pl\/pl\/produkt\/pi-sph-12-110\/#breadcrumb"},"inLanguage":"pl-PL","potentialAction":[{"@type":"ReadAction","target":["https:\/\/www.pakery.pl\/pl\/produkt\/pi-sph-12-110\/"]}]},{"@type":"ImageObject","inLanguage":"pl-PL","@id":"https:\/\/www.pakery.pl\/pl\/produkt\/pi-sph-12-110\/#primaryimage","url":"https:\/\/www.pakery.pl\/wp-content\/uploads\/2021\/04\/foto-12-SPH-.png","contentUrl":"https:\/\/www.pakery.pl\/wp-content\/uploads\/2021\/04\/foto-12-SPH-.png","width":2500,"height":2500,"caption":"paker do iniekcji paker iniekcyjny pakery do iniekcji pakery iniekcyjne"},{"@type":"BreadcrumbList","@id":"https:\/\/www.pakery.pl\/pl\/produkt\/pi-sph-12-110\/#breadcrumb","itemListElement":[{"@type":"ListItem","position":1,"name":"Strona g\u0142\u00f3wna","item":"https:\/\/www.pakery.pl\/pl\/"},{"@type":"ListItem","position":2,"name":"Sklep","item":"https:\/\/www.pakery.pl\/pl\/sklep\/"},{"@type":"ListItem","position":3,"name":"Paker do iniekcji PI-SPH 12\/110"}]},{"@type":"WebSite","@id":"https:\/\/www.pakery.pl\/pl\/#website","url":"https:\/\/www.pakery.pl\/pl\/","name":"Pakery.pl","description":"Pakery iniekcyjne, Kotwy spiralne, Lance iniekcyjne, W\u0119\u017ce do iniekcji, Pompy iniekcyjne, Serwis pomp iniekcyjnych, Wynajem pomp do iniekcji","publisher":{"@id":"https:\/\/www.pakery.pl\/pl\/#organization"},"potentialAction":[{"@type":"SearchAction","target":{"@type":"EntryPoint","urlTemplate":"https:\/\/www.pakery.pl\/pl\/?s={search_term_string}"},"query-input":{"@type":"PropertyValueSpecification","valueRequired":true,"valueName":"search_term_string"}}],"inLanguage":"pl-PL"},{"@type":"Organization","@id":"https:\/\/www.pakery.pl\/pl\/#organization","name":"PAKERY.PL","url":"https:\/\/www.pakery.pl\/pl\/","logo":{"@type":"ImageObject","inLanguage":"pl-PL","@id":"https:\/\/www.pakery.pl\/pl\/#\/schema\/logo\/image\/","url":"https:\/\/www.pakery.pl\/wp-content\/uploads\/2021\/04\/cropped-PAKERY-LOGO.png","contentUrl":"https:\/\/www.pakery.pl\/wp-content\/uploads\/2021\/04\/cropped-PAKERY-LOGO.png","width":1529,"height":500,"caption":"PAKERY.PL"},"image":{"@id":"https:\/\/www.pakery.pl\/pl\/#\/schema\/logo\/image\/"}}]}},"_links":{"self":[{"href":"https:\/\/www.pakery.pl\/pl\/wp-json\/wp\/v2\/product\/1836","targetHints":{"allow":["GET"]}}],"collection":[{"href":"https:\/\/www.pakery.pl\/pl\/wp-json\/wp\/v2\/product"}],"about":[{"href":"https:\/\/www.pakery.pl\/pl\/wp-json\/wp\/v2\/types\/product"}],"version-history":[{"count":5,"href":"https:\/\/www.pakery.pl\/pl\/wp-json\/wp\/v2\/product\/1836\/revisions"}],"predecessor-version":[{"id":40574,"href":"https:\/\/www.pakery.pl\/pl\/wp-json\/wp\/v2\/product\/1836\/revisions\/40574"}],"wp:featuredmedia":[{"embeddable":true,"href":"https:\/\/www.pakery.pl\/pl\/wp-json\/wp\/v2\/media\/2790"}],"wp:attachment":[{"href":"https:\/\/www.pakery.pl\/pl\/wp-json\/wp\/v2\/media?parent=1836"}],"wp:term":[{"taxonomy":"product_brand","embeddable":true,"href":"https:\/\/www.pakery.pl\/pl\/wp-json\/wp\/v2\/product_brand?post=1836"},{"taxonomy":"product_cat","embeddable":true,"href":"https:\/\/www.pakery.pl\/pl\/wp-json\/wp\/v2\/product_cat?post=1836"},{"taxonomy":"product_tag","embeddable":true,"href":"https:\/\/www.pakery.pl\/pl\/wp-json\/wp\/v2\/product_tag?post=1836"}],"curies":[{"name":"wp","href":"https:\/\/api.w.org\/{rel}","templated":true}]}}