{"id":49909,"date":"2021-04-21T08:24:26","date_gmt":"2025-05-19T09:41:08","guid":{"rendered":"https:\/\/www.pakery.pl\/produkt\/injeksjonspakker-pi-sd-16-130swg\/"},"modified":"2025-05-19T14:47:56","modified_gmt":"2025-05-19T12:47:56","slug":"pi-sd-16-130swg","status":"publish","type":"product","link":"https:\/\/www.pakery.pl\/no\/produkt\/pi-sd-16-130swg\/","title":{"rendered":"Injeksjonspakker PI-SD 16\/130swg"},"content":{"rendered":"\t\t<div data-elementor-type=\"product-post\" data-elementor-id=\"49909\" class=\"elementor elementor-49909 elementor-1853\" data-elementor-post-type=\"product\">\n\t\t\t\t\t\t<section class=\"elementor-section elementor-top-section elementor-element elementor-element-1481f75 elementor-section-full_width elementor-section-height-default elementor-section-height-default\" data-id=\"1481f75\" data-element_type=\"section\" data-e-type=\"section\">\n\t\t\t\t\t\t<div class=\"elementor-container elementor-column-gap-default\">\n\t\t\t\t\t<div class=\"elementor-column elementor-col-100 elementor-top-column elementor-element elementor-element-65201ef\" data-id=\"65201ef\" data-element_type=\"column\" data-e-type=\"column\">\n\t\t\t<div class=\"elementor-widget-wrap elementor-element-populated\">\n\t\t\t\t\t\t<div class=\"elementor-element elementor-element-5786eed elementor-widget elementor-widget-text-editor\" data-id=\"5786eed\" data-element_type=\"widget\" data-e-type=\"widget\" data-widget_type=\"text-editor.default\">\n\t\t\t\t<div class=\"elementor-widget-container\">\n\t\t\t\t\t\t\t\t\t<p><span style=\"color: #000000;\">Injeksjonspakker med ikke-standard st\u00f8rrelse p\u00e5 injeksjonshull <b><i>\u00d816 mm.<\/i><\/b><\/span><\/p>\n\t\t\t\t\t\t\t\t<\/div>\n\t\t\t\t<\/div>\n\t\t\t\t\t<\/div>\n\t\t<\/div>\n\t\t\t\t\t<\/div>\n\t\t<\/section>\n\t\t\t\t<\/div>\n\t\t","protected":false},"excerpt":{"rendered":"<p>Injeksjonspakker med ikke-standard st\u00f8rrelse p\u00e5 injeksjonshull \u00d816 mm.<\/p>\n","protected":false},"featured_media":45152,"template":"","meta":{"_acf_changed":false},"product_brand":[],"product_cat":[2019,476],"product_tag":[],"class_list":{"0":"post-49909","1":"product","2":"type-product","3":"status-publish","4":"has-post-thumbnail","6":"product_cat-injeksjonspakker-no","7":"product_cat-metallpakker","9":"first","10":"instock","11":"taxable","12":"shipping-taxable","13":"purchasable","14":"product-type-simple"},"acf":[],"yoast_head":"<!-- This site is optimized with the Yoast SEO plugin v27.3 - https:\/\/yoast.com\/product\/yoast-seo-wordpress\/ -->\n<title>Injeksjonspakker PI-SD 16\/130swg - PAKERY.PL<\/title>\n<meta name=\"description\" content=\"Injeksjonspakke. Eksepsjonell tetthet selv ved sv\u00e6rt h\u00f8yt trykk. Registrer deg for \u00e5 velge din type Calamite.\" \/>\n<meta name=\"robots\" content=\"index, follow, max-snippet:-1, max-image-preview:large, max-video-preview:-1\" \/>\n<link rel=\"canonical\" href=\"https:\/\/www.pakery.pl\/no\/produkt\/pi-sd-16-130swg\/\" \/>\n<meta property=\"og:locale\" content=\"nb_NO\" \/>\n<meta property=\"og:type\" content=\"article\" \/>\n<meta property=\"og:title\" content=\"Injeksjonspakker PI-SD 16\/130swg - PAKERY.PL\" \/>\n<meta property=\"og:description\" content=\"Injeksjonspakke. Eksepsjonell tetthet selv ved sv\u00e6rt h\u00f8yt trykk. Registrer deg for \u00e5 velge din type Calamite.\" \/>\n<meta property=\"og:url\" content=\"https:\/\/www.pakery.pl\/no\/produkt\/pi-sd-16-130swg\/\" \/>\n<meta property=\"og:site_name\" content=\"PAKERY.PL\" \/>\n<meta property=\"article:modified_time\" content=\"2025-05-19T12:47:56+00:00\" \/>\n<meta name=\"twitter:card\" content=\"summary_large_image\" \/>\n<script type=\"application\/ld+json\" class=\"yoast-schema-graph\">{\"@context\":\"https:\\\/\\\/schema.org\",\"@graph\":[{\"@type\":\"WebPage\",\"@id\":\"https:\\\/\\\/www.pakery.pl\\\/no\\\/produkt\\\/pi-sd-16-130swg\\\/\",\"url\":\"https:\\\/\\\/www.pakery.pl\\\/no\\\/produkt\\\/pi-sd-16-130swg\\\/\",\"name\":\"Injeksjonspakker PI-SD 16\\\/130swg - PAKERY.PL\",\"isPartOf\":{\"@id\":\"https:\\\/\\\/www.pakery.pl\\\/no\\\/#website\"},\"primaryImageOfPage\":{\"@id\":\"https:\\\/\\\/www.pakery.pl\\\/no\\\/produkt\\\/pi-sd-16-130swg\\\/#primaryimage\"},\"image\":{\"@id\":\"https:\\\/\\\/www.pakery.pl\\\/no\\\/produkt\\\/pi-sd-16-130swg\\\/#primaryimage\"},\"thumbnailUrl\":\"\",\"datePublished\":\"2025-05-19T09:41:08+00:00\",\"dateModified\":\"2025-05-19T12:47:56+00:00\",\"description\":\"Injeksjonspakke. Eksepsjonell tetthet selv ved sv\u00e6rt h\u00f8yt trykk. Registrer deg for \u00e5 velge din type Calamite.\",\"breadcrumb\":{\"@id\":\"https:\\\/\\\/www.pakery.pl\\\/no\\\/produkt\\\/pi-sd-16-130swg\\\/#breadcrumb\"},\"inLanguage\":\"nb-NO\",\"potentialAction\":[{\"@type\":\"ReadAction\",\"target\":[\"https:\\\/\\\/www.pakery.pl\\\/no\\\/produkt\\\/pi-sd-16-130swg\\\/\"]}]},{\"@type\":\"ImageObject\",\"inLanguage\":\"nb-NO\",\"@id\":\"https:\\\/\\\/www.pakery.pl\\\/no\\\/produkt\\\/pi-sd-16-130swg\\\/#primaryimage\",\"url\":\"\",\"contentUrl\":\"\",\"width\":2000,\"height\":2000},{\"@type\":\"BreadcrumbList\",\"@id\":\"https:\\\/\\\/www.pakery.pl\\\/no\\\/produkt\\\/pi-sd-16-130swg\\\/#breadcrumb\",\"itemListElement\":[{\"@type\":\"ListItem\",\"position\":1,\"name\":\"Strona g\u0142\u00f3wna\",\"item\":\"https:\\\/\\\/www.pakery.pl\\\/no\\\/\"},{\"@type\":\"ListItem\",\"position\":2,\"name\":\"butikk\",\"item\":\"https:\\\/\\\/www.pakery.pl\\\/no\\\/butikk\\\/\"},{\"@type\":\"ListItem\",\"position\":3,\"name\":\"Injeksjonspakker PI-SD 16\\\/130swg\"}]},{\"@type\":\"WebSite\",\"@id\":\"https:\\\/\\\/www.pakery.pl\\\/no\\\/#website\",\"url\":\"https:\\\/\\\/www.pakery.pl\\\/no\\\/\",\"name\":\"Pakery.pl\",\"description\":\"Pakery iniekcyjne, Kotwy spiralne, Lance iniekcyjne, W\u0119\u017ce do iniekcji, Pompy iniekcyjne, Serwis pomp iniekcyjnych, Wynajem pomp do iniekcji\",\"publisher\":{\"@id\":\"https:\\\/\\\/www.pakery.pl\\\/no\\\/#organization\"},\"potentialAction\":[{\"@type\":\"SearchAction\",\"target\":{\"@type\":\"EntryPoint\",\"urlTemplate\":\"https:\\\/\\\/www.pakery.pl\\\/no\\\/?s={search_term_string}\"},\"query-input\":{\"@type\":\"PropertyValueSpecification\",\"valueRequired\":true,\"valueName\":\"search_term_string\"}}],\"inLanguage\":\"nb-NO\"},{\"@type\":\"Organization\",\"@id\":\"https:\\\/\\\/www.pakery.pl\\\/no\\\/#organization\",\"name\":\"PAKERY.PL\",\"url\":\"https:\\\/\\\/www.pakery.pl\\\/no\\\/\",\"logo\":{\"@type\":\"ImageObject\",\"inLanguage\":\"nb-NO\",\"@id\":\"https:\\\/\\\/www.pakery.pl\\\/no\\\/#\\\/schema\\\/logo\\\/image\\\/\",\"url\":\"https:\\\/\\\/www.pakery.pl\\\/wp-content\\\/uploads\\\/2021\\\/04\\\/cropped-PAKERY-LOGO.png\",\"contentUrl\":\"https:\\\/\\\/www.pakery.pl\\\/wp-content\\\/uploads\\\/2021\\\/04\\\/cropped-PAKERY-LOGO.png\",\"width\":1529,\"height\":500,\"caption\":\"PAKERY.PL\"},\"image\":{\"@id\":\"https:\\\/\\\/www.pakery.pl\\\/no\\\/#\\\/schema\\\/logo\\\/image\\\/\"}}]}<\/script>\n<!-- \/ Yoast SEO plugin. -->","yoast_head_json":{"title":"Injeksjonspakker PI-SD 16\/130swg - PAKERY.PL","description":"Injeksjonspakke. Eksepsjonell tetthet selv ved sv\u00e6rt h\u00f8yt trykk. Registrer deg for \u00e5 velge din type Calamite.","robots":{"index":"index","follow":"follow","max-snippet":"max-snippet:-1","max-image-preview":"max-image-preview:large","max-video-preview":"max-video-preview:-1"},"canonical":"https:\/\/www.pakery.pl\/no\/produkt\/pi-sd-16-130swg\/","og_locale":"nb_NO","og_type":"article","og_title":"Injeksjonspakker PI-SD 16\/130swg - PAKERY.PL","og_description":"Injeksjonspakke. Eksepsjonell tetthet selv ved sv\u00e6rt h\u00f8yt trykk. Registrer deg for \u00e5 velge din type Calamite.","og_url":"https:\/\/www.pakery.pl\/no\/produkt\/pi-sd-16-130swg\/","og_site_name":"PAKERY.PL","article_modified_time":"2025-05-19T12:47:56+00:00","twitter_card":"summary_large_image","schema":{"@context":"https:\/\/schema.org","@graph":[{"@type":"WebPage","@id":"https:\/\/www.pakery.pl\/no\/produkt\/pi-sd-16-130swg\/","url":"https:\/\/www.pakery.pl\/no\/produkt\/pi-sd-16-130swg\/","name":"Injeksjonspakker PI-SD 16\/130swg - PAKERY.PL","isPartOf":{"@id":"https:\/\/www.pakery.pl\/no\/#website"},"primaryImageOfPage":{"@id":"https:\/\/www.pakery.pl\/no\/produkt\/pi-sd-16-130swg\/#primaryimage"},"image":{"@id":"https:\/\/www.pakery.pl\/no\/produkt\/pi-sd-16-130swg\/#primaryimage"},"thumbnailUrl":"","datePublished":"2025-05-19T09:41:08+00:00","dateModified":"2025-05-19T12:47:56+00:00","description":"Injeksjonspakke. Eksepsjonell tetthet selv ved sv\u00e6rt h\u00f8yt trykk. Registrer deg for \u00e5 velge din type Calamite.","breadcrumb":{"@id":"https:\/\/www.pakery.pl\/no\/produkt\/pi-sd-16-130swg\/#breadcrumb"},"inLanguage":"nb-NO","potentialAction":[{"@type":"ReadAction","target":["https:\/\/www.pakery.pl\/no\/produkt\/pi-sd-16-130swg\/"]}]},{"@type":"ImageObject","inLanguage":"nb-NO","@id":"https:\/\/www.pakery.pl\/no\/produkt\/pi-sd-16-130swg\/#primaryimage","url":"","contentUrl":"","width":2000,"height":2000},{"@type":"BreadcrumbList","@id":"https:\/\/www.pakery.pl\/no\/produkt\/pi-sd-16-130swg\/#breadcrumb","itemListElement":[{"@type":"ListItem","position":1,"name":"Strona g\u0142\u00f3wna","item":"https:\/\/www.pakery.pl\/no\/"},{"@type":"ListItem","position":2,"name":"butikk","item":"https:\/\/www.pakery.pl\/no\/butikk\/"},{"@type":"ListItem","position":3,"name":"Injeksjonspakker PI-SD 16\/130swg"}]},{"@type":"WebSite","@id":"https:\/\/www.pakery.pl\/no\/#website","url":"https:\/\/www.pakery.pl\/no\/","name":"Pakery.pl","description":"Pakery iniekcyjne, Kotwy spiralne, Lance iniekcyjne, W\u0119\u017ce do iniekcji, Pompy iniekcyjne, Serwis pomp iniekcyjnych, Wynajem pomp do iniekcji","publisher":{"@id":"https:\/\/www.pakery.pl\/no\/#organization"},"potentialAction":[{"@type":"SearchAction","target":{"@type":"EntryPoint","urlTemplate":"https:\/\/www.pakery.pl\/no\/?s={search_term_string}"},"query-input":{"@type":"PropertyValueSpecification","valueRequired":true,"valueName":"search_term_string"}}],"inLanguage":"nb-NO"},{"@type":"Organization","@id":"https:\/\/www.pakery.pl\/no\/#organization","name":"PAKERY.PL","url":"https:\/\/www.pakery.pl\/no\/","logo":{"@type":"ImageObject","inLanguage":"nb-NO","@id":"https:\/\/www.pakery.pl\/no\/#\/schema\/logo\/image\/","url":"https:\/\/www.pakery.pl\/wp-content\/uploads\/2021\/04\/cropped-PAKERY-LOGO.png","contentUrl":"https:\/\/www.pakery.pl\/wp-content\/uploads\/2021\/04\/cropped-PAKERY-LOGO.png","width":1529,"height":500,"caption":"PAKERY.PL"},"image":{"@id":"https:\/\/www.pakery.pl\/no\/#\/schema\/logo\/image\/"}}]}},"_links":{"self":[{"href":"https:\/\/www.pakery.pl\/no\/wp-json\/wp\/v2\/product\/49909","targetHints":{"allow":["GET"]}}],"collection":[{"href":"https:\/\/www.pakery.pl\/no\/wp-json\/wp\/v2\/product"}],"about":[{"href":"https:\/\/www.pakery.pl\/no\/wp-json\/wp\/v2\/types\/product"}],"version-history":[{"count":1,"href":"https:\/\/www.pakery.pl\/no\/wp-json\/wp\/v2\/product\/49909\/revisions"}],"predecessor-version":[{"id":49910,"href":"https:\/\/www.pakery.pl\/no\/wp-json\/wp\/v2\/product\/49909\/revisions\/49910"}],"wp:featuredmedia":[{"embeddable":true,"href":"https:\/\/www.pakery.pl\/no\/wp-json\/"}],"wp:attachment":[{"href":"https:\/\/www.pakery.pl\/no\/wp-json\/wp\/v2\/media?parent=49909"}],"wp:term":[{"taxonomy":"product_brand","embeddable":true,"href":"https:\/\/www.pakery.pl\/no\/wp-json\/wp\/v2\/product_brand?post=49909"},{"taxonomy":"product_cat","embeddable":true,"href":"https:\/\/www.pakery.pl\/no\/wp-json\/wp\/v2\/product_cat?post=49909"},{"taxonomy":"product_tag","embeddable":true,"href":"https:\/\/www.pakery.pl\/no\/wp-json\/wp\/v2\/product_tag?post=49909"}],"curies":[{"name":"wp","href":"https:\/\/api.w.org\/{rel}","templated":true}]}}