{"id":49321,"date":"2021-04-21T09:26:38","date_gmt":"2025-05-13T07:43:03","guid":{"rendered":"https:\/\/www.pakery.pl\/produkt\/dagstursekk-pi-spx-13-110swg\/"},"modified":"2025-05-19T14:25:00","modified_gmt":"2025-05-19T12:25:00","slug":"paker-jednodniowy-pi-spx-13-110swg","status":"publish","type":"product","link":"https:\/\/www.pakery.pl\/no\/produkt\/paker-jednodniowy-pi-spx-13-110swg\/","title":{"rendered":"Dagstursekk PI-SPX 13\/110swg"},"content":{"rendered":"\t\t<div data-elementor-type=\"product-post\" data-elementor-id=\"49321\" class=\"elementor elementor-49321 elementor-1881\" data-elementor-post-type=\"product\">\n\t\t\t\t\t\t<section class=\"elementor-section elementor-top-section elementor-element elementor-element-c52e51e elementor-section-full_width elementor-section-height-default elementor-section-height-default\" data-id=\"c52e51e\" data-element_type=\"section\" data-e-type=\"section\">\n\t\t\t\t\t\t<div class=\"elementor-container elementor-column-gap-default\">\n\t\t\t\t\t<div class=\"elementor-column elementor-col-100 elementor-top-column elementor-element elementor-element-762439c\" data-id=\"762439c\" data-element_type=\"column\" data-e-type=\"column\">\n\t\t\t<div class=\"elementor-widget-wrap elementor-element-populated\">\n\t\t\t\t\t\t<div class=\"elementor-element elementor-element-43abffc elementor-widget elementor-widget-text-editor\" data-id=\"43abffc\" data-element_type=\"widget\" data-e-type=\"widget\" data-widget_type=\"text-editor.default\">\n\t\t\t\t<div class=\"elementor-widget-container\">\n\t\t\t\t\t\t\t\t\t<p><span style=\"color: #000000;\"><strong>Endags injeksjonspakkere<\/strong>, eller pakkere med to ventiler. De gj\u00f8r det mulig \u00e5 fullf\u00f8re injeksjonen samme dag, uten \u00e5 vente p\u00e5 at injeksjonsharpiksen skal stivne. <\/span><\/p>\n<p><span style=\"color: #000000;\">I bunnen av injeksjonspakningen (ekspansjonsgummi) er det en annen ventil og en klemring p\u00e5 gjengen. Du kan fjerne injeksjonspakningen umiddelbart etter injeksjon uten \u00e5 vente p\u00e5 at injeksjonsharpiksen skal herde. <\/span><\/p>\n<p><em><span style=\"color: #000000;\">Dette er spesielt nyttig n\u00e5r det ikke er kostnadseffektivt for injeksjonsteamet \u00e5 komme dagen etter bare for \u00e5 fjerne pakkerne.<\/span><\/em><br><em><span style=\"color: #000000;\">Ogs\u00e5 i underjordiske garasjer der de vanlige injeksjonspakkerne har sk\u00e5ret opp dekkene p\u00e5 biler som kommer inn.<\/span><\/em><\/p>\t\t\t\t\t\t\t\t<\/div>\n\t\t\t\t<\/div>\n\t\t\t\t\t<\/div>\n\t\t<\/div>\n\t\t\t\t\t<\/div>\n\t\t<\/section>\n\t\t\t\t<\/div>\n\t\t","protected":false},"excerpt":{"rendered":"<p>Endags injeksjonspakkere, eller pakkere med to ventiler. De gj\u00f8r det mulig \u00e5 fullf\u00f8re injeksjonen samme dag, uten \u00e5 vente p\u00e5 at injeksjonsharpiksen skal stivne. I bunnen av injeksjonspakningen (ekspansjonsgummi) er det en annen ventil og en klemring p\u00e5 gjengen. Du kan fjerne injeksjonspakningen umiddelbart etter injeksjon uten \u00e5 vente p\u00e5 at injeksjonsharpiksen skal herde. Dette [&hellip;]<\/p>\n","protected":false},"featured_media":49248,"template":"","meta":{"_acf_changed":false},"product_brand":[],"product_cat":[2019,476],"product_tag":[],"class_list":{"0":"post-49321","1":"product","2":"type-product","3":"status-publish","4":"has-post-thumbnail","6":"product_cat-injeksjonspakker-no","7":"product_cat-metallpakker","9":"first","10":"instock","11":"taxable","12":"shipping-taxable","13":"purchasable","14":"product-type-simple"},"acf":[],"yoast_head":"<!-- This site is optimized with the Yoast SEO plugin v27.3 - https:\/\/yoast.com\/product\/yoast-seo-wordpress\/ -->\n<title>Injeksjonspakning for endagsinjeksjon PI-SPX 13\/110 - -. PAKERY.PL<\/title>\n<meta name=\"description\" content=\"Injeksjonspakker for \u00e9n dag. Eksepsjonell tetthet selv ved sv\u00e6rt h\u00f8yt trykk. Registrer deg for \u00e5 velge din type Calamite.\" \/>\n<meta name=\"robots\" content=\"index, follow, max-snippet:-1, max-image-preview:large, max-video-preview:-1\" \/>\n<link rel=\"canonical\" href=\"https:\/\/www.pakery.pl\/no\/produkt\/paker-jednodniowy-pi-spx-13-110swg\/\" \/>\n<meta property=\"og:locale\" content=\"nb_NO\" \/>\n<meta property=\"og:type\" content=\"article\" \/>\n<meta property=\"og:title\" content=\"Injeksjonspakning for endagsinjeksjon PI-SPX 13\/110 - -. PAKERY.PL\" \/>\n<meta property=\"og:description\" content=\"Injeksjonspakker for \u00e9n dag. Eksepsjonell tetthet selv ved sv\u00e6rt h\u00f8yt trykk. Registrer deg for \u00e5 velge din type Calamite.\" \/>\n<meta property=\"og:url\" content=\"https:\/\/www.pakery.pl\/no\/produkt\/paker-jednodniowy-pi-spx-13-110swg\/\" \/>\n<meta property=\"og:site_name\" content=\"PAKERY.PL\" \/>\n<meta property=\"article:modified_time\" content=\"2025-05-19T12:25:00+00:00\" \/>\n<meta property=\"og:image\" content=\"https:\/\/www.pakery.pl\/wp-content\/uploads\/2021\/04\/PI-SPX-13110e.png\" \/>\n\t<meta property=\"og:image:width\" content=\"2000\" \/>\n\t<meta property=\"og:image:height\" content=\"2000\" \/>\n\t<meta property=\"og:image:type\" content=\"image\/png\" \/>\n<meta name=\"twitter:card\" content=\"summary_large_image\" \/>\n<script type=\"application\/ld+json\" class=\"yoast-schema-graph\">{\"@context\":\"https:\\\/\\\/schema.org\",\"@graph\":[{\"@type\":\"WebPage\",\"@id\":\"https:\\\/\\\/www.pakery.pl\\\/no\\\/produkt\\\/paker-jednodniowy-pi-spx-13-110swg\\\/\",\"url\":\"https:\\\/\\\/www.pakery.pl\\\/no\\\/produkt\\\/paker-jednodniowy-pi-spx-13-110swg\\\/\",\"name\":\"Injeksjonspakning for endagsinjeksjon PI-SPX 13\\\/110 - -. PAKERY.PL\",\"isPartOf\":{\"@id\":\"https:\\\/\\\/www.pakery.pl\\\/no\\\/#website\"},\"primaryImageOfPage\":{\"@id\":\"https:\\\/\\\/www.pakery.pl\\\/no\\\/produkt\\\/paker-jednodniowy-pi-spx-13-110swg\\\/#primaryimage\"},\"image\":{\"@id\":\"https:\\\/\\\/www.pakery.pl\\\/no\\\/produkt\\\/paker-jednodniowy-pi-spx-13-110swg\\\/#primaryimage\"},\"thumbnailUrl\":\"https:\\\/\\\/www.pakery.pl\\\/wp-content\\\/uploads\\\/2021\\\/04\\\/PI-SPX-13110e.png\",\"datePublished\":\"2025-05-13T07:43:03+00:00\",\"dateModified\":\"2025-05-19T12:25:00+00:00\",\"description\":\"Injeksjonspakker for \u00e9n dag. Eksepsjonell tetthet selv ved sv\u00e6rt h\u00f8yt trykk. Registrer deg for \u00e5 velge din type Calamite.\",\"breadcrumb\":{\"@id\":\"https:\\\/\\\/www.pakery.pl\\\/no\\\/produkt\\\/paker-jednodniowy-pi-spx-13-110swg\\\/#breadcrumb\"},\"inLanguage\":\"nb-NO\",\"potentialAction\":[{\"@type\":\"ReadAction\",\"target\":[\"https:\\\/\\\/www.pakery.pl\\\/no\\\/produkt\\\/paker-jednodniowy-pi-spx-13-110swg\\\/\"]}]},{\"@type\":\"ImageObject\",\"inLanguage\":\"nb-NO\",\"@id\":\"https:\\\/\\\/www.pakery.pl\\\/no\\\/produkt\\\/paker-jednodniowy-pi-spx-13-110swg\\\/#primaryimage\",\"url\":\"https:\\\/\\\/www.pakery.pl\\\/wp-content\\\/uploads\\\/2021\\\/04\\\/PI-SPX-13110e.png\",\"contentUrl\":\"https:\\\/\\\/www.pakery.pl\\\/wp-content\\\/uploads\\\/2021\\\/04\\\/PI-SPX-13110e.png\",\"width\":2000,\"height\":2000},{\"@type\":\"BreadcrumbList\",\"@id\":\"https:\\\/\\\/www.pakery.pl\\\/no\\\/produkt\\\/paker-jednodniowy-pi-spx-13-110swg\\\/#breadcrumb\",\"itemListElement\":[{\"@type\":\"ListItem\",\"position\":1,\"name\":\"Strona g\u0142\u00f3wna\",\"item\":\"https:\\\/\\\/www.pakery.pl\\\/no\\\/\"},{\"@type\":\"ListItem\",\"position\":2,\"name\":\"butikk\",\"item\":\"https:\\\/\\\/www.pakery.pl\\\/no\\\/butikk\\\/\"},{\"@type\":\"ListItem\",\"position\":3,\"name\":\"Dagstursekk PI-SPX 13\\\/110swg\"}]},{\"@type\":\"WebSite\",\"@id\":\"https:\\\/\\\/www.pakery.pl\\\/no\\\/#website\",\"url\":\"https:\\\/\\\/www.pakery.pl\\\/no\\\/\",\"name\":\"Pakery.pl\",\"description\":\"Pakery iniekcyjne, Kotwy spiralne, Lance iniekcyjne, W\u0119\u017ce do iniekcji, Pompy iniekcyjne, Serwis pomp iniekcyjnych, Wynajem pomp do iniekcji\",\"publisher\":{\"@id\":\"https:\\\/\\\/www.pakery.pl\\\/no\\\/#organization\"},\"potentialAction\":[{\"@type\":\"SearchAction\",\"target\":{\"@type\":\"EntryPoint\",\"urlTemplate\":\"https:\\\/\\\/www.pakery.pl\\\/no\\\/?s={search_term_string}\"},\"query-input\":{\"@type\":\"PropertyValueSpecification\",\"valueRequired\":true,\"valueName\":\"search_term_string\"}}],\"inLanguage\":\"nb-NO\"},{\"@type\":\"Organization\",\"@id\":\"https:\\\/\\\/www.pakery.pl\\\/no\\\/#organization\",\"name\":\"PAKERY.PL\",\"url\":\"https:\\\/\\\/www.pakery.pl\\\/no\\\/\",\"logo\":{\"@type\":\"ImageObject\",\"inLanguage\":\"nb-NO\",\"@id\":\"https:\\\/\\\/www.pakery.pl\\\/no\\\/#\\\/schema\\\/logo\\\/image\\\/\",\"url\":\"https:\\\/\\\/www.pakery.pl\\\/wp-content\\\/uploads\\\/2021\\\/04\\\/cropped-PAKERY-LOGO.png\",\"contentUrl\":\"https:\\\/\\\/www.pakery.pl\\\/wp-content\\\/uploads\\\/2021\\\/04\\\/cropped-PAKERY-LOGO.png\",\"width\":1529,\"height\":500,\"caption\":\"PAKERY.PL\"},\"image\":{\"@id\":\"https:\\\/\\\/www.pakery.pl\\\/no\\\/#\\\/schema\\\/logo\\\/image\\\/\"}}]}<\/script>\n<!-- \/ Yoast SEO plugin. -->","yoast_head_json":{"title":"Injeksjonspakning for endagsinjeksjon PI-SPX 13\/110 - -. PAKERY.PL","description":"Injeksjonspakker for \u00e9n dag. Eksepsjonell tetthet selv ved sv\u00e6rt h\u00f8yt trykk. Registrer deg for \u00e5 velge din type Calamite.","robots":{"index":"index","follow":"follow","max-snippet":"max-snippet:-1","max-image-preview":"max-image-preview:large","max-video-preview":"max-video-preview:-1"},"canonical":"https:\/\/www.pakery.pl\/no\/produkt\/paker-jednodniowy-pi-spx-13-110swg\/","og_locale":"nb_NO","og_type":"article","og_title":"Injeksjonspakning for endagsinjeksjon PI-SPX 13\/110 - -. PAKERY.PL","og_description":"Injeksjonspakker for \u00e9n dag. Eksepsjonell tetthet selv ved sv\u00e6rt h\u00f8yt trykk. Registrer deg for \u00e5 velge din type Calamite.","og_url":"https:\/\/www.pakery.pl\/no\/produkt\/paker-jednodniowy-pi-spx-13-110swg\/","og_site_name":"PAKERY.PL","article_modified_time":"2025-05-19T12:25:00+00:00","og_image":[{"width":2000,"height":2000,"url":"https:\/\/www.pakery.pl\/wp-content\/uploads\/2021\/04\/PI-SPX-13110e.png","type":"image\/png"}],"twitter_card":"summary_large_image","schema":{"@context":"https:\/\/schema.org","@graph":[{"@type":"WebPage","@id":"https:\/\/www.pakery.pl\/no\/produkt\/paker-jednodniowy-pi-spx-13-110swg\/","url":"https:\/\/www.pakery.pl\/no\/produkt\/paker-jednodniowy-pi-spx-13-110swg\/","name":"Injeksjonspakning for endagsinjeksjon PI-SPX 13\/110 - -. PAKERY.PL","isPartOf":{"@id":"https:\/\/www.pakery.pl\/no\/#website"},"primaryImageOfPage":{"@id":"https:\/\/www.pakery.pl\/no\/produkt\/paker-jednodniowy-pi-spx-13-110swg\/#primaryimage"},"image":{"@id":"https:\/\/www.pakery.pl\/no\/produkt\/paker-jednodniowy-pi-spx-13-110swg\/#primaryimage"},"thumbnailUrl":"https:\/\/www.pakery.pl\/wp-content\/uploads\/2021\/04\/PI-SPX-13110e.png","datePublished":"2025-05-13T07:43:03+00:00","dateModified":"2025-05-19T12:25:00+00:00","description":"Injeksjonspakker for \u00e9n dag. Eksepsjonell tetthet selv ved sv\u00e6rt h\u00f8yt trykk. Registrer deg for \u00e5 velge din type Calamite.","breadcrumb":{"@id":"https:\/\/www.pakery.pl\/no\/produkt\/paker-jednodniowy-pi-spx-13-110swg\/#breadcrumb"},"inLanguage":"nb-NO","potentialAction":[{"@type":"ReadAction","target":["https:\/\/www.pakery.pl\/no\/produkt\/paker-jednodniowy-pi-spx-13-110swg\/"]}]},{"@type":"ImageObject","inLanguage":"nb-NO","@id":"https:\/\/www.pakery.pl\/no\/produkt\/paker-jednodniowy-pi-spx-13-110swg\/#primaryimage","url":"https:\/\/www.pakery.pl\/wp-content\/uploads\/2021\/04\/PI-SPX-13110e.png","contentUrl":"https:\/\/www.pakery.pl\/wp-content\/uploads\/2021\/04\/PI-SPX-13110e.png","width":2000,"height":2000},{"@type":"BreadcrumbList","@id":"https:\/\/www.pakery.pl\/no\/produkt\/paker-jednodniowy-pi-spx-13-110swg\/#breadcrumb","itemListElement":[{"@type":"ListItem","position":1,"name":"Strona g\u0142\u00f3wna","item":"https:\/\/www.pakery.pl\/no\/"},{"@type":"ListItem","position":2,"name":"butikk","item":"https:\/\/www.pakery.pl\/no\/butikk\/"},{"@type":"ListItem","position":3,"name":"Dagstursekk PI-SPX 13\/110swg"}]},{"@type":"WebSite","@id":"https:\/\/www.pakery.pl\/no\/#website","url":"https:\/\/www.pakery.pl\/no\/","name":"Pakery.pl","description":"Pakery iniekcyjne, Kotwy spiralne, Lance iniekcyjne, W\u0119\u017ce do iniekcji, Pompy iniekcyjne, Serwis pomp iniekcyjnych, Wynajem pomp do iniekcji","publisher":{"@id":"https:\/\/www.pakery.pl\/no\/#organization"},"potentialAction":[{"@type":"SearchAction","target":{"@type":"EntryPoint","urlTemplate":"https:\/\/www.pakery.pl\/no\/?s={search_term_string}"},"query-input":{"@type":"PropertyValueSpecification","valueRequired":true,"valueName":"search_term_string"}}],"inLanguage":"nb-NO"},{"@type":"Organization","@id":"https:\/\/www.pakery.pl\/no\/#organization","name":"PAKERY.PL","url":"https:\/\/www.pakery.pl\/no\/","logo":{"@type":"ImageObject","inLanguage":"nb-NO","@id":"https:\/\/www.pakery.pl\/no\/#\/schema\/logo\/image\/","url":"https:\/\/www.pakery.pl\/wp-content\/uploads\/2021\/04\/cropped-PAKERY-LOGO.png","contentUrl":"https:\/\/www.pakery.pl\/wp-content\/uploads\/2021\/04\/cropped-PAKERY-LOGO.png","width":1529,"height":500,"caption":"PAKERY.PL"},"image":{"@id":"https:\/\/www.pakery.pl\/no\/#\/schema\/logo\/image\/"}}]}},"_links":{"self":[{"href":"https:\/\/www.pakery.pl\/no\/wp-json\/wp\/v2\/product\/49321","targetHints":{"allow":["GET"]}}],"collection":[{"href":"https:\/\/www.pakery.pl\/no\/wp-json\/wp\/v2\/product"}],"about":[{"href":"https:\/\/www.pakery.pl\/no\/wp-json\/wp\/v2\/types\/product"}],"version-history":[{"count":1,"href":"https:\/\/www.pakery.pl\/no\/wp-json\/wp\/v2\/product\/49321\/revisions"}],"predecessor-version":[{"id":49323,"href":"https:\/\/www.pakery.pl\/no\/wp-json\/wp\/v2\/product\/49321\/revisions\/49323"}],"wp:featuredmedia":[{"embeddable":true,"href":"https:\/\/www.pakery.pl\/no\/wp-json\/wp\/v2\/media\/49248"}],"wp:attachment":[{"href":"https:\/\/www.pakery.pl\/no\/wp-json\/wp\/v2\/media?parent=49321"}],"wp:term":[{"taxonomy":"product_brand","embeddable":true,"href":"https:\/\/www.pakery.pl\/no\/wp-json\/wp\/v2\/product_brand?post=49321"},{"taxonomy":"product_cat","embeddable":true,"href":"https:\/\/www.pakery.pl\/no\/wp-json\/wp\/v2\/product_cat?post=49321"},{"taxonomy":"product_tag","embeddable":true,"href":"https:\/\/www.pakery.pl\/no\/wp-json\/wp\/v2\/product_tag?post=49321"}],"curies":[{"name":"wp","href":"https:\/\/api.w.org\/{rel}","templated":true}]}}