{"id":48831,"date":"2025-05-12T07:35:50","date_gmt":"2025-05-12T05:51:05","guid":{"rendered":"https:\/\/www.pakery.pl\/produkt\/injeksjonspakker-pi-spm-13-200\/"},"modified":"2025-05-12T07:51:05","modified_gmt":"2025-05-12T05:51:05","slug":"paker-do-iniekcji-pi-spm-13-200","status":"publish","type":"product","link":"https:\/\/www.pakery.pl\/no\/produkt\/paker-do-iniekcji-pi-spm-13-200\/","title":{"rendered":"Injeksjonspakker PI-SPM 13\/200"},"content":{"rendered":"<p>Flaggskipmodellen i mange \u00e5r i PI-SPM pacer <strong>professional line-serien<\/strong>. Injektoren gir utmerket tetthet og eksemplarisk forankring. Injektoren er egnet for alle typer injeksjon. Den sikrer en eksemplarisk tetthet av kalamitrene, s\u00e5 vel som av stagdelen for b\u00e5de h\u00f8ytrykks- og lavtrykksinjeksjon.  <\/p>\n<p>Takket v\u00e6re spesialiserte kalamitter holder pakkene perfekt p\u00e5 mottrykket (&laquo;lekker ikke&raquo;).<\/p>\n<p><em><strong>SWG-kalamittpakkere<\/strong> strammes mekanisk med anaerobt lim, noe som garanterer en tett m6x1 gjengeforbindelse.  <\/em><\/p>\n<p><em><strong>PRE-kalamittpakker<\/strong> har gjenger som p\u00e5 forh\u00e5nd er p\u00e5f\u00f8rt et belegg, noe som gir umiddelbar tetthet n\u00e5r kalamitten vris.<\/em><\/p>\n","protected":false},"excerpt":{"rendered":"<p>Flaggskipmodellen i mange \u00e5r i PI-SPM pacer professional line-serien. Injektoren gir utmerket tetthet og eksemplarisk forankring. Injektoren er egnet for alle typer injeksjon. Den sikrer en eksemplarisk tetthet av kalamitrene, s\u00e5 vel som av stagdelen for b\u00e5de h\u00f8ytrykks- og lavtrykksinjeksjon. Takket v\u00e6re spesialiserte kalamitter holder pakkene perfekt p\u00e5 mottrykket (&laquo;lekker ikke&raquo;). SWG-kalamittpakkere strammes mekanisk med [&hellip;]<\/p>\n","protected":false},"featured_media":48735,"template":"","meta":{"_acf_changed":false},"product_brand":[],"product_cat":[476],"product_tag":[],"class_list":{"0":"post-48831","1":"product","2":"type-product","3":"status-publish","4":"has-post-thumbnail","6":"product_cat-metallpakker","8":"first","9":"instock","10":"taxable","11":"shipping-taxable","12":"product-type-simple"},"acf":[],"yoast_head":"<!-- This site is optimized with the Yoast SEO plugin v27.3 - https:\/\/yoast.com\/product\/yoast-seo-wordpress\/ -->\n<title>Injeksjonspakker PI-SPM 13\/200 - PAKERY.PL<\/title>\n<meta name=\"robots\" content=\"index, follow, max-snippet:-1, max-image-preview:large, max-video-preview:-1\" \/>\n<link rel=\"canonical\" href=\"https:\/\/www.pakery.pl\/no\/produkt\/paker-do-iniekcji-pi-spm-13-200\/\" \/>\n<meta property=\"og:locale\" content=\"nb_NO\" \/>\n<meta property=\"og:type\" content=\"article\" \/>\n<meta property=\"og:title\" content=\"Injeksjonspakker PI-SPM 13\/200 - PAKERY.PL\" \/>\n<meta property=\"og:description\" content=\"Flaggskipmodellen i mange \u00e5r i PI-SPM pacer professional line-serien. Injektoren gir utmerket tetthet og eksemplarisk forankring. Injektoren er egnet for alle typer injeksjon. Den sikrer en eksemplarisk tetthet av kalamitrene, s\u00e5 vel som av stagdelen for b\u00e5de h\u00f8ytrykks- og lavtrykksinjeksjon. Takket v\u00e6re spesialiserte kalamitter holder pakkene perfekt p\u00e5 mottrykket (&laquo;lekker ikke&raquo;). SWG-kalamittpakkere strammes mekanisk med [&hellip;]\" \/>\n<meta property=\"og:url\" content=\"https:\/\/www.pakery.pl\/no\/produkt\/paker-do-iniekcji-pi-spm-13-200\/\" \/>\n<meta property=\"og:site_name\" content=\"PAKERY.PL\" \/>\n<meta property=\"og:image\" content=\"https:\/\/www.pakery.pl\/wp-content\/uploads\/2025\/05\/PI-SPM-13200-ikona.png\" \/>\n\t<meta property=\"og:image:width\" content=\"683\" \/>\n\t<meta property=\"og:image:height\" content=\"683\" \/>\n\t<meta property=\"og:image:type\" content=\"image\/png\" \/>\n<meta name=\"twitter:card\" content=\"summary_large_image\" \/>\n<script type=\"application\/ld+json\" class=\"yoast-schema-graph\">{\"@context\":\"https:\\\/\\\/schema.org\",\"@graph\":[{\"@type\":\"WebPage\",\"@id\":\"https:\\\/\\\/www.pakery.pl\\\/no\\\/produkt\\\/paker-do-iniekcji-pi-spm-13-200\\\/\",\"url\":\"https:\\\/\\\/www.pakery.pl\\\/no\\\/produkt\\\/paker-do-iniekcji-pi-spm-13-200\\\/\",\"name\":\"Injeksjonspakker PI-SPM 13\\\/200 - PAKERY.PL\",\"isPartOf\":{\"@id\":\"https:\\\/\\\/www.pakery.pl\\\/no\\\/#website\"},\"primaryImageOfPage\":{\"@id\":\"https:\\\/\\\/www.pakery.pl\\\/no\\\/produkt\\\/paker-do-iniekcji-pi-spm-13-200\\\/#primaryimage\"},\"image\":{\"@id\":\"https:\\\/\\\/www.pakery.pl\\\/no\\\/produkt\\\/paker-do-iniekcji-pi-spm-13-200\\\/#primaryimage\"},\"thumbnailUrl\":\"https:\\\/\\\/www.pakery.pl\\\/wp-content\\\/uploads\\\/2025\\\/05\\\/PI-SPM-13200-ikona.png\",\"datePublished\":\"2025-05-12T05:51:05+00:00\",\"breadcrumb\":{\"@id\":\"https:\\\/\\\/www.pakery.pl\\\/no\\\/produkt\\\/paker-do-iniekcji-pi-spm-13-200\\\/#breadcrumb\"},\"inLanguage\":\"nb-NO\",\"potentialAction\":[{\"@type\":\"ReadAction\",\"target\":[\"https:\\\/\\\/www.pakery.pl\\\/no\\\/produkt\\\/paker-do-iniekcji-pi-spm-13-200\\\/\"]}]},{\"@type\":\"ImageObject\",\"inLanguage\":\"nb-NO\",\"@id\":\"https:\\\/\\\/www.pakery.pl\\\/no\\\/produkt\\\/paker-do-iniekcji-pi-spm-13-200\\\/#primaryimage\",\"url\":\"https:\\\/\\\/www.pakery.pl\\\/wp-content\\\/uploads\\\/2025\\\/05\\\/PI-SPM-13200-ikona.png\",\"contentUrl\":\"https:\\\/\\\/www.pakery.pl\\\/wp-content\\\/uploads\\\/2025\\\/05\\\/PI-SPM-13200-ikona.png\",\"width\":683,\"height\":683},{\"@type\":\"BreadcrumbList\",\"@id\":\"https:\\\/\\\/www.pakery.pl\\\/no\\\/produkt\\\/paker-do-iniekcji-pi-spm-13-200\\\/#breadcrumb\",\"itemListElement\":[{\"@type\":\"ListItem\",\"position\":1,\"name\":\"Strona g\u0142\u00f3wna\",\"item\":\"https:\\\/\\\/www.pakery.pl\\\/no\\\/\"},{\"@type\":\"ListItem\",\"position\":2,\"name\":\"butikk\",\"item\":\"https:\\\/\\\/www.pakery.pl\\\/no\\\/butikk\\\/\"},{\"@type\":\"ListItem\",\"position\":3,\"name\":\"Injeksjonspakker PI-SPM 13\\\/200\"}]},{\"@type\":\"WebSite\",\"@id\":\"https:\\\/\\\/www.pakery.pl\\\/no\\\/#website\",\"url\":\"https:\\\/\\\/www.pakery.pl\\\/no\\\/\",\"name\":\"Pakery.pl\",\"description\":\"Pakery iniekcyjne, Kotwy spiralne, Lance iniekcyjne, W\u0119\u017ce do iniekcji, Pompy iniekcyjne, Serwis pomp iniekcyjnych, Wynajem pomp do iniekcji\",\"publisher\":{\"@id\":\"https:\\\/\\\/www.pakery.pl\\\/no\\\/#organization\"},\"potentialAction\":[{\"@type\":\"SearchAction\",\"target\":{\"@type\":\"EntryPoint\",\"urlTemplate\":\"https:\\\/\\\/www.pakery.pl\\\/no\\\/?s={search_term_string}\"},\"query-input\":{\"@type\":\"PropertyValueSpecification\",\"valueRequired\":true,\"valueName\":\"search_term_string\"}}],\"inLanguage\":\"nb-NO\"},{\"@type\":\"Organization\",\"@id\":\"https:\\\/\\\/www.pakery.pl\\\/no\\\/#organization\",\"name\":\"PAKERY.PL\",\"url\":\"https:\\\/\\\/www.pakery.pl\\\/no\\\/\",\"logo\":{\"@type\":\"ImageObject\",\"inLanguage\":\"nb-NO\",\"@id\":\"https:\\\/\\\/www.pakery.pl\\\/no\\\/#\\\/schema\\\/logo\\\/image\\\/\",\"url\":\"https:\\\/\\\/www.pakery.pl\\\/wp-content\\\/uploads\\\/2021\\\/04\\\/cropped-PAKERY-LOGO.png\",\"contentUrl\":\"https:\\\/\\\/www.pakery.pl\\\/wp-content\\\/uploads\\\/2021\\\/04\\\/cropped-PAKERY-LOGO.png\",\"width\":1529,\"height\":500,\"caption\":\"PAKERY.PL\"},\"image\":{\"@id\":\"https:\\\/\\\/www.pakery.pl\\\/no\\\/#\\\/schema\\\/logo\\\/image\\\/\"}}]}<\/script>\n<!-- \/ Yoast SEO plugin. -->","yoast_head_json":{"title":"Injeksjonspakker PI-SPM 13\/200 - PAKERY.PL","robots":{"index":"index","follow":"follow","max-snippet":"max-snippet:-1","max-image-preview":"max-image-preview:large","max-video-preview":"max-video-preview:-1"},"canonical":"https:\/\/www.pakery.pl\/no\/produkt\/paker-do-iniekcji-pi-spm-13-200\/","og_locale":"nb_NO","og_type":"article","og_title":"Injeksjonspakker PI-SPM 13\/200 - PAKERY.PL","og_description":"Flaggskipmodellen i mange \u00e5r i PI-SPM pacer professional line-serien. Injektoren gir utmerket tetthet og eksemplarisk forankring. Injektoren er egnet for alle typer injeksjon. Den sikrer en eksemplarisk tetthet av kalamitrene, s\u00e5 vel som av stagdelen for b\u00e5de h\u00f8ytrykks- og lavtrykksinjeksjon. Takket v\u00e6re spesialiserte kalamitter holder pakkene perfekt p\u00e5 mottrykket (&laquo;lekker ikke&raquo;). SWG-kalamittpakkere strammes mekanisk med [&hellip;]","og_url":"https:\/\/www.pakery.pl\/no\/produkt\/paker-do-iniekcji-pi-spm-13-200\/","og_site_name":"PAKERY.PL","og_image":[{"width":683,"height":683,"url":"https:\/\/www.pakery.pl\/wp-content\/uploads\/2025\/05\/PI-SPM-13200-ikona.png","type":"image\/png"}],"twitter_card":"summary_large_image","schema":{"@context":"https:\/\/schema.org","@graph":[{"@type":"WebPage","@id":"https:\/\/www.pakery.pl\/no\/produkt\/paker-do-iniekcji-pi-spm-13-200\/","url":"https:\/\/www.pakery.pl\/no\/produkt\/paker-do-iniekcji-pi-spm-13-200\/","name":"Injeksjonspakker PI-SPM 13\/200 - PAKERY.PL","isPartOf":{"@id":"https:\/\/www.pakery.pl\/no\/#website"},"primaryImageOfPage":{"@id":"https:\/\/www.pakery.pl\/no\/produkt\/paker-do-iniekcji-pi-spm-13-200\/#primaryimage"},"image":{"@id":"https:\/\/www.pakery.pl\/no\/produkt\/paker-do-iniekcji-pi-spm-13-200\/#primaryimage"},"thumbnailUrl":"https:\/\/www.pakery.pl\/wp-content\/uploads\/2025\/05\/PI-SPM-13200-ikona.png","datePublished":"2025-05-12T05:51:05+00:00","breadcrumb":{"@id":"https:\/\/www.pakery.pl\/no\/produkt\/paker-do-iniekcji-pi-spm-13-200\/#breadcrumb"},"inLanguage":"nb-NO","potentialAction":[{"@type":"ReadAction","target":["https:\/\/www.pakery.pl\/no\/produkt\/paker-do-iniekcji-pi-spm-13-200\/"]}]},{"@type":"ImageObject","inLanguage":"nb-NO","@id":"https:\/\/www.pakery.pl\/no\/produkt\/paker-do-iniekcji-pi-spm-13-200\/#primaryimage","url":"https:\/\/www.pakery.pl\/wp-content\/uploads\/2025\/05\/PI-SPM-13200-ikona.png","contentUrl":"https:\/\/www.pakery.pl\/wp-content\/uploads\/2025\/05\/PI-SPM-13200-ikona.png","width":683,"height":683},{"@type":"BreadcrumbList","@id":"https:\/\/www.pakery.pl\/no\/produkt\/paker-do-iniekcji-pi-spm-13-200\/#breadcrumb","itemListElement":[{"@type":"ListItem","position":1,"name":"Strona g\u0142\u00f3wna","item":"https:\/\/www.pakery.pl\/no\/"},{"@type":"ListItem","position":2,"name":"butikk","item":"https:\/\/www.pakery.pl\/no\/butikk\/"},{"@type":"ListItem","position":3,"name":"Injeksjonspakker PI-SPM 13\/200"}]},{"@type":"WebSite","@id":"https:\/\/www.pakery.pl\/no\/#website","url":"https:\/\/www.pakery.pl\/no\/","name":"Pakery.pl","description":"Pakery iniekcyjne, Kotwy spiralne, Lance iniekcyjne, W\u0119\u017ce do iniekcji, Pompy iniekcyjne, Serwis pomp iniekcyjnych, Wynajem pomp do iniekcji","publisher":{"@id":"https:\/\/www.pakery.pl\/no\/#organization"},"potentialAction":[{"@type":"SearchAction","target":{"@type":"EntryPoint","urlTemplate":"https:\/\/www.pakery.pl\/no\/?s={search_term_string}"},"query-input":{"@type":"PropertyValueSpecification","valueRequired":true,"valueName":"search_term_string"}}],"inLanguage":"nb-NO"},{"@type":"Organization","@id":"https:\/\/www.pakery.pl\/no\/#organization","name":"PAKERY.PL","url":"https:\/\/www.pakery.pl\/no\/","logo":{"@type":"ImageObject","inLanguage":"nb-NO","@id":"https:\/\/www.pakery.pl\/no\/#\/schema\/logo\/image\/","url":"https:\/\/www.pakery.pl\/wp-content\/uploads\/2021\/04\/cropped-PAKERY-LOGO.png","contentUrl":"https:\/\/www.pakery.pl\/wp-content\/uploads\/2021\/04\/cropped-PAKERY-LOGO.png","width":1529,"height":500,"caption":"PAKERY.PL"},"image":{"@id":"https:\/\/www.pakery.pl\/no\/#\/schema\/logo\/image\/"}}]}},"_links":{"self":[{"href":"https:\/\/www.pakery.pl\/no\/wp-json\/wp\/v2\/product\/48831","targetHints":{"allow":["GET"]}}],"collection":[{"href":"https:\/\/www.pakery.pl\/no\/wp-json\/wp\/v2\/product"}],"about":[{"href":"https:\/\/www.pakery.pl\/no\/wp-json\/wp\/v2\/types\/product"}],"version-history":[{"count":0,"href":"https:\/\/www.pakery.pl\/no\/wp-json\/wp\/v2\/product\/48831\/revisions"}],"wp:featuredmedia":[{"embeddable":true,"href":"https:\/\/www.pakery.pl\/no\/wp-json\/wp\/v2\/media\/48735"}],"wp:attachment":[{"href":"https:\/\/www.pakery.pl\/no\/wp-json\/wp\/v2\/media?parent=48831"}],"wp:term":[{"taxonomy":"product_brand","embeddable":true,"href":"https:\/\/www.pakery.pl\/no\/wp-json\/wp\/v2\/product_brand?post=48831"},{"taxonomy":"product_cat","embeddable":true,"href":"https:\/\/www.pakery.pl\/no\/wp-json\/wp\/v2\/product_cat?post=48831"},{"taxonomy":"product_tag","embeddable":true,"href":"https:\/\/www.pakery.pl\/no\/wp-json\/wp\/v2\/product_tag?post=48831"}],"curies":[{"name":"wp","href":"https:\/\/api.w.org\/{rel}","templated":true}]}}