{"id":44502,"date":"2023-04-06T12:28:18","date_gmt":"2023-04-06T10:28:18","guid":{"rendered":"https:\/\/www.pakery.pl\/produkt\/rengjoringsmiddel-for-injeksjonspumper\/"},"modified":"2023-04-06T12:28:24","modified_gmt":"2023-04-06T10:28:24","slug":"rengjoringsmiddel-for-injeksjonspumper","status":"publish","type":"product","link":"https:\/\/www.pakery.pl\/no\/produkt\/rengjoringsmiddel-for-injeksjonspumper\/","title":{"rendered":"Rengj\u00f8ringsmiddel for injeksjonspumper"},"content":{"rendered":"\t\t<div data-elementor-type=\"product-post\" data-elementor-id=\"44502\" class=\"elementor elementor-44502 elementor-3547\" data-elementor-post-type=\"product\">\n\t\t\t\t\t\t<section class=\"elementor-section elementor-top-section elementor-element elementor-element-3e560d8 elementor-section-full_width elementor-section-height-default elementor-section-height-default\" data-id=\"3e560d8\" data-element_type=\"section\" data-e-type=\"section\">\n\t\t\t\t\t\t<div class=\"elementor-container elementor-column-gap-default\">\n\t\t\t\t\t<div class=\"elementor-column elementor-col-100 elementor-top-column elementor-element elementor-element-8404500\" data-id=\"8404500\" data-element_type=\"column\" data-e-type=\"column\">\n\t\t\t<div class=\"elementor-widget-wrap elementor-element-populated\">\n\t\t\t\t\t\t<section class=\"elementor-section elementor-inner-section elementor-element elementor-element-8fdfbc5 elementor-section-full_width elementor-section-height-default elementor-section-height-default\" data-id=\"8fdfbc5\" data-element_type=\"section\" data-e-type=\"section\">\n\t\t\t\t\t\t<div class=\"elementor-container elementor-column-gap-default\">\n\t\t\t\t\t<div class=\"elementor-column elementor-col-50 elementor-inner-column elementor-element elementor-element-0817a6e\" data-id=\"0817a6e\" data-element_type=\"column\" data-e-type=\"column\">\n\t\t\t<div class=\"elementor-widget-wrap elementor-element-populated\">\n\t\t\t\t\t\t<div class=\"elementor-element elementor-element-fa6af93 elementor-widget elementor-widget-text-editor\" data-id=\"fa6af93\" data-element_type=\"widget\" data-e-type=\"widget\" data-widget_type=\"text-editor.default\">\n\t\t\t\t<div class=\"elementor-widget-container\">\n\t\t\t\t\t\t\t\t\t<div class=\"_1bo4a _xu6h2 _1ylmp _2d49e_YrWCD\">\n<div class=\"_1voj4 _z9prt _1xzdi _ai5yc _5d6n2 _15lj1\">\n<div class=\"_2d49e_5pK0q\">\n<p style=\"text-align: center;\"><strong><span style=\"color: #000000;\"> <\/span><\/strong><\/p>\n<p style=\"text-align: center;\"><strong><span style=\"color: #000000;\">PI-RENSER A<\/span><\/strong><\/p>\n<p><span style=\"color: #000000;\">FORDELER:<\/span><\/p>\n<ul>\n<li><span style=\"color: #000000;\">skader ikke o-ringer og tetninger i pumper og hoder<\/span><\/li>\n<li><span style=\"color: #000000;\">har konserverende egenskaper<\/span><\/li>\n<li><span style=\"color: #000000;\">skummer ikke ved kontakt med skummet polyuretanharpiks<\/span><\/li>\n<li><span style=\"color: #000000;\">fordamper ikke<\/span><\/li>\n<li><span style=\"color: #000000;\">blandet med harpiks &laquo;deaktiverer det&raquo;<\/span><\/li>\n<li><span style=\"color: #000000;\">den er \u00f8kologisk og har ingen ADR-merking<\/span><\/li>\n<\/ul>\n<\/div>\n<\/div>\n<\/div>\n<div class=\"_1bo4a _xu6h2 _1ylmp _2d49e_YrWCD\">\n<div class=\"_1voj4 _z9prt _1xzdi _ai5yc _5d6n2 _15lj1\">\n<div class=\"_2d49e_5pK0q\">\n<p><span style=\"color: #000000;\">Den er ikke egnet for tynning av injeksjonsharpikser for \u00e5 redusere deres viskositet, i kontakt med harpiksen n\u00f8ytraliserer den den og blandingen er inert.<\/span><\/p>\n<p><span style=\"color: #000000;\">Hvis injeksjonspumpen ikke brukes p\u00e5 lang tid, anbefales det \u00e5 fylle den med hydraulikkolje.<\/span><\/p>\n<\/div>\n<\/div>\n<\/div>\n\t\t\t\t\t\t\t\t<\/div>\n\t\t\t\t<\/div>\n\t\t\t\t\t<\/div>\n\t\t<\/div>\n\t\t\t\t<div class=\"elementor-column elementor-col-50 elementor-inner-column elementor-element elementor-element-7279e65\" data-id=\"7279e65\" data-element_type=\"column\" data-e-type=\"column\">\n\t\t\t<div class=\"elementor-widget-wrap elementor-element-populated\">\n\t\t\t\t\t\t<div class=\"elementor-element elementor-element-659abdb elementor-widget elementor-widget-image\" data-id=\"659abdb\" data-element_type=\"widget\" data-e-type=\"widget\" data-widget_type=\"image.default\">\n\t\t\t\t<div class=\"elementor-widget-container\">\n\t\t\t\t\t\t\t\t\t\t\t\t\t\t\t<img decoding=\"async\" src=\"https:\/\/www.pakery.pl\/wp-content\/uploads\/elementor\/thumbs\/Cleaner_5kg-ppymivpw9zzdfe5j7sdp6mi0mw9ae62bsif74yeirs.png\" title=\"Renser_5kg\" alt=\"Renser_5kg\" loading=\"lazy\" \/>\t\t\t\t\t\t\t\t\t\t\t\t\t\t\t<\/div>\n\t\t\t\t<\/div>\n\t\t\t\t\t<\/div>\n\t\t<\/div>\n\t\t\t\t\t<\/div>\n\t\t<\/section>\n\t\t\t\t\t<\/div>\n\t\t<\/div>\n\t\t\t\t\t<\/div>\n\t\t<\/section>\n\t\t\t\t<\/div>\n\t\t","protected":false},"excerpt":{"rendered":"<p>PI-RENSER A FORDELER: skader ikke o-ringer og tetninger i pumper og hoder har konserverende egenskaper skummer ikke ved kontakt med skummet polyuretanharpiks fordamper ikke blandet med harpiks &laquo;deaktiverer det&raquo; den er \u00f8kologisk og har ingen ADR-merking Den er ikke egnet for tynning av injeksjonsharpikser for \u00e5 redusere deres viskositet, i kontakt med harpiksen n\u00f8ytraliserer den [&hellip;]<\/p>\n","protected":false},"featured_media":40427,"template":"","meta":{"_acf_changed":false},"product_brand":[],"product_cat":[1904,470],"product_tag":[],"class_list":{"0":"post-44502","1":"product","2":"type-product","3":"status-publish","4":"has-post-thumbnail","6":"product_cat-injeksjonsharpikser","7":"product_cat-injeksjonstilbehor","8":"pa_przylacza-i-czyszczenie-tilkoblinger-og-rengjoring","9":"pa_waga-1-kg-no","10":"pa_waga-5-kg-no","12":"first","13":"instock","14":"taxable","15":"shipping-taxable","16":"purchasable","17":"product-type-variable"},"acf":[],"yoast_head":"<!-- This site is optimized with the Yoast SEO plugin v27.3 - https:\/\/yoast.com\/product\/yoast-seo-wordpress\/ -->\n<title>Rengj\u00f8ringsmiddel for injeksjonspumper - PAKERY.PL<\/title>\n<meta name=\"description\" content=\"Injeksjonspumperenser | Den h\u00f8ye oppl\u00f8sningsevnen er egnet for fjerning av flytende polyuretan eller epoksyharpiks\" \/>\n<meta name=\"robots\" content=\"index, follow, max-snippet:-1, max-image-preview:large, max-video-preview:-1\" \/>\n<link rel=\"canonical\" href=\"https:\/\/www.pakery.pl\/no\/produkt\/rengjoringsmiddel-for-injeksjonspumper\/\" \/>\n<meta property=\"og:locale\" content=\"nb_NO\" \/>\n<meta property=\"og:type\" content=\"article\" \/>\n<meta property=\"og:title\" content=\"Rengj\u00f8ringsmiddel for injeksjonspumper - PAKERY.PL\" \/>\n<meta property=\"og:description\" content=\"Injeksjonspumperenser | Den h\u00f8ye oppl\u00f8sningsevnen er egnet for fjerning av flytende polyuretan eller epoksyharpiks\" \/>\n<meta property=\"og:url\" content=\"https:\/\/www.pakery.pl\/no\/produkt\/rengjoringsmiddel-for-injeksjonspumper\/\" \/>\n<meta property=\"og:site_name\" content=\"PAKERY.PL\" \/>\n<meta property=\"article:modified_time\" content=\"2023-04-06T10:28:24+00:00\" \/>\n<meta property=\"og:image\" content=\"https:\/\/www.pakery.pl\/wp-content\/uploads\/2021\/05\/cleaner-15-e1656664350611.png\" \/>\n\t<meta property=\"og:image:width\" content=\"850\" \/>\n\t<meta property=\"og:image:height\" content=\"768\" \/>\n\t<meta property=\"og:image:type\" content=\"image\/png\" \/>\n<meta name=\"twitter:card\" content=\"summary_large_image\" \/>\n<script type=\"application\/ld+json\" class=\"yoast-schema-graph\">{\"@context\":\"https:\\\/\\\/schema.org\",\"@graph\":[{\"@type\":\"WebPage\",\"@id\":\"https:\\\/\\\/www.pakery.pl\\\/no\\\/produkt\\\/rengjoringsmiddel-for-injeksjonspumper\\\/\",\"url\":\"https:\\\/\\\/www.pakery.pl\\\/no\\\/produkt\\\/rengjoringsmiddel-for-injeksjonspumper\\\/\",\"name\":\"Rengj\u00f8ringsmiddel for injeksjonspumper - PAKERY.PL\",\"isPartOf\":{\"@id\":\"https:\\\/\\\/www.pakery.pl\\\/no\\\/#website\"},\"primaryImageOfPage\":{\"@id\":\"https:\\\/\\\/www.pakery.pl\\\/no\\\/produkt\\\/rengjoringsmiddel-for-injeksjonspumper\\\/#primaryimage\"},\"image\":{\"@id\":\"https:\\\/\\\/www.pakery.pl\\\/no\\\/produkt\\\/rengjoringsmiddel-for-injeksjonspumper\\\/#primaryimage\"},\"thumbnailUrl\":\"https:\\\/\\\/www.pakery.pl\\\/wp-content\\\/uploads\\\/2021\\\/05\\\/cleaner-15-e1656664350611.png\",\"datePublished\":\"2023-04-06T10:28:18+00:00\",\"dateModified\":\"2023-04-06T10:28:24+00:00\",\"description\":\"Injeksjonspumperenser | Den h\u00f8ye oppl\u00f8sningsevnen er egnet for fjerning av flytende polyuretan eller epoksyharpiks\",\"breadcrumb\":{\"@id\":\"https:\\\/\\\/www.pakery.pl\\\/no\\\/produkt\\\/rengjoringsmiddel-for-injeksjonspumper\\\/#breadcrumb\"},\"inLanguage\":\"nb-NO\",\"potentialAction\":[{\"@type\":\"ReadAction\",\"target\":[\"https:\\\/\\\/www.pakery.pl\\\/no\\\/produkt\\\/rengjoringsmiddel-for-injeksjonspumper\\\/\"]}]},{\"@type\":\"ImageObject\",\"inLanguage\":\"nb-NO\",\"@id\":\"https:\\\/\\\/www.pakery.pl\\\/no\\\/produkt\\\/rengjoringsmiddel-for-injeksjonspumper\\\/#primaryimage\",\"url\":\"https:\\\/\\\/www.pakery.pl\\\/wp-content\\\/uploads\\\/2021\\\/05\\\/cleaner-15-e1656664350611.png\",\"contentUrl\":\"https:\\\/\\\/www.pakery.pl\\\/wp-content\\\/uploads\\\/2021\\\/05\\\/cleaner-15-e1656664350611.png\",\"width\":850,\"height\":768},{\"@type\":\"BreadcrumbList\",\"@id\":\"https:\\\/\\\/www.pakery.pl\\\/no\\\/produkt\\\/rengjoringsmiddel-for-injeksjonspumper\\\/#breadcrumb\",\"itemListElement\":[{\"@type\":\"ListItem\",\"position\":1,\"name\":\"Strona g\u0142\u00f3wna\",\"item\":\"https:\\\/\\\/www.pakery.pl\\\/no\\\/\"},{\"@type\":\"ListItem\",\"position\":2,\"name\":\"butikk\",\"item\":\"https:\\\/\\\/www.pakery.pl\\\/no\\\/butikk\\\/\"},{\"@type\":\"ListItem\",\"position\":3,\"name\":\"Rengj\u00f8ringsmiddel for injeksjonspumper\"}]},{\"@type\":\"WebSite\",\"@id\":\"https:\\\/\\\/www.pakery.pl\\\/no\\\/#website\",\"url\":\"https:\\\/\\\/www.pakery.pl\\\/no\\\/\",\"name\":\"Pakery.pl\",\"description\":\"Pakery iniekcyjne, Kotwy spiralne, Lance iniekcyjne, W\u0119\u017ce do iniekcji, Pompy iniekcyjne, Serwis pomp iniekcyjnych, Wynajem pomp do iniekcji\",\"publisher\":{\"@id\":\"https:\\\/\\\/www.pakery.pl\\\/no\\\/#organization\"},\"potentialAction\":[{\"@type\":\"SearchAction\",\"target\":{\"@type\":\"EntryPoint\",\"urlTemplate\":\"https:\\\/\\\/www.pakery.pl\\\/no\\\/?s={search_term_string}\"},\"query-input\":{\"@type\":\"PropertyValueSpecification\",\"valueRequired\":true,\"valueName\":\"search_term_string\"}}],\"inLanguage\":\"nb-NO\"},{\"@type\":\"Organization\",\"@id\":\"https:\\\/\\\/www.pakery.pl\\\/no\\\/#organization\",\"name\":\"PAKERY.PL\",\"url\":\"https:\\\/\\\/www.pakery.pl\\\/no\\\/\",\"logo\":{\"@type\":\"ImageObject\",\"inLanguage\":\"nb-NO\",\"@id\":\"https:\\\/\\\/www.pakery.pl\\\/no\\\/#\\\/schema\\\/logo\\\/image\\\/\",\"url\":\"https:\\\/\\\/www.pakery.pl\\\/wp-content\\\/uploads\\\/2021\\\/04\\\/cropped-PAKERY-LOGO.png\",\"contentUrl\":\"https:\\\/\\\/www.pakery.pl\\\/wp-content\\\/uploads\\\/2021\\\/04\\\/cropped-PAKERY-LOGO.png\",\"width\":1529,\"height\":500,\"caption\":\"PAKERY.PL\"},\"image\":{\"@id\":\"https:\\\/\\\/www.pakery.pl\\\/no\\\/#\\\/schema\\\/logo\\\/image\\\/\"}}]}<\/script>\n<!-- \/ Yoast SEO plugin. -->","yoast_head_json":{"title":"Rengj\u00f8ringsmiddel for injeksjonspumper - PAKERY.PL","description":"Injeksjonspumperenser | Den h\u00f8ye oppl\u00f8sningsevnen er egnet for fjerning av flytende polyuretan eller epoksyharpiks","robots":{"index":"index","follow":"follow","max-snippet":"max-snippet:-1","max-image-preview":"max-image-preview:large","max-video-preview":"max-video-preview:-1"},"canonical":"https:\/\/www.pakery.pl\/no\/produkt\/rengjoringsmiddel-for-injeksjonspumper\/","og_locale":"nb_NO","og_type":"article","og_title":"Rengj\u00f8ringsmiddel for injeksjonspumper - PAKERY.PL","og_description":"Injeksjonspumperenser | Den h\u00f8ye oppl\u00f8sningsevnen er egnet for fjerning av flytende polyuretan eller epoksyharpiks","og_url":"https:\/\/www.pakery.pl\/no\/produkt\/rengjoringsmiddel-for-injeksjonspumper\/","og_site_name":"PAKERY.PL","article_modified_time":"2023-04-06T10:28:24+00:00","og_image":[{"width":850,"height":768,"url":"https:\/\/www.pakery.pl\/wp-content\/uploads\/2021\/05\/cleaner-15-e1656664350611.png","type":"image\/png"}],"twitter_card":"summary_large_image","schema":{"@context":"https:\/\/schema.org","@graph":[{"@type":"WebPage","@id":"https:\/\/www.pakery.pl\/no\/produkt\/rengjoringsmiddel-for-injeksjonspumper\/","url":"https:\/\/www.pakery.pl\/no\/produkt\/rengjoringsmiddel-for-injeksjonspumper\/","name":"Rengj\u00f8ringsmiddel for injeksjonspumper - PAKERY.PL","isPartOf":{"@id":"https:\/\/www.pakery.pl\/no\/#website"},"primaryImageOfPage":{"@id":"https:\/\/www.pakery.pl\/no\/produkt\/rengjoringsmiddel-for-injeksjonspumper\/#primaryimage"},"image":{"@id":"https:\/\/www.pakery.pl\/no\/produkt\/rengjoringsmiddel-for-injeksjonspumper\/#primaryimage"},"thumbnailUrl":"https:\/\/www.pakery.pl\/wp-content\/uploads\/2021\/05\/cleaner-15-e1656664350611.png","datePublished":"2023-04-06T10:28:18+00:00","dateModified":"2023-04-06T10:28:24+00:00","description":"Injeksjonspumperenser | Den h\u00f8ye oppl\u00f8sningsevnen er egnet for fjerning av flytende polyuretan eller epoksyharpiks","breadcrumb":{"@id":"https:\/\/www.pakery.pl\/no\/produkt\/rengjoringsmiddel-for-injeksjonspumper\/#breadcrumb"},"inLanguage":"nb-NO","potentialAction":[{"@type":"ReadAction","target":["https:\/\/www.pakery.pl\/no\/produkt\/rengjoringsmiddel-for-injeksjonspumper\/"]}]},{"@type":"ImageObject","inLanguage":"nb-NO","@id":"https:\/\/www.pakery.pl\/no\/produkt\/rengjoringsmiddel-for-injeksjonspumper\/#primaryimage","url":"https:\/\/www.pakery.pl\/wp-content\/uploads\/2021\/05\/cleaner-15-e1656664350611.png","contentUrl":"https:\/\/www.pakery.pl\/wp-content\/uploads\/2021\/05\/cleaner-15-e1656664350611.png","width":850,"height":768},{"@type":"BreadcrumbList","@id":"https:\/\/www.pakery.pl\/no\/produkt\/rengjoringsmiddel-for-injeksjonspumper\/#breadcrumb","itemListElement":[{"@type":"ListItem","position":1,"name":"Strona g\u0142\u00f3wna","item":"https:\/\/www.pakery.pl\/no\/"},{"@type":"ListItem","position":2,"name":"butikk","item":"https:\/\/www.pakery.pl\/no\/butikk\/"},{"@type":"ListItem","position":3,"name":"Rengj\u00f8ringsmiddel for injeksjonspumper"}]},{"@type":"WebSite","@id":"https:\/\/www.pakery.pl\/no\/#website","url":"https:\/\/www.pakery.pl\/no\/","name":"Pakery.pl","description":"Pakery iniekcyjne, Kotwy spiralne, Lance iniekcyjne, W\u0119\u017ce do iniekcji, Pompy iniekcyjne, Serwis pomp iniekcyjnych, Wynajem pomp do iniekcji","publisher":{"@id":"https:\/\/www.pakery.pl\/no\/#organization"},"potentialAction":[{"@type":"SearchAction","target":{"@type":"EntryPoint","urlTemplate":"https:\/\/www.pakery.pl\/no\/?s={search_term_string}"},"query-input":{"@type":"PropertyValueSpecification","valueRequired":true,"valueName":"search_term_string"}}],"inLanguage":"nb-NO"},{"@type":"Organization","@id":"https:\/\/www.pakery.pl\/no\/#organization","name":"PAKERY.PL","url":"https:\/\/www.pakery.pl\/no\/","logo":{"@type":"ImageObject","inLanguage":"nb-NO","@id":"https:\/\/www.pakery.pl\/no\/#\/schema\/logo\/image\/","url":"https:\/\/www.pakery.pl\/wp-content\/uploads\/2021\/04\/cropped-PAKERY-LOGO.png","contentUrl":"https:\/\/www.pakery.pl\/wp-content\/uploads\/2021\/04\/cropped-PAKERY-LOGO.png","width":1529,"height":500,"caption":"PAKERY.PL"},"image":{"@id":"https:\/\/www.pakery.pl\/no\/#\/schema\/logo\/image\/"}}]}},"_links":{"self":[{"href":"https:\/\/www.pakery.pl\/no\/wp-json\/wp\/v2\/product\/44502","targetHints":{"allow":["GET"]}}],"collection":[{"href":"https:\/\/www.pakery.pl\/no\/wp-json\/wp\/v2\/product"}],"about":[{"href":"https:\/\/www.pakery.pl\/no\/wp-json\/wp\/v2\/types\/product"}],"version-history":[{"count":1,"href":"https:\/\/www.pakery.pl\/no\/wp-json\/wp\/v2\/product\/44502\/revisions"}],"predecessor-version":[{"id":44505,"href":"https:\/\/www.pakery.pl\/no\/wp-json\/wp\/v2\/product\/44502\/revisions\/44505"}],"wp:featuredmedia":[{"embeddable":true,"href":"https:\/\/www.pakery.pl\/no\/wp-json\/wp\/v2\/media\/40427"}],"wp:attachment":[{"href":"https:\/\/www.pakery.pl\/no\/wp-json\/wp\/v2\/media?parent=44502"}],"wp:term":[{"taxonomy":"product_brand","embeddable":true,"href":"https:\/\/www.pakery.pl\/no\/wp-json\/wp\/v2\/product_brand?post=44502"},{"taxonomy":"product_cat","embeddable":true,"href":"https:\/\/www.pakery.pl\/no\/wp-json\/wp\/v2\/product_cat?post=44502"},{"taxonomy":"product_tag","embeddable":true,"href":"https:\/\/www.pakery.pl\/no\/wp-json\/wp\/v2\/product_tag?post=44502"}],"curies":[{"name":"wp","href":"https:\/\/api.w.org\/{rel}","templated":true}]}}