{"id":11138,"date":"2021-06-21T12:24:37","date_gmt":"2021-08-10T06:27:39","guid":{"rendered":"https:\/\/www.pakery.pl\/produkt\/2x90-graders-kontakt\/"},"modified":"2021-08-10T08:27:40","modified_gmt":"2021-08-10T06:27:40","slug":"2x90-graders-kontakt","status":"publish","type":"product","link":"https:\/\/www.pakery.pl\/no\/produkt\/2x90-graders-kontakt\/","title":{"rendered":"2&#215;90 graders kontakt"},"content":{"rendered":"\t\t<div data-elementor-type=\"product-post\" data-elementor-id=\"11138\" class=\"elementor elementor-11138 elementor-4801\" data-elementor-post-type=\"product\">\n\t\t\t\t\t\t<section class=\"elementor-section elementor-top-section elementor-element elementor-element-c89a7f0 elementor-section-full_width elementor-section-height-default elementor-section-height-default\" data-id=\"c89a7f0\" data-element_type=\"section\" data-e-type=\"section\">\n\t\t\t\t\t\t<div class=\"elementor-container elementor-column-gap-default\">\n\t\t\t\t\t<div class=\"elementor-column elementor-col-100 elementor-top-column elementor-element elementor-element-80ed196\" data-id=\"80ed196\" data-element_type=\"column\" data-e-type=\"column\">\n\t\t\t<div class=\"elementor-widget-wrap elementor-element-populated\">\n\t\t\t\t\t\t<div class=\"elementor-element elementor-element-3a48993 elementor-widget elementor-widget-text-editor\" data-id=\"3a48993\" data-element_type=\"widget\" data-e-type=\"widget\" data-widget_type=\"text-editor.default\">\n\t\t\t\t<div class=\"elementor-widget-container\">\n\t\t\t\t\t\t\t\t\t<p><span style=\"color: #000000;\">Smarthose injeksjonsslangesystemkobling. For tilkobling av en Smarthose injeksjonsslange og en tilf\u00f8rselsslange, eller for tilkobling av to Smarthose injeksjonsslanger.<\/span><\/p>\n<p><span style=\"color: #000000;\">En 13-15 mm binaural pin vil v\u00e6re n\u00f8dvendig for \u00e5 forsegle skj\u00f8ten helt.<\/span><\/p>\n\t\t\t\t\t\t\t\t<\/div>\n\t\t\t\t<\/div>\n\t\t\t\t<section class=\"elementor-section elementor-inner-section elementor-element elementor-element-f4ef7c4 elementor-section-boxed elementor-section-height-default elementor-section-height-default\" data-id=\"f4ef7c4\" data-element_type=\"section\" data-e-type=\"section\">\n\t\t\t\t\t\t<div class=\"elementor-container elementor-column-gap-default\">\n\t\t\t\t\t<div class=\"elementor-column elementor-col-50 elementor-inner-column elementor-element elementor-element-14c81ac\" data-id=\"14c81ac\" data-element_type=\"column\" data-e-type=\"column\">\n\t\t\t<div class=\"elementor-widget-wrap elementor-element-populated\">\n\t\t\t\t\t\t<div class=\"elementor-element elementor-element-d133a80 elementor-align-center elementor-widget elementor-widget-button\" data-id=\"d133a80\" data-element_type=\"widget\" data-e-type=\"widget\" data-widget_type=\"button.default\">\n\t\t\t\t<div class=\"elementor-widget-container\">\n\t\t\t\t\t\t\t\t\t<div class=\"elementor-button-wrapper\">\n\t\t\t\t\t<a class=\"elementor-button elementor-button-link elementor-size-sm\" href=\"https:\/\/www.pakery.pl\/produkt\/cybant-zacisk-dwuuszny-na-weze-iniekcyjne\/\">\n\t\t\t\t\t\t<span class=\"elementor-button-content-wrapper\">\n\t\t\t\t\t\t\t\t\t<span class=\"elementor-button-text\">Velg en cybant <\/span>\n\t\t\t\t\t<\/span>\n\t\t\t\t\t<\/a>\n\t\t\t\t<\/div>\n\t\t\t\t\t\t\t\t<\/div>\n\t\t\t\t<\/div>\n\t\t\t\t\t<\/div>\n\t\t<\/div>\n\t\t\t\t<div class=\"elementor-column elementor-col-50 elementor-inner-column elementor-element elementor-element-1b48cac\" data-id=\"1b48cac\" data-element_type=\"column\" data-e-type=\"column\">\n\t\t\t<div class=\"elementor-widget-wrap elementor-element-populated\">\n\t\t\t\t\t\t<div class=\"elementor-element elementor-element-4b2e06b elementor-widget elementor-widget-image\" data-id=\"4b2e06b\" data-element_type=\"widget\" data-e-type=\"widget\" data-widget_type=\"image.default\">\n\t\t\t\t<div class=\"elementor-widget-container\">\n\t\t\t\t\t\t\t\t\t\t\t\t\t\t\t<img decoding=\"async\" width=\"150\" height=\"150\" src=\"https:\/\/www.pakery.pl\/wp-content\/uploads\/2021\/06\/cybant-15-150x150.png\" class=\"attachment-thumbnail size-thumbnail wp-image-11092\" alt=\"\" srcset=\"https:\/\/www.pakery.pl\/wp-content\/uploads\/2021\/06\/cybant-15-150x150.png 150w, https:\/\/www.pakery.pl\/wp-content\/uploads\/2021\/06\/cybant-15-110x110.png 110w\" sizes=\"(max-width: 150px) 100vw, 150px\" \/>\t\t\t\t\t\t\t\t\t\t\t\t\t\t\t<\/div>\n\t\t\t\t<\/div>\n\t\t\t\t\t<\/div>\n\t\t<\/div>\n\t\t\t\t\t<\/div>\n\t\t<\/section>\n\t\t\t\t\t<\/div>\n\t\t<\/div>\n\t\t\t\t\t<\/div>\n\t\t<\/section>\n\t\t\t\t<\/div>\n\t\t","protected":false},"excerpt":{"rendered":"<p>Smarthose injeksjonsslangesystemkobling. For tilkobling av en Smarthose injeksjonsslange og en tilf\u00f8rselsslange, eller for tilkobling av to Smarthose injeksjonsslanger. En 13-15 mm binaural pin vil v\u00e6re n\u00f8dvendig for \u00e5 forsegle skj\u00f8ten helt. Velg en cybant<\/p>\n","protected":false},"featured_media":11139,"template":"","meta":{"_acf_changed":false},"product_brand":[],"product_cat":[472],"product_tag":[],"class_list":{"0":"post-11138","1":"product","2":"type-product","3":"status-publish","4":"has-post-thumbnail","6":"product_cat-innsproytningsslanger","8":"first","9":"instock","10":"taxable","11":"shipping-taxable","12":"purchasable","13":"product-type-simple"},"acf":[],"yoast_head":"<!-- This site is optimized with the Yoast SEO plugin v27.3 - https:\/\/yoast.com\/product\/yoast-seo-wordpress\/ -->\n<title>2x90 graders kontakt - PAKERY.PL<\/title>\n<meta name=\"robots\" content=\"index, follow, max-snippet:-1, max-image-preview:large, max-video-preview:-1\" \/>\n<link rel=\"canonical\" href=\"https:\/\/www.pakery.pl\/no\/produkt\/2x90-graders-kontakt\/\" \/>\n<meta property=\"og:locale\" content=\"nb_NO\" \/>\n<meta property=\"og:type\" content=\"article\" \/>\n<meta property=\"og:title\" content=\"2x90 graders kontakt - PAKERY.PL\" \/>\n<meta property=\"og:description\" content=\"Smarthose injeksjonsslangesystemkobling. For tilkobling av en Smarthose injeksjonsslange og en tilf\u00f8rselsslange, eller for tilkobling av to Smarthose injeksjonsslanger. En 13-15 mm binaural pin vil v\u00e6re n\u00f8dvendig for \u00e5 forsegle skj\u00f8ten helt. Velg en cybant\" \/>\n<meta property=\"og:url\" content=\"https:\/\/www.pakery.pl\/no\/produkt\/2x90-graders-kontakt\/\" \/>\n<meta property=\"og:site_name\" content=\"PAKERY.PL\" \/>\n<meta property=\"article:modified_time\" content=\"2021-08-10T06:27:40+00:00\" \/>\n<meta property=\"og:image\" content=\"https:\/\/www.pakery.pl\/wp-content\/uploads\/2021\/06\/lacznik-2x90-1.png\" \/>\n\t<meta property=\"og:image:width\" content=\"2500\" \/>\n\t<meta property=\"og:image:height\" content=\"2500\" \/>\n\t<meta property=\"og:image:type\" content=\"image\/png\" \/>\n<meta name=\"twitter:card\" content=\"summary_large_image\" \/>\n<script type=\"application\/ld+json\" class=\"yoast-schema-graph\">{\"@context\":\"https:\\\/\\\/schema.org\",\"@graph\":[{\"@type\":\"WebPage\",\"@id\":\"https:\\\/\\\/www.pakery.pl\\\/no\\\/produkt\\\/2x90-graders-kontakt\\\/\",\"url\":\"https:\\\/\\\/www.pakery.pl\\\/no\\\/produkt\\\/2x90-graders-kontakt\\\/\",\"name\":\"2x90 graders kontakt - PAKERY.PL\",\"isPartOf\":{\"@id\":\"https:\\\/\\\/www.pakery.pl\\\/no\\\/#website\"},\"primaryImageOfPage\":{\"@id\":\"https:\\\/\\\/www.pakery.pl\\\/no\\\/produkt\\\/2x90-graders-kontakt\\\/#primaryimage\"},\"image\":{\"@id\":\"https:\\\/\\\/www.pakery.pl\\\/no\\\/produkt\\\/2x90-graders-kontakt\\\/#primaryimage\"},\"thumbnailUrl\":\"https:\\\/\\\/www.pakery.pl\\\/wp-content\\\/uploads\\\/2021\\\/06\\\/lacznik-2x90-1.png\",\"datePublished\":\"2021-08-10T06:27:39+00:00\",\"dateModified\":\"2021-08-10T06:27:40+00:00\",\"breadcrumb\":{\"@id\":\"https:\\\/\\\/www.pakery.pl\\\/no\\\/produkt\\\/2x90-graders-kontakt\\\/#breadcrumb\"},\"inLanguage\":\"nb-NO\",\"potentialAction\":[{\"@type\":\"ReadAction\",\"target\":[\"https:\\\/\\\/www.pakery.pl\\\/no\\\/produkt\\\/2x90-graders-kontakt\\\/\"]}]},{\"@type\":\"ImageObject\",\"inLanguage\":\"nb-NO\",\"@id\":\"https:\\\/\\\/www.pakery.pl\\\/no\\\/produkt\\\/2x90-graders-kontakt\\\/#primaryimage\",\"url\":\"https:\\\/\\\/www.pakery.pl\\\/wp-content\\\/uploads\\\/2021\\\/06\\\/lacznik-2x90-1.png\",\"contentUrl\":\"https:\\\/\\\/www.pakery.pl\\\/wp-content\\\/uploads\\\/2021\\\/06\\\/lacznik-2x90-1.png\",\"width\":2500,\"height\":2500},{\"@type\":\"BreadcrumbList\",\"@id\":\"https:\\\/\\\/www.pakery.pl\\\/no\\\/produkt\\\/2x90-graders-kontakt\\\/#breadcrumb\",\"itemListElement\":[{\"@type\":\"ListItem\",\"position\":1,\"name\":\"Strona g\u0142\u00f3wna\",\"item\":\"https:\\\/\\\/www.pakery.pl\\\/no\\\/\"},{\"@type\":\"ListItem\",\"position\":2,\"name\":\"butikk\",\"item\":\"https:\\\/\\\/www.pakery.pl\\\/no\\\/butikk\\\/\"},{\"@type\":\"ListItem\",\"position\":3,\"name\":\"2&#215;90 graders kontakt\"}]},{\"@type\":\"WebSite\",\"@id\":\"https:\\\/\\\/www.pakery.pl\\\/no\\\/#website\",\"url\":\"https:\\\/\\\/www.pakery.pl\\\/no\\\/\",\"name\":\"Pakery.pl\",\"description\":\"Pakery iniekcyjne, Kotwy spiralne, Lance iniekcyjne, W\u0119\u017ce do iniekcji, Pompy iniekcyjne, Serwis pomp iniekcyjnych, Wynajem pomp do iniekcji\",\"publisher\":{\"@id\":\"https:\\\/\\\/www.pakery.pl\\\/no\\\/#organization\"},\"potentialAction\":[{\"@type\":\"SearchAction\",\"target\":{\"@type\":\"EntryPoint\",\"urlTemplate\":\"https:\\\/\\\/www.pakery.pl\\\/no\\\/?s={search_term_string}\"},\"query-input\":{\"@type\":\"PropertyValueSpecification\",\"valueRequired\":true,\"valueName\":\"search_term_string\"}}],\"inLanguage\":\"nb-NO\"},{\"@type\":\"Organization\",\"@id\":\"https:\\\/\\\/www.pakery.pl\\\/no\\\/#organization\",\"name\":\"PAKERY.PL\",\"url\":\"https:\\\/\\\/www.pakery.pl\\\/no\\\/\",\"logo\":{\"@type\":\"ImageObject\",\"inLanguage\":\"nb-NO\",\"@id\":\"https:\\\/\\\/www.pakery.pl\\\/no\\\/#\\\/schema\\\/logo\\\/image\\\/\",\"url\":\"https:\\\/\\\/www.pakery.pl\\\/wp-content\\\/uploads\\\/2021\\\/04\\\/cropped-PAKERY-LOGO.png\",\"contentUrl\":\"https:\\\/\\\/www.pakery.pl\\\/wp-content\\\/uploads\\\/2021\\\/04\\\/cropped-PAKERY-LOGO.png\",\"width\":1529,\"height\":500,\"caption\":\"PAKERY.PL\"},\"image\":{\"@id\":\"https:\\\/\\\/www.pakery.pl\\\/no\\\/#\\\/schema\\\/logo\\\/image\\\/\"}}]}<\/script>\n<!-- \/ Yoast SEO plugin. -->","yoast_head_json":{"title":"2x90 graders kontakt - PAKERY.PL","robots":{"index":"index","follow":"follow","max-snippet":"max-snippet:-1","max-image-preview":"max-image-preview:large","max-video-preview":"max-video-preview:-1"},"canonical":"https:\/\/www.pakery.pl\/no\/produkt\/2x90-graders-kontakt\/","og_locale":"nb_NO","og_type":"article","og_title":"2x90 graders kontakt - PAKERY.PL","og_description":"Smarthose injeksjonsslangesystemkobling. For tilkobling av en Smarthose injeksjonsslange og en tilf\u00f8rselsslange, eller for tilkobling av to Smarthose injeksjonsslanger. En 13-15 mm binaural pin vil v\u00e6re n\u00f8dvendig for \u00e5 forsegle skj\u00f8ten helt. Velg en cybant","og_url":"https:\/\/www.pakery.pl\/no\/produkt\/2x90-graders-kontakt\/","og_site_name":"PAKERY.PL","article_modified_time":"2021-08-10T06:27:40+00:00","og_image":[{"width":2500,"height":2500,"url":"https:\/\/www.pakery.pl\/wp-content\/uploads\/2021\/06\/lacznik-2x90-1.png","type":"image\/png"}],"twitter_card":"summary_large_image","schema":{"@context":"https:\/\/schema.org","@graph":[{"@type":"WebPage","@id":"https:\/\/www.pakery.pl\/no\/produkt\/2x90-graders-kontakt\/","url":"https:\/\/www.pakery.pl\/no\/produkt\/2x90-graders-kontakt\/","name":"2x90 graders kontakt - PAKERY.PL","isPartOf":{"@id":"https:\/\/www.pakery.pl\/no\/#website"},"primaryImageOfPage":{"@id":"https:\/\/www.pakery.pl\/no\/produkt\/2x90-graders-kontakt\/#primaryimage"},"image":{"@id":"https:\/\/www.pakery.pl\/no\/produkt\/2x90-graders-kontakt\/#primaryimage"},"thumbnailUrl":"https:\/\/www.pakery.pl\/wp-content\/uploads\/2021\/06\/lacznik-2x90-1.png","datePublished":"2021-08-10T06:27:39+00:00","dateModified":"2021-08-10T06:27:40+00:00","breadcrumb":{"@id":"https:\/\/www.pakery.pl\/no\/produkt\/2x90-graders-kontakt\/#breadcrumb"},"inLanguage":"nb-NO","potentialAction":[{"@type":"ReadAction","target":["https:\/\/www.pakery.pl\/no\/produkt\/2x90-graders-kontakt\/"]}]},{"@type":"ImageObject","inLanguage":"nb-NO","@id":"https:\/\/www.pakery.pl\/no\/produkt\/2x90-graders-kontakt\/#primaryimage","url":"https:\/\/www.pakery.pl\/wp-content\/uploads\/2021\/06\/lacznik-2x90-1.png","contentUrl":"https:\/\/www.pakery.pl\/wp-content\/uploads\/2021\/06\/lacznik-2x90-1.png","width":2500,"height":2500},{"@type":"BreadcrumbList","@id":"https:\/\/www.pakery.pl\/no\/produkt\/2x90-graders-kontakt\/#breadcrumb","itemListElement":[{"@type":"ListItem","position":1,"name":"Strona g\u0142\u00f3wna","item":"https:\/\/www.pakery.pl\/no\/"},{"@type":"ListItem","position":2,"name":"butikk","item":"https:\/\/www.pakery.pl\/no\/butikk\/"},{"@type":"ListItem","position":3,"name":"2&#215;90 graders kontakt"}]},{"@type":"WebSite","@id":"https:\/\/www.pakery.pl\/no\/#website","url":"https:\/\/www.pakery.pl\/no\/","name":"Pakery.pl","description":"Pakery iniekcyjne, Kotwy spiralne, Lance iniekcyjne, W\u0119\u017ce do iniekcji, Pompy iniekcyjne, Serwis pomp iniekcyjnych, Wynajem pomp do iniekcji","publisher":{"@id":"https:\/\/www.pakery.pl\/no\/#organization"},"potentialAction":[{"@type":"SearchAction","target":{"@type":"EntryPoint","urlTemplate":"https:\/\/www.pakery.pl\/no\/?s={search_term_string}"},"query-input":{"@type":"PropertyValueSpecification","valueRequired":true,"valueName":"search_term_string"}}],"inLanguage":"nb-NO"},{"@type":"Organization","@id":"https:\/\/www.pakery.pl\/no\/#organization","name":"PAKERY.PL","url":"https:\/\/www.pakery.pl\/no\/","logo":{"@type":"ImageObject","inLanguage":"nb-NO","@id":"https:\/\/www.pakery.pl\/no\/#\/schema\/logo\/image\/","url":"https:\/\/www.pakery.pl\/wp-content\/uploads\/2021\/04\/cropped-PAKERY-LOGO.png","contentUrl":"https:\/\/www.pakery.pl\/wp-content\/uploads\/2021\/04\/cropped-PAKERY-LOGO.png","width":1529,"height":500,"caption":"PAKERY.PL"},"image":{"@id":"https:\/\/www.pakery.pl\/no\/#\/schema\/logo\/image\/"}}]}},"_links":{"self":[{"href":"https:\/\/www.pakery.pl\/no\/wp-json\/wp\/v2\/product\/11138","targetHints":{"allow":["GET"]}}],"collection":[{"href":"https:\/\/www.pakery.pl\/no\/wp-json\/wp\/v2\/product"}],"about":[{"href":"https:\/\/www.pakery.pl\/no\/wp-json\/wp\/v2\/types\/product"}],"version-history":[{"count":1,"href":"https:\/\/www.pakery.pl\/no\/wp-json\/wp\/v2\/product\/11138\/revisions"}],"predecessor-version":[{"id":11140,"href":"https:\/\/www.pakery.pl\/no\/wp-json\/wp\/v2\/product\/11138\/revisions\/11140"}],"wp:featuredmedia":[{"embeddable":true,"href":"https:\/\/www.pakery.pl\/no\/wp-json\/wp\/v2\/media\/11139"}],"wp:attachment":[{"href":"https:\/\/www.pakery.pl\/no\/wp-json\/wp\/v2\/media?parent=11138"}],"wp:term":[{"taxonomy":"product_brand","embeddable":true,"href":"https:\/\/www.pakery.pl\/no\/wp-json\/wp\/v2\/product_brand?post=11138"},{"taxonomy":"product_cat","embeddable":true,"href":"https:\/\/www.pakery.pl\/no\/wp-json\/wp\/v2\/product_cat?post=11138"},{"taxonomy":"product_tag","embeddable":true,"href":"https:\/\/www.pakery.pl\/no\/wp-json\/wp\/v2\/product_tag?post=11138"}],"curies":[{"name":"wp","href":"https:\/\/api.w.org\/{rel}","templated":true}]}}