{"id":10917,"date":"2021-08-10T08:22:48","date_gmt":"2021-08-10T06:22:48","guid":{"rendered":"https:\/\/www.pakery.pl\/produkt\/pakker-for-injeksjonslanser\/"},"modified":"2021-08-10T08:22:49","modified_gmt":"2021-08-10T06:22:49","slug":"pakker-for-injeksjonslanser","status":"publish","type":"product","link":"https:\/\/www.pakery.pl\/no\/produkt\/pakker-for-injeksjonslanser\/","title":{"rendered":"Pakker for injeksjonslanser"},"content":{"rendered":"\t\t<div data-elementor-type=\"product-post\" data-elementor-id=\"10917\" class=\"elementor elementor-10917 elementor-1964\" data-elementor-post-type=\"product\">\n\t\t\t\t\t\t<section class=\"elementor-section elementor-top-section elementor-element elementor-element-50a1b10 elementor-section-full_width elementor-section-height-default elementor-section-height-default\" data-id=\"50a1b10\" data-element_type=\"section\" data-e-type=\"section\">\n\t\t\t\t\t\t<div class=\"elementor-container elementor-column-gap-default\">\n\t\t\t\t\t<div class=\"elementor-column elementor-col-100 elementor-top-column elementor-element elementor-element-ce55051\" data-id=\"ce55051\" data-element_type=\"column\" data-e-type=\"column\">\n\t\t\t<div class=\"elementor-widget-wrap elementor-element-populated\">\n\t\t\t\t\t\t<div class=\"elementor-element elementor-element-4b68a65 elementor-widget elementor-widget-image\" data-id=\"4b68a65\" data-element_type=\"widget\" data-e-type=\"widget\" data-widget_type=\"image.default\">\n\t\t\t\t<div class=\"elementor-widget-container\">\n\t\t\t\t\t\t\t\t\t\t\t\t\t\t\t<img fetchpriority=\"high\" decoding=\"async\" width=\"1763\" height=\"565\" src=\"https:\/\/www.pakery.pl\/wp-content\/uploads\/2021\/05\/schemat-lance-PI-longpack-20200.png\" class=\"attachment-full size-full wp-image-10920\" alt=\"\" srcset=\"https:\/\/www.pakery.pl\/wp-content\/uploads\/2021\/05\/schemat-lance-PI-longpack-20200.png 1763w, https:\/\/www.pakery.pl\/wp-content\/uploads\/2021\/05\/schemat-lance-PI-longpack-20200-300x96.png 300w, https:\/\/www.pakery.pl\/wp-content\/uploads\/2021\/05\/schemat-lance-PI-longpack-20200-1024x328.png 1024w, https:\/\/www.pakery.pl\/wp-content\/uploads\/2021\/05\/schemat-lance-PI-longpack-20200-768x246.png 768w, https:\/\/www.pakery.pl\/wp-content\/uploads\/2021\/05\/schemat-lance-PI-longpack-20200-1536x492.png 1536w, https:\/\/www.pakery.pl\/wp-content\/uploads\/2021\/05\/schemat-lance-PI-longpack-20200-683x219.png 683w, https:\/\/www.pakery.pl\/wp-content\/uploads\/2021\/05\/schemat-lance-PI-longpack-20200-602x193.png 602w\" sizes=\"(max-width: 1763px) 100vw, 1763px\" \/>\t\t\t\t\t\t\t\t\t\t\t\t\t\t\t<\/div>\n\t\t\t\t<\/div>\n\t\t\t\t<div class=\"elementor-element elementor-element-7d622c7 elementor-widget elementor-widget-spacer\" data-id=\"7d622c7\" data-element_type=\"widget\" data-e-type=\"widget\" data-widget_type=\"spacer.default\">\n\t\t\t\t<div class=\"elementor-widget-container\">\n\t\t\t\t\t\t\t<div class=\"elementor-spacer\">\n\t\t\t<div class=\"elementor-spacer-inner\"><\/div>\n\t\t<\/div>\n\t\t\t\t\t\t<\/div>\n\t\t\t\t<\/div>\n\t\t\t\t<section class=\"elementor-section elementor-inner-section elementor-element elementor-element-ef9f8c6 elementor-section-boxed elementor-section-height-default elementor-section-height-default\" data-id=\"ef9f8c6\" data-element_type=\"section\" data-e-type=\"section\">\n\t\t\t\t\t\t<div class=\"elementor-container elementor-column-gap-default\">\n\t\t\t\t\t<div class=\"elementor-column elementor-col-50 elementor-inner-column elementor-element elementor-element-37f609c\" data-id=\"37f609c\" data-element_type=\"column\" data-e-type=\"column\">\n\t\t\t<div class=\"elementor-widget-wrap elementor-element-populated\">\n\t\t\t\t\t\t<div class=\"elementor-element elementor-element-e27a63a elementor-widget elementor-widget-text-editor\" data-id=\"e27a63a\" data-element_type=\"widget\" data-e-type=\"widget\" data-widget_type=\"text-editor.default\">\n\t\t\t\t<div class=\"elementor-widget-container\">\n\t\t\t\t\t\t\t\t\t<p><span style=\"color: #000000;\"><strong>TEKNISKE SPESIFIKASJONER:<\/strong><\/span><\/p>\n<ul>\n<li><span style=\"color: #000000;\">Materiale:<strong> st\u00e5l<\/strong><\/span><\/li>\n<li><span style=\"color: #000000;\">Ons ot. injeksjon:<strong> \u00d820-22 mm<\/strong><\/span><\/li>\n<li><span style=\"color: #000000;\">tilkoblinger:<strong> 1\/4 x 2 tr\u00e5d<\/strong><\/span><\/li>\n<\/ul>\n<p><span style=\"color: #000000;\"><i>Systempakker<\/i><em><strong> JG<\/strong><\/em><i> gj\u00f8r det mulig \u00e5 tette systemet p\u00e5 ethvert sted i systemet (p\u00e5 hvilken som helst dybde).<\/i><\/span><\/p>\n<p><span style=\"color: #000000;\"><span style=\"caret-color: #000000;\"><i> <\/i><\/span><\/span><\/p>\n<p><span style=\"color: #000000;\"><span style=\"caret-color: #000000;\"><i>Injeksjon i bakken bak veggen 120cm? Denne pakkeren for spesielle oppgaver vil bli forankret i \u00f8nsket dybde ved hjelp av JG-CONNECT solid lanse, du kan forlenge den til hvilken som helst lengde. I tillegg vil pannen, beriket med en pigg og en perforert lanse, tykne bakken bak veggen, og enda dypere n\u00e5r det trengs.<\/i><\/span><\/span><\/p>\n<p><span style=\"color: #000000;\"><span style=\"caret-color: #000000;\"><i>Enhver lang tur \/ retur &#8230; <\/i><\/span><\/span><\/p>\n\t\t\t\t\t\t\t\t<\/div>\n\t\t\t\t<\/div>\n\t\t\t\t\t<\/div>\n\t\t<\/div>\n\t\t\t\t<div class=\"elementor-column elementor-col-50 elementor-inner-column elementor-element elementor-element-417763c\" data-id=\"417763c\" data-element_type=\"column\" data-e-type=\"column\">\n\t\t\t<div class=\"elementor-widget-wrap elementor-element-populated\">\n\t\t\t\t\t\t<div class=\"elementor-element elementor-element-1304b40 elementor-widget elementor-widget-image\" data-id=\"1304b40\" data-element_type=\"widget\" data-e-type=\"widget\" data-widget_type=\"image.default\">\n\t\t\t\t<div class=\"elementor-widget-container\">\n\t\t\t\t\t\t\t\t\t\t\t\t\t\t\t<img decoding=\"async\" width=\"1024\" height=\"1024\" src=\"https:\/\/www.pakery.pl\/wp-content\/uploads\/2021\/04\/PI-LONGPACK-20200-1024x1024.png\" class=\"attachment-large size-large wp-image-10918\" alt=\"\" srcset=\"https:\/\/www.pakery.pl\/wp-content\/uploads\/2021\/04\/PI-LONGPACK-20200-1024x1024.png 1024w, https:\/\/www.pakery.pl\/wp-content\/uploads\/2021\/04\/PI-LONGPACK-20200-300x300.png 300w, https:\/\/www.pakery.pl\/wp-content\/uploads\/2021\/04\/PI-LONGPACK-20200-150x150.png 150w, https:\/\/www.pakery.pl\/wp-content\/uploads\/2021\/04\/PI-LONGPACK-20200-768x768.png 768w, https:\/\/www.pakery.pl\/wp-content\/uploads\/2021\/04\/PI-LONGPACK-20200-1536x1536.png 1536w, https:\/\/www.pakery.pl\/wp-content\/uploads\/2021\/04\/PI-LONGPACK-20200-2048x2048.png 2048w, https:\/\/www.pakery.pl\/wp-content\/uploads\/2021\/04\/PI-LONGPACK-20200-683x683.png 683w, https:\/\/www.pakery.pl\/wp-content\/uploads\/2021\/04\/PI-LONGPACK-20200-602x602.png 602w, https:\/\/www.pakery.pl\/wp-content\/uploads\/2021\/04\/PI-LONGPACK-20200-110x110.png 110w\" sizes=\"(max-width: 1024px) 100vw, 1024px\" \/>\t\t\t\t\t\t\t\t\t\t\t\t\t\t\t<\/div>\n\t\t\t\t<\/div>\n\t\t\t\t\t<\/div>\n\t\t<\/div>\n\t\t\t\t\t<\/div>\n\t\t<\/section>\n\t\t\t\t\t<\/div>\n\t\t<\/div>\n\t\t\t\t\t<\/div>\n\t\t<\/section>\n\t\t\t\t<\/div>\n\t\t","protected":false},"excerpt":{"rendered":"<p>TEKNISKE SPESIFIKASJONER: Materiale: st\u00e5l Ons ot. injeksjon: \u00d820-22 mm tilkoblinger: 1\/4 x 2 tr\u00e5d Systempakker JG gj\u00f8r det mulig \u00e5 tette systemet p\u00e5 ethvert sted i systemet (p\u00e5 hvilken som helst dybde). Injeksjon i bakken bak veggen 120cm? Denne pakkeren for spesielle oppgaver vil bli forankret i \u00f8nsket dybde ved hjelp av JG-CONNECT solid lanse, [&hellip;]<\/p>\n","protected":false},"featured_media":10918,"template":"","meta":{"_acf_changed":false},"product_brand":[],"product_cat":[473],"product_tag":[],"class_list":{"0":"post-10917","1":"product","2":"type-product","3":"status-publish","4":"has-post-thumbnail","6":"product_cat-injeksjonslanser","8":"first","9":"instock","10":"taxable","11":"shipping-taxable","12":"purchasable","13":"product-type-simple"},"acf":[],"yoast_head":"<!-- This site is optimized with the Yoast SEO plugin v27.3 - https:\/\/yoast.com\/product\/yoast-seo-wordpress\/ -->\n<title>Pakker for injeksjonslanser - PAKERY.PL<\/title>\n<meta name=\"robots\" content=\"index, follow, max-snippet:-1, max-image-preview:large, max-video-preview:-1\" \/>\n<link rel=\"canonical\" href=\"https:\/\/www.pakery.pl\/no\/produkt\/pakker-for-injeksjonslanser\/\" \/>\n<meta property=\"og:locale\" content=\"nb_NO\" \/>\n<meta property=\"og:type\" content=\"article\" \/>\n<meta property=\"og:title\" content=\"Pakker for injeksjonslanser - PAKERY.PL\" \/>\n<meta property=\"og:description\" content=\"TEKNISKE SPESIFIKASJONER: Materiale: st\u00e5l Ons ot. injeksjon: \u00d820-22 mm tilkoblinger: 1\/4 x 2 tr\u00e5d Systempakker JG gj\u00f8r det mulig \u00e5 tette systemet p\u00e5 ethvert sted i systemet (p\u00e5 hvilken som helst dybde). Injeksjon i bakken bak veggen 120cm? Denne pakkeren for spesielle oppgaver vil bli forankret i \u00f8nsket dybde ved hjelp av JG-CONNECT solid lanse, [&hellip;]\" \/>\n<meta property=\"og:url\" content=\"https:\/\/www.pakery.pl\/no\/produkt\/pakker-for-injeksjonslanser\/\" \/>\n<meta property=\"og:site_name\" content=\"PAKERY.PL\" \/>\n<meta property=\"article:modified_time\" content=\"2021-08-10T06:22:49+00:00\" \/>\n<meta property=\"og:image\" content=\"https:\/\/www.pakery.pl\/wp-content\/uploads\/2021\/04\/PI-LONGPACK-20200.png\" \/>\n\t<meta property=\"og:image:width\" content=\"2500\" \/>\n\t<meta property=\"og:image:height\" content=\"2500\" \/>\n\t<meta property=\"og:image:type\" content=\"image\/png\" \/>\n<meta name=\"twitter:card\" content=\"summary_large_image\" \/>\n<script type=\"application\/ld+json\" class=\"yoast-schema-graph\">{\"@context\":\"https:\\\/\\\/schema.org\",\"@graph\":[{\"@type\":\"WebPage\",\"@id\":\"https:\\\/\\\/www.pakery.pl\\\/no\\\/produkt\\\/pakker-for-injeksjonslanser\\\/\",\"url\":\"https:\\\/\\\/www.pakery.pl\\\/no\\\/produkt\\\/pakker-for-injeksjonslanser\\\/\",\"name\":\"Pakker for injeksjonslanser - PAKERY.PL\",\"isPartOf\":{\"@id\":\"https:\\\/\\\/www.pakery.pl\\\/no\\\/#website\"},\"primaryImageOfPage\":{\"@id\":\"https:\\\/\\\/www.pakery.pl\\\/no\\\/produkt\\\/pakker-for-injeksjonslanser\\\/#primaryimage\"},\"image\":{\"@id\":\"https:\\\/\\\/www.pakery.pl\\\/no\\\/produkt\\\/pakker-for-injeksjonslanser\\\/#primaryimage\"},\"thumbnailUrl\":\"https:\\\/\\\/www.pakery.pl\\\/wp-content\\\/uploads\\\/2021\\\/04\\\/PI-LONGPACK-20200.png\",\"datePublished\":\"2021-08-10T06:22:48+00:00\",\"dateModified\":\"2021-08-10T06:22:49+00:00\",\"breadcrumb\":{\"@id\":\"https:\\\/\\\/www.pakery.pl\\\/no\\\/produkt\\\/pakker-for-injeksjonslanser\\\/#breadcrumb\"},\"inLanguage\":\"nb-NO\",\"potentialAction\":[{\"@type\":\"ReadAction\",\"target\":[\"https:\\\/\\\/www.pakery.pl\\\/no\\\/produkt\\\/pakker-for-injeksjonslanser\\\/\"]}]},{\"@type\":\"ImageObject\",\"inLanguage\":\"nb-NO\",\"@id\":\"https:\\\/\\\/www.pakery.pl\\\/no\\\/produkt\\\/pakker-for-injeksjonslanser\\\/#primaryimage\",\"url\":\"https:\\\/\\\/www.pakery.pl\\\/wp-content\\\/uploads\\\/2021\\\/04\\\/PI-LONGPACK-20200.png\",\"contentUrl\":\"https:\\\/\\\/www.pakery.pl\\\/wp-content\\\/uploads\\\/2021\\\/04\\\/PI-LONGPACK-20200.png\",\"width\":2500,\"height\":2500},{\"@type\":\"BreadcrumbList\",\"@id\":\"https:\\\/\\\/www.pakery.pl\\\/no\\\/produkt\\\/pakker-for-injeksjonslanser\\\/#breadcrumb\",\"itemListElement\":[{\"@type\":\"ListItem\",\"position\":1,\"name\":\"Strona g\u0142\u00f3wna\",\"item\":\"https:\\\/\\\/www.pakery.pl\\\/no\\\/\"},{\"@type\":\"ListItem\",\"position\":2,\"name\":\"butikk\",\"item\":\"https:\\\/\\\/www.pakery.pl\\\/no\\\/butikk\\\/\"},{\"@type\":\"ListItem\",\"position\":3,\"name\":\"Pakker for injeksjonslanser\"}]},{\"@type\":\"WebSite\",\"@id\":\"https:\\\/\\\/www.pakery.pl\\\/no\\\/#website\",\"url\":\"https:\\\/\\\/www.pakery.pl\\\/no\\\/\",\"name\":\"Pakery.pl\",\"description\":\"Pakery iniekcyjne, Kotwy spiralne, Lance iniekcyjne, W\u0119\u017ce do iniekcji, Pompy iniekcyjne, Serwis pomp iniekcyjnych, Wynajem pomp do iniekcji\",\"publisher\":{\"@id\":\"https:\\\/\\\/www.pakery.pl\\\/no\\\/#organization\"},\"potentialAction\":[{\"@type\":\"SearchAction\",\"target\":{\"@type\":\"EntryPoint\",\"urlTemplate\":\"https:\\\/\\\/www.pakery.pl\\\/no\\\/?s={search_term_string}\"},\"query-input\":{\"@type\":\"PropertyValueSpecification\",\"valueRequired\":true,\"valueName\":\"search_term_string\"}}],\"inLanguage\":\"nb-NO\"},{\"@type\":\"Organization\",\"@id\":\"https:\\\/\\\/www.pakery.pl\\\/no\\\/#organization\",\"name\":\"PAKERY.PL\",\"url\":\"https:\\\/\\\/www.pakery.pl\\\/no\\\/\",\"logo\":{\"@type\":\"ImageObject\",\"inLanguage\":\"nb-NO\",\"@id\":\"https:\\\/\\\/www.pakery.pl\\\/no\\\/#\\\/schema\\\/logo\\\/image\\\/\",\"url\":\"https:\\\/\\\/www.pakery.pl\\\/wp-content\\\/uploads\\\/2021\\\/04\\\/cropped-PAKERY-LOGO.png\",\"contentUrl\":\"https:\\\/\\\/www.pakery.pl\\\/wp-content\\\/uploads\\\/2021\\\/04\\\/cropped-PAKERY-LOGO.png\",\"width\":1529,\"height\":500,\"caption\":\"PAKERY.PL\"},\"image\":{\"@id\":\"https:\\\/\\\/www.pakery.pl\\\/no\\\/#\\\/schema\\\/logo\\\/image\\\/\"}}]}<\/script>\n<!-- \/ Yoast SEO plugin. -->","yoast_head_json":{"title":"Pakker for injeksjonslanser - PAKERY.PL","robots":{"index":"index","follow":"follow","max-snippet":"max-snippet:-1","max-image-preview":"max-image-preview:large","max-video-preview":"max-video-preview:-1"},"canonical":"https:\/\/www.pakery.pl\/no\/produkt\/pakker-for-injeksjonslanser\/","og_locale":"nb_NO","og_type":"article","og_title":"Pakker for injeksjonslanser - PAKERY.PL","og_description":"TEKNISKE SPESIFIKASJONER: Materiale: st\u00e5l Ons ot. injeksjon: \u00d820-22 mm tilkoblinger: 1\/4 x 2 tr\u00e5d Systempakker JG gj\u00f8r det mulig \u00e5 tette systemet p\u00e5 ethvert sted i systemet (p\u00e5 hvilken som helst dybde). Injeksjon i bakken bak veggen 120cm? Denne pakkeren for spesielle oppgaver vil bli forankret i \u00f8nsket dybde ved hjelp av JG-CONNECT solid lanse, [&hellip;]","og_url":"https:\/\/www.pakery.pl\/no\/produkt\/pakker-for-injeksjonslanser\/","og_site_name":"PAKERY.PL","article_modified_time":"2021-08-10T06:22:49+00:00","og_image":[{"width":2500,"height":2500,"url":"https:\/\/www.pakery.pl\/wp-content\/uploads\/2021\/04\/PI-LONGPACK-20200.png","type":"image\/png"}],"twitter_card":"summary_large_image","schema":{"@context":"https:\/\/schema.org","@graph":[{"@type":"WebPage","@id":"https:\/\/www.pakery.pl\/no\/produkt\/pakker-for-injeksjonslanser\/","url":"https:\/\/www.pakery.pl\/no\/produkt\/pakker-for-injeksjonslanser\/","name":"Pakker for injeksjonslanser - PAKERY.PL","isPartOf":{"@id":"https:\/\/www.pakery.pl\/no\/#website"},"primaryImageOfPage":{"@id":"https:\/\/www.pakery.pl\/no\/produkt\/pakker-for-injeksjonslanser\/#primaryimage"},"image":{"@id":"https:\/\/www.pakery.pl\/no\/produkt\/pakker-for-injeksjonslanser\/#primaryimage"},"thumbnailUrl":"https:\/\/www.pakery.pl\/wp-content\/uploads\/2021\/04\/PI-LONGPACK-20200.png","datePublished":"2021-08-10T06:22:48+00:00","dateModified":"2021-08-10T06:22:49+00:00","breadcrumb":{"@id":"https:\/\/www.pakery.pl\/no\/produkt\/pakker-for-injeksjonslanser\/#breadcrumb"},"inLanguage":"nb-NO","potentialAction":[{"@type":"ReadAction","target":["https:\/\/www.pakery.pl\/no\/produkt\/pakker-for-injeksjonslanser\/"]}]},{"@type":"ImageObject","inLanguage":"nb-NO","@id":"https:\/\/www.pakery.pl\/no\/produkt\/pakker-for-injeksjonslanser\/#primaryimage","url":"https:\/\/www.pakery.pl\/wp-content\/uploads\/2021\/04\/PI-LONGPACK-20200.png","contentUrl":"https:\/\/www.pakery.pl\/wp-content\/uploads\/2021\/04\/PI-LONGPACK-20200.png","width":2500,"height":2500},{"@type":"BreadcrumbList","@id":"https:\/\/www.pakery.pl\/no\/produkt\/pakker-for-injeksjonslanser\/#breadcrumb","itemListElement":[{"@type":"ListItem","position":1,"name":"Strona g\u0142\u00f3wna","item":"https:\/\/www.pakery.pl\/no\/"},{"@type":"ListItem","position":2,"name":"butikk","item":"https:\/\/www.pakery.pl\/no\/butikk\/"},{"@type":"ListItem","position":3,"name":"Pakker for injeksjonslanser"}]},{"@type":"WebSite","@id":"https:\/\/www.pakery.pl\/no\/#website","url":"https:\/\/www.pakery.pl\/no\/","name":"Pakery.pl","description":"Pakery iniekcyjne, Kotwy spiralne, Lance iniekcyjne, W\u0119\u017ce do iniekcji, Pompy iniekcyjne, Serwis pomp iniekcyjnych, Wynajem pomp do iniekcji","publisher":{"@id":"https:\/\/www.pakery.pl\/no\/#organization"},"potentialAction":[{"@type":"SearchAction","target":{"@type":"EntryPoint","urlTemplate":"https:\/\/www.pakery.pl\/no\/?s={search_term_string}"},"query-input":{"@type":"PropertyValueSpecification","valueRequired":true,"valueName":"search_term_string"}}],"inLanguage":"nb-NO"},{"@type":"Organization","@id":"https:\/\/www.pakery.pl\/no\/#organization","name":"PAKERY.PL","url":"https:\/\/www.pakery.pl\/no\/","logo":{"@type":"ImageObject","inLanguage":"nb-NO","@id":"https:\/\/www.pakery.pl\/no\/#\/schema\/logo\/image\/","url":"https:\/\/www.pakery.pl\/wp-content\/uploads\/2021\/04\/cropped-PAKERY-LOGO.png","contentUrl":"https:\/\/www.pakery.pl\/wp-content\/uploads\/2021\/04\/cropped-PAKERY-LOGO.png","width":1529,"height":500,"caption":"PAKERY.PL"},"image":{"@id":"https:\/\/www.pakery.pl\/no\/#\/schema\/logo\/image\/"}}]}},"_links":{"self":[{"href":"https:\/\/www.pakery.pl\/no\/wp-json\/wp\/v2\/product\/10917","targetHints":{"allow":["GET"]}}],"collection":[{"href":"https:\/\/www.pakery.pl\/no\/wp-json\/wp\/v2\/product"}],"about":[{"href":"https:\/\/www.pakery.pl\/no\/wp-json\/wp\/v2\/types\/product"}],"version-history":[{"count":1,"href":"https:\/\/www.pakery.pl\/no\/wp-json\/wp\/v2\/product\/10917\/revisions"}],"predecessor-version":[{"id":10919,"href":"https:\/\/www.pakery.pl\/no\/wp-json\/wp\/v2\/product\/10917\/revisions\/10919"}],"wp:featuredmedia":[{"embeddable":true,"href":"https:\/\/www.pakery.pl\/no\/wp-json\/wp\/v2\/media\/10918"}],"wp:attachment":[{"href":"https:\/\/www.pakery.pl\/no\/wp-json\/wp\/v2\/media?parent=10917"}],"wp:term":[{"taxonomy":"product_brand","embeddable":true,"href":"https:\/\/www.pakery.pl\/no\/wp-json\/wp\/v2\/product_brand?post=10917"},{"taxonomy":"product_cat","embeddable":true,"href":"https:\/\/www.pakery.pl\/no\/wp-json\/wp\/v2\/product_cat?post=10917"},{"taxonomy":"product_tag","embeddable":true,"href":"https:\/\/www.pakery.pl\/no\/wp-json\/wp\/v2\/product_tag?post=10917"}],"curies":[{"name":"wp","href":"https:\/\/api.w.org\/{rel}","templated":true}]}}