{"id":10476,"date":"2021-08-10T06:57:48","date_gmt":"2021-08-10T04:57:48","guid":{"rendered":"https:\/\/www.pakery.pl\/gtc-2\/"},"modified":"2021-10-14T12:26:12","modified_gmt":"2021-10-14T10:26:12","slug":"gtc-2","status":"publish","type":"page","link":"https:\/\/www.pakery.pl\/no\/gtc-2\/","title":{"rendered":"GTC"},"content":{"rendered":"\t\t<div data-elementor-type=\"wp-page\" data-elementor-id=\"10476\" class=\"elementor elementor-10476 elementor-160\" data-elementor-post-type=\"page\">\n\t\t\t\t\t\t<section class=\"elementor-section elementor-top-section elementor-element elementor-element-71717f3 elementor-section-boxed elementor-section-height-default elementor-section-height-default\" data-id=\"71717f3\" data-element_type=\"section\" data-e-type=\"section\">\n\t\t\t\t\t\t<div class=\"elementor-container elementor-column-gap-default\">\n\t\t\t\t\t<div class=\"elementor-column elementor-col-100 elementor-top-column elementor-element elementor-element-2406725\" data-id=\"2406725\" data-element_type=\"column\" data-e-type=\"column\">\n\t\t\t<div class=\"elementor-widget-wrap elementor-element-populated\">\n\t\t\t\t\t\t<div class=\"elementor-element elementor-element-5b754aa elementor-widget elementor-widget-text-editor\" data-id=\"5b754aa\" data-element_type=\"widget\" data-e-type=\"widget\" data-widget_type=\"text-editor.default\">\n\t\t\t\t<div class=\"elementor-widget-container\">\n\t\t\t\t\t\t\t\t\t<p style=\"text-align: center;\"><strong>GENERELLE FORRETNINGSBETINGELSER<\/strong><br \/><strong>PAKERY.PL&nbsp;<\/strong><\/p>\n<p style=\"text-align: center;\"><b>Kunst. 1 GENERELLE BESTEMMELSER<\/b><\/p>\n<p><b><br \/><\/b>\u00a7 1. Disse generelle vilk\u00e5rene (GTC) er etablert p\u00e5 grunnlag av art. 384&nbsp; og p\u00e5f\u00f8lgende handlinger i Civil Code og definere reglene for inng\u00e5else og gjennomf\u00f8ring av kontrakter for salg av varer inng\u00e5tt av Hammpack Sp. DYREHAGE&nbsp; adresse: 02-690 Warszawa, ul. Bokserska 47, skatte -ID:&nbsp; 9512466806<span style=\"font-family: 'Open Sans', sans-serif; font-size: 13px; background-color: #ffffdd;\">&nbsp;<\/span><span style=\"{wpml_trans_unit_1_0_2_13_-1_0}\">REGON:&nbsp;<\/span> 380 860 490<span style=\"font-size: 1rem;\">&nbsp; (Selger)&nbsp; med entrepren\u00f8rer (kj\u00f8pere) som kun inng\u00e5r disse kontraktene med det form\u00e5l som er direkte relatert til deres virksomhet.<\/span><\/p>\n<p>\u00a7 2. Varene selges ikke til fysiske personer &#8211; forbrukere i henhold til Civil Code, derfor gjelder ikke GTC for forbrukere.<br \/>\u00a7 3. GTC er tilgjengelig p\u00e5 nettstedet&nbsp;<a href=\"https:\/\/www.pakery.pl\/\"><span style=\"{wpml_trans_unit_1_0_3_6_0_-1_0}\">www.pakery.pl<\/span><\/a>&nbsp; og p\u00e5 foresp\u00f8rsel fra kj\u00f8peren kan de sendes til hans adresse i elektronisk form.<br \/>\u00a7 4. Ved \u00e5 legge inn en bestilling av kj\u00f8peren godtar og aksepterer kj\u00f8peren disse generelle vilk\u00e5rene uten forbehold.<\/p>\n<p style=\"text-align: center;\"><b>Kunst. 2. KONKLUSJON AV KONTRAKTEN<\/b><br \/>\u00a7 1. All kommersiell informasjon av reklame- og markedsf\u00f8ringsform, uavhengig av form, inkludert prislister, utgj\u00f8r ikke et tilbud i henhold til Civil Code.<br \/>\u00a7 2. Kontrakten inng\u00e5s ved \u00e5 sende inn og godta et tilbud (ogs\u00e5 etter mulig avtale).<br \/>\u00a7 3. Kontraktsinng\u00e5elsen krever at Kj\u00f8per hver gang sender en bestilling til Selger p\u00e5 telefon, faks, skriftlig eller via e-post med angivelse av pris, type og mengde p\u00e5 de bestilte varene, samt data (navn og etternavn, posisjon) til personen som legger inn bestillingen p\u00e5 vegne av kj\u00f8peren og kj\u00f8peren selv (inkludert skatte -ID). Hvis kj\u00f8perens representants rett ikke skyldes dataene som er tilgjengelige i National Court Register eller Central Register og Information on Economic Activity, b\u00f8r en kopi av dokumentet som gir kj\u00f8peren fullmakt til \u00e5 representere kj\u00f8peren, vedlegges ordren.<br \/>\u00a7 4. Kontrakten inng\u00e5s ved bekreftelse av bestillingen av selgeren. Ordren behandles som et tilbud og bekreftelse som aksept av tilbudet.<br \/>\u00a7 5. I saken nevnt i art. 6 \u00a7 3, inng\u00e5r kontrakten etter bekreftelse fra kj\u00f8peren av bestillingen etter \u00e5 ha mottatt selgerens informasjon om aksept av bestillingen som inneholder gjeldende pris p\u00e5 de bestilte varene.<br \/>\u00a7 6. Selgeren distribuerer ikke med deltagelse av direkte eller indirekte agenter.<br \/>\u00a7 7. Bekreftelsen p\u00e5 inng\u00e5else av kontrakten er en mva -faktura, ved \u00e5 levere tilbudet godtar kj\u00f8peren \u00e5 motta mva -fakturaer i elektronisk form.<\/p>\n<p style=\"text-align: center;\"><b>KUNST. 3. BESTILLINGSDATO<\/b><br \/>&nbsp;\u00a7 1. Leveringstiden er kun veiledende og skaper ingen forpliktelser fra selgerens side, med mindre partene er enige om noe annet gjennom forhandlinger.<br \/>\u00a7 2. Bestillingsperioden begynner p\u00e5 datoen som er angitt i ordrebekreftelsen.<br \/>\u00a7 3. Vilk\u00e5rene for levering og \/ eller utf\u00f8relse av bestillingen samt andre salgsbetingelser kan endres, ogs\u00e5 etter at Kj\u00f8per legger inn en ordre p\u00e5 varene, spesielt som f\u00f8lge av force majeure og andre omstendigheter utenfor selgerens kontroll, og som et resultat av endringer i markedssituasjonen og n\u00e5v\u00e6rende kommersielle forhold knyttet blant annet til selgerens forhold til enheter som samarbeider om utf\u00f8relse av kontrakter fra selger. Kj\u00f8per vil umiddelbart bli informert om endringen i leveringsdato og \/ eller ordreutf\u00f8relse og andre salgsbetingelser.<\/p>\n<p style=\"text-align: center;\"><b><br \/>KUNST. 4. LEVERING, MOTTAK AV VARER<\/b><span style=\"font-size: 1rem;\"><br \/><\/span>\u00a7 1.&nbsp; I bestillingen spesifiserer kj\u00f8peren leveringsm\u00e5ten for varene.<br \/>\u00a7 2. Varene kan slippes enten i selgerens lokaler eller p\u00e5 et annet sted angitt av selgeren, eller den kan leveres med bud.<br \/>\u00a7 3. Kostnaden for levering dekkes av kj\u00f8peren.<br \/>\u00a7 4. Det forutsettes at varene frigj\u00f8res ved overlevering til kj\u00f8peren eller budfirmaet.<br \/>\u00a7 5. Kj\u00f8per plikter \u00e5 hente de bestilte varene. Unnlatelse av \u00e5 hente varene frigj\u00f8r ikke kj\u00f8peren fra plikten til \u00e5 betale hele prisen. Etter fristen for \u00e5 samle inn varene, har selgeren rett til \u00e5 kreve kj\u00f8peren et gebyr for lagringen i mengden 1\/24 av prisen p\u00e5 de ikke -krevede varene for hver hele lagringsm\u00e5ned. Hvis lagringskostnadene n\u00e5r prisen p\u00e5 varene, har selgeren rett til \u00e5 selge varene igjen (ut\u00f8velse av denne retten frigj\u00f8r kj\u00f8peren fra plikten til \u00e5 betale for lagringen, men frigj\u00f8r ham ikke fra plikten til \u00e5 betale salgsprisen ).<br \/>\u00a7 6. Ved mottak av pakken er Kj\u00f8per forpliktet til \u00e5 n\u00f8ye kontrollere tilstanden til den ytre emballasjen i n\u00e6rv\u00e6r av kureren. Hvis Kj\u00f8per finner utvendig skade p\u00e5 forsendelsen, b\u00f8r Kj\u00f8per utarbeide en skaderapport i n\u00e6rv\u00e6r av kureren, inkludert en beskrivelse og bilder av forsendelsen. Av to identiske kopier signert kureren, skal den ene sendes til selgeren, den andre blir hos kj\u00f8peren. I dette tilfellet returneres varene til selgeren for \u00e5 starte en klageprosedyre hos budfirmaet.<\/p>\n<p style=\"text-align: center;\"><b>KUNST. 5. PASSERING AV RISIKO OG BEGRENSNING AV EIERNE<\/b><br \/>\u00a7 1. Risikoen for tap eller skade p\u00e5 varene overg\u00e5r til kj\u00f8peren ved overlevering til kj\u00f8peren eller budfirmaet.<br \/>\u00a7 2. Varene forblir Selgers eiendom til full betaling av prisen som f\u00f8lge av salgsfakturaen som ble utstedt av selgeren for varene (Art. 589 i Civil Code). Alle betalinger foretatt av kj\u00f8peren, selgeren har rett til \u00e5 telle med for eventuelle uforutsette kostnader (inkludert fordringer for lagring av varer) f\u00f8rst, f\u00f8r de inkluderes mot salgsprisen.<br \/>\u00a7 3 Kj\u00f8per er forpliktet til \u00e5 h\u00e5ndtere varene forsvarlig og kan ikke belaste varene med noen rettigheter til tredjeparter, spesielt kan han ikke pantsette varene eller overf\u00f8re dem til tredjeparter (b\u00e5de gratis og mot betaling), uten samtykke fra selger.<\/p>\n<p style=\"text-align: center;\"><b>KUNST. 6 PRIS- OG BETALINGSREGLER<\/b><br \/>\u00a7 1. Salg av varer foreg\u00e5r i henhold til gjeldende priser p\u00e5 datoen for ordrebekreftelse og inkludert i selgerens prisliste.<br \/>\u00a7 2 Prisene som er omfattet av tilbudet og aksept av det, gjelder bare for utf\u00f8relse av en gitt ordre, med mindre partene er enige om noe annet skriftlig. Oppfyllelsen av en ordre basert p\u00e5 spesifikke priser forplikter ikke Selger til \u00e5 beholde disse prisene for neste ordre.<br \/>\u00a7 3. Selger forbeholder seg retten til \u00e5 endre prisene som er angitt i prislisten og er ikke ansvarlig for unnlatelse av \u00e5 varsle kj\u00f8peren om endringen p\u00e5 forh\u00e5nd. I dette tilfellet vil kj\u00f8peren bli informert om aksept av bestillingen og gjeldende pris p\u00e5 de bestilte varene (det s\u00e5kalte mottilbudet som krever aksept av kj\u00f8peren).&nbsp; I dette tilfellet vil kontrakten inng\u00e5s p\u00e5 den m\u00e5ten som er angitt i art. 2 \u00a7 5 i GTC.<br \/>\u00a7 4 Betalingsm\u00e5ten er en bankoverf\u00f8ring til selgers konto f\u00f8r varene slippes ut fra lageret (forskuddsbetaling). Kostnadene ved banktransaksjoner b\u00e6res utelukkende av kj\u00f8peren.<br \/>\u00a7 5. &nbsp;&nbsp; Andre betalingsbetingelser kan avtales av partene og angis i mva -fakturaen som dokumenterer salget av varene.<br \/>\u00a7 6 Momentet for betaling av prisen er betaling av midler til selgers bankkonto.<br \/>\u00a7 7. Ved forsinkelse i betaling av hele eller deler av prisen, har selger rett til \u00e5 kreve lovbestemte renter for forsinkelsen og suspendere leveransen av de bestilte varene til hele prisen er betalt, pluss eventuelle forfalte lovbestemte renter for forsinkelsen, beregnet for betalingsforsinkelsesperioden.<br \/>\u00a7 8. I tilfelle avvik mellom de bestilte og leverte varene og innholdet i mva -fakturaen som dokumenterer salget, skal selgeren utstede og gi kj\u00f8peren en faktura som retter opp. Hvis rettelsen av fakturaen skal foretas p\u00e5 foresp\u00f8rsel fra kj\u00f8peren, b\u00f8r foresp\u00f8rselen inneholde informasjon om de avvikene som er funnet og nummeret p\u00e5 den sp\u00f8rsm\u00e5lstegnede mva -fakturaen.&nbsp;<\/p>\n<p style=\"text-align: center;\"><b>KUNST. 7. GARANTI<\/b><br \/>Selgeren er ansvarlig under garantien for fysiske og juridiske feil ved det solgte produktet, men dette ansvaret er begrenset som f\u00f8lger:<span style=\"font-size: 1rem;\">Varsel om feil&nbsp; kan sendes skriftlig, med angivelse av nummeret p\u00e5 mva -fakturaen som dokumenterer salget av produktet, innen 8 dager fra&nbsp; p\u00e5visning av defekter, under smerte av \u00e5 miste rettighetene med garantien.&nbsp; Garantiperiode&nbsp; er 30 dager fra leveringsdatoen for varen til kj\u00f8peren.<\/span><\/p>\n<ol>\n<li>Selgeren innen 14 dager etter at han mottok den riktige klagen, dvs. en skriftlig melding som inneholder nummeret p\u00e5 mva -fakturaen som dokumenterer salget av produktet, vil varsle kj\u00f8peren om metoden for \u00e5 gj\u00f8re opp kravet.&nbsp;<\/li>\n<li>Kj\u00f8peren kan enten be om utskifting av produktet med et produkt uten feil eller fjerning av mangelen.<\/li>\n<li>Selger kan nekte \u00e5 tilfredsstille kj\u00f8perens foresp\u00f8rsel hvis det er umulig \u00e5 bringe den defekte varen i samsvar med kontrakten p\u00e5 den m\u00e5ten som kj\u00f8peren velger eller vil kreve for store kostnader for selgeren sammenlignet med den andre mulige metoden for \u00e5 bringe den defekte varen inn i samsvar med kontrakten. Selgeren kan nekte \u00e5 erstatte produktet med et produkt uten feil eller fjerne mangelen ogs\u00e5 n\u00e5r kostnadene ved \u00e5 kompensere denne forpliktelsen overstiger prisen p\u00e5 den solgte varen.<\/li>\n<li>I saken nevnt i punkt d) ovenfor, kan Kj\u00f8per levere en erkl\u00e6ring om&nbsp; prisreduksjon eller tilbaketrekking fra kontrakten.<\/li>\n<li>Kostnadene for \u00e5 returnere varene b\u00e6res av selgeren opp til st\u00f8rrelsen p\u00e5 returkostnadene som vil bli foretatt gjennom enheten og p\u00e5 den m\u00e5ten som selgeren tidligere har angitt.<\/li>\n<li>Hvis selgeren bestemmer det i stedet for \u00e5 returnere varene, er kj\u00f8peren forpliktet til \u00e5 \u00f8delegge eller fjerne det som avfall p\u00e5 selgers regning, p\u00e5 vilk\u00e5rene som er angitt nedenfor. Destruksjon eller fjerning av varene som avfall vil skje innen en tidligere avtalt dato av selgeren&nbsp; en enhet som avhender eller samler inn produkter som avfall, og tidligere&nbsp; prisen som selgeren har avtalt.&nbsp; Selger skal b\u00e6re kostnadene ved \u00e5 \u00f8delegge eller fjerne varene som avfall bare innenfor det bel\u00f8pet som er bestemt p\u00e5 ovennevnte m\u00e5te.<\/li>\n<\/ol>\n<p style=\"text-align: center;\"><strong>KUNST. 8. ANSVARSBEGRENSNING<\/strong><br \/>\u00a7 1 Selger er ikke ansvarlig for skrivefeil&nbsp; i kommersielt materiale, v&nbsp; spesielt i&nbsp; brosjyrer, kataloger og reklamebrosjyrer.<br \/>\u00a7 2. Illustrasjoner og bilder som er inkludert i det kommersielle materialet er kun for generell presentasjon av varene og garanterer ikke mottak av et identisk produkt.<br \/>\u00a7 3. Selger er ikke ansvarlig for eksistensen av opphavsrett, patenter eller registrerte industrielle design relatert til selgers tilbud p\u00e5 steder for videre videresalg av produktene.<br \/>\u00a7 4. Selger er ikke ansvarlig for skader for\u00e5rsaket av feil eller uprofesjonell bruk av produktene, samt feil installasjon av kj\u00f8peren eller tredjeparter, normal slitasje, feil eller uforsiktig bruk.<br \/>\u00a7 5. Selger er ikke ansvarlig for varens funksjonsmangler som f\u00f8lge av feil valg av produkter fra kj\u00f8peren, som b\u00f8r lese n\u00f8ye og kontrollere om funksjonene som tilbys av varene dekker selgerens behov f\u00f8r du foretar kj\u00f8pet.<\/p>\n<p><strong>KUNST. 9. FORCE MAJEURE<\/strong><br \/>Selger er ikke ansvarlig for mislighold eller feil oppfyllelse av forpliktelser i henhold til kontrakten for salg av varer, hvis manglende eller feil oppfyllelse av forpliktelser skyldes omstendigheter utenfor selgerens kontroll, til tross for due diligence (force majeure) .<\/p>\n<p><strong>KUNST. 10. ENDRING AV GENERELLE VILK\u00c5R OG BETINGELSER FOR SALG OG GARANTI<\/strong><br \/>PAKERY.PL forbeholder seg retten til \u00e5 endre ethvert punkt i de ovennevnte generelle salgsbetingelsene. Hvis en slik situasjon oppst\u00e5r, gjelder de endrede vilk\u00e5rene for alle nye bestillinger som er lagt etter endringsdatoen, samt for tilleggsordrer til tidligere ordrer eller ordrer knyttet til et tidligere salg.<\/p>\n<p><strong>KUNST. 11. HANDELSHEMMELIGHET<\/strong><br \/>All informasjon om virksomheten til PAKERY.PL, som ikke er offentlig kjent, samt innholdet i ordren og arrangementene til partene knyttet til deres gjensidige kommersielle samarbeid, er konfidensiell og utgj\u00f8r en forretningshemmelighet. Partene er enige om at de ikke vil avsl\u00f8re konfidensiell informasjon til tredjeparter eller bruke den til andre form\u00e5l enn oppfyllelse av forpliktelser i henhold til disse vilk\u00e5rene og avtalene for salg av varer.<br \/>Kj\u00f8peren vil ta alle n\u00f8dvendige skritt for \u00e5 forhindre avsl\u00f8ring av konfidensiell informasjon, inkludert av tredjeparter ved hjelp av hvem ordren utf\u00f8res.<br \/>Hvis Kj\u00f8per er forpliktet av lovbestemte bestemmelser til \u00e5 avsl\u00f8re informasjon om PAKERY.PLs aktiviteter, vil han varsle PAKERY.PL om det og samarbeide med det for \u00e5 eliminere eller minimere de negative effektene av \u00e5 avsl\u00f8re slik informasjon. Denne forpliktelsen er bindende p\u00e5 ubestemt tid. Uten skriftlig tillatelse fra PAKERY.PL under ugyldighet, skal Kj\u00f8per ikke bruke navn, varemerker eller handelsnavn til PAKERY.PL, eller referere til \u00f8konomiske forbindelser med PAKERY.PL for noe form\u00e5l.<\/p>\n<p><strong>KUNST. 12. SLUTTENDE BESTEMMELSER<\/strong><br \/>\u00a7 1. Hvis en bestemmelse i de generelle vilk\u00e5rene blir funnet \u00e5 v\u00e6re ugyldig, ulovlig eller ikke kan h\u00e5ndheves av en eller annen grunn, vil de resterende bestemmelsene v\u00e6re fullt bindende og effektive som om de generelle vilk\u00e5rene ville gjelde uten slike ugyldige, ulovlige eller ikke -h\u00e5ndhevbare bestemmelser.<br \/>\u00a7 2. Endringer av de generelle vilk\u00e5rene og betingelsene foretatt av selgeren skal ha rettsvirkninger i forhold til kontrakter som inng\u00e5s fra tidspunktet for endringene p\u00e5 nettstedet.<a href=\"https:\/\/www.pakery.pl\/\"><span style=\"color: #0b61ff;\"> www.pakery.pl<\/span><\/a> . Slike endringer gjelder kontrakter som inng\u00e5s p\u00e5 grunnlag av tilbud levert fra datoen for offentliggj\u00f8ring av de nye generelle vilk\u00e5rene.<br \/>\u00a7 3. I saker som ikke dekkes, skal bestemmelsene i polsk lov gjelde, s\u00e6rlig sivilloven. Polsk lov skal gjelde for eventuelle tvister mellom partene.<br \/>\u00a7 4. I tilfelle tvist mellom partene forplikter kj\u00f8peren og selgerne seg til \u00e5 pr\u00f8ve \u00e5 l\u00f8se det i minnelighet. Ved uenighet skal eventuelle tvister l\u00f8ses ved at den polske domstolen har materiell og lokal jurisdiksjon for selgerens sete.<br \/>\u00a7 5. Partene forplikter seg til \u00e5 varsle hverandre om enhver endring av adresse. I mangel av melding om endring av adresse, skal korrespondanse levert til adressen angitt i bestillingen anses som levert og for\u00e5rsake alle rettsvirkninger som finnes i den.<\/p>\n<p><strong>INFORMASJONSPLIKTEN I GDPR<\/strong><br \/>1. Administratoren av gr\u00fcnderens data som ble gitt under registrering p\u00e5 B2B -engrosplattformen (ogs\u00e5 kjent som B2B -plattformen) er Hammpack Sp. Z OO, adresse: 02-690 Warszawa, ul. Bokserska 47, nummer&nbsp; NIP (skatte -ID):&nbsp; 9512466806<span style=\"font-family: \"Open Sans\", sans-serif; font-size: 13px; background-color: rgb(255, 255, 221);\">&nbsp;<\/span><span style=\"{wpml_trans_unit_1_0_16_10_-1_0}\">REGON:&nbsp;<\/span> 380 860 490.<br \/>2. Personopplysninger behandles i forbindelse med gjennomf\u00f8ring av oppgaver som f\u00f8lge av salgskontrakter.<br \/>3. Mottakeren av personopplysninger er autoriserte ansatte i PAKERY.PL og logistikkfirmaer som samarbeider med PAKERY.PL om implementering av leveranser.<br \/>4. PAKERY.PL s\u00f8rger ikke for bruk av data til andre form\u00e5l enn i forbindelse med gjennomf\u00f8ring av salgskontrakter (dvs. prosessen med oppfyllelse av ordre, fakturering og oppgj\u00f8r av ordre).<\/p>\n<h6 style=\"text-align: center;\">&nbsp;<\/h6>\n\t\t\t\t\t\t\t\t<\/div>\n\t\t\t\t<\/div>\n\t\t\t\t\t<\/div>\n\t\t<\/div>\n\t\t\t\t\t<\/div>\n\t\t<\/section>\n\t\t\t\t<\/div>\n\t\t","protected":false},"excerpt":{"rendered":"<p>GENERELLE FORRETNINGSBETINGELSERPAKERY.PL&nbsp; Kunst. 1 GENERELLE BESTEMMELSER \u00a7 1. Disse generelle vilk\u00e5rene (GTC) er etablert p\u00e5 grunnlag av art. 384&nbsp; og p\u00e5f\u00f8lgende handlinger i Civil Code og definere reglene for inng\u00e5else og gjennomf\u00f8ring av kontrakter for salg av varer inng\u00e5tt av Hammpack Sp. DYREHAGE&nbsp; adresse: 02-690 Warszawa, ul. Bokserska 47, skatte -ID:&nbsp; 9512466806&nbsp;REGON:&nbsp; 380 860 490&nbsp; [&hellip;]<\/p>\n","protected":false},"author":1,"featured_media":0,"parent":0,"menu_order":0,"comment_status":"closed","ping_status":"closed","template":"","meta":{"_acf_changed":false,"footnotes":""},"class_list":["post-10476","page","type-page","status-publish","hentry"],"acf":[],"yoast_head":"<!-- This site is optimized with the Yoast SEO plugin v27.3 - https:\/\/yoast.com\/product\/yoast-seo-wordpress\/ -->\n<title>GTC - PAKERY.PL<\/title>\n<meta name=\"robots\" content=\"index, follow, max-snippet:-1, max-image-preview:large, max-video-preview:-1\" \/>\n<link rel=\"canonical\" href=\"https:\/\/www.pakery.pl\/no\/gtc-2\/\" \/>\n<meta property=\"og:locale\" content=\"nb_NO\" \/>\n<meta property=\"og:type\" content=\"article\" \/>\n<meta property=\"og:title\" content=\"GTC - PAKERY.PL\" \/>\n<meta property=\"og:description\" content=\"GENERELLE FORRETNINGSBETINGELSERPAKERY.PL&nbsp; Kunst. 1 GENERELLE BESTEMMELSER \u00a7 1. Disse generelle vilk\u00e5rene (GTC) er etablert p\u00e5 grunnlag av art. 384&nbsp; og p\u00e5f\u00f8lgende handlinger i Civil Code og definere reglene for inng\u00e5else og gjennomf\u00f8ring av kontrakter for salg av varer inng\u00e5tt av Hammpack Sp. DYREHAGE&nbsp; adresse: 02-690 Warszawa, ul. Bokserska 47, skatte -ID:&nbsp; 9512466806&nbsp;REGON:&nbsp; 380 860 490&nbsp; [&hellip;]\" \/>\n<meta property=\"og:url\" content=\"https:\/\/www.pakery.pl\/no\/gtc-2\/\" \/>\n<meta property=\"og:site_name\" content=\"PAKERY.PL\" \/>\n<meta property=\"article:modified_time\" content=\"2021-10-14T10:26:12+00:00\" \/>\n<meta name=\"twitter:card\" content=\"summary_large_image\" \/>\n<meta name=\"twitter:label1\" content=\"Ansl. lesetid\" \/>\n\t<meta name=\"twitter:data1\" content=\"11 minutter\" \/>\n<script type=\"application\/ld+json\" class=\"yoast-schema-graph\">{\"@context\":\"https:\\\/\\\/schema.org\",\"@graph\":[{\"@type\":\"WebPage\",\"@id\":\"https:\\\/\\\/www.pakery.pl\\\/no\\\/gtc-2\\\/\",\"url\":\"https:\\\/\\\/www.pakery.pl\\\/no\\\/gtc-2\\\/\",\"name\":\"GTC - PAKERY.PL\",\"isPartOf\":{\"@id\":\"https:\\\/\\\/www.pakery.pl\\\/no\\\/#website\"},\"datePublished\":\"2021-08-10T04:57:48+00:00\",\"dateModified\":\"2021-10-14T10:26:12+00:00\",\"breadcrumb\":{\"@id\":\"https:\\\/\\\/www.pakery.pl\\\/no\\\/gtc-2\\\/#breadcrumb\"},\"inLanguage\":\"nb-NO\",\"potentialAction\":[{\"@type\":\"ReadAction\",\"target\":[\"https:\\\/\\\/www.pakery.pl\\\/no\\\/gtc-2\\\/\"]}]},{\"@type\":\"BreadcrumbList\",\"@id\":\"https:\\\/\\\/www.pakery.pl\\\/no\\\/gtc-2\\\/#breadcrumb\",\"itemListElement\":[{\"@type\":\"ListItem\",\"position\":1,\"name\":\"Strona g\u0142\u00f3wna\",\"item\":\"https:\\\/\\\/www.pakery.pl\\\/no\\\/\"},{\"@type\":\"ListItem\",\"position\":2,\"name\":\"GTC\"}]},{\"@type\":\"WebSite\",\"@id\":\"https:\\\/\\\/www.pakery.pl\\\/no\\\/#website\",\"url\":\"https:\\\/\\\/www.pakery.pl\\\/no\\\/\",\"name\":\"Pakery.pl\",\"description\":\"Pakery iniekcyjne, Kotwy spiralne, Lance iniekcyjne, W\u0119\u017ce do iniekcji, Pompy iniekcyjne, Serwis pomp iniekcyjnych, Wynajem pomp do iniekcji\",\"publisher\":{\"@id\":\"https:\\\/\\\/www.pakery.pl\\\/no\\\/#organization\"},\"potentialAction\":[{\"@type\":\"SearchAction\",\"target\":{\"@type\":\"EntryPoint\",\"urlTemplate\":\"https:\\\/\\\/www.pakery.pl\\\/no\\\/?s={search_term_string}\"},\"query-input\":{\"@type\":\"PropertyValueSpecification\",\"valueRequired\":true,\"valueName\":\"search_term_string\"}}],\"inLanguage\":\"nb-NO\"},{\"@type\":\"Organization\",\"@id\":\"https:\\\/\\\/www.pakery.pl\\\/no\\\/#organization\",\"name\":\"PAKERY.PL\",\"url\":\"https:\\\/\\\/www.pakery.pl\\\/no\\\/\",\"logo\":{\"@type\":\"ImageObject\",\"inLanguage\":\"nb-NO\",\"@id\":\"https:\\\/\\\/www.pakery.pl\\\/no\\\/#\\\/schema\\\/logo\\\/image\\\/\",\"url\":\"https:\\\/\\\/www.pakery.pl\\\/wp-content\\\/uploads\\\/2021\\\/04\\\/cropped-PAKERY-LOGO.png\",\"contentUrl\":\"https:\\\/\\\/www.pakery.pl\\\/wp-content\\\/uploads\\\/2021\\\/04\\\/cropped-PAKERY-LOGO.png\",\"width\":1529,\"height\":500,\"caption\":\"PAKERY.PL\"},\"image\":{\"@id\":\"https:\\\/\\\/www.pakery.pl\\\/no\\\/#\\\/schema\\\/logo\\\/image\\\/\"}}]}<\/script>\n<!-- \/ Yoast SEO plugin. -->","yoast_head_json":{"title":"GTC - PAKERY.PL","robots":{"index":"index","follow":"follow","max-snippet":"max-snippet:-1","max-image-preview":"max-image-preview:large","max-video-preview":"max-video-preview:-1"},"canonical":"https:\/\/www.pakery.pl\/no\/gtc-2\/","og_locale":"nb_NO","og_type":"article","og_title":"GTC - PAKERY.PL","og_description":"GENERELLE FORRETNINGSBETINGELSERPAKERY.PL&nbsp; Kunst. 1 GENERELLE BESTEMMELSER \u00a7 1. Disse generelle vilk\u00e5rene (GTC) er etablert p\u00e5 grunnlag av art. 384&nbsp; og p\u00e5f\u00f8lgende handlinger i Civil Code og definere reglene for inng\u00e5else og gjennomf\u00f8ring av kontrakter for salg av varer inng\u00e5tt av Hammpack Sp. DYREHAGE&nbsp; adresse: 02-690 Warszawa, ul. Bokserska 47, skatte -ID:&nbsp; 9512466806&nbsp;REGON:&nbsp; 380 860 490&nbsp; [&hellip;]","og_url":"https:\/\/www.pakery.pl\/no\/gtc-2\/","og_site_name":"PAKERY.PL","article_modified_time":"2021-10-14T10:26:12+00:00","twitter_card":"summary_large_image","twitter_misc":{"Ansl. lesetid":"11 minutter"},"schema":{"@context":"https:\/\/schema.org","@graph":[{"@type":"WebPage","@id":"https:\/\/www.pakery.pl\/no\/gtc-2\/","url":"https:\/\/www.pakery.pl\/no\/gtc-2\/","name":"GTC - PAKERY.PL","isPartOf":{"@id":"https:\/\/www.pakery.pl\/no\/#website"},"datePublished":"2021-08-10T04:57:48+00:00","dateModified":"2021-10-14T10:26:12+00:00","breadcrumb":{"@id":"https:\/\/www.pakery.pl\/no\/gtc-2\/#breadcrumb"},"inLanguage":"nb-NO","potentialAction":[{"@type":"ReadAction","target":["https:\/\/www.pakery.pl\/no\/gtc-2\/"]}]},{"@type":"BreadcrumbList","@id":"https:\/\/www.pakery.pl\/no\/gtc-2\/#breadcrumb","itemListElement":[{"@type":"ListItem","position":1,"name":"Strona g\u0142\u00f3wna","item":"https:\/\/www.pakery.pl\/no\/"},{"@type":"ListItem","position":2,"name":"GTC"}]},{"@type":"WebSite","@id":"https:\/\/www.pakery.pl\/no\/#website","url":"https:\/\/www.pakery.pl\/no\/","name":"Pakery.pl","description":"Pakery iniekcyjne, Kotwy spiralne, Lance iniekcyjne, W\u0119\u017ce do iniekcji, Pompy iniekcyjne, Serwis pomp iniekcyjnych, Wynajem pomp do iniekcji","publisher":{"@id":"https:\/\/www.pakery.pl\/no\/#organization"},"potentialAction":[{"@type":"SearchAction","target":{"@type":"EntryPoint","urlTemplate":"https:\/\/www.pakery.pl\/no\/?s={search_term_string}"},"query-input":{"@type":"PropertyValueSpecification","valueRequired":true,"valueName":"search_term_string"}}],"inLanguage":"nb-NO"},{"@type":"Organization","@id":"https:\/\/www.pakery.pl\/no\/#organization","name":"PAKERY.PL","url":"https:\/\/www.pakery.pl\/no\/","logo":{"@type":"ImageObject","inLanguage":"nb-NO","@id":"https:\/\/www.pakery.pl\/no\/#\/schema\/logo\/image\/","url":"https:\/\/www.pakery.pl\/wp-content\/uploads\/2021\/04\/cropped-PAKERY-LOGO.png","contentUrl":"https:\/\/www.pakery.pl\/wp-content\/uploads\/2021\/04\/cropped-PAKERY-LOGO.png","width":1529,"height":500,"caption":"PAKERY.PL"},"image":{"@id":"https:\/\/www.pakery.pl\/no\/#\/schema\/logo\/image\/"}}]}},"_links":{"self":[{"href":"https:\/\/www.pakery.pl\/no\/wp-json\/wp\/v2\/pages\/10476","targetHints":{"allow":["GET"]}}],"collection":[{"href":"https:\/\/www.pakery.pl\/no\/wp-json\/wp\/v2\/pages"}],"about":[{"href":"https:\/\/www.pakery.pl\/no\/wp-json\/wp\/v2\/types\/page"}],"author":[{"embeddable":true,"href":"https:\/\/www.pakery.pl\/no\/wp-json\/wp\/v2\/users\/1"}],"replies":[{"embeddable":true,"href":"https:\/\/www.pakery.pl\/no\/wp-json\/wp\/v2\/comments?post=10476"}],"version-history":[{"count":4,"href":"https:\/\/www.pakery.pl\/no\/wp-json\/wp\/v2\/pages\/10476\/revisions"}],"predecessor-version":[{"id":38783,"href":"https:\/\/www.pakery.pl\/no\/wp-json\/wp\/v2\/pages\/10476\/revisions\/38783"}],"wp:attachment":[{"href":"https:\/\/www.pakery.pl\/no\/wp-json\/wp\/v2\/media?parent=10476"}],"curies":[{"name":"wp","href":"https:\/\/api.w.org\/{rel}","templated":true}]}}