{"id":10386,"date":"2021-08-10T06:54:44","date_gmt":"2021-08-10T04:54:44","guid":{"rendered":"https:\/\/www.pakery.pl\/injeksjonstilbehor\/"},"modified":"2022-07-04T09:55:50","modified_gmt":"2022-07-04T07:55:50","slug":"injeksjonstilbehor","status":"publish","type":"page","link":"https:\/\/www.pakery.pl\/no\/injeksjonstilbehor\/","title":{"rendered":"Injeksjonstilbeh\u00f8r"},"content":{"rendered":"\t\t<div data-elementor-type=\"wp-page\" data-elementor-id=\"10386\" class=\"elementor elementor-10386 elementor-73\" data-elementor-post-type=\"page\">\n\t\t\t\t\t\t<section class=\"elementor-section elementor-top-section elementor-element elementor-element-1b889c64 elementor-section-boxed elementor-section-height-default elementor-section-height-default\" data-id=\"1b889c64\" data-element_type=\"section\" data-e-type=\"section\">\n\t\t\t\t\t\t<div class=\"elementor-container elementor-column-gap-default\">\n\t\t\t\t\t<div class=\"elementor-column elementor-col-50 elementor-top-column elementor-element elementor-element-76bc7353 elementor-hidden-tablet elementor-hidden-phone\" data-id=\"76bc7353\" data-element_type=\"column\" data-e-type=\"column\">\n\t\t\t<div class=\"elementor-widget-wrap elementor-element-populated\">\n\t\t\t\t\t\t<section class=\"elementor-section elementor-inner-section elementor-element elementor-element-43b166c8 elementor-section-full_width elementor-section-height-default elementor-section-height-default\" data-id=\"43b166c8\" data-element_type=\"section\" data-e-type=\"section\">\n\t\t\t\t\t\t<div class=\"elementor-container elementor-column-gap-default\">\n\t\t\t\t\t<div class=\"elementor-column elementor-col-100 elementor-inner-column elementor-element elementor-element-51f605a8\" data-id=\"51f605a8\" data-element_type=\"column\" data-e-type=\"column\">\n\t\t\t<div class=\"elementor-widget-wrap elementor-element-populated\">\n\t\t\t\t\t\t<div class=\"elementor-element elementor-element-7ec368ca elementor-nav-menu__align-start elementor-nav-menu--dropdown-none nav-cat-single elementor-widget__width-initial elementor-widget-tablet__width-inherit elementor-widget elementor-widget-nav-menu\" data-id=\"7ec368ca\" data-element_type=\"widget\" data-e-type=\"widget\" data-settings=\"{&quot;layout&quot;:&quot;vertical&quot;,&quot;submenu_icon&quot;:{&quot;value&quot;:&quot;&lt;i class=\\&quot;fas fa-caret-down\\&quot; aria-hidden=\\&quot;true\\&quot;&gt;&lt;\\\/i&gt;&quot;,&quot;library&quot;:&quot;fa-solid&quot;}}\" data-widget_type=\"nav-menu.default\">\n\t\t\t\t<div class=\"elementor-widget-container\">\n\t\t\t\t\t\t\t\t<nav aria-label=\"Meny\" class=\"elementor-nav-menu--main elementor-nav-menu__container elementor-nav-menu--layout-vertical e--pointer-background e--animation-fade\">\n\t\t\t\t<ul id=\"menu-1-7ec368ca\" class=\"elementor-nav-menu sm-vertical\"><li class=\"menu-item menu-item-type-post_type menu-item-object-page menu-item-38414\"><a href=\"https:\/\/www.pakery.pl\/no\/injeksjonspakker\/\" class=\"elementor-item\">Injeksjonspakker<\/a><\/li>\n<li class=\"menu-item menu-item-type-post_type menu-item-object-page menu-item-38434\"><a href=\"https:\/\/www.pakery.pl\/no\/spiralankre\/\" class=\"elementor-item\">Spiralankre<\/a><\/li>\n<li class=\"menu-item menu-item-type-post_type menu-item-object-page menu-item-38435\"><a href=\"https:\/\/www.pakery.pl\/no\/injeksjonslanser\/\" class=\"elementor-item\">Injeksjonslanser<\/a><\/li>\n<li class=\"menu-item menu-item-type-post_type menu-item-object-page menu-item-38436\"><a href=\"https:\/\/www.pakery.pl\/no\/innsproytningsslanger\/\" class=\"elementor-item\">Innspr\u00f8ytningsslanger<\/a><\/li>\n<li class=\"menu-item menu-item-type-post_type menu-item-object-page menu-item-38518\"><a href=\"https:\/\/www.pakery.pl\/no\/innsproytningspumper\/\" class=\"elementor-item\">Innspr\u00f8ytningspumper<\/a><\/li>\n<li class=\"menu-item menu-item-type-post_type menu-item-object-page menu-item-38519\"><a href=\"https:\/\/www.pakery.pl\/no\/treinjeksjon\/\" class=\"elementor-item\">Treinjeksjon<\/a><\/li>\n<li class=\"menu-item menu-item-type-post_type menu-item-object-page menu-item-10639\"><a href=\"https:\/\/www.pakery.pl\/no\/spiralankre\/\" class=\"elementor-item\">Spiralankre<\/a><\/li>\n<li class=\"menu-item menu-item-type-post_type menu-item-object-page menu-item-38536\"><a href=\"https:\/\/www.pakery.pl\/no\/injeksjonstilbehor\/\" class=\"elementor-item\">Injeksjonstilbeh\u00f8r<\/a><\/li>\n<li class=\"menu-item menu-item-type-post_type menu-item-object-page menu-item-10634\"><a href=\"https:\/\/www.pakery.pl\/no\/injeksjonslanser\/\" class=\"elementor-item\">Injeksjonslanser<\/a><\/li>\n<li class=\"menu-item menu-item-type-post_type menu-item-object-page menu-item-10638\"><a href=\"https:\/\/www.pakery.pl\/no\/innsproytningsslanger\/\" class=\"elementor-item\">Innspr\u00f8ytningsslanger<\/a><\/li>\n<\/ul>\t\t\t<\/nav>\n\t\t\t\t\t\t<nav class=\"elementor-nav-menu--dropdown elementor-nav-menu__container\" aria-hidden=\"true\">\n\t\t\t\t<ul id=\"menu-2-7ec368ca\" class=\"elementor-nav-menu sm-vertical\"><li class=\"menu-item menu-item-type-post_type menu-item-object-page menu-item-38414\"><a href=\"https:\/\/www.pakery.pl\/no\/injeksjonspakker\/\" class=\"elementor-item\" tabindex=\"-1\">Injeksjonspakker<\/a><\/li>\n<li class=\"menu-item menu-item-type-post_type menu-item-object-page menu-item-38434\"><a href=\"https:\/\/www.pakery.pl\/no\/spiralankre\/\" class=\"elementor-item\" tabindex=\"-1\">Spiralankre<\/a><\/li>\n<li class=\"menu-item menu-item-type-post_type menu-item-object-page menu-item-38435\"><a href=\"https:\/\/www.pakery.pl\/no\/injeksjonslanser\/\" class=\"elementor-item\" tabindex=\"-1\">Injeksjonslanser<\/a><\/li>\n<li class=\"menu-item menu-item-type-post_type menu-item-object-page menu-item-38436\"><a href=\"https:\/\/www.pakery.pl\/no\/innsproytningsslanger\/\" class=\"elementor-item\" tabindex=\"-1\">Innspr\u00f8ytningsslanger<\/a><\/li>\n<li class=\"menu-item menu-item-type-post_type menu-item-object-page menu-item-38518\"><a href=\"https:\/\/www.pakery.pl\/no\/innsproytningspumper\/\" class=\"elementor-item\" tabindex=\"-1\">Innspr\u00f8ytningspumper<\/a><\/li>\n<li class=\"menu-item menu-item-type-post_type menu-item-object-page menu-item-38519\"><a href=\"https:\/\/www.pakery.pl\/no\/treinjeksjon\/\" class=\"elementor-item\" tabindex=\"-1\">Treinjeksjon<\/a><\/li>\n<li class=\"menu-item menu-item-type-post_type menu-item-object-page menu-item-10639\"><a href=\"https:\/\/www.pakery.pl\/no\/spiralankre\/\" class=\"elementor-item\" tabindex=\"-1\">Spiralankre<\/a><\/li>\n<li class=\"menu-item menu-item-type-post_type menu-item-object-page menu-item-38536\"><a href=\"https:\/\/www.pakery.pl\/no\/injeksjonstilbehor\/\" class=\"elementor-item\" tabindex=\"-1\">Injeksjonstilbeh\u00f8r<\/a><\/li>\n<li class=\"menu-item menu-item-type-post_type menu-item-object-page menu-item-10634\"><a href=\"https:\/\/www.pakery.pl\/no\/injeksjonslanser\/\" class=\"elementor-item\" tabindex=\"-1\">Injeksjonslanser<\/a><\/li>\n<li class=\"menu-item menu-item-type-post_type menu-item-object-page menu-item-10638\"><a href=\"https:\/\/www.pakery.pl\/no\/innsproytningsslanger\/\" class=\"elementor-item\" tabindex=\"-1\">Innspr\u00f8ytningsslanger<\/a><\/li>\n<\/ul>\t\t\t<\/nav>\n\t\t\t\t\t\t<\/div>\n\t\t\t\t<\/div>\n\t\t\t\t\t<\/div>\n\t\t<\/div>\n\t\t\t\t\t<\/div>\n\t\t<\/section>\n\t\t\t\t\t<\/div>\n\t\t<\/div>\n\t\t\t\t<div class=\"elementor-column elementor-col-50 elementor-top-column elementor-element elementor-element-3806b2c\" data-id=\"3806b2c\" data-element_type=\"column\" data-e-type=\"column\">\n\t\t\t<div class=\"elementor-widget-wrap elementor-element-populated\">\n\t\t\t\t\t\t<section class=\"elementor-section elementor-inner-section elementor-element elementor-element-232c2d6e elementor-section-full_width elementor-section-height-default elementor-section-height-default\" data-id=\"232c2d6e\" data-element_type=\"section\" data-e-type=\"section\">\n\t\t\t\t\t\t<div class=\"elementor-container elementor-column-gap-default\">\n\t\t\t\t\t<div class=\"elementor-column elementor-col-100 elementor-inner-column elementor-element elementor-element-770ef9fa\" data-id=\"770ef9fa\" data-element_type=\"column\" data-e-type=\"column\">\n\t\t\t<div class=\"elementor-widget-wrap elementor-element-populated\">\n\t\t\t\t\t\t<div class=\"elementor-element elementor-element-25c3394 elementor-widget elementor-widget-image\" data-id=\"25c3394\" data-element_type=\"widget\" data-e-type=\"widget\" data-widget_type=\"image.default\">\n\t\t\t\t<div class=\"elementor-widget-container\">\n\t\t\t\t\t\t\t\t\t\t\t\t\t\t\t<img fetchpriority=\"high\" decoding=\"async\" width=\"1224\" height=\"250\" src=\"https:\/\/www.pakery.pl\/wp-content\/uploads\/2022\/06\/all-baner-pakerypl-akcesoria.png\" class=\"attachment-full size-full wp-image-40399\" alt=\"\" srcset=\"https:\/\/www.pakery.pl\/wp-content\/uploads\/2022\/06\/all-baner-pakerypl-akcesoria.png 1224w, https:\/\/www.pakery.pl\/wp-content\/uploads\/2022\/06\/all-baner-pakerypl-akcesoria-300x61.png 300w, https:\/\/www.pakery.pl\/wp-content\/uploads\/2022\/06\/all-baner-pakerypl-akcesoria-1024x209.png 1024w, https:\/\/www.pakery.pl\/wp-content\/uploads\/2022\/06\/all-baner-pakerypl-akcesoria-768x157.png 768w, https:\/\/www.pakery.pl\/wp-content\/uploads\/2022\/06\/all-baner-pakerypl-akcesoria-683x140.png 683w, https:\/\/www.pakery.pl\/wp-content\/uploads\/2022\/06\/all-baner-pakerypl-akcesoria-602x123.png 602w\" sizes=\"(max-width: 1224px) 100vw, 1224px\" \/>\t\t\t\t\t\t\t\t\t\t\t\t\t\t\t<\/div>\n\t\t\t\t<\/div>\n\t\t\t\t\t<\/div>\n\t\t<\/div>\n\t\t\t\t\t<\/div>\n\t\t<\/section>\n\t\t\t\t<section class=\"elementor-section elementor-inner-section elementor-element elementor-element-48d41711 elementor-section-full_width elementor-section-height-default elementor-section-height-default\" data-id=\"48d41711\" data-element_type=\"section\" data-e-type=\"section\">\n\t\t\t\t\t\t<div class=\"elementor-container elementor-column-gap-default\">\n\t\t\t\t\t<div class=\"elementor-column elementor-col-100 elementor-inner-column elementor-element elementor-element-67d995d1\" data-id=\"67d995d1\" data-element_type=\"column\" data-e-type=\"column\">\n\t\t\t<div class=\"elementor-widget-wrap elementor-element-populated\">\n\t\t\t\t\t\t<div class=\"elementor-element elementor-element-4fc13934 elementor-widget-divider--view-line elementor-widget elementor-widget-divider\" data-id=\"4fc13934\" data-element_type=\"widget\" data-e-type=\"widget\" data-widget_type=\"divider.default\">\n\t\t\t\t<div class=\"elementor-widget-container\">\n\t\t\t\t\t\t\t<div class=\"elementor-divider\">\n\t\t\t<span class=\"elementor-divider-separator\">\n\t\t\t\t\t\t<\/span>\n\t\t<\/div>\n\t\t\t\t\t\t<\/div>\n\t\t\t\t<\/div>\n\t\t\t\t\t<\/div>\n\t\t<\/div>\n\t\t\t\t\t<\/div>\n\t\t<\/section>\n\t\t\t\t<section class=\"elementor-section elementor-inner-section elementor-element elementor-element-7af5c169 elementor-section-full_width elementor-section-height-default elementor-section-height-default\" data-id=\"7af5c169\" data-element_type=\"section\" data-e-type=\"section\">\n\t\t\t\t\t\t<div class=\"elementor-container elementor-column-gap-default\">\n\t\t\t\t\t<div class=\"elementor-column elementor-col-100 elementor-inner-column elementor-element elementor-element-7f28ef14\" data-id=\"7f28ef14\" data-element_type=\"column\" data-e-type=\"column\">\n\t\t\t<div class=\"elementor-widget-wrap elementor-element-populated\">\n\t\t\t\t\t\t<div class=\"elementor-element elementor-element-616efe27 elementor-cta--skin-cover call-action-box elementor-widget__width-initial elementor-widget-mobile__width-initial elementor-widget elementor-widget-call-to-action\" data-id=\"616efe27\" data-element_type=\"widget\" data-e-type=\"widget\" data-widget_type=\"call-to-action.default\">\n\t\t\t\t<div class=\"elementor-widget-container\">\n\t\t\t\t\t\t\t<div class=\"elementor-cta\">\n\t\t\t\t\t<div class=\"elementor-cta__bg-wrapper\">\n\t\t\t\t<div class=\"elementor-cta__bg elementor-bg\" style=\"background-image: url();\" role=\"img\" aria-label=\"\"><\/div>\n\t\t\t\t<div class=\"elementor-cta__bg-overlay\"><\/div>\n\t\t\t<\/div>\n\t\t\t\t\t\t\t<div class=\"elementor-cta__content\">\n\t\t\t\t\n\t\t\t\t\t\t\t\t\t<h2 class=\"elementor-cta__title elementor-cta__content-item elementor-content-item\">\n\t\t\t\t\t\tPAKKERTILBEH\u00d8R\t\t\t\t\t<\/h2>\n\t\t\t\t\n\t\t\t\t\t\t\t\t\t<div class=\"elementor-cta__description elementor-cta__content-item elementor-content-item\">\n\t\t\t\t\t\t<p>Stikkontakter, slanger, kj\u00f8pesentre<\/p>\n\t\t\t\t\t<\/div>\n\t\t\t\t\n\t\t\t\t\t\t\t<\/div>\n\t\t\t\t\t\t<\/div>\n\t\t\t\t\t\t<\/div>\n\t\t\t\t<\/div>\n\t\t\t\t<div class=\"elementor-element elementor-element-5fa79cf8 elementor-cta--skin-cover call-action-box elementor-widget__width-initial elementor-widget-mobile__width-initial elementor-widget elementor-widget-call-to-action\" data-id=\"5fa79cf8\" data-element_type=\"widget\" data-e-type=\"widget\" data-widget_type=\"call-to-action.default\">\n\t\t\t\t<div class=\"elementor-widget-container\">\n\t\t\t\t\t\t\t<div class=\"elementor-cta\">\n\t\t\t\t\t<div class=\"elementor-cta__bg-wrapper\">\n\t\t\t\t<div class=\"elementor-cta__bg elementor-bg\" style=\"background-image: url();\" role=\"img\" aria-label=\"\"><\/div>\n\t\t\t\t<div class=\"elementor-cta__bg-overlay\"><\/div>\n\t\t\t<\/div>\n\t\t\t\t\t\t\t<div class=\"elementor-cta__content\">\n\t\t\t\t\n\t\t\t\t\t\t\t\t\t<h2 class=\"elementor-cta__title elementor-cta__content-item elementor-content-item\">\n\t\t\t\t\t\tTILKOBLINGER OG RENGJ\u00d8RING \t\t\t\t\t<\/h2>\n\t\t\t\t\n\t\t\t\t\t\t\t\t\t<div class=\"elementor-cta__description elementor-cta__content-item elementor-content-item\">\n\t\t\t\t\t\t<p>Rengj\u00f8ring av pumpe, vedlikehold, slanger<\/p>\n\t\t\t\t\t<\/div>\n\t\t\t\t\n\t\t\t\t\t\t\t<\/div>\n\t\t\t\t\t\t<\/div>\n\t\t\t\t\t\t<\/div>\n\t\t\t\t<\/div>\n\t\t\t\t<div class=\"elementor-element elementor-element-2a0c2084 elementor-cta--skin-cover call-action-box elementor-widget__width-initial elementor-widget-mobile__width-initial elementor-widget elementor-widget-call-to-action\" data-id=\"2a0c2084\" data-element_type=\"widget\" data-e-type=\"widget\" data-widget_type=\"call-to-action.default\">\n\t\t\t\t<div class=\"elementor-widget-container\">\n\t\t\t\t\t\t\t<div class=\"elementor-cta\">\n\t\t\t\t\t<div class=\"elementor-cta__bg-wrapper\">\n\t\t\t\t<div class=\"elementor-cta__bg elementor-bg\" style=\"background-image: url();\" role=\"img\" aria-label=\"\"><\/div>\n\t\t\t\t<div class=\"elementor-cta__bg-overlay\"><\/div>\n\t\t\t<\/div>\n\t\t\t\t\t\t\t<div class=\"elementor-cta__content\">\n\t\t\t\t\n\t\t\t\t\t\t\t\t\t<h2 class=\"elementor-cta__title elementor-cta__content-item elementor-content-item\">\n\t\t\t\t\t\tADAPTERE OG REDUKSJONER \t\t\t\t\t<\/h2>\n\t\t\t\t\n\t\t\t\t\t\t\t\t\t<div class=\"elementor-cta__description elementor-cta__content-item elementor-content-item\">\n\t\t\t\t\t\t<p>Vanlige deler av pumper, trykkm\u00e5lere<\/p>\n\t\t\t\t\t<\/div>\n\t\t\t\t\n\t\t\t\t\t\t\t<\/div>\n\t\t\t\t\t\t<\/div>\n\t\t\t\t\t\t<\/div>\n\t\t\t\t<\/div>\n\t\t\t\t<div class=\"elementor-element elementor-element-1db08e4a elementor-cta--skin-cover call-action-box elementor-widget__width-initial elementor-widget-mobile__width-initial elementor-widget elementor-widget-call-to-action\" data-id=\"1db08e4a\" data-element_type=\"widget\" data-e-type=\"widget\" data-widget_type=\"call-to-action.default\">\n\t\t\t\t<div class=\"elementor-widget-container\">\n\t\t\t\t\t\t\t<div class=\"elementor-cta\">\n\t\t\t\t\t<div class=\"elementor-cta__bg-wrapper\">\n\t\t\t\t<div class=\"elementor-cta__bg elementor-bg\" style=\"background-image: url();\" role=\"img\" aria-label=\"\"><\/div>\n\t\t\t\t<div class=\"elementor-cta__bg-overlay\"><\/div>\n\t\t\t<\/div>\n\t\t\t\t\t\t\t<div class=\"elementor-cta__content\">\n\t\t\t\t\n\t\t\t\t\t\t\t\t\t<h2 class=\"elementor-cta__title elementor-cta__content-item elementor-content-item\">\n\t\t\t\t\t\tDET GJENV\u00c6RENDE\t\t\t\t\t<\/h2>\n\t\t\t\t\n\t\t\t\t\t\t\t\t\t<div class=\"elementor-cta__description elementor-cta__content-item elementor-content-item\">\n\t\t\t\t\t\t<p>Trivia og annet<\/p>\n\t\t\t\t\t<\/div>\n\t\t\t\t\n\t\t\t\t\t\t\t<\/div>\n\t\t\t\t\t\t<\/div>\n\t\t\t\t\t\t<\/div>\n\t\t\t\t<\/div>\n\t\t\t\t\t<\/div>\n\t\t<\/div>\n\t\t\t\t\t<\/div>\n\t\t<\/section>\n\t\t\t\t<section class=\"elementor-section elementor-inner-section elementor-element elementor-element-1bf82a32 elementor-section-full_width elementor-section-height-default elementor-section-height-default\" data-id=\"1bf82a32\" data-element_type=\"section\" data-e-type=\"section\">\n\t\t\t\t\t\t<div class=\"elementor-container elementor-column-gap-default\">\n\t\t\t\t\t<div class=\"elementor-column elementor-col-100 elementor-inner-column elementor-element elementor-element-445f7c91\" data-id=\"445f7c91\" data-element_type=\"column\" data-e-type=\"column\">\n\t\t\t<div class=\"elementor-widget-wrap elementor-element-populated\">\n\t\t\t\t\t\t<div class=\"elementor-element elementor-element-3981f78d elementor-align-center elementor-widget elementor-widget-button\" data-id=\"3981f78d\" data-element_type=\"widget\" data-e-type=\"widget\" data-widget_type=\"button.default\">\n\t\t\t\t<div class=\"elementor-widget-container\">\n\t\t\t\t\t\t\t\t\t<div class=\"elementor-button-wrapper\">\n\t\t\t\t\t<a class=\"elementor-button elementor-button-link elementor-size-sm\" href=\"https:\/\/www.pakery.pl\/no\/kategoria-produktu\/injeksjonstilbehor\/\">\n\t\t\t\t\t\t<span class=\"elementor-button-content-wrapper\">\n\t\t\t\t\t\t\t\t\t<span class=\"elementor-button-text\">SE PRODUKTENE<\/span>\n\t\t\t\t\t<\/span>\n\t\t\t\t\t<\/a>\n\t\t\t\t<\/div>\n\t\t\t\t\t\t\t\t<\/div>\n\t\t\t\t<\/div>\n\t\t\t\t\t<\/div>\n\t\t<\/div>\n\t\t\t\t\t<\/div>\n\t\t<\/section>\n\t\t\t\t\t<\/div>\n\t\t<\/div>\n\t\t\t\t\t<\/div>\n\t\t<\/section>\n\t\t\t\t<\/div>\n\t\t","protected":false},"excerpt":{"rendered":"<p>PAKKERTILBEH\u00d8R Stikkontakter, slanger, kj\u00f8pesentre TILKOBLINGER OG RENGJ\u00d8RING Rengj\u00f8ring av pumpe, vedlikehold, slanger ADAPTERE OG REDUKSJONER Vanlige deler av pumper, trykkm\u00e5lere DET GJENV\u00c6RENDE Trivia og annet SE PRODUKTENE<\/p>\n","protected":false},"author":1,"featured_media":0,"parent":0,"menu_order":0,"comment_status":"closed","ping_status":"closed","template":"elementor_header_footer","meta":{"_acf_changed":false,"footnotes":""},"class_list":["post-10386","page","type-page","status-publish","hentry"],"acf":[],"yoast_head":"<!-- This site is optimized with the Yoast SEO plugin v27.3 - https:\/\/yoast.com\/product\/yoast-seo-wordpress\/ -->\n<title>Injeksjonstilbeh\u00f8r - PAKERY.PL<\/title>\n<meta name=\"robots\" content=\"index, follow, max-snippet:-1, max-image-preview:large, max-video-preview:-1\" \/>\n<link rel=\"canonical\" href=\"https:\/\/www.pakery.pl\/no\/injeksjonstilbehor\/\" \/>\n<meta property=\"og:locale\" content=\"nb_NO\" \/>\n<meta property=\"og:type\" content=\"article\" \/>\n<meta property=\"og:title\" content=\"Injeksjonstilbeh\u00f8r - PAKERY.PL\" \/>\n<meta property=\"og:description\" content=\"PAKKERTILBEH\u00d8R Stikkontakter, slanger, kj\u00f8pesentre TILKOBLINGER OG RENGJ\u00d8RING Rengj\u00f8ring av pumpe, vedlikehold, slanger ADAPTERE OG REDUKSJONER Vanlige deler av pumper, trykkm\u00e5lere DET GJENV\u00c6RENDE Trivia og annet SE PRODUKTENE\" \/>\n<meta property=\"og:url\" content=\"https:\/\/www.pakery.pl\/no\/injeksjonstilbehor\/\" \/>\n<meta property=\"og:site_name\" content=\"PAKERY.PL\" \/>\n<meta property=\"article:modified_time\" content=\"2022-07-04T07:55:50+00:00\" \/>\n<meta property=\"og:image\" content=\"https:\/\/www.pakery.pl\/wp-content\/uploads\/2022\/06\/all-baner-pakerypl-akcesoria.png\" \/>\n<meta name=\"twitter:card\" content=\"summary_large_image\" \/>\n<meta name=\"twitter:label1\" content=\"Ansl. lesetid\" \/>\n\t<meta name=\"twitter:data1\" content=\"1 minutt\" \/>\n<script type=\"application\/ld+json\" class=\"yoast-schema-graph\">{\"@context\":\"https:\\\/\\\/schema.org\",\"@graph\":[{\"@type\":\"WebPage\",\"@id\":\"https:\\\/\\\/www.pakery.pl\\\/no\\\/injeksjonstilbehor\\\/\",\"url\":\"https:\\\/\\\/www.pakery.pl\\\/no\\\/injeksjonstilbehor\\\/\",\"name\":\"Injeksjonstilbeh\u00f8r - PAKERY.PL\",\"isPartOf\":{\"@id\":\"https:\\\/\\\/www.pakery.pl\\\/no\\\/#website\"},\"primaryImageOfPage\":{\"@id\":\"https:\\\/\\\/www.pakery.pl\\\/no\\\/injeksjonstilbehor\\\/#primaryimage\"},\"image\":{\"@id\":\"https:\\\/\\\/www.pakery.pl\\\/no\\\/injeksjonstilbehor\\\/#primaryimage\"},\"thumbnailUrl\":\"https:\\\/\\\/www.pakery.pl\\\/wp-content\\\/uploads\\\/2022\\\/06\\\/all-baner-pakerypl-akcesoria.png\",\"datePublished\":\"2021-08-10T04:54:44+00:00\",\"dateModified\":\"2022-07-04T07:55:50+00:00\",\"breadcrumb\":{\"@id\":\"https:\\\/\\\/www.pakery.pl\\\/no\\\/injeksjonstilbehor\\\/#breadcrumb\"},\"inLanguage\":\"nb-NO\",\"potentialAction\":[{\"@type\":\"ReadAction\",\"target\":[\"https:\\\/\\\/www.pakery.pl\\\/no\\\/injeksjonstilbehor\\\/\"]}]},{\"@type\":\"ImageObject\",\"inLanguage\":\"nb-NO\",\"@id\":\"https:\\\/\\\/www.pakery.pl\\\/no\\\/injeksjonstilbehor\\\/#primaryimage\",\"url\":\"https:\\\/\\\/www.pakery.pl\\\/wp-content\\\/uploads\\\/2022\\\/06\\\/all-baner-pakerypl-akcesoria.png\",\"contentUrl\":\"https:\\\/\\\/www.pakery.pl\\\/wp-content\\\/uploads\\\/2022\\\/06\\\/all-baner-pakerypl-akcesoria.png\"},{\"@type\":\"BreadcrumbList\",\"@id\":\"https:\\\/\\\/www.pakery.pl\\\/no\\\/injeksjonstilbehor\\\/#breadcrumb\",\"itemListElement\":[{\"@type\":\"ListItem\",\"position\":1,\"name\":\"Strona g\u0142\u00f3wna\",\"item\":\"https:\\\/\\\/www.pakery.pl\\\/no\\\/\"},{\"@type\":\"ListItem\",\"position\":2,\"name\":\"Injeksjonstilbeh\u00f8r\"}]},{\"@type\":\"WebSite\",\"@id\":\"https:\\\/\\\/www.pakery.pl\\\/no\\\/#website\",\"url\":\"https:\\\/\\\/www.pakery.pl\\\/no\\\/\",\"name\":\"Pakery.pl\",\"description\":\"Pakery iniekcyjne, Kotwy spiralne, Lance iniekcyjne, W\u0119\u017ce do iniekcji, Pompy iniekcyjne, Serwis pomp iniekcyjnych, Wynajem pomp do iniekcji\",\"publisher\":{\"@id\":\"https:\\\/\\\/www.pakery.pl\\\/no\\\/#organization\"},\"potentialAction\":[{\"@type\":\"SearchAction\",\"target\":{\"@type\":\"EntryPoint\",\"urlTemplate\":\"https:\\\/\\\/www.pakery.pl\\\/no\\\/?s={search_term_string}\"},\"query-input\":{\"@type\":\"PropertyValueSpecification\",\"valueRequired\":true,\"valueName\":\"search_term_string\"}}],\"inLanguage\":\"nb-NO\"},{\"@type\":\"Organization\",\"@id\":\"https:\\\/\\\/www.pakery.pl\\\/no\\\/#organization\",\"name\":\"PAKERY.PL\",\"url\":\"https:\\\/\\\/www.pakery.pl\\\/no\\\/\",\"logo\":{\"@type\":\"ImageObject\",\"inLanguage\":\"nb-NO\",\"@id\":\"https:\\\/\\\/www.pakery.pl\\\/no\\\/#\\\/schema\\\/logo\\\/image\\\/\",\"url\":\"https:\\\/\\\/www.pakery.pl\\\/wp-content\\\/uploads\\\/2021\\\/04\\\/cropped-PAKERY-LOGO.png\",\"contentUrl\":\"https:\\\/\\\/www.pakery.pl\\\/wp-content\\\/uploads\\\/2021\\\/04\\\/cropped-PAKERY-LOGO.png\",\"width\":1529,\"height\":500,\"caption\":\"PAKERY.PL\"},\"image\":{\"@id\":\"https:\\\/\\\/www.pakery.pl\\\/no\\\/#\\\/schema\\\/logo\\\/image\\\/\"}}]}<\/script>\n<!-- \/ Yoast SEO plugin. -->","yoast_head_json":{"title":"Injeksjonstilbeh\u00f8r - PAKERY.PL","robots":{"index":"index","follow":"follow","max-snippet":"max-snippet:-1","max-image-preview":"max-image-preview:large","max-video-preview":"max-video-preview:-1"},"canonical":"https:\/\/www.pakery.pl\/no\/injeksjonstilbehor\/","og_locale":"nb_NO","og_type":"article","og_title":"Injeksjonstilbeh\u00f8r - PAKERY.PL","og_description":"PAKKERTILBEH\u00d8R Stikkontakter, slanger, kj\u00f8pesentre TILKOBLINGER OG RENGJ\u00d8RING Rengj\u00f8ring av pumpe, vedlikehold, slanger ADAPTERE OG REDUKSJONER Vanlige deler av pumper, trykkm\u00e5lere DET GJENV\u00c6RENDE Trivia og annet SE PRODUKTENE","og_url":"https:\/\/www.pakery.pl\/no\/injeksjonstilbehor\/","og_site_name":"PAKERY.PL","article_modified_time":"2022-07-04T07:55:50+00:00","og_image":[{"url":"https:\/\/www.pakery.pl\/wp-content\/uploads\/2022\/06\/all-baner-pakerypl-akcesoria.png","type":"","width":"","height":""}],"twitter_card":"summary_large_image","twitter_misc":{"Ansl. lesetid":"1 minutt"},"schema":{"@context":"https:\/\/schema.org","@graph":[{"@type":"WebPage","@id":"https:\/\/www.pakery.pl\/no\/injeksjonstilbehor\/","url":"https:\/\/www.pakery.pl\/no\/injeksjonstilbehor\/","name":"Injeksjonstilbeh\u00f8r - PAKERY.PL","isPartOf":{"@id":"https:\/\/www.pakery.pl\/no\/#website"},"primaryImageOfPage":{"@id":"https:\/\/www.pakery.pl\/no\/injeksjonstilbehor\/#primaryimage"},"image":{"@id":"https:\/\/www.pakery.pl\/no\/injeksjonstilbehor\/#primaryimage"},"thumbnailUrl":"https:\/\/www.pakery.pl\/wp-content\/uploads\/2022\/06\/all-baner-pakerypl-akcesoria.png","datePublished":"2021-08-10T04:54:44+00:00","dateModified":"2022-07-04T07:55:50+00:00","breadcrumb":{"@id":"https:\/\/www.pakery.pl\/no\/injeksjonstilbehor\/#breadcrumb"},"inLanguage":"nb-NO","potentialAction":[{"@type":"ReadAction","target":["https:\/\/www.pakery.pl\/no\/injeksjonstilbehor\/"]}]},{"@type":"ImageObject","inLanguage":"nb-NO","@id":"https:\/\/www.pakery.pl\/no\/injeksjonstilbehor\/#primaryimage","url":"https:\/\/www.pakery.pl\/wp-content\/uploads\/2022\/06\/all-baner-pakerypl-akcesoria.png","contentUrl":"https:\/\/www.pakery.pl\/wp-content\/uploads\/2022\/06\/all-baner-pakerypl-akcesoria.png"},{"@type":"BreadcrumbList","@id":"https:\/\/www.pakery.pl\/no\/injeksjonstilbehor\/#breadcrumb","itemListElement":[{"@type":"ListItem","position":1,"name":"Strona g\u0142\u00f3wna","item":"https:\/\/www.pakery.pl\/no\/"},{"@type":"ListItem","position":2,"name":"Injeksjonstilbeh\u00f8r"}]},{"@type":"WebSite","@id":"https:\/\/www.pakery.pl\/no\/#website","url":"https:\/\/www.pakery.pl\/no\/","name":"Pakery.pl","description":"Pakery iniekcyjne, Kotwy spiralne, Lance iniekcyjne, W\u0119\u017ce do iniekcji, Pompy iniekcyjne, Serwis pomp iniekcyjnych, Wynajem pomp do iniekcji","publisher":{"@id":"https:\/\/www.pakery.pl\/no\/#organization"},"potentialAction":[{"@type":"SearchAction","target":{"@type":"EntryPoint","urlTemplate":"https:\/\/www.pakery.pl\/no\/?s={search_term_string}"},"query-input":{"@type":"PropertyValueSpecification","valueRequired":true,"valueName":"search_term_string"}}],"inLanguage":"nb-NO"},{"@type":"Organization","@id":"https:\/\/www.pakery.pl\/no\/#organization","name":"PAKERY.PL","url":"https:\/\/www.pakery.pl\/no\/","logo":{"@type":"ImageObject","inLanguage":"nb-NO","@id":"https:\/\/www.pakery.pl\/no\/#\/schema\/logo\/image\/","url":"https:\/\/www.pakery.pl\/wp-content\/uploads\/2021\/04\/cropped-PAKERY-LOGO.png","contentUrl":"https:\/\/www.pakery.pl\/wp-content\/uploads\/2021\/04\/cropped-PAKERY-LOGO.png","width":1529,"height":500,"caption":"PAKERY.PL"},"image":{"@id":"https:\/\/www.pakery.pl\/no\/#\/schema\/logo\/image\/"}}]}},"_links":{"self":[{"href":"https:\/\/www.pakery.pl\/no\/wp-json\/wp\/v2\/pages\/10386","targetHints":{"allow":["GET"]}}],"collection":[{"href":"https:\/\/www.pakery.pl\/no\/wp-json\/wp\/v2\/pages"}],"about":[{"href":"https:\/\/www.pakery.pl\/no\/wp-json\/wp\/v2\/types\/page"}],"author":[{"embeddable":true,"href":"https:\/\/www.pakery.pl\/no\/wp-json\/wp\/v2\/users\/1"}],"replies":[{"embeddable":true,"href":"https:\/\/www.pakery.pl\/no\/wp-json\/wp\/v2\/comments?post=10386"}],"version-history":[{"count":5,"href":"https:\/\/www.pakery.pl\/no\/wp-json\/wp\/v2\/pages\/10386\/revisions"}],"predecessor-version":[{"id":41733,"href":"https:\/\/www.pakery.pl\/no\/wp-json\/wp\/v2\/pages\/10386\/revisions\/41733"}],"wp:attachment":[{"href":"https:\/\/www.pakery.pl\/no\/wp-json\/wp\/v2\/media?parent=10386"}],"curies":[{"name":"wp","href":"https:\/\/api.w.org\/{rel}","templated":true}]}}