{"id":7043,"date":"2021-08-04T13:19:16","date_gmt":"2021-08-04T11:19:16","guid":{"rendered":"https:\/\/www.pakery.pl\/produkt\/injectie-injectielans-geperforeerd-uiteinde\/"},"modified":"2021-08-04T13:19:19","modified_gmt":"2021-08-04T11:19:19","slug":"injectie-injectielans-geperforeerd-uiteinde","status":"publish","type":"product","link":"https:\/\/www.pakery.pl\/nl\/produkt\/injectie-injectielans-geperforeerd-uiteinde\/","title":{"rendered":"Injectie \/ injectielans geperforeerd uiteinde"},"content":{"rendered":"\t\t<div data-elementor-type=\"product-post\" data-elementor-id=\"7043\" class=\"elementor elementor-7043 elementor-1933\" data-elementor-post-type=\"product\">\n\t\t\t\t\t\t<section class=\"elementor-section elementor-top-section elementor-element elementor-element-860e25a elementor-section-full_width elementor-section-height-default elementor-section-height-default\" data-id=\"860e25a\" data-element_type=\"section\" data-e-type=\"section\">\n\t\t\t\t\t\t<div class=\"elementor-container elementor-column-gap-default\">\n\t\t\t\t\t<div class=\"elementor-column elementor-col-100 elementor-top-column elementor-element elementor-element-b84f84f\" data-id=\"b84f84f\" data-element_type=\"column\" data-e-type=\"column\">\n\t\t\t<div class=\"elementor-widget-wrap elementor-element-populated\">\n\t\t\t\t\t\t<div class=\"elementor-element elementor-element-e140e1f elementor-widget elementor-widget-image\" data-id=\"e140e1f\" data-element_type=\"widget\" data-e-type=\"widget\" data-widget_type=\"image.default\">\n\t\t\t\t<div class=\"elementor-widget-container\">\n\t\t\t\t\t\t\t\t\t\t\t\t\t\t\t<img fetchpriority=\"high\" decoding=\"async\" width=\"1763\" height=\"565\" src=\"https:\/\/www.pakery.pl\/wp-content\/uploads\/2021\/05\/schemat-lance-JG-END-PER.png\" class=\"attachment-full size-full wp-image-7048\" alt=\"\" srcset=\"https:\/\/www.pakery.pl\/wp-content\/uploads\/2021\/05\/schemat-lance-JG-END-PER.png 1763w, https:\/\/www.pakery.pl\/wp-content\/uploads\/2021\/05\/schemat-lance-JG-END-PER-300x96.png 300w, https:\/\/www.pakery.pl\/wp-content\/uploads\/2021\/05\/schemat-lance-JG-END-PER-1024x328.png 1024w, https:\/\/www.pakery.pl\/wp-content\/uploads\/2021\/05\/schemat-lance-JG-END-PER-768x246.png 768w, https:\/\/www.pakery.pl\/wp-content\/uploads\/2021\/05\/schemat-lance-JG-END-PER-1536x492.png 1536w, https:\/\/www.pakery.pl\/wp-content\/uploads\/2021\/05\/schemat-lance-JG-END-PER-683x219.png 683w, https:\/\/www.pakery.pl\/wp-content\/uploads\/2021\/05\/schemat-lance-JG-END-PER-602x193.png 602w\" sizes=\"(max-width: 1763px) 100vw, 1763px\" \/>\t\t\t\t\t\t\t\t\t\t\t\t\t\t\t<\/div>\n\t\t\t\t<\/div>\n\t\t\t\t<div class=\"elementor-element elementor-element-08b3c3e elementor-widget elementor-widget-text-editor\" data-id=\"08b3c3e\" data-element_type=\"widget\" data-e-type=\"widget\" data-widget_type=\"text-editor.default\">\n\t\t\t\t<div class=\"elementor-widget-container\">\n\t\t\t\t\t\t\t\t\t<h3><span style=\"color: #000000;\"><strong>JG-END-PER 500 \/ 1000<\/strong><\/span><\/h3>\n<\/p>\n<p><span style=\"color: #000000;\"><strong>TECHNISCHE SPECIFICATIES:<\/strong><\/span><\/p>\n<ul>\n<li><span style=\"color: #000000;\"><em>materiaal: <b>staal<\/b><\/em><\/span><\/li>\n<li><span style=\"color: #000000;\"><em>buitenste diameter.: <b>\u00d813 mm<\/b><\/em><\/span><\/li>\n<li><span style=\"color: #000000;\"><em>binnen diameter: <b>\u00d89 mm<\/b><\/em><\/span><\/li>\n<li><span style=\"color: #000000;\"><em>diameter van de opening.: <b>\u00d83,8 mm<\/b><\/em><\/span><\/li>\n<li><span style=\"color: #000000;\"><em>aantal gaten \/ mb: <b>16<\/b><\/em><\/span><\/li>\n<li><span style=\"color: #000000;\"><em><b>GZ 1\/4, m10x1<br \/>\n<\/b><\/em><\/p>\n<p><em><b><\/b><\/em><\/p>\n<p><\/span><\/li>\n<\/ul>\n<p><span style=\"color: #000000;\">JG-END-PER injectielansen zijn inschroeflansen. Alle injectielansen van het HAMMPACK systeem zijn voorzien van een invoer (cutter) voor een platte sleutel. Dit geldt zowel voor de injectielansen zelf als voor de aansluithulzen en inschroefpunten (JG-NOSHOOTER).<\/span><\/p>\n\t\t\t\t\t\t\t\t<\/div>\n\t\t\t\t<\/div>\n\t\t\t\t\t<\/div>\n\t\t<\/div>\n\t\t\t\t\t<\/div>\n\t\t<\/section>\n\t\t\t\t<\/div>\n\t\t","protected":false},"excerpt":{"rendered":"<p>JG-END-PER 500 \/ 1000 TECHNISCHE SPECIFICATIES: materiaal: staal buitenste diameter.: \u00d813 mm binnen diameter: \u00d89 mm diameter van de opening.: \u00d83,8 mm aantal gaten \/ mb: 16 GZ 1\/4, m10x1 JG-END-PER injectielansen zijn inschroeflansen. Alle injectielansen van het HAMMPACK systeem zijn voorzien van een invoer (cutter) voor een platte sleutel. Dit geldt zowel voor de [&hellip;]<\/p>\n","protected":false},"featured_media":7044,"template":"","meta":{"_acf_changed":false},"product_brand":[],"product_cat":[187],"product_tag":[],"class_list":{"0":"post-7043","1":"product","2":"type-product","3":"status-publish","4":"has-post-thumbnail","6":"product_cat-injectielansen","7":"pa_wymiar-lanca-1000-mm-nl","8":"pa_wymiar-lanca-500-mm-nl","10":"first","11":"instock","12":"taxable","13":"shipping-taxable","14":"purchasable","15":"product-type-variable"},"acf":[],"yoast_head":"<!-- This site is optimized with the Yoast SEO plugin v27.3 - https:\/\/yoast.com\/product\/yoast-seo-wordpress\/ -->\n<title>Injectie \/ injectielans geperforeerd uiteinde - PAKERY.PL<\/title>\n<meta name=\"robots\" content=\"index, follow, max-snippet:-1, max-image-preview:large, max-video-preview:-1\" \/>\n<link rel=\"canonical\" href=\"https:\/\/www.pakery.pl\/nl\/produkt\/injectie-injectielans-geperforeerd-uiteinde\/\" \/>\n<meta property=\"og:locale\" content=\"nl_NL\" \/>\n<meta property=\"og:type\" content=\"article\" \/>\n<meta property=\"og:title\" content=\"Injectie \/ injectielans geperforeerd uiteinde - PAKERY.PL\" \/>\n<meta property=\"og:description\" content=\"JG-END-PER 500 \/ 1000 TECHNISCHE SPECIFICATIES: materiaal: staal buitenste diameter.: \u00d813 mm binnen diameter: \u00d89 mm diameter van de opening.: \u00d83,8 mm aantal gaten \/ mb: 16 GZ 1\/4, m10x1 JG-END-PER injectielansen zijn inschroeflansen. Alle injectielansen van het HAMMPACK systeem zijn voorzien van een invoer (cutter) voor een platte sleutel. Dit geldt zowel voor de [&hellip;]\" \/>\n<meta property=\"og:url\" content=\"https:\/\/www.pakery.pl\/nl\/produkt\/injectie-injectielans-geperforeerd-uiteinde\/\" \/>\n<meta property=\"og:site_name\" content=\"PAKERY.PL\" \/>\n<meta property=\"article:modified_time\" content=\"2021-08-04T11:19:19+00:00\" \/>\n<meta property=\"og:image\" content=\"https:\/\/www.pakery.pl\/wp-content\/uploads\/2021\/04\/JG-END-PER.png\" \/>\n\t<meta property=\"og:image:width\" content=\"2500\" \/>\n\t<meta property=\"og:image:height\" content=\"2500\" \/>\n\t<meta property=\"og:image:type\" content=\"image\/png\" \/>\n<meta name=\"twitter:card\" content=\"summary_large_image\" \/>\n<script type=\"application\/ld+json\" class=\"yoast-schema-graph\">{\"@context\":\"https:\\\/\\\/schema.org\",\"@graph\":[{\"@type\":\"WebPage\",\"@id\":\"https:\\\/\\\/www.pakery.pl\\\/nl\\\/produkt\\\/injectie-injectielans-geperforeerd-uiteinde\\\/\",\"url\":\"https:\\\/\\\/www.pakery.pl\\\/nl\\\/produkt\\\/injectie-injectielans-geperforeerd-uiteinde\\\/\",\"name\":\"Injectie \\\/ injectielans geperforeerd uiteinde - PAKERY.PL\",\"isPartOf\":{\"@id\":\"https:\\\/\\\/www.pakery.pl\\\/nl\\\/#website\"},\"primaryImageOfPage\":{\"@id\":\"https:\\\/\\\/www.pakery.pl\\\/nl\\\/produkt\\\/injectie-injectielans-geperforeerd-uiteinde\\\/#primaryimage\"},\"image\":{\"@id\":\"https:\\\/\\\/www.pakery.pl\\\/nl\\\/produkt\\\/injectie-injectielans-geperforeerd-uiteinde\\\/#primaryimage\"},\"thumbnailUrl\":\"https:\\\/\\\/www.pakery.pl\\\/wp-content\\\/uploads\\\/2021\\\/04\\\/JG-END-PER.png\",\"datePublished\":\"2021-08-04T11:19:16+00:00\",\"dateModified\":\"2021-08-04T11:19:19+00:00\",\"breadcrumb\":{\"@id\":\"https:\\\/\\\/www.pakery.pl\\\/nl\\\/produkt\\\/injectie-injectielans-geperforeerd-uiteinde\\\/#breadcrumb\"},\"inLanguage\":\"nl-NL\",\"potentialAction\":[{\"@type\":\"ReadAction\",\"target\":[\"https:\\\/\\\/www.pakery.pl\\\/nl\\\/produkt\\\/injectie-injectielans-geperforeerd-uiteinde\\\/\"]}]},{\"@type\":\"ImageObject\",\"inLanguage\":\"nl-NL\",\"@id\":\"https:\\\/\\\/www.pakery.pl\\\/nl\\\/produkt\\\/injectie-injectielans-geperforeerd-uiteinde\\\/#primaryimage\",\"url\":\"https:\\\/\\\/www.pakery.pl\\\/wp-content\\\/uploads\\\/2021\\\/04\\\/JG-END-PER.png\",\"contentUrl\":\"https:\\\/\\\/www.pakery.pl\\\/wp-content\\\/uploads\\\/2021\\\/04\\\/JG-END-PER.png\",\"width\":2500,\"height\":2500},{\"@type\":\"BreadcrumbList\",\"@id\":\"https:\\\/\\\/www.pakery.pl\\\/nl\\\/produkt\\\/injectie-injectielans-geperforeerd-uiteinde\\\/#breadcrumb\",\"itemListElement\":[{\"@type\":\"ListItem\",\"position\":1,\"name\":\"Strona g\u0142\u00f3wna\",\"item\":\"https:\\\/\\\/www.pakery.pl\\\/nl\\\/\"},{\"@type\":\"ListItem\",\"position\":2,\"name\":\"Winkel\",\"item\":\"https:\\\/\\\/www.pakery.pl\\\/nl\\\/winkel\\\/\"},{\"@type\":\"ListItem\",\"position\":3,\"name\":\"Injectie \\\/ injectielans geperforeerd uiteinde\"}]},{\"@type\":\"WebSite\",\"@id\":\"https:\\\/\\\/www.pakery.pl\\\/nl\\\/#website\",\"url\":\"https:\\\/\\\/www.pakery.pl\\\/nl\\\/\",\"name\":\"Pakery.pl\",\"description\":\"Pakery iniekcyjne, Kotwy spiralne, Lance iniekcyjne, W\u0119\u017ce do iniekcji, Pompy iniekcyjne, Serwis pomp iniekcyjnych, Wynajem pomp do iniekcji\",\"publisher\":{\"@id\":\"https:\\\/\\\/www.pakery.pl\\\/nl\\\/#organization\"},\"potentialAction\":[{\"@type\":\"SearchAction\",\"target\":{\"@type\":\"EntryPoint\",\"urlTemplate\":\"https:\\\/\\\/www.pakery.pl\\\/nl\\\/?s={search_term_string}\"},\"query-input\":{\"@type\":\"PropertyValueSpecification\",\"valueRequired\":true,\"valueName\":\"search_term_string\"}}],\"inLanguage\":\"nl-NL\"},{\"@type\":\"Organization\",\"@id\":\"https:\\\/\\\/www.pakery.pl\\\/nl\\\/#organization\",\"name\":\"PAKERY.PL\",\"url\":\"https:\\\/\\\/www.pakery.pl\\\/nl\\\/\",\"logo\":{\"@type\":\"ImageObject\",\"inLanguage\":\"nl-NL\",\"@id\":\"https:\\\/\\\/www.pakery.pl\\\/nl\\\/#\\\/schema\\\/logo\\\/image\\\/\",\"url\":\"https:\\\/\\\/www.pakery.pl\\\/wp-content\\\/uploads\\\/2021\\\/04\\\/cropped-PAKERY-LOGO.png\",\"contentUrl\":\"https:\\\/\\\/www.pakery.pl\\\/wp-content\\\/uploads\\\/2021\\\/04\\\/cropped-PAKERY-LOGO.png\",\"width\":1529,\"height\":500,\"caption\":\"PAKERY.PL\"},\"image\":{\"@id\":\"https:\\\/\\\/www.pakery.pl\\\/nl\\\/#\\\/schema\\\/logo\\\/image\\\/\"}}]}<\/script>\n<!-- \/ Yoast SEO plugin. -->","yoast_head_json":{"title":"Injectie \/ injectielans geperforeerd uiteinde - PAKERY.PL","robots":{"index":"index","follow":"follow","max-snippet":"max-snippet:-1","max-image-preview":"max-image-preview:large","max-video-preview":"max-video-preview:-1"},"canonical":"https:\/\/www.pakery.pl\/nl\/produkt\/injectie-injectielans-geperforeerd-uiteinde\/","og_locale":"nl_NL","og_type":"article","og_title":"Injectie \/ injectielans geperforeerd uiteinde - PAKERY.PL","og_description":"JG-END-PER 500 \/ 1000 TECHNISCHE SPECIFICATIES: materiaal: staal buitenste diameter.: \u00d813 mm binnen diameter: \u00d89 mm diameter van de opening.: \u00d83,8 mm aantal gaten \/ mb: 16 GZ 1\/4, m10x1 JG-END-PER injectielansen zijn inschroeflansen. Alle injectielansen van het HAMMPACK systeem zijn voorzien van een invoer (cutter) voor een platte sleutel. Dit geldt zowel voor de [&hellip;]","og_url":"https:\/\/www.pakery.pl\/nl\/produkt\/injectie-injectielans-geperforeerd-uiteinde\/","og_site_name":"PAKERY.PL","article_modified_time":"2021-08-04T11:19:19+00:00","og_image":[{"width":2500,"height":2500,"url":"https:\/\/www.pakery.pl\/wp-content\/uploads\/2021\/04\/JG-END-PER.png","type":"image\/png"}],"twitter_card":"summary_large_image","schema":{"@context":"https:\/\/schema.org","@graph":[{"@type":"WebPage","@id":"https:\/\/www.pakery.pl\/nl\/produkt\/injectie-injectielans-geperforeerd-uiteinde\/","url":"https:\/\/www.pakery.pl\/nl\/produkt\/injectie-injectielans-geperforeerd-uiteinde\/","name":"Injectie \/ injectielans geperforeerd uiteinde - PAKERY.PL","isPartOf":{"@id":"https:\/\/www.pakery.pl\/nl\/#website"},"primaryImageOfPage":{"@id":"https:\/\/www.pakery.pl\/nl\/produkt\/injectie-injectielans-geperforeerd-uiteinde\/#primaryimage"},"image":{"@id":"https:\/\/www.pakery.pl\/nl\/produkt\/injectie-injectielans-geperforeerd-uiteinde\/#primaryimage"},"thumbnailUrl":"https:\/\/www.pakery.pl\/wp-content\/uploads\/2021\/04\/JG-END-PER.png","datePublished":"2021-08-04T11:19:16+00:00","dateModified":"2021-08-04T11:19:19+00:00","breadcrumb":{"@id":"https:\/\/www.pakery.pl\/nl\/produkt\/injectie-injectielans-geperforeerd-uiteinde\/#breadcrumb"},"inLanguage":"nl-NL","potentialAction":[{"@type":"ReadAction","target":["https:\/\/www.pakery.pl\/nl\/produkt\/injectie-injectielans-geperforeerd-uiteinde\/"]}]},{"@type":"ImageObject","inLanguage":"nl-NL","@id":"https:\/\/www.pakery.pl\/nl\/produkt\/injectie-injectielans-geperforeerd-uiteinde\/#primaryimage","url":"https:\/\/www.pakery.pl\/wp-content\/uploads\/2021\/04\/JG-END-PER.png","contentUrl":"https:\/\/www.pakery.pl\/wp-content\/uploads\/2021\/04\/JG-END-PER.png","width":2500,"height":2500},{"@type":"BreadcrumbList","@id":"https:\/\/www.pakery.pl\/nl\/produkt\/injectie-injectielans-geperforeerd-uiteinde\/#breadcrumb","itemListElement":[{"@type":"ListItem","position":1,"name":"Strona g\u0142\u00f3wna","item":"https:\/\/www.pakery.pl\/nl\/"},{"@type":"ListItem","position":2,"name":"Winkel","item":"https:\/\/www.pakery.pl\/nl\/winkel\/"},{"@type":"ListItem","position":3,"name":"Injectie \/ injectielans geperforeerd uiteinde"}]},{"@type":"WebSite","@id":"https:\/\/www.pakery.pl\/nl\/#website","url":"https:\/\/www.pakery.pl\/nl\/","name":"Pakery.pl","description":"Pakery iniekcyjne, Kotwy spiralne, Lance iniekcyjne, W\u0119\u017ce do iniekcji, Pompy iniekcyjne, Serwis pomp iniekcyjnych, Wynajem pomp do iniekcji","publisher":{"@id":"https:\/\/www.pakery.pl\/nl\/#organization"},"potentialAction":[{"@type":"SearchAction","target":{"@type":"EntryPoint","urlTemplate":"https:\/\/www.pakery.pl\/nl\/?s={search_term_string}"},"query-input":{"@type":"PropertyValueSpecification","valueRequired":true,"valueName":"search_term_string"}}],"inLanguage":"nl-NL"},{"@type":"Organization","@id":"https:\/\/www.pakery.pl\/nl\/#organization","name":"PAKERY.PL","url":"https:\/\/www.pakery.pl\/nl\/","logo":{"@type":"ImageObject","inLanguage":"nl-NL","@id":"https:\/\/www.pakery.pl\/nl\/#\/schema\/logo\/image\/","url":"https:\/\/www.pakery.pl\/wp-content\/uploads\/2021\/04\/cropped-PAKERY-LOGO.png","contentUrl":"https:\/\/www.pakery.pl\/wp-content\/uploads\/2021\/04\/cropped-PAKERY-LOGO.png","width":1529,"height":500,"caption":"PAKERY.PL"},"image":{"@id":"https:\/\/www.pakery.pl\/nl\/#\/schema\/logo\/image\/"}}]}},"_links":{"self":[{"href":"https:\/\/www.pakery.pl\/nl\/wp-json\/wp\/v2\/product\/7043","targetHints":{"allow":["GET"]}}],"collection":[{"href":"https:\/\/www.pakery.pl\/nl\/wp-json\/wp\/v2\/product"}],"about":[{"href":"https:\/\/www.pakery.pl\/nl\/wp-json\/wp\/v2\/types\/product"}],"version-history":[{"count":3,"href":"https:\/\/www.pakery.pl\/nl\/wp-json\/wp\/v2\/product\/7043\/revisions"}],"predecessor-version":[{"id":7052,"href":"https:\/\/www.pakery.pl\/nl\/wp-json\/wp\/v2\/product\/7043\/revisions\/7052"}],"wp:featuredmedia":[{"embeddable":true,"href":"https:\/\/www.pakery.pl\/nl\/wp-json\/wp\/v2\/media\/7044"}],"wp:attachment":[{"href":"https:\/\/www.pakery.pl\/nl\/wp-json\/wp\/v2\/media?parent=7043"}],"wp:term":[{"taxonomy":"product_brand","embeddable":true,"href":"https:\/\/www.pakery.pl\/nl\/wp-json\/wp\/v2\/product_brand?post=7043"},{"taxonomy":"product_cat","embeddable":true,"href":"https:\/\/www.pakery.pl\/nl\/wp-json\/wp\/v2\/product_cat?post=7043"},{"taxonomy":"product_tag","embeddable":true,"href":"https:\/\/www.pakery.pl\/nl\/wp-json\/wp\/v2\/product_tag?post=7043"}],"curies":[{"name":"wp","href":"https:\/\/api.w.org\/{rel}","templated":true}]}}