{"id":6030,"date":"2021-05-04T17:28:58","date_gmt":"2021-05-04T15:28:58","guid":{"rendered":"https:\/\/www.pakery.pl\/produkt\/talerz-sprezyny-a03123\/"},"modified":"2021-07-29T14:22:28","modified_gmt":"2021-07-29T12:22:28","slug":"disc-spring-a03123","status":"publish","type":"product","link":"https:\/\/www.pakery.pl\/nl\/produkt\/disc-spring-a03123\/","title":{"rendered":"Disc spring (A03123)"},"content":{"rendered":"\t\t<div data-elementor-type=\"product-post\" data-elementor-id=\"6030\" class=\"elementor elementor-6030 elementor-2259\" data-elementor-post-type=\"product\">\n\t\t\t\t\t\t<section class=\"elementor-section elementor-top-section elementor-element elementor-element-2a572f5 elementor-section-boxed elementor-section-height-default elementor-section-height-default\" data-id=\"2a572f5\" data-element_type=\"section\" data-e-type=\"section\">\n\t\t\t\t\t\t<div class=\"elementor-container elementor-column-gap-default\">\n\t\t\t\t\t<div class=\"elementor-column elementor-col-50 elementor-top-column elementor-element elementor-element-098e794\" data-id=\"098e794\" data-element_type=\"column\" data-e-type=\"column\">\n\t\t\t<div class=\"elementor-widget-wrap elementor-element-populated\">\n\t\t\t\t\t\t<div class=\"elementor-element elementor-element-8f0fe41 elementor-widget elementor-widget-text-editor\" data-id=\"8f0fe41\" data-element_type=\"widget\" data-e-type=\"widget\" data-widget_type=\"text-editor.default\">\n\t\t\t\t<div class=\"elementor-widget-container\">\n\t\t\t\t\t\t\t\t\t<table style=\"border-color: black;\" border=\"\" cellspacing=\"0\" cellpadding=\"0\">\n<tbody>\n<tr>\n<td valign=\"middle\">\n<p align=\"center\"><span style=\"color: #000000; font-family: Helvetica Neue; font-size: small;\">NO.<\/span><\/p>\n<\/td>\n<td valign=\"middle\">\n<p align=\"center\"><span style=\"color: #000000; font-family: Helvetica Neue; font-size: small;\">CODE<\/span><\/p>\n<\/td>\n<td valign=\"middle\">\n<p align=\"center\"><span style=\"color: #000000; font-family: Helvetica Neue; font-size: small;\">NAME<\/span><\/p>\n<\/td>\n<\/tr>\n<tr>\n<td valign=\"middle\">\n<p align=\"center\"><span style=\"color: #000000; font-family: Helvetica Neue; font-size: small;\">32<\/span><\/p>\n<\/td>\n<td valign=\"middle\">\n<p align=\"center\"><span style=\"color: #000000; font-family: Helvetica Neue; font-size: small;\">A03115<\/span><\/p>\n<\/td>\n<td valign=\"middle\">\n<p align=\"center\"><span style=\"color: #000000; font-family: Helvetica Neue; font-size: small;\">Oil housing<\/span><\/p>\n<\/td>\n<\/tr>\n<tr>\n<td valign=\"middle\">\n<p align=\"center\"><span style=\"color: #000000; font-family: Helvetica Neue; font-size: small;\">33-34<\/span><\/p>\n<\/td>\n<td valign=\"middle\">\n<p align=\"center\"><span style=\"color: #000000; font-family: Helvetica Neue; font-size: small;\">A03109<\/span><\/p>\n<\/td>\n<td valign=\"middle\">\n<p align=\"center\"><span style=\"color: #000000; font-family: Helvetica Neue; font-size: small;\">Oil level&nbsp;<\/span><\/p>\n<\/td>\n<\/tr>\n<tr>\n<td valign=\"middle\">\n<p align=\"center\"><span style=\"color: #000000; font-family: Helvetica Neue; font-size: small;\">35<\/span><\/p>\n<\/td>\n<td valign=\"middle\">\n<p align=\"center\"><span style=\"color: #000000; font-family: Helvetica Neue; font-size: small;\">CA4211<\/span><\/p>\n<\/td>\n<td valign=\"middle\">\n<p align=\"center\"><span style=\"color: #000000; font-family: Helvetica Neue; font-size: small;\">Plug of oil unloading<\/span><\/p>\n<\/td>\n<\/tr>\n<tr>\n<td valign=\"middle\">\n<p align=\"center\"><span style=\"color: #000000; font-family: Helvetica Neue; font-size: small;\">36+37+38<\/span><\/p>\n<\/td>\n<td valign=\"middle\">\n<p align=\"center\"><span style=\"color: #000000; font-family: Helvetica Neue; font-size: small;\">CA10120<br>S110730<br>CA10070<\/span><\/p>\n<\/td>\n<td valign=\"middle\">\n<p align=\"center\"><span style=\"color: #000000; font-family: Helvetica Neue; font-size: small;\">Pump leg<\/span><\/p>\n<\/td>\n<\/tr>\n<tr>\n<td valign=\"middle\">\n<p align=\"center\"><span style=\"color: #000000; font-family: Helvetica Neue; font-size: small;\">39<\/span><\/p>\n<\/td>\n<td valign=\"middle\">\n<p align=\"center\"><span style=\"color: #000000; font-family: Helvetica Neue; font-size: small;\">A03126E<\/span><\/p>\n<\/td>\n<td valign=\"middle\">\n<p align=\"center\"><span style=\"color: #000000; font-family: Helvetica Neue; font-size: small;\">Diaphragm thickness<\/span><\/p>\n<\/td>\n<\/tr>\n<tr>\n<td valign=\"middle\">\n<p align=\"center\"><span style=\"color: #000000; font-family: Helvetica Neue; font-size: small;\">40<\/span><\/p>\n<\/td>\n<td valign=\"middle\">\n<p align=\"center\"><span style=\"color: #000000; font-family: Helvetica Neue; font-size: small;\">A03125E<\/span><\/p>\n<\/td>\n<td valign=\"middle\">\n<p align=\"center\"><span style=\"color: #000000; font-family: Helvetica Neue; font-size: small;\">Membrane<\/span><\/p>\n<\/td>\n<\/tr>\n<tr>\n<td valign=\"middle\">\n<p align=\"center\"><span style=\"color: #000000; font-family: Helvetica Neue; font-size: small;\">41<\/span><\/p>\n<\/td>\n<td valign=\"middle\">\n<p align=\"center\"><span style=\"color: #000000; font-family: Helvetica Neue; font-size: small;\">A03124<\/span><\/p>\n<\/td>\n<td valign=\"middle\">\n<p align=\"center\"><span style=\"color: #000000; font-family: Helvetica Neue; font-size: small;\">Piston spring<\/span><\/p>\n<\/td>\n<\/tr>\n<tr style=\"background-color: #cdd0d4;\">\n<td valign=\"middle\">\n<p align=\"center\"><strong><span style=\"color: #000000; font-family: Helvetica Neue; font-size: small;\">42<\/span><\/strong><\/p>\n<\/td>\n<td valign=\"middle\">\n<p align=\"center\"><strong><span style=\"color: #000000; font-family: Helvetica Neue; font-size: small;\">A03123<\/span><\/strong><\/p>\n<\/td>\n<td valign=\"middle\">\n<p align=\"center\"><strong><span style=\"color: #000000; font-family: Helvetica Neue; font-size: small;\">Disc spring<\/span><\/strong><\/p>\n<\/td>\n<\/tr>\n<tr>\n<td valign=\"middle\">\n<p align=\"center\"><span style=\"color: #000000; font-family: Helvetica Neue; font-size: small;\">43<\/span><\/p>\n<\/td>\n<td valign=\"middle\">\n<p align=\"center\"><span style=\"color: #000000; font-family: Helvetica Neue; font-size: small;\">A03122<\/span><\/p>\n<\/td>\n<td valign=\"middle\">\n<p align=\"center\"><span style=\"color: #000000; font-family: Helvetica Neue; font-size: small;\"><span style=\"caret-color: #000000;\">Piston<\/span><\/span><\/p>\n<\/td>\n<\/tr>\n<tr>\n<td valign=\"middle\">\n<p align=\"center\"><span style=\"color: #000000; font-family: Helvetica Neue; font-size: small;\">44<\/span><\/p>\n<\/td>\n<td valign=\"middle\">\n<p align=\"center\"><span style=\"color: #000000; font-family: Helvetica Neue; font-size: small;\">A04488<\/span><\/p>\n<\/td>\n<td valign=\"middle\">\n<p align=\"center\"><span style=\"color: #000000; font-family: Helvetica Neue; font-size: small;\">Seeger<\/span><\/p>\n<\/td>\n<\/tr>\n<tr>\n<td valign=\"middle\">\n<p align=\"center\"><span style=\"color: #000000; font-family: Helvetica Neue; font-size: small;\">45<\/span><\/p>\n<\/td>\n<td valign=\"middle\">\n<p align=\"center\"><span style=\"color: #000000; font-family: Helvetica Neue; font-size: small;\">A03120<\/span><\/p>\n<\/td>\n<td valign=\"middle\">\n<p align=\"center\"><span style=\"color: #000000; font-family: Helvetica Neue; font-size: small;\">Cylinder<\/span><\/p>\n<\/td>\n<\/tr>\n<tr>\n<td valign=\"middle\">\n<p align=\"center\"><span style=\"color: #000000; font-family: Helvetica Neue; font-size: small;\">46<\/span><\/p>\n<\/td>\n<td valign=\"middle\">\n<p align=\"center\"><span style=\"color: #000000; font-family: Helvetica Neue; font-size: small;\">A03114<\/span><\/p>\n<\/td>\n<td valign=\"middle\">\n<p align=\"center\"><span style=\"color: #000000; font-family: Helvetica Neue; font-size: small;\"><span style=\"caret-color: #000000;\">Oil plug<\/span><\/span><\/p>\n<\/td>\n<\/tr>\n<\/tbody>\n<\/table>\t\t\t\t\t\t\t\t<\/div>\n\t\t\t\t<\/div>\n\t\t\t\t\t<\/div>\n\t\t<\/div>\n\t\t\t\t<div class=\"elementor-column elementor-col-50 elementor-top-column elementor-element elementor-element-e63703c\" data-id=\"e63703c\" data-element_type=\"column\" data-e-type=\"column\">\n\t\t\t<div class=\"elementor-widget-wrap elementor-element-populated\">\n\t\t\t\t\t\t<div class=\"elementor-element elementor-element-e3f5ab5 elementor-widget elementor-widget-image\" data-id=\"e3f5ab5\" data-element_type=\"widget\" data-e-type=\"widget\" data-widget_type=\"image.default\">\n\t\t\t\t<div class=\"elementor-widget-container\">\n\t\t\t\t\t\t\t\t\t\t\t\t\t\t\t<img fetchpriority=\"high\" decoding=\"async\" width=\"442\" height=\"1024\" src=\"https:\/\/www.pakery.pl\/wp-content\/uploads\/2021\/05\/korpus-2-442x1024.png\" class=\"attachment-large size-large wp-image-5910\" alt=\"\" srcset=\"https:\/\/www.pakery.pl\/wp-content\/uploads\/2021\/05\/korpus-2-442x1024.png 442w, https:\/\/www.pakery.pl\/wp-content\/uploads\/2021\/05\/korpus-2-129x300.png 129w, https:\/\/www.pakery.pl\/wp-content\/uploads\/2021\/05\/korpus-2-295x683.png 295w, https:\/\/www.pakery.pl\/wp-content\/uploads\/2021\/05\/korpus-2.png 492w\" sizes=\"(max-width: 442px) 100vw, 442px\" \/>\t\t\t\t\t\t\t\t\t\t\t\t\t\t\t<\/div>\n\t\t\t\t<\/div>\n\t\t\t\t\t<\/div>\n\t\t<\/div>\n\t\t\t\t\t<\/div>\n\t\t<\/section>\n\t\t\t\t<\/div>\n\t\t","protected":false},"excerpt":{"rendered":"<p>NO. CODE NAME 32 A03115 Oil housing 33-34 A03109 Oil level&nbsp; 35 CA4211 Plug of oil unloading 36+37+38 CA10120S110730CA10070 Pump leg 39 A03126E Diaphragm thickness 40 A03125E Membrane 41 A03124 Piston spring 42 A03123 Disc spring 43 A03122 Piston 44 A04488 Seeger 45 A03120 Cylinder 46 A03114 Oil plug<\/p>\n","protected":false},"featured_media":2261,"template":"","meta":{"_acf_changed":false},"product_brand":[],"product_cat":[160,94],"product_tag":[],"class_list":{"0":"post-6030","1":"product","2":"type-product","3":"status-publish","4":"has-post-thumbnail","6":"product_cat-czesci-do-pomp-en","7":"product_cat-pi-pump-4000-en","9":"first","10":"instock","11":"taxable","12":"shipping-taxable","13":"purchasable","14":"product-type-simple"},"acf":[],"yoast_head":"<!-- This site is optimized with the Yoast SEO plugin v27.3 - https:\/\/yoast.com\/product\/yoast-seo-wordpress\/ -->\n<title>Disc spring (A03123) - PAKERY.PL | PI-PUMP 4000<\/title>\n<meta name=\"description\" content=\"Disc spring (A03123) | PI-PUMP 4000 | Injection pump | Injection packers | Injection\" \/>\n<meta name=\"robots\" content=\"index, follow, max-snippet:-1, max-image-preview:large, max-video-preview:-1\" \/>\n<link rel=\"canonical\" href=\"https:\/\/www.pakery.pl\/nl\/produkt\/disc-spring-a03123\/\" \/>\n<meta property=\"og:locale\" content=\"nl_NL\" \/>\n<meta property=\"og:type\" content=\"article\" \/>\n<meta property=\"og:title\" content=\"Disc spring (A03123) - PAKERY.PL | PI-PUMP 4000\" \/>\n<meta property=\"og:description\" content=\"Disc spring (A03123) | PI-PUMP 4000 | Injection pump | Injection packers | Injection\" \/>\n<meta property=\"og:url\" content=\"https:\/\/www.pakery.pl\/nl\/produkt\/disc-spring-a03123\/\" \/>\n<meta property=\"og:site_name\" content=\"PAKERY.PL\" \/>\n<meta property=\"article:modified_time\" content=\"2021-07-29T12:22:28+00:00\" \/>\n<meta property=\"og:image\" content=\"https:\/\/www.pakery.pl\/wp-content\/uploads\/2021\/05\/a03123.png\" \/>\n\t<meta property=\"og:image:width\" content=\"2500\" \/>\n\t<meta property=\"og:image:height\" content=\"2500\" \/>\n\t<meta property=\"og:image:type\" content=\"image\/png\" \/>\n<meta name=\"twitter:card\" content=\"summary_large_image\" \/>\n<script type=\"application\/ld+json\" class=\"yoast-schema-graph\">{\"@context\":\"https:\\\/\\\/schema.org\",\"@graph\":[{\"@type\":\"WebPage\",\"@id\":\"https:\\\/\\\/www.pakery.pl\\\/nl\\\/produkt\\\/disc-spring-a03123\\\/\",\"url\":\"https:\\\/\\\/www.pakery.pl\\\/nl\\\/produkt\\\/disc-spring-a03123\\\/\",\"name\":\"Disc spring (A03123) - PAKERY.PL | PI-PUMP 4000\",\"isPartOf\":{\"@id\":\"https:\\\/\\\/www.pakery.pl\\\/nl\\\/#website\"},\"primaryImageOfPage\":{\"@id\":\"https:\\\/\\\/www.pakery.pl\\\/nl\\\/produkt\\\/disc-spring-a03123\\\/#primaryimage\"},\"image\":{\"@id\":\"https:\\\/\\\/www.pakery.pl\\\/nl\\\/produkt\\\/disc-spring-a03123\\\/#primaryimage\"},\"thumbnailUrl\":\"https:\\\/\\\/www.pakery.pl\\\/wp-content\\\/uploads\\\/2021\\\/05\\\/a03123.png\",\"datePublished\":\"2021-05-04T15:28:58+00:00\",\"dateModified\":\"2021-07-29T12:22:28+00:00\",\"description\":\"Disc spring (A03123) | PI-PUMP 4000 | Injection pump | Injection packers | Injection\",\"breadcrumb\":{\"@id\":\"https:\\\/\\\/www.pakery.pl\\\/nl\\\/produkt\\\/disc-spring-a03123\\\/#breadcrumb\"},\"inLanguage\":\"nl-NL\",\"potentialAction\":[{\"@type\":\"ReadAction\",\"target\":[\"https:\\\/\\\/www.pakery.pl\\\/nl\\\/produkt\\\/disc-spring-a03123\\\/\"]}]},{\"@type\":\"ImageObject\",\"inLanguage\":\"nl-NL\",\"@id\":\"https:\\\/\\\/www.pakery.pl\\\/nl\\\/produkt\\\/disc-spring-a03123\\\/#primaryimage\",\"url\":\"https:\\\/\\\/www.pakery.pl\\\/wp-content\\\/uploads\\\/2021\\\/05\\\/a03123.png\",\"contentUrl\":\"https:\\\/\\\/www.pakery.pl\\\/wp-content\\\/uploads\\\/2021\\\/05\\\/a03123.png\",\"width\":2500,\"height\":2500,\"caption\":\"Talerz spr\u0119\u017cyny t\u0142oka\"},{\"@type\":\"BreadcrumbList\",\"@id\":\"https:\\\/\\\/www.pakery.pl\\\/nl\\\/produkt\\\/disc-spring-a03123\\\/#breadcrumb\",\"itemListElement\":[{\"@type\":\"ListItem\",\"position\":1,\"name\":\"Strona g\u0142\u00f3wna\",\"item\":\"https:\\\/\\\/www.pakery.pl\\\/nl\\\/\"},{\"@type\":\"ListItem\",\"position\":2,\"name\":\"Winkel\",\"item\":\"https:\\\/\\\/www.pakery.pl\\\/nl\\\/winkel\\\/\"},{\"@type\":\"ListItem\",\"position\":3,\"name\":\"Disc spring (A03123)\"}]},{\"@type\":\"WebSite\",\"@id\":\"https:\\\/\\\/www.pakery.pl\\\/nl\\\/#website\",\"url\":\"https:\\\/\\\/www.pakery.pl\\\/nl\\\/\",\"name\":\"Pakery.pl\",\"description\":\"Pakery iniekcyjne, Kotwy spiralne, Lance iniekcyjne, W\u0119\u017ce do iniekcji, Pompy iniekcyjne, Serwis pomp iniekcyjnych, Wynajem pomp do iniekcji\",\"publisher\":{\"@id\":\"https:\\\/\\\/www.pakery.pl\\\/nl\\\/#organization\"},\"potentialAction\":[{\"@type\":\"SearchAction\",\"target\":{\"@type\":\"EntryPoint\",\"urlTemplate\":\"https:\\\/\\\/www.pakery.pl\\\/nl\\\/?s={search_term_string}\"},\"query-input\":{\"@type\":\"PropertyValueSpecification\",\"valueRequired\":true,\"valueName\":\"search_term_string\"}}],\"inLanguage\":\"nl-NL\"},{\"@type\":\"Organization\",\"@id\":\"https:\\\/\\\/www.pakery.pl\\\/nl\\\/#organization\",\"name\":\"PAKERY.PL\",\"url\":\"https:\\\/\\\/www.pakery.pl\\\/nl\\\/\",\"logo\":{\"@type\":\"ImageObject\",\"inLanguage\":\"nl-NL\",\"@id\":\"https:\\\/\\\/www.pakery.pl\\\/nl\\\/#\\\/schema\\\/logo\\\/image\\\/\",\"url\":\"https:\\\/\\\/www.pakery.pl\\\/wp-content\\\/uploads\\\/2021\\\/04\\\/cropped-PAKERY-LOGO.png\",\"contentUrl\":\"https:\\\/\\\/www.pakery.pl\\\/wp-content\\\/uploads\\\/2021\\\/04\\\/cropped-PAKERY-LOGO.png\",\"width\":1529,\"height\":500,\"caption\":\"PAKERY.PL\"},\"image\":{\"@id\":\"https:\\\/\\\/www.pakery.pl\\\/nl\\\/#\\\/schema\\\/logo\\\/image\\\/\"}}]}<\/script>\n<!-- \/ Yoast SEO plugin. -->","yoast_head_json":{"title":"Disc spring (A03123) - PAKERY.PL | PI-PUMP 4000","description":"Disc spring (A03123) | PI-PUMP 4000 | Injection pump | Injection packers | Injection","robots":{"index":"index","follow":"follow","max-snippet":"max-snippet:-1","max-image-preview":"max-image-preview:large","max-video-preview":"max-video-preview:-1"},"canonical":"https:\/\/www.pakery.pl\/nl\/produkt\/disc-spring-a03123\/","og_locale":"nl_NL","og_type":"article","og_title":"Disc spring (A03123) - PAKERY.PL | PI-PUMP 4000","og_description":"Disc spring (A03123) | PI-PUMP 4000 | Injection pump | Injection packers | Injection","og_url":"https:\/\/www.pakery.pl\/nl\/produkt\/disc-spring-a03123\/","og_site_name":"PAKERY.PL","article_modified_time":"2021-07-29T12:22:28+00:00","og_image":[{"width":2500,"height":2500,"url":"https:\/\/www.pakery.pl\/wp-content\/uploads\/2021\/05\/a03123.png","type":"image\/png"}],"twitter_card":"summary_large_image","schema":{"@context":"https:\/\/schema.org","@graph":[{"@type":"WebPage","@id":"https:\/\/www.pakery.pl\/nl\/produkt\/disc-spring-a03123\/","url":"https:\/\/www.pakery.pl\/nl\/produkt\/disc-spring-a03123\/","name":"Disc spring (A03123) - PAKERY.PL | PI-PUMP 4000","isPartOf":{"@id":"https:\/\/www.pakery.pl\/nl\/#website"},"primaryImageOfPage":{"@id":"https:\/\/www.pakery.pl\/nl\/produkt\/disc-spring-a03123\/#primaryimage"},"image":{"@id":"https:\/\/www.pakery.pl\/nl\/produkt\/disc-spring-a03123\/#primaryimage"},"thumbnailUrl":"https:\/\/www.pakery.pl\/wp-content\/uploads\/2021\/05\/a03123.png","datePublished":"2021-05-04T15:28:58+00:00","dateModified":"2021-07-29T12:22:28+00:00","description":"Disc spring (A03123) | PI-PUMP 4000 | Injection pump | Injection packers | Injection","breadcrumb":{"@id":"https:\/\/www.pakery.pl\/nl\/produkt\/disc-spring-a03123\/#breadcrumb"},"inLanguage":"nl-NL","potentialAction":[{"@type":"ReadAction","target":["https:\/\/www.pakery.pl\/nl\/produkt\/disc-spring-a03123\/"]}]},{"@type":"ImageObject","inLanguage":"nl-NL","@id":"https:\/\/www.pakery.pl\/nl\/produkt\/disc-spring-a03123\/#primaryimage","url":"https:\/\/www.pakery.pl\/wp-content\/uploads\/2021\/05\/a03123.png","contentUrl":"https:\/\/www.pakery.pl\/wp-content\/uploads\/2021\/05\/a03123.png","width":2500,"height":2500,"caption":"Talerz spr\u0119\u017cyny t\u0142oka"},{"@type":"BreadcrumbList","@id":"https:\/\/www.pakery.pl\/nl\/produkt\/disc-spring-a03123\/#breadcrumb","itemListElement":[{"@type":"ListItem","position":1,"name":"Strona g\u0142\u00f3wna","item":"https:\/\/www.pakery.pl\/nl\/"},{"@type":"ListItem","position":2,"name":"Winkel","item":"https:\/\/www.pakery.pl\/nl\/winkel\/"},{"@type":"ListItem","position":3,"name":"Disc spring (A03123)"}]},{"@type":"WebSite","@id":"https:\/\/www.pakery.pl\/nl\/#website","url":"https:\/\/www.pakery.pl\/nl\/","name":"Pakery.pl","description":"Pakery iniekcyjne, Kotwy spiralne, Lance iniekcyjne, W\u0119\u017ce do iniekcji, Pompy iniekcyjne, Serwis pomp iniekcyjnych, Wynajem pomp do iniekcji","publisher":{"@id":"https:\/\/www.pakery.pl\/nl\/#organization"},"potentialAction":[{"@type":"SearchAction","target":{"@type":"EntryPoint","urlTemplate":"https:\/\/www.pakery.pl\/nl\/?s={search_term_string}"},"query-input":{"@type":"PropertyValueSpecification","valueRequired":true,"valueName":"search_term_string"}}],"inLanguage":"nl-NL"},{"@type":"Organization","@id":"https:\/\/www.pakery.pl\/nl\/#organization","name":"PAKERY.PL","url":"https:\/\/www.pakery.pl\/nl\/","logo":{"@type":"ImageObject","inLanguage":"nl-NL","@id":"https:\/\/www.pakery.pl\/nl\/#\/schema\/logo\/image\/","url":"https:\/\/www.pakery.pl\/wp-content\/uploads\/2021\/04\/cropped-PAKERY-LOGO.png","contentUrl":"https:\/\/www.pakery.pl\/wp-content\/uploads\/2021\/04\/cropped-PAKERY-LOGO.png","width":1529,"height":500,"caption":"PAKERY.PL"},"image":{"@id":"https:\/\/www.pakery.pl\/nl\/#\/schema\/logo\/image\/"}}]}},"_links":{"self":[{"href":"https:\/\/www.pakery.pl\/nl\/wp-json\/wp\/v2\/product\/6030","targetHints":{"allow":["GET"]}}],"collection":[{"href":"https:\/\/www.pakery.pl\/nl\/wp-json\/wp\/v2\/product"}],"about":[{"href":"https:\/\/www.pakery.pl\/nl\/wp-json\/wp\/v2\/types\/product"}],"version-history":[{"count":5,"href":"https:\/\/www.pakery.pl\/nl\/wp-json\/wp\/v2\/product\/6030\/revisions"}],"predecessor-version":[{"id":6246,"href":"https:\/\/www.pakery.pl\/nl\/wp-json\/wp\/v2\/product\/6030\/revisions\/6246"}],"wp:featuredmedia":[{"embeddable":true,"href":"https:\/\/www.pakery.pl\/nl\/wp-json\/wp\/v2\/media\/2261"}],"wp:attachment":[{"href":"https:\/\/www.pakery.pl\/nl\/wp-json\/wp\/v2\/media?parent=6030"}],"wp:term":[{"taxonomy":"product_brand","embeddable":true,"href":"https:\/\/www.pakery.pl\/nl\/wp-json\/wp\/v2\/product_brand?post=6030"},{"taxonomy":"product_cat","embeddable":true,"href":"https:\/\/www.pakery.pl\/nl\/wp-json\/wp\/v2\/product_cat?post=6030"},{"taxonomy":"product_tag","embeddable":true,"href":"https:\/\/www.pakery.pl\/nl\/wp-json\/wp\/v2\/product_tag?post=6030"}],"curies":[{"name":"wp","href":"https:\/\/api.w.org\/{rel}","templated":true}]}}