{"id":22539,"date":"2021-04-11T09:32:59","date_gmt":"2021-08-12T05:18:44","guid":{"rendered":"https:\/\/www.pakery.pl\/produkt\/sustimispakend-pi-sph-10-110\/"},"modified":"2021-08-12T07:18:44","modified_gmt":"2021-08-12T05:18:44","slug":"pakend-sustimiseks-fi-10-hammpack","status":"publish","type":"product","link":"https:\/\/www.pakery.pl\/nl\/produkt\/pakend-sustimiseks-fi-10-hammpack\/","title":{"rendered":"S\u00fcstimispakend PI-SPH 10\/110"},"content":{"rendered":"","protected":false},"excerpt":{"rendered":"","protected":false},"featured_media":22541,"template":"","meta":{"_acf_changed":false},"product_brand":[],"product_cat":[1021,1018],"product_tag":[],"class_list":{"0":"post-22539","1":"product","2":"type-product","3":"status-publish","4":"has-post-thumbnail","6":"product_cat-hammpack-steel-pakkijad","7":"product_cat-sustimispakendid","8":"pa_rodzaj-kalamitki-fpre-et","9":"pa_rodzaj-kalamitki-fwg-et","10":"pa_rodzaj-kalamitki-pre-et","11":"pa_rodzaj-kalamitki-swg-et","13":"first","14":"instock","15":"featured","16":"taxable","17":"shipping-taxable","18":"purchasable","19":"product-type-variable","20":"has-default-attributes"},"acf":[],"yoast_head":"<!-- This site is optimized with the Yoast SEO plugin v27.3 - https:\/\/yoast.com\/product\/yoast-seo-wordpress\/ -->\n<title>S\u00fcstimispakend | S\u00fcstimispakend PI -SPH 10\/110 - PAKERY.PL<\/title>\n<meta name=\"description\" content=\"Tippkvaliteediga s\u00fcstimispakendid. Hammpacki s\u00fcstimispakendid tagavad t\u00e4iusliku tiheduse. Valige oma kalamitka!\" \/>\n<meta name=\"robots\" content=\"index, follow, max-snippet:-1, max-image-preview:large, max-video-preview:-1\" \/>\n<link rel=\"canonical\" href=\"https:\/\/www.pakery.pl\/nl\/produkt\/pakend-sustimiseks-fi-10-hammpack\/\" \/>\n<meta property=\"og:locale\" content=\"nl_NL\" \/>\n<meta property=\"og:type\" content=\"article\" \/>\n<meta property=\"og:title\" content=\"S\u00fcstimispakend | S\u00fcstimispakend PI -SPH 10\/110 - PAKERY.PL\" \/>\n<meta property=\"og:description\" content=\"Tippkvaliteediga s\u00fcstimispakendid. Hammpacki s\u00fcstimispakendid tagavad t\u00e4iusliku tiheduse. Valige oma kalamitka!\" \/>\n<meta property=\"og:url\" content=\"https:\/\/www.pakery.pl\/nl\/produkt\/pakend-sustimiseks-fi-10-hammpack\/\" \/>\n<meta property=\"og:site_name\" content=\"PAKERY.PL\" \/>\n<meta property=\"og:image\" content=\"https:\/\/www.pakery.pl\/wp-content\/uploads\/2021\/04\/foto-10-SPH-1-1-1024x1024.png\" \/>\n\t<meta property=\"og:image:width\" content=\"1024\" \/>\n\t<meta property=\"og:image:height\" content=\"1024\" \/>\n\t<meta property=\"og:image:type\" content=\"image\/png\" \/>\n<meta name=\"twitter:card\" content=\"summary_large_image\" \/>\n<script type=\"application\/ld+json\" class=\"yoast-schema-graph\">{\"@context\":\"https:\\\/\\\/schema.org\",\"@graph\":[{\"@type\":\"WebPage\",\"@id\":\"https:\\\/\\\/www.pakery.pl\\\/nl\\\/produkt\\\/pakend-sustimiseks-fi-10-hammpack\\\/\",\"url\":\"https:\\\/\\\/www.pakery.pl\\\/nl\\\/produkt\\\/pakend-sustimiseks-fi-10-hammpack\\\/\",\"name\":\"S\u00fcstimispakend | S\u00fcstimispakend PI -SPH 10\\\/110 - PAKERY.PL\",\"isPartOf\":{\"@id\":\"https:\\\/\\\/www.pakery.pl\\\/nl\\\/#website\"},\"primaryImageOfPage\":{\"@id\":\"https:\\\/\\\/www.pakery.pl\\\/nl\\\/produkt\\\/pakend-sustimiseks-fi-10-hammpack\\\/#primaryimage\"},\"image\":{\"@id\":\"https:\\\/\\\/www.pakery.pl\\\/nl\\\/produkt\\\/pakend-sustimiseks-fi-10-hammpack\\\/#primaryimage\"},\"thumbnailUrl\":\"https:\\\/\\\/www.pakery.pl\\\/wp-content\\\/uploads\\\/2021\\\/04\\\/foto-10-SPH-1-1.png\",\"datePublished\":\"2021-08-12T05:18:44+00:00\",\"description\":\"Tippkvaliteediga s\u00fcstimispakendid. Hammpacki s\u00fcstimispakendid tagavad t\u00e4iusliku tiheduse. Valige oma kalamitka!\",\"breadcrumb\":{\"@id\":\"https:\\\/\\\/www.pakery.pl\\\/nl\\\/produkt\\\/pakend-sustimiseks-fi-10-hammpack\\\/#breadcrumb\"},\"inLanguage\":\"nl-NL\",\"potentialAction\":[{\"@type\":\"ReadAction\",\"target\":[\"https:\\\/\\\/www.pakery.pl\\\/nl\\\/produkt\\\/pakend-sustimiseks-fi-10-hammpack\\\/\"]}]},{\"@type\":\"ImageObject\",\"inLanguage\":\"nl-NL\",\"@id\":\"https:\\\/\\\/www.pakery.pl\\\/nl\\\/produkt\\\/pakend-sustimiseks-fi-10-hammpack\\\/#primaryimage\",\"url\":\"https:\\\/\\\/www.pakery.pl\\\/wp-content\\\/uploads\\\/2021\\\/04\\\/foto-10-SPH-1-1.png\",\"contentUrl\":\"https:\\\/\\\/www.pakery.pl\\\/wp-content\\\/uploads\\\/2021\\\/04\\\/foto-10-SPH-1-1.png\",\"width\":2500,\"height\":2500,\"caption\":\"s\u00fcstimispakend s\u00fcstimispakend s\u00fcstimispakend s\u00fcstimispakendaja\"},{\"@type\":\"BreadcrumbList\",\"@id\":\"https:\\\/\\\/www.pakery.pl\\\/nl\\\/produkt\\\/pakend-sustimiseks-fi-10-hammpack\\\/#breadcrumb\",\"itemListElement\":[{\"@type\":\"ListItem\",\"position\":1,\"name\":\"Strona g\u0142\u00f3wna\",\"item\":\"https:\\\/\\\/www.pakery.pl\\\/nl\\\/\"},{\"@type\":\"ListItem\",\"position\":2,\"name\":\"Winkel\",\"item\":\"https:\\\/\\\/www.pakery.pl\\\/nl\\\/winkel\\\/\"},{\"@type\":\"ListItem\",\"position\":3,\"name\":\"S\u00fcstimispakend PI-SPH 10\\\/110\"}]},{\"@type\":\"WebSite\",\"@id\":\"https:\\\/\\\/www.pakery.pl\\\/nl\\\/#website\",\"url\":\"https:\\\/\\\/www.pakery.pl\\\/nl\\\/\",\"name\":\"Pakery.pl\",\"description\":\"Pakery iniekcyjne, Kotwy spiralne, Lance iniekcyjne, W\u0119\u017ce do iniekcji, Pompy iniekcyjne, Serwis pomp iniekcyjnych, Wynajem pomp do iniekcji\",\"publisher\":{\"@id\":\"https:\\\/\\\/www.pakery.pl\\\/nl\\\/#organization\"},\"potentialAction\":[{\"@type\":\"SearchAction\",\"target\":{\"@type\":\"EntryPoint\",\"urlTemplate\":\"https:\\\/\\\/www.pakery.pl\\\/nl\\\/?s={search_term_string}\"},\"query-input\":{\"@type\":\"PropertyValueSpecification\",\"valueRequired\":true,\"valueName\":\"search_term_string\"}}],\"inLanguage\":\"nl-NL\"},{\"@type\":\"Organization\",\"@id\":\"https:\\\/\\\/www.pakery.pl\\\/nl\\\/#organization\",\"name\":\"PAKERY.PL\",\"url\":\"https:\\\/\\\/www.pakery.pl\\\/nl\\\/\",\"logo\":{\"@type\":\"ImageObject\",\"inLanguage\":\"nl-NL\",\"@id\":\"https:\\\/\\\/www.pakery.pl\\\/nl\\\/#\\\/schema\\\/logo\\\/image\\\/\",\"url\":\"https:\\\/\\\/www.pakery.pl\\\/wp-content\\\/uploads\\\/2021\\\/04\\\/cropped-PAKERY-LOGO.png\",\"contentUrl\":\"https:\\\/\\\/www.pakery.pl\\\/wp-content\\\/uploads\\\/2021\\\/04\\\/cropped-PAKERY-LOGO.png\",\"width\":1529,\"height\":500,\"caption\":\"PAKERY.PL\"},\"image\":{\"@id\":\"https:\\\/\\\/www.pakery.pl\\\/nl\\\/#\\\/schema\\\/logo\\\/image\\\/\"}}]}<\/script>\n<!-- \/ Yoast SEO plugin. -->","yoast_head_json":{"title":"S\u00fcstimispakend | S\u00fcstimispakend PI -SPH 10\/110 - PAKERY.PL","description":"Tippkvaliteediga s\u00fcstimispakendid. Hammpacki s\u00fcstimispakendid tagavad t\u00e4iusliku tiheduse. Valige oma kalamitka!","robots":{"index":"index","follow":"follow","max-snippet":"max-snippet:-1","max-image-preview":"max-image-preview:large","max-video-preview":"max-video-preview:-1"},"canonical":"https:\/\/www.pakery.pl\/nl\/produkt\/pakend-sustimiseks-fi-10-hammpack\/","og_locale":"nl_NL","og_type":"article","og_title":"S\u00fcstimispakend | S\u00fcstimispakend PI -SPH 10\/110 - PAKERY.PL","og_description":"Tippkvaliteediga s\u00fcstimispakendid. Hammpacki s\u00fcstimispakendid tagavad t\u00e4iusliku tiheduse. Valige oma kalamitka!","og_url":"https:\/\/www.pakery.pl\/nl\/produkt\/pakend-sustimiseks-fi-10-hammpack\/","og_site_name":"PAKERY.PL","og_image":[{"width":1024,"height":1024,"url":"https:\/\/www.pakery.pl\/wp-content\/uploads\/2021\/04\/foto-10-SPH-1-1-1024x1024.png","type":"image\/png"}],"twitter_card":"summary_large_image","schema":{"@context":"https:\/\/schema.org","@graph":[{"@type":"WebPage","@id":"https:\/\/www.pakery.pl\/nl\/produkt\/pakend-sustimiseks-fi-10-hammpack\/","url":"https:\/\/www.pakery.pl\/nl\/produkt\/pakend-sustimiseks-fi-10-hammpack\/","name":"S\u00fcstimispakend | S\u00fcstimispakend PI -SPH 10\/110 - PAKERY.PL","isPartOf":{"@id":"https:\/\/www.pakery.pl\/nl\/#website"},"primaryImageOfPage":{"@id":"https:\/\/www.pakery.pl\/nl\/produkt\/pakend-sustimiseks-fi-10-hammpack\/#primaryimage"},"image":{"@id":"https:\/\/www.pakery.pl\/nl\/produkt\/pakend-sustimiseks-fi-10-hammpack\/#primaryimage"},"thumbnailUrl":"https:\/\/www.pakery.pl\/wp-content\/uploads\/2021\/04\/foto-10-SPH-1-1.png","datePublished":"2021-08-12T05:18:44+00:00","description":"Tippkvaliteediga s\u00fcstimispakendid. Hammpacki s\u00fcstimispakendid tagavad t\u00e4iusliku tiheduse. Valige oma kalamitka!","breadcrumb":{"@id":"https:\/\/www.pakery.pl\/nl\/produkt\/pakend-sustimiseks-fi-10-hammpack\/#breadcrumb"},"inLanguage":"nl-NL","potentialAction":[{"@type":"ReadAction","target":["https:\/\/www.pakery.pl\/nl\/produkt\/pakend-sustimiseks-fi-10-hammpack\/"]}]},{"@type":"ImageObject","inLanguage":"nl-NL","@id":"https:\/\/www.pakery.pl\/nl\/produkt\/pakend-sustimiseks-fi-10-hammpack\/#primaryimage","url":"https:\/\/www.pakery.pl\/wp-content\/uploads\/2021\/04\/foto-10-SPH-1-1.png","contentUrl":"https:\/\/www.pakery.pl\/wp-content\/uploads\/2021\/04\/foto-10-SPH-1-1.png","width":2500,"height":2500,"caption":"s\u00fcstimispakend s\u00fcstimispakend s\u00fcstimispakend s\u00fcstimispakendaja"},{"@type":"BreadcrumbList","@id":"https:\/\/www.pakery.pl\/nl\/produkt\/pakend-sustimiseks-fi-10-hammpack\/#breadcrumb","itemListElement":[{"@type":"ListItem","position":1,"name":"Strona g\u0142\u00f3wna","item":"https:\/\/www.pakery.pl\/nl\/"},{"@type":"ListItem","position":2,"name":"Winkel","item":"https:\/\/www.pakery.pl\/nl\/winkel\/"},{"@type":"ListItem","position":3,"name":"S\u00fcstimispakend PI-SPH 10\/110"}]},{"@type":"WebSite","@id":"https:\/\/www.pakery.pl\/nl\/#website","url":"https:\/\/www.pakery.pl\/nl\/","name":"Pakery.pl","description":"Pakery iniekcyjne, Kotwy spiralne, Lance iniekcyjne, W\u0119\u017ce do iniekcji, Pompy iniekcyjne, Serwis pomp iniekcyjnych, Wynajem pomp do iniekcji","publisher":{"@id":"https:\/\/www.pakery.pl\/nl\/#organization"},"potentialAction":[{"@type":"SearchAction","target":{"@type":"EntryPoint","urlTemplate":"https:\/\/www.pakery.pl\/nl\/?s={search_term_string}"},"query-input":{"@type":"PropertyValueSpecification","valueRequired":true,"valueName":"search_term_string"}}],"inLanguage":"nl-NL"},{"@type":"Organization","@id":"https:\/\/www.pakery.pl\/nl\/#organization","name":"PAKERY.PL","url":"https:\/\/www.pakery.pl\/nl\/","logo":{"@type":"ImageObject","inLanguage":"nl-NL","@id":"https:\/\/www.pakery.pl\/nl\/#\/schema\/logo\/image\/","url":"https:\/\/www.pakery.pl\/wp-content\/uploads\/2021\/04\/cropped-PAKERY-LOGO.png","contentUrl":"https:\/\/www.pakery.pl\/wp-content\/uploads\/2021\/04\/cropped-PAKERY-LOGO.png","width":1529,"height":500,"caption":"PAKERY.PL"},"image":{"@id":"https:\/\/www.pakery.pl\/nl\/#\/schema\/logo\/image\/"}}]}},"_links":{"self":[{"href":"https:\/\/www.pakery.pl\/nl\/wp-json\/wp\/v2\/product\/22539","targetHints":{"allow":["GET"]}}],"collection":[{"href":"https:\/\/www.pakery.pl\/nl\/wp-json\/wp\/v2\/product"}],"about":[{"href":"https:\/\/www.pakery.pl\/nl\/wp-json\/wp\/v2\/types\/product"}],"version-history":[{"count":0,"href":"https:\/\/www.pakery.pl\/nl\/wp-json\/wp\/v2\/product\/22539\/revisions"}],"wp:featuredmedia":[{"embeddable":true,"href":"https:\/\/www.pakery.pl\/nl\/wp-json\/wp\/v2\/media\/22541"}],"wp:attachment":[{"href":"https:\/\/www.pakery.pl\/nl\/wp-json\/wp\/v2\/media?parent=22539"}],"wp:term":[{"taxonomy":"product_brand","embeddable":true,"href":"https:\/\/www.pakery.pl\/nl\/wp-json\/wp\/v2\/product_brand?post=22539"},{"taxonomy":"product_cat","embeddable":true,"href":"https:\/\/www.pakery.pl\/nl\/wp-json\/wp\/v2\/product_cat?post=22539"},{"taxonomy":"product_tag","embeddable":true,"href":"https:\/\/www.pakery.pl\/nl\/wp-json\/wp\/v2\/product_tag?post=22539"}],"curies":[{"name":"wp","href":"https:\/\/api.w.org\/{rel}","templated":true}]}}