{"id":49318,"date":"2021-04-21T09:26:38","date_gmt":"2025-05-13T07:42:31","guid":{"rendered":"https:\/\/www.pakery.pl\/produkt\/dienas-iepakotajs-pi-spx-13-110swg\/"},"modified":"2025-05-19T14:25:00","modified_gmt":"2025-05-19T12:25:00","slug":"paker-jednodniowy-pi-spx-13-110swg","status":"publish","type":"product","link":"https:\/\/www.pakery.pl\/lv\/produkt\/paker-jednodniowy-pi-spx-13-110swg\/","title":{"rendered":"Dienas iepakot\u0101js PI-SPX 13\/110swg"},"content":{"rendered":"\t\t<div data-elementor-type=\"product-post\" data-elementor-id=\"49318\" class=\"elementor elementor-49318 elementor-1881\" data-elementor-post-type=\"product\">\n\t\t\t\t\t\t<section class=\"elementor-section elementor-top-section elementor-element elementor-element-c52e51e elementor-section-full_width elementor-section-height-default elementor-section-height-default\" data-id=\"c52e51e\" data-element_type=\"section\" data-e-type=\"section\">\n\t\t\t\t\t\t<div class=\"elementor-container elementor-column-gap-default\">\n\t\t\t\t\t<div class=\"elementor-column elementor-col-100 elementor-top-column elementor-element elementor-element-762439c\" data-id=\"762439c\" data-element_type=\"column\" data-e-type=\"column\">\n\t\t\t<div class=\"elementor-widget-wrap elementor-element-populated\">\n\t\t\t\t\t\t<div class=\"elementor-element elementor-element-43abffc elementor-widget elementor-widget-text-editor\" data-id=\"43abffc\" data-element_type=\"widget\" data-e-type=\"widget\" data-widget_type=\"text-editor.default\">\n\t\t\t\t<div class=\"elementor-widget-container\">\n\t\t\t\t\t\t\t\t\t<p><span style=\"color: #000000;\"><strong>Vienas dienas injekcijas bl\u012bv\u0113t\u0101ji<\/strong> vai divu v\u0101rstu <strong>bl\u012bv\u0113t\u0101ji<\/strong>. Tie \u013cauj injekciju pabeigt taj\u0101 pa\u0161\u0101 dien\u0101, negaidot, kam\u0113r injekcijas sve\u0137i saciet\u0113. <\/span><\/p>\n<p><span style=\"color: #000000;\">Injekcijas stimulatora (izple\u0161an\u0101s gumijas) apak\u0161da\u013c\u0101 ir otrs v\u0101rsts, un uz v\u012btnes ir stiprin\u0101juma gredzens. Injekcijas pac\u0113l\u0101ja korpusu var no\u0146emt uzreiz p\u0113c injekcijas, negaidot, kam\u0113r saciet\u0113 injekcijas sve\u0137i. <\/span><\/p>\n<p><em><span style=\"color: #000000;\">Tas ir \u012bpa\u0161i noder\u012bgi gad\u012bjumos, kad nav rentabli, lai injekcijas komanda ierastos n\u0101kamaj\u0101 dien\u0101 tikai t\u0101d\u0113\u013c, lai izvestu iepakot\u0101jus.<\/span><\/em><br><em><span style=\"color: #000000;\">Ar\u012b pazemes gar\u0101\u017e\u0101s, kur iebrauco\u0161o automobi\u013cu riepas p\u0101rgrieza parastie injekciju iepakot\u0101ji.<\/span><\/em><\/p>\t\t\t\t\t\t\t\t<\/div>\n\t\t\t\t<\/div>\n\t\t\t\t\t<\/div>\n\t\t<\/div>\n\t\t\t\t\t<\/div>\n\t\t<\/section>\n\t\t\t\t<\/div>\n\t\t","protected":false},"excerpt":{"rendered":"<p>Vienas dienas injekcijas bl\u012bv\u0113t\u0101ji vai divu v\u0101rstu bl\u012bv\u0113t\u0101ji. Tie \u013cauj injekciju pabeigt taj\u0101 pa\u0161\u0101 dien\u0101, negaidot, kam\u0113r injekcijas sve\u0137i saciet\u0113. Injekcijas stimulatora (izple\u0161an\u0101s gumijas) apak\u0161da\u013c\u0101 ir otrs v\u0101rsts, un uz v\u012btnes ir stiprin\u0101juma gredzens. Injekcijas pac\u0113l\u0101ja korpusu var no\u0146emt uzreiz p\u0113c injekcijas, negaidot, kam\u0113r saciet\u0113 injekcijas sve\u0137i. Tas ir \u012bpa\u0161i noder\u012bgi gad\u012bjumos, kad nav rentabli, [&hellip;]<\/p>\n","protected":false},"featured_media":49246,"template":"","meta":{"_acf_changed":false},"product_brand":[],"product_cat":[2018,974],"product_tag":[],"class_list":{"0":"post-49318","1":"product","2":"type-product","3":"status-publish","4":"has-post-thumbnail","6":"product_cat-injekcijas-blivetaji","7":"product_cat-metalo-pakuotojai-lv","9":"first","10":"instock","11":"taxable","12":"shipping-taxable","13":"purchasable","14":"product-type-simple"},"acf":[],"yoast_head":"<!-- This site is optimized with the Yoast SEO plugin v27.3 - https:\/\/yoast.com\/product\/yoast-seo-wordpress\/ -->\n<title>Injekcijas pild\u012bt\u0101js vienas dienas injekcij\u0101m PI-SPX 13\/110 - PAKERY.PL<\/title>\n<meta name=\"description\" content=\"Vienas dienas injekciju iepakot\u0101js. Izcila herm\u0113tiskums pat pie \u013coti augsta spiediena. Re\u0123istr\u0113jieties, lai izv\u0113l\u0113tos kalam\u012bta veidu.\" \/>\n<meta name=\"robots\" content=\"index, follow, max-snippet:-1, max-image-preview:large, max-video-preview:-1\" \/>\n<link rel=\"canonical\" href=\"https:\/\/www.pakery.pl\/lv\/produkt\/paker-jednodniowy-pi-spx-13-110swg\/\" \/>\n<meta property=\"og:locale\" content=\"lv_LV\" \/>\n<meta property=\"og:type\" content=\"article\" \/>\n<meta property=\"og:title\" content=\"Injekcijas pild\u012bt\u0101js vienas dienas injekcij\u0101m PI-SPX 13\/110 - PAKERY.PL\" \/>\n<meta property=\"og:description\" content=\"Vienas dienas injekciju iepakot\u0101js. Izcila herm\u0113tiskums pat pie \u013coti augsta spiediena. Re\u0123istr\u0113jieties, lai izv\u0113l\u0113tos kalam\u012bta veidu.\" \/>\n<meta property=\"og:url\" content=\"https:\/\/www.pakery.pl\/lv\/produkt\/paker-jednodniowy-pi-spx-13-110swg\/\" \/>\n<meta property=\"og:site_name\" content=\"PAKERY.PL\" \/>\n<meta property=\"article:modified_time\" content=\"2025-05-19T12:25:00+00:00\" \/>\n<meta property=\"og:image\" content=\"https:\/\/www.pakery.pl\/wp-content\/uploads\/2021\/04\/PI-SPX-13110e.png\" \/>\n\t<meta property=\"og:image:width\" content=\"2000\" \/>\n\t<meta property=\"og:image:height\" content=\"2000\" \/>\n\t<meta property=\"og:image:type\" content=\"image\/png\" \/>\n<meta name=\"twitter:card\" content=\"summary_large_image\" \/>\n<meta name=\"twitter:label1\" content=\"Est. reading time\" \/>\n\t<meta name=\"twitter:data1\" content=\"1 minute\" \/>\n<script type=\"application\/ld+json\" class=\"yoast-schema-graph\">{\"@context\":\"https:\\\/\\\/schema.org\",\"@graph\":[{\"@type\":\"WebPage\",\"@id\":\"https:\\\/\\\/www.pakery.pl\\\/lv\\\/produkt\\\/paker-jednodniowy-pi-spx-13-110swg\\\/\",\"url\":\"https:\\\/\\\/www.pakery.pl\\\/lv\\\/produkt\\\/paker-jednodniowy-pi-spx-13-110swg\\\/\",\"name\":\"Injekcijas pild\u012bt\u0101js vienas dienas injekcij\u0101m PI-SPX 13\\\/110 - PAKERY.PL\",\"isPartOf\":{\"@id\":\"https:\\\/\\\/www.pakery.pl\\\/lv\\\/#website\"},\"primaryImageOfPage\":{\"@id\":\"https:\\\/\\\/www.pakery.pl\\\/lv\\\/produkt\\\/paker-jednodniowy-pi-spx-13-110swg\\\/#primaryimage\"},\"image\":{\"@id\":\"https:\\\/\\\/www.pakery.pl\\\/lv\\\/produkt\\\/paker-jednodniowy-pi-spx-13-110swg\\\/#primaryimage\"},\"thumbnailUrl\":\"https:\\\/\\\/www.pakery.pl\\\/wp-content\\\/uploads\\\/2021\\\/04\\\/PI-SPX-13110e.png\",\"datePublished\":\"2025-05-13T07:42:31+00:00\",\"dateModified\":\"2025-05-19T12:25:00+00:00\",\"description\":\"Vienas dienas injekciju iepakot\u0101js. Izcila herm\u0113tiskums pat pie \u013coti augsta spiediena. Re\u0123istr\u0113jieties, lai izv\u0113l\u0113tos kalam\u012bta veidu.\",\"breadcrumb\":{\"@id\":\"https:\\\/\\\/www.pakery.pl\\\/lv\\\/produkt\\\/paker-jednodniowy-pi-spx-13-110swg\\\/#breadcrumb\"},\"inLanguage\":\"lv-LV\",\"potentialAction\":[{\"@type\":\"ReadAction\",\"target\":[\"https:\\\/\\\/www.pakery.pl\\\/lv\\\/produkt\\\/paker-jednodniowy-pi-spx-13-110swg\\\/\"]}]},{\"@type\":\"ImageObject\",\"inLanguage\":\"lv-LV\",\"@id\":\"https:\\\/\\\/www.pakery.pl\\\/lv\\\/produkt\\\/paker-jednodniowy-pi-spx-13-110swg\\\/#primaryimage\",\"url\":\"https:\\\/\\\/www.pakery.pl\\\/wp-content\\\/uploads\\\/2021\\\/04\\\/PI-SPX-13110e.png\",\"contentUrl\":\"https:\\\/\\\/www.pakery.pl\\\/wp-content\\\/uploads\\\/2021\\\/04\\\/PI-SPX-13110e.png\",\"width\":2000,\"height\":2000},{\"@type\":\"BreadcrumbList\",\"@id\":\"https:\\\/\\\/www.pakery.pl\\\/lv\\\/produkt\\\/paker-jednodniowy-pi-spx-13-110swg\\\/#breadcrumb\",\"itemListElement\":[{\"@type\":\"ListItem\",\"position\":1,\"name\":\"Strona g\u0142\u00f3wna\",\"item\":\"https:\\\/\\\/www.pakery.pl\\\/lv\\\/\"},{\"@type\":\"ListItem\",\"position\":2,\"name\":\"Veikals\",\"item\":\"https:\\\/\\\/www.pakery.pl\\\/lv\\\/veikals\\\/\"},{\"@type\":\"ListItem\",\"position\":3,\"name\":\"Dienas iepakot\u0101js PI-SPX 13\\\/110swg\"}]},{\"@type\":\"WebSite\",\"@id\":\"https:\\\/\\\/www.pakery.pl\\\/lv\\\/#website\",\"url\":\"https:\\\/\\\/www.pakery.pl\\\/lv\\\/\",\"name\":\"Pakery.pl\",\"description\":\"Pakery iniekcyjne, Kotwy spiralne, Lance iniekcyjne, W\u0119\u017ce do iniekcji, Pompy iniekcyjne, Serwis pomp iniekcyjnych, Wynajem pomp do iniekcji\",\"publisher\":{\"@id\":\"https:\\\/\\\/www.pakery.pl\\\/lv\\\/#organization\"},\"potentialAction\":[{\"@type\":\"SearchAction\",\"target\":{\"@type\":\"EntryPoint\",\"urlTemplate\":\"https:\\\/\\\/www.pakery.pl\\\/lv\\\/?s={search_term_string}\"},\"query-input\":{\"@type\":\"PropertyValueSpecification\",\"valueRequired\":true,\"valueName\":\"search_term_string\"}}],\"inLanguage\":\"lv-LV\"},{\"@type\":\"Organization\",\"@id\":\"https:\\\/\\\/www.pakery.pl\\\/lv\\\/#organization\",\"name\":\"PAKERY.PL\",\"url\":\"https:\\\/\\\/www.pakery.pl\\\/lv\\\/\",\"logo\":{\"@type\":\"ImageObject\",\"inLanguage\":\"lv-LV\",\"@id\":\"https:\\\/\\\/www.pakery.pl\\\/lv\\\/#\\\/schema\\\/logo\\\/image\\\/\",\"url\":\"https:\\\/\\\/www.pakery.pl\\\/wp-content\\\/uploads\\\/2021\\\/04\\\/cropped-PAKERY-LOGO.png\",\"contentUrl\":\"https:\\\/\\\/www.pakery.pl\\\/wp-content\\\/uploads\\\/2021\\\/04\\\/cropped-PAKERY-LOGO.png\",\"width\":1529,\"height\":500,\"caption\":\"PAKERY.PL\"},\"image\":{\"@id\":\"https:\\\/\\\/www.pakery.pl\\\/lv\\\/#\\\/schema\\\/logo\\\/image\\\/\"}}]}<\/script>\n<!-- \/ Yoast SEO plugin. -->","yoast_head_json":{"title":"Injekcijas pild\u012bt\u0101js vienas dienas injekcij\u0101m PI-SPX 13\/110 - PAKERY.PL","description":"Vienas dienas injekciju iepakot\u0101js. Izcila herm\u0113tiskums pat pie \u013coti augsta spiediena. Re\u0123istr\u0113jieties, lai izv\u0113l\u0113tos kalam\u012bta veidu.","robots":{"index":"index","follow":"follow","max-snippet":"max-snippet:-1","max-image-preview":"max-image-preview:large","max-video-preview":"max-video-preview:-1"},"canonical":"https:\/\/www.pakery.pl\/lv\/produkt\/paker-jednodniowy-pi-spx-13-110swg\/","og_locale":"lv_LV","og_type":"article","og_title":"Injekcijas pild\u012bt\u0101js vienas dienas injekcij\u0101m PI-SPX 13\/110 - PAKERY.PL","og_description":"Vienas dienas injekciju iepakot\u0101js. Izcila herm\u0113tiskums pat pie \u013coti augsta spiediena. Re\u0123istr\u0113jieties, lai izv\u0113l\u0113tos kalam\u012bta veidu.","og_url":"https:\/\/www.pakery.pl\/lv\/produkt\/paker-jednodniowy-pi-spx-13-110swg\/","og_site_name":"PAKERY.PL","article_modified_time":"2025-05-19T12:25:00+00:00","og_image":[{"width":2000,"height":2000,"url":"https:\/\/www.pakery.pl\/wp-content\/uploads\/2021\/04\/PI-SPX-13110e.png","type":"image\/png"}],"twitter_card":"summary_large_image","twitter_misc":{"Est. reading time":"1 minute"},"schema":{"@context":"https:\/\/schema.org","@graph":[{"@type":"WebPage","@id":"https:\/\/www.pakery.pl\/lv\/produkt\/paker-jednodniowy-pi-spx-13-110swg\/","url":"https:\/\/www.pakery.pl\/lv\/produkt\/paker-jednodniowy-pi-spx-13-110swg\/","name":"Injekcijas pild\u012bt\u0101js vienas dienas injekcij\u0101m PI-SPX 13\/110 - PAKERY.PL","isPartOf":{"@id":"https:\/\/www.pakery.pl\/lv\/#website"},"primaryImageOfPage":{"@id":"https:\/\/www.pakery.pl\/lv\/produkt\/paker-jednodniowy-pi-spx-13-110swg\/#primaryimage"},"image":{"@id":"https:\/\/www.pakery.pl\/lv\/produkt\/paker-jednodniowy-pi-spx-13-110swg\/#primaryimage"},"thumbnailUrl":"https:\/\/www.pakery.pl\/wp-content\/uploads\/2021\/04\/PI-SPX-13110e.png","datePublished":"2025-05-13T07:42:31+00:00","dateModified":"2025-05-19T12:25:00+00:00","description":"Vienas dienas injekciju iepakot\u0101js. Izcila herm\u0113tiskums pat pie \u013coti augsta spiediena. Re\u0123istr\u0113jieties, lai izv\u0113l\u0113tos kalam\u012bta veidu.","breadcrumb":{"@id":"https:\/\/www.pakery.pl\/lv\/produkt\/paker-jednodniowy-pi-spx-13-110swg\/#breadcrumb"},"inLanguage":"lv-LV","potentialAction":[{"@type":"ReadAction","target":["https:\/\/www.pakery.pl\/lv\/produkt\/paker-jednodniowy-pi-spx-13-110swg\/"]}]},{"@type":"ImageObject","inLanguage":"lv-LV","@id":"https:\/\/www.pakery.pl\/lv\/produkt\/paker-jednodniowy-pi-spx-13-110swg\/#primaryimage","url":"https:\/\/www.pakery.pl\/wp-content\/uploads\/2021\/04\/PI-SPX-13110e.png","contentUrl":"https:\/\/www.pakery.pl\/wp-content\/uploads\/2021\/04\/PI-SPX-13110e.png","width":2000,"height":2000},{"@type":"BreadcrumbList","@id":"https:\/\/www.pakery.pl\/lv\/produkt\/paker-jednodniowy-pi-spx-13-110swg\/#breadcrumb","itemListElement":[{"@type":"ListItem","position":1,"name":"Strona g\u0142\u00f3wna","item":"https:\/\/www.pakery.pl\/lv\/"},{"@type":"ListItem","position":2,"name":"Veikals","item":"https:\/\/www.pakery.pl\/lv\/veikals\/"},{"@type":"ListItem","position":3,"name":"Dienas iepakot\u0101js PI-SPX 13\/110swg"}]},{"@type":"WebSite","@id":"https:\/\/www.pakery.pl\/lv\/#website","url":"https:\/\/www.pakery.pl\/lv\/","name":"Pakery.pl","description":"Pakery iniekcyjne, Kotwy spiralne, Lance iniekcyjne, W\u0119\u017ce do iniekcji, Pompy iniekcyjne, Serwis pomp iniekcyjnych, Wynajem pomp do iniekcji","publisher":{"@id":"https:\/\/www.pakery.pl\/lv\/#organization"},"potentialAction":[{"@type":"SearchAction","target":{"@type":"EntryPoint","urlTemplate":"https:\/\/www.pakery.pl\/lv\/?s={search_term_string}"},"query-input":{"@type":"PropertyValueSpecification","valueRequired":true,"valueName":"search_term_string"}}],"inLanguage":"lv-LV"},{"@type":"Organization","@id":"https:\/\/www.pakery.pl\/lv\/#organization","name":"PAKERY.PL","url":"https:\/\/www.pakery.pl\/lv\/","logo":{"@type":"ImageObject","inLanguage":"lv-LV","@id":"https:\/\/www.pakery.pl\/lv\/#\/schema\/logo\/image\/","url":"https:\/\/www.pakery.pl\/wp-content\/uploads\/2021\/04\/cropped-PAKERY-LOGO.png","contentUrl":"https:\/\/www.pakery.pl\/wp-content\/uploads\/2021\/04\/cropped-PAKERY-LOGO.png","width":1529,"height":500,"caption":"PAKERY.PL"},"image":{"@id":"https:\/\/www.pakery.pl\/lv\/#\/schema\/logo\/image\/"}}]}},"_links":{"self":[{"href":"https:\/\/www.pakery.pl\/lv\/wp-json\/wp\/v2\/product\/49318","targetHints":{"allow":["GET"]}}],"collection":[{"href":"https:\/\/www.pakery.pl\/lv\/wp-json\/wp\/v2\/product"}],"about":[{"href":"https:\/\/www.pakery.pl\/lv\/wp-json\/wp\/v2\/types\/product"}],"version-history":[{"count":1,"href":"https:\/\/www.pakery.pl\/lv\/wp-json\/wp\/v2\/product\/49318\/revisions"}],"predecessor-version":[{"id":49320,"href":"https:\/\/www.pakery.pl\/lv\/wp-json\/wp\/v2\/product\/49318\/revisions\/49320"}],"wp:featuredmedia":[{"embeddable":true,"href":"https:\/\/www.pakery.pl\/lv\/wp-json\/wp\/v2\/media\/49246"}],"wp:attachment":[{"href":"https:\/\/www.pakery.pl\/lv\/wp-json\/wp\/v2\/media?parent=49318"}],"wp:term":[{"taxonomy":"product_brand","embeddable":true,"href":"https:\/\/www.pakery.pl\/lv\/wp-json\/wp\/v2\/product_brand?post=49318"},{"taxonomy":"product_cat","embeddable":true,"href":"https:\/\/www.pakery.pl\/lv\/wp-json\/wp\/v2\/product_cat?post=49318"},{"taxonomy":"product_tag","embeddable":true,"href":"https:\/\/www.pakery.pl\/lv\/wp-json\/wp\/v2\/product_tag?post=49318"}],"curies":[{"name":"wp","href":"https:\/\/api.w.org\/{rel}","templated":true}]}}