{"id":48952,"date":"2025-05-12T08:00:38","date_gmt":"2025-05-12T06:10:48","guid":{"rendered":"https:\/\/www.pakery.pl\/produkt\/injekcijas-veltnis-pi-spm-13-300\/"},"modified":"2025-05-12T08:10:48","modified_gmt":"2025-05-12T06:10:48","slug":"paker-do-iniekcji-pi-spm-13-300","status":"publish","type":"product","link":"https:\/\/www.pakery.pl\/lv\/produkt\/paker-do-iniekcji-pi-spm-13-300\/","title":{"rendered":"Injekcijas veltnis PI-SPM 13\/300"},"content":{"rendered":"<p>PI-SPM pacer <strong>profesion\u0101l\u0101s l\u012bnijas<\/strong> s\u0113rijas galvenais modelis jau gadiem ilgi. In\u017eektors nodro\u0161ina izcilu herm\u0113tiskumu un priek\u0161z\u012bm\u012bgu nostiprin\u0101jumu. In\u017eektors ir piem\u0113rots visiem injekciju veidiem. Tas nodro\u0161ina priek\u0161z\u012bm\u012bgu kalam\u012bteru, k\u0101 ar\u012b stie\u0146a da\u013cas herm\u0113tiskumu gan augstspiediena, gan zemspiediena iesmidzin\u0101\u0161anai.  <\/p>\n<p>Pateicoties specializ\u0113tajiem kalam\u012btiem, iepakot\u0101ji perfekti notur pretspiedienu (&#8220;necaurlaid\u012bgi&#8221;).<\/p>\n<p><em><strong>SWG kalam\u012bta velt\u0146i<\/strong> tiek meh\u0101niski savilkti ar anaerobo l\u012bmi, garant\u0113jot stingru m6x1 v\u012btnes savienojumu.  <\/em><\/p>\n<p><em><strong>PRE kalam\u012bta velt\u0146iem<\/strong> ir v\u012btnes ar iepriek\u0161 uzkl\u0101tu p\u0101rkl\u0101jumu, t\u0101d\u0113j\u0101di pan\u0101kot t\u016bl\u012bt\u0113ju herm\u0113tiskumu, kad kalam\u012bts tiek sav\u012bts.<\/em><\/p>\n","protected":false},"excerpt":{"rendered":"<p>PI-SPM pacer profesion\u0101l\u0101s l\u012bnijas s\u0113rijas galvenais modelis jau gadiem ilgi. In\u017eektors nodro\u0161ina izcilu herm\u0113tiskumu un priek\u0161z\u012bm\u012bgu nostiprin\u0101jumu. In\u017eektors ir piem\u0113rots visiem injekciju veidiem. Tas nodro\u0161ina priek\u0161z\u012bm\u012bgu kalam\u012bteru, k\u0101 ar\u012b stie\u0146a da\u013cas herm\u0113tiskumu gan augstspiediena, gan zemspiediena iesmidzin\u0101\u0161anai. Pateicoties specializ\u0113tajiem kalam\u012btiem, iepakot\u0101ji perfekti notur pretspiedienu (&#8220;necaurlaid\u012bgi&#8221;). SWG kalam\u012bta velt\u0146i tiek meh\u0101niski savilkti ar anaerobo l\u012bmi, garant\u0113jot [&hellip;]<\/p>\n","protected":false},"featured_media":50817,"template":"","meta":{"_acf_changed":false},"product_brand":[],"product_cat":[974],"product_tag":[],"class_list":{"0":"post-48952","1":"product","2":"type-product","3":"status-publish","4":"has-post-thumbnail","6":"product_cat-metalo-pakuotojai-lv","8":"first","9":"instock","10":"taxable","11":"shipping-taxable","12":"product-type-simple"},"acf":[],"yoast_head":"<!-- This site is optimized with the Yoast SEO plugin v27.3 - https:\/\/yoast.com\/product\/yoast-seo-wordpress\/ -->\n<title>Injekcijas veltnis PI-SPM 13\/300 - PAKERY.PL<\/title>\n<meta name=\"robots\" content=\"index, follow, max-snippet:-1, max-image-preview:large, max-video-preview:-1\" \/>\n<link rel=\"canonical\" href=\"https:\/\/www.pakery.pl\/lv\/produkt\/paker-do-iniekcji-pi-spm-13-300\/\" \/>\n<meta property=\"og:locale\" content=\"lv_LV\" \/>\n<meta property=\"og:type\" content=\"article\" \/>\n<meta property=\"og:title\" content=\"Injekcijas veltnis PI-SPM 13\/300 - PAKERY.PL\" \/>\n<meta property=\"og:description\" content=\"PI-SPM pacer profesion\u0101l\u0101s l\u012bnijas s\u0113rijas galvenais modelis jau gadiem ilgi. In\u017eektors nodro\u0161ina izcilu herm\u0113tiskumu un priek\u0161z\u012bm\u012bgu nostiprin\u0101jumu. In\u017eektors ir piem\u0113rots visiem injekciju veidiem. Tas nodro\u0161ina priek\u0161z\u012bm\u012bgu kalam\u012bteru, k\u0101 ar\u012b stie\u0146a da\u013cas herm\u0113tiskumu gan augstspiediena, gan zemspiediena iesmidzin\u0101\u0161anai. Pateicoties specializ\u0113tajiem kalam\u012btiem, iepakot\u0101ji perfekti notur pretspiedienu (&#8220;necaurlaid\u012bgi&#8221;). SWG kalam\u012bta velt\u0146i tiek meh\u0101niski savilkti ar anaerobo l\u012bmi, garant\u0113jot [&hellip;]\" \/>\n<meta property=\"og:url\" content=\"https:\/\/www.pakery.pl\/lv\/produkt\/paker-do-iniekcji-pi-spm-13-300\/\" \/>\n<meta property=\"og:site_name\" content=\"PAKERY.PL\" \/>\n<meta property=\"og:image\" content=\"https:\/\/www.pakery.pl\/wp-content\/uploads\/2025\/05\/PI-SPM-13300-ikona.jpg\" \/>\n\t<meta property=\"og:image:width\" content=\"683\" \/>\n\t<meta property=\"og:image:height\" content=\"683\" \/>\n\t<meta property=\"og:image:type\" content=\"image\/jpeg\" \/>\n<meta name=\"twitter:card\" content=\"summary_large_image\" \/>\n<meta name=\"twitter:label1\" content=\"Est. reading time\" \/>\n\t<meta name=\"twitter:data1\" content=\"1 minute\" \/>\n<script type=\"application\/ld+json\" class=\"yoast-schema-graph\">{\"@context\":\"https:\\\/\\\/schema.org\",\"@graph\":[{\"@type\":\"WebPage\",\"@id\":\"https:\\\/\\\/www.pakery.pl\\\/lv\\\/produkt\\\/paker-do-iniekcji-pi-spm-13-300\\\/\",\"url\":\"https:\\\/\\\/www.pakery.pl\\\/lv\\\/produkt\\\/paker-do-iniekcji-pi-spm-13-300\\\/\",\"name\":\"Injekcijas veltnis PI-SPM 13\\\/300 - PAKERY.PL\",\"isPartOf\":{\"@id\":\"https:\\\/\\\/www.pakery.pl\\\/lv\\\/#website\"},\"primaryImageOfPage\":{\"@id\":\"https:\\\/\\\/www.pakery.pl\\\/lv\\\/produkt\\\/paker-do-iniekcji-pi-spm-13-300\\\/#primaryimage\"},\"image\":{\"@id\":\"https:\\\/\\\/www.pakery.pl\\\/lv\\\/produkt\\\/paker-do-iniekcji-pi-spm-13-300\\\/#primaryimage\"},\"thumbnailUrl\":\"https:\\\/\\\/www.pakery.pl\\\/wp-content\\\/uploads\\\/2025\\\/05\\\/PI-SPM-13300-ikona.png\",\"datePublished\":\"2025-05-12T06:10:48+00:00\",\"breadcrumb\":{\"@id\":\"https:\\\/\\\/www.pakery.pl\\\/lv\\\/produkt\\\/paker-do-iniekcji-pi-spm-13-300\\\/#breadcrumb\"},\"inLanguage\":\"lv-LV\",\"potentialAction\":[{\"@type\":\"ReadAction\",\"target\":[\"https:\\\/\\\/www.pakery.pl\\\/lv\\\/produkt\\\/paker-do-iniekcji-pi-spm-13-300\\\/\"]}]},{\"@type\":\"ImageObject\",\"inLanguage\":\"lv-LV\",\"@id\":\"https:\\\/\\\/www.pakery.pl\\\/lv\\\/produkt\\\/paker-do-iniekcji-pi-spm-13-300\\\/#primaryimage\",\"url\":\"https:\\\/\\\/www.pakery.pl\\\/wp-content\\\/uploads\\\/2025\\\/05\\\/PI-SPM-13300-ikona.png\",\"contentUrl\":\"https:\\\/\\\/www.pakery.pl\\\/wp-content\\\/uploads\\\/2025\\\/05\\\/PI-SPM-13300-ikona.png\",\"width\":683,\"height\":683},{\"@type\":\"BreadcrumbList\",\"@id\":\"https:\\\/\\\/www.pakery.pl\\\/lv\\\/produkt\\\/paker-do-iniekcji-pi-spm-13-300\\\/#breadcrumb\",\"itemListElement\":[{\"@type\":\"ListItem\",\"position\":1,\"name\":\"Strona g\u0142\u00f3wna\",\"item\":\"https:\\\/\\\/www.pakery.pl\\\/lv\\\/\"},{\"@type\":\"ListItem\",\"position\":2,\"name\":\"Veikals\",\"item\":\"https:\\\/\\\/www.pakery.pl\\\/lv\\\/veikals\\\/\"},{\"@type\":\"ListItem\",\"position\":3,\"name\":\"Injekcijas veltnis PI-SPM 13\\\/300\"}]},{\"@type\":\"WebSite\",\"@id\":\"https:\\\/\\\/www.pakery.pl\\\/lv\\\/#website\",\"url\":\"https:\\\/\\\/www.pakery.pl\\\/lv\\\/\",\"name\":\"Pakery.pl\",\"description\":\"Pakery iniekcyjne, Kotwy spiralne, Lance iniekcyjne, W\u0119\u017ce do iniekcji, Pompy iniekcyjne, Serwis pomp iniekcyjnych, Wynajem pomp do iniekcji\",\"publisher\":{\"@id\":\"https:\\\/\\\/www.pakery.pl\\\/lv\\\/#organization\"},\"potentialAction\":[{\"@type\":\"SearchAction\",\"target\":{\"@type\":\"EntryPoint\",\"urlTemplate\":\"https:\\\/\\\/www.pakery.pl\\\/lv\\\/?s={search_term_string}\"},\"query-input\":{\"@type\":\"PropertyValueSpecification\",\"valueRequired\":true,\"valueName\":\"search_term_string\"}}],\"inLanguage\":\"lv-LV\"},{\"@type\":\"Organization\",\"@id\":\"https:\\\/\\\/www.pakery.pl\\\/lv\\\/#organization\",\"name\":\"PAKERY.PL\",\"url\":\"https:\\\/\\\/www.pakery.pl\\\/lv\\\/\",\"logo\":{\"@type\":\"ImageObject\",\"inLanguage\":\"lv-LV\",\"@id\":\"https:\\\/\\\/www.pakery.pl\\\/lv\\\/#\\\/schema\\\/logo\\\/image\\\/\",\"url\":\"https:\\\/\\\/www.pakery.pl\\\/wp-content\\\/uploads\\\/2021\\\/04\\\/cropped-PAKERY-LOGO.png\",\"contentUrl\":\"https:\\\/\\\/www.pakery.pl\\\/wp-content\\\/uploads\\\/2021\\\/04\\\/cropped-PAKERY-LOGO.png\",\"width\":1529,\"height\":500,\"caption\":\"PAKERY.PL\"},\"image\":{\"@id\":\"https:\\\/\\\/www.pakery.pl\\\/lv\\\/#\\\/schema\\\/logo\\\/image\\\/\"}}]}<\/script>\n<!-- \/ Yoast SEO plugin. -->","yoast_head_json":{"title":"Injekcijas veltnis PI-SPM 13\/300 - PAKERY.PL","robots":{"index":"index","follow":"follow","max-snippet":"max-snippet:-1","max-image-preview":"max-image-preview:large","max-video-preview":"max-video-preview:-1"},"canonical":"https:\/\/www.pakery.pl\/lv\/produkt\/paker-do-iniekcji-pi-spm-13-300\/","og_locale":"lv_LV","og_type":"article","og_title":"Injekcijas veltnis PI-SPM 13\/300 - PAKERY.PL","og_description":"PI-SPM pacer profesion\u0101l\u0101s l\u012bnijas s\u0113rijas galvenais modelis jau gadiem ilgi. In\u017eektors nodro\u0161ina izcilu herm\u0113tiskumu un priek\u0161z\u012bm\u012bgu nostiprin\u0101jumu. In\u017eektors ir piem\u0113rots visiem injekciju veidiem. Tas nodro\u0161ina priek\u0161z\u012bm\u012bgu kalam\u012bteru, k\u0101 ar\u012b stie\u0146a da\u013cas herm\u0113tiskumu gan augstspiediena, gan zemspiediena iesmidzin\u0101\u0161anai. Pateicoties specializ\u0113tajiem kalam\u012btiem, iepakot\u0101ji perfekti notur pretspiedienu (&#8220;necaurlaid\u012bgi&#8221;). SWG kalam\u012bta velt\u0146i tiek meh\u0101niski savilkti ar anaerobo l\u012bmi, garant\u0113jot [&hellip;]","og_url":"https:\/\/www.pakery.pl\/lv\/produkt\/paker-do-iniekcji-pi-spm-13-300\/","og_site_name":"PAKERY.PL","og_image":[{"width":683,"height":683,"url":"https:\/\/www.pakery.pl\/wp-content\/uploads\/2025\/05\/PI-SPM-13300-ikona.jpg","type":"image\/jpeg"}],"twitter_card":"summary_large_image","twitter_misc":{"Est. reading time":"1 minute"},"schema":{"@context":"https:\/\/schema.org","@graph":[{"@type":"WebPage","@id":"https:\/\/www.pakery.pl\/lv\/produkt\/paker-do-iniekcji-pi-spm-13-300\/","url":"https:\/\/www.pakery.pl\/lv\/produkt\/paker-do-iniekcji-pi-spm-13-300\/","name":"Injekcijas veltnis PI-SPM 13\/300 - PAKERY.PL","isPartOf":{"@id":"https:\/\/www.pakery.pl\/lv\/#website"},"primaryImageOfPage":{"@id":"https:\/\/www.pakery.pl\/lv\/produkt\/paker-do-iniekcji-pi-spm-13-300\/#primaryimage"},"image":{"@id":"https:\/\/www.pakery.pl\/lv\/produkt\/paker-do-iniekcji-pi-spm-13-300\/#primaryimage"},"thumbnailUrl":"https:\/\/www.pakery.pl\/wp-content\/uploads\/2025\/05\/PI-SPM-13300-ikona.png","datePublished":"2025-05-12T06:10:48+00:00","breadcrumb":{"@id":"https:\/\/www.pakery.pl\/lv\/produkt\/paker-do-iniekcji-pi-spm-13-300\/#breadcrumb"},"inLanguage":"lv-LV","potentialAction":[{"@type":"ReadAction","target":["https:\/\/www.pakery.pl\/lv\/produkt\/paker-do-iniekcji-pi-spm-13-300\/"]}]},{"@type":"ImageObject","inLanguage":"lv-LV","@id":"https:\/\/www.pakery.pl\/lv\/produkt\/paker-do-iniekcji-pi-spm-13-300\/#primaryimage","url":"https:\/\/www.pakery.pl\/wp-content\/uploads\/2025\/05\/PI-SPM-13300-ikona.png","contentUrl":"https:\/\/www.pakery.pl\/wp-content\/uploads\/2025\/05\/PI-SPM-13300-ikona.png","width":683,"height":683},{"@type":"BreadcrumbList","@id":"https:\/\/www.pakery.pl\/lv\/produkt\/paker-do-iniekcji-pi-spm-13-300\/#breadcrumb","itemListElement":[{"@type":"ListItem","position":1,"name":"Strona g\u0142\u00f3wna","item":"https:\/\/www.pakery.pl\/lv\/"},{"@type":"ListItem","position":2,"name":"Veikals","item":"https:\/\/www.pakery.pl\/lv\/veikals\/"},{"@type":"ListItem","position":3,"name":"Injekcijas veltnis PI-SPM 13\/300"}]},{"@type":"WebSite","@id":"https:\/\/www.pakery.pl\/lv\/#website","url":"https:\/\/www.pakery.pl\/lv\/","name":"Pakery.pl","description":"Pakery iniekcyjne, Kotwy spiralne, Lance iniekcyjne, W\u0119\u017ce do iniekcji, Pompy iniekcyjne, Serwis pomp iniekcyjnych, Wynajem pomp do iniekcji","publisher":{"@id":"https:\/\/www.pakery.pl\/lv\/#organization"},"potentialAction":[{"@type":"SearchAction","target":{"@type":"EntryPoint","urlTemplate":"https:\/\/www.pakery.pl\/lv\/?s={search_term_string}"},"query-input":{"@type":"PropertyValueSpecification","valueRequired":true,"valueName":"search_term_string"}}],"inLanguage":"lv-LV"},{"@type":"Organization","@id":"https:\/\/www.pakery.pl\/lv\/#organization","name":"PAKERY.PL","url":"https:\/\/www.pakery.pl\/lv\/","logo":{"@type":"ImageObject","inLanguage":"lv-LV","@id":"https:\/\/www.pakery.pl\/lv\/#\/schema\/logo\/image\/","url":"https:\/\/www.pakery.pl\/wp-content\/uploads\/2021\/04\/cropped-PAKERY-LOGO.png","contentUrl":"https:\/\/www.pakery.pl\/wp-content\/uploads\/2021\/04\/cropped-PAKERY-LOGO.png","width":1529,"height":500,"caption":"PAKERY.PL"},"image":{"@id":"https:\/\/www.pakery.pl\/lv\/#\/schema\/logo\/image\/"}}]}},"_links":{"self":[{"href":"https:\/\/www.pakery.pl\/lv\/wp-json\/wp\/v2\/product\/48952","targetHints":{"allow":["GET"]}}],"collection":[{"href":"https:\/\/www.pakery.pl\/lv\/wp-json\/wp\/v2\/product"}],"about":[{"href":"https:\/\/www.pakery.pl\/lv\/wp-json\/wp\/v2\/types\/product"}],"version-history":[{"count":0,"href":"https:\/\/www.pakery.pl\/lv\/wp-json\/wp\/v2\/product\/48952\/revisions"}],"wp:featuredmedia":[{"embeddable":true,"href":"https:\/\/www.pakery.pl\/lv\/wp-json\/wp\/v2\/media\/50817"}],"wp:attachment":[{"href":"https:\/\/www.pakery.pl\/lv\/wp-json\/wp\/v2\/media?parent=48952"}],"wp:term":[{"taxonomy":"product_brand","embeddable":true,"href":"https:\/\/www.pakery.pl\/lv\/wp-json\/wp\/v2\/product_brand?post=48952"},{"taxonomy":"product_cat","embeddable":true,"href":"https:\/\/www.pakery.pl\/lv\/wp-json\/wp\/v2\/product_cat?post=48952"},{"taxonomy":"product_tag","embeddable":true,"href":"https:\/\/www.pakery.pl\/lv\/wp-json\/wp\/v2\/product_tag?post=48952"}],"curies":[{"name":"wp","href":"https:\/\/api.w.org\/{rel}","templated":true}]}}