{"id":44152,"date":"2022-06-08T12:23:39","date_gmt":"2023-04-06T08:23:51","guid":{"rendered":"https:\/\/www.pakery.pl\/produkt\/javas-spiralveida-enkuriem\/"},"modified":"2023-04-06T10:23:56","modified_gmt":"2023-04-06T08:23:56","slug":"javas-spiralveida-enkuriem","status":"publish","type":"product","link":"https:\/\/www.pakery.pl\/lv\/produkt\/javas-spiralveida-enkuriem\/","title":{"rendered":"Javas spir\u0101lveida enkuriem"},"content":{"rendered":"\t\t<div data-elementor-type=\"product-post\" data-elementor-id=\"44152\" class=\"elementor elementor-44152 elementor-40976\" data-elementor-post-type=\"product\">\n\t\t\t\t\t\t<section class=\"elementor-section elementor-top-section elementor-element elementor-element-b2fa047 elementor-section-boxed elementor-section-height-default elementor-section-height-default\" data-id=\"b2fa047\" data-element_type=\"section\" data-e-type=\"section\">\n\t\t\t\t\t\t<div class=\"elementor-container elementor-column-gap-default\">\n\t\t\t\t\t<div class=\"elementor-column elementor-col-100 elementor-top-column elementor-element elementor-element-c305895\" data-id=\"c305895\" data-element_type=\"column\" data-e-type=\"column\">\n\t\t\t<div class=\"elementor-widget-wrap elementor-element-populated\">\n\t\t\t\t\t\t<div class=\"elementor-element elementor-element-354948f elementor-widget elementor-widget-image\" data-id=\"354948f\" data-element_type=\"widget\" data-e-type=\"widget\" data-widget_type=\"image.default\">\n\t\t\t\t<div class=\"elementor-widget-container\">\n\t\t\t\t\t\t\t\t\t\t\t\t\t\t\t<img fetchpriority=\"high\" decoding=\"async\" width=\"1024\" height=\"263\" src=\"https:\/\/www.pakery.pl\/wp-content\/uploads\/2022\/06\/Zrzut-ekranu-2022-06-8-o-12.28.11-1024x263.png\" class=\"attachment-large size-large wp-image-41043\" alt=\"\" srcset=\"https:\/\/www.pakery.pl\/wp-content\/uploads\/2022\/06\/Zrzut-ekranu-2022-06-8-o-12.28.11-1024x263.png 1024w, https:\/\/www.pakery.pl\/wp-content\/uploads\/2022\/06\/Zrzut-ekranu-2022-06-8-o-12.28.11-300x77.png 300w, https:\/\/www.pakery.pl\/wp-content\/uploads\/2022\/06\/Zrzut-ekranu-2022-06-8-o-12.28.11-768x198.png 768w, https:\/\/www.pakery.pl\/wp-content\/uploads\/2022\/06\/Zrzut-ekranu-2022-06-8-o-12.28.11-683x176.png 683w, https:\/\/www.pakery.pl\/wp-content\/uploads\/2022\/06\/Zrzut-ekranu-2022-06-8-o-12.28.11-602x155.png 602w, https:\/\/www.pakery.pl\/wp-content\/uploads\/2022\/06\/Zrzut-ekranu-2022-06-8-o-12.28.11.png 1178w\" sizes=\"(max-width: 1024px) 100vw, 1024px\" \/>\t\t\t\t\t\t\t\t\t\t\t\t\t\t\t<\/div>\n\t\t\t\t<\/div>\n\t\t\t\t\t<\/div>\n\t\t<\/div>\n\t\t\t\t\t<\/div>\n\t\t<\/section>\n\t\t\t\t<section class=\"elementor-section elementor-top-section elementor-element elementor-element-5d89434 elementor-section-boxed elementor-section-height-default elementor-section-height-default\" data-id=\"5d89434\" data-element_type=\"section\" data-e-type=\"section\">\n\t\t\t\t\t\t<div class=\"elementor-container elementor-column-gap-default\">\n\t\t\t\t\t<div class=\"elementor-column elementor-col-100 elementor-top-column elementor-element elementor-element-0581122\" data-id=\"0581122\" data-element_type=\"column\" data-e-type=\"column\">\n\t\t\t<div class=\"elementor-widget-wrap elementor-element-populated\">\n\t\t\t\t\t\t<div class=\"elementor-element elementor-element-ac4564d elementor-widget elementor-widget-text-editor\" data-id=\"ac4564d\" data-element_type=\"widget\" data-e-type=\"widget\" data-widget_type=\"text-editor.default\">\n\t\t\t\t<div class=\"elementor-widget-container\">\n\t\t\t\t\t\t\t\t\t<p><b>Specializ\u0113ta java AnkerBau spir\u0101lveida enkuriem<\/b><\/p>\n<p>AnkerBau ir vienkomponenta produkts ar labu sa\u0137eri ar savienojam\u0101 materi\u0101la sieni\u0146\u0101m. Paredz\u0113ts spir\u0101lveida enkuru ievieto\u0161anai sist\u0113m\u0101 plaisu m\u016bra konstrukciju pastiprin\u0101\u0161anai. Izstr\u0101d\u0101ts ar ma\u0161\u012bnu pielieto\u0161anas iesp\u0113ju.<\/p>\n\t\t\t\t\t\t\t\t<\/div>\n\t\t\t\t<\/div>\n\t\t\t\t\t<\/div>\n\t\t<\/div>\n\t\t\t\t\t<\/div>\n\t\t<\/section>\n\t\t\t\t<section class=\"elementor-section elementor-top-section elementor-element elementor-element-7131c6d elementor-section-boxed elementor-section-height-default elementor-section-height-default\" data-id=\"7131c6d\" data-element_type=\"section\" data-e-type=\"section\">\n\t\t\t\t\t\t<div class=\"elementor-container elementor-column-gap-default\">\n\t\t\t\t\t<div class=\"elementor-column elementor-col-50 elementor-top-column elementor-element elementor-element-1750266\" data-id=\"1750266\" data-element_type=\"column\" data-e-type=\"column\">\n\t\t\t<div class=\"elementor-widget-wrap elementor-element-populated\">\n\t\t\t\t\t\t<div class=\"elementor-element elementor-element-3e0ec99 elementor-widget elementor-widget-text-editor\" data-id=\"3e0ec99\" data-element_type=\"widget\" data-e-type=\"widget\" data-widget_type=\"text-editor.default\">\n\t\t\t\t<div class=\"elementor-widget-container\">\n\t\t\t\t\t\t\t\t\t<div class=\"page\" style=\"caret-color: #000000; color: #000000;\" title=\"1. lappuse\">\n<div class=\"section\">\n<div class=\"layoutArea\">\n<div class=\"column\">\n<p><span style=\"font-size: 14pt; font-family: ArialNarrow; font-weight: bold; color: #14408a;\">Piem\u0113ro\u0161anas jomas  <\/span><\/p>\n<\/div>\n<\/div>\n<\/div>\n<\/div>\n\t\t\t\t\t\t\t\t<\/div>\n\t\t\t\t<\/div>\n\t\t\t\t\t<\/div>\n\t\t<\/div>\n\t\t\t\t<div class=\"elementor-column elementor-col-50 elementor-top-column elementor-element elementor-element-45469ac\" data-id=\"45469ac\" data-element_type=\"column\" data-e-type=\"column\">\n\t\t\t<div class=\"elementor-widget-wrap\">\n\t\t\t\t\t\t\t<\/div>\n\t\t<\/div>\n\t\t\t\t\t<\/div>\n\t\t<\/section>\n\t\t\t\t<section class=\"elementor-section elementor-top-section elementor-element elementor-element-ce0d094 elementor-section-boxed elementor-section-height-default elementor-section-height-default\" data-id=\"ce0d094\" data-element_type=\"section\" data-e-type=\"section\">\n\t\t\t\t\t\t<div class=\"elementor-container elementor-column-gap-default\">\n\t\t\t\t\t<div class=\"elementor-column elementor-col-50 elementor-top-column elementor-element elementor-element-3a30e12\" data-id=\"3a30e12\" data-element_type=\"column\" data-e-type=\"column\">\n\t\t\t<div class=\"elementor-widget-wrap elementor-element-populated\">\n\t\t\t\t\t\t<div class=\"elementor-element elementor-element-0721e62 elementor-widget elementor-widget-image\" data-id=\"0721e62\" data-element_type=\"widget\" data-e-type=\"widget\" data-widget_type=\"image.default\">\n\t\t\t\t<div class=\"elementor-widget-container\">\n\t\t\t\t\t\t\t\t\t\t\t\t\t\t\t<img decoding=\"async\" width=\"122\" height=\"119\" src=\"https:\/\/www.pakery.pl\/wp-content\/uploads\/2022\/06\/Zrzut-ekranu-2022-11-17-o-12.13.56.png\" class=\"attachment-large size-large wp-image-42643\" alt=\"\" \/>\t\t\t\t\t\t\t\t\t\t\t\t\t\t\t<\/div>\n\t\t\t\t<\/div>\n\t\t\t\t\t<\/div>\n\t\t<\/div>\n\t\t\t\t<div class=\"elementor-column elementor-col-50 elementor-top-column elementor-element elementor-element-36a6732\" data-id=\"36a6732\" data-element_type=\"column\" data-e-type=\"column\">\n\t\t\t<div class=\"elementor-widget-wrap elementor-element-populated\">\n\t\t\t\t\t\t<div class=\"elementor-element elementor-element-b70b235 elementor-widget elementor-widget-text-editor\" data-id=\"b70b235\" data-element_type=\"widget\" data-e-type=\"widget\" data-widget_type=\"text-editor.default\">\n\t\t\t\t<div class=\"elementor-widget-container\">\n\t\t\t\t\t\t\t\t\t<ul style=\"caret-color: #000000; color: #000000;\">\n<li>\n<p>Horizont\u0101l\u0101m un vertik\u0101l\u0101m virsm\u0101m, nostiprinot saplais\u0101ju\u0161u m\u016br\u0113jumu.<\/p>\n<\/li>\n<li>\n<p>Pieminek\u013cu atjauno\u0161ana<\/p>\n<\/li>\n<li>\n<p>Visp\u0101r\u0113j\u0101 un r\u016bpniecisk\u0101 b\u016bvniec\u012bba<\/p>\n<\/li>\n<\/ul>\n\t\t\t\t\t\t\t\t<\/div>\n\t\t\t\t<\/div>\n\t\t\t\t\t<\/div>\n\t\t<\/div>\n\t\t\t\t\t<\/div>\n\t\t<\/section>\n\t\t\t\t<section class=\"elementor-section elementor-top-section elementor-element elementor-element-18888ad elementor-section-boxed elementor-section-height-default elementor-section-height-default\" data-id=\"18888ad\" data-element_type=\"section\" data-e-type=\"section\">\n\t\t\t\t\t\t<div class=\"elementor-container elementor-column-gap-default\">\n\t\t\t\t\t<div class=\"elementor-column elementor-col-100 elementor-top-column elementor-element elementor-element-430743d\" data-id=\"430743d\" data-element_type=\"column\" data-e-type=\"column\">\n\t\t\t<div class=\"elementor-widget-wrap elementor-element-populated\">\n\t\t\t\t\t\t<section class=\"elementor-section elementor-inner-section elementor-element elementor-element-2583d57 elementor-section-boxed elementor-section-height-default elementor-section-height-default\" data-id=\"2583d57\" data-element_type=\"section\" data-e-type=\"section\">\n\t\t\t\t\t\t<div class=\"elementor-container elementor-column-gap-default\">\n\t\t\t\t\t<div class=\"elementor-column elementor-col-33 elementor-inner-column elementor-element elementor-element-92d6b5b\" data-id=\"92d6b5b\" data-element_type=\"column\" data-e-type=\"column\">\n\t\t\t<div class=\"elementor-widget-wrap elementor-element-populated\">\n\t\t\t\t\t\t<div class=\"elementor-element elementor-element-82ffa61 elementor-widget elementor-widget-text-editor\" data-id=\"82ffa61\" data-element_type=\"widget\" data-e-type=\"widget\" data-widget_type=\"text-editor.default\">\n\t\t\t\t<div class=\"elementor-widget-container\">\n\t\t\t\t\t\t\t\t\t<div title=\"Page 2\">\n<div>\n<div>\n<div>\n<p><span style=\"caret-color: #000000; color: #14408a; font-family: ArialNarrow; font-size: 18.66666603088379px; font-weight: bold;\">Papildu produkti  <\/span><\/p>\n<\/div>\n<\/div>\n<\/div>\n<\/div>\n\t\t\t\t\t\t\t\t<\/div>\n\t\t\t\t<\/div>\n\t\t\t\t\t<\/div>\n\t\t<\/div>\n\t\t\t\t<div class=\"elementor-column elementor-col-33 elementor-inner-column elementor-element elementor-element-153c45c\" data-id=\"153c45c\" data-element_type=\"column\" data-e-type=\"column\">\n\t\t\t<div class=\"elementor-widget-wrap elementor-element-populated\">\n\t\t\t\t\t\t<div class=\"elementor-element elementor-element-32629b9 elementor-widget elementor-widget-text-editor\" data-id=\"32629b9\" data-element_type=\"widget\" data-e-type=\"widget\" data-widget_type=\"text-editor.default\">\n\t\t\t\t<div class=\"elementor-widget-container\">\n\t\t\t\t\t\t\t\t\t<div class=\"page\" title=\"Page 2\">\n<div class=\"section\">\n<div class=\"layoutArea\">\n<div class=\"column\">\n<ul>\n<li>\n<p>Spir\u0101lveida enkuri &#8211; Hammpack\u00ae Spir\u0101lveida \u0101murs<\/p>\n<\/li>\n<li>\n<p>Stabiliz\u0101cijas skavas<\/p>\n<\/li>\n<li>\n<p>Javas uzkl\u0101\u0161anas s\u016bknis<\/p>\n<\/li>\n<\/ul>\n<\/div>\n<\/div>\n<\/div>\n<\/div>\n\t\t\t\t\t\t\t\t<\/div>\n\t\t\t\t<\/div>\n\t\t\t\t\t<\/div>\n\t\t<\/div>\n\t\t\t\t<div class=\"elementor-column elementor-col-33 elementor-inner-column elementor-element elementor-element-77b3b74\" data-id=\"77b3b74\" data-element_type=\"column\" data-e-type=\"column\">\n\t\t\t<div class=\"elementor-widget-wrap\">\n\t\t\t\t\t\t\t<\/div>\n\t\t<\/div>\n\t\t\t\t\t<\/div>\n\t\t<\/section>\n\t\t\t\t\t<\/div>\n\t\t<\/div>\n\t\t\t\t\t<\/div>\n\t\t<\/section>\n\t\t\t\t<section class=\"elementor-section elementor-top-section elementor-element elementor-element-09bd59f elementor-section-boxed elementor-section-height-default elementor-section-height-default\" data-id=\"09bd59f\" data-element_type=\"section\" data-e-type=\"section\">\n\t\t\t\t\t\t<div class=\"elementor-container elementor-column-gap-default\">\n\t\t\t\t\t<div class=\"elementor-column elementor-col-100 elementor-top-column elementor-element elementor-element-5bbe797\" data-id=\"5bbe797\" data-element_type=\"column\" data-e-type=\"column\">\n\t\t\t<div class=\"elementor-widget-wrap elementor-element-populated\">\n\t\t\t\t\t\t<section class=\"elementor-section elementor-inner-section elementor-element elementor-element-498ecb7 elementor-section-boxed elementor-section-height-default elementor-section-height-default\" data-id=\"498ecb7\" data-element_type=\"section\" data-e-type=\"section\">\n\t\t\t\t\t\t<div class=\"elementor-container elementor-column-gap-default\">\n\t\t\t\t\t<div class=\"elementor-column elementor-col-50 elementor-inner-column elementor-element elementor-element-0b66063\" data-id=\"0b66063\" data-element_type=\"column\" data-e-type=\"column\">\n\t\t\t<div class=\"elementor-widget-wrap elementor-element-populated\">\n\t\t\t\t\t\t<div class=\"elementor-element elementor-element-d78a31c elementor-widget elementor-widget-text-editor\" data-id=\"d78a31c\" data-element_type=\"widget\" data-e-type=\"widget\" data-widget_type=\"text-editor.default\">\n\t\t\t\t<div class=\"elementor-widget-container\">\n\t\t\t\t\t\t\t\t\t<div title=\"Page 2\">\n<div>\n<div>\n<div>\n<p><span style=\"color: #14408a; font-family: ArialNarrow; font-size: large;\"><span style=\"caret-color: #000000;\"><b>Lejupiel\u0101d\u0113t<\/b><\/span><\/span><\/p>\n<\/div>\n<\/div>\n<\/div>\n<\/div>\n\t\t\t\t\t\t\t\t<\/div>\n\t\t\t\t<\/div>\n\t\t\t\t\t<\/div>\n\t\t<\/div>\n\t\t\t\t<div class=\"elementor-column elementor-col-50 elementor-inner-column elementor-element elementor-element-6fc0858\" data-id=\"6fc0858\" data-element_type=\"column\" data-e-type=\"column\">\n\t\t\t<div class=\"elementor-widget-wrap elementor-element-populated\">\n\t\t\t\t\t\t<div class=\"elementor-element elementor-element-7e700ca elementor-align-left elementor-widget elementor-widget-button\" data-id=\"7e700ca\" data-element_type=\"widget\" data-e-type=\"widget\" data-widget_type=\"button.default\">\n\t\t\t\t<div class=\"elementor-widget-container\">\n\t\t\t\t\t\t\t\t\t<div class=\"elementor-button-wrapper\">\n\t\t\t\t\t<a class=\"elementor-button elementor-button-link elementor-size-sm\" href=\"https:\/\/www.pakery.pl\/wp-content\/uploads\/2023\/04\/ResinBau-AnkerBau-Karta-Techniczna.pdf\" target=\"_blank\">\n\t\t\t\t\t\t<span class=\"elementor-button-content-wrapper\">\n\t\t\t\t\t\t\t\t\t<span class=\"elementor-button-text\">Tehnisk\u0101 harta<\/span>\n\t\t\t\t\t<\/span>\n\t\t\t\t\t<\/a>\n\t\t\t\t<\/div>\n\t\t\t\t\t\t\t\t<\/div>\n\t\t\t\t<\/div>\n\t\t\t\t<div class=\"elementor-element elementor-element-a5e3bc8 elementor-widget elementor-widget-spacer\" data-id=\"a5e3bc8\" data-element_type=\"widget\" data-e-type=\"widget\" data-widget_type=\"spacer.default\">\n\t\t\t\t<div class=\"elementor-widget-container\">\n\t\t\t\t\t\t\t<div class=\"elementor-spacer\">\n\t\t\t<div class=\"elementor-spacer-inner\"><\/div>\n\t\t<\/div>\n\t\t\t\t\t\t<\/div>\n\t\t\t\t<\/div>\n\t\t\t\t<div class=\"elementor-element elementor-element-009ab21 elementor-widget elementor-widget-spacer\" data-id=\"009ab21\" data-element_type=\"widget\" data-e-type=\"widget\" data-widget_type=\"spacer.default\">\n\t\t\t\t<div class=\"elementor-widget-container\">\n\t\t\t\t\t\t\t<div class=\"elementor-spacer\">\n\t\t\t<div class=\"elementor-spacer-inner\"><\/div>\n\t\t<\/div>\n\t\t\t\t\t\t<\/div>\n\t\t\t\t<\/div>\n\t\t\t\t\t<\/div>\n\t\t<\/div>\n\t\t\t\t\t<\/div>\n\t\t<\/section>\n\t\t\t\t\t<\/div>\n\t\t<\/div>\n\t\t\t\t\t<\/div>\n\t\t<\/section>\n\t\t\t\t<\/div>\n\t\t","protected":false},"excerpt":{"rendered":"<p>Specializ\u0113ta java AnkerBau spir\u0101lveida enkuriem AnkerBau ir vienkomponenta produkts ar labu sa\u0137eri ar savienojam\u0101 materi\u0101la sieni\u0146\u0101m. Paredz\u0113ts spir\u0101lveida enkuru ievieto\u0161anai sist\u0113m\u0101 plaisu m\u016bra konstrukciju pastiprin\u0101\u0161anai. Izstr\u0101d\u0101ts ar ma\u0161\u012bnu pielieto\u0161anas iesp\u0113ju. Piem\u0113ro\u0161anas jomas Horizont\u0101l\u0101m un vertik\u0101l\u0101m virsm\u0101m, nostiprinot saplais\u0101ju\u0161u m\u016br\u0113jumu. Pieminek\u013cu atjauno\u0161ana Visp\u0101r\u0113j\u0101 un r\u016bpniecisk\u0101 b\u016bvniec\u012bba Papildu produkti Spir\u0101lveida enkuri &#8211; Hammpack\u00ae Spir\u0101lveida \u0101murs Stabiliz\u0101cijas skavas [&hellip;]<\/p>\n","protected":false},"featured_media":40992,"template":"","meta":{"_acf_changed":false},"product_brand":[],"product_cat":[1902,942],"product_tag":[],"class_list":{"0":"post-44152","1":"product","2":"type-product","3":"status-publish","4":"has-post-thumbnail","6":"product_cat-injekcijas-sveki","7":"product_cat-spiralveida-enkuri","9":"first","10":"instock","11":"taxable","12":"shipping-taxable","13":"purchasable","14":"product-type-simple"},"acf":[],"yoast_head":"<!-- This site is optimized with the Yoast SEO plugin v27.3 - https:\/\/yoast.com\/product\/yoast-seo-wordpress\/ -->\n<title>Javas spir\u0101lveida enkuriem - PAKERY.PL<\/title>\n<meta name=\"description\" content=\"AnkerBau spir\u0101lveida enkurjavas java. Spir\u0101lveida enkuri kombin\u0101cij\u0101 ar AnkerBau ResinBau javu nodro\u0161ina uzticamu plaisu remonta sist\u0113mu.\" \/>\n<meta name=\"robots\" content=\"index, follow, max-snippet:-1, max-image-preview:large, max-video-preview:-1\" \/>\n<link rel=\"canonical\" href=\"https:\/\/www.pakery.pl\/lv\/produkt\/javas-spiralveida-enkuriem\/\" \/>\n<meta property=\"og:locale\" content=\"lv_LV\" \/>\n<meta property=\"og:type\" content=\"article\" \/>\n<meta property=\"og:title\" content=\"Javas spir\u0101lveida enkuriem - PAKERY.PL\" \/>\n<meta property=\"og:description\" content=\"AnkerBau spir\u0101lveida enkurjavas java. Spir\u0101lveida enkuri kombin\u0101cij\u0101 ar AnkerBau ResinBau javu nodro\u0161ina uzticamu plaisu remonta sist\u0113mu.\" \/>\n<meta property=\"og:url\" content=\"https:\/\/www.pakery.pl\/lv\/produkt\/javas-spiralveida-enkuriem\/\" \/>\n<meta property=\"og:site_name\" content=\"PAKERY.PL\" \/>\n<meta property=\"article:modified_time\" content=\"2023-04-06T08:23:56+00:00\" \/>\n<meta property=\"og:image\" content=\"https:\/\/www.pakery.pl\/wp-content\/uploads\/2022\/06\/ResinBau-AnkerBau-15kg-1024x1024.png\" \/>\n\t<meta property=\"og:image:width\" content=\"1024\" \/>\n\t<meta property=\"og:image:height\" content=\"1024\" \/>\n\t<meta property=\"og:image:type\" content=\"image\/png\" \/>\n<meta name=\"twitter:card\" content=\"summary_large_image\" \/>\n<meta name=\"twitter:label1\" content=\"Est. reading time\" \/>\n\t<meta name=\"twitter:data1\" content=\"1 minute\" \/>\n<script type=\"application\/ld+json\" class=\"yoast-schema-graph\">{\"@context\":\"https:\\\/\\\/schema.org\",\"@graph\":[{\"@type\":\"WebPage\",\"@id\":\"https:\\\/\\\/www.pakery.pl\\\/lv\\\/produkt\\\/javas-spiralveida-enkuriem\\\/\",\"url\":\"https:\\\/\\\/www.pakery.pl\\\/lv\\\/produkt\\\/javas-spiralveida-enkuriem\\\/\",\"name\":\"Javas spir\u0101lveida enkuriem - PAKERY.PL\",\"isPartOf\":{\"@id\":\"https:\\\/\\\/www.pakery.pl\\\/lv\\\/#website\"},\"primaryImageOfPage\":{\"@id\":\"https:\\\/\\\/www.pakery.pl\\\/lv\\\/produkt\\\/javas-spiralveida-enkuriem\\\/#primaryimage\"},\"image\":{\"@id\":\"https:\\\/\\\/www.pakery.pl\\\/lv\\\/produkt\\\/javas-spiralveida-enkuriem\\\/#primaryimage\"},\"thumbnailUrl\":\"https:\\\/\\\/www.pakery.pl\\\/wp-content\\\/uploads\\\/2022\\\/06\\\/ResinBau-AnkerBau-15kg.png\",\"datePublished\":\"2023-04-06T08:23:51+00:00\",\"dateModified\":\"2023-04-06T08:23:56+00:00\",\"description\":\"AnkerBau spir\u0101lveida enkurjavas java. Spir\u0101lveida enkuri kombin\u0101cij\u0101 ar AnkerBau ResinBau javu nodro\u0161ina uzticamu plaisu remonta sist\u0113mu.\",\"breadcrumb\":{\"@id\":\"https:\\\/\\\/www.pakery.pl\\\/lv\\\/produkt\\\/javas-spiralveida-enkuriem\\\/#breadcrumb\"},\"inLanguage\":\"lv-LV\",\"potentialAction\":[{\"@type\":\"ReadAction\",\"target\":[\"https:\\\/\\\/www.pakery.pl\\\/lv\\\/produkt\\\/javas-spiralveida-enkuriem\\\/\"]}]},{\"@type\":\"ImageObject\",\"inLanguage\":\"lv-LV\",\"@id\":\"https:\\\/\\\/www.pakery.pl\\\/lv\\\/produkt\\\/javas-spiralveida-enkuriem\\\/#primaryimage\",\"url\":\"https:\\\/\\\/www.pakery.pl\\\/wp-content\\\/uploads\\\/2022\\\/06\\\/ResinBau-AnkerBau-15kg.png\",\"contentUrl\":\"https:\\\/\\\/www.pakery.pl\\\/wp-content\\\/uploads\\\/2022\\\/06\\\/ResinBau-AnkerBau-15kg.png\",\"width\":3000,\"height\":3000},{\"@type\":\"BreadcrumbList\",\"@id\":\"https:\\\/\\\/www.pakery.pl\\\/lv\\\/produkt\\\/javas-spiralveida-enkuriem\\\/#breadcrumb\",\"itemListElement\":[{\"@type\":\"ListItem\",\"position\":1,\"name\":\"Strona g\u0142\u00f3wna\",\"item\":\"https:\\\/\\\/www.pakery.pl\\\/lv\\\/\"},{\"@type\":\"ListItem\",\"position\":2,\"name\":\"Veikals\",\"item\":\"https:\\\/\\\/www.pakery.pl\\\/lv\\\/veikals\\\/\"},{\"@type\":\"ListItem\",\"position\":3,\"name\":\"Javas spir\u0101lveida enkuriem\"}]},{\"@type\":\"WebSite\",\"@id\":\"https:\\\/\\\/www.pakery.pl\\\/lv\\\/#website\",\"url\":\"https:\\\/\\\/www.pakery.pl\\\/lv\\\/\",\"name\":\"Pakery.pl\",\"description\":\"Pakery iniekcyjne, Kotwy spiralne, Lance iniekcyjne, W\u0119\u017ce do iniekcji, Pompy iniekcyjne, Serwis pomp iniekcyjnych, Wynajem pomp do iniekcji\",\"publisher\":{\"@id\":\"https:\\\/\\\/www.pakery.pl\\\/lv\\\/#organization\"},\"potentialAction\":[{\"@type\":\"SearchAction\",\"target\":{\"@type\":\"EntryPoint\",\"urlTemplate\":\"https:\\\/\\\/www.pakery.pl\\\/lv\\\/?s={search_term_string}\"},\"query-input\":{\"@type\":\"PropertyValueSpecification\",\"valueRequired\":true,\"valueName\":\"search_term_string\"}}],\"inLanguage\":\"lv-LV\"},{\"@type\":\"Organization\",\"@id\":\"https:\\\/\\\/www.pakery.pl\\\/lv\\\/#organization\",\"name\":\"PAKERY.PL\",\"url\":\"https:\\\/\\\/www.pakery.pl\\\/lv\\\/\",\"logo\":{\"@type\":\"ImageObject\",\"inLanguage\":\"lv-LV\",\"@id\":\"https:\\\/\\\/www.pakery.pl\\\/lv\\\/#\\\/schema\\\/logo\\\/image\\\/\",\"url\":\"https:\\\/\\\/www.pakery.pl\\\/wp-content\\\/uploads\\\/2021\\\/04\\\/cropped-PAKERY-LOGO.png\",\"contentUrl\":\"https:\\\/\\\/www.pakery.pl\\\/wp-content\\\/uploads\\\/2021\\\/04\\\/cropped-PAKERY-LOGO.png\",\"width\":1529,\"height\":500,\"caption\":\"PAKERY.PL\"},\"image\":{\"@id\":\"https:\\\/\\\/www.pakery.pl\\\/lv\\\/#\\\/schema\\\/logo\\\/image\\\/\"}}]}<\/script>\n<!-- \/ Yoast SEO plugin. -->","yoast_head_json":{"title":"Javas spir\u0101lveida enkuriem - PAKERY.PL","description":"AnkerBau spir\u0101lveida enkurjavas java. Spir\u0101lveida enkuri kombin\u0101cij\u0101 ar AnkerBau ResinBau javu nodro\u0161ina uzticamu plaisu remonta sist\u0113mu.","robots":{"index":"index","follow":"follow","max-snippet":"max-snippet:-1","max-image-preview":"max-image-preview:large","max-video-preview":"max-video-preview:-1"},"canonical":"https:\/\/www.pakery.pl\/lv\/produkt\/javas-spiralveida-enkuriem\/","og_locale":"lv_LV","og_type":"article","og_title":"Javas spir\u0101lveida enkuriem - PAKERY.PL","og_description":"AnkerBau spir\u0101lveida enkurjavas java. Spir\u0101lveida enkuri kombin\u0101cij\u0101 ar AnkerBau ResinBau javu nodro\u0161ina uzticamu plaisu remonta sist\u0113mu.","og_url":"https:\/\/www.pakery.pl\/lv\/produkt\/javas-spiralveida-enkuriem\/","og_site_name":"PAKERY.PL","article_modified_time":"2023-04-06T08:23:56+00:00","og_image":[{"width":1024,"height":1024,"url":"https:\/\/www.pakery.pl\/wp-content\/uploads\/2022\/06\/ResinBau-AnkerBau-15kg-1024x1024.png","type":"image\/png"}],"twitter_card":"summary_large_image","twitter_misc":{"Est. reading time":"1 minute"},"schema":{"@context":"https:\/\/schema.org","@graph":[{"@type":"WebPage","@id":"https:\/\/www.pakery.pl\/lv\/produkt\/javas-spiralveida-enkuriem\/","url":"https:\/\/www.pakery.pl\/lv\/produkt\/javas-spiralveida-enkuriem\/","name":"Javas spir\u0101lveida enkuriem - PAKERY.PL","isPartOf":{"@id":"https:\/\/www.pakery.pl\/lv\/#website"},"primaryImageOfPage":{"@id":"https:\/\/www.pakery.pl\/lv\/produkt\/javas-spiralveida-enkuriem\/#primaryimage"},"image":{"@id":"https:\/\/www.pakery.pl\/lv\/produkt\/javas-spiralveida-enkuriem\/#primaryimage"},"thumbnailUrl":"https:\/\/www.pakery.pl\/wp-content\/uploads\/2022\/06\/ResinBau-AnkerBau-15kg.png","datePublished":"2023-04-06T08:23:51+00:00","dateModified":"2023-04-06T08:23:56+00:00","description":"AnkerBau spir\u0101lveida enkurjavas java. Spir\u0101lveida enkuri kombin\u0101cij\u0101 ar AnkerBau ResinBau javu nodro\u0161ina uzticamu plaisu remonta sist\u0113mu.","breadcrumb":{"@id":"https:\/\/www.pakery.pl\/lv\/produkt\/javas-spiralveida-enkuriem\/#breadcrumb"},"inLanguage":"lv-LV","potentialAction":[{"@type":"ReadAction","target":["https:\/\/www.pakery.pl\/lv\/produkt\/javas-spiralveida-enkuriem\/"]}]},{"@type":"ImageObject","inLanguage":"lv-LV","@id":"https:\/\/www.pakery.pl\/lv\/produkt\/javas-spiralveida-enkuriem\/#primaryimage","url":"https:\/\/www.pakery.pl\/wp-content\/uploads\/2022\/06\/ResinBau-AnkerBau-15kg.png","contentUrl":"https:\/\/www.pakery.pl\/wp-content\/uploads\/2022\/06\/ResinBau-AnkerBau-15kg.png","width":3000,"height":3000},{"@type":"BreadcrumbList","@id":"https:\/\/www.pakery.pl\/lv\/produkt\/javas-spiralveida-enkuriem\/#breadcrumb","itemListElement":[{"@type":"ListItem","position":1,"name":"Strona g\u0142\u00f3wna","item":"https:\/\/www.pakery.pl\/lv\/"},{"@type":"ListItem","position":2,"name":"Veikals","item":"https:\/\/www.pakery.pl\/lv\/veikals\/"},{"@type":"ListItem","position":3,"name":"Javas spir\u0101lveida enkuriem"}]},{"@type":"WebSite","@id":"https:\/\/www.pakery.pl\/lv\/#website","url":"https:\/\/www.pakery.pl\/lv\/","name":"Pakery.pl","description":"Pakery iniekcyjne, Kotwy spiralne, Lance iniekcyjne, W\u0119\u017ce do iniekcji, Pompy iniekcyjne, Serwis pomp iniekcyjnych, Wynajem pomp do iniekcji","publisher":{"@id":"https:\/\/www.pakery.pl\/lv\/#organization"},"potentialAction":[{"@type":"SearchAction","target":{"@type":"EntryPoint","urlTemplate":"https:\/\/www.pakery.pl\/lv\/?s={search_term_string}"},"query-input":{"@type":"PropertyValueSpecification","valueRequired":true,"valueName":"search_term_string"}}],"inLanguage":"lv-LV"},{"@type":"Organization","@id":"https:\/\/www.pakery.pl\/lv\/#organization","name":"PAKERY.PL","url":"https:\/\/www.pakery.pl\/lv\/","logo":{"@type":"ImageObject","inLanguage":"lv-LV","@id":"https:\/\/www.pakery.pl\/lv\/#\/schema\/logo\/image\/","url":"https:\/\/www.pakery.pl\/wp-content\/uploads\/2021\/04\/cropped-PAKERY-LOGO.png","contentUrl":"https:\/\/www.pakery.pl\/wp-content\/uploads\/2021\/04\/cropped-PAKERY-LOGO.png","width":1529,"height":500,"caption":"PAKERY.PL"},"image":{"@id":"https:\/\/www.pakery.pl\/lv\/#\/schema\/logo\/image\/"}}]}},"_links":{"self":[{"href":"https:\/\/www.pakery.pl\/lv\/wp-json\/wp\/v2\/product\/44152","targetHints":{"allow":["GET"]}}],"collection":[{"href":"https:\/\/www.pakery.pl\/lv\/wp-json\/wp\/v2\/product"}],"about":[{"href":"https:\/\/www.pakery.pl\/lv\/wp-json\/wp\/v2\/types\/product"}],"version-history":[{"count":3,"href":"https:\/\/www.pakery.pl\/lv\/wp-json\/wp\/v2\/product\/44152\/revisions"}],"predecessor-version":[{"id":44155,"href":"https:\/\/www.pakery.pl\/lv\/wp-json\/wp\/v2\/product\/44152\/revisions\/44155"}],"wp:featuredmedia":[{"embeddable":true,"href":"https:\/\/www.pakery.pl\/lv\/wp-json\/wp\/v2\/media\/40992"}],"wp:attachment":[{"href":"https:\/\/www.pakery.pl\/lv\/wp-json\/wp\/v2\/media?parent=44152"}],"wp:term":[{"taxonomy":"product_brand","embeddable":true,"href":"https:\/\/www.pakery.pl\/lv\/wp-json\/wp\/v2\/product_brand?post=44152"},{"taxonomy":"product_cat","embeddable":true,"href":"https:\/\/www.pakery.pl\/lv\/wp-json\/wp\/v2\/product_cat?post=44152"},{"taxonomy":"product_tag","embeddable":true,"href":"https:\/\/www.pakery.pl\/lv\/wp-json\/wp\/v2\/product_tag?post=44152"}],"curies":[{"name":"wp","href":"https:\/\/api.w.org\/{rel}","templated":true}]}}