{"id":21000,"date":"2021-04-21T07:09:38","date_gmt":"2021-08-11T12:00:39","guid":{"rendered":"https:\/\/www.pakery.pl\/produkt\/iesmidzinatajs-pi-sph-8-80\/"},"modified":"2021-08-11T14:04:26","modified_gmt":"2021-08-11T12:04:26","slug":"iesmidzinatajs-pi-sph-8-80","status":"publish","type":"product","link":"https:\/\/www.pakery.pl\/lv\/produkt\/iesmidzinatajs-pi-sph-8-80\/","title":{"rendered":"Iesmidzin\u0101t\u0101js PI-SPH 8\/80"},"content":{"rendered":"\t\t<div data-elementor-type=\"product-post\" data-elementor-id=\"21000\" class=\"elementor elementor-21000 elementor-1817\" data-elementor-post-type=\"product\">\n\t\t\t\t\t\t<section class=\"elementor-section elementor-top-section elementor-element elementor-element-1a8c0285 elementor-section-full_width elementor-section-height-default elementor-section-height-default\" data-id=\"1a8c0285\" data-element_type=\"section\" data-e-type=\"section\">\n\t\t\t\t\t\t<div class=\"elementor-container elementor-column-gap-default\">\n\t\t\t\t\t<div class=\"elementor-column elementor-col-100 elementor-top-column elementor-element elementor-element-11806434\" data-id=\"11806434\" data-element_type=\"column\" data-e-type=\"column\">\n\t\t\t<div class=\"elementor-widget-wrap elementor-element-populated\">\n\t\t\t\t\t\t<div class=\"elementor-element elementor-element-6f76b3a8 elementor-widget elementor-widget-text-editor\" data-id=\"6f76b3a8\" data-element_type=\"widget\" data-e-type=\"widget\" data-widget_type=\"text-editor.default\">\n\t\t\t\t<div class=\"elementor-widget-container\">\n\t\t\t\t\t\t\t\t\t<p><span style=\"color: #000000;\">In\u017eektora maz\u0101kais diametrs<b> \u012bpa\u0161iem uzdevumiem.<\/b><\/span><\/p>\n<div class=\"_1bo4a _xu6h2 _1ylmp _2d49e_YrWCD\">\n<div class=\"_1voj4 _z9prt _1xzdi _ai5yc _5d6n2 _15lj1\">\n<div class=\"_2d49e_5pK0q\">\n<p><span style=\"color: #808080;\"><strong><em>Re\u0123istr\u0113jieties, lai redz\u0113tu m\u016bsu iepakot\u0101ja konfigur\u0113t\u0101ju. Izv\u0113lieties savu kalam\u012bta veidu.<\/em><\/strong><\/span><\/p>\n<\/p>\n<\/div>\n<\/div>\n<h3><span style=\"color: #000000;\"><img fetchpriority=\"high\" decoding=\"async\" class=\"aligncenter size-full wp-image-2629\" src=\"https:\/\/www.pakery.pl\/wp-content\/uploads\/2021\/05\/baner-sph-8.png\" alt=\"\" width=\"1800\" height=\"300\" srcset=\"https:\/\/www.pakery.pl\/wp-content\/uploads\/2021\/05\/baner-sph-8.png 1800w, https:\/\/www.pakery.pl\/wp-content\/uploads\/2021\/05\/baner-sph-8-300x50.png 300w, https:\/\/www.pakery.pl\/wp-content\/uploads\/2021\/05\/baner-sph-8-1024x171.png 1024w, https:\/\/www.pakery.pl\/wp-content\/uploads\/2021\/05\/baner-sph-8-768x128.png 768w, https:\/\/www.pakery.pl\/wp-content\/uploads\/2021\/05\/baner-sph-8-1536x256.png 1536w, https:\/\/www.pakery.pl\/wp-content\/uploads\/2021\/05\/baner-sph-8-683x114.png 683w, https:\/\/www.pakery.pl\/wp-content\/uploads\/2021\/05\/baner-sph-8-602x100.png 602w\" sizes=\"(max-width: 1800px) 100vw, 1800px\" \/><\/span><\/h3>\n<div class=\"_1voj4 _z9prt _1xzdi _ai5yc _5d6n2 _15lj1\">\n<div class=\"_2d49e_5pK0q\">\n<p><strong><span style=\"color: #000000;\">HAMMPACK IEPAKOT\u0100JU PRIEK\u0160ROC\u012aBAS<\/span><\/strong><\/p>\n<div class=\"_1bo4a _xu6h2 _1ylmp _2d49e_YrWCD\">\n<div class=\"_1voj4 _z9prt _1xzdi _ai5yc _5d6n2 _15lj1\">\n<div class=\"_2d49e_5pK0q\">\n<ul>\n<li><span style=\"color: #000000;\">palielinot bl\u012bv\u0113t\u0101ja nostiprin\u0101\u0161anas caurum\u0101 efektivit\u0101ti, piel\u0101gojot izple\u0161an\u0101s gumijas aug\u0161\u0113j\u0101s da\u013cas diametrus un izci\u013c\u0146us, tas atvieglo sa\u0137eri un pareizu noenkuro\u0161anos (tas \u013cauj iev\u0113rojami pa\u0101trin\u0101t iepakot\u0101ja uzst\u0101d\u012b\u0161anu un palielin\u0101t herm\u0113tiskumu)<\/span><\/li>\n<li><span style=\"color: #000000;\">palielin\u0101ta izple\u0161an\u0101s gumiju iztur\u012bba un atk\u0101rtojam\u012bba, gumijas mais\u012bjuma piel\u0101go\u0161ana un dzes\u0113\u0161anas process (izmantojot temperat\u016bras kontroli) padara in\u017eektoru iztur\u012bgu pret gumijas pl\u012bsumiem un gumijas izkri\u0161anu no papl\u0101ksn\u0113m.<\/span><\/li>\n<\/ul>\n<\/div>\n<\/div>\n<\/div>\n<\/div>\n<\/div>\n<\/div>\n\t\t\t\t\t\t\t\t<\/div>\n\t\t\t\t<\/div>\n\t\t\t\t\t<\/div>\n\t\t<\/div>\n\t\t\t\t\t<\/div>\n\t\t<\/section>\n\t\t\t\t<section class=\"elementor-section elementor-top-section elementor-element elementor-element-01a2338 elementor-section-full_width elementor-section-height-default elementor-section-height-default\" data-id=\"01a2338\" data-element_type=\"section\" data-e-type=\"section\">\n\t\t\t\t\t\t<div class=\"elementor-container elementor-column-gap-default\">\n\t\t\t\t\t<div class=\"elementor-column elementor-col-100 elementor-top-column elementor-element elementor-element-d7fb9c8\" data-id=\"d7fb9c8\" data-element_type=\"column\" data-e-type=\"column\">\n\t\t\t<div class=\"elementor-widget-wrap elementor-element-populated\">\n\t\t\t\t\t\t<section class=\"elementor-section elementor-inner-section elementor-element elementor-element-9974fdb elementor-section-full_width elementor-section-height-default elementor-section-height-default\" data-id=\"9974fdb\" data-element_type=\"section\" data-e-type=\"section\">\n\t\t\t\t\t\t<div class=\"elementor-container elementor-column-gap-default\">\n\t\t\t\t\t<div class=\"elementor-column elementor-col-50 elementor-inner-column elementor-element elementor-element-ba443ff\" data-id=\"ba443ff\" data-element_type=\"column\" data-e-type=\"column\">\n\t\t\t<div class=\"elementor-widget-wrap elementor-element-populated\">\n\t\t\t\t\t\t<div class=\"elementor-element elementor-element-7d6434f elementor-widget elementor-widget-text-editor\" data-id=\"7d6434f\" data-element_type=\"widget\" data-e-type=\"widget\" data-widget_type=\"text-editor.default\">\n\t\t\t\t<div class=\"elementor-widget-container\">\n\t\t\t\t\t\t\t\t\t<div class=\"_1bo4a _xu6h2 _1ylmp _2d49e_YrWCD\">\n<div class=\"_1voj4 _z9prt _1xzdi _ai5yc _5d6n2 _15lj1\">\n<div class=\"_2d49e_5pK0q\">\n<p><strong><span style=\"color: #000000;\">PIETEIKUMS<\/span><\/strong><\/p>\n<\/div>\n<\/div>\n<\/div>\n<div class=\"_1bo4a _xu6h2 _1ylmp _2d49e_YrWCD\">\n<div class=\"_1voj4 _z9prt _1xzdi _ai5yc _5d6n2 _15lj1\">\n<div class=\"_2d49e_5pK0q\">\n<div class=\"_1bo4a _xu6h2 _1ylmp _2d49e_YrWCD\">\n<div class=\"_1voj4 _z9prt _1xzdi _ai5yc _5d6n2 _15lj1\">\n<div class=\"_2d49e_5pK0q\">\n<ul>\n<li><span style=\"color: #000000;\">Injekcijas poliuret\u0101na \/ poliuret\u0101na putojo\u0161ie sve\u0137i<\/span><\/li>\n<li><span style=\"color: #000000;\">Epoks\u012bda sve\u0137i<\/span><\/li>\n<li><span style=\"color: #000000;\">Silik\u0101ti<\/span><\/li>\n<li><span style=\"color: #000000;\">\u016adens dispersijas<\/span><\/li>\n<li><span style=\"color: #000000;\">Akrila \u017eelejas<\/span><\/li>\n<li><span style=\"color: #000000;\">Cementa suspensijas l\u012bdz 0,5 mm graudu izm\u0113ram<\/span><\/li>\n<\/ul>\n<p><strong><span style=\"color: #000000;\">TEHNISK\u0100S SPECIFIK\u0100CIJAS<\/span><\/strong><\/p>\n<ul>\n<li><span style=\"color: #000000;\">Materi\u0101ls:<strong> t\u0113rauds<\/strong><\/span><\/li>\n<li><strong><span style=\"color: #000000;\">iesmidzin\u0101\u0161anas atveres diametrs: \u00d88<\/span><\/strong><\/li>\n<li><span style=\"color: #000000;\">garums: 80 mm<\/span><\/li>\n<li><span style=\"color: #000000;\">bl\u012bv\u0113juma garums: 30 mm<\/span><\/li>\n<li><span style=\"color: #000000;\">atsl\u0113ga: 10 mm<\/span><\/li>\n<li><span style=\"color: #000000;\">viens z\u012bmogs<\/span><\/li>\n<li><span style=\"color: #000000;\">visliel\u0101k\u0101 necaurlaid\u012bba<\/span><\/li>\n<li><span style=\"color: #000000;\">Kalamitka SWG, PRE, FWG, FPRE<\/span><\/li>\n<\/ul>\n<\/div>\n<\/div>\n<\/div>\n<\/div>\n<\/div>\n<\/div>\n\t\t\t\t\t\t\t\t<\/div>\n\t\t\t\t<\/div>\n\t\t\t\t\t<\/div>\n\t\t<\/div>\n\t\t\t\t<div class=\"elementor-column elementor-col-50 elementor-inner-column elementor-element elementor-element-feef1d0\" data-id=\"feef1d0\" data-element_type=\"column\" data-e-type=\"column\">\n\t\t\t<div class=\"elementor-widget-wrap elementor-element-populated\">\n\t\t\t\t\t\t<div class=\"elementor-element elementor-element-af4cb4b elementor-widget elementor-widget-image\" data-id=\"af4cb4b\" data-element_type=\"widget\" data-e-type=\"widget\" data-widget_type=\"image.default\">\n\t\t\t\t<div class=\"elementor-widget-container\">\n\t\t\t\t\t\t\t\t\t\t\t\t\t\t\t<img decoding=\"async\" width=\"800\" height=\"600\" src=\"https:\/\/www.pakery.pl\/wp-content\/uploads\/2021\/04\/PI-SPH-8-80SWG.gif\" class=\"attachment-large size-large wp-image-21008\" alt=\"\" \/>\t\t\t\t\t\t\t\t\t\t\t\t\t\t\t<\/div>\n\t\t\t\t<\/div>\n\t\t\t\t\t<\/div>\n\t\t<\/div>\n\t\t\t\t\t<\/div>\n\t\t<\/section>\n\t\t\t\t\t<\/div>\n\t\t<\/div>\n\t\t\t\t\t<\/div>\n\t\t<\/section>\n\t\t\t\t<section class=\"elementor-section elementor-top-section elementor-element elementor-element-f991f30 elementor-section-full_width elementor-section-height-default elementor-section-height-default\" data-id=\"f991f30\" data-element_type=\"section\" data-e-type=\"section\">\n\t\t\t\t\t\t<div class=\"elementor-container elementor-column-gap-default\">\n\t\t\t\t\t<div class=\"elementor-column elementor-col-100 elementor-top-column elementor-element elementor-element-88aae2a\" data-id=\"88aae2a\" data-element_type=\"column\" data-e-type=\"column\">\n\t\t\t<div class=\"elementor-widget-wrap elementor-element-populated\">\n\t\t\t\t\t\t<div class=\"elementor-element elementor-element-05822ae elementor-widget elementor-widget-text-editor\" data-id=\"05822ae\" data-element_type=\"widget\" data-e-type=\"widget\" data-widget_type=\"text-editor.default\">\n\t\t\t\t<div class=\"elementor-widget-container\">\n\t\t\t\t\t\t\t\t\t<p><span style=\"color: #000000;\"><strong>Speci\u0101lie HAMMPACK kalend\u0101ri<\/strong> &#8211; tie ir speci\u0101lie v\u0101rsti, kas sp\u0113j notur\u0113t un barot injekciju bez maz\u0101kiem materi\u0101la zudumiem (neatkar\u012bgi no t\u0101, vai tie ir \u013coti zemas viskozit\u0101tes iesmidzin\u0101\u0161anas sve\u0137i, akrila \u017eeleja vai \u013coti putojo\u0161i poliuret\u0101na sve\u0137i). Vi\u0146i lieliski saglab\u0101 pretspiedienu. V\u0101rdu sakot, tie neizpl\u016bst.<\/span><\/p>\n<p><span style=\"color: #000000;\"><strong>Kalamitki tipa PRE, FPRE<\/strong> &#8211; kalam\u012btu pavedieni, kas iepriek\u0161 uzkl\u0101ti ar p\u0101rkl\u0101jumu, \u013cauj sasprindzin\u0101t kalam\u012btus p\u0113c sve\u0137u izpl\u016b\u0161anas no iepakot\u0101ja, lai atgaisotu un kontrol\u0113tu injekciju. Pirms uzkl\u0101\u0161anas sl\u0101nis nekav\u0113joties nosl\u0113dz v\u012bt\u0146oto savienojumu, gatavs turpm\u0101kai injekcijai. \u0160\u0101da veida kalam\u012bts tiek pieg\u0101d\u0101ts nepiespr\u0101dz\u0113ts in\u017eektor\u0101.<\/span><\/p>\n<p><span style=\"color: #000000;\"><strong>Kalamitki SWG un PRE<\/strong> &#8211; t\u0101s ir skr\u016bves, kas meh\u0101niski pievilktas iesmidzin\u0101t\u0101j\u0101 kop\u0101 ar anaerob\u0101s l\u012bmes sl\u0101ni. \u0160is savienojums nodro\u0161ina priek\u0161z\u012bm\u012bgu v\u012bt\u0146ot\u0101 savienojuma herm\u0113tiskumu.<\/span><\/p>\n\t\t\t\t\t\t\t\t<\/div>\n\t\t\t\t<\/div>\n\t\t\t\t\t<\/div>\n\t\t<\/div>\n\t\t\t\t\t<\/div>\n\t\t<\/section>\n\t\t\t\t<\/div>\n\t\t","protected":false},"excerpt":{"rendered":"<p><i>In\u017eektora maz\u0101kais diametrs<\/i><b><i> \u012bpa\u0161iem uzdevumiem.<\/i><\/b><\/p>\n","protected":false},"featured_media":21001,"template":"","meta":{"_acf_changed":false},"product_brand":[],"product_cat":[964],"product_tag":[],"class_list":{"0":"post-21000","1":"product","2":"type-product","3":"status-publish","4":"has-post-thumbnail","6":"product_cat-iepakotaji-hammpack-steel","7":"pa_rodzaj-kalamitki-fwg-lv","8":"pa_rodzaj-kalamitki-pre-lv","9":"pa_rodzaj-kalamitki-swg-lv","11":"first","12":"instock","13":"taxable","14":"shipping-taxable","15":"purchasable","16":"product-type-variable","17":"has-default-attributes"},"acf":[],"yoast_head":"<!-- This site is optimized with the Yoast SEO plugin v27.3 - https:\/\/yoast.com\/product\/yoast-seo-wordpress\/ -->\n<title>Iesmidzin\u0101t\u0101js | Iesmidzin\u0101t\u0101js PI -SPH 8\/80 - PAKERY.PL<\/title>\n<meta name=\"description\" content=\"Augst\u0101k\u0101s kvalit\u0101tes iesmidzin\u0101t\u0101ji. Hammpack iesmidzin\u0101t\u0101ji garant\u0113 perfektu herm\u0113tiskumu. Izv\u0113lies savu kalamitkas veidu!\" \/>\n<meta name=\"robots\" content=\"index, follow, max-snippet:-1, max-image-preview:large, max-video-preview:-1\" \/>\n<link rel=\"canonical\" href=\"https:\/\/www.pakery.pl\/lv\/produkt\/iesmidzinatajs-pi-sph-8-80\/\" \/>\n<meta property=\"og:locale\" content=\"lv_LV\" \/>\n<meta property=\"og:type\" content=\"article\" \/>\n<meta property=\"og:title\" content=\"Iesmidzin\u0101t\u0101js | Iesmidzin\u0101t\u0101js PI -SPH 8\/80 - PAKERY.PL\" \/>\n<meta property=\"og:description\" content=\"Augst\u0101k\u0101s kvalit\u0101tes iesmidzin\u0101t\u0101ji. Hammpack iesmidzin\u0101t\u0101ji garant\u0113 perfektu herm\u0113tiskumu. Izv\u0113lies savu kalamitkas veidu!\" \/>\n<meta property=\"og:url\" content=\"https:\/\/www.pakery.pl\/lv\/produkt\/iesmidzinatajs-pi-sph-8-80\/\" \/>\n<meta property=\"og:site_name\" content=\"PAKERY.PL\" \/>\n<meta property=\"article:modified_time\" content=\"2021-08-11T12:04:26+00:00\" \/>\n<meta property=\"og:image\" content=\"https:\/\/www.pakery.pl\/wp-content\/uploads\/2021\/04\/foto-8-SPH--1024x1024.png\" \/>\n\t<meta property=\"og:image:width\" content=\"1024\" \/>\n\t<meta property=\"og:image:height\" content=\"1024\" \/>\n\t<meta property=\"og:image:type\" content=\"image\/png\" \/>\n<meta name=\"twitter:card\" content=\"summary_large_image\" \/>\n<meta name=\"twitter:label1\" content=\"Est. reading time\" \/>\n\t<meta name=\"twitter:data1\" content=\"2 minutes\" \/>\n<script type=\"application\/ld+json\" class=\"yoast-schema-graph\">{\"@context\":\"https:\\\/\\\/schema.org\",\"@graph\":[{\"@type\":\"WebPage\",\"@id\":\"https:\\\/\\\/www.pakery.pl\\\/lv\\\/produkt\\\/iesmidzinatajs-pi-sph-8-80\\\/\",\"url\":\"https:\\\/\\\/www.pakery.pl\\\/lv\\\/produkt\\\/iesmidzinatajs-pi-sph-8-80\\\/\",\"name\":\"Iesmidzin\u0101t\u0101js | Iesmidzin\u0101t\u0101js PI -SPH 8\\\/80 - PAKERY.PL\",\"isPartOf\":{\"@id\":\"https:\\\/\\\/www.pakery.pl\\\/lv\\\/#website\"},\"primaryImageOfPage\":{\"@id\":\"https:\\\/\\\/www.pakery.pl\\\/lv\\\/produkt\\\/iesmidzinatajs-pi-sph-8-80\\\/#primaryimage\"},\"image\":{\"@id\":\"https:\\\/\\\/www.pakery.pl\\\/lv\\\/produkt\\\/iesmidzinatajs-pi-sph-8-80\\\/#primaryimage\"},\"thumbnailUrl\":\"https:\\\/\\\/www.pakery.pl\\\/wp-content\\\/uploads\\\/2021\\\/04\\\/foto-8-SPH-.png\",\"datePublished\":\"2021-08-11T12:00:39+00:00\",\"dateModified\":\"2021-08-11T12:04:26+00:00\",\"description\":\"Augst\u0101k\u0101s kvalit\u0101tes iesmidzin\u0101t\u0101ji. Hammpack iesmidzin\u0101t\u0101ji garant\u0113 perfektu herm\u0113tiskumu. Izv\u0113lies savu kalamitkas veidu!\",\"breadcrumb\":{\"@id\":\"https:\\\/\\\/www.pakery.pl\\\/lv\\\/produkt\\\/iesmidzinatajs-pi-sph-8-80\\\/#breadcrumb\"},\"inLanguage\":\"lv-LV\",\"potentialAction\":[{\"@type\":\"ReadAction\",\"target\":[\"https:\\\/\\\/www.pakery.pl\\\/lv\\\/produkt\\\/iesmidzinatajs-pi-sph-8-80\\\/\"]}]},{\"@type\":\"ImageObject\",\"inLanguage\":\"lv-LV\",\"@id\":\"https:\\\/\\\/www.pakery.pl\\\/lv\\\/produkt\\\/iesmidzinatajs-pi-sph-8-80\\\/#primaryimage\",\"url\":\"https:\\\/\\\/www.pakery.pl\\\/wp-content\\\/uploads\\\/2021\\\/04\\\/foto-8-SPH-.png\",\"contentUrl\":\"https:\\\/\\\/www.pakery.pl\\\/wp-content\\\/uploads\\\/2021\\\/04\\\/foto-8-SPH-.png\",\"width\":2500,\"height\":2500,\"caption\":\"injekcijas iepakot\u0101js injekcijas iepakot\u0101js injekcijas iepakot\u0101js injekcijas iepakot\u0101js\"},{\"@type\":\"BreadcrumbList\",\"@id\":\"https:\\\/\\\/www.pakery.pl\\\/lv\\\/produkt\\\/iesmidzinatajs-pi-sph-8-80\\\/#breadcrumb\",\"itemListElement\":[{\"@type\":\"ListItem\",\"position\":1,\"name\":\"Strona g\u0142\u00f3wna\",\"item\":\"https:\\\/\\\/www.pakery.pl\\\/lv\\\/\"},{\"@type\":\"ListItem\",\"position\":2,\"name\":\"Veikals\",\"item\":\"https:\\\/\\\/www.pakery.pl\\\/lv\\\/veikals\\\/\"},{\"@type\":\"ListItem\",\"position\":3,\"name\":\"Iesmidzin\u0101t\u0101js PI-SPH 8\\\/80\"}]},{\"@type\":\"WebSite\",\"@id\":\"https:\\\/\\\/www.pakery.pl\\\/lv\\\/#website\",\"url\":\"https:\\\/\\\/www.pakery.pl\\\/lv\\\/\",\"name\":\"Pakery.pl\",\"description\":\"Pakery iniekcyjne, Kotwy spiralne, Lance iniekcyjne, W\u0119\u017ce do iniekcji, Pompy iniekcyjne, Serwis pomp iniekcyjnych, Wynajem pomp do iniekcji\",\"publisher\":{\"@id\":\"https:\\\/\\\/www.pakery.pl\\\/lv\\\/#organization\"},\"potentialAction\":[{\"@type\":\"SearchAction\",\"target\":{\"@type\":\"EntryPoint\",\"urlTemplate\":\"https:\\\/\\\/www.pakery.pl\\\/lv\\\/?s={search_term_string}\"},\"query-input\":{\"@type\":\"PropertyValueSpecification\",\"valueRequired\":true,\"valueName\":\"search_term_string\"}}],\"inLanguage\":\"lv-LV\"},{\"@type\":\"Organization\",\"@id\":\"https:\\\/\\\/www.pakery.pl\\\/lv\\\/#organization\",\"name\":\"PAKERY.PL\",\"url\":\"https:\\\/\\\/www.pakery.pl\\\/lv\\\/\",\"logo\":{\"@type\":\"ImageObject\",\"inLanguage\":\"lv-LV\",\"@id\":\"https:\\\/\\\/www.pakery.pl\\\/lv\\\/#\\\/schema\\\/logo\\\/image\\\/\",\"url\":\"https:\\\/\\\/www.pakery.pl\\\/wp-content\\\/uploads\\\/2021\\\/04\\\/cropped-PAKERY-LOGO.png\",\"contentUrl\":\"https:\\\/\\\/www.pakery.pl\\\/wp-content\\\/uploads\\\/2021\\\/04\\\/cropped-PAKERY-LOGO.png\",\"width\":1529,\"height\":500,\"caption\":\"PAKERY.PL\"},\"image\":{\"@id\":\"https:\\\/\\\/www.pakery.pl\\\/lv\\\/#\\\/schema\\\/logo\\\/image\\\/\"}}]}<\/script>\n<!-- \/ Yoast SEO plugin. -->","yoast_head_json":{"title":"Iesmidzin\u0101t\u0101js | Iesmidzin\u0101t\u0101js PI -SPH 8\/80 - PAKERY.PL","description":"Augst\u0101k\u0101s kvalit\u0101tes iesmidzin\u0101t\u0101ji. Hammpack iesmidzin\u0101t\u0101ji garant\u0113 perfektu herm\u0113tiskumu. Izv\u0113lies savu kalamitkas veidu!","robots":{"index":"index","follow":"follow","max-snippet":"max-snippet:-1","max-image-preview":"max-image-preview:large","max-video-preview":"max-video-preview:-1"},"canonical":"https:\/\/www.pakery.pl\/lv\/produkt\/iesmidzinatajs-pi-sph-8-80\/","og_locale":"lv_LV","og_type":"article","og_title":"Iesmidzin\u0101t\u0101js | Iesmidzin\u0101t\u0101js PI -SPH 8\/80 - PAKERY.PL","og_description":"Augst\u0101k\u0101s kvalit\u0101tes iesmidzin\u0101t\u0101ji. Hammpack iesmidzin\u0101t\u0101ji garant\u0113 perfektu herm\u0113tiskumu. Izv\u0113lies savu kalamitkas veidu!","og_url":"https:\/\/www.pakery.pl\/lv\/produkt\/iesmidzinatajs-pi-sph-8-80\/","og_site_name":"PAKERY.PL","article_modified_time":"2021-08-11T12:04:26+00:00","og_image":[{"width":1024,"height":1024,"url":"https:\/\/www.pakery.pl\/wp-content\/uploads\/2021\/04\/foto-8-SPH--1024x1024.png","type":"image\/png"}],"twitter_card":"summary_large_image","twitter_misc":{"Est. reading time":"2 minutes"},"schema":{"@context":"https:\/\/schema.org","@graph":[{"@type":"WebPage","@id":"https:\/\/www.pakery.pl\/lv\/produkt\/iesmidzinatajs-pi-sph-8-80\/","url":"https:\/\/www.pakery.pl\/lv\/produkt\/iesmidzinatajs-pi-sph-8-80\/","name":"Iesmidzin\u0101t\u0101js | Iesmidzin\u0101t\u0101js PI -SPH 8\/80 - PAKERY.PL","isPartOf":{"@id":"https:\/\/www.pakery.pl\/lv\/#website"},"primaryImageOfPage":{"@id":"https:\/\/www.pakery.pl\/lv\/produkt\/iesmidzinatajs-pi-sph-8-80\/#primaryimage"},"image":{"@id":"https:\/\/www.pakery.pl\/lv\/produkt\/iesmidzinatajs-pi-sph-8-80\/#primaryimage"},"thumbnailUrl":"https:\/\/www.pakery.pl\/wp-content\/uploads\/2021\/04\/foto-8-SPH-.png","datePublished":"2021-08-11T12:00:39+00:00","dateModified":"2021-08-11T12:04:26+00:00","description":"Augst\u0101k\u0101s kvalit\u0101tes iesmidzin\u0101t\u0101ji. Hammpack iesmidzin\u0101t\u0101ji garant\u0113 perfektu herm\u0113tiskumu. Izv\u0113lies savu kalamitkas veidu!","breadcrumb":{"@id":"https:\/\/www.pakery.pl\/lv\/produkt\/iesmidzinatajs-pi-sph-8-80\/#breadcrumb"},"inLanguage":"lv-LV","potentialAction":[{"@type":"ReadAction","target":["https:\/\/www.pakery.pl\/lv\/produkt\/iesmidzinatajs-pi-sph-8-80\/"]}]},{"@type":"ImageObject","inLanguage":"lv-LV","@id":"https:\/\/www.pakery.pl\/lv\/produkt\/iesmidzinatajs-pi-sph-8-80\/#primaryimage","url":"https:\/\/www.pakery.pl\/wp-content\/uploads\/2021\/04\/foto-8-SPH-.png","contentUrl":"https:\/\/www.pakery.pl\/wp-content\/uploads\/2021\/04\/foto-8-SPH-.png","width":2500,"height":2500,"caption":"injekcijas iepakot\u0101js injekcijas iepakot\u0101js injekcijas iepakot\u0101js injekcijas iepakot\u0101js"},{"@type":"BreadcrumbList","@id":"https:\/\/www.pakery.pl\/lv\/produkt\/iesmidzinatajs-pi-sph-8-80\/#breadcrumb","itemListElement":[{"@type":"ListItem","position":1,"name":"Strona g\u0142\u00f3wna","item":"https:\/\/www.pakery.pl\/lv\/"},{"@type":"ListItem","position":2,"name":"Veikals","item":"https:\/\/www.pakery.pl\/lv\/veikals\/"},{"@type":"ListItem","position":3,"name":"Iesmidzin\u0101t\u0101js PI-SPH 8\/80"}]},{"@type":"WebSite","@id":"https:\/\/www.pakery.pl\/lv\/#website","url":"https:\/\/www.pakery.pl\/lv\/","name":"Pakery.pl","description":"Pakery iniekcyjne, Kotwy spiralne, Lance iniekcyjne, W\u0119\u017ce do iniekcji, Pompy iniekcyjne, Serwis pomp iniekcyjnych, Wynajem pomp do iniekcji","publisher":{"@id":"https:\/\/www.pakery.pl\/lv\/#organization"},"potentialAction":[{"@type":"SearchAction","target":{"@type":"EntryPoint","urlTemplate":"https:\/\/www.pakery.pl\/lv\/?s={search_term_string}"},"query-input":{"@type":"PropertyValueSpecification","valueRequired":true,"valueName":"search_term_string"}}],"inLanguage":"lv-LV"},{"@type":"Organization","@id":"https:\/\/www.pakery.pl\/lv\/#organization","name":"PAKERY.PL","url":"https:\/\/www.pakery.pl\/lv\/","logo":{"@type":"ImageObject","inLanguage":"lv-LV","@id":"https:\/\/www.pakery.pl\/lv\/#\/schema\/logo\/image\/","url":"https:\/\/www.pakery.pl\/wp-content\/uploads\/2021\/04\/cropped-PAKERY-LOGO.png","contentUrl":"https:\/\/www.pakery.pl\/wp-content\/uploads\/2021\/04\/cropped-PAKERY-LOGO.png","width":1529,"height":500,"caption":"PAKERY.PL"},"image":{"@id":"https:\/\/www.pakery.pl\/lv\/#\/schema\/logo\/image\/"}}]}},"_links":{"self":[{"href":"https:\/\/www.pakery.pl\/lv\/wp-json\/wp\/v2\/product\/21000","targetHints":{"allow":["GET"]}}],"collection":[{"href":"https:\/\/www.pakery.pl\/lv\/wp-json\/wp\/v2\/product"}],"about":[{"href":"https:\/\/www.pakery.pl\/lv\/wp-json\/wp\/v2\/types\/product"}],"version-history":[{"count":3,"href":"https:\/\/www.pakery.pl\/lv\/wp-json\/wp\/v2\/product\/21000\/revisions"}],"predecessor-version":[{"id":21045,"href":"https:\/\/www.pakery.pl\/lv\/wp-json\/wp\/v2\/product\/21000\/revisions\/21045"}],"wp:featuredmedia":[{"embeddable":true,"href":"https:\/\/www.pakery.pl\/lv\/wp-json\/wp\/v2\/media\/21001"}],"wp:attachment":[{"href":"https:\/\/www.pakery.pl\/lv\/wp-json\/wp\/v2\/media?parent=21000"}],"wp:term":[{"taxonomy":"product_brand","embeddable":true,"href":"https:\/\/www.pakery.pl\/lv\/wp-json\/wp\/v2\/product_brand?post=21000"},{"taxonomy":"product_cat","embeddable":true,"href":"https:\/\/www.pakery.pl\/lv\/wp-json\/wp\/v2\/product_cat?post=21000"},{"taxonomy":"product_tag","embeddable":true,"href":"https:\/\/www.pakery.pl\/lv\/wp-json\/wp\/v2\/product_tag?post=21000"}],"curies":[{"name":"wp","href":"https:\/\/api.w.org\/{rel}","templated":true}]}}