{"id":20667,"date":"2021-06-21T10:29:24","date_gmt":"2021-08-11T11:57:58","guid":{"rendered":"https:\/\/www.pakery.pl\/produkt\/iepakojums-10-mm-iesmidzinasanas-slutenu-uzpildisanai\/"},"modified":"2021-08-11T13:58:01","modified_gmt":"2021-08-11T11:58:01","slug":"iepakojums-10-mm-iesmidzinasanas-slutenu-uzpildisanai","status":"publish","type":"product","link":"https:\/\/www.pakery.pl\/lv\/produkt\/iepakojums-10-mm-iesmidzinasanas-slutenu-uzpildisanai\/","title":{"rendered":"Iepakojums 10 mm iesmidzin\u0101\u0161anas \u0161\u013c\u016bte\u0146u uzpild\u012b\u0161anai"},"content":{"rendered":"\t\t<div data-elementor-type=\"product-post\" data-elementor-id=\"20667\" class=\"elementor elementor-20667 elementor-4776\" data-elementor-post-type=\"product\">\n\t\t\t\t\t\t<section class=\"elementor-section elementor-top-section elementor-element elementor-element-4a6b40fb elementor-section-boxed elementor-section-height-default elementor-section-height-default\" data-id=\"4a6b40fb\" data-element_type=\"section\" data-e-type=\"section\">\n\t\t\t\t\t\t<div class=\"elementor-container elementor-column-gap-default\">\n\t\t\t\t\t<div class=\"elementor-column elementor-col-100 elementor-top-column elementor-element elementor-element-697e8798\" data-id=\"697e8798\" data-element_type=\"column\" data-e-type=\"column\">\n\t\t\t<div class=\"elementor-widget-wrap elementor-element-populated\">\n\t\t\t\t\t\t<div class=\"elementor-element elementor-element-315faae elementor-widget elementor-widget-text-editor\" data-id=\"315faae\" data-element_type=\"widget\" data-e-type=\"widget\" data-widget_type=\"text-editor.default\">\n\t\t\t\t<div class=\"elementor-widget-container\">\n\t\t\t\t\t\t\t\t\t<p><span style=\"color: #000000;\">HO-END 8 ir augst\u0101k\u0101s kvalit\u0101tes iesmidzin\u0101t\u0101ji iesmidzin\u0101\u0161anas \u0161\u013c\u016bte\u0146u uzpild\u012b\u0161anai. \u0160\u013c\u016btene nesl\u012bd speci\u0101li ier\u012bkota izpl\u016bdes atvere. Lai saglab\u0101tu p\u0113c iesp\u0113jas augst\u0101ku sist\u0113mas herm\u0113tiskumu, ieteicams izmantot 15-18 mm binaur\u0101los aizb\u0101\u017e\u0146us<\/span><\/p>\n<p><span style=\"color: #000000;\">\u0160\u013c\u016bte\u0146u iesmidzin\u0101t\u0101js tiek p\u0101rdots atsevi\u0161\u0137i vai versij\u0101 ar plakanu vai konisku skavu ar v\u012btnes p\u0101rkl\u0101juma iepriek\u0161\u0113ju uzkl\u0101\u0161anu. Iepriek\u0161\u0113ja uzkl\u0101\u0161ana aizz\u012bmogo kalam\u012btu t\u016bl\u012bt p\u0113c ieskr\u016bv\u0113\u0161anas. \u0160\u012b sist\u0113ma \u013cauj nov\u0113rot iesmidzin\u0101\u0161anas pl\u016bsmu.<\/span><\/p>\n<p><span style=\"color: #000000;\">P\u0113c klienta skaidra piepras\u012bjuma m\u0113s ar ma\u0161\u012bnu pievelkam nelaimes.<\/span><\/p>\n\t\t\t\t\t\t\t\t<\/div>\n\t\t\t\t<\/div>\n\t\t\t\t<section class=\"elementor-section elementor-inner-section elementor-element elementor-element-6aaf61b elementor-section-boxed elementor-section-height-default elementor-section-height-default\" data-id=\"6aaf61b\" data-element_type=\"section\" data-e-type=\"section\">\n\t\t\t\t\t\t<div class=\"elementor-container elementor-column-gap-default\">\n\t\t\t\t\t<div class=\"elementor-column elementor-col-50 elementor-inner-column elementor-element elementor-element-d7bcdd3\" data-id=\"d7bcdd3\" data-element_type=\"column\" data-e-type=\"column\">\n\t\t\t<div class=\"elementor-widget-wrap elementor-element-populated\">\n\t\t\t\t\t\t<div class=\"elementor-element elementor-element-c7c9273 elementor-align-center elementor-widget elementor-widget-button\" data-id=\"c7c9273\" data-element_type=\"widget\" data-e-type=\"widget\" data-widget_type=\"button.default\">\n\t\t\t\t<div class=\"elementor-widget-container\">\n\t\t\t\t\t\t\t\t\t<div class=\"elementor-button-wrapper\">\n\t\t\t\t\t<a class=\"elementor-button elementor-button-link elementor-size-sm\" href=\"https:\/\/www.pakery.pl\/produkt\/cybant-zacisk-dwuuszny-na-weze-iniekcyjne\/\">\n\t\t\t\t\t\t<span class=\"elementor-button-content-wrapper\">\n\t\t\t\t\t\t\t\t\t<span class=\"elementor-button-text\">Izv\u0113lieties cybant <\/span>\n\t\t\t\t\t<\/span>\n\t\t\t\t\t<\/a>\n\t\t\t\t<\/div>\n\t\t\t\t\t\t\t\t<\/div>\n\t\t\t\t<\/div>\n\t\t\t\t\t<\/div>\n\t\t<\/div>\n\t\t\t\t<div class=\"elementor-column elementor-col-50 elementor-inner-column elementor-element elementor-element-6981aa4\" data-id=\"6981aa4\" data-element_type=\"column\" data-e-type=\"column\">\n\t\t\t<div class=\"elementor-widget-wrap elementor-element-populated\">\n\t\t\t\t\t\t<div class=\"elementor-element elementor-element-7ba36cd elementor-widget elementor-widget-image\" data-id=\"7ba36cd\" data-element_type=\"widget\" data-e-type=\"widget\" data-widget_type=\"image.default\">\n\t\t\t\t<div class=\"elementor-widget-container\">\n\t\t\t\t\t\t\t\t\t\t\t\t\t\t\t<img decoding=\"async\" width=\"150\" height=\"150\" src=\"https:\/\/www.pakery.pl\/wp-content\/uploads\/2021\/06\/cybant-15-150x150.png\" class=\"attachment-thumbnail size-thumbnail wp-image-20577\" alt=\"\" srcset=\"https:\/\/www.pakery.pl\/wp-content\/uploads\/2021\/06\/cybant-15-150x150.png 150w, https:\/\/www.pakery.pl\/wp-content\/uploads\/2021\/06\/cybant-15-110x110.png 110w\" sizes=\"(max-width: 150px) 100vw, 150px\" \/>\t\t\t\t\t\t\t\t\t\t\t\t\t\t\t<\/div>\n\t\t\t\t<\/div>\n\t\t\t\t\t<\/div>\n\t\t<\/div>\n\t\t\t\t\t<\/div>\n\t\t<\/section>\n\t\t\t\t\t<\/div>\n\t\t<\/div>\n\t\t\t\t\t<\/div>\n\t\t<\/section>\n\t\t\t\t<\/div>\n\t\t","protected":false},"excerpt":{"rendered":"<p>HO-END 8 to najwy\u017cszej jako\u015bci pakery iniekcyjne do wype\u0142niania w\u0119\u017cy iniekcyjnych. Specjalnie u\u0142o\u017cony wychwyt zapobiega zsuwaniu si\u0119 w\u0119\u017ca. W celu utrzymania jak najwy\u017cszej szczelno\u015bci uk\u0142adu zaleca si\u0119 stosowanie cybant\u00f3w dwuusznych 15-18 mm Paker iniekcyjny do w\u0119\u017cy sprzedawany jest osobno, lub w wersji z kalamitk\u0105 p\u0142ask\u0105 lub sto\u017ckow\u0105 z preaplikacj\u0105 pow\u0142okow\u0105 gwintu. Preaplikacja doszczelnia kalamitk\u0119 od [&hellip;]<\/p>\n","protected":false},"featured_media":20669,"template":"","meta":{"_acf_changed":false},"product_brand":[],"product_cat":[955],"product_tag":[],"class_list":{"0":"post-20667","1":"product","2":"type-product","3":"status-publish","4":"has-post-thumbnail","6":"product_cat-iesmidzinasanas-slutenes","7":"pa_rodzaj-kalamitki-fpre-lv","8":"pa_rodzaj-kalamitki-fwg-lv","9":"pa_rodzaj-kalamitki-pre-lv","10":"pa_rodzaj-kalamitki-swg-lv","12":"first","13":"instock","14":"taxable","15":"shipping-taxable","16":"purchasable","17":"product-type-variable","18":"has-default-attributes"},"acf":[],"yoast_head":"<!-- This site is optimized with the Yoast SEO plugin v27.3 - https:\/\/yoast.com\/product\/yoast-seo-wordpress\/ -->\n<title>Iepakojums 10 mm iesmidzin\u0101\u0161anas \u0161\u013c\u016bte\u0146u uzpild\u012b\u0161anai - PAKERY.PL<\/title>\n<meta name=\"description\" content=\"Iepakojums 10 mm iesmidzin\u0101\u0161anas \u0161\u013c\u016bte\u0146u uzpild\u012b\u0161anai | Injekcijas \u0161\u013c\u016btenes\" \/>\n<meta name=\"robots\" content=\"index, follow, max-snippet:-1, max-image-preview:large, max-video-preview:-1\" \/>\n<link rel=\"canonical\" href=\"https:\/\/www.pakery.pl\/lv\/produkt\/iepakojums-10-mm-iesmidzinasanas-slutenu-uzpildisanai\/\" \/>\n<meta property=\"og:locale\" content=\"lv_LV\" \/>\n<meta property=\"og:type\" content=\"article\" \/>\n<meta property=\"og:title\" content=\"Iepakojums 10 mm iesmidzin\u0101\u0161anas \u0161\u013c\u016bte\u0146u uzpild\u012b\u0161anai - PAKERY.PL\" \/>\n<meta property=\"og:description\" content=\"Iepakojums 10 mm iesmidzin\u0101\u0161anas \u0161\u013c\u016bte\u0146u uzpild\u012b\u0161anai | Injekcijas \u0161\u013c\u016btenes\" \/>\n<meta property=\"og:url\" content=\"https:\/\/www.pakery.pl\/lv\/produkt\/iepakojums-10-mm-iesmidzinasanas-slutenu-uzpildisanai\/\" \/>\n<meta property=\"og:site_name\" content=\"PAKERY.PL\" \/>\n<meta property=\"article:modified_time\" content=\"2021-08-11T11:58:01+00:00\" \/>\n<meta property=\"og:image\" content=\"https:\/\/www.pakery.pl\/wp-content\/uploads\/2021\/06\/PAKER-17-of-17-1024x1024.png\" \/>\n\t<meta property=\"og:image:width\" content=\"1024\" \/>\n\t<meta property=\"og:image:height\" content=\"1024\" \/>\n\t<meta property=\"og:image:type\" content=\"image\/png\" \/>\n<meta name=\"twitter:card\" content=\"summary_large_image\" \/>\n<script type=\"application\/ld+json\" class=\"yoast-schema-graph\">{\"@context\":\"https:\\\/\\\/schema.org\",\"@graph\":[{\"@type\":\"WebPage\",\"@id\":\"https:\\\/\\\/www.pakery.pl\\\/lv\\\/produkt\\\/iepakojums-10-mm-iesmidzinasanas-slutenu-uzpildisanai\\\/\",\"url\":\"https:\\\/\\\/www.pakery.pl\\\/lv\\\/produkt\\\/iepakojums-10-mm-iesmidzinasanas-slutenu-uzpildisanai\\\/\",\"name\":\"Iepakojums 10 mm iesmidzin\u0101\u0161anas \u0161\u013c\u016bte\u0146u uzpild\u012b\u0161anai - PAKERY.PL\",\"isPartOf\":{\"@id\":\"https:\\\/\\\/www.pakery.pl\\\/lv\\\/#website\"},\"primaryImageOfPage\":{\"@id\":\"https:\\\/\\\/www.pakery.pl\\\/lv\\\/produkt\\\/iepakojums-10-mm-iesmidzinasanas-slutenu-uzpildisanai\\\/#primaryimage\"},\"image\":{\"@id\":\"https:\\\/\\\/www.pakery.pl\\\/lv\\\/produkt\\\/iepakojums-10-mm-iesmidzinasanas-slutenu-uzpildisanai\\\/#primaryimage\"},\"thumbnailUrl\":\"https:\\\/\\\/www.pakery.pl\\\/wp-content\\\/uploads\\\/2021\\\/06\\\/PAKER-17-of-17.png\",\"datePublished\":\"2021-08-11T11:57:58+00:00\",\"dateModified\":\"2021-08-11T11:58:01+00:00\",\"description\":\"Iepakojums 10 mm iesmidzin\u0101\u0161anas \u0161\u013c\u016bte\u0146u uzpild\u012b\u0161anai | Injekcijas \u0161\u013c\u016btenes\",\"breadcrumb\":{\"@id\":\"https:\\\/\\\/www.pakery.pl\\\/lv\\\/produkt\\\/iepakojums-10-mm-iesmidzinasanas-slutenu-uzpildisanai\\\/#breadcrumb\"},\"inLanguage\":\"lv-LV\",\"potentialAction\":[{\"@type\":\"ReadAction\",\"target\":[\"https:\\\/\\\/www.pakery.pl\\\/lv\\\/produkt\\\/iepakojums-10-mm-iesmidzinasanas-slutenu-uzpildisanai\\\/\"]}]},{\"@type\":\"ImageObject\",\"inLanguage\":\"lv-LV\",\"@id\":\"https:\\\/\\\/www.pakery.pl\\\/lv\\\/produkt\\\/iepakojums-10-mm-iesmidzinasanas-slutenu-uzpildisanai\\\/#primaryimage\",\"url\":\"https:\\\/\\\/www.pakery.pl\\\/wp-content\\\/uploads\\\/2021\\\/06\\\/PAKER-17-of-17.png\",\"contentUrl\":\"https:\\\/\\\/www.pakery.pl\\\/wp-content\\\/uploads\\\/2021\\\/06\\\/PAKER-17-of-17.png\",\"width\":2500,\"height\":2500,\"caption\":\"Iepakojums injekciju \u0161\u013c\u016bten\u0113m\"},{\"@type\":\"BreadcrumbList\",\"@id\":\"https:\\\/\\\/www.pakery.pl\\\/lv\\\/produkt\\\/iepakojums-10-mm-iesmidzinasanas-slutenu-uzpildisanai\\\/#breadcrumb\",\"itemListElement\":[{\"@type\":\"ListItem\",\"position\":1,\"name\":\"Strona g\u0142\u00f3wna\",\"item\":\"https:\\\/\\\/www.pakery.pl\\\/lv\\\/\"},{\"@type\":\"ListItem\",\"position\":2,\"name\":\"Veikals\",\"item\":\"https:\\\/\\\/www.pakery.pl\\\/lv\\\/veikals\\\/\"},{\"@type\":\"ListItem\",\"position\":3,\"name\":\"Iepakojums 10 mm iesmidzin\u0101\u0161anas \u0161\u013c\u016bte\u0146u uzpild\u012b\u0161anai\"}]},{\"@type\":\"WebSite\",\"@id\":\"https:\\\/\\\/www.pakery.pl\\\/lv\\\/#website\",\"url\":\"https:\\\/\\\/www.pakery.pl\\\/lv\\\/\",\"name\":\"Pakery.pl\",\"description\":\"Pakery iniekcyjne, Kotwy spiralne, Lance iniekcyjne, W\u0119\u017ce do iniekcji, Pompy iniekcyjne, Serwis pomp iniekcyjnych, Wynajem pomp do iniekcji\",\"publisher\":{\"@id\":\"https:\\\/\\\/www.pakery.pl\\\/lv\\\/#organization\"},\"potentialAction\":[{\"@type\":\"SearchAction\",\"target\":{\"@type\":\"EntryPoint\",\"urlTemplate\":\"https:\\\/\\\/www.pakery.pl\\\/lv\\\/?s={search_term_string}\"},\"query-input\":{\"@type\":\"PropertyValueSpecification\",\"valueRequired\":true,\"valueName\":\"search_term_string\"}}],\"inLanguage\":\"lv-LV\"},{\"@type\":\"Organization\",\"@id\":\"https:\\\/\\\/www.pakery.pl\\\/lv\\\/#organization\",\"name\":\"PAKERY.PL\",\"url\":\"https:\\\/\\\/www.pakery.pl\\\/lv\\\/\",\"logo\":{\"@type\":\"ImageObject\",\"inLanguage\":\"lv-LV\",\"@id\":\"https:\\\/\\\/www.pakery.pl\\\/lv\\\/#\\\/schema\\\/logo\\\/image\\\/\",\"url\":\"https:\\\/\\\/www.pakery.pl\\\/wp-content\\\/uploads\\\/2021\\\/04\\\/cropped-PAKERY-LOGO.png\",\"contentUrl\":\"https:\\\/\\\/www.pakery.pl\\\/wp-content\\\/uploads\\\/2021\\\/04\\\/cropped-PAKERY-LOGO.png\",\"width\":1529,\"height\":500,\"caption\":\"PAKERY.PL\"},\"image\":{\"@id\":\"https:\\\/\\\/www.pakery.pl\\\/lv\\\/#\\\/schema\\\/logo\\\/image\\\/\"}}]}<\/script>\n<!-- \/ Yoast SEO plugin. -->","yoast_head_json":{"title":"Iepakojums 10 mm iesmidzin\u0101\u0161anas \u0161\u013c\u016bte\u0146u uzpild\u012b\u0161anai - PAKERY.PL","description":"Iepakojums 10 mm iesmidzin\u0101\u0161anas \u0161\u013c\u016bte\u0146u uzpild\u012b\u0161anai | Injekcijas \u0161\u013c\u016btenes","robots":{"index":"index","follow":"follow","max-snippet":"max-snippet:-1","max-image-preview":"max-image-preview:large","max-video-preview":"max-video-preview:-1"},"canonical":"https:\/\/www.pakery.pl\/lv\/produkt\/iepakojums-10-mm-iesmidzinasanas-slutenu-uzpildisanai\/","og_locale":"lv_LV","og_type":"article","og_title":"Iepakojums 10 mm iesmidzin\u0101\u0161anas \u0161\u013c\u016bte\u0146u uzpild\u012b\u0161anai - PAKERY.PL","og_description":"Iepakojums 10 mm iesmidzin\u0101\u0161anas \u0161\u013c\u016bte\u0146u uzpild\u012b\u0161anai | Injekcijas \u0161\u013c\u016btenes","og_url":"https:\/\/www.pakery.pl\/lv\/produkt\/iepakojums-10-mm-iesmidzinasanas-slutenu-uzpildisanai\/","og_site_name":"PAKERY.PL","article_modified_time":"2021-08-11T11:58:01+00:00","og_image":[{"width":1024,"height":1024,"url":"https:\/\/www.pakery.pl\/wp-content\/uploads\/2021\/06\/PAKER-17-of-17-1024x1024.png","type":"image\/png"}],"twitter_card":"summary_large_image","schema":{"@context":"https:\/\/schema.org","@graph":[{"@type":"WebPage","@id":"https:\/\/www.pakery.pl\/lv\/produkt\/iepakojums-10-mm-iesmidzinasanas-slutenu-uzpildisanai\/","url":"https:\/\/www.pakery.pl\/lv\/produkt\/iepakojums-10-mm-iesmidzinasanas-slutenu-uzpildisanai\/","name":"Iepakojums 10 mm iesmidzin\u0101\u0161anas \u0161\u013c\u016bte\u0146u uzpild\u012b\u0161anai - PAKERY.PL","isPartOf":{"@id":"https:\/\/www.pakery.pl\/lv\/#website"},"primaryImageOfPage":{"@id":"https:\/\/www.pakery.pl\/lv\/produkt\/iepakojums-10-mm-iesmidzinasanas-slutenu-uzpildisanai\/#primaryimage"},"image":{"@id":"https:\/\/www.pakery.pl\/lv\/produkt\/iepakojums-10-mm-iesmidzinasanas-slutenu-uzpildisanai\/#primaryimage"},"thumbnailUrl":"https:\/\/www.pakery.pl\/wp-content\/uploads\/2021\/06\/PAKER-17-of-17.png","datePublished":"2021-08-11T11:57:58+00:00","dateModified":"2021-08-11T11:58:01+00:00","description":"Iepakojums 10 mm iesmidzin\u0101\u0161anas \u0161\u013c\u016bte\u0146u uzpild\u012b\u0161anai | Injekcijas \u0161\u013c\u016btenes","breadcrumb":{"@id":"https:\/\/www.pakery.pl\/lv\/produkt\/iepakojums-10-mm-iesmidzinasanas-slutenu-uzpildisanai\/#breadcrumb"},"inLanguage":"lv-LV","potentialAction":[{"@type":"ReadAction","target":["https:\/\/www.pakery.pl\/lv\/produkt\/iepakojums-10-mm-iesmidzinasanas-slutenu-uzpildisanai\/"]}]},{"@type":"ImageObject","inLanguage":"lv-LV","@id":"https:\/\/www.pakery.pl\/lv\/produkt\/iepakojums-10-mm-iesmidzinasanas-slutenu-uzpildisanai\/#primaryimage","url":"https:\/\/www.pakery.pl\/wp-content\/uploads\/2021\/06\/PAKER-17-of-17.png","contentUrl":"https:\/\/www.pakery.pl\/wp-content\/uploads\/2021\/06\/PAKER-17-of-17.png","width":2500,"height":2500,"caption":"Iepakojums injekciju \u0161\u013c\u016bten\u0113m"},{"@type":"BreadcrumbList","@id":"https:\/\/www.pakery.pl\/lv\/produkt\/iepakojums-10-mm-iesmidzinasanas-slutenu-uzpildisanai\/#breadcrumb","itemListElement":[{"@type":"ListItem","position":1,"name":"Strona g\u0142\u00f3wna","item":"https:\/\/www.pakery.pl\/lv\/"},{"@type":"ListItem","position":2,"name":"Veikals","item":"https:\/\/www.pakery.pl\/lv\/veikals\/"},{"@type":"ListItem","position":3,"name":"Iepakojums 10 mm iesmidzin\u0101\u0161anas \u0161\u013c\u016bte\u0146u uzpild\u012b\u0161anai"}]},{"@type":"WebSite","@id":"https:\/\/www.pakery.pl\/lv\/#website","url":"https:\/\/www.pakery.pl\/lv\/","name":"Pakery.pl","description":"Pakery iniekcyjne, Kotwy spiralne, Lance iniekcyjne, W\u0119\u017ce do iniekcji, Pompy iniekcyjne, Serwis pomp iniekcyjnych, Wynajem pomp do iniekcji","publisher":{"@id":"https:\/\/www.pakery.pl\/lv\/#organization"},"potentialAction":[{"@type":"SearchAction","target":{"@type":"EntryPoint","urlTemplate":"https:\/\/www.pakery.pl\/lv\/?s={search_term_string}"},"query-input":{"@type":"PropertyValueSpecification","valueRequired":true,"valueName":"search_term_string"}}],"inLanguage":"lv-LV"},{"@type":"Organization","@id":"https:\/\/www.pakery.pl\/lv\/#organization","name":"PAKERY.PL","url":"https:\/\/www.pakery.pl\/lv\/","logo":{"@type":"ImageObject","inLanguage":"lv-LV","@id":"https:\/\/www.pakery.pl\/lv\/#\/schema\/logo\/image\/","url":"https:\/\/www.pakery.pl\/wp-content\/uploads\/2021\/04\/cropped-PAKERY-LOGO.png","contentUrl":"https:\/\/www.pakery.pl\/wp-content\/uploads\/2021\/04\/cropped-PAKERY-LOGO.png","width":1529,"height":500,"caption":"PAKERY.PL"},"image":{"@id":"https:\/\/www.pakery.pl\/lv\/#\/schema\/logo\/image\/"}}]}},"_links":{"self":[{"href":"https:\/\/www.pakery.pl\/lv\/wp-json\/wp\/v2\/product\/20667","targetHints":{"allow":["GET"]}}],"collection":[{"href":"https:\/\/www.pakery.pl\/lv\/wp-json\/wp\/v2\/product"}],"about":[{"href":"https:\/\/www.pakery.pl\/lv\/wp-json\/wp\/v2\/types\/product"}],"version-history":[{"count":3,"href":"https:\/\/www.pakery.pl\/lv\/wp-json\/wp\/v2\/product\/20667\/revisions"}],"predecessor-version":[{"id":20681,"href":"https:\/\/www.pakery.pl\/lv\/wp-json\/wp\/v2\/product\/20667\/revisions\/20681"}],"wp:featuredmedia":[{"embeddable":true,"href":"https:\/\/www.pakery.pl\/lv\/wp-json\/wp\/v2\/media\/20669"}],"wp:attachment":[{"href":"https:\/\/www.pakery.pl\/lv\/wp-json\/wp\/v2\/media?parent=20667"}],"wp:term":[{"taxonomy":"product_brand","embeddable":true,"href":"https:\/\/www.pakery.pl\/lv\/wp-json\/wp\/v2\/product_brand?post=20667"},{"taxonomy":"product_cat","embeddable":true,"href":"https:\/\/www.pakery.pl\/lv\/wp-json\/wp\/v2\/product_cat?post=20667"},{"taxonomy":"product_tag","embeddable":true,"href":"https:\/\/www.pakery.pl\/lv\/wp-json\/wp\/v2\/product_tag?post=20667"}],"curies":[{"name":"wp","href":"https:\/\/api.w.org\/{rel}","templated":true}]}}