{"id":19940,"date":"2021-08-11T13:44:37","date_gmt":"2021-08-11T11:44:37","guid":{"rendered":"https:\/\/www.pakery.pl\/par-mums\/"},"modified":"2021-10-14T10:50:22","modified_gmt":"2021-10-14T08:50:22","slug":"par-mums","status":"publish","type":"page","link":"https:\/\/www.pakery.pl\/lv\/par-mums\/","title":{"rendered":"Par mums"},"content":{"rendered":"\t\t<div data-elementor-type=\"wp-page\" data-elementor-id=\"19940\" class=\"elementor elementor-19940 elementor-33\" data-elementor-post-type=\"page\">\n\t\t\t\t\t\t<section class=\"elementor-section elementor-top-section elementor-element elementor-element-78aa48a elementor-section-boxed elementor-section-height-default elementor-section-height-default\" data-id=\"78aa48a\" data-element_type=\"section\" data-e-type=\"section\">\n\t\t\t\t\t\t<div class=\"elementor-container elementor-column-gap-default\">\n\t\t\t\t\t<div class=\"elementor-column elementor-col-100 elementor-top-column elementor-element elementor-element-e1039cb\" data-id=\"e1039cb\" data-element_type=\"column\" data-e-type=\"column\">\n\t\t\t<div class=\"elementor-widget-wrap elementor-element-populated\">\n\t\t\t\t\t\t<section class=\"elementor-section elementor-inner-section elementor-element elementor-element-55e95fa elementor-section-boxed elementor-section-height-default elementor-section-height-default\" data-id=\"55e95fa\" data-element_type=\"section\" data-e-type=\"section\">\n\t\t\t\t\t\t<div class=\"elementor-container elementor-column-gap-default\">\n\t\t\t\t\t<div class=\"elementor-column elementor-col-50 elementor-inner-column elementor-element elementor-element-974093a\" data-id=\"974093a\" data-element_type=\"column\" data-e-type=\"column\">\n\t\t\t<div class=\"elementor-widget-wrap elementor-element-populated\">\n\t\t\t\t\t\t<div class=\"elementor-element elementor-element-f8778c7 elementor-widget elementor-widget-video\" data-id=\"f8778c7\" data-element_type=\"widget\" data-e-type=\"widget\" data-settings=\"{&quot;video_type&quot;:&quot;hosted&quot;,&quot;autoplay&quot;:&quot;yes&quot;,&quot;play_on_mobile&quot;:&quot;yes&quot;,&quot;mute&quot;:&quot;yes&quot;,&quot;loop&quot;:&quot;yes&quot;}\" data-widget_type=\"video.default\">\n\t\t\t\t<div class=\"elementor-widget-container\">\n\t\t\t\t\t\t\t<div class=\"e-hosted-video elementor-wrapper elementor-open-inline\">\n\t\t\t\t\t<video class=\"elementor-video\" src=\"https:\/\/www.pakery.pl\/wp-content\/uploads\/2021\/05\/2N6A3256.mp4\" autoplay=\"\" loop=\"\" muted=\"muted\" playsinline=\"\" controlsList=\"nodownload\"><\/video>\n\t\t\t\t<\/div>\n\t\t\t\t\t\t<\/div>\n\t\t\t\t<\/div>\n\t\t\t\t\t<\/div>\n\t\t<\/div>\n\t\t\t\t<div class=\"elementor-column elementor-col-50 elementor-inner-column elementor-element elementor-element-8675d35\" data-id=\"8675d35\" data-element_type=\"column\" data-e-type=\"column\">\n\t\t\t<div class=\"elementor-widget-wrap elementor-element-populated\">\n\t\t\t\t\t\t<div class=\"elementor-element elementor-element-43860b0 elementor-widget elementor-widget-text-editor\" data-id=\"43860b0\" data-element_type=\"widget\" data-e-type=\"widget\" data-widget_type=\"text-editor.default\">\n\t\t\t\t<div class=\"elementor-widget-container\">\n\t\t\t\t\t\t\t\t\t<h2 style=\"text-align: center;\"><span style=\"color: #000000;\"><strong> <\/strong><\/span><\/h2>\n<h2 style=\"text-align: center;\"><span style=\"color: #000000;\"><strong style=\"font-family: inherit; font-size: 2rem;\"> <\/strong><\/span><\/h2>\n<h2 style=\"text-align: center;\"><span style=\"color: #000000;\"><strong style=\"font-family: inherit; font-size: 2rem;\">PAKERY.PL FILOSOFIJA<\/strong><\/span><\/h2>\n<div><span style=\"color: #000000;\"><strong style=\"font-family: inherit; font-size: 2rem;\"> <\/strong><\/span><\/div>\n<p style=\"text-align: center;\"><span style=\"color: #000000;\"><span style=\"caret-color: #333333; font-family: 'Open Sans', Arial, sans-serif; font-size: 20px;\">Pan\u0101kumi galvenok\u0101rt j\u0101balsta uz klientu uztic\u012bbu un apmierin\u0101t\u012bbu. Jums vajadz\u0113tu klaus\u012bties vi\u0146u koment\u0101rus un past\u0101v\u012bgi uzlabot produktus.<\/span><strong><br \/><\/strong><\/span><\/p>\n\t\t\t\t\t\t\t\t<\/div>\n\t\t\t\t<\/div>\n\t\t\t\t\t<\/div>\n\t\t<\/div>\n\t\t\t\t\t<\/div>\n\t\t<\/section>\n\t\t\t\t\t<\/div>\n\t\t<\/div>\n\t\t\t\t\t<\/div>\n\t\t<\/section>\n\t\t\t\t<section class=\"elementor-section elementor-top-section elementor-element elementor-element-8b13b9a elementor-section-boxed elementor-section-height-default elementor-section-height-default\" data-id=\"8b13b9a\" data-element_type=\"section\" data-e-type=\"section\">\n\t\t\t\t\t\t<div class=\"elementor-container elementor-column-gap-default\">\n\t\t\t\t\t<div class=\"elementor-column elementor-col-100 elementor-top-column elementor-element elementor-element-7746aa3\" data-id=\"7746aa3\" data-element_type=\"column\" data-e-type=\"column\">\n\t\t\t<div class=\"elementor-widget-wrap elementor-element-populated\">\n\t\t\t\t\t\t<section class=\"elementor-section elementor-inner-section elementor-element elementor-element-4f0e2cf elementor-section-full_width elementor-section-height-default elementor-section-height-default\" data-id=\"4f0e2cf\" data-element_type=\"section\" data-e-type=\"section\">\n\t\t\t\t\t\t<div class=\"elementor-container elementor-column-gap-default\">\n\t\t\t\t\t<div class=\"elementor-column elementor-col-25 elementor-inner-column elementor-element elementor-element-f7516d1\" data-id=\"f7516d1\" data-element_type=\"column\" data-e-type=\"column\">\n\t\t\t<div class=\"elementor-widget-wrap elementor-element-populated\">\n\t\t\t\t\t\t<div class=\"elementor-element elementor-element-f3c97f7 elementor-view-default elementor-widget elementor-widget-icon\" data-id=\"f3c97f7\" data-element_type=\"widget\" data-e-type=\"widget\" data-widget_type=\"icon.default\">\n\t\t\t\t<div class=\"elementor-widget-container\">\n\t\t\t\t\t\t\t<div class=\"elementor-icon-wrapper\">\n\t\t\t<div class=\"elementor-icon\">\n\t\t\t<i aria-hidden=\"true\" class=\"fas fa-star\"><\/i>\t\t\t<\/div>\n\t\t<\/div>\n\t\t\t\t\t\t<\/div>\n\t\t\t\t<\/div>\n\t\t\t\t<div class=\"elementor-element elementor-element-c83f1f9 elementor-widget elementor-widget-text-editor\" data-id=\"c83f1f9\" data-element_type=\"widget\" data-e-type=\"widget\" data-widget_type=\"text-editor.default\">\n\t\t\t\t<div class=\"elementor-widget-container\">\n\t\t\t\t\t\t\t\t\t<p style=\"text-align: center;\">Kvalit\u0101tes un sniegto pakalpojumu p\u0101rbaude<\/p>\n\t\t\t\t\t\t\t\t<\/div>\n\t\t\t\t<\/div>\n\t\t\t\t\t<\/div>\n\t\t<\/div>\n\t\t\t\t<div class=\"elementor-column elementor-col-25 elementor-inner-column elementor-element elementor-element-4ca2f28\" data-id=\"4ca2f28\" data-element_type=\"column\" data-e-type=\"column\">\n\t\t\t<div class=\"elementor-widget-wrap elementor-element-populated\">\n\t\t\t\t\t\t<div class=\"elementor-element elementor-element-775f5b9 elementor-view-default elementor-widget elementor-widget-icon\" data-id=\"775f5b9\" data-element_type=\"widget\" data-e-type=\"widget\" data-widget_type=\"icon.default\">\n\t\t\t\t<div class=\"elementor-widget-container\">\n\t\t\t\t\t\t\t<div class=\"elementor-icon-wrapper\">\n\t\t\t<div class=\"elementor-icon\">\n\t\t\t<i aria-hidden=\"true\" class=\"fas fa-clock\"><\/i>\t\t\t<\/div>\n\t\t<\/div>\n\t\t\t\t\t\t<\/div>\n\t\t\t\t<\/div>\n\t\t\t\t<div class=\"elementor-element elementor-element-a3fd845 elementor-widget elementor-widget-text-editor\" data-id=\"a3fd845\" data-element_type=\"widget\" data-e-type=\"widget\" data-widget_type=\"text-editor.default\">\n\t\t\t\t<div class=\"elementor-widget-container\">\n\t\t\t\t\t\t\t\t\t<p style=\"text-align: center;\">Pas\u016bt\u012bjumi tiek apstr\u0101d\u0101ti p\u0113c iesp\u0113jas \u012bs\u0101k\u0101 laik\u0101<\/p>\n\t\t\t\t\t\t\t\t<\/div>\n\t\t\t\t<\/div>\n\t\t\t\t\t<\/div>\n\t\t<\/div>\n\t\t\t\t<div class=\"elementor-column elementor-col-25 elementor-inner-column elementor-element elementor-element-0f41bf9\" data-id=\"0f41bf9\" data-element_type=\"column\" data-e-type=\"column\">\n\t\t\t<div class=\"elementor-widget-wrap elementor-element-populated\">\n\t\t\t\t\t\t<div class=\"elementor-element elementor-element-72aefb2 elementor-view-default elementor-widget elementor-widget-icon\" data-id=\"72aefb2\" data-element_type=\"widget\" data-e-type=\"widget\" data-widget_type=\"icon.default\">\n\t\t\t\t<div class=\"elementor-widget-container\">\n\t\t\t\t\t\t\t<div class=\"elementor-icon-wrapper\">\n\t\t\t<div class=\"elementor-icon\">\n\t\t\t<i aria-hidden=\"true\" class=\"fas fa-comment\"><\/i>\t\t\t<\/div>\n\t\t<\/div>\n\t\t\t\t\t\t<\/div>\n\t\t\t\t<\/div>\n\t\t\t\t<div class=\"elementor-element elementor-element-0b5d0f2 elementor-widget elementor-widget-text-editor\" data-id=\"0b5d0f2\" data-element_type=\"widget\" data-e-type=\"widget\" data-widget_type=\"text-editor.default\">\n\t\t\t\t<div class=\"elementor-widget-container\">\n\t\t\t\t\t\t\t\t\t<p style=\"text-align: center;\">Pilns tehniskais atbalsts katr\u0101 darba posm\u0101<\/p>\n\t\t\t\t\t\t\t\t<\/div>\n\t\t\t\t<\/div>\n\t\t\t\t\t<\/div>\n\t\t<\/div>\n\t\t\t\t<div class=\"elementor-column elementor-col-25 elementor-inner-column elementor-element elementor-element-3b1a7d3\" data-id=\"3b1a7d3\" data-element_type=\"column\" data-e-type=\"column\">\n\t\t\t<div class=\"elementor-widget-wrap elementor-element-populated\">\n\t\t\t\t\t\t<div class=\"elementor-element elementor-element-a1bcc45 elementor-view-default elementor-widget elementor-widget-icon\" data-id=\"a1bcc45\" data-element_type=\"widget\" data-e-type=\"widget\" data-widget_type=\"icon.default\">\n\t\t\t\t<div class=\"elementor-widget-container\">\n\t\t\t\t\t\t\t<div class=\"elementor-icon-wrapper\">\n\t\t\t<div class=\"elementor-icon\">\n\t\t\t<i aria-hidden=\"true\" class=\"fas fa-user\"><\/i>\t\t\t<\/div>\n\t\t<\/div>\n\t\t\t\t\t\t<\/div>\n\t\t\t\t<\/div>\n\t\t\t\t<div class=\"elementor-element elementor-element-cbf69f9 elementor-widget elementor-widget-text-editor\" data-id=\"cbf69f9\" data-element_type=\"widget\" data-e-type=\"widget\" data-widget_type=\"text-editor.default\">\n\t\t\t\t<div class=\"elementor-widget-container\">\n\t\t\t\t\t\t\t\t\t<p style=\"text-align: center;\">Individu\u0101la ra\u017eo\u0161ana \u012bpa\u0161\u0101m klientu pras\u012bb\u0101m<\/p>\n\t\t\t\t\t\t\t\t<\/div>\n\t\t\t\t<\/div>\n\t\t\t\t\t<\/div>\n\t\t<\/div>\n\t\t\t\t\t<\/div>\n\t\t<\/section>\n\t\t\t\t\t<\/div>\n\t\t<\/div>\n\t\t\t\t\t<\/div>\n\t\t<\/section>\n\t\t\t\t<section class=\"elementor-section elementor-top-section elementor-element elementor-element-dd22f4d elementor-section-boxed elementor-section-height-default elementor-section-height-default\" data-id=\"dd22f4d\" data-element_type=\"section\" data-e-type=\"section\">\n\t\t\t\t\t\t<div class=\"elementor-container elementor-column-gap-wide\">\n\t\t\t\t\t<div class=\"elementor-column elementor-col-100 elementor-top-column elementor-element elementor-element-28115a6\" data-id=\"28115a6\" data-element_type=\"column\" data-e-type=\"column\">\n\t\t\t<div class=\"elementor-widget-wrap elementor-element-populated\">\n\t\t\t\t\t\t<div class=\"elementor-element elementor-element-9019dc1 elementor-widget elementor-widget-text-editor\" data-id=\"9019dc1\" data-element_type=\"widget\" data-e-type=\"widget\" data-widget_type=\"text-editor.default\">\n\t\t\t\t<div class=\"elementor-widget-container\">\n\t\t\t\t\t\t\t\t\t<h2 style=\"text-align: center;\"><span style=\"color: #000000;\">Vienm\u0113r j\u016bsu r\u012bc\u012bb\u0101<\/span><\/h2>\n<div> <\/div>\n<p><span style=\"color: #000000;\">PAKERY.PL ir dinamiski att\u012bsto\u0161s z\u012bmols ar augst\u0101k\u0101s kvalit\u0101tes produktiem, izteiksm\u012bgiem jaunin\u0101jumiem un pieejamu cenu. M\u016bsu produktus ir nov\u0113rt\u0113ju\u0161i daudzi profesion\u0101\u013ci Polij\u0101 un liel\u0101kaj\u0101 da\u013c\u0101 Eiropas valstu.<\/span><\/p>\n<p><span style=\"color: #000000;\">Mums ir divas fas\u0113t\u0101ju l\u012bnijas: ekonomisk\u0101 l\u012bnija, t.i., nedaudz zem\u0101kas kvalit\u0101tes produkti par \u013coti labu cenu, un profesion\u0101la l\u012bnija, kas paredz\u0113ta vispras\u012bg\u0101kajiem darbuz\u0146\u0113m\u0113jiem.<\/span><\/p>\n<p><span style=\"color: #000000;\">2021. gad\u0101 m\u0113s k\u013cuv\u0101m par ofici\u0101lo Hammpack z\u012bmola izplat\u012bt\u0101ju &#8211; iesmidzin\u0101\u0161anas produktiem ar augst\u0101kajiem tehniskajiem un lietder\u012bbas parametriem.<\/span><\/p>\n<p><span style=\"color: #000000;\">Vadoties p\u0113c m\u016bsu uz\u0146\u0113muma atz\u012btaj\u0101m v\u0113rt\u012bb\u0101m, m\u0113s cen\u0161amies izveidot ilgtermi\u0146a sadarb\u012bbu ar saviem klientiem, pateicoties kuriem m\u0113s pal\u012bdzam vi\u0146iem g\u016bt pan\u0101kumus, nodro\u0161inot efekt\u012bvus un uzticamus instrumentus un par\u0101dot, k\u0101 efekt\u012bv\u0101k veikt injekcijas darbus. <span style=\"font-size: 1rem;\">M\u0113s apzin\u0101mies, ka pan\u0101kumi galvenok\u0101rt j\u0101balsta uz klientu uztic\u012bbu un apmierin\u0101t\u012bbu. Jums vajadz\u0113tu klaus\u012bties vi\u0146u koment\u0101rus un past\u0101v\u012bgi uzlabot produktus.<\/span><\/span><\/p>\n<p><span style=\"color: #000000;\"><span style=\"font-size: 1rem;\"> <\/span><\/span><\/p>\n\t\t\t\t\t\t\t\t<\/div>\n\t\t\t\t<\/div>\n\t\t\t\t\t<\/div>\n\t\t<\/div>\n\t\t\t\t\t<\/div>\n\t\t<\/section>\n\t\t\t\t<section class=\"elementor-section elementor-top-section elementor-element elementor-element-de490e7 elementor-section-boxed elementor-section-height-default elementor-section-height-default\" data-id=\"de490e7\" data-element_type=\"section\" data-e-type=\"section\">\n\t\t\t\t\t\t<div class=\"elementor-container elementor-column-gap-default\">\n\t\t\t\t\t<div class=\"elementor-column elementor-col-100 elementor-top-column elementor-element elementor-element-9a66aee\" data-id=\"9a66aee\" data-element_type=\"column\" data-e-type=\"column\">\n\t\t\t<div class=\"elementor-widget-wrap elementor-element-populated\">\n\t\t\t\t\t\t<div class=\"elementor-element elementor-element-c466823 elementor-widget elementor-widget-text-editor\" data-id=\"c466823\" data-element_type=\"widget\" data-e-type=\"widget\" data-widget_type=\"text-editor.default\">\n\t\t\t\t<div class=\"elementor-widget-container\">\n\t\t\t\t\t\t\t\t\t<h4 style=\"text-align: center;\"><span style=\"color: #333333;\"><b><a style=\"color: #333333;\" href=\"https:\/\/www.pakery.pl\/\" target=\"_blank\" rel=\"noopener\">HAMMPACK Sp Z O.O.<\/a><\/b><\/span><br \/><span style=\"color: #333333;\"><i>owner of:<br \/><b><a style=\"color: #333333;\" href=\"https:\/\/www.pakery.pl\/\" target=\"_blank\" rel=\"noopener\">PAKERY.PL<\/a><\/b><br \/><\/i><\/span><br \/><span style=\"color: #333333;\">ul. Bokserska 47<\/span><br \/><span style=\"color: #333333;\">02-690 Warszawa<\/span><br \/><span style=\"color: #333333;\">POLAND<br \/><\/span><br \/><span style=\"color: #333333;\">VAT UE: PL<\/span><span style=\"color: #000000;\">9512466806<\/span><\/h4><p style=\"text-align: center;\"><span style=\"color: #000000;\">EORI: PL9512466806<\/span><span style=\"color: #333333;\">000000<\/span><br \/><span style=\"color: #333333;\">nr rej. KRS: <span style=\"text-decoration: underline;\">0000742089<\/span><\/span><\/p><p style=\"caret-color: #000000; color: #000000; text-align: center;\"><span style=\"font-family: georgia, serif; color: #333333;\">t: 690 93 0000 &#8211;\u00a0<\/span><span style=\"color: #333333; font-family: georgia, serif;\">support\u00a0<\/span><a style=\"color: #333333;\" href=\"http:\/\/iniekcjebudowlane.pl\/\" target=\"_blank\" rel=\"noopener\">P<\/a>AKERY.PL<span style=\"font-family: georgia, serif; color: #333333;\"><br \/><\/span><span style=\"color: #333333; font-family: georgia, serif;\">t: 690 532 000 &#8211; support\u00a0<\/span><a style=\"color: #333333;\" href=\"http:\/\/iniekcjebudowlane.pl\/\" target=\"_blank\" rel=\"noopener\">INIEKCJEBUDOWLANE.PL<\/a><\/p><p style=\"caret-color: #000000; color: #000000; text-align: center;\">\u00a0<\/p><h3 style=\"text-align: center;\"><span style=\"color: #333333;\"><b><a style=\"color: #333333;\" href=\"https:\/\/www.pakery.pl\/\" target=\"_blank\" rel=\"noopener\">PAKERY.PL<\/a><\/b><\/span><\/h3><h3 style=\"text-align: center;\"><span style=\"color: #333333;\">e:<a style=\"color: #333333;\" target=\"_blank\">\u00a0biuro@www.pakery.pl<\/a><\/span><\/h3><h3 style=\"text-align: center;\"><span style=\"color: #333333;\">t: +48 690 93 0000<\/span><\/h3>\t\t\t\t\t\t\t\t<\/div>\n\t\t\t\t<\/div>\n\t\t\t\t\t<\/div>\n\t\t<\/div>\n\t\t\t\t\t<\/div>\n\t\t<\/section>\n\t\t\t\t<\/div>\n\t\t","protected":false},"excerpt":{"rendered":"<p>https:\/\/www.pakery.pl\/wp-content\/uploads\/2021\/05\/2N6A3256.mp4 PAKERY.PL FILOSOFIJA Pan\u0101kumi galvenok\u0101rt j\u0101balsta uz klientu uztic\u012bbu un apmierin\u0101t\u012bbu. Jums vajadz\u0113tu klaus\u012bties vi\u0146u koment\u0101rus un past\u0101v\u012bgi uzlabot produktus. Kvalit\u0101tes un sniegto pakalpojumu p\u0101rbaude Pas\u016bt\u012bjumi tiek apstr\u0101d\u0101ti p\u0113c iesp\u0113jas \u012bs\u0101k\u0101 laik\u0101 Pilns tehniskais atbalsts katr\u0101 darba posm\u0101 Individu\u0101la ra\u017eo\u0161ana \u012bpa\u0161\u0101m klientu pras\u012bb\u0101m Vienm\u0113r j\u016bsu r\u012bc\u012bb\u0101 PAKERY.PL ir dinamiski att\u012bsto\u0161s z\u012bmols ar augst\u0101k\u0101s kvalit\u0101tes produktiem, [&hellip;]<\/p>\n","protected":false},"author":1,"featured_media":0,"parent":0,"menu_order":0,"comment_status":"closed","ping_status":"closed","template":"","meta":{"_acf_changed":false,"footnotes":""},"class_list":["post-19940","page","type-page","status-publish","hentry"],"acf":[],"yoast_head":"<!-- This site is optimized with the Yoast SEO plugin v27.3 - https:\/\/yoast.com\/product\/yoast-seo-wordpress\/ -->\n<title>Par mums - PAKERY.PL<\/title>\n<meta name=\"robots\" content=\"index, follow, max-snippet:-1, max-image-preview:large, max-video-preview:-1\" \/>\n<link rel=\"canonical\" href=\"https:\/\/www.pakery.pl\/lv\/par-mums\/\" \/>\n<meta property=\"og:locale\" content=\"lv_LV\" \/>\n<meta property=\"og:type\" content=\"article\" \/>\n<meta property=\"og:title\" content=\"Par mums - PAKERY.PL\" \/>\n<meta property=\"og:description\" content=\"https:\/\/www.pakery.pl\/wp-content\/uploads\/2021\/05\/2N6A3256.mp4 PAKERY.PL FILOSOFIJA Pan\u0101kumi galvenok\u0101rt j\u0101balsta uz klientu uztic\u012bbu un apmierin\u0101t\u012bbu. Jums vajadz\u0113tu klaus\u012bties vi\u0146u koment\u0101rus un past\u0101v\u012bgi uzlabot produktus. Kvalit\u0101tes un sniegto pakalpojumu p\u0101rbaude Pas\u016bt\u012bjumi tiek apstr\u0101d\u0101ti p\u0113c iesp\u0113jas \u012bs\u0101k\u0101 laik\u0101 Pilns tehniskais atbalsts katr\u0101 darba posm\u0101 Individu\u0101la ra\u017eo\u0161ana \u012bpa\u0161\u0101m klientu pras\u012bb\u0101m Vienm\u0113r j\u016bsu r\u012bc\u012bb\u0101 PAKERY.PL ir dinamiski att\u012bsto\u0161s z\u012bmols ar augst\u0101k\u0101s kvalit\u0101tes produktiem, [&hellip;]\" \/>\n<meta property=\"og:url\" content=\"https:\/\/www.pakery.pl\/lv\/par-mums\/\" \/>\n<meta property=\"og:site_name\" content=\"PAKERY.PL\" \/>\n<meta property=\"article:modified_time\" content=\"2021-10-14T08:50:22+00:00\" \/>\n<meta name=\"twitter:card\" content=\"summary_large_image\" \/>\n<meta name=\"twitter:label1\" content=\"Est. reading time\" \/>\n\t<meta name=\"twitter:data1\" content=\"1 minute\" \/>\n<script type=\"application\/ld+json\" class=\"yoast-schema-graph\">{\"@context\":\"https:\\\/\\\/schema.org\",\"@graph\":[{\"@type\":\"WebPage\",\"@id\":\"https:\\\/\\\/www.pakery.pl\\\/lv\\\/par-mums\\\/\",\"url\":\"https:\\\/\\\/www.pakery.pl\\\/lv\\\/par-mums\\\/\",\"name\":\"Par mums - PAKERY.PL\",\"isPartOf\":{\"@id\":\"https:\\\/\\\/www.pakery.pl\\\/lv\\\/#website\"},\"datePublished\":\"2021-08-11T11:44:37+00:00\",\"dateModified\":\"2021-10-14T08:50:22+00:00\",\"breadcrumb\":{\"@id\":\"https:\\\/\\\/www.pakery.pl\\\/lv\\\/par-mums\\\/#breadcrumb\"},\"inLanguage\":\"lv-LV\",\"potentialAction\":[{\"@type\":\"ReadAction\",\"target\":[\"https:\\\/\\\/www.pakery.pl\\\/lv\\\/par-mums\\\/\"]}]},{\"@type\":\"BreadcrumbList\",\"@id\":\"https:\\\/\\\/www.pakery.pl\\\/lv\\\/par-mums\\\/#breadcrumb\",\"itemListElement\":[{\"@type\":\"ListItem\",\"position\":1,\"name\":\"Strona g\u0142\u00f3wna\",\"item\":\"https:\\\/\\\/www.pakery.pl\\\/lv\\\/\"},{\"@type\":\"ListItem\",\"position\":2,\"name\":\"Par mums\"}]},{\"@type\":\"WebSite\",\"@id\":\"https:\\\/\\\/www.pakery.pl\\\/lv\\\/#website\",\"url\":\"https:\\\/\\\/www.pakery.pl\\\/lv\\\/\",\"name\":\"Pakery.pl\",\"description\":\"Pakery iniekcyjne, Kotwy spiralne, Lance iniekcyjne, W\u0119\u017ce do iniekcji, Pompy iniekcyjne, Serwis pomp iniekcyjnych, Wynajem pomp do iniekcji\",\"publisher\":{\"@id\":\"https:\\\/\\\/www.pakery.pl\\\/lv\\\/#organization\"},\"potentialAction\":[{\"@type\":\"SearchAction\",\"target\":{\"@type\":\"EntryPoint\",\"urlTemplate\":\"https:\\\/\\\/www.pakery.pl\\\/lv\\\/?s={search_term_string}\"},\"query-input\":{\"@type\":\"PropertyValueSpecification\",\"valueRequired\":true,\"valueName\":\"search_term_string\"}}],\"inLanguage\":\"lv-LV\"},{\"@type\":\"Organization\",\"@id\":\"https:\\\/\\\/www.pakery.pl\\\/lv\\\/#organization\",\"name\":\"PAKERY.PL\",\"url\":\"https:\\\/\\\/www.pakery.pl\\\/lv\\\/\",\"logo\":{\"@type\":\"ImageObject\",\"inLanguage\":\"lv-LV\",\"@id\":\"https:\\\/\\\/www.pakery.pl\\\/lv\\\/#\\\/schema\\\/logo\\\/image\\\/\",\"url\":\"https:\\\/\\\/www.pakery.pl\\\/wp-content\\\/uploads\\\/2021\\\/04\\\/cropped-PAKERY-LOGO.png\",\"contentUrl\":\"https:\\\/\\\/www.pakery.pl\\\/wp-content\\\/uploads\\\/2021\\\/04\\\/cropped-PAKERY-LOGO.png\",\"width\":1529,\"height\":500,\"caption\":\"PAKERY.PL\"},\"image\":{\"@id\":\"https:\\\/\\\/www.pakery.pl\\\/lv\\\/#\\\/schema\\\/logo\\\/image\\\/\"}}]}<\/script>\n<!-- \/ Yoast SEO plugin. -->","yoast_head_json":{"title":"Par mums - PAKERY.PL","robots":{"index":"index","follow":"follow","max-snippet":"max-snippet:-1","max-image-preview":"max-image-preview:large","max-video-preview":"max-video-preview:-1"},"canonical":"https:\/\/www.pakery.pl\/lv\/par-mums\/","og_locale":"lv_LV","og_type":"article","og_title":"Par mums - PAKERY.PL","og_description":"https:\/\/www.pakery.pl\/wp-content\/uploads\/2021\/05\/2N6A3256.mp4 PAKERY.PL FILOSOFIJA Pan\u0101kumi galvenok\u0101rt j\u0101balsta uz klientu uztic\u012bbu un apmierin\u0101t\u012bbu. Jums vajadz\u0113tu klaus\u012bties vi\u0146u koment\u0101rus un past\u0101v\u012bgi uzlabot produktus. Kvalit\u0101tes un sniegto pakalpojumu p\u0101rbaude Pas\u016bt\u012bjumi tiek apstr\u0101d\u0101ti p\u0113c iesp\u0113jas \u012bs\u0101k\u0101 laik\u0101 Pilns tehniskais atbalsts katr\u0101 darba posm\u0101 Individu\u0101la ra\u017eo\u0161ana \u012bpa\u0161\u0101m klientu pras\u012bb\u0101m Vienm\u0113r j\u016bsu r\u012bc\u012bb\u0101 PAKERY.PL ir dinamiski att\u012bsto\u0161s z\u012bmols ar augst\u0101k\u0101s kvalit\u0101tes produktiem, [&hellip;]","og_url":"https:\/\/www.pakery.pl\/lv\/par-mums\/","og_site_name":"PAKERY.PL","article_modified_time":"2021-10-14T08:50:22+00:00","twitter_card":"summary_large_image","twitter_misc":{"Est. reading time":"1 minute"},"schema":{"@context":"https:\/\/schema.org","@graph":[{"@type":"WebPage","@id":"https:\/\/www.pakery.pl\/lv\/par-mums\/","url":"https:\/\/www.pakery.pl\/lv\/par-mums\/","name":"Par mums - PAKERY.PL","isPartOf":{"@id":"https:\/\/www.pakery.pl\/lv\/#website"},"datePublished":"2021-08-11T11:44:37+00:00","dateModified":"2021-10-14T08:50:22+00:00","breadcrumb":{"@id":"https:\/\/www.pakery.pl\/lv\/par-mums\/#breadcrumb"},"inLanguage":"lv-LV","potentialAction":[{"@type":"ReadAction","target":["https:\/\/www.pakery.pl\/lv\/par-mums\/"]}]},{"@type":"BreadcrumbList","@id":"https:\/\/www.pakery.pl\/lv\/par-mums\/#breadcrumb","itemListElement":[{"@type":"ListItem","position":1,"name":"Strona g\u0142\u00f3wna","item":"https:\/\/www.pakery.pl\/lv\/"},{"@type":"ListItem","position":2,"name":"Par mums"}]},{"@type":"WebSite","@id":"https:\/\/www.pakery.pl\/lv\/#website","url":"https:\/\/www.pakery.pl\/lv\/","name":"Pakery.pl","description":"Pakery iniekcyjne, Kotwy spiralne, Lance iniekcyjne, W\u0119\u017ce do iniekcji, Pompy iniekcyjne, Serwis pomp iniekcyjnych, Wynajem pomp do iniekcji","publisher":{"@id":"https:\/\/www.pakery.pl\/lv\/#organization"},"potentialAction":[{"@type":"SearchAction","target":{"@type":"EntryPoint","urlTemplate":"https:\/\/www.pakery.pl\/lv\/?s={search_term_string}"},"query-input":{"@type":"PropertyValueSpecification","valueRequired":true,"valueName":"search_term_string"}}],"inLanguage":"lv-LV"},{"@type":"Organization","@id":"https:\/\/www.pakery.pl\/lv\/#organization","name":"PAKERY.PL","url":"https:\/\/www.pakery.pl\/lv\/","logo":{"@type":"ImageObject","inLanguage":"lv-LV","@id":"https:\/\/www.pakery.pl\/lv\/#\/schema\/logo\/image\/","url":"https:\/\/www.pakery.pl\/wp-content\/uploads\/2021\/04\/cropped-PAKERY-LOGO.png","contentUrl":"https:\/\/www.pakery.pl\/wp-content\/uploads\/2021\/04\/cropped-PAKERY-LOGO.png","width":1529,"height":500,"caption":"PAKERY.PL"},"image":{"@id":"https:\/\/www.pakery.pl\/lv\/#\/schema\/logo\/image\/"}}]}},"_links":{"self":[{"href":"https:\/\/www.pakery.pl\/lv\/wp-json\/wp\/v2\/pages\/19940","targetHints":{"allow":["GET"]}}],"collection":[{"href":"https:\/\/www.pakery.pl\/lv\/wp-json\/wp\/v2\/pages"}],"about":[{"href":"https:\/\/www.pakery.pl\/lv\/wp-json\/wp\/v2\/types\/page"}],"author":[{"embeddable":true,"href":"https:\/\/www.pakery.pl\/lv\/wp-json\/wp\/v2\/users\/1"}],"replies":[{"embeddable":true,"href":"https:\/\/www.pakery.pl\/lv\/wp-json\/wp\/v2\/comments?post=19940"}],"version-history":[{"count":5,"href":"https:\/\/www.pakery.pl\/lv\/wp-json\/wp\/v2\/pages\/19940\/revisions"}],"predecessor-version":[{"id":38685,"href":"https:\/\/www.pakery.pl\/lv\/wp-json\/wp\/v2\/pages\/19940\/revisions\/38685"}],"wp:attachment":[{"href":"https:\/\/www.pakery.pl\/lv\/wp-json\/wp\/v2\/media?parent=19940"}],"curies":[{"name":"wp","href":"https:\/\/api.w.org\/{rel}","templated":true}]}}