{"id":49315,"date":"2021-04-21T09:26:38","date_gmt":"2025-05-13T07:42:19","guid":{"rendered":"https:\/\/www.pakery.pl\/produkt\/dienos-pakuote-pi-spx-13-110swg\/"},"modified":"2025-05-19T14:25:00","modified_gmt":"2025-05-19T12:25:00","slug":"paker-jednodniowy-pi-spx-13-110swg","status":"publish","type":"product","link":"https:\/\/www.pakery.pl\/lt\/produkt\/paker-jednodniowy-pi-spx-13-110swg\/","title":{"rendered":"Dienos pakuot\u0117 PI-SPX 13\/110swg"},"content":{"rendered":"\t\t<div data-elementor-type=\"product-post\" data-elementor-id=\"49315\" class=\"elementor elementor-49315 elementor-1881\" data-elementor-post-type=\"product\">\n\t\t\t\t\t\t<section class=\"elementor-section elementor-top-section elementor-element elementor-element-c52e51e elementor-section-full_width elementor-section-height-default elementor-section-height-default\" data-id=\"c52e51e\" data-element_type=\"section\" data-e-type=\"section\">\n\t\t\t\t\t\t<div class=\"elementor-container elementor-column-gap-default\">\n\t\t\t\t\t<div class=\"elementor-column elementor-col-100 elementor-top-column elementor-element elementor-element-762439c\" data-id=\"762439c\" data-element_type=\"column\" data-e-type=\"column\">\n\t\t\t<div class=\"elementor-widget-wrap elementor-element-populated\">\n\t\t\t\t\t\t<div class=\"elementor-element elementor-element-43abffc elementor-widget elementor-widget-text-editor\" data-id=\"43abffc\" data-element_type=\"widget\" data-e-type=\"widget\" data-widget_type=\"text-editor.default\">\n\t\t\t\t<div class=\"elementor-widget-container\">\n\t\t\t\t\t\t\t\t\t<p><span style=\"color: #000000;\"><strong>Vienos dienos injekciniai<\/strong> arba dviej\u0173 vo\u017etuv\u0173 <strong>tankintuvai<\/strong>. Jie leid\u017eia atlikti injekcij\u0105 t\u0105 pa\u010di\u0105 dien\u0105, nelaukiant, kol injekcin\u0117 derva susigers. <\/span><\/p>\n<p><span style=\"color: #000000;\">\u012epur\u0161kimo stimuliatoriaus apa\u010dioje (i\u0161sipl\u0117timo guma) yra antrasis vo\u017etuvas, o ant sriegio &#8211; prispaudimo \u017eiedas. Injekcinio paketo korpus\u0105 galite nuimti i\u0161 karto po injekcijos, nelaukdami, kol sukiet\u0117s injekcin\u0117 derva. <\/span><\/p>\n<p><em><span style=\"color: #000000;\">Tai ypa\u010d naudinga, kai neapsimoka, kad kit\u0105 dien\u0105 atvykt\u0173 injekcin\u0117 komanda ir i\u0161ve\u017et\u0173 pakuotojus.<\/span><\/em><br><em><span style=\"color: #000000;\">Taip pat po\u017eeminiuose gara\u017euose, kur \u012fprasti \u012fpur\u0161kimo pakuotojai paliko \u012fva\u017eiuojan\u010di\u0173 automobili\u0173 padangas.<\/span><\/em><\/p>\t\t\t\t\t\t\t\t<\/div>\n\t\t\t\t<\/div>\n\t\t\t\t\t<\/div>\n\t\t<\/div>\n\t\t\t\t\t<\/div>\n\t\t<\/section>\n\t\t\t\t<\/div>\n\t\t","protected":false},"excerpt":{"rendered":"<p>Vienos dienos injekciniai arba dviej\u0173 vo\u017etuv\u0173 tankintuvai. Jie leid\u017eia atlikti injekcij\u0105 t\u0105 pa\u010di\u0105 dien\u0105, nelaukiant, kol injekcin\u0117 derva susigers. \u012epur\u0161kimo stimuliatoriaus apa\u010dioje (i\u0161sipl\u0117timo guma) yra antrasis vo\u017etuvas, o ant sriegio &#8211; prispaudimo \u017eiedas. Injekcinio paketo korpus\u0105 galite nuimti i\u0161 karto po injekcijos, nelaukdami, kol sukiet\u0117s injekcin\u0117 derva. Tai ypa\u010d naudinga, kai neapsimoka, kad kit\u0105 dien\u0105 [&hellip;]<\/p>\n","protected":false},"featured_media":49247,"template":"","meta":{"_acf_changed":false},"product_brand":[],"product_cat":[2017,902],"product_tag":[],"class_list":{"0":"post-49315","1":"product","2":"type-product","3":"status-publish","4":"has-post-thumbnail","6":"product_cat-injekciniai-tankintuvai","7":"product_cat-metalo-pakuotojai","9":"first","10":"instock","11":"taxable","12":"shipping-taxable","13":"purchasable","14":"product-type-simple"},"acf":[],"yoast_head":"<!-- This site is optimized with the Yoast SEO plugin v27.3 - https:\/\/yoast.com\/product\/yoast-seo-wordpress\/ -->\n<title>Injekcinis paketas vienos dienos injekcijoms PI-SPX 13\/110 - PAKERY.PL<\/title>\n<meta name=\"description\" content=\"Vienos dienos injekcij\u0173 pakuot\u0117. I\u0161skirtinis sandarumas net esant labai dideliam sl\u0117giui. U\u017esiregistruokite ir pasirinkite savo kalamito tip\u0105.\" \/>\n<meta name=\"robots\" content=\"index, follow, max-snippet:-1, max-image-preview:large, max-video-preview:-1\" \/>\n<link rel=\"canonical\" href=\"https:\/\/www.pakery.pl\/lt\/produkt\/paker-jednodniowy-pi-spx-13-110swg\/\" \/>\n<meta property=\"og:locale\" content=\"lt_LT\" \/>\n<meta property=\"og:type\" content=\"article\" \/>\n<meta property=\"og:title\" content=\"Injekcinis paketas vienos dienos injekcijoms PI-SPX 13\/110 - PAKERY.PL\" \/>\n<meta property=\"og:description\" content=\"Vienos dienos injekcij\u0173 pakuot\u0117. I\u0161skirtinis sandarumas net esant labai dideliam sl\u0117giui. U\u017esiregistruokite ir pasirinkite savo kalamito tip\u0105.\" \/>\n<meta property=\"og:url\" content=\"https:\/\/www.pakery.pl\/lt\/produkt\/paker-jednodniowy-pi-spx-13-110swg\/\" \/>\n<meta property=\"og:site_name\" content=\"PAKERY.PL\" \/>\n<meta property=\"article:modified_time\" content=\"2025-05-19T12:25:00+00:00\" \/>\n<meta property=\"og:image\" content=\"https:\/\/www.pakery.pl\/wp-content\/uploads\/2021\/04\/PI-SPX-13110e.png\" \/>\n\t<meta property=\"og:image:width\" content=\"2000\" \/>\n\t<meta property=\"og:image:height\" content=\"2000\" \/>\n\t<meta property=\"og:image:type\" content=\"image\/png\" \/>\n<meta name=\"twitter:card\" content=\"summary_large_image\" \/>\n<script type=\"application\/ld+json\" class=\"yoast-schema-graph\">{\"@context\":\"https:\\\/\\\/schema.org\",\"@graph\":[{\"@type\":\"WebPage\",\"@id\":\"https:\\\/\\\/www.pakery.pl\\\/lt\\\/produkt\\\/paker-jednodniowy-pi-spx-13-110swg\\\/\",\"url\":\"https:\\\/\\\/www.pakery.pl\\\/lt\\\/produkt\\\/paker-jednodniowy-pi-spx-13-110swg\\\/\",\"name\":\"Injekcinis paketas vienos dienos injekcijoms PI-SPX 13\\\/110 - PAKERY.PL\",\"isPartOf\":{\"@id\":\"https:\\\/\\\/www.pakery.pl\\\/lt\\\/#website\"},\"primaryImageOfPage\":{\"@id\":\"https:\\\/\\\/www.pakery.pl\\\/lt\\\/produkt\\\/paker-jednodniowy-pi-spx-13-110swg\\\/#primaryimage\"},\"image\":{\"@id\":\"https:\\\/\\\/www.pakery.pl\\\/lt\\\/produkt\\\/paker-jednodniowy-pi-spx-13-110swg\\\/#primaryimage\"},\"thumbnailUrl\":\"https:\\\/\\\/www.pakery.pl\\\/wp-content\\\/uploads\\\/2021\\\/04\\\/PI-SPX-13110e.png\",\"datePublished\":\"2025-05-13T07:42:19+00:00\",\"dateModified\":\"2025-05-19T12:25:00+00:00\",\"description\":\"Vienos dienos injekcij\u0173 pakuot\u0117. I\u0161skirtinis sandarumas net esant labai dideliam sl\u0117giui. U\u017esiregistruokite ir pasirinkite savo kalamito tip\u0105.\",\"breadcrumb\":{\"@id\":\"https:\\\/\\\/www.pakery.pl\\\/lt\\\/produkt\\\/paker-jednodniowy-pi-spx-13-110swg\\\/#breadcrumb\"},\"inLanguage\":\"lt-LT\",\"potentialAction\":[{\"@type\":\"ReadAction\",\"target\":[\"https:\\\/\\\/www.pakery.pl\\\/lt\\\/produkt\\\/paker-jednodniowy-pi-spx-13-110swg\\\/\"]}]},{\"@type\":\"ImageObject\",\"inLanguage\":\"lt-LT\",\"@id\":\"https:\\\/\\\/www.pakery.pl\\\/lt\\\/produkt\\\/paker-jednodniowy-pi-spx-13-110swg\\\/#primaryimage\",\"url\":\"https:\\\/\\\/www.pakery.pl\\\/wp-content\\\/uploads\\\/2021\\\/04\\\/PI-SPX-13110e.png\",\"contentUrl\":\"https:\\\/\\\/www.pakery.pl\\\/wp-content\\\/uploads\\\/2021\\\/04\\\/PI-SPX-13110e.png\",\"width\":2000,\"height\":2000},{\"@type\":\"BreadcrumbList\",\"@id\":\"https:\\\/\\\/www.pakery.pl\\\/lt\\\/produkt\\\/paker-jednodniowy-pi-spx-13-110swg\\\/#breadcrumb\",\"itemListElement\":[{\"@type\":\"ListItem\",\"position\":1,\"name\":\"Strona g\u0142\u00f3wna\",\"item\":\"https:\\\/\\\/www.pakery.pl\\\/lt\\\/\"},{\"@type\":\"ListItem\",\"position\":2,\"name\":\"Parduotuv\u0117\",\"item\":\"https:\\\/\\\/www.pakery.pl\\\/lt\\\/parduotuve\\\/\"},{\"@type\":\"ListItem\",\"position\":3,\"name\":\"Dienos pakuot\u0117 PI-SPX 13\\\/110swg\"}]},{\"@type\":\"WebSite\",\"@id\":\"https:\\\/\\\/www.pakery.pl\\\/lt\\\/#website\",\"url\":\"https:\\\/\\\/www.pakery.pl\\\/lt\\\/\",\"name\":\"Pakery.pl\",\"description\":\"Pakery iniekcyjne, Kotwy spiralne, Lance iniekcyjne, W\u0119\u017ce do iniekcji, Pompy iniekcyjne, Serwis pomp iniekcyjnych, Wynajem pomp do iniekcji\",\"publisher\":{\"@id\":\"https:\\\/\\\/www.pakery.pl\\\/lt\\\/#organization\"},\"potentialAction\":[{\"@type\":\"SearchAction\",\"target\":{\"@type\":\"EntryPoint\",\"urlTemplate\":\"https:\\\/\\\/www.pakery.pl\\\/lt\\\/?s={search_term_string}\"},\"query-input\":{\"@type\":\"PropertyValueSpecification\",\"valueRequired\":true,\"valueName\":\"search_term_string\"}}],\"inLanguage\":\"lt-LT\"},{\"@type\":\"Organization\",\"@id\":\"https:\\\/\\\/www.pakery.pl\\\/lt\\\/#organization\",\"name\":\"PAKERY.PL\",\"url\":\"https:\\\/\\\/www.pakery.pl\\\/lt\\\/\",\"logo\":{\"@type\":\"ImageObject\",\"inLanguage\":\"lt-LT\",\"@id\":\"https:\\\/\\\/www.pakery.pl\\\/lt\\\/#\\\/schema\\\/logo\\\/image\\\/\",\"url\":\"https:\\\/\\\/www.pakery.pl\\\/wp-content\\\/uploads\\\/2021\\\/04\\\/cropped-PAKERY-LOGO.png\",\"contentUrl\":\"https:\\\/\\\/www.pakery.pl\\\/wp-content\\\/uploads\\\/2021\\\/04\\\/cropped-PAKERY-LOGO.png\",\"width\":1529,\"height\":500,\"caption\":\"PAKERY.PL\"},\"image\":{\"@id\":\"https:\\\/\\\/www.pakery.pl\\\/lt\\\/#\\\/schema\\\/logo\\\/image\\\/\"}}]}<\/script>\n<!-- \/ Yoast SEO plugin. -->","yoast_head_json":{"title":"Injekcinis paketas vienos dienos injekcijoms PI-SPX 13\/110 - PAKERY.PL","description":"Vienos dienos injekcij\u0173 pakuot\u0117. I\u0161skirtinis sandarumas net esant labai dideliam sl\u0117giui. U\u017esiregistruokite ir pasirinkite savo kalamito tip\u0105.","robots":{"index":"index","follow":"follow","max-snippet":"max-snippet:-1","max-image-preview":"max-image-preview:large","max-video-preview":"max-video-preview:-1"},"canonical":"https:\/\/www.pakery.pl\/lt\/produkt\/paker-jednodniowy-pi-spx-13-110swg\/","og_locale":"lt_LT","og_type":"article","og_title":"Injekcinis paketas vienos dienos injekcijoms PI-SPX 13\/110 - PAKERY.PL","og_description":"Vienos dienos injekcij\u0173 pakuot\u0117. I\u0161skirtinis sandarumas net esant labai dideliam sl\u0117giui. U\u017esiregistruokite ir pasirinkite savo kalamito tip\u0105.","og_url":"https:\/\/www.pakery.pl\/lt\/produkt\/paker-jednodniowy-pi-spx-13-110swg\/","og_site_name":"PAKERY.PL","article_modified_time":"2025-05-19T12:25:00+00:00","og_image":[{"width":2000,"height":2000,"url":"https:\/\/www.pakery.pl\/wp-content\/uploads\/2021\/04\/PI-SPX-13110e.png","type":"image\/png"}],"twitter_card":"summary_large_image","schema":{"@context":"https:\/\/schema.org","@graph":[{"@type":"WebPage","@id":"https:\/\/www.pakery.pl\/lt\/produkt\/paker-jednodniowy-pi-spx-13-110swg\/","url":"https:\/\/www.pakery.pl\/lt\/produkt\/paker-jednodniowy-pi-spx-13-110swg\/","name":"Injekcinis paketas vienos dienos injekcijoms PI-SPX 13\/110 - PAKERY.PL","isPartOf":{"@id":"https:\/\/www.pakery.pl\/lt\/#website"},"primaryImageOfPage":{"@id":"https:\/\/www.pakery.pl\/lt\/produkt\/paker-jednodniowy-pi-spx-13-110swg\/#primaryimage"},"image":{"@id":"https:\/\/www.pakery.pl\/lt\/produkt\/paker-jednodniowy-pi-spx-13-110swg\/#primaryimage"},"thumbnailUrl":"https:\/\/www.pakery.pl\/wp-content\/uploads\/2021\/04\/PI-SPX-13110e.png","datePublished":"2025-05-13T07:42:19+00:00","dateModified":"2025-05-19T12:25:00+00:00","description":"Vienos dienos injekcij\u0173 pakuot\u0117. I\u0161skirtinis sandarumas net esant labai dideliam sl\u0117giui. U\u017esiregistruokite ir pasirinkite savo kalamito tip\u0105.","breadcrumb":{"@id":"https:\/\/www.pakery.pl\/lt\/produkt\/paker-jednodniowy-pi-spx-13-110swg\/#breadcrumb"},"inLanguage":"lt-LT","potentialAction":[{"@type":"ReadAction","target":["https:\/\/www.pakery.pl\/lt\/produkt\/paker-jednodniowy-pi-spx-13-110swg\/"]}]},{"@type":"ImageObject","inLanguage":"lt-LT","@id":"https:\/\/www.pakery.pl\/lt\/produkt\/paker-jednodniowy-pi-spx-13-110swg\/#primaryimage","url":"https:\/\/www.pakery.pl\/wp-content\/uploads\/2021\/04\/PI-SPX-13110e.png","contentUrl":"https:\/\/www.pakery.pl\/wp-content\/uploads\/2021\/04\/PI-SPX-13110e.png","width":2000,"height":2000},{"@type":"BreadcrumbList","@id":"https:\/\/www.pakery.pl\/lt\/produkt\/paker-jednodniowy-pi-spx-13-110swg\/#breadcrumb","itemListElement":[{"@type":"ListItem","position":1,"name":"Strona g\u0142\u00f3wna","item":"https:\/\/www.pakery.pl\/lt\/"},{"@type":"ListItem","position":2,"name":"Parduotuv\u0117","item":"https:\/\/www.pakery.pl\/lt\/parduotuve\/"},{"@type":"ListItem","position":3,"name":"Dienos pakuot\u0117 PI-SPX 13\/110swg"}]},{"@type":"WebSite","@id":"https:\/\/www.pakery.pl\/lt\/#website","url":"https:\/\/www.pakery.pl\/lt\/","name":"Pakery.pl","description":"Pakery iniekcyjne, Kotwy spiralne, Lance iniekcyjne, W\u0119\u017ce do iniekcji, Pompy iniekcyjne, Serwis pomp iniekcyjnych, Wynajem pomp do iniekcji","publisher":{"@id":"https:\/\/www.pakery.pl\/lt\/#organization"},"potentialAction":[{"@type":"SearchAction","target":{"@type":"EntryPoint","urlTemplate":"https:\/\/www.pakery.pl\/lt\/?s={search_term_string}"},"query-input":{"@type":"PropertyValueSpecification","valueRequired":true,"valueName":"search_term_string"}}],"inLanguage":"lt-LT"},{"@type":"Organization","@id":"https:\/\/www.pakery.pl\/lt\/#organization","name":"PAKERY.PL","url":"https:\/\/www.pakery.pl\/lt\/","logo":{"@type":"ImageObject","inLanguage":"lt-LT","@id":"https:\/\/www.pakery.pl\/lt\/#\/schema\/logo\/image\/","url":"https:\/\/www.pakery.pl\/wp-content\/uploads\/2021\/04\/cropped-PAKERY-LOGO.png","contentUrl":"https:\/\/www.pakery.pl\/wp-content\/uploads\/2021\/04\/cropped-PAKERY-LOGO.png","width":1529,"height":500,"caption":"PAKERY.PL"},"image":{"@id":"https:\/\/www.pakery.pl\/lt\/#\/schema\/logo\/image\/"}}]}},"_links":{"self":[{"href":"https:\/\/www.pakery.pl\/lt\/wp-json\/wp\/v2\/product\/49315","targetHints":{"allow":["GET"]}}],"collection":[{"href":"https:\/\/www.pakery.pl\/lt\/wp-json\/wp\/v2\/product"}],"about":[{"href":"https:\/\/www.pakery.pl\/lt\/wp-json\/wp\/v2\/types\/product"}],"version-history":[{"count":1,"href":"https:\/\/www.pakery.pl\/lt\/wp-json\/wp\/v2\/product\/49315\/revisions"}],"predecessor-version":[{"id":49317,"href":"https:\/\/www.pakery.pl\/lt\/wp-json\/wp\/v2\/product\/49315\/revisions\/49317"}],"wp:featuredmedia":[{"embeddable":true,"href":"https:\/\/www.pakery.pl\/lt\/wp-json\/wp\/v2\/media\/49247"}],"wp:attachment":[{"href":"https:\/\/www.pakery.pl\/lt\/wp-json\/wp\/v2\/media?parent=49315"}],"wp:term":[{"taxonomy":"product_brand","embeddable":true,"href":"https:\/\/www.pakery.pl\/lt\/wp-json\/wp\/v2\/product_brand?post=49315"},{"taxonomy":"product_cat","embeddable":true,"href":"https:\/\/www.pakery.pl\/lt\/wp-json\/wp\/v2\/product_cat?post=49315"},{"taxonomy":"product_tag","embeddable":true,"href":"https:\/\/www.pakery.pl\/lt\/wp-json\/wp\/v2\/product_tag?post=49315"}],"curies":[{"name":"wp","href":"https:\/\/api.w.org\/{rel}","templated":true}]}}