{"id":48954,"date":"2025-05-12T08:00:38","date_gmt":"2025-05-12T06:11:54","guid":{"rendered":"https:\/\/www.pakery.pl\/produkt\/injekcinis-tankintuvas-pi-spm-13-300\/"},"modified":"2025-05-12T08:11:54","modified_gmt":"2025-05-12T06:11:54","slug":"paker-do-iniekcji-pi-spm-13-300","status":"publish","type":"product","link":"https:\/\/www.pakery.pl\/lt\/produkt\/paker-do-iniekcji-pi-spm-13-300\/","title":{"rendered":"Injekcinis tankintuvas PI-SPM 13\/300"},"content":{"rendered":"<p>Ilgus metus buvo pavyzdinis PI-SPM pacer <strong>profesionalios linijos<\/strong> serijos modelis. In\u017eektorius u\u017etikrina puik\u0173 sandarum\u0105 ir pavyzdin\u012f \u012ftvirtinim\u0105. In\u017eektorius tinka vis\u0173 tip\u0173 injekcijoms. Jis u\u017etikrina pavyzdin\u012f kalamitini\u0173 \u012ftais\u0173, taip pat strypin\u0117s dalies sandarum\u0105 tiek auk\u0161to, tiek \u017eemo sl\u0117gio injekcijoms.  <\/p>\n<p>D\u0117l speciali\u0173 kalamit\u0173 pakuot\u0117s puikiai i\u0161laiko prie\u0161sl\u0117g\u012f (&#8222;nepraleid\u017eia&#8221;).<\/p>\n<p><em><strong>SWG kalamitiniai sandarikliai<\/strong> mechani\u0161kai priver\u017eti anaerobiniais klijais, u\u017etikrinan\u010diais sandar\u0173 m6x1 sriegio sujungim\u0105.  <\/em><\/p>\n<p><em><strong>PRE kalamitiniai paketai<\/strong>, kuri\u0173 sriegiai i\u0161 anksto padengiami danga, tod\u0117l susukus kalamit\u0105 i\u0161 karto pasiekiamas sandarumas.<\/em><\/p>\n","protected":false},"excerpt":{"rendered":"<p>Ilgus metus buvo pavyzdinis PI-SPM pacer profesionalios linijos serijos modelis. In\u017eektorius u\u017etikrina puik\u0173 sandarum\u0105 ir pavyzdin\u012f \u012ftvirtinim\u0105. In\u017eektorius tinka vis\u0173 tip\u0173 injekcijoms. Jis u\u017etikrina pavyzdin\u012f kalamitini\u0173 \u012ftais\u0173, taip pat strypin\u0117s dalies sandarum\u0105 tiek auk\u0161to, tiek \u017eemo sl\u0117gio injekcijoms. D\u0117l speciali\u0173 kalamit\u0173 pakuot\u0117s puikiai i\u0161laiko prie\u0161sl\u0117g\u012f (&#8222;nepraleid\u017eia&#8221;). SWG kalamitiniai sandarikliai mechani\u0161kai priver\u017eti anaerobiniais klijais, u\u017etikrinan\u010diais sandar\u0173 [&hellip;]<\/p>\n","protected":false},"featured_media":50818,"template":"","meta":{"_acf_changed":false},"product_brand":[],"product_cat":[902],"product_tag":[],"class_list":{"0":"post-48954","1":"product","2":"type-product","3":"status-publish","4":"has-post-thumbnail","6":"product_cat-metalo-pakuotojai","8":"first","9":"instock","10":"taxable","11":"shipping-taxable","12":"product-type-simple"},"acf":[],"yoast_head":"<!-- This site is optimized with the Yoast SEO plugin v27.3 - https:\/\/yoast.com\/product\/yoast-seo-wordpress\/ -->\n<title>Injekcinis tankintuvas PI-SPM 13\/300 - PAKERY.PL<\/title>\n<meta name=\"robots\" content=\"index, follow, max-snippet:-1, max-image-preview:large, max-video-preview:-1\" \/>\n<link rel=\"canonical\" href=\"https:\/\/www.pakery.pl\/lt\/produkt\/paker-do-iniekcji-pi-spm-13-300\/\" \/>\n<meta property=\"og:locale\" content=\"lt_LT\" \/>\n<meta property=\"og:type\" content=\"article\" \/>\n<meta property=\"og:title\" content=\"Injekcinis tankintuvas PI-SPM 13\/300 - PAKERY.PL\" \/>\n<meta property=\"og:description\" content=\"Ilgus metus buvo pavyzdinis PI-SPM pacer profesionalios linijos serijos modelis. In\u017eektorius u\u017etikrina puik\u0173 sandarum\u0105 ir pavyzdin\u012f \u012ftvirtinim\u0105. In\u017eektorius tinka vis\u0173 tip\u0173 injekcijoms. Jis u\u017etikrina pavyzdin\u012f kalamitini\u0173 \u012ftais\u0173, taip pat strypin\u0117s dalies sandarum\u0105 tiek auk\u0161to, tiek \u017eemo sl\u0117gio injekcijoms. D\u0117l speciali\u0173 kalamit\u0173 pakuot\u0117s puikiai i\u0161laiko prie\u0161sl\u0117g\u012f (&#8222;nepraleid\u017eia&#8221;). SWG kalamitiniai sandarikliai mechani\u0161kai priver\u017eti anaerobiniais klijais, u\u017etikrinan\u010diais sandar\u0173 [&hellip;]\" \/>\n<meta property=\"og:url\" content=\"https:\/\/www.pakery.pl\/lt\/produkt\/paker-do-iniekcji-pi-spm-13-300\/\" \/>\n<meta property=\"og:site_name\" content=\"PAKERY.PL\" \/>\n<meta property=\"og:image\" content=\"https:\/\/www.pakery.pl\/wp-content\/uploads\/2025\/05\/PI-SPM-13300-ikona.jpg\" \/>\n\t<meta property=\"og:image:width\" content=\"683\" \/>\n\t<meta property=\"og:image:height\" content=\"683\" \/>\n\t<meta property=\"og:image:type\" content=\"image\/jpeg\" \/>\n<meta name=\"twitter:card\" content=\"summary_large_image\" \/>\n<script type=\"application\/ld+json\" class=\"yoast-schema-graph\">{\"@context\":\"https:\\\/\\\/schema.org\",\"@graph\":[{\"@type\":\"WebPage\",\"@id\":\"https:\\\/\\\/www.pakery.pl\\\/lt\\\/produkt\\\/paker-do-iniekcji-pi-spm-13-300\\\/\",\"url\":\"https:\\\/\\\/www.pakery.pl\\\/lt\\\/produkt\\\/paker-do-iniekcji-pi-spm-13-300\\\/\",\"name\":\"Injekcinis tankintuvas PI-SPM 13\\\/300 - PAKERY.PL\",\"isPartOf\":{\"@id\":\"https:\\\/\\\/www.pakery.pl\\\/lt\\\/#website\"},\"primaryImageOfPage\":{\"@id\":\"https:\\\/\\\/www.pakery.pl\\\/lt\\\/produkt\\\/paker-do-iniekcji-pi-spm-13-300\\\/#primaryimage\"},\"image\":{\"@id\":\"https:\\\/\\\/www.pakery.pl\\\/lt\\\/produkt\\\/paker-do-iniekcji-pi-spm-13-300\\\/#primaryimage\"},\"thumbnailUrl\":\"https:\\\/\\\/www.pakery.pl\\\/wp-content\\\/uploads\\\/2025\\\/05\\\/PI-SPM-13300-ikona.png\",\"datePublished\":\"2025-05-12T06:11:54+00:00\",\"breadcrumb\":{\"@id\":\"https:\\\/\\\/www.pakery.pl\\\/lt\\\/produkt\\\/paker-do-iniekcji-pi-spm-13-300\\\/#breadcrumb\"},\"inLanguage\":\"lt-LT\",\"potentialAction\":[{\"@type\":\"ReadAction\",\"target\":[\"https:\\\/\\\/www.pakery.pl\\\/lt\\\/produkt\\\/paker-do-iniekcji-pi-spm-13-300\\\/\"]}]},{\"@type\":\"ImageObject\",\"inLanguage\":\"lt-LT\",\"@id\":\"https:\\\/\\\/www.pakery.pl\\\/lt\\\/produkt\\\/paker-do-iniekcji-pi-spm-13-300\\\/#primaryimage\",\"url\":\"https:\\\/\\\/www.pakery.pl\\\/wp-content\\\/uploads\\\/2025\\\/05\\\/PI-SPM-13300-ikona.png\",\"contentUrl\":\"https:\\\/\\\/www.pakery.pl\\\/wp-content\\\/uploads\\\/2025\\\/05\\\/PI-SPM-13300-ikona.png\",\"width\":683,\"height\":683},{\"@type\":\"BreadcrumbList\",\"@id\":\"https:\\\/\\\/www.pakery.pl\\\/lt\\\/produkt\\\/paker-do-iniekcji-pi-spm-13-300\\\/#breadcrumb\",\"itemListElement\":[{\"@type\":\"ListItem\",\"position\":1,\"name\":\"Strona g\u0142\u00f3wna\",\"item\":\"https:\\\/\\\/www.pakery.pl\\\/lt\\\/\"},{\"@type\":\"ListItem\",\"position\":2,\"name\":\"Parduotuv\u0117\",\"item\":\"https:\\\/\\\/www.pakery.pl\\\/lt\\\/parduotuve\\\/\"},{\"@type\":\"ListItem\",\"position\":3,\"name\":\"Injekcinis tankintuvas PI-SPM 13\\\/300\"}]},{\"@type\":\"WebSite\",\"@id\":\"https:\\\/\\\/www.pakery.pl\\\/lt\\\/#website\",\"url\":\"https:\\\/\\\/www.pakery.pl\\\/lt\\\/\",\"name\":\"Pakery.pl\",\"description\":\"Pakery iniekcyjne, Kotwy spiralne, Lance iniekcyjne, W\u0119\u017ce do iniekcji, Pompy iniekcyjne, Serwis pomp iniekcyjnych, Wynajem pomp do iniekcji\",\"publisher\":{\"@id\":\"https:\\\/\\\/www.pakery.pl\\\/lt\\\/#organization\"},\"potentialAction\":[{\"@type\":\"SearchAction\",\"target\":{\"@type\":\"EntryPoint\",\"urlTemplate\":\"https:\\\/\\\/www.pakery.pl\\\/lt\\\/?s={search_term_string}\"},\"query-input\":{\"@type\":\"PropertyValueSpecification\",\"valueRequired\":true,\"valueName\":\"search_term_string\"}}],\"inLanguage\":\"lt-LT\"},{\"@type\":\"Organization\",\"@id\":\"https:\\\/\\\/www.pakery.pl\\\/lt\\\/#organization\",\"name\":\"PAKERY.PL\",\"url\":\"https:\\\/\\\/www.pakery.pl\\\/lt\\\/\",\"logo\":{\"@type\":\"ImageObject\",\"inLanguage\":\"lt-LT\",\"@id\":\"https:\\\/\\\/www.pakery.pl\\\/lt\\\/#\\\/schema\\\/logo\\\/image\\\/\",\"url\":\"https:\\\/\\\/www.pakery.pl\\\/wp-content\\\/uploads\\\/2021\\\/04\\\/cropped-PAKERY-LOGO.png\",\"contentUrl\":\"https:\\\/\\\/www.pakery.pl\\\/wp-content\\\/uploads\\\/2021\\\/04\\\/cropped-PAKERY-LOGO.png\",\"width\":1529,\"height\":500,\"caption\":\"PAKERY.PL\"},\"image\":{\"@id\":\"https:\\\/\\\/www.pakery.pl\\\/lt\\\/#\\\/schema\\\/logo\\\/image\\\/\"}}]}<\/script>\n<!-- \/ Yoast SEO plugin. -->","yoast_head_json":{"title":"Injekcinis tankintuvas PI-SPM 13\/300 - PAKERY.PL","robots":{"index":"index","follow":"follow","max-snippet":"max-snippet:-1","max-image-preview":"max-image-preview:large","max-video-preview":"max-video-preview:-1"},"canonical":"https:\/\/www.pakery.pl\/lt\/produkt\/paker-do-iniekcji-pi-spm-13-300\/","og_locale":"lt_LT","og_type":"article","og_title":"Injekcinis tankintuvas PI-SPM 13\/300 - PAKERY.PL","og_description":"Ilgus metus buvo pavyzdinis PI-SPM pacer profesionalios linijos serijos modelis. In\u017eektorius u\u017etikrina puik\u0173 sandarum\u0105 ir pavyzdin\u012f \u012ftvirtinim\u0105. In\u017eektorius tinka vis\u0173 tip\u0173 injekcijoms. Jis u\u017etikrina pavyzdin\u012f kalamitini\u0173 \u012ftais\u0173, taip pat strypin\u0117s dalies sandarum\u0105 tiek auk\u0161to, tiek \u017eemo sl\u0117gio injekcijoms. D\u0117l speciali\u0173 kalamit\u0173 pakuot\u0117s puikiai i\u0161laiko prie\u0161sl\u0117g\u012f (&#8222;nepraleid\u017eia&#8221;). SWG kalamitiniai sandarikliai mechani\u0161kai priver\u017eti anaerobiniais klijais, u\u017etikrinan\u010diais sandar\u0173 [&hellip;]","og_url":"https:\/\/www.pakery.pl\/lt\/produkt\/paker-do-iniekcji-pi-spm-13-300\/","og_site_name":"PAKERY.PL","og_image":[{"width":683,"height":683,"url":"https:\/\/www.pakery.pl\/wp-content\/uploads\/2025\/05\/PI-SPM-13300-ikona.jpg","type":"image\/jpeg"}],"twitter_card":"summary_large_image","schema":{"@context":"https:\/\/schema.org","@graph":[{"@type":"WebPage","@id":"https:\/\/www.pakery.pl\/lt\/produkt\/paker-do-iniekcji-pi-spm-13-300\/","url":"https:\/\/www.pakery.pl\/lt\/produkt\/paker-do-iniekcji-pi-spm-13-300\/","name":"Injekcinis tankintuvas PI-SPM 13\/300 - PAKERY.PL","isPartOf":{"@id":"https:\/\/www.pakery.pl\/lt\/#website"},"primaryImageOfPage":{"@id":"https:\/\/www.pakery.pl\/lt\/produkt\/paker-do-iniekcji-pi-spm-13-300\/#primaryimage"},"image":{"@id":"https:\/\/www.pakery.pl\/lt\/produkt\/paker-do-iniekcji-pi-spm-13-300\/#primaryimage"},"thumbnailUrl":"https:\/\/www.pakery.pl\/wp-content\/uploads\/2025\/05\/PI-SPM-13300-ikona.png","datePublished":"2025-05-12T06:11:54+00:00","breadcrumb":{"@id":"https:\/\/www.pakery.pl\/lt\/produkt\/paker-do-iniekcji-pi-spm-13-300\/#breadcrumb"},"inLanguage":"lt-LT","potentialAction":[{"@type":"ReadAction","target":["https:\/\/www.pakery.pl\/lt\/produkt\/paker-do-iniekcji-pi-spm-13-300\/"]}]},{"@type":"ImageObject","inLanguage":"lt-LT","@id":"https:\/\/www.pakery.pl\/lt\/produkt\/paker-do-iniekcji-pi-spm-13-300\/#primaryimage","url":"https:\/\/www.pakery.pl\/wp-content\/uploads\/2025\/05\/PI-SPM-13300-ikona.png","contentUrl":"https:\/\/www.pakery.pl\/wp-content\/uploads\/2025\/05\/PI-SPM-13300-ikona.png","width":683,"height":683},{"@type":"BreadcrumbList","@id":"https:\/\/www.pakery.pl\/lt\/produkt\/paker-do-iniekcji-pi-spm-13-300\/#breadcrumb","itemListElement":[{"@type":"ListItem","position":1,"name":"Strona g\u0142\u00f3wna","item":"https:\/\/www.pakery.pl\/lt\/"},{"@type":"ListItem","position":2,"name":"Parduotuv\u0117","item":"https:\/\/www.pakery.pl\/lt\/parduotuve\/"},{"@type":"ListItem","position":3,"name":"Injekcinis tankintuvas PI-SPM 13\/300"}]},{"@type":"WebSite","@id":"https:\/\/www.pakery.pl\/lt\/#website","url":"https:\/\/www.pakery.pl\/lt\/","name":"Pakery.pl","description":"Pakery iniekcyjne, Kotwy spiralne, Lance iniekcyjne, W\u0119\u017ce do iniekcji, Pompy iniekcyjne, Serwis pomp iniekcyjnych, Wynajem pomp do iniekcji","publisher":{"@id":"https:\/\/www.pakery.pl\/lt\/#organization"},"potentialAction":[{"@type":"SearchAction","target":{"@type":"EntryPoint","urlTemplate":"https:\/\/www.pakery.pl\/lt\/?s={search_term_string}"},"query-input":{"@type":"PropertyValueSpecification","valueRequired":true,"valueName":"search_term_string"}}],"inLanguage":"lt-LT"},{"@type":"Organization","@id":"https:\/\/www.pakery.pl\/lt\/#organization","name":"PAKERY.PL","url":"https:\/\/www.pakery.pl\/lt\/","logo":{"@type":"ImageObject","inLanguage":"lt-LT","@id":"https:\/\/www.pakery.pl\/lt\/#\/schema\/logo\/image\/","url":"https:\/\/www.pakery.pl\/wp-content\/uploads\/2021\/04\/cropped-PAKERY-LOGO.png","contentUrl":"https:\/\/www.pakery.pl\/wp-content\/uploads\/2021\/04\/cropped-PAKERY-LOGO.png","width":1529,"height":500,"caption":"PAKERY.PL"},"image":{"@id":"https:\/\/www.pakery.pl\/lt\/#\/schema\/logo\/image\/"}}]}},"_links":{"self":[{"href":"https:\/\/www.pakery.pl\/lt\/wp-json\/wp\/v2\/product\/48954","targetHints":{"allow":["GET"]}}],"collection":[{"href":"https:\/\/www.pakery.pl\/lt\/wp-json\/wp\/v2\/product"}],"about":[{"href":"https:\/\/www.pakery.pl\/lt\/wp-json\/wp\/v2\/types\/product"}],"version-history":[{"count":0,"href":"https:\/\/www.pakery.pl\/lt\/wp-json\/wp\/v2\/product\/48954\/revisions"}],"wp:featuredmedia":[{"embeddable":true,"href":"https:\/\/www.pakery.pl\/lt\/wp-json\/wp\/v2\/media\/50818"}],"wp:attachment":[{"href":"https:\/\/www.pakery.pl\/lt\/wp-json\/wp\/v2\/media?parent=48954"}],"wp:term":[{"taxonomy":"product_brand","embeddable":true,"href":"https:\/\/www.pakery.pl\/lt\/wp-json\/wp\/v2\/product_brand?post=48954"},{"taxonomy":"product_cat","embeddable":true,"href":"https:\/\/www.pakery.pl\/lt\/wp-json\/wp\/v2\/product_cat?post=48954"},{"taxonomy":"product_tag","embeddable":true,"href":"https:\/\/www.pakery.pl\/lt\/wp-json\/wp\/v2\/product_tag?post=48954"}],"curies":[{"name":"wp","href":"https:\/\/api.w.org\/{rel}","templated":true}]}}