{"id":44072,"date":"2023-04-06T10:15:20","date_gmt":"2023-04-06T08:15:20","guid":{"rendered":"https:\/\/www.pakery.pl\/produkt\/crackon-5-vandeniui-atsparus-greitai-stingstantis-skiedinys\/"},"modified":"2023-04-06T10:15:28","modified_gmt":"2023-04-06T08:15:28","slug":"crackon-5-vandeniui-atsparus-greitai-stingstantis-skiedinys","status":"publish","type":"product","link":"https:\/\/www.pakery.pl\/lt\/produkt\/crackon-5-vandeniui-atsparus-greitai-stingstantis-skiedinys\/","title":{"rendered":"CrackOn.5 vandeniui atsparus greitai stingstantis skiedinys"},"content":{"rendered":"\t\t<div data-elementor-type=\"product-post\" data-elementor-id=\"44072\" class=\"elementor elementor-44072 elementor-41186\" data-elementor-post-type=\"product\">\n\t\t\t\t\t\t<section class=\"elementor-section elementor-top-section elementor-element elementor-element-2928d35 elementor-section-boxed elementor-section-height-default elementor-section-height-default\" data-id=\"2928d35\" data-element_type=\"section\" data-e-type=\"section\">\n\t\t\t\t\t\t<div class=\"elementor-container elementor-column-gap-default\">\n\t\t\t\t\t<div class=\"elementor-column elementor-col-50 elementor-top-column elementor-element elementor-element-eea3ab2\" data-id=\"eea3ab2\" data-element_type=\"column\" data-e-type=\"column\">\n\t\t\t<div class=\"elementor-widget-wrap elementor-element-populated\">\n\t\t\t\t\t\t<div class=\"elementor-element elementor-element-785be24 elementor-widget elementor-widget-image\" data-id=\"785be24\" data-element_type=\"widget\" data-e-type=\"widget\" data-widget_type=\"image.default\">\n\t\t\t\t<div class=\"elementor-widget-container\">\n\t\t\t\t\t\t\t\t\t\t\t\t\t\t\t<img fetchpriority=\"high\" decoding=\"async\" width=\"560\" height=\"175\" src=\"https:\/\/www.pakery.pl\/wp-content\/uploads\/2022\/06\/Zrzut-ekranu-2022-06-9-o-09.03.44.png\" class=\"attachment-large size-large wp-image-41202\" alt=\"\" srcset=\"https:\/\/www.pakery.pl\/wp-content\/uploads\/2022\/06\/Zrzut-ekranu-2022-06-9-o-09.03.44.png 560w, https:\/\/www.pakery.pl\/wp-content\/uploads\/2022\/06\/Zrzut-ekranu-2022-06-9-o-09.03.44-300x94.png 300w\" sizes=\"(max-width: 560px) 100vw, 560px\" \/>\t\t\t\t\t\t\t\t\t\t\t\t\t\t\t<\/div>\n\t\t\t\t<\/div>\n\t\t\t\t\t<\/div>\n\t\t<\/div>\n\t\t\t\t<div class=\"elementor-column elementor-col-50 elementor-top-column elementor-element elementor-element-fc19765\" data-id=\"fc19765\" data-element_type=\"column\" data-e-type=\"column\">\n\t\t\t<div class=\"elementor-widget-wrap elementor-element-populated\">\n\t\t\t\t\t\t<div class=\"elementor-element elementor-element-270ede0 elementor-widget elementor-widget-text-editor\" data-id=\"270ede0\" data-element_type=\"widget\" data-e-type=\"widget\" data-widget_type=\"text-editor.default\">\n\t\t\t\t<div class=\"elementor-widget-container\">\n\t\t\t\t\t\t\t\t\t<p><b style=\"caret-color: #070707; color: #070707;\">CrackOn.5<\/b><span style=\"caret-color: #070707; color: #070707;\"> tai produktas, skirtas greitai u\u017esandarinti betono elementus, \u012ftr\u016bkimus ir skyles betone bei u\u017etverti vietin\u012f vandens pratek\u0117jim\u0105.<\/span><\/p>\n\t\t\t\t\t\t\t\t<\/div>\n\t\t\t\t<\/div>\n\t\t\t\t\t<\/div>\n\t\t<\/div>\n\t\t\t\t\t<\/div>\n\t\t<\/section>\n\t\t\t\t<section class=\"elementor-section elementor-top-section elementor-element elementor-element-bd32a33 elementor-section-boxed elementor-section-height-default elementor-section-height-default\" data-id=\"bd32a33\" data-element_type=\"section\" data-e-type=\"section\">\n\t\t\t\t\t\t<div class=\"elementor-container elementor-column-gap-default\">\n\t\t\t\t\t<div class=\"elementor-column elementor-col-50 elementor-top-column elementor-element elementor-element-a9e4796\" data-id=\"a9e4796\" data-element_type=\"column\" data-e-type=\"column\">\n\t\t\t<div class=\"elementor-widget-wrap elementor-element-populated\">\n\t\t\t\t\t\t<div class=\"elementor-element elementor-element-d02ff8f elementor-widget elementor-widget-text-editor\" data-id=\"d02ff8f\" data-element_type=\"widget\" data-e-type=\"widget\" data-widget_type=\"text-editor.default\">\n\t\t\t\t<div class=\"elementor-widget-container\">\n\t\t\t\t\t\t\t\t\t<p><span style=\"caret-color: #000000; color: #14408a; font-family: ArialNarrow; font-size: 18.66666603088379px; font-weight: bold;\">Taikymo sritys  <\/span><\/p>\n\t\t\t\t\t\t\t\t<\/div>\n\t\t\t\t<\/div>\n\t\t\t\t\t<\/div>\n\t\t<\/div>\n\t\t\t\t<div class=\"elementor-column elementor-col-50 elementor-top-column elementor-element elementor-element-a5f2224\" data-id=\"a5f2224\" data-element_type=\"column\" data-e-type=\"column\">\n\t\t\t<div class=\"elementor-widget-wrap\">\n\t\t\t\t\t\t\t<\/div>\n\t\t<\/div>\n\t\t\t\t\t<\/div>\n\t\t<\/section>\n\t\t\t\t<section class=\"elementor-section elementor-top-section elementor-element elementor-element-c46a362 elementor-section-boxed elementor-section-height-default elementor-section-height-default\" data-id=\"c46a362\" data-element_type=\"section\" data-e-type=\"section\">\n\t\t\t\t\t\t<div class=\"elementor-container elementor-column-gap-default\">\n\t\t\t\t\t<div class=\"elementor-column elementor-col-100 elementor-top-column elementor-element elementor-element-86657da\" data-id=\"86657da\" data-element_type=\"column\" data-e-type=\"column\">\n\t\t\t<div class=\"elementor-widget-wrap elementor-element-populated\">\n\t\t\t\t\t\t<div class=\"elementor-element elementor-element-9f03506 elementor-widget elementor-widget-text-editor\" data-id=\"9f03506\" data-element_type=\"widget\" data-e-type=\"widget\" data-widget_type=\"text-editor.default\">\n\t\t\t\t<div class=\"elementor-widget-container\">\n\t\t\t\t\t\t\t\t\t<ul style=\"caret-color: #151414; color: #151414;\">\n<li>Nuotek\u0173 infrastrukt\u016bra<\/li>\n<li>Pramonin\u0117 statyba, hidrotechnika, energetika<\/li>\n<li>Vertikal\u016bs, horizontal\u016bs, lub\u0173 pavir\u0161iai<\/li>\n<li>Vandens nuot\u0117kiui laikinai sulaikyti<\/li>\n<li>Skirta naudoti tiek patalpose, tiek lauke<\/li>\n<li>Greitam plienini\u0173 element\u0173 montavimui ir tvirtinimui betone<\/li>\n<li>\u012etr\u016bkimams ir skyl\u0117ms u\u017epildyti<\/li>\n<\/ul>\n\t\t\t\t\t\t\t\t<\/div>\n\t\t\t\t<\/div>\n\t\t\t\t\t<\/div>\n\t\t<\/div>\n\t\t\t\t\t<\/div>\n\t\t<\/section>\n\t\t\t\t<section class=\"elementor-section elementor-top-section elementor-element elementor-element-45bc812 elementor-section-boxed elementor-section-height-default elementor-section-height-default\" data-id=\"45bc812\" data-element_type=\"section\" data-e-type=\"section\">\n\t\t\t\t\t\t<div class=\"elementor-container elementor-column-gap-default\">\n\t\t\t\t\t<div class=\"elementor-column elementor-col-50 elementor-top-column elementor-element elementor-element-60e491c\" data-id=\"60e491c\" data-element_type=\"column\" data-e-type=\"column\">\n\t\t\t<div class=\"elementor-widget-wrap elementor-element-populated\">\n\t\t\t\t\t\t<div class=\"elementor-element elementor-element-b50d958 elementor-widget elementor-widget-text-editor\" data-id=\"b50d958\" data-element_type=\"widget\" data-e-type=\"widget\" data-widget_type=\"text-editor.default\">\n\t\t\t\t<div class=\"elementor-widget-container\">\n\t\t\t\t\t\t\t\t\t<p><span style=\"caret-color: #000000; color: #14408a; font-family: ArialNarrow; font-size: 18.66666603088379px; font-weight: bold;\">Taikymo b\u016bdas<\/span><\/p>\n\t\t\t\t\t\t\t\t<\/div>\n\t\t\t\t<\/div>\n\t\t\t\t\t<\/div>\n\t\t<\/div>\n\t\t\t\t<div class=\"elementor-column elementor-col-50 elementor-top-column elementor-element elementor-element-2f97c5f\" data-id=\"2f97c5f\" data-element_type=\"column\" data-e-type=\"column\">\n\t\t\t<div class=\"elementor-widget-wrap\">\n\t\t\t\t\t\t\t<\/div>\n\t\t<\/div>\n\t\t\t\t\t<\/div>\n\t\t<\/section>\n\t\t\t\t<section class=\"elementor-section elementor-top-section elementor-element elementor-element-16fdd51 elementor-section-boxed elementor-section-height-default elementor-section-height-default\" data-id=\"16fdd51\" data-element_type=\"section\" data-e-type=\"section\">\n\t\t\t\t\t\t<div class=\"elementor-container elementor-column-gap-default\">\n\t\t\t\t\t<div class=\"elementor-column elementor-col-50 elementor-top-column elementor-element elementor-element-c2fdfbd\" data-id=\"c2fdfbd\" data-element_type=\"column\" data-e-type=\"column\">\n\t\t\t<div class=\"elementor-widget-wrap elementor-element-populated\">\n\t\t\t\t\t\t<div class=\"elementor-element elementor-element-e6aedfd elementor-widget elementor-widget-image\" data-id=\"e6aedfd\" data-element_type=\"widget\" data-e-type=\"widget\" data-widget_type=\"image.default\">\n\t\t\t\t<div class=\"elementor-widget-container\">\n\t\t\t\t\t\t\t\t\t\t\t\t\t\t\t<img decoding=\"async\" width=\"408\" height=\"368\" src=\"https:\/\/www.pakery.pl\/wp-content\/uploads\/2022\/06\/Zrzut-ekranu-2022-06-9-o-09.19.39.png\" class=\"attachment-large size-large wp-image-41226\" alt=\"\" srcset=\"https:\/\/www.pakery.pl\/wp-content\/uploads\/2022\/06\/Zrzut-ekranu-2022-06-9-o-09.19.39.png 408w, https:\/\/www.pakery.pl\/wp-content\/uploads\/2022\/06\/Zrzut-ekranu-2022-06-9-o-09.19.39-300x271.png 300w\" sizes=\"(max-width: 408px) 100vw, 408px\" \/>\t\t\t\t\t\t\t\t\t\t\t\t\t\t\t<\/div>\n\t\t\t\t<\/div>\n\t\t\t\t\t<\/div>\n\t\t<\/div>\n\t\t\t\t<div class=\"elementor-column elementor-col-50 elementor-top-column elementor-element elementor-element-b92204b\" data-id=\"b92204b\" data-element_type=\"column\" data-e-type=\"column\">\n\t\t\t<div class=\"elementor-widget-wrap elementor-element-populated\">\n\t\t\t\t\t\t<div class=\"elementor-element elementor-element-8dad73f elementor-widget elementor-widget-text-editor\" data-id=\"8dad73f\" data-element_type=\"widget\" data-e-type=\"widget\" data-widget_type=\"text-editor.default\">\n\t\t\t\t<div class=\"elementor-widget-container\">\n\t\t\t\t\t\t\t\t\t<ul>\n<li style=\"margin: 0px; text-align: justify; font-stretch: normal; font-size: 10px; line-height: normal; font-family: 'Arial Narrow'; color: #000000;\">\n<h6>Med\u017eiagos, aplinkos ir pagrindo temperat\u016bra turi b\u016bti nuo +5 \u00b0C iki +30 \u00b0C.<\/h6>\n<\/li>\n<li style=\"margin: 0px; text-align: justify; font-stretch: normal; font-size: 10px; line-height: normal; font-family: 'Arial Narrow'; color: #000000;\">\n<h6>D\u0117l \u017eemesn\u0117s temperat\u016bros skiedinio galiojimo laikas pailg\u0117ja, o d\u0117l auk\u0161tesn\u0117s temperat\u016bros &#8211; sutrump\u0117ja.<\/h6>\n<\/li>\n<li style=\"margin: 0px; text-align: justify; font-stretch: normal; font-size: 10px; line-height: normal; font-family: 'Arial Narrow'; color: #000000;\">\n<h6>\u012espauskite paruo\u0161t\u0105 skiedin\u012f \u012f tikslin\u0119 srit\u012f ir laikykite, kol sukiet\u0117s.<\/h6>\n<\/li>\n<\/ul>\n<div style=\"text-align: justify;\">\n<table style=\"width: 550px; caret-color: #000000; color: #000000;\" cellspacing=\"0\" cellpadding=\"0\">\n<tbody>\n<tr>\n<td style=\"width: 214px; height: 30px; border: 1px solid #000000; padding: 4px;\" rowspan=\"2\" valign=\"middle\">\n<h6 style=\"margin-right: 0px; margin-bottom: 0px; margin-left: 0px;\"><span style=\"font-stretch: normal; font-size: 15px; line-height: normal; font-family: 'Arial Narrow'; font-variant-ligatures: common-ligatures;\">Skiedinio apdirbimo laikas<\/span><\/h6>\n<\/td>\n<td style=\"width: 162px; height: 10px; border: 1px solid #000000; padding: 4px;\" valign=\"middle\">\n<h3 style=\"margin-right: 0px; margin-bottom: 0px; margin-left: 0px; text-align: center;\" align=\"center\"><span style=\"font-stretch: normal; font-size: 15px; line-height: normal; font-family: 'Arial Narrow'; font-variant-ligatures: common-ligatures;\">4 min. 25 \u00b0C temperat\u016broje<\/span><\/h3>\n<\/td>\n<\/tr>\n<tr>\n<td style=\"width: 162px; height: 11px; border: 1px solid #000000; padding: 4px;\" valign=\"middle\">\n<h3 style=\"margin-right: 0px; margin-bottom: 0px; margin-left: 0px; text-align: center;\" align=\"center\"><span style=\"font-stretch: normal; font-size: 15px; line-height: normal; font-family: 'Arial Narrow'; font-variant-ligatures: common-ligatures;\">7 min. 7 \u00b0C temperat\u016broje<\/span><\/h3>\n<\/td>\n<\/tr>\n<\/tbody>\n<\/table>\n<\/div>\n\t\t\t\t\t\t\t\t<\/div>\n\t\t\t\t<\/div>\n\t\t\t\t\t<\/div>\n\t\t<\/div>\n\t\t\t\t\t<\/div>\n\t\t<\/section>\n\t\t\t\t<section class=\"elementor-section elementor-top-section elementor-element elementor-element-51e2dcd elementor-section-boxed elementor-section-height-default elementor-section-height-default\" data-id=\"51e2dcd\" data-element_type=\"section\" data-e-type=\"section\">\n\t\t\t\t\t\t<div class=\"elementor-container elementor-column-gap-default\">\n\t\t\t\t\t<div class=\"elementor-column elementor-col-50 elementor-top-column elementor-element elementor-element-c3aee0c\" data-id=\"c3aee0c\" data-element_type=\"column\" data-e-type=\"column\">\n\t\t\t<div class=\"elementor-widget-wrap elementor-element-populated\">\n\t\t\t\t\t\t<div class=\"elementor-element elementor-element-6745adf elementor-widget elementor-widget-text-editor\" data-id=\"6745adf\" data-element_type=\"widget\" data-e-type=\"widget\" data-widget_type=\"text-editor.default\">\n\t\t\t\t<div class=\"elementor-widget-container\">\n\t\t\t\t\t\t\t\t\t<h5 style=\"font-family: Montserrat, sans-serif; color: #7a7a7a;\"><b style=\"caret-color: #000000; color: #14408a; font-family: ArialNarrow;\">Atsisi\u0173sti<\/b><\/h5>\n\t\t\t\t\t\t\t\t<\/div>\n\t\t\t\t<\/div>\n\t\t\t\t\t<\/div>\n\t\t<\/div>\n\t\t\t\t<div class=\"elementor-column elementor-col-50 elementor-top-column elementor-element elementor-element-496f486\" data-id=\"496f486\" data-element_type=\"column\" data-e-type=\"column\">\n\t\t\t<div class=\"elementor-widget-wrap elementor-element-populated\">\n\t\t\t\t\t\t<div class=\"elementor-element elementor-element-88d1809 elementor-widget elementor-widget-button\" data-id=\"88d1809\" data-element_type=\"widget\" data-e-type=\"widget\" data-widget_type=\"button.default\">\n\t\t\t\t<div class=\"elementor-widget-container\">\n\t\t\t\t\t\t\t\t\t<div class=\"elementor-button-wrapper\">\n\t\t\t\t\t<a class=\"elementor-button elementor-button-link elementor-size-sm\" href=\"https:\/\/www.pakery.pl\/wp-content\/uploads\/2022\/06\/ResinBau-CrackOn-5-Karta-Techniczna.pdf\">\n\t\t\t\t\t\t<span class=\"elementor-button-content-wrapper\">\n\t\t\t\t\t\t\t\t\t<span class=\"elementor-button-text\">Techninis lapas<\/span>\n\t\t\t\t\t<\/span>\n\t\t\t\t\t<\/a>\n\t\t\t\t<\/div>\n\t\t\t\t\t\t\t\t<\/div>\n\t\t\t\t<\/div>\n\t\t\t\t\t<\/div>\n\t\t<\/div>\n\t\t\t\t\t<\/div>\n\t\t<\/section>\n\t\t\t\t<\/div>\n\t\t","protected":false},"excerpt":{"rendered":"<p>CrackOn.5 tai produktas, skirtas greitai u\u017esandarinti betono elementus, \u012ftr\u016bkimus ir skyles betone bei u\u017etverti vietin\u012f vandens pratek\u0117jim\u0105. Taikymo sritys Nuotek\u0173 infrastrukt\u016bra Pramonin\u0117 statyba, hidrotechnika, energetika Vertikal\u016bs, horizontal\u016bs, lub\u0173 pavir\u0161iai Vandens nuot\u0117kiui laikinai sulaikyti Skirta naudoti tiek patalpose, tiek lauke Greitam plienini\u0173 element\u0173 montavimui ir tvirtinimui betone \u012etr\u016bkimams ir skyl\u0117ms u\u017epildyti Taikymo b\u016bdas Med\u017eiagos, aplinkos ir [&hellip;]<\/p>\n","protected":false},"featured_media":41250,"template":"","meta":{"_acf_changed":false},"product_brand":[],"product_cat":[1903],"product_tag":[],"class_list":{"0":"post-44072","1":"product","2":"type-product","3":"status-publish","4":"has-post-thumbnail","6":"product_cat-injekcines-dervos","8":"first","9":"instock","10":"taxable","11":"shipping-taxable","12":"purchasable","13":"product-type-simple"},"acf":[],"yoast_head":"<!-- This site is optimized with the Yoast SEO plugin v27.3 - https:\/\/yoast.com\/product\/yoast-seo-wordpress\/ -->\n<title>CrackOn.5 vandeniui atsparus greitai stingstantis skiedinys - PAKERY.PL<\/title>\n<meta name=\"description\" content=\"&quot;CrackOn.5&quot; vandeniui atsparus greitai stingstantis skiedinys | Injekciniai paketai | Injekcinis statybinis skiedinys\" \/>\n<meta name=\"robots\" content=\"index, follow, max-snippet:-1, max-image-preview:large, max-video-preview:-1\" \/>\n<link rel=\"canonical\" href=\"https:\/\/www.pakery.pl\/lt\/produkt\/crackon-5-vandeniui-atsparus-greitai-stingstantis-skiedinys\/\" \/>\n<meta property=\"og:locale\" content=\"lt_LT\" \/>\n<meta property=\"og:type\" content=\"article\" \/>\n<meta property=\"og:title\" content=\"CrackOn.5 vandeniui atsparus greitai stingstantis skiedinys - PAKERY.PL\" \/>\n<meta property=\"og:description\" content=\"&quot;CrackOn.5&quot; vandeniui atsparus greitai stingstantis skiedinys | Injekciniai paketai | Injekcinis statybinis skiedinys\" \/>\n<meta property=\"og:url\" content=\"https:\/\/www.pakery.pl\/lt\/produkt\/crackon-5-vandeniui-atsparus-greitai-stingstantis-skiedinys\/\" \/>\n<meta property=\"og:site_name\" content=\"PAKERY.PL\" \/>\n<meta property=\"article:modified_time\" content=\"2023-04-06T08:15:28+00:00\" \/>\n<meta property=\"og:image\" content=\"https:\/\/www.pakery.pl\/wp-content\/uploads\/2022\/06\/CrackOn.5-602x551-1-e1657201249223.png\" \/>\n\t<meta property=\"og:image:width\" content=\"602\" \/>\n\t<meta property=\"og:image:height\" content=\"551\" \/>\n\t<meta property=\"og:image:type\" content=\"image\/png\" \/>\n<meta name=\"twitter:card\" content=\"summary_large_image\" \/>\n<meta name=\"twitter:label1\" content=\"Est. reading time\" \/>\n\t<meta name=\"twitter:data1\" content=\"1 minut\u0117\" \/>\n<script type=\"application\/ld+json\" class=\"yoast-schema-graph\">{\"@context\":\"https:\\\/\\\/schema.org\",\"@graph\":[{\"@type\":\"WebPage\",\"@id\":\"https:\\\/\\\/www.pakery.pl\\\/lt\\\/produkt\\\/crackon-5-vandeniui-atsparus-greitai-stingstantis-skiedinys\\\/\",\"url\":\"https:\\\/\\\/www.pakery.pl\\\/lt\\\/produkt\\\/crackon-5-vandeniui-atsparus-greitai-stingstantis-skiedinys\\\/\",\"name\":\"CrackOn.5 vandeniui atsparus greitai stingstantis skiedinys - PAKERY.PL\",\"isPartOf\":{\"@id\":\"https:\\\/\\\/www.pakery.pl\\\/lt\\\/#website\"},\"primaryImageOfPage\":{\"@id\":\"https:\\\/\\\/www.pakery.pl\\\/lt\\\/produkt\\\/crackon-5-vandeniui-atsparus-greitai-stingstantis-skiedinys\\\/#primaryimage\"},\"image\":{\"@id\":\"https:\\\/\\\/www.pakery.pl\\\/lt\\\/produkt\\\/crackon-5-vandeniui-atsparus-greitai-stingstantis-skiedinys\\\/#primaryimage\"},\"thumbnailUrl\":\"https:\\\/\\\/www.pakery.pl\\\/wp-content\\\/uploads\\\/2022\\\/06\\\/CrackOn.5-602x551-1-e1657201249223.png\",\"datePublished\":\"2023-04-06T08:15:20+00:00\",\"dateModified\":\"2023-04-06T08:15:28+00:00\",\"description\":\"\\\"CrackOn.5\\\" vandeniui atsparus greitai stingstantis skiedinys | Injekciniai paketai | Injekcinis statybinis skiedinys\",\"breadcrumb\":{\"@id\":\"https:\\\/\\\/www.pakery.pl\\\/lt\\\/produkt\\\/crackon-5-vandeniui-atsparus-greitai-stingstantis-skiedinys\\\/#breadcrumb\"},\"inLanguage\":\"lt-LT\",\"potentialAction\":[{\"@type\":\"ReadAction\",\"target\":[\"https:\\\/\\\/www.pakery.pl\\\/lt\\\/produkt\\\/crackon-5-vandeniui-atsparus-greitai-stingstantis-skiedinys\\\/\"]}]},{\"@type\":\"ImageObject\",\"inLanguage\":\"lt-LT\",\"@id\":\"https:\\\/\\\/www.pakery.pl\\\/lt\\\/produkt\\\/crackon-5-vandeniui-atsparus-greitai-stingstantis-skiedinys\\\/#primaryimage\",\"url\":\"https:\\\/\\\/www.pakery.pl\\\/wp-content\\\/uploads\\\/2022\\\/06\\\/CrackOn.5-602x551-1-e1657201249223.png\",\"contentUrl\":\"https:\\\/\\\/www.pakery.pl\\\/wp-content\\\/uploads\\\/2022\\\/06\\\/CrackOn.5-602x551-1-e1657201249223.png\",\"width\":602,\"height\":551},{\"@type\":\"BreadcrumbList\",\"@id\":\"https:\\\/\\\/www.pakery.pl\\\/lt\\\/produkt\\\/crackon-5-vandeniui-atsparus-greitai-stingstantis-skiedinys\\\/#breadcrumb\",\"itemListElement\":[{\"@type\":\"ListItem\",\"position\":1,\"name\":\"Strona g\u0142\u00f3wna\",\"item\":\"https:\\\/\\\/www.pakery.pl\\\/lt\\\/\"},{\"@type\":\"ListItem\",\"position\":2,\"name\":\"Parduotuv\u0117\",\"item\":\"https:\\\/\\\/www.pakery.pl\\\/lt\\\/parduotuve\\\/\"},{\"@type\":\"ListItem\",\"position\":3,\"name\":\"CrackOn.5 vandeniui atsparus greitai stingstantis skiedinys\"}]},{\"@type\":\"WebSite\",\"@id\":\"https:\\\/\\\/www.pakery.pl\\\/lt\\\/#website\",\"url\":\"https:\\\/\\\/www.pakery.pl\\\/lt\\\/\",\"name\":\"Pakery.pl\",\"description\":\"Pakery iniekcyjne, Kotwy spiralne, Lance iniekcyjne, W\u0119\u017ce do iniekcji, Pompy iniekcyjne, Serwis pomp iniekcyjnych, Wynajem pomp do iniekcji\",\"publisher\":{\"@id\":\"https:\\\/\\\/www.pakery.pl\\\/lt\\\/#organization\"},\"potentialAction\":[{\"@type\":\"SearchAction\",\"target\":{\"@type\":\"EntryPoint\",\"urlTemplate\":\"https:\\\/\\\/www.pakery.pl\\\/lt\\\/?s={search_term_string}\"},\"query-input\":{\"@type\":\"PropertyValueSpecification\",\"valueRequired\":true,\"valueName\":\"search_term_string\"}}],\"inLanguage\":\"lt-LT\"},{\"@type\":\"Organization\",\"@id\":\"https:\\\/\\\/www.pakery.pl\\\/lt\\\/#organization\",\"name\":\"PAKERY.PL\",\"url\":\"https:\\\/\\\/www.pakery.pl\\\/lt\\\/\",\"logo\":{\"@type\":\"ImageObject\",\"inLanguage\":\"lt-LT\",\"@id\":\"https:\\\/\\\/www.pakery.pl\\\/lt\\\/#\\\/schema\\\/logo\\\/image\\\/\",\"url\":\"https:\\\/\\\/www.pakery.pl\\\/wp-content\\\/uploads\\\/2021\\\/04\\\/cropped-PAKERY-LOGO.png\",\"contentUrl\":\"https:\\\/\\\/www.pakery.pl\\\/wp-content\\\/uploads\\\/2021\\\/04\\\/cropped-PAKERY-LOGO.png\",\"width\":1529,\"height\":500,\"caption\":\"PAKERY.PL\"},\"image\":{\"@id\":\"https:\\\/\\\/www.pakery.pl\\\/lt\\\/#\\\/schema\\\/logo\\\/image\\\/\"}}]}<\/script>\n<!-- \/ Yoast SEO plugin. -->","yoast_head_json":{"title":"CrackOn.5 vandeniui atsparus greitai stingstantis skiedinys - PAKERY.PL","description":"\"CrackOn.5\" vandeniui atsparus greitai stingstantis skiedinys | Injekciniai paketai | Injekcinis statybinis skiedinys","robots":{"index":"index","follow":"follow","max-snippet":"max-snippet:-1","max-image-preview":"max-image-preview:large","max-video-preview":"max-video-preview:-1"},"canonical":"https:\/\/www.pakery.pl\/lt\/produkt\/crackon-5-vandeniui-atsparus-greitai-stingstantis-skiedinys\/","og_locale":"lt_LT","og_type":"article","og_title":"CrackOn.5 vandeniui atsparus greitai stingstantis skiedinys - PAKERY.PL","og_description":"\"CrackOn.5\" vandeniui atsparus greitai stingstantis skiedinys | Injekciniai paketai | Injekcinis statybinis skiedinys","og_url":"https:\/\/www.pakery.pl\/lt\/produkt\/crackon-5-vandeniui-atsparus-greitai-stingstantis-skiedinys\/","og_site_name":"PAKERY.PL","article_modified_time":"2023-04-06T08:15:28+00:00","og_image":[{"width":602,"height":551,"url":"https:\/\/www.pakery.pl\/wp-content\/uploads\/2022\/06\/CrackOn.5-602x551-1-e1657201249223.png","type":"image\/png"}],"twitter_card":"summary_large_image","twitter_misc":{"Est. reading time":"1 minut\u0117"},"schema":{"@context":"https:\/\/schema.org","@graph":[{"@type":"WebPage","@id":"https:\/\/www.pakery.pl\/lt\/produkt\/crackon-5-vandeniui-atsparus-greitai-stingstantis-skiedinys\/","url":"https:\/\/www.pakery.pl\/lt\/produkt\/crackon-5-vandeniui-atsparus-greitai-stingstantis-skiedinys\/","name":"CrackOn.5 vandeniui atsparus greitai stingstantis skiedinys - PAKERY.PL","isPartOf":{"@id":"https:\/\/www.pakery.pl\/lt\/#website"},"primaryImageOfPage":{"@id":"https:\/\/www.pakery.pl\/lt\/produkt\/crackon-5-vandeniui-atsparus-greitai-stingstantis-skiedinys\/#primaryimage"},"image":{"@id":"https:\/\/www.pakery.pl\/lt\/produkt\/crackon-5-vandeniui-atsparus-greitai-stingstantis-skiedinys\/#primaryimage"},"thumbnailUrl":"https:\/\/www.pakery.pl\/wp-content\/uploads\/2022\/06\/CrackOn.5-602x551-1-e1657201249223.png","datePublished":"2023-04-06T08:15:20+00:00","dateModified":"2023-04-06T08:15:28+00:00","description":"\"CrackOn.5\" vandeniui atsparus greitai stingstantis skiedinys | Injekciniai paketai | Injekcinis statybinis skiedinys","breadcrumb":{"@id":"https:\/\/www.pakery.pl\/lt\/produkt\/crackon-5-vandeniui-atsparus-greitai-stingstantis-skiedinys\/#breadcrumb"},"inLanguage":"lt-LT","potentialAction":[{"@type":"ReadAction","target":["https:\/\/www.pakery.pl\/lt\/produkt\/crackon-5-vandeniui-atsparus-greitai-stingstantis-skiedinys\/"]}]},{"@type":"ImageObject","inLanguage":"lt-LT","@id":"https:\/\/www.pakery.pl\/lt\/produkt\/crackon-5-vandeniui-atsparus-greitai-stingstantis-skiedinys\/#primaryimage","url":"https:\/\/www.pakery.pl\/wp-content\/uploads\/2022\/06\/CrackOn.5-602x551-1-e1657201249223.png","contentUrl":"https:\/\/www.pakery.pl\/wp-content\/uploads\/2022\/06\/CrackOn.5-602x551-1-e1657201249223.png","width":602,"height":551},{"@type":"BreadcrumbList","@id":"https:\/\/www.pakery.pl\/lt\/produkt\/crackon-5-vandeniui-atsparus-greitai-stingstantis-skiedinys\/#breadcrumb","itemListElement":[{"@type":"ListItem","position":1,"name":"Strona g\u0142\u00f3wna","item":"https:\/\/www.pakery.pl\/lt\/"},{"@type":"ListItem","position":2,"name":"Parduotuv\u0117","item":"https:\/\/www.pakery.pl\/lt\/parduotuve\/"},{"@type":"ListItem","position":3,"name":"CrackOn.5 vandeniui atsparus greitai stingstantis skiedinys"}]},{"@type":"WebSite","@id":"https:\/\/www.pakery.pl\/lt\/#website","url":"https:\/\/www.pakery.pl\/lt\/","name":"Pakery.pl","description":"Pakery iniekcyjne, Kotwy spiralne, Lance iniekcyjne, W\u0119\u017ce do iniekcji, Pompy iniekcyjne, Serwis pomp iniekcyjnych, Wynajem pomp do iniekcji","publisher":{"@id":"https:\/\/www.pakery.pl\/lt\/#organization"},"potentialAction":[{"@type":"SearchAction","target":{"@type":"EntryPoint","urlTemplate":"https:\/\/www.pakery.pl\/lt\/?s={search_term_string}"},"query-input":{"@type":"PropertyValueSpecification","valueRequired":true,"valueName":"search_term_string"}}],"inLanguage":"lt-LT"},{"@type":"Organization","@id":"https:\/\/www.pakery.pl\/lt\/#organization","name":"PAKERY.PL","url":"https:\/\/www.pakery.pl\/lt\/","logo":{"@type":"ImageObject","inLanguage":"lt-LT","@id":"https:\/\/www.pakery.pl\/lt\/#\/schema\/logo\/image\/","url":"https:\/\/www.pakery.pl\/wp-content\/uploads\/2021\/04\/cropped-PAKERY-LOGO.png","contentUrl":"https:\/\/www.pakery.pl\/wp-content\/uploads\/2021\/04\/cropped-PAKERY-LOGO.png","width":1529,"height":500,"caption":"PAKERY.PL"},"image":{"@id":"https:\/\/www.pakery.pl\/lt\/#\/schema\/logo\/image\/"}}]}},"_links":{"self":[{"href":"https:\/\/www.pakery.pl\/lt\/wp-json\/wp\/v2\/product\/44072","targetHints":{"allow":["GET"]}}],"collection":[{"href":"https:\/\/www.pakery.pl\/lt\/wp-json\/wp\/v2\/product"}],"about":[{"href":"https:\/\/www.pakery.pl\/lt\/wp-json\/wp\/v2\/types\/product"}],"version-history":[{"count":3,"href":"https:\/\/www.pakery.pl\/lt\/wp-json\/wp\/v2\/product\/44072\/revisions"}],"predecessor-version":[{"id":44077,"href":"https:\/\/www.pakery.pl\/lt\/wp-json\/wp\/v2\/product\/44072\/revisions\/44077"}],"wp:featuredmedia":[{"embeddable":true,"href":"https:\/\/www.pakery.pl\/lt\/wp-json\/wp\/v2\/media\/41250"}],"wp:attachment":[{"href":"https:\/\/www.pakery.pl\/lt\/wp-json\/wp\/v2\/media?parent=44072"}],"wp:term":[{"taxonomy":"product_brand","embeddable":true,"href":"https:\/\/www.pakery.pl\/lt\/wp-json\/wp\/v2\/product_brand?post=44072"},{"taxonomy":"product_cat","embeddable":true,"href":"https:\/\/www.pakery.pl\/lt\/wp-json\/wp\/v2\/product_cat?post=44072"},{"taxonomy":"product_tag","embeddable":true,"href":"https:\/\/www.pakery.pl\/lt\/wp-json\/wp\/v2\/product_tag?post=44072"}],"curies":[{"name":"wp","href":"https:\/\/api.w.org\/{rel}","templated":true}]}}