{"id":43784,"date":"2023-02-10T10:37:44","date_gmt":"2023-04-06T07:42:11","guid":{"rendered":"https:\/\/www.pakery.pl\/produkt\/injectcream-5l\/"},"modified":"2023-04-06T09:42:12","modified_gmt":"2023-04-06T07:42:12","slug":"injectcream-5l","status":"publish","type":"product","link":"https:\/\/www.pakery.pl\/lt\/produkt\/injectcream-5l\/","title":{"rendered":"InjectCream 5L"},"content":{"rendered":"\t\t<div data-elementor-type=\"product-post\" data-elementor-id=\"43784\" class=\"elementor elementor-43784 elementor-42686\" data-elementor-post-type=\"product\">\n\t\t\t\t\t\t<section class=\"elementor-section elementor-top-section elementor-element elementor-element-e85da8d elementor-section-boxed elementor-section-height-default elementor-section-height-default\" data-id=\"e85da8d\" data-element_type=\"section\" data-e-type=\"section\">\n\t\t\t\t\t\t<div class=\"elementor-container elementor-column-gap-default\">\n\t\t\t\t\t<div class=\"elementor-column elementor-col-100 elementor-top-column elementor-element elementor-element-948eccc\" data-id=\"948eccc\" data-element_type=\"column\" data-e-type=\"column\">\n\t\t\t<div class=\"elementor-widget-wrap elementor-element-populated\">\n\t\t\t\t\t\t<div class=\"elementor-element elementor-element-bdd7857 elementor-widget elementor-widget-image\" data-id=\"bdd7857\" data-element_type=\"widget\" data-e-type=\"widget\" data-widget_type=\"image.default\">\n\t\t\t\t<div class=\"elementor-widget-container\">\n\t\t\t\t\t\t\t\t\t\t\t\t\t\t\t<img fetchpriority=\"high\" decoding=\"async\" width=\"1024\" height=\"262\" src=\"https:\/\/www.pakery.pl\/wp-content\/uploads\/2023\/02\/Zrzut-ekranu-2023-04-5-o-10.23.17-1024x262.png\" class=\"attachment-large size-large wp-image-43126\" alt=\"\" srcset=\"https:\/\/www.pakery.pl\/wp-content\/uploads\/2023\/02\/Zrzut-ekranu-2023-04-5-o-10.23.17-1024x262.png 1024w, https:\/\/www.pakery.pl\/wp-content\/uploads\/2023\/02\/Zrzut-ekranu-2023-04-5-o-10.23.17-300x77.png 300w, https:\/\/www.pakery.pl\/wp-content\/uploads\/2023\/02\/Zrzut-ekranu-2023-04-5-o-10.23.17-768x196.png 768w, https:\/\/www.pakery.pl\/wp-content\/uploads\/2023\/02\/Zrzut-ekranu-2023-04-5-o-10.23.17-683x175.png 683w, https:\/\/www.pakery.pl\/wp-content\/uploads\/2023\/02\/Zrzut-ekranu-2023-04-5-o-10.23.17-602x154.png 602w, https:\/\/www.pakery.pl\/wp-content\/uploads\/2023\/02\/Zrzut-ekranu-2023-04-5-o-10.23.17.png 1338w\" sizes=\"(max-width: 1024px) 100vw, 1024px\" \/>\t\t\t\t\t\t\t\t\t\t\t\t\t\t\t<\/div>\n\t\t\t\t<\/div>\n\t\t\t\t\t<\/div>\n\t\t<\/div>\n\t\t\t\t\t<\/div>\n\t\t<\/section>\n\t\t\t\t<section class=\"elementor-section elementor-top-section elementor-element elementor-element-1bc13e2 elementor-section-boxed elementor-section-height-default elementor-section-height-default\" data-id=\"1bc13e2\" data-element_type=\"section\" data-e-type=\"section\">\n\t\t\t\t\t\t<div class=\"elementor-container elementor-column-gap-default\">\n\t\t\t\t\t<div class=\"elementor-column elementor-col-50 elementor-top-column elementor-element elementor-element-f21c1b7\" data-id=\"f21c1b7\" data-element_type=\"column\" data-e-type=\"column\">\n\t\t\t<div class=\"elementor-widget-wrap elementor-element-populated\">\n\t\t\t\t\t\t<div class=\"elementor-element elementor-element-21f3946 elementor-widget elementor-widget-text-editor\" data-id=\"21f3946\" data-element_type=\"widget\" data-e-type=\"widget\" data-widget_type=\"text-editor.default\">\n\t\t\t\t<div class=\"elementor-widget-container\">\n\t\t\t\t\t\t\t\t\t<div class=\"page\" style=\"caret-color: #000000; color: #000000;\" title=\"Puslapis 1\">\n<div class=\"section\">\n<div class=\"layoutArea\">\n<div class=\"column\">\n<p><span style=\"font-size: 14pt; font-family: ArialNarrow; font-weight: bold; color: #14408a;\">  Taikymo sritis  <\/span><\/p>\n<\/div>\n<\/div>\n<\/div>\n<\/div>\n\t\t\t\t\t\t\t\t<\/div>\n\t\t\t\t<\/div>\n\t\t\t\t\t<\/div>\n\t\t<\/div>\n\t\t\t\t<div class=\"elementor-column elementor-col-50 elementor-top-column elementor-element elementor-element-780db41\" data-id=\"780db41\" data-element_type=\"column\" data-e-type=\"column\">\n\t\t\t<div class=\"elementor-widget-wrap\">\n\t\t\t\t\t\t\t<\/div>\n\t\t<\/div>\n\t\t\t\t\t<\/div>\n\t\t<\/section>\n\t\t\t\t<section class=\"elementor-section elementor-top-section elementor-element elementor-element-5460cb7 elementor-section-boxed elementor-section-height-default elementor-section-height-default\" data-id=\"5460cb7\" data-element_type=\"section\" data-e-type=\"section\">\n\t\t\t\t\t\t<div class=\"elementor-container elementor-column-gap-default\">\n\t\t\t\t\t<div class=\"elementor-column elementor-col-50 elementor-top-column elementor-element elementor-element-d6dd0be\" data-id=\"d6dd0be\" data-element_type=\"column\" data-e-type=\"column\">\n\t\t\t<div class=\"elementor-widget-wrap elementor-element-populated\">\n\t\t\t\t\t\t<div class=\"elementor-element elementor-element-399102c elementor-widget elementor-widget-image\" data-id=\"399102c\" data-element_type=\"widget\" data-e-type=\"widget\" data-widget_type=\"image.default\">\n\t\t\t\t<div class=\"elementor-widget-container\">\n\t\t\t\t\t\t\t\t\t\t\t\t\t\t\t<img decoding=\"async\" width=\"206\" height=\"122\" src=\"https:\/\/www.pakery.pl\/wp-content\/uploads\/2023\/02\/Zrzut-ekranu-2023-04-5-o-10.27.14.png\" class=\"attachment-medium size-medium wp-image-43151\" alt=\"\" \/>\t\t\t\t\t\t\t\t\t\t\t\t\t\t\t<\/div>\n\t\t\t\t<\/div>\n\t\t\t\t\t<\/div>\n\t\t<\/div>\n\t\t\t\t<div class=\"elementor-column elementor-col-50 elementor-top-column elementor-element elementor-element-8fdb2de\" data-id=\"8fdb2de\" data-element_type=\"column\" data-e-type=\"column\">\n\t\t\t<div class=\"elementor-widget-wrap elementor-element-populated\">\n\t\t\t\t\t\t<div class=\"elementor-element elementor-element-10f9741 elementor-widget elementor-widget-text-editor\" data-id=\"10f9741\" data-element_type=\"widget\" data-e-type=\"widget\" data-widget_type=\"text-editor.default\">\n\t\t\t\t<div class=\"elementor-widget-container\">\n\t\t\t\t\t\t\t\t\t<div class=\"page\" title=\"Puslapis 1\">\n<div class=\"section\">\n<div class=\"layoutArea\">\n<div class=\"column\">\n<div class=\"page\" title=\"Puslapis 1\">\n<div class=\"section\">\n<div class=\"layoutArea\">\n<div class=\"column\">\n<ul>\n<li>\n<h6><span style=\"color: #000000;\">Horizontalus \u012fpur\u0161kimas patalpose ir lauke<\/span><\/h6>\n<\/li>\n<li>\n<h6><span style=\"color: #000000;\">plytos \/ klinkeris \/ betono blokai \/ akmens m\u016bras \/ tu\u0161\u010diaviduriai blokai<\/span><\/h6>\n<\/li>\n<\/ul>\n<\/div>\n<\/div>\n<\/div>\n<\/div>\n<\/div>\n<\/div>\n<\/div>\n<\/div>\n\t\t\t\t\t\t\t\t<\/div>\n\t\t\t\t<\/div>\n\t\t\t\t\t<\/div>\n\t\t<\/div>\n\t\t\t\t\t<\/div>\n\t\t<\/section>\n\t\t\t\t<section class=\"elementor-section elementor-top-section elementor-element elementor-element-cabc2f5 elementor-section-boxed elementor-section-height-default elementor-section-height-default\" data-id=\"cabc2f5\" data-element_type=\"section\" data-e-type=\"section\">\n\t\t\t\t\t\t<div class=\"elementor-container elementor-column-gap-default\">\n\t\t\t\t\t<div class=\"elementor-column elementor-col-100 elementor-top-column elementor-element elementor-element-5194377\" data-id=\"5194377\" data-element_type=\"column\" data-e-type=\"column\">\n\t\t\t<div class=\"elementor-widget-wrap elementor-element-populated\">\n\t\t\t\t\t\t<section class=\"elementor-section elementor-inner-section elementor-element elementor-element-d29b9b9 elementor-section-boxed elementor-section-height-default elementor-section-height-default\" data-id=\"d29b9b9\" data-element_type=\"section\" data-e-type=\"section\">\n\t\t\t\t\t\t<div class=\"elementor-container elementor-column-gap-default\">\n\t\t\t\t\t<div class=\"elementor-column elementor-col-50 elementor-inner-column elementor-element elementor-element-48e63ec\" data-id=\"48e63ec\" data-element_type=\"column\" data-e-type=\"column\">\n\t\t\t<div class=\"elementor-widget-wrap elementor-element-populated\">\n\t\t\t\t\t\t<div class=\"elementor-element elementor-element-4fac2af elementor-widget elementor-widget-text-editor\" data-id=\"4fac2af\" data-element_type=\"widget\" data-e-type=\"widget\" data-widget_type=\"text-editor.default\">\n\t\t\t\t<div class=\"elementor-widget-container\">\n\t\t\t\t\t\t\t\t\t<div title=\"2 puslapis\">\n<div>\n<div>\n<div>\n<p><span style=\"caret-color: #000000; color: #14408a; font-family: ArialNarrow; font-size: 18.66666603088379px; font-weight: bold;\">Naudojimo instrukcijos<\/span><\/p>\n<\/div>\n<\/div>\n<\/div>\n<\/div>\n\t\t\t\t\t\t\t\t<\/div>\n\t\t\t\t<\/div>\n\t\t\t\t\t<\/div>\n\t\t<\/div>\n\t\t\t\t<div class=\"elementor-column elementor-col-50 elementor-inner-column elementor-element elementor-element-7d1f426\" data-id=\"7d1f426\" data-element_type=\"column\" data-e-type=\"column\">\n\t\t\t<div class=\"elementor-widget-wrap elementor-element-populated\">\n\t\t\t\t\t\t<div class=\"elementor-element elementor-element-b22ae36 elementor-widget elementor-widget-text-editor\" data-id=\"b22ae36\" data-element_type=\"widget\" data-e-type=\"widget\" data-widget_type=\"text-editor.default\">\n\t\t\t\t<div class=\"elementor-widget-container\">\n\t\t\t\t\t\t\t\t\t<ul>\n<li>\n<h6><span style=\"color: #000000;\">Gr\u0119\u017ekite \u017eemiausioje jungtyje<\/span><\/h6>\n<\/li>\n<li>\n<h6><span style=\"color: #000000;\">Si\u016blomas \u012fpur\u0161kimo angos skersmuo \u230012 &#8211; 14 mm<\/span><\/h6>\n<\/li>\n<li>\n<h6><span style=\"color: #000000;\">Gr\u0119\u017einys statmenai sienai &#8222;horizontalus&#8221;<\/span><\/h6>\n<\/li>\n<li>\n<h6><span style=\"color: #000000;\">Gr\u0119\u017einio gylis &#8211; tai sienel\u0117s storis, at\u0117mus 2-4 cm.<\/span><\/h6>\n<\/li>\n<li>\n<h6><span style=\"color: #000000;\">Gr\u0119\u017einiai kas 10 cm<\/span><\/h6>\n<\/li>\n<li>\n<h6><span style=\"color: #000000;\">Ma\u017eai sugerian\u010diam m\u016brui si\u016blome naudoti dviej\u0173 eili\u0173 injekcij\u0105 (8-10 cm auk\u0161\u010diau esan\u010dios eil\u0117s su horizontaliu poslinkiu).<\/span><\/h6>\n<\/li>\n<li>\n<h6><span style=\"color: #000000;\">I\u0161p\u016bskite skyles susl\u0117gtu oru<\/span><\/h6>\n<\/li>\n<li>\n<h6><span style=\"color: #000000;\">Med\u017eiaga tur\u0117t\u0173 b\u016bti \u012fpur\u0161kiama naudojant rankin\u012f\/pneumatin\u012f siurbl\u012f su snapeliu (\u230010-12 mm skersmens ir ilgio vamzdelis). \u012eki\u0161kite vamzdel\u012f iki pat gr\u0119\u017einio gylio ir, \u0161virk\u0161dami krem\u0105, l\u0117tai j\u012f traukite, kol gr\u0119\u017einys bus visi\u0161kai ir tolygiai u\u017epildytas (taip panaikinsite oro pagalv\u0119, kuri susidaryt\u0173 \u0161virk\u0161\u010diant krem\u0105 spaudimu).<\/span><\/h6>\n<\/li>\n<li>\n<h6><span style=\"color: #000000;\">U\u017epild\u0119 ang\u0105, u\u017etaisykite j\u0105 &#8222;ResinBau CrackOn.5&#8221; skiediniu ir i\u0161lyginkite pavir\u0161i\u0173.<\/span><\/h6>\n<\/li>\n<\/ul>\n\t\t\t\t\t\t\t\t<\/div>\n\t\t\t\t<\/div>\n\t\t\t\t\t<\/div>\n\t\t<\/div>\n\t\t\t\t\t<\/div>\n\t\t<\/section>\n\t\t\t\t\t<\/div>\n\t\t<\/div>\n\t\t\t\t\t<\/div>\n\t\t<\/section>\n\t\t\t\t<section class=\"elementor-section elementor-top-section elementor-element elementor-element-269e3ad elementor-section-boxed elementor-section-height-default elementor-section-height-default\" data-id=\"269e3ad\" data-element_type=\"section\" data-e-type=\"section\">\n\t\t\t\t\t\t<div class=\"elementor-container elementor-column-gap-default\">\n\t\t\t\t\t<div class=\"elementor-column elementor-col-100 elementor-top-column elementor-element elementor-element-0bc2857\" data-id=\"0bc2857\" data-element_type=\"column\" data-e-type=\"column\">\n\t\t\t<div class=\"elementor-widget-wrap elementor-element-populated\">\n\t\t\t\t\t\t<section class=\"elementor-section elementor-inner-section elementor-element elementor-element-b1f5f01 elementor-section-boxed elementor-section-height-default elementor-section-height-default\" data-id=\"b1f5f01\" data-element_type=\"section\" data-e-type=\"section\">\n\t\t\t\t\t\t<div class=\"elementor-container elementor-column-gap-default\">\n\t\t\t\t\t<div class=\"elementor-column elementor-col-50 elementor-inner-column elementor-element elementor-element-fe8da6d\" data-id=\"fe8da6d\" data-element_type=\"column\" data-e-type=\"column\">\n\t\t\t<div class=\"elementor-widget-wrap elementor-element-populated\">\n\t\t\t\t\t\t<div class=\"elementor-element elementor-element-5e68dfb elementor-widget elementor-widget-text-editor\" data-id=\"5e68dfb\" data-element_type=\"widget\" data-e-type=\"widget\" data-widget_type=\"text-editor.default\">\n\t\t\t\t<div class=\"elementor-widget-container\">\n\t\t\t\t\t\t\t\t\t<div title=\"2 puslapis\">\n<div>\n<div>\n<div>\n<p><span style=\"color: #14408a; font-family: ArialNarrow; font-size: large;\"><span style=\"caret-color: #000000;\"><b>Atsisi\u0173sti<\/b><\/span><\/span><\/p>\n<\/div>\n<\/div>\n<\/div>\n<\/div>\n\t\t\t\t\t\t\t\t<\/div>\n\t\t\t\t<\/div>\n\t\t\t\t\t<\/div>\n\t\t<\/div>\n\t\t\t\t<div class=\"elementor-column elementor-col-50 elementor-inner-column elementor-element elementor-element-e2241c7\" data-id=\"e2241c7\" data-element_type=\"column\" data-e-type=\"column\">\n\t\t\t<div class=\"elementor-widget-wrap elementor-element-populated\">\n\t\t\t\t\t\t<div class=\"elementor-element elementor-element-71009ea elementor-align-left elementor-widget elementor-widget-button\" data-id=\"71009ea\" data-element_type=\"widget\" data-e-type=\"widget\" data-widget_type=\"button.default\">\n\t\t\t\t<div class=\"elementor-widget-container\">\n\t\t\t\t\t\t\t\t\t<div class=\"elementor-button-wrapper\">\n\t\t\t\t\t<a class=\"elementor-button elementor-button-link elementor-size-sm\" href=\"https:\/\/www.pakery.pl\/wp-content\/uploads\/2023\/04\/ResinBau-InjectCream-KT.pdf\" target=\"_blank\">\n\t\t\t\t\t\t<span class=\"elementor-button-content-wrapper\">\n\t\t\t\t\t\t\t\t\t<span class=\"elementor-button-text\">Technin\u0117 chartija<\/span>\n\t\t\t\t\t<\/span>\n\t\t\t\t\t<\/a>\n\t\t\t\t<\/div>\n\t\t\t\t\t\t\t\t<\/div>\n\t\t\t\t<\/div>\n\t\t\t\t<div class=\"elementor-element elementor-element-ccb32a7 elementor-widget elementor-widget-spacer\" data-id=\"ccb32a7\" data-element_type=\"widget\" data-e-type=\"widget\" data-widget_type=\"spacer.default\">\n\t\t\t\t<div class=\"elementor-widget-container\">\n\t\t\t\t\t\t\t<div class=\"elementor-spacer\">\n\t\t\t<div class=\"elementor-spacer-inner\"><\/div>\n\t\t<\/div>\n\t\t\t\t\t\t<\/div>\n\t\t\t\t<\/div>\n\t\t\t\t<div class=\"elementor-element elementor-element-fdcc73b elementor-widget elementor-widget-spacer\" data-id=\"fdcc73b\" data-element_type=\"widget\" data-e-type=\"widget\" data-widget_type=\"spacer.default\">\n\t\t\t\t<div class=\"elementor-widget-container\">\n\t\t\t\t\t\t\t<div class=\"elementor-spacer\">\n\t\t\t<div class=\"elementor-spacer-inner\"><\/div>\n\t\t<\/div>\n\t\t\t\t\t\t<\/div>\n\t\t\t\t<\/div>\n\t\t\t\t\t<\/div>\n\t\t<\/div>\n\t\t\t\t\t<\/div>\n\t\t<\/section>\n\t\t\t\t\t<\/div>\n\t\t<\/div>\n\t\t\t\t\t<\/div>\n\t\t<\/section>\n\t\t\t\t<\/div>\n\t\t","protected":false},"excerpt":{"rendered":"<p>Taikymo sritis Horizontalus \u012fpur\u0161kimas patalpose ir lauke plytos \/ klinkeris \/ betono blokai \/ akmens m\u016bras \/ tu\u0161\u010diaviduriai blokai Naudojimo instrukcijos Gr\u0119\u017ekite \u017eemiausioje jungtyje Si\u016blomas \u012fpur\u0161kimo angos skersmuo \u230012 &#8211; 14 mm Gr\u0119\u017einys statmenai sienai &#8222;horizontalus&#8221; Gr\u0119\u017einio gylis &#8211; tai sienel\u0117s storis, at\u0117mus 2-4 cm. Gr\u0119\u017einiai kas 10 cm Ma\u017eai sugerian\u010diam m\u016brui si\u016blome naudoti dviej\u0173 [&hellip;]<\/p>\n","protected":false},"featured_media":42702,"template":"","meta":{"_acf_changed":false},"product_brand":[],"product_cat":[1903],"product_tag":[],"class_list":{"0":"post-43784","1":"product","2":"type-product","3":"status-publish","4":"has-post-thumbnail","6":"product_cat-injekcines-dervos","8":"first","9":"instock","10":"taxable","11":"shipping-taxable","12":"product-type-simple"},"acf":[],"yoast_head":"<!-- This site is optimized with the Yoast SEO plugin v27.3 - https:\/\/yoast.com\/product\/yoast-seo-wordpress\/ -->\n<title>InjectCream 5L - PAKERY.PL<\/title>\n<meta name=\"description\" content=\"InjectCream | Horizontalioji izoliacija | Injekcijos \u012f pastatus | ResinBau\" \/>\n<meta name=\"robots\" content=\"index, follow, max-snippet:-1, max-image-preview:large, max-video-preview:-1\" \/>\n<link rel=\"canonical\" href=\"https:\/\/www.pakery.pl\/lt\/produkt\/injectcream-5l\/\" \/>\n<meta property=\"og:locale\" content=\"lt_LT\" \/>\n<meta property=\"og:type\" content=\"article\" \/>\n<meta property=\"og:title\" content=\"InjectCream 5L - PAKERY.PL\" \/>\n<meta property=\"og:description\" content=\"InjectCream | Horizontalioji izoliacija | Injekcijos \u012f pastatus | ResinBau\" \/>\n<meta property=\"og:url\" content=\"https:\/\/www.pakery.pl\/lt\/produkt\/injectcream-5l\/\" \/>\n<meta property=\"og:site_name\" content=\"PAKERY.PL\" \/>\n<meta property=\"article:modified_time\" content=\"2023-04-06T07:42:12+00:00\" \/>\n<meta property=\"og:image\" content=\"https:\/\/www.pakery.pl\/wp-content\/uploads\/2023\/02\/Inject_Cream-1024x1024.png\" \/>\n\t<meta property=\"og:image:width\" content=\"1024\" \/>\n\t<meta property=\"og:image:height\" content=\"1024\" \/>\n\t<meta property=\"og:image:type\" content=\"image\/png\" \/>\n<meta name=\"twitter:card\" content=\"summary_large_image\" \/>\n<meta name=\"twitter:label1\" content=\"Est. reading time\" \/>\n\t<meta name=\"twitter:data1\" content=\"1 minut\u0117\" \/>\n<script type=\"application\/ld+json\" class=\"yoast-schema-graph\">{\"@context\":\"https:\\\/\\\/schema.org\",\"@graph\":[{\"@type\":\"WebPage\",\"@id\":\"https:\\\/\\\/www.pakery.pl\\\/lt\\\/produkt\\\/injectcream-5l\\\/\",\"url\":\"https:\\\/\\\/www.pakery.pl\\\/lt\\\/produkt\\\/injectcream-5l\\\/\",\"name\":\"InjectCream 5L - PAKERY.PL\",\"isPartOf\":{\"@id\":\"https:\\\/\\\/www.pakery.pl\\\/lt\\\/#website\"},\"primaryImageOfPage\":{\"@id\":\"https:\\\/\\\/www.pakery.pl\\\/lt\\\/produkt\\\/injectcream-5l\\\/#primaryimage\"},\"image\":{\"@id\":\"https:\\\/\\\/www.pakery.pl\\\/lt\\\/produkt\\\/injectcream-5l\\\/#primaryimage\"},\"thumbnailUrl\":\"https:\\\/\\\/www.pakery.pl\\\/wp-content\\\/uploads\\\/2023\\\/02\\\/Inject_Cream.png\",\"datePublished\":\"2023-04-06T07:42:11+00:00\",\"dateModified\":\"2023-04-06T07:42:12+00:00\",\"description\":\"InjectCream | Horizontalioji izoliacija | Injekcijos \u012f pastatus | ResinBau\",\"breadcrumb\":{\"@id\":\"https:\\\/\\\/www.pakery.pl\\\/lt\\\/produkt\\\/injectcream-5l\\\/#breadcrumb\"},\"inLanguage\":\"lt-LT\",\"potentialAction\":[{\"@type\":\"ReadAction\",\"target\":[\"https:\\\/\\\/www.pakery.pl\\\/lt\\\/produkt\\\/injectcream-5l\\\/\"]}]},{\"@type\":\"ImageObject\",\"inLanguage\":\"lt-LT\",\"@id\":\"https:\\\/\\\/www.pakery.pl\\\/lt\\\/produkt\\\/injectcream-5l\\\/#primaryimage\",\"url\":\"https:\\\/\\\/www.pakery.pl\\\/wp-content\\\/uploads\\\/2023\\\/02\\\/Inject_Cream.png\",\"contentUrl\":\"https:\\\/\\\/www.pakery.pl\\\/wp-content\\\/uploads\\\/2023\\\/02\\\/Inject_Cream.png\",\"width\":3000,\"height\":3000},{\"@type\":\"BreadcrumbList\",\"@id\":\"https:\\\/\\\/www.pakery.pl\\\/lt\\\/produkt\\\/injectcream-5l\\\/#breadcrumb\",\"itemListElement\":[{\"@type\":\"ListItem\",\"position\":1,\"name\":\"Strona g\u0142\u00f3wna\",\"item\":\"https:\\\/\\\/www.pakery.pl\\\/lt\\\/\"},{\"@type\":\"ListItem\",\"position\":2,\"name\":\"Parduotuv\u0117\",\"item\":\"https:\\\/\\\/www.pakery.pl\\\/lt\\\/parduotuve\\\/\"},{\"@type\":\"ListItem\",\"position\":3,\"name\":\"InjectCream 5L\"}]},{\"@type\":\"WebSite\",\"@id\":\"https:\\\/\\\/www.pakery.pl\\\/lt\\\/#website\",\"url\":\"https:\\\/\\\/www.pakery.pl\\\/lt\\\/\",\"name\":\"Pakery.pl\",\"description\":\"Pakery iniekcyjne, Kotwy spiralne, Lance iniekcyjne, W\u0119\u017ce do iniekcji, Pompy iniekcyjne, Serwis pomp iniekcyjnych, Wynajem pomp do iniekcji\",\"publisher\":{\"@id\":\"https:\\\/\\\/www.pakery.pl\\\/lt\\\/#organization\"},\"potentialAction\":[{\"@type\":\"SearchAction\",\"target\":{\"@type\":\"EntryPoint\",\"urlTemplate\":\"https:\\\/\\\/www.pakery.pl\\\/lt\\\/?s={search_term_string}\"},\"query-input\":{\"@type\":\"PropertyValueSpecification\",\"valueRequired\":true,\"valueName\":\"search_term_string\"}}],\"inLanguage\":\"lt-LT\"},{\"@type\":\"Organization\",\"@id\":\"https:\\\/\\\/www.pakery.pl\\\/lt\\\/#organization\",\"name\":\"PAKERY.PL\",\"url\":\"https:\\\/\\\/www.pakery.pl\\\/lt\\\/\",\"logo\":{\"@type\":\"ImageObject\",\"inLanguage\":\"lt-LT\",\"@id\":\"https:\\\/\\\/www.pakery.pl\\\/lt\\\/#\\\/schema\\\/logo\\\/image\\\/\",\"url\":\"https:\\\/\\\/www.pakery.pl\\\/wp-content\\\/uploads\\\/2021\\\/04\\\/cropped-PAKERY-LOGO.png\",\"contentUrl\":\"https:\\\/\\\/www.pakery.pl\\\/wp-content\\\/uploads\\\/2021\\\/04\\\/cropped-PAKERY-LOGO.png\",\"width\":1529,\"height\":500,\"caption\":\"PAKERY.PL\"},\"image\":{\"@id\":\"https:\\\/\\\/www.pakery.pl\\\/lt\\\/#\\\/schema\\\/logo\\\/image\\\/\"}}]}<\/script>\n<!-- \/ Yoast SEO plugin. -->","yoast_head_json":{"title":"InjectCream 5L - PAKERY.PL","description":"InjectCream | Horizontalioji izoliacija | Injekcijos \u012f pastatus | ResinBau","robots":{"index":"index","follow":"follow","max-snippet":"max-snippet:-1","max-image-preview":"max-image-preview:large","max-video-preview":"max-video-preview:-1"},"canonical":"https:\/\/www.pakery.pl\/lt\/produkt\/injectcream-5l\/","og_locale":"lt_LT","og_type":"article","og_title":"InjectCream 5L - PAKERY.PL","og_description":"InjectCream | Horizontalioji izoliacija | Injekcijos \u012f pastatus | ResinBau","og_url":"https:\/\/www.pakery.pl\/lt\/produkt\/injectcream-5l\/","og_site_name":"PAKERY.PL","article_modified_time":"2023-04-06T07:42:12+00:00","og_image":[{"width":1024,"height":1024,"url":"https:\/\/www.pakery.pl\/wp-content\/uploads\/2023\/02\/Inject_Cream-1024x1024.png","type":"image\/png"}],"twitter_card":"summary_large_image","twitter_misc":{"Est. reading time":"1 minut\u0117"},"schema":{"@context":"https:\/\/schema.org","@graph":[{"@type":"WebPage","@id":"https:\/\/www.pakery.pl\/lt\/produkt\/injectcream-5l\/","url":"https:\/\/www.pakery.pl\/lt\/produkt\/injectcream-5l\/","name":"InjectCream 5L - PAKERY.PL","isPartOf":{"@id":"https:\/\/www.pakery.pl\/lt\/#website"},"primaryImageOfPage":{"@id":"https:\/\/www.pakery.pl\/lt\/produkt\/injectcream-5l\/#primaryimage"},"image":{"@id":"https:\/\/www.pakery.pl\/lt\/produkt\/injectcream-5l\/#primaryimage"},"thumbnailUrl":"https:\/\/www.pakery.pl\/wp-content\/uploads\/2023\/02\/Inject_Cream.png","datePublished":"2023-04-06T07:42:11+00:00","dateModified":"2023-04-06T07:42:12+00:00","description":"InjectCream | Horizontalioji izoliacija | Injekcijos \u012f pastatus | ResinBau","breadcrumb":{"@id":"https:\/\/www.pakery.pl\/lt\/produkt\/injectcream-5l\/#breadcrumb"},"inLanguage":"lt-LT","potentialAction":[{"@type":"ReadAction","target":["https:\/\/www.pakery.pl\/lt\/produkt\/injectcream-5l\/"]}]},{"@type":"ImageObject","inLanguage":"lt-LT","@id":"https:\/\/www.pakery.pl\/lt\/produkt\/injectcream-5l\/#primaryimage","url":"https:\/\/www.pakery.pl\/wp-content\/uploads\/2023\/02\/Inject_Cream.png","contentUrl":"https:\/\/www.pakery.pl\/wp-content\/uploads\/2023\/02\/Inject_Cream.png","width":3000,"height":3000},{"@type":"BreadcrumbList","@id":"https:\/\/www.pakery.pl\/lt\/produkt\/injectcream-5l\/#breadcrumb","itemListElement":[{"@type":"ListItem","position":1,"name":"Strona g\u0142\u00f3wna","item":"https:\/\/www.pakery.pl\/lt\/"},{"@type":"ListItem","position":2,"name":"Parduotuv\u0117","item":"https:\/\/www.pakery.pl\/lt\/parduotuve\/"},{"@type":"ListItem","position":3,"name":"InjectCream 5L"}]},{"@type":"WebSite","@id":"https:\/\/www.pakery.pl\/lt\/#website","url":"https:\/\/www.pakery.pl\/lt\/","name":"Pakery.pl","description":"Pakery iniekcyjne, Kotwy spiralne, Lance iniekcyjne, W\u0119\u017ce do iniekcji, Pompy iniekcyjne, Serwis pomp iniekcyjnych, Wynajem pomp do iniekcji","publisher":{"@id":"https:\/\/www.pakery.pl\/lt\/#organization"},"potentialAction":[{"@type":"SearchAction","target":{"@type":"EntryPoint","urlTemplate":"https:\/\/www.pakery.pl\/lt\/?s={search_term_string}"},"query-input":{"@type":"PropertyValueSpecification","valueRequired":true,"valueName":"search_term_string"}}],"inLanguage":"lt-LT"},{"@type":"Organization","@id":"https:\/\/www.pakery.pl\/lt\/#organization","name":"PAKERY.PL","url":"https:\/\/www.pakery.pl\/lt\/","logo":{"@type":"ImageObject","inLanguage":"lt-LT","@id":"https:\/\/www.pakery.pl\/lt\/#\/schema\/logo\/image\/","url":"https:\/\/www.pakery.pl\/wp-content\/uploads\/2021\/04\/cropped-PAKERY-LOGO.png","contentUrl":"https:\/\/www.pakery.pl\/wp-content\/uploads\/2021\/04\/cropped-PAKERY-LOGO.png","width":1529,"height":500,"caption":"PAKERY.PL"},"image":{"@id":"https:\/\/www.pakery.pl\/lt\/#\/schema\/logo\/image\/"}}]}},"_links":{"self":[{"href":"https:\/\/www.pakery.pl\/lt\/wp-json\/wp\/v2\/product\/43784","targetHints":{"allow":["GET"]}}],"collection":[{"href":"https:\/\/www.pakery.pl\/lt\/wp-json\/wp\/v2\/product"}],"about":[{"href":"https:\/\/www.pakery.pl\/lt\/wp-json\/wp\/v2\/types\/product"}],"version-history":[{"count":1,"href":"https:\/\/www.pakery.pl\/lt\/wp-json\/wp\/v2\/product\/43784\/revisions"}],"predecessor-version":[{"id":43785,"href":"https:\/\/www.pakery.pl\/lt\/wp-json\/wp\/v2\/product\/43784\/revisions\/43785"}],"wp:featuredmedia":[{"embeddable":true,"href":"https:\/\/www.pakery.pl\/lt\/wp-json\/wp\/v2\/media\/42702"}],"wp:attachment":[{"href":"https:\/\/www.pakery.pl\/lt\/wp-json\/wp\/v2\/media?parent=43784"}],"wp:term":[{"taxonomy":"product_brand","embeddable":true,"href":"https:\/\/www.pakery.pl\/lt\/wp-json\/wp\/v2\/product_brand?post=43784"},{"taxonomy":"product_cat","embeddable":true,"href":"https:\/\/www.pakery.pl\/lt\/wp-json\/wp\/v2\/product_cat?post=43784"},{"taxonomy":"product_tag","embeddable":true,"href":"https:\/\/www.pakery.pl\/lt\/wp-json\/wp\/v2\/product_tag?post=43784"}],"curies":[{"name":"wp","href":"https:\/\/api.w.org\/{rel}","templated":true}]}}