{"id":43722,"date":"2023-04-05T14:24:00","date_gmt":"2023-04-06T07:33:32","guid":{"rendered":"https:\/\/www.pakery.pl\/produkt\/epoxpower-epoksidine-injekcine-derva\/"},"modified":"2023-04-06T09:33:33","modified_gmt":"2023-04-06T07:33:33","slug":"epoxpower-epoksidine-injekcine-derva","status":"publish","type":"product","link":"https:\/\/www.pakery.pl\/lt\/produkt\/epoxpower-epoksidine-injekcine-derva\/","title":{"rendered":"EpoxPower epoksidin\u0117 injekcin\u0117 derva"},"content":{"rendered":"\t\t<div data-elementor-type=\"product-post\" data-elementor-id=\"43722\" class=\"elementor elementor-43722 elementor-42954\" data-elementor-post-type=\"product\">\n\t\t\t\t\t\t<section class=\"elementor-section elementor-top-section elementor-element elementor-element-810e4b8 elementor-section-boxed elementor-section-height-default elementor-section-height-default\" data-id=\"810e4b8\" data-element_type=\"section\" data-e-type=\"section\">\n\t\t\t\t\t\t<div class=\"elementor-container elementor-column-gap-default\">\n\t\t\t\t\t<div class=\"elementor-column elementor-col-100 elementor-top-column elementor-element elementor-element-15a4f58\" data-id=\"15a4f58\" data-element_type=\"column\" data-e-type=\"column\">\n\t\t\t<div class=\"elementor-widget-wrap elementor-element-populated\">\n\t\t\t\t\t\t<div class=\"elementor-element elementor-element-322d2e2 elementor-widget elementor-widget-image\" data-id=\"322d2e2\" data-element_type=\"widget\" data-e-type=\"widget\" data-widget_type=\"image.default\">\n\t\t\t\t<div class=\"elementor-widget-container\">\n\t\t\t\t\t\t\t\t\t\t\t\t\t\t\t<img fetchpriority=\"high\" decoding=\"async\" width=\"768\" height=\"223\" src=\"https:\/\/www.pakery.pl\/wp-content\/uploads\/2023\/04\/Zrzut-ekranu-2023-03-29-o-11.52.56-768x223.png\" class=\"attachment-medium_large size-medium_large wp-image-43020\" alt=\"\" srcset=\"https:\/\/www.pakery.pl\/wp-content\/uploads\/2023\/04\/Zrzut-ekranu-2023-03-29-o-11.52.56-768x223.png 768w, https:\/\/www.pakery.pl\/wp-content\/uploads\/2023\/04\/Zrzut-ekranu-2023-03-29-o-11.52.56-300x87.png 300w, https:\/\/www.pakery.pl\/wp-content\/uploads\/2023\/04\/Zrzut-ekranu-2023-03-29-o-11.52.56-1024x298.png 1024w, https:\/\/www.pakery.pl\/wp-content\/uploads\/2023\/04\/Zrzut-ekranu-2023-03-29-o-11.52.56-1536x447.png 1536w, https:\/\/www.pakery.pl\/wp-content\/uploads\/2023\/04\/Zrzut-ekranu-2023-03-29-o-11.52.56-683x199.png 683w, https:\/\/www.pakery.pl\/wp-content\/uploads\/2023\/04\/Zrzut-ekranu-2023-03-29-o-11.52.56-602x175.png 602w, https:\/\/www.pakery.pl\/wp-content\/uploads\/2023\/04\/Zrzut-ekranu-2023-03-29-o-11.52.56.png 1664w\" sizes=\"(max-width: 768px) 100vw, 768px\" \/>\t\t\t\t\t\t\t\t\t\t\t\t\t\t\t<\/div>\n\t\t\t\t<\/div>\n\t\t\t\t\t<\/div>\n\t\t<\/div>\n\t\t\t\t\t<\/div>\n\t\t<\/section>\n\t\t\t\t<section class=\"elementor-section elementor-top-section elementor-element elementor-element-af34735 elementor-section-boxed elementor-section-height-default elementor-section-height-default\" data-id=\"af34735\" data-element_type=\"section\" data-e-type=\"section\">\n\t\t\t\t\t\t<div class=\"elementor-container elementor-column-gap-default\">\n\t\t\t\t\t<div class=\"elementor-column elementor-col-50 elementor-top-column elementor-element elementor-element-cb76952\" data-id=\"cb76952\" data-element_type=\"column\" data-e-type=\"column\">\n\t\t\t<div class=\"elementor-widget-wrap elementor-element-populated\">\n\t\t\t\t\t\t<div class=\"elementor-element elementor-element-b6b706f elementor-widget elementor-widget-text-editor\" data-id=\"b6b706f\" data-element_type=\"widget\" data-e-type=\"widget\" data-widget_type=\"text-editor.default\">\n\t\t\t\t<div class=\"elementor-widget-container\">\n\t\t\t\t\t\t\t\t\t<div class=\"page\" style=\"caret-color: #000000; color: #000000;\" title=\"Puslapis 1\">\n<div class=\"section\">\n<div class=\"layoutArea\">\n<div class=\"column\">\n<p><span style=\"font-size: 14pt; font-family: ArialNarrow; font-weight: bold; color: #14408a;\">  Taikymo sritis  <\/span><\/p>\n<\/div>\n<\/div>\n<\/div>\n<\/div>\n\t\t\t\t\t\t\t\t<\/div>\n\t\t\t\t<\/div>\n\t\t\t\t\t<\/div>\n\t\t<\/div>\n\t\t\t\t<div class=\"elementor-column elementor-col-50 elementor-top-column elementor-element elementor-element-5b14bcf\" data-id=\"5b14bcf\" data-element_type=\"column\" data-e-type=\"column\">\n\t\t\t<div class=\"elementor-widget-wrap\">\n\t\t\t\t\t\t\t<\/div>\n\t\t<\/div>\n\t\t\t\t\t<\/div>\n\t\t<\/section>\n\t\t\t\t<section class=\"elementor-section elementor-top-section elementor-element elementor-element-2259d31 elementor-section-boxed elementor-section-height-default elementor-section-height-default\" data-id=\"2259d31\" data-element_type=\"section\" data-e-type=\"section\">\n\t\t\t\t\t\t<div class=\"elementor-container elementor-column-gap-default\">\n\t\t\t\t\t<div class=\"elementor-column elementor-col-50 elementor-top-column elementor-element elementor-element-4631db7\" data-id=\"4631db7\" data-element_type=\"column\" data-e-type=\"column\">\n\t\t\t<div class=\"elementor-widget-wrap elementor-element-populated\">\n\t\t\t\t\t\t<div class=\"elementor-element elementor-element-8a5372d elementor-widget elementor-widget-image\" data-id=\"8a5372d\" data-element_type=\"widget\" data-e-type=\"widget\" data-widget_type=\"image.default\">\n\t\t\t\t<div class=\"elementor-widget-container\">\n\t\t\t\t\t\t\t\t\t\t\t\t\t\t\t<img decoding=\"async\" width=\"300\" height=\"137\" src=\"https:\/\/www.pakery.pl\/wp-content\/uploads\/2023\/04\/Zrzut-ekranu-2023-03-29-o-11.55.29-300x137.png\" class=\"attachment-medium size-medium wp-image-43044\" alt=\"\" srcset=\"https:\/\/www.pakery.pl\/wp-content\/uploads\/2023\/04\/Zrzut-ekranu-2023-03-29-o-11.55.29-300x137.png 300w, https:\/\/www.pakery.pl\/wp-content\/uploads\/2023\/04\/Zrzut-ekranu-2023-03-29-o-11.55.29.png 306w\" sizes=\"(max-width: 300px) 100vw, 300px\" \/>\t\t\t\t\t\t\t\t\t\t\t\t\t\t\t<\/div>\n\t\t\t\t<\/div>\n\t\t\t\t\t<\/div>\n\t\t<\/div>\n\t\t\t\t<div class=\"elementor-column elementor-col-50 elementor-top-column elementor-element elementor-element-6aefc25\" data-id=\"6aefc25\" data-element_type=\"column\" data-e-type=\"column\">\n\t\t\t<div class=\"elementor-widget-wrap elementor-element-populated\">\n\t\t\t\t\t\t<div class=\"elementor-element elementor-element-37207b9 elementor-widget elementor-widget-text-editor\" data-id=\"37207b9\" data-element_type=\"widget\" data-e-type=\"widget\" data-widget_type=\"text-editor.default\">\n\t\t\t\t<div class=\"elementor-widget-container\">\n\t\t\t\t\t\t\t\t\t<div class=\"page\" title=\"Puslapis 1\">\n<div class=\"section\">\n<div class=\"layoutArea\">\n<div class=\"column\">\n<ul>\n<li>\n<h6><span style=\"color: #000000;\">Skirtas nuolatiniam, stand\u017eiam saus\u0173 ply\u0161i\u0173 sienose, grindyse, betonin\u0117se konstrukcijose, po\u017eemin\u0117se konstrukcijose sandarinimui nuo vandens.<\/span><\/h6>\n<\/li>\n<li>\n<h6><span style=\"color: #000000;\">stabilizavimo injekcijos \u25a0 sandarinimas \u25a0 m\u016bro ir kit\u0173 statybini\u0173 konstrukcij\u0173 stiprinimas<\/span><\/h6>\n<\/li>\n<\/ul>\n<\/div>\n<\/div>\n<\/div>\n<\/div>\n\t\t\t\t\t\t\t\t<\/div>\n\t\t\t\t<\/div>\n\t\t\t\t\t<\/div>\n\t\t<\/div>\n\t\t\t\t\t<\/div>\n\t\t<\/section>\n\t\t\t\t<section class=\"elementor-section elementor-top-section elementor-element elementor-element-94f2ff0 elementor-section-boxed elementor-section-height-default elementor-section-height-default\" data-id=\"94f2ff0\" data-element_type=\"section\" data-e-type=\"section\">\n\t\t\t\t\t\t<div class=\"elementor-container elementor-column-gap-default\">\n\t\t\t\t\t<div class=\"elementor-column elementor-col-100 elementor-top-column elementor-element elementor-element-cfcace3\" data-id=\"cfcace3\" data-element_type=\"column\" data-e-type=\"column\">\n\t\t\t<div class=\"elementor-widget-wrap elementor-element-populated\">\n\t\t\t\t\t\t<section class=\"elementor-section elementor-inner-section elementor-element elementor-element-228238a elementor-section-boxed elementor-section-height-default elementor-section-height-default\" data-id=\"228238a\" data-element_type=\"section\" data-e-type=\"section\">\n\t\t\t\t\t\t<div class=\"elementor-container elementor-column-gap-default\">\n\t\t\t\t\t<div class=\"elementor-column elementor-col-50 elementor-inner-column elementor-element elementor-element-36884f2\" data-id=\"36884f2\" data-element_type=\"column\" data-e-type=\"column\">\n\t\t\t<div class=\"elementor-widget-wrap elementor-element-populated\">\n\t\t\t\t\t\t<div class=\"elementor-element elementor-element-0bad0c5 elementor-widget elementor-widget-text-editor\" data-id=\"0bad0c5\" data-element_type=\"widget\" data-e-type=\"widget\" data-widget_type=\"text-editor.default\">\n\t\t\t\t<div class=\"elementor-widget-container\">\n\t\t\t\t\t\t\t\t\t<div title=\"2 puslapis\">\n<div>\n<div>\n<div>\n<p>       <span style=\"caret-color: #000000; color: #14408a; font-family: ArialNarrow; font-size: 18.66666603088379px; font-weight: bold;\">Papildomi produktai  <\/span><\/p>\n<\/div>\n<\/div>\n<\/div>\n<\/div>\n\t\t\t\t\t\t\t\t<\/div>\n\t\t\t\t<\/div>\n\t\t\t\t\t<\/div>\n\t\t<\/div>\n\t\t\t\t<div class=\"elementor-column elementor-col-50 elementor-inner-column elementor-element elementor-element-62d6fd9\" data-id=\"62d6fd9\" data-element_type=\"column\" data-e-type=\"column\">\n\t\t\t<div class=\"elementor-widget-wrap elementor-element-populated\">\n\t\t\t\t\t\t<div class=\"elementor-element elementor-element-c3c1bb9 elementor-widget elementor-widget-text-editor\" data-id=\"c3c1bb9\" data-element_type=\"widget\" data-e-type=\"widget\" data-widget_type=\"text-editor.default\">\n\t\t\t\t<div class=\"elementor-widget-container\">\n\t\t\t\t\t\t\t\t\t<ul>\n<li>\n<h6><span style=\"color: #000000;\">ResinBau CrackOn.5 &#8211; skiedinys, u\u017epildantis ply\u0161io pavir\u0161i\u0173<\/span><\/h6>\n<\/li>\n<li>\n<h6><span style=\"color: #000000;\">&#8222;Hammpack\u00ae PI-Cleaner&#8221; &#8211; injekcinei \u012frangai valyti<\/span><\/h6>\n<\/li>\n<li>\n<h6><span style=\"color: #000000;\">&#8222;Hammpack\u00ae&#8221; \u012fpur\u0161kimo pakuotojai<\/span><\/h6>\n<\/li>\n<li>\n<h6><span style=\"color: #000000;\">\u012epur\u0161kimo siurblys 1K<\/span><\/h6>\n<\/li>\n<\/ul>\n\t\t\t\t\t\t\t\t<\/div>\n\t\t\t\t<\/div>\n\t\t\t\t\t<\/div>\n\t\t<\/div>\n\t\t\t\t\t<\/div>\n\t\t<\/section>\n\t\t\t\t\t<\/div>\n\t\t<\/div>\n\t\t\t\t\t<\/div>\n\t\t<\/section>\n\t\t\t\t<section class=\"elementor-section elementor-top-section elementor-element elementor-element-57f1d5d elementor-section-boxed elementor-section-height-default elementor-section-height-default\" data-id=\"57f1d5d\" data-element_type=\"section\" data-e-type=\"section\">\n\t\t\t\t\t\t<div class=\"elementor-container elementor-column-gap-default\">\n\t\t\t\t\t<div class=\"elementor-column elementor-col-100 elementor-top-column elementor-element elementor-element-215c865\" data-id=\"215c865\" data-element_type=\"column\" data-e-type=\"column\">\n\t\t\t<div class=\"elementor-widget-wrap elementor-element-populated\">\n\t\t\t\t\t\t<section class=\"elementor-section elementor-inner-section elementor-element elementor-element-49bdc24 elementor-section-boxed elementor-section-height-default elementor-section-height-default\" data-id=\"49bdc24\" data-element_type=\"section\" data-e-type=\"section\">\n\t\t\t\t\t\t<div class=\"elementor-container elementor-column-gap-default\">\n\t\t\t\t\t<div class=\"elementor-column elementor-col-50 elementor-inner-column elementor-element elementor-element-475486d\" data-id=\"475486d\" data-element_type=\"column\" data-e-type=\"column\">\n\t\t\t<div class=\"elementor-widget-wrap elementor-element-populated\">\n\t\t\t\t\t\t<div class=\"elementor-element elementor-element-1c95778 elementor-widget elementor-widget-text-editor\" data-id=\"1c95778\" data-element_type=\"widget\" data-e-type=\"widget\" data-widget_type=\"text-editor.default\">\n\t\t\t\t<div class=\"elementor-widget-container\">\n\t\t\t\t\t\t\t\t\t<div title=\"2 puslapis\">\n<div>\n<div>\n<div>\n<p>       <span style=\"caret-color: #000000; color: #14408a; font-family: ArialNarrow; font-size: 18.66666603088379px; font-weight: bold;\">Atsisi\u0173sti<\/span><\/p>\n<\/div>\n<\/div>\n<\/div>\n<\/div>\n\t\t\t\t\t\t\t\t<\/div>\n\t\t\t\t<\/div>\n\t\t\t\t\t<\/div>\n\t\t<\/div>\n\t\t\t\t<div class=\"elementor-column elementor-col-50 elementor-inner-column elementor-element elementor-element-e91d8b1\" data-id=\"e91d8b1\" data-element_type=\"column\" data-e-type=\"column\">\n\t\t\t<div class=\"elementor-widget-wrap elementor-element-populated\">\n\t\t\t\t\t\t<div class=\"elementor-element elementor-element-69f02bd elementor-align-left elementor-widget elementor-widget-button\" data-id=\"69f02bd\" data-element_type=\"widget\" data-e-type=\"widget\" data-widget_type=\"button.default\">\n\t\t\t\t<div class=\"elementor-widget-container\">\n\t\t\t\t\t\t\t\t\t<div class=\"elementor-button-wrapper\">\n\t\t\t\t\t<a class=\"elementor-button elementor-button-link elementor-size-sm\" href=\"https:\/\/www.pakery.pl\/wp-content\/uploads\/2023\/04\/ResinBau-EpoxPower-_KT.pdf\" target=\"_blank\">\n\t\t\t\t\t\t<span class=\"elementor-button-content-wrapper\">\n\t\t\t\t\t\t\t\t\t<span class=\"elementor-button-text\">Technin\u0117 chartija<\/span>\n\t\t\t\t\t<\/span>\n\t\t\t\t\t<\/a>\n\t\t\t\t<\/div>\n\t\t\t\t\t\t\t\t<\/div>\n\t\t\t\t<\/div>\n\t\t\t\t<div class=\"elementor-element elementor-element-d1f93d5 elementor-widget elementor-widget-spacer\" data-id=\"d1f93d5\" data-element_type=\"widget\" data-e-type=\"widget\" data-widget_type=\"spacer.default\">\n\t\t\t\t<div class=\"elementor-widget-container\">\n\t\t\t\t\t\t\t<div class=\"elementor-spacer\">\n\t\t\t<div class=\"elementor-spacer-inner\"><\/div>\n\t\t<\/div>\n\t\t\t\t\t\t<\/div>\n\t\t\t\t<\/div>\n\t\t\t\t<div class=\"elementor-element elementor-element-3b5008d elementor-widget elementor-widget-spacer\" data-id=\"3b5008d\" data-element_type=\"widget\" data-e-type=\"widget\" data-widget_type=\"spacer.default\">\n\t\t\t\t<div class=\"elementor-widget-container\">\n\t\t\t\t\t\t\t<div class=\"elementor-spacer\">\n\t\t\t<div class=\"elementor-spacer-inner\"><\/div>\n\t\t<\/div>\n\t\t\t\t\t\t<\/div>\n\t\t\t\t<\/div>\n\t\t\t\t\t<\/div>\n\t\t<\/div>\n\t\t\t\t\t<\/div>\n\t\t<\/section>\n\t\t\t\t\t<\/div>\n\t\t<\/div>\n\t\t\t\t\t<\/div>\n\t\t<\/section>\n\t\t\t\t<\/div>\n\t\t","protected":false},"excerpt":{"rendered":"<p>Taikymo sritis Skirtas nuolatiniam, stand\u017eiam saus\u0173 ply\u0161i\u0173 sienose, grindyse, betonin\u0117se konstrukcijose, po\u017eemin\u0117se konstrukcijose sandarinimui nuo vandens. stabilizavimo injekcijos \u25a0 sandarinimas \u25a0 m\u016bro ir kit\u0173 statybini\u0173 konstrukcij\u0173 stiprinimas Papildomi produktai ResinBau CrackOn.5 &#8211; skiedinys, u\u017epildantis ply\u0161io pavir\u0161i\u0173 &#8222;Hammpack\u00ae PI-Cleaner&#8221; &#8211; injekcinei \u012frangai valyti &#8222;Hammpack\u00ae&#8221; \u012fpur\u0161kimo pakuotojai \u012epur\u0161kimo siurblys 1K Atsisi\u0173sti Technin\u0117 chartija<\/p>\n","protected":false},"featured_media":42970,"template":"","meta":{"_acf_changed":false},"product_brand":[],"product_cat":[1903],"product_tag":[],"class_list":{"0":"post-43722","1":"product","2":"type-product","3":"status-publish","4":"has-post-thumbnail","6":"product_cat-injekcines-dervos","8":"first","9":"instock","10":"taxable","11":"shipping-taxable","12":"product-type-simple"},"acf":[],"yoast_head":"<!-- This site is optimized with the Yoast SEO plugin v27.3 - https:\/\/yoast.com\/product\/yoast-seo-wordpress\/ -->\n<title>EpoxPower epoksidin\u0117 injekcin\u0117 derva - PAKERY.PL<\/title>\n<meta name=\"robots\" content=\"index, follow, max-snippet:-1, max-image-preview:large, max-video-preview:-1\" \/>\n<link rel=\"canonical\" href=\"https:\/\/www.pakery.pl\/lt\/produkt\/epoxpower-epoksidine-injekcine-derva\/\" \/>\n<meta property=\"og:locale\" content=\"lt_LT\" \/>\n<meta property=\"og:type\" content=\"article\" \/>\n<meta property=\"og:title\" content=\"EpoxPower epoksidin\u0117 injekcin\u0117 derva - PAKERY.PL\" \/>\n<meta property=\"og:description\" content=\"Taikymo sritis Skirtas nuolatiniam, stand\u017eiam saus\u0173 ply\u0161i\u0173 sienose, grindyse, betonin\u0117se konstrukcijose, po\u017eemin\u0117se konstrukcijose sandarinimui nuo vandens. stabilizavimo injekcijos \u25a0 sandarinimas \u25a0 m\u016bro ir kit\u0173 statybini\u0173 konstrukcij\u0173 stiprinimas Papildomi produktai ResinBau CrackOn.5 &#8211; skiedinys, u\u017epildantis ply\u0161io pavir\u0161i\u0173 &#8222;Hammpack\u00ae PI-Cleaner&#8221; &#8211; injekcinei \u012frangai valyti &#8222;Hammpack\u00ae&#8221; \u012fpur\u0161kimo pakuotojai \u012epur\u0161kimo siurblys 1K Atsisi\u0173sti Technin\u0117 chartija\" \/>\n<meta property=\"og:url\" content=\"https:\/\/www.pakery.pl\/lt\/produkt\/epoxpower-epoksidine-injekcine-derva\/\" \/>\n<meta property=\"og:site_name\" content=\"PAKERY.PL\" \/>\n<meta property=\"article:modified_time\" content=\"2023-04-06T07:33:33+00:00\" \/>\n<meta property=\"og:image\" content=\"https:\/\/www.pakery.pl\/wp-content\/uploads\/2023\/04\/Epoxpower-5KG-kopia-1024x1024.png\" \/>\n\t<meta property=\"og:image:width\" content=\"1024\" \/>\n\t<meta property=\"og:image:height\" content=\"1024\" \/>\n\t<meta property=\"og:image:type\" content=\"image\/png\" \/>\n<meta name=\"twitter:card\" content=\"summary_large_image\" \/>\n<script type=\"application\/ld+json\" class=\"yoast-schema-graph\">{\"@context\":\"https:\\\/\\\/schema.org\",\"@graph\":[{\"@type\":\"WebPage\",\"@id\":\"https:\\\/\\\/www.pakery.pl\\\/lt\\\/produkt\\\/epoxpower-epoksidine-injekcine-derva\\\/\",\"url\":\"https:\\\/\\\/www.pakery.pl\\\/lt\\\/produkt\\\/epoxpower-epoksidine-injekcine-derva\\\/\",\"name\":\"EpoxPower epoksidin\u0117 injekcin\u0117 derva - PAKERY.PL\",\"isPartOf\":{\"@id\":\"https:\\\/\\\/www.pakery.pl\\\/lt\\\/#website\"},\"primaryImageOfPage\":{\"@id\":\"https:\\\/\\\/www.pakery.pl\\\/lt\\\/produkt\\\/epoxpower-epoksidine-injekcine-derva\\\/#primaryimage\"},\"image\":{\"@id\":\"https:\\\/\\\/www.pakery.pl\\\/lt\\\/produkt\\\/epoxpower-epoksidine-injekcine-derva\\\/#primaryimage\"},\"thumbnailUrl\":\"https:\\\/\\\/www.pakery.pl\\\/wp-content\\\/uploads\\\/2023\\\/04\\\/Epoxpower-5KG-kopia.png\",\"datePublished\":\"2023-04-06T07:33:32+00:00\",\"dateModified\":\"2023-04-06T07:33:33+00:00\",\"breadcrumb\":{\"@id\":\"https:\\\/\\\/www.pakery.pl\\\/lt\\\/produkt\\\/epoxpower-epoksidine-injekcine-derva\\\/#breadcrumb\"},\"inLanguage\":\"lt-LT\",\"potentialAction\":[{\"@type\":\"ReadAction\",\"target\":[\"https:\\\/\\\/www.pakery.pl\\\/lt\\\/produkt\\\/epoxpower-epoksidine-injekcine-derva\\\/\"]}]},{\"@type\":\"ImageObject\",\"inLanguage\":\"lt-LT\",\"@id\":\"https:\\\/\\\/www.pakery.pl\\\/lt\\\/produkt\\\/epoxpower-epoksidine-injekcine-derva\\\/#primaryimage\",\"url\":\"https:\\\/\\\/www.pakery.pl\\\/wp-content\\\/uploads\\\/2023\\\/04\\\/Epoxpower-5KG-kopia.png\",\"contentUrl\":\"https:\\\/\\\/www.pakery.pl\\\/wp-content\\\/uploads\\\/2023\\\/04\\\/Epoxpower-5KG-kopia.png\",\"width\":3000,\"height\":3000},{\"@type\":\"BreadcrumbList\",\"@id\":\"https:\\\/\\\/www.pakery.pl\\\/lt\\\/produkt\\\/epoxpower-epoksidine-injekcine-derva\\\/#breadcrumb\",\"itemListElement\":[{\"@type\":\"ListItem\",\"position\":1,\"name\":\"Strona g\u0142\u00f3wna\",\"item\":\"https:\\\/\\\/www.pakery.pl\\\/lt\\\/\"},{\"@type\":\"ListItem\",\"position\":2,\"name\":\"Parduotuv\u0117\",\"item\":\"https:\\\/\\\/www.pakery.pl\\\/lt\\\/parduotuve\\\/\"},{\"@type\":\"ListItem\",\"position\":3,\"name\":\"EpoxPower epoksidin\u0117 injekcin\u0117 derva\"}]},{\"@type\":\"WebSite\",\"@id\":\"https:\\\/\\\/www.pakery.pl\\\/lt\\\/#website\",\"url\":\"https:\\\/\\\/www.pakery.pl\\\/lt\\\/\",\"name\":\"Pakery.pl\",\"description\":\"Pakery iniekcyjne, Kotwy spiralne, Lance iniekcyjne, W\u0119\u017ce do iniekcji, Pompy iniekcyjne, Serwis pomp iniekcyjnych, Wynajem pomp do iniekcji\",\"publisher\":{\"@id\":\"https:\\\/\\\/www.pakery.pl\\\/lt\\\/#organization\"},\"potentialAction\":[{\"@type\":\"SearchAction\",\"target\":{\"@type\":\"EntryPoint\",\"urlTemplate\":\"https:\\\/\\\/www.pakery.pl\\\/lt\\\/?s={search_term_string}\"},\"query-input\":{\"@type\":\"PropertyValueSpecification\",\"valueRequired\":true,\"valueName\":\"search_term_string\"}}],\"inLanguage\":\"lt-LT\"},{\"@type\":\"Organization\",\"@id\":\"https:\\\/\\\/www.pakery.pl\\\/lt\\\/#organization\",\"name\":\"PAKERY.PL\",\"url\":\"https:\\\/\\\/www.pakery.pl\\\/lt\\\/\",\"logo\":{\"@type\":\"ImageObject\",\"inLanguage\":\"lt-LT\",\"@id\":\"https:\\\/\\\/www.pakery.pl\\\/lt\\\/#\\\/schema\\\/logo\\\/image\\\/\",\"url\":\"https:\\\/\\\/www.pakery.pl\\\/wp-content\\\/uploads\\\/2021\\\/04\\\/cropped-PAKERY-LOGO.png\",\"contentUrl\":\"https:\\\/\\\/www.pakery.pl\\\/wp-content\\\/uploads\\\/2021\\\/04\\\/cropped-PAKERY-LOGO.png\",\"width\":1529,\"height\":500,\"caption\":\"PAKERY.PL\"},\"image\":{\"@id\":\"https:\\\/\\\/www.pakery.pl\\\/lt\\\/#\\\/schema\\\/logo\\\/image\\\/\"}}]}<\/script>\n<!-- \/ Yoast SEO plugin. -->","yoast_head_json":{"title":"EpoxPower epoksidin\u0117 injekcin\u0117 derva - PAKERY.PL","robots":{"index":"index","follow":"follow","max-snippet":"max-snippet:-1","max-image-preview":"max-image-preview:large","max-video-preview":"max-video-preview:-1"},"canonical":"https:\/\/www.pakery.pl\/lt\/produkt\/epoxpower-epoksidine-injekcine-derva\/","og_locale":"lt_LT","og_type":"article","og_title":"EpoxPower epoksidin\u0117 injekcin\u0117 derva - PAKERY.PL","og_description":"Taikymo sritis Skirtas nuolatiniam, stand\u017eiam saus\u0173 ply\u0161i\u0173 sienose, grindyse, betonin\u0117se konstrukcijose, po\u017eemin\u0117se konstrukcijose sandarinimui nuo vandens. stabilizavimo injekcijos \u25a0 sandarinimas \u25a0 m\u016bro ir kit\u0173 statybini\u0173 konstrukcij\u0173 stiprinimas Papildomi produktai ResinBau CrackOn.5 &#8211; skiedinys, u\u017epildantis ply\u0161io pavir\u0161i\u0173 &#8222;Hammpack\u00ae PI-Cleaner&#8221; &#8211; injekcinei \u012frangai valyti &#8222;Hammpack\u00ae&#8221; \u012fpur\u0161kimo pakuotojai \u012epur\u0161kimo siurblys 1K Atsisi\u0173sti Technin\u0117 chartija","og_url":"https:\/\/www.pakery.pl\/lt\/produkt\/epoxpower-epoksidine-injekcine-derva\/","og_site_name":"PAKERY.PL","article_modified_time":"2023-04-06T07:33:33+00:00","og_image":[{"width":1024,"height":1024,"url":"https:\/\/www.pakery.pl\/wp-content\/uploads\/2023\/04\/Epoxpower-5KG-kopia-1024x1024.png","type":"image\/png"}],"twitter_card":"summary_large_image","schema":{"@context":"https:\/\/schema.org","@graph":[{"@type":"WebPage","@id":"https:\/\/www.pakery.pl\/lt\/produkt\/epoxpower-epoksidine-injekcine-derva\/","url":"https:\/\/www.pakery.pl\/lt\/produkt\/epoxpower-epoksidine-injekcine-derva\/","name":"EpoxPower epoksidin\u0117 injekcin\u0117 derva - PAKERY.PL","isPartOf":{"@id":"https:\/\/www.pakery.pl\/lt\/#website"},"primaryImageOfPage":{"@id":"https:\/\/www.pakery.pl\/lt\/produkt\/epoxpower-epoksidine-injekcine-derva\/#primaryimage"},"image":{"@id":"https:\/\/www.pakery.pl\/lt\/produkt\/epoxpower-epoksidine-injekcine-derva\/#primaryimage"},"thumbnailUrl":"https:\/\/www.pakery.pl\/wp-content\/uploads\/2023\/04\/Epoxpower-5KG-kopia.png","datePublished":"2023-04-06T07:33:32+00:00","dateModified":"2023-04-06T07:33:33+00:00","breadcrumb":{"@id":"https:\/\/www.pakery.pl\/lt\/produkt\/epoxpower-epoksidine-injekcine-derva\/#breadcrumb"},"inLanguage":"lt-LT","potentialAction":[{"@type":"ReadAction","target":["https:\/\/www.pakery.pl\/lt\/produkt\/epoxpower-epoksidine-injekcine-derva\/"]}]},{"@type":"ImageObject","inLanguage":"lt-LT","@id":"https:\/\/www.pakery.pl\/lt\/produkt\/epoxpower-epoksidine-injekcine-derva\/#primaryimage","url":"https:\/\/www.pakery.pl\/wp-content\/uploads\/2023\/04\/Epoxpower-5KG-kopia.png","contentUrl":"https:\/\/www.pakery.pl\/wp-content\/uploads\/2023\/04\/Epoxpower-5KG-kopia.png","width":3000,"height":3000},{"@type":"BreadcrumbList","@id":"https:\/\/www.pakery.pl\/lt\/produkt\/epoxpower-epoksidine-injekcine-derva\/#breadcrumb","itemListElement":[{"@type":"ListItem","position":1,"name":"Strona g\u0142\u00f3wna","item":"https:\/\/www.pakery.pl\/lt\/"},{"@type":"ListItem","position":2,"name":"Parduotuv\u0117","item":"https:\/\/www.pakery.pl\/lt\/parduotuve\/"},{"@type":"ListItem","position":3,"name":"EpoxPower epoksidin\u0117 injekcin\u0117 derva"}]},{"@type":"WebSite","@id":"https:\/\/www.pakery.pl\/lt\/#website","url":"https:\/\/www.pakery.pl\/lt\/","name":"Pakery.pl","description":"Pakery iniekcyjne, Kotwy spiralne, Lance iniekcyjne, W\u0119\u017ce do iniekcji, Pompy iniekcyjne, Serwis pomp iniekcyjnych, Wynajem pomp do iniekcji","publisher":{"@id":"https:\/\/www.pakery.pl\/lt\/#organization"},"potentialAction":[{"@type":"SearchAction","target":{"@type":"EntryPoint","urlTemplate":"https:\/\/www.pakery.pl\/lt\/?s={search_term_string}"},"query-input":{"@type":"PropertyValueSpecification","valueRequired":true,"valueName":"search_term_string"}}],"inLanguage":"lt-LT"},{"@type":"Organization","@id":"https:\/\/www.pakery.pl\/lt\/#organization","name":"PAKERY.PL","url":"https:\/\/www.pakery.pl\/lt\/","logo":{"@type":"ImageObject","inLanguage":"lt-LT","@id":"https:\/\/www.pakery.pl\/lt\/#\/schema\/logo\/image\/","url":"https:\/\/www.pakery.pl\/wp-content\/uploads\/2021\/04\/cropped-PAKERY-LOGO.png","contentUrl":"https:\/\/www.pakery.pl\/wp-content\/uploads\/2021\/04\/cropped-PAKERY-LOGO.png","width":1529,"height":500,"caption":"PAKERY.PL"},"image":{"@id":"https:\/\/www.pakery.pl\/lt\/#\/schema\/logo\/image\/"}}]}},"_links":{"self":[{"href":"https:\/\/www.pakery.pl\/lt\/wp-json\/wp\/v2\/product\/43722","targetHints":{"allow":["GET"]}}],"collection":[{"href":"https:\/\/www.pakery.pl\/lt\/wp-json\/wp\/v2\/product"}],"about":[{"href":"https:\/\/www.pakery.pl\/lt\/wp-json\/wp\/v2\/types\/product"}],"version-history":[{"count":1,"href":"https:\/\/www.pakery.pl\/lt\/wp-json\/wp\/v2\/product\/43722\/revisions"}],"predecessor-version":[{"id":43723,"href":"https:\/\/www.pakery.pl\/lt\/wp-json\/wp\/v2\/product\/43722\/revisions\/43723"}],"wp:featuredmedia":[{"embeddable":true,"href":"https:\/\/www.pakery.pl\/lt\/wp-json\/wp\/v2\/media\/42970"}],"wp:attachment":[{"href":"https:\/\/www.pakery.pl\/lt\/wp-json\/wp\/v2\/media?parent=43722"}],"wp:term":[{"taxonomy":"product_brand","embeddable":true,"href":"https:\/\/www.pakery.pl\/lt\/wp-json\/wp\/v2\/product_brand?post=43722"},{"taxonomy":"product_cat","embeddable":true,"href":"https:\/\/www.pakery.pl\/lt\/wp-json\/wp\/v2\/product_cat?post=43722"},{"taxonomy":"product_tag","embeddable":true,"href":"https:\/\/www.pakery.pl\/lt\/wp-json\/wp\/v2\/product_tag?post=43722"}],"curies":[{"name":"wp","href":"https:\/\/api.w.org\/{rel}","templated":true}]}}