{"id":19369,"date":"2021-04-21T07:59:46","date_gmt":"2021-08-11T08:51:21","guid":{"rendered":"https:\/\/www.pakery.pl\/produkt\/injekcine-pakuote-pi-sph-14-110\/"},"modified":"2021-08-11T10:52:05","modified_gmt":"2021-08-11T08:52:05","slug":"pi-sph-14-110","status":"publish","type":"product","link":"https:\/\/www.pakery.pl\/lt\/produkt\/pi-sph-14-110\/","title":{"rendered":"Injekcin\u0117 pakuot\u0117 PI-SPH 14\/110"},"content":{"rendered":"\t\t<div data-elementor-type=\"product-post\" data-elementor-id=\"19369\" class=\"elementor elementor-19369 elementor-1842\" data-elementor-post-type=\"product\">\n\t\t\t\t\t\t<section class=\"elementor-section elementor-top-section elementor-element elementor-element-1d649da1 elementor-section-full_width elementor-section-height-default elementor-section-height-default\" data-id=\"1d649da1\" data-element_type=\"section\" data-e-type=\"section\">\n\t\t\t\t\t\t<div class=\"elementor-container elementor-column-gap-no\">\n\t\t\t\t\t<div class=\"elementor-column elementor-col-100 elementor-top-column elementor-element elementor-element-7804cc43\" data-id=\"7804cc43\" data-element_type=\"column\" data-e-type=\"column\">\n\t\t\t<div class=\"elementor-widget-wrap elementor-element-populated\">\n\t\t\t\t\t\t<div class=\"elementor-element elementor-element-440027cf elementor-widget elementor-widget-text-editor\" data-id=\"440027cf\" data-element_type=\"widget\" data-e-type=\"widget\" data-widget_type=\"text-editor.default\">\n\t\t\t\t<div class=\"elementor-widget-container\">\n\t\t\t\t\t\t\t\t\t<p><span style=\"color: #000000;\">Injekcin\u0117 pakuot\u0117 idealiai tinka<strong> \u012fpur\u0161kimo skyl\u0117ms \u00d814<\/strong> . Nepriklausomai nuo to, ar \u0161virk\u0161\u010diame mink\u0161t\u0105 plyt\u0105, ar kiet\u0105 gel\u017ebeton\u012f, jis puikiai patenka ir kaupiasi kiekvienoje \u00d814 skyl\u0117je. <br \/><strong>Pakuotojas kiekvien\u0105 kart\u0105 gali atlaikyti itin didel\u012f sl\u0117g\u012f.<\/strong><\/span><\/p>\n<p><span style=\"color: #000000;\"> <\/span><\/p>\n<div>\n<div>\n<div>\n<p><span style=\"color: #808080;\"><strong><em>U\u017esiregistruokite, kad pamatytum\u0117te m\u016bs\u0173 pakuot\u0117s konfig\u016bratori\u0173. Pasirinkite savo tipo kalamit\u0105.<\/em><\/strong><\/span><\/p>\n<p><span style=\"color: #000000;\"><strong><em> <\/em><\/strong><\/span><\/p>\n<\/div>\n<\/div>\n<h3><img fetchpriority=\"high\" decoding=\"async\" src=\"https:\/\/www.pakery.pl\/wp-content\/uploads\/2021\/05\/baner-sph-14.png\" alt=\"\" width=\"1800\" height=\"300\"><\/h3>\n<div>\n<div>\n<p style=\"font-family: Montserrat, sans-serif; color: #7a7a7a;\"><strong><span style=\"color: #000000;\">HAMMPACK PACKERS PRIVALUMAI<\/span><\/strong><\/p>\n<div>\n<div>\n<div>\n<ul>\n<li><span style=\"color: #000000;\">padidinant tankintuvo \u012ftvirtinimo skyl\u0117je efektyvum\u0105, reguliuojant besiple\u010dian\u010dios gumos vir\u0161utin\u0117s dalies skersmenis ir i\u0161kilimus, tai palengvina sukibim\u0105 ir teising\u0105 tvirtinim\u0105 (tai leid\u017eia \u017eymiai pagreitinti tankinimo \u012frengin\u012f ir padidinti sandarum\u0105)<\/span><\/li>\n<li><span style=\"color: #000000;\">padid\u0117j\u0119s i\u0161sipl\u0117timo gum\u0173 stiprumas ir pakartojamumas, gumos mi\u0161inio reguliavimas ir au\u0161inimo procesas (kontroliuojant temperat\u016br\u0105) daro injektori\u0173 atspar\u0173 gumos ply\u0161imui ir gumos i\u0161kritimui i\u0161 pover\u017eli\u0173.<\/span><\/li>\n<\/ul>\n<\/div>\n<\/div>\n<\/div>\n<div>\n<div>\n<div>\n<div>\n<div>\n<div> <\/div>\n<\/div>\n<\/div>\n<\/div>\n<\/div>\n<\/div>\n<\/div>\n<\/div>\n<\/div>\n\t\t\t\t\t\t\t\t<\/div>\n\t\t\t\t<\/div>\n\t\t\t\t\t<\/div>\n\t\t<\/div>\n\t\t\t\t\t<\/div>\n\t\t<\/section>\n\t\t\t\t<section class=\"elementor-section elementor-top-section elementor-element elementor-element-ee0018e elementor-section-full_width elementor-section-height-default elementor-section-height-default\" data-id=\"ee0018e\" data-element_type=\"section\" data-e-type=\"section\">\n\t\t\t\t\t\t<div class=\"elementor-container elementor-column-gap-no\">\n\t\t\t\t\t<div class=\"elementor-column elementor-col-100 elementor-top-column elementor-element elementor-element-b47281c\" data-id=\"b47281c\" data-element_type=\"column\" data-e-type=\"column\">\n\t\t\t<div class=\"elementor-widget-wrap elementor-element-populated\">\n\t\t\t\t\t\t<section class=\"elementor-section elementor-inner-section elementor-element elementor-element-6dd4e93 elementor-section-full_width elementor-section-height-default elementor-section-height-default\" data-id=\"6dd4e93\" data-element_type=\"section\" data-e-type=\"section\">\n\t\t\t\t\t\t<div class=\"elementor-container elementor-column-gap-default\">\n\t\t\t\t\t<div class=\"elementor-column elementor-col-50 elementor-inner-column elementor-element elementor-element-5e0631d\" data-id=\"5e0631d\" data-element_type=\"column\" data-e-type=\"column\">\n\t\t\t<div class=\"elementor-widget-wrap elementor-element-populated\">\n\t\t\t\t\t\t<div class=\"elementor-element elementor-element-f3b6a19 elementor-widget elementor-widget-text-editor\" data-id=\"f3b6a19\" data-element_type=\"widget\" data-e-type=\"widget\" data-widget_type=\"text-editor.default\">\n\t\t\t\t<div class=\"elementor-widget-container\">\n\t\t\t\t\t\t\t\t\t<div>\n<div>\n<div>\n<p><strong><span style=\"color: #000000;\">TAIKYMAS<\/span><\/strong><\/p>\n<\/div>\n<\/div>\n<\/div>\n<div>\n<div>\n<div>\n<div>\n<div>\n<div>\n<ul>\n<li><span style=\"color: #000000;\">\u012epur\u0161kiamos poliuretano \/ put\u0173 poliuretano dervos<\/span><\/li>\n<li><span style=\"color: #000000;\">Epoksidin\u0117s dervos<\/span><\/li>\n<li><span style=\"color: #000000;\">Silikatai<\/span><\/li>\n<li><span style=\"color: #000000;\">Vandens dispersijos<\/span><\/li>\n<li><span style=\"color: #000000;\">Akrilo geliai <\/span><\/li>\n<li><span style=\"color: #000000;\">Cemento suspensijos iki 0,5 mm gr\u016bdeli\u0173<\/span><\/li>\n<\/ul>\n<p><strong><span style=\"color: #000000;\"><span style=\"caret-color: #000000;\">TECHNIN\u0116S SPECIFIKACIJOS<\/span><\/span><\/strong><\/p>\n<ul>\n<li><span style=\"color: #000000;\">Med\u017eiaga:<strong> plieno<\/strong><\/span><\/li>\n<li><strong><span style=\"color: #000000;\">\u012fpur\u0161kimo angos skersmuo: \u00d814<\/span><\/strong><\/li>\n<li><span style=\"color: #000000;\">ilgis: 110 mm<\/span><\/li>\n<li><span style=\"color: #000000;\">sandarinimo ilgis: 39 mm<\/span><\/li>\n<li><span style=\"color: #000000;\">raktas: 10 mm<\/span><\/li>\n<li><span style=\"color: #000000;\">vienas antspaudas<\/span><\/li>\n<li><span style=\"color: #000000;\">did\u017eiausias sandarumas<\/span><\/li>\n<li><span style=\"color: #000000;\">Kalamitka SWG, PRE, FWG, FPRE<\/span><\/li>\n<\/ul>\n<\/div>\n<\/div>\n<\/div>\n<div> <\/div>\n<div> <\/div>\n<\/div>\n<\/div>\n<\/div>\n\t\t\t\t\t\t\t\t<\/div>\n\t\t\t\t<\/div>\n\t\t\t\t\t<\/div>\n\t\t<\/div>\n\t\t\t\t<div class=\"elementor-column elementor-col-50 elementor-inner-column elementor-element elementor-element-4739499\" data-id=\"4739499\" data-element_type=\"column\" data-e-type=\"column\">\n\t\t\t<div class=\"elementor-widget-wrap elementor-element-populated\">\n\t\t\t\t\t\t<div class=\"elementor-element elementor-element-7f1a4f2 elementor-widget elementor-widget-image\" data-id=\"7f1a4f2\" data-element_type=\"widget\" data-e-type=\"widget\" data-widget_type=\"image.default\">\n\t\t\t\t<div class=\"elementor-widget-container\">\n\t\t\t\t\t\t\t\t\t\t\t\t\t\t\t<img decoding=\"async\" width=\"800\" height=\"600\" src=\"https:\/\/www.pakery.pl\/wp-content\/uploads\/2021\/05\/PI-SPH-14-110pre.gif\" class=\"attachment-full size-full wp-image-19382\" alt=\"\" \/>\t\t\t\t\t\t\t\t\t\t\t\t\t\t\t<\/div>\n\t\t\t\t<\/div>\n\t\t\t\t\t<\/div>\n\t\t<\/div>\n\t\t\t\t\t<\/div>\n\t\t<\/section>\n\t\t\t\t\t<\/div>\n\t\t<\/div>\n\t\t\t\t\t<\/div>\n\t\t<\/section>\n\t\t\t\t<section class=\"elementor-section elementor-top-section elementor-element elementor-element-82e6e88 elementor-section-full_width elementor-section-height-default elementor-section-height-default\" data-id=\"82e6e88\" data-element_type=\"section\" data-e-type=\"section\">\n\t\t\t\t\t\t<div class=\"elementor-container elementor-column-gap-default\">\n\t\t\t\t\t<div class=\"elementor-column elementor-col-100 elementor-top-column elementor-element elementor-element-02aca80\" data-id=\"02aca80\" data-element_type=\"column\" data-e-type=\"column\">\n\t\t\t<div class=\"elementor-widget-wrap elementor-element-populated\">\n\t\t\t\t\t\t<section class=\"elementor-section elementor-inner-section elementor-element elementor-element-4849972 elementor-section-full_width elementor-section-height-default elementor-section-height-default\" data-id=\"4849972\" data-element_type=\"section\" data-e-type=\"section\">\n\t\t\t\t\t\t<div class=\"elementor-container elementor-column-gap-default\">\n\t\t\t\t\t<div class=\"elementor-column elementor-col-100 elementor-inner-column elementor-element elementor-element-9dfa07d\" data-id=\"9dfa07d\" data-element_type=\"column\" data-e-type=\"column\">\n\t\t\t<div class=\"elementor-widget-wrap elementor-element-populated\">\n\t\t\t\t\t\t<div class=\"elementor-element elementor-element-1e4cb94 elementor-widget elementor-widget-text-editor\" data-id=\"1e4cb94\" data-element_type=\"widget\" data-e-type=\"widget\" data-widget_type=\"text-editor.default\">\n\t\t\t\t<div class=\"elementor-widget-container\">\n\t\t\t\t\t\t\t\t\t<div><span style=\"color: #000000;\"><strong>Special\u016bs HAMMPACK kalendoriai<\/strong> &#8211; tai special\u016bs vo\u017etuvai, galintys laikyti ir tiekti injekcij\u0105, netrukdydami med\u017eiagos (nepaisant to, ar tai labai ma\u017eo klampumo \u012fpur\u0161kimo derva, akrilo gelis, ar labai putojanti poliuretano derva). Jie puikiai palaiko prie\u0161in\u012f spaudim\u0105. \u017dod\u017eiu, jie nesandar\u016bs.<\/span><\/div>\n<div> <\/div>\n<div><span style=\"color: #000000;\"><strong>Kalamitki SWG ir PRE<\/strong> &#8211; tai var\u017etai, mechani\u0161kai priver\u017eiami prie \u012fpur\u0161kimo pakuot\u0117s, kartu su anaerobini\u0173 klij\u0173 sluoksniu. \u0160i jungtis u\u017etikrina pavyzdin\u012f sriegin\u0117s jungties sandarum\u0105.<\/span><\/div>\n<div> <\/div>\n<div><span style=\"color: #000000;\"><strong>Kalamitki tipo PRE, FPRE<\/strong> &#8211; i\u0161 anksto padengtas apkabos sriegis, leid\u017eiantis suver\u017eti suportus, kai derva i\u0161b\u0117ga i\u0161 pakuot\u0117s, kad b\u016bt\u0173 galima i\u0161gauti or\u0105 ir kontroliuoti injekcij\u0105. I\u0161 anksto u\u017eteptas sluoksnis nedelsiant u\u017esandarina sriegin\u0119 jungt\u012f, paruo\u0161t\u0105 tolesnei injekcijai. \u0160io tipo kalamitai tiekiami nepriver\u017eti prie purk\u0161tuko.<\/span><\/div>\n\t\t\t\t\t\t\t\t<\/div>\n\t\t\t\t<\/div>\n\t\t\t\t\t<\/div>\n\t\t<\/div>\n\t\t\t\t\t<\/div>\n\t\t<\/section>\n\t\t\t\t\t<\/div>\n\t\t<\/div>\n\t\t\t\t\t<\/div>\n\t\t<\/section>\n\t\t\t\t<\/div>\n\t\t","protected":false},"excerpt":{"rendered":"<p>Injekcin\u0117 pakuot\u0117 idealiai tinka \u012fpur\u0161kimo skyl\u0117ms \u00d814 . Nepriklausomai nuo to, ar \u0161virk\u0161\u010diame mink\u0161t\u0105 plyt\u0105, ar kiet\u0105 gel\u017ebeton\u012f, jis puikiai patenka ir kaupiasi kiekvienoje \u00d814 skyl\u0117je. Pakuotojas kiekvien\u0105 kart\u0105 gali atlaikyti itin didel\u012f sl\u0117g\u012f. U\u017esiregistruokite, kad pamatytum\u0117te m\u016bs\u0173 pakuot\u0117s konfig\u016bratori\u0173. Pasirinkite savo tipo kalamit\u0105. HAMMPACK PACKERS PRIVALUMAI padidinant tankintuvo \u012ftvirtinimo skyl\u0117je efektyvum\u0105, reguliuojant besiple\u010dian\u010dios gumos [&hellip;]<\/p>\n","protected":false},"featured_media":19370,"template":"","meta":{"_acf_changed":false},"product_brand":[],"product_cat":[903],"product_tag":[],"class_list":{"0":"post-19369","1":"product","2":"type-product","3":"status-publish","4":"has-post-thumbnail","6":"product_cat-pakery-iniekcyjne-hammpack-lt","7":"pa_rodzaj-kalamitki-fpre-lt","8":"pa_rodzaj-kalamitki-fwg-lt","9":"pa_rodzaj-kalamitki-pre-lt","10":"pa_rodzaj-kalamitki-swg-lt","12":"first","13":"instock","14":"featured","15":"taxable","16":"shipping-taxable","17":"purchasable","18":"product-type-variable","19":"has-default-attributes"},"acf":[],"yoast_head":"<!-- This site is optimized with the Yoast SEO plugin v27.3 - https:\/\/yoast.com\/product\/yoast-seo-wordpress\/ -->\n<title>\u012epur\u0161kimo pakuot\u0117 | Injekcin\u0117s pakuot\u0117s PI -SPH 14\/110 - PAKERY.PL<\/title>\n<meta name=\"description\" content=\"Auk\u0161\u010diausios kokyb\u0117s \u012fpur\u0161kimo pakuot\u0117. \u201eHammpack\u201c \u012fpur\u0161kimo pakuot\u0117s garantuoja nepriekai\u0161ting\u0105 sandarum\u0105. Pasirinkite savo kalamitkos r\u016b\u0161\u012f!\" \/>\n<meta name=\"robots\" content=\"index, follow, max-snippet:-1, max-image-preview:large, max-video-preview:-1\" \/>\n<link rel=\"canonical\" href=\"https:\/\/www.pakery.pl\/lt\/produkt\/pi-sph-14-110\/\" \/>\n<meta property=\"og:locale\" content=\"lt_LT\" \/>\n<meta property=\"og:type\" content=\"article\" \/>\n<meta property=\"og:title\" content=\"\u012epur\u0161kimo pakuot\u0117 | Injekcin\u0117s pakuot\u0117s PI -SPH 14\/110 - PAKERY.PL\" \/>\n<meta property=\"og:description\" content=\"Auk\u0161\u010diausios kokyb\u0117s \u012fpur\u0161kimo pakuot\u0117. \u201eHammpack\u201c \u012fpur\u0161kimo pakuot\u0117s garantuoja nepriekai\u0161ting\u0105 sandarum\u0105. Pasirinkite savo kalamitkos r\u016b\u0161\u012f!\" \/>\n<meta property=\"og:url\" content=\"https:\/\/www.pakery.pl\/lt\/produkt\/pi-sph-14-110\/\" \/>\n<meta property=\"og:site_name\" content=\"PAKERY.PL\" \/>\n<meta property=\"article:modified_time\" content=\"2021-08-11T08:52:05+00:00\" \/>\n<meta property=\"og:image\" content=\"https:\/\/www.pakery.pl\/wp-content\/uploads\/2021\/04\/foto-14-SPH--1024x1024.png\" \/>\n\t<meta property=\"og:image:width\" content=\"1024\" \/>\n\t<meta property=\"og:image:height\" content=\"1024\" \/>\n\t<meta property=\"og:image:type\" content=\"image\/png\" \/>\n<meta name=\"twitter:card\" content=\"summary_large_image\" \/>\n<meta name=\"twitter:label1\" content=\"Est. reading time\" \/>\n\t<meta name=\"twitter:data1\" content=\"2 minut\u0117s\" \/>\n<script type=\"application\/ld+json\" class=\"yoast-schema-graph\">{\"@context\":\"https:\\\/\\\/schema.org\",\"@graph\":[{\"@type\":\"WebPage\",\"@id\":\"https:\\\/\\\/www.pakery.pl\\\/lt\\\/produkt\\\/pi-sph-14-110\\\/\",\"url\":\"https:\\\/\\\/www.pakery.pl\\\/lt\\\/produkt\\\/pi-sph-14-110\\\/\",\"name\":\"\u012epur\u0161kimo pakuot\u0117 | Injekcin\u0117s pakuot\u0117s PI -SPH 14\\\/110 - PAKERY.PL\",\"isPartOf\":{\"@id\":\"https:\\\/\\\/www.pakery.pl\\\/lt\\\/#website\"},\"primaryImageOfPage\":{\"@id\":\"https:\\\/\\\/www.pakery.pl\\\/lt\\\/produkt\\\/pi-sph-14-110\\\/#primaryimage\"},\"image\":{\"@id\":\"https:\\\/\\\/www.pakery.pl\\\/lt\\\/produkt\\\/pi-sph-14-110\\\/#primaryimage\"},\"thumbnailUrl\":\"https:\\\/\\\/www.pakery.pl\\\/wp-content\\\/uploads\\\/2021\\\/04\\\/foto-14-SPH-.png\",\"datePublished\":\"2021-08-11T08:51:21+00:00\",\"dateModified\":\"2021-08-11T08:52:05+00:00\",\"description\":\"Auk\u0161\u010diausios kokyb\u0117s \u012fpur\u0161kimo pakuot\u0117. \u201eHammpack\u201c \u012fpur\u0161kimo pakuot\u0117s garantuoja nepriekai\u0161ting\u0105 sandarum\u0105. Pasirinkite savo kalamitkos r\u016b\u0161\u012f!\",\"breadcrumb\":{\"@id\":\"https:\\\/\\\/www.pakery.pl\\\/lt\\\/produkt\\\/pi-sph-14-110\\\/#breadcrumb\"},\"inLanguage\":\"lt-LT\",\"potentialAction\":[{\"@type\":\"ReadAction\",\"target\":[\"https:\\\/\\\/www.pakery.pl\\\/lt\\\/produkt\\\/pi-sph-14-110\\\/\"]}]},{\"@type\":\"ImageObject\",\"inLanguage\":\"lt-LT\",\"@id\":\"https:\\\/\\\/www.pakery.pl\\\/lt\\\/produkt\\\/pi-sph-14-110\\\/#primaryimage\",\"url\":\"https:\\\/\\\/www.pakery.pl\\\/wp-content\\\/uploads\\\/2021\\\/04\\\/foto-14-SPH-.png\",\"contentUrl\":\"https:\\\/\\\/www.pakery.pl\\\/wp-content\\\/uploads\\\/2021\\\/04\\\/foto-14-SPH-.png\",\"width\":2500,\"height\":2500,\"caption\":\"injekcinis supakuotojas\"},{\"@type\":\"BreadcrumbList\",\"@id\":\"https:\\\/\\\/www.pakery.pl\\\/lt\\\/produkt\\\/pi-sph-14-110\\\/#breadcrumb\",\"itemListElement\":[{\"@type\":\"ListItem\",\"position\":1,\"name\":\"Strona g\u0142\u00f3wna\",\"item\":\"https:\\\/\\\/www.pakery.pl\\\/lt\\\/\"},{\"@type\":\"ListItem\",\"position\":2,\"name\":\"Parduotuv\u0117\",\"item\":\"https:\\\/\\\/www.pakery.pl\\\/lt\\\/parduotuve\\\/\"},{\"@type\":\"ListItem\",\"position\":3,\"name\":\"Injekcin\u0117 pakuot\u0117 PI-SPH 14\\\/110\"}]},{\"@type\":\"WebSite\",\"@id\":\"https:\\\/\\\/www.pakery.pl\\\/lt\\\/#website\",\"url\":\"https:\\\/\\\/www.pakery.pl\\\/lt\\\/\",\"name\":\"Pakery.pl\",\"description\":\"Pakery iniekcyjne, Kotwy spiralne, Lance iniekcyjne, W\u0119\u017ce do iniekcji, Pompy iniekcyjne, Serwis pomp iniekcyjnych, Wynajem pomp do iniekcji\",\"publisher\":{\"@id\":\"https:\\\/\\\/www.pakery.pl\\\/lt\\\/#organization\"},\"potentialAction\":[{\"@type\":\"SearchAction\",\"target\":{\"@type\":\"EntryPoint\",\"urlTemplate\":\"https:\\\/\\\/www.pakery.pl\\\/lt\\\/?s={search_term_string}\"},\"query-input\":{\"@type\":\"PropertyValueSpecification\",\"valueRequired\":true,\"valueName\":\"search_term_string\"}}],\"inLanguage\":\"lt-LT\"},{\"@type\":\"Organization\",\"@id\":\"https:\\\/\\\/www.pakery.pl\\\/lt\\\/#organization\",\"name\":\"PAKERY.PL\",\"url\":\"https:\\\/\\\/www.pakery.pl\\\/lt\\\/\",\"logo\":{\"@type\":\"ImageObject\",\"inLanguage\":\"lt-LT\",\"@id\":\"https:\\\/\\\/www.pakery.pl\\\/lt\\\/#\\\/schema\\\/logo\\\/image\\\/\",\"url\":\"https:\\\/\\\/www.pakery.pl\\\/wp-content\\\/uploads\\\/2021\\\/04\\\/cropped-PAKERY-LOGO.png\",\"contentUrl\":\"https:\\\/\\\/www.pakery.pl\\\/wp-content\\\/uploads\\\/2021\\\/04\\\/cropped-PAKERY-LOGO.png\",\"width\":1529,\"height\":500,\"caption\":\"PAKERY.PL\"},\"image\":{\"@id\":\"https:\\\/\\\/www.pakery.pl\\\/lt\\\/#\\\/schema\\\/logo\\\/image\\\/\"}}]}<\/script>\n<!-- \/ Yoast SEO plugin. -->","yoast_head_json":{"title":"\u012epur\u0161kimo pakuot\u0117 | Injekcin\u0117s pakuot\u0117s PI -SPH 14\/110 - PAKERY.PL","description":"Auk\u0161\u010diausios kokyb\u0117s \u012fpur\u0161kimo pakuot\u0117. \u201eHammpack\u201c \u012fpur\u0161kimo pakuot\u0117s garantuoja nepriekai\u0161ting\u0105 sandarum\u0105. Pasirinkite savo kalamitkos r\u016b\u0161\u012f!","robots":{"index":"index","follow":"follow","max-snippet":"max-snippet:-1","max-image-preview":"max-image-preview:large","max-video-preview":"max-video-preview:-1"},"canonical":"https:\/\/www.pakery.pl\/lt\/produkt\/pi-sph-14-110\/","og_locale":"lt_LT","og_type":"article","og_title":"\u012epur\u0161kimo pakuot\u0117 | Injekcin\u0117s pakuot\u0117s PI -SPH 14\/110 - PAKERY.PL","og_description":"Auk\u0161\u010diausios kokyb\u0117s \u012fpur\u0161kimo pakuot\u0117. \u201eHammpack\u201c \u012fpur\u0161kimo pakuot\u0117s garantuoja nepriekai\u0161ting\u0105 sandarum\u0105. Pasirinkite savo kalamitkos r\u016b\u0161\u012f!","og_url":"https:\/\/www.pakery.pl\/lt\/produkt\/pi-sph-14-110\/","og_site_name":"PAKERY.PL","article_modified_time":"2021-08-11T08:52:05+00:00","og_image":[{"width":1024,"height":1024,"url":"https:\/\/www.pakery.pl\/wp-content\/uploads\/2021\/04\/foto-14-SPH--1024x1024.png","type":"image\/png"}],"twitter_card":"summary_large_image","twitter_misc":{"Est. reading time":"2 minut\u0117s"},"schema":{"@context":"https:\/\/schema.org","@graph":[{"@type":"WebPage","@id":"https:\/\/www.pakery.pl\/lt\/produkt\/pi-sph-14-110\/","url":"https:\/\/www.pakery.pl\/lt\/produkt\/pi-sph-14-110\/","name":"\u012epur\u0161kimo pakuot\u0117 | Injekcin\u0117s pakuot\u0117s PI -SPH 14\/110 - PAKERY.PL","isPartOf":{"@id":"https:\/\/www.pakery.pl\/lt\/#website"},"primaryImageOfPage":{"@id":"https:\/\/www.pakery.pl\/lt\/produkt\/pi-sph-14-110\/#primaryimage"},"image":{"@id":"https:\/\/www.pakery.pl\/lt\/produkt\/pi-sph-14-110\/#primaryimage"},"thumbnailUrl":"https:\/\/www.pakery.pl\/wp-content\/uploads\/2021\/04\/foto-14-SPH-.png","datePublished":"2021-08-11T08:51:21+00:00","dateModified":"2021-08-11T08:52:05+00:00","description":"Auk\u0161\u010diausios kokyb\u0117s \u012fpur\u0161kimo pakuot\u0117. \u201eHammpack\u201c \u012fpur\u0161kimo pakuot\u0117s garantuoja nepriekai\u0161ting\u0105 sandarum\u0105. Pasirinkite savo kalamitkos r\u016b\u0161\u012f!","breadcrumb":{"@id":"https:\/\/www.pakery.pl\/lt\/produkt\/pi-sph-14-110\/#breadcrumb"},"inLanguage":"lt-LT","potentialAction":[{"@type":"ReadAction","target":["https:\/\/www.pakery.pl\/lt\/produkt\/pi-sph-14-110\/"]}]},{"@type":"ImageObject","inLanguage":"lt-LT","@id":"https:\/\/www.pakery.pl\/lt\/produkt\/pi-sph-14-110\/#primaryimage","url":"https:\/\/www.pakery.pl\/wp-content\/uploads\/2021\/04\/foto-14-SPH-.png","contentUrl":"https:\/\/www.pakery.pl\/wp-content\/uploads\/2021\/04\/foto-14-SPH-.png","width":2500,"height":2500,"caption":"injekcinis supakuotojas"},{"@type":"BreadcrumbList","@id":"https:\/\/www.pakery.pl\/lt\/produkt\/pi-sph-14-110\/#breadcrumb","itemListElement":[{"@type":"ListItem","position":1,"name":"Strona g\u0142\u00f3wna","item":"https:\/\/www.pakery.pl\/lt\/"},{"@type":"ListItem","position":2,"name":"Parduotuv\u0117","item":"https:\/\/www.pakery.pl\/lt\/parduotuve\/"},{"@type":"ListItem","position":3,"name":"Injekcin\u0117 pakuot\u0117 PI-SPH 14\/110"}]},{"@type":"WebSite","@id":"https:\/\/www.pakery.pl\/lt\/#website","url":"https:\/\/www.pakery.pl\/lt\/","name":"Pakery.pl","description":"Pakery iniekcyjne, Kotwy spiralne, Lance iniekcyjne, W\u0119\u017ce do iniekcji, Pompy iniekcyjne, Serwis pomp iniekcyjnych, Wynajem pomp do iniekcji","publisher":{"@id":"https:\/\/www.pakery.pl\/lt\/#organization"},"potentialAction":[{"@type":"SearchAction","target":{"@type":"EntryPoint","urlTemplate":"https:\/\/www.pakery.pl\/lt\/?s={search_term_string}"},"query-input":{"@type":"PropertyValueSpecification","valueRequired":true,"valueName":"search_term_string"}}],"inLanguage":"lt-LT"},{"@type":"Organization","@id":"https:\/\/www.pakery.pl\/lt\/#organization","name":"PAKERY.PL","url":"https:\/\/www.pakery.pl\/lt\/","logo":{"@type":"ImageObject","inLanguage":"lt-LT","@id":"https:\/\/www.pakery.pl\/lt\/#\/schema\/logo\/image\/","url":"https:\/\/www.pakery.pl\/wp-content\/uploads\/2021\/04\/cropped-PAKERY-LOGO.png","contentUrl":"https:\/\/www.pakery.pl\/wp-content\/uploads\/2021\/04\/cropped-PAKERY-LOGO.png","width":1529,"height":500,"caption":"PAKERY.PL"},"image":{"@id":"https:\/\/www.pakery.pl\/lt\/#\/schema\/logo\/image\/"}}]}},"_links":{"self":[{"href":"https:\/\/www.pakery.pl\/lt\/wp-json\/wp\/v2\/product\/19369","targetHints":{"allow":["GET"]}}],"collection":[{"href":"https:\/\/www.pakery.pl\/lt\/wp-json\/wp\/v2\/product"}],"about":[{"href":"https:\/\/www.pakery.pl\/lt\/wp-json\/wp\/v2\/types\/product"}],"version-history":[{"count":5,"href":"https:\/\/www.pakery.pl\/lt\/wp-json\/wp\/v2\/product\/19369\/revisions"}],"predecessor-version":[{"id":19445,"href":"https:\/\/www.pakery.pl\/lt\/wp-json\/wp\/v2\/product\/19369\/revisions\/19445"}],"wp:featuredmedia":[{"embeddable":true,"href":"https:\/\/www.pakery.pl\/lt\/wp-json\/wp\/v2\/media\/19370"}],"wp:attachment":[{"href":"https:\/\/www.pakery.pl\/lt\/wp-json\/wp\/v2\/media?parent=19369"}],"wp:term":[{"taxonomy":"product_brand","embeddable":true,"href":"https:\/\/www.pakery.pl\/lt\/wp-json\/wp\/v2\/product_brand?post=19369"},{"taxonomy":"product_cat","embeddable":true,"href":"https:\/\/www.pakery.pl\/lt\/wp-json\/wp\/v2\/product_cat?post=19369"},{"taxonomy":"product_tag","embeddable":true,"href":"https:\/\/www.pakery.pl\/lt\/wp-json\/wp\/v2\/product_tag?post=19369"}],"curies":[{"name":"wp","href":"https:\/\/api.w.org\/{rel}","templated":true}]}}