{"id":18777,"date":"2021-08-11T10:39:16","date_gmt":"2021-08-11T08:39:16","guid":{"rendered":"https:\/\/www.pakery.pl\/produkt\/spiralinis-inkaras-%e2%8c%808-mm\/"},"modified":"2021-08-23T13:40:26","modified_gmt":"2021-08-23T11:40:26","slug":"spiralinis-inkaras-%e2%8c%808-mm","status":"publish","type":"product","link":"https:\/\/www.pakery.pl\/lt\/produkt\/spiralinis-inkaras-%e2%8c%808-mm\/","title":{"rendered":"Spiralinis inkaras \u23008 mm"},"content":{"rendered":"\t\t<div data-elementor-type=\"product-post\" data-elementor-id=\"18777\" class=\"elementor elementor-18777 elementor-1861\" data-elementor-post-type=\"product\">\n\t\t\t\t\t\t<section class=\"elementor-section elementor-top-section elementor-element elementor-element-27d19c8 elementor-section-boxed elementor-section-height-default elementor-section-height-default\" data-id=\"27d19c8\" data-element_type=\"section\" data-e-type=\"section\">\n\t\t\t\t\t\t<div class=\"elementor-container elementor-column-gap-default\">\n\t\t\t\t\t<div class=\"elementor-column elementor-col-100 elementor-top-column elementor-element elementor-element-1379c46\" data-id=\"1379c46\" data-element_type=\"column\" data-e-type=\"column\">\n\t\t\t<div class=\"elementor-widget-wrap elementor-element-populated\">\n\t\t\t\t\t\t<section class=\"elementor-section elementor-inner-section elementor-element elementor-element-6a4b693 elementor-section-boxed elementor-section-height-default elementor-section-height-default\" data-id=\"6a4b693\" data-element_type=\"section\" data-e-type=\"section\">\n\t\t\t\t\t\t<div class=\"elementor-container elementor-column-gap-default\">\n\t\t\t\t\t<div class=\"elementor-column elementor-col-50 elementor-inner-column elementor-element elementor-element-9775ea6\" data-id=\"9775ea6\" data-element_type=\"column\" data-e-type=\"column\">\n\t\t\t<div class=\"elementor-widget-wrap elementor-element-populated\">\n\t\t\t\t\t\t<div class=\"elementor-element elementor-element-54aed20 elementor-widget elementor-widget-text-editor\" data-id=\"54aed20\" data-element_type=\"widget\" data-e-type=\"widget\" data-widget_type=\"text-editor.default\">\n\t\t\t\t<div class=\"elementor-widget-container\">\n\t\t\t\t\t\t\t\t\t<div data-id=\"9c16b70\" data-element_type=\"widget\" data-widget_type=\"text-editor.default\">\n<div>\n<div>\n<div><span style=\"color: #000000;\"><strong>TECHNIN\u0116S SPECIFIKACIJOS:<\/strong><\/span><\/div>\n<ul>\n<li><span style=\"color: #000000;\">Inkaro skersmuo: 8 mm<\/span><\/li>\n<li><span style=\"color: #000000;\">Skerspj\u016bvio plotas[mm\u00b2] : 10.00<\/span><\/li>\n<li><span style=\"color: #000000;\">I\u0161eigos ta\u0161kas[MPa] : 388.9<\/span><\/li>\n<li><span style=\"color: #000000;\">Tempiamasis stipris[MPa] : 988.7<\/span><\/li>\n<li><span style=\"color: #000000;\">Modulis[GPa] : 163.1<\/span><\/li>\n<\/ul>\n<\/div>\n<\/div>\n<\/div>\n<div data-id=\"f10e87b\" data-element_type=\"widget\" data-widget_type=\"text-editor.default\">\n<div>\n<div>\n<p><span style=\"color: #000000;\"><strong>TAIKYMAS:<\/strong><\/span><\/p>\n<ul>\n<li><span style=\"color: #000000;\">plyt\u0173, akmens, betono konstrukcini\u0173 sien\u0173 \u012ftr\u016bkim\u0173 remontas<\/span><\/li>\n<li><span style=\"color: #000000;\">pertvarini\u0173 sien\u0173 jung\u010di\u0173 sutvirtinimas konstrukcin\u0117mis<\/span><\/li>\n<li><span style=\"color: #000000;\">stogo mansard\u0173 sutvirtinimas<\/span><\/li>\n<li><span style=\"color: #000000;\">balkono plok\u0161\u010di\u0173 sutvirtinimas<\/span><\/li>\n<li><span style=\"color: #000000;\">s\u0105ram\u0173, sij\u0173 ir lub\u0173 remontas ir sutvirtinimas<\/span><\/li>\n<li><span style=\"color: #000000;\">pritvirtinti atskirus sien\u0173 dangos sluoksnius<\/span><\/li>\n<li><span style=\"color: #000000;\">sutvirtint\u0173 sien\u0173 stabilizavimas<\/span><\/li>\n<li><span style=\"color: #000000;\">sien\u0173 sutvirtinimas \u0161iuolaikiniuose pastatuose<\/span><\/li>\n<\/ul>\n<p><span style=\"color: #000000;\"><strong>SPIRALINI\u0172 PATVIRTINIM\u0172 PRIVALUMAI:<\/strong><\/span><\/p>\n<ul>\n<li><span style=\"color: #000000;\">Sien\u0173, kolon\u0173, sij\u0173, sij\u0173, plok\u0161\u010di\u0173, pamat\u0173 laikomosios galios didinimas<\/span><\/li>\n<li><span style=\"color: #000000;\">Greitas pritaikymas &#8211; be technologini\u0173 pertrauk\u0173<\/span><\/li>\n<li><span style=\"color: #000000;\">Ma\u017eas invazi\u0161kumas &#8211; taikymas be netvarkos ir painiavos<\/span><\/li>\n<li><span style=\"color: #000000;\">\u012etr\u016bkim\u0173 neb\u0117ra &#8211; auk\u0161tos kokyb\u0117s technologija<\/span><\/li>\n<li><span style=\"color: #000000;\">\u017dema kaina<\/span><\/li>\n<\/ul>\n<\/div>\n<\/div>\n<\/div>\n\t\t\t\t\t\t\t\t<\/div>\n\t\t\t\t<\/div>\n\t\t\t\t\t<\/div>\n\t\t<\/div>\n\t\t\t\t<div class=\"elementor-column elementor-col-50 elementor-inner-column elementor-element elementor-element-1c1b2cc\" data-id=\"1c1b2cc\" data-element_type=\"column\" data-e-type=\"column\">\n\t\t\t<div class=\"elementor-widget-wrap elementor-element-populated\">\n\t\t\t\t\t\t<div class=\"elementor-element elementor-element-fb8190c elementor-widget elementor-widget-image\" data-id=\"fb8190c\" data-element_type=\"widget\" data-e-type=\"widget\" data-widget_type=\"image.default\">\n\t\t\t\t<div class=\"elementor-widget-container\">\n\t\t\t\t\t\t\t\t\t\t\t\t\t\t\t<img fetchpriority=\"high\" decoding=\"async\" width=\"691\" height=\"758\" src=\"https:\/\/www.pakery.pl\/wp-content\/uploads\/2021\/04\/Kotwa-spiralna.png\" class=\"attachment-large size-large wp-image-18756\" alt=\"\" srcset=\"https:\/\/www.pakery.pl\/wp-content\/uploads\/2021\/04\/Kotwa-spiralna.png 691w, https:\/\/www.pakery.pl\/wp-content\/uploads\/2021\/04\/Kotwa-spiralna-273x300.png 273w, https:\/\/www.pakery.pl\/wp-content\/uploads\/2021\/04\/Kotwa-spiralna-683x749.png 683w, https:\/\/www.pakery.pl\/wp-content\/uploads\/2021\/04\/Kotwa-spiralna-602x660.png 602w\" sizes=\"(max-width: 691px) 100vw, 691px\" \/>\t\t\t\t\t\t\t\t\t\t\t\t\t\t\t<\/div>\n\t\t\t\t<\/div>\n\t\t\t\t\t<\/div>\n\t\t<\/div>\n\t\t\t\t\t<\/div>\n\t\t<\/section>\n\t\t\t\t\t<\/div>\n\t\t<\/div>\n\t\t\t\t\t<\/div>\n\t\t<\/section>\n\t\t\t\t<section class=\"elementor-section elementor-top-section elementor-element elementor-element-c5684eb elementor-section-boxed elementor-section-height-default elementor-section-height-default\" data-id=\"c5684eb\" data-element_type=\"section\" data-e-type=\"section\">\n\t\t\t\t\t\t<div class=\"elementor-container elementor-column-gap-default\">\n\t\t\t\t\t<div class=\"elementor-column elementor-col-100 elementor-top-column elementor-element elementor-element-a67b020\" data-id=\"a67b020\" data-element_type=\"column\" data-e-type=\"column\">\n\t\t\t<div class=\"elementor-widget-wrap elementor-element-populated\">\n\t\t\t\t\t\t<div class=\"elementor-element elementor-element-4006458 elementor-widget elementor-widget-image\" data-id=\"4006458\" data-element_type=\"widget\" data-e-type=\"widget\" data-widget_type=\"image.default\">\n\t\t\t\t<div class=\"elementor-widget-container\">\n\t\t\t\t\t\t\t\t\t\t\t\t\t\t\t<img decoding=\"async\" width=\"781\" height=\"410\" src=\"https:\/\/www.pakery.pl\/wp-content\/uploads\/2021\/04\/kotwy-eng-.png\" class=\"attachment-large size-large wp-image-36147\" alt=\"\" srcset=\"https:\/\/www.pakery.pl\/wp-content\/uploads\/2021\/04\/kotwy-eng-.png 781w, https:\/\/www.pakery.pl\/wp-content\/uploads\/2021\/04\/kotwy-eng--300x157.png 300w, https:\/\/www.pakery.pl\/wp-content\/uploads\/2021\/04\/kotwy-eng--768x403.png 768w, https:\/\/www.pakery.pl\/wp-content\/uploads\/2021\/04\/kotwy-eng--683x359.png 683w, https:\/\/www.pakery.pl\/wp-content\/uploads\/2021\/04\/kotwy-eng--602x316.png 602w\" sizes=\"(max-width: 781px) 100vw, 781px\" \/>\t\t\t\t\t\t\t\t\t\t\t\t\t\t\t<\/div>\n\t\t\t\t<\/div>\n\t\t\t\t\t<\/div>\n\t\t<\/div>\n\t\t\t\t\t<\/div>\n\t\t<\/section>\n\t\t\t\t<section class=\"elementor-section elementor-top-section elementor-element elementor-element-ec0bf78 elementor-section-boxed elementor-section-height-default elementor-section-height-default\" data-id=\"ec0bf78\" data-element_type=\"section\" data-e-type=\"section\">\n\t\t\t\t\t\t<div class=\"elementor-container elementor-column-gap-default\">\n\t\t\t\t\t<div class=\"elementor-column elementor-col-100 elementor-top-column elementor-element elementor-element-05c2e9e\" data-id=\"05c2e9e\" data-element_type=\"column\" data-e-type=\"column\">\n\t\t\t<div class=\"elementor-widget-wrap elementor-element-populated\">\n\t\t\t\t\t\t<div class=\"elementor-element elementor-element-8369f04 elementor-widget elementor-widget-text-editor\" data-id=\"8369f04\" data-element_type=\"widget\" data-e-type=\"widget\" data-widget_type=\"text-editor.default\">\n\t\t\t\t<div class=\"elementor-widget-container\">\n\t\t\t\t\t\t\t\t\t<p><span style=\"caret-color: #000000; color: #000000;\">Spiralini\u0173 inkar\u0173 grioveli\u0173 matmenys ir apytikslis inkaro skiedinio sunaudojimas pateikiami \u017eemiau esan\u010dioje lentel\u0117je:<\/span><\/p>\n\t\t\t\t\t\t\t\t<\/div>\n\t\t\t\t<\/div>\n\t\t\t\t\t<\/div>\n\t\t<\/div>\n\t\t\t\t\t<\/div>\n\t\t<\/section>\n\t\t\t\t<section class=\"elementor-section elementor-top-section elementor-element elementor-element-ab4cb88 elementor-section-boxed elementor-section-height-default elementor-section-height-default\" data-id=\"ab4cb88\" data-element_type=\"section\" data-e-type=\"section\">\n\t\t\t\t\t\t<div class=\"elementor-container elementor-column-gap-default\">\n\t\t\t\t\t<div class=\"elementor-column elementor-col-100 elementor-top-column elementor-element elementor-element-6c18d94\" data-id=\"6c18d94\" data-element_type=\"column\" data-e-type=\"column\">\n\t\t\t<div class=\"elementor-widget-wrap elementor-element-populated\">\n\t\t\t\t\t\t<section class=\"elementor-section elementor-inner-section elementor-element elementor-element-26da927 elementor-section-boxed elementor-section-height-default elementor-section-height-default\" data-id=\"26da927\" data-element_type=\"section\" data-e-type=\"section\">\n\t\t\t\t\t\t<div class=\"elementor-container elementor-column-gap-default\">\n\t\t\t\t\t<div class=\"elementor-column elementor-col-50 elementor-inner-column elementor-element elementor-element-5fb7aab\" data-id=\"5fb7aab\" data-element_type=\"column\" data-e-type=\"column\">\n\t\t\t<div class=\"elementor-widget-wrap elementor-element-populated\">\n\t\t\t\t\t\t<div class=\"elementor-element elementor-element-43c5782 elementor-widget elementor-widget-image\" data-id=\"43c5782\" data-element_type=\"widget\" data-e-type=\"widget\" data-widget_type=\"image.default\">\n\t\t\t\t<div class=\"elementor-widget-container\">\n\t\t\t\t\t\t\t\t\t\t\t\t\t\t\t<img decoding=\"async\" width=\"1024\" height=\"525\" src=\"https:\/\/www.pakery.pl\/wp-content\/uploads\/2021\/04\/table-kotwa-1024x525.png\" class=\"attachment-large size-large wp-image-36174\" alt=\"\" srcset=\"https:\/\/www.pakery.pl\/wp-content\/uploads\/2021\/04\/table-kotwa-1024x525.png 1024w, https:\/\/www.pakery.pl\/wp-content\/uploads\/2021\/04\/table-kotwa-300x154.png 300w, https:\/\/www.pakery.pl\/wp-content\/uploads\/2021\/04\/table-kotwa-768x393.png 768w, https:\/\/www.pakery.pl\/wp-content\/uploads\/2021\/04\/table-kotwa-683x350.png 683w, https:\/\/www.pakery.pl\/wp-content\/uploads\/2021\/04\/table-kotwa-602x308.png 602w, https:\/\/www.pakery.pl\/wp-content\/uploads\/2021\/04\/table-kotwa.png 1058w\" sizes=\"(max-width: 1024px) 100vw, 1024px\" \/>\t\t\t\t\t\t\t\t\t\t\t\t\t\t\t<\/div>\n\t\t\t\t<\/div>\n\t\t\t\t\t<\/div>\n\t\t<\/div>\n\t\t\t\t<div class=\"elementor-column elementor-col-50 elementor-inner-column elementor-element elementor-element-fe237d5\" data-id=\"fe237d5\" data-element_type=\"column\" data-e-type=\"column\">\n\t\t\t<div class=\"elementor-widget-wrap elementor-element-populated\">\n\t\t\t\t\t\t<div class=\"elementor-element elementor-element-a112f5a elementor-widget elementor-widget-text-editor\" data-id=\"a112f5a\" data-element_type=\"widget\" data-e-type=\"widget\" data-widget_type=\"text-editor.default\">\n\t\t\t\t<div class=\"elementor-widget-container\">\n\t\t\t\t\t\t\t\t\t<p><strong><span style=\"font-size: 1rem; color: #000000;\">min. bendras inkaro ilgis (plyta \/ akmuo \/ mi\u0161rus m\u016bras) &#8211; 1000 mm<\/span><\/strong><\/p>\n<p><strong><span style=\"color: #000000;\">min. bendras inkaro (betono) ilgis &#8211; 600 mm<\/span><\/strong><\/p>\n<p><em>Klientui i\u0161reikalavus, nukerpame inkarus iki nurodyto dyd\u017eio.<\/em><\/p>\n<p><em>Daugiau dizaino pasi\u016blym\u0173 rasite \u201eHammpack Spiral Hammer\u201c technin\u0117je dokumentacijoje.<\/em><\/p>\n\t\t\t\t\t\t\t\t<\/div>\n\t\t\t\t<\/div>\n\t\t\t\t\t<\/div>\n\t\t<\/div>\n\t\t\t\t\t<\/div>\n\t\t<\/section>\n\t\t\t\t\t<\/div>\n\t\t<\/div>\n\t\t\t\t\t<\/div>\n\t\t<\/section>\n\t\t\t\t<\/div>\n\t\t","protected":false},"excerpt":{"rendered":"<p>TECHNIN\u0116S SPECIFIKACIJOS: Inkaro skersmuo: 8 mm Skerspj\u016bvio plotas[mm\u00b2] : 10.00 I\u0161eigos ta\u0161kas[MPa] : 388.9 Tempiamasis stipris[MPa] : 988.7 Modulis[GPa] : 163.1 TAIKYMAS: plyt\u0173, akmens, betono konstrukcini\u0173 sien\u0173 \u012ftr\u016bkim\u0173 remontas pertvarini\u0173 sien\u0173 jung\u010di\u0173 sutvirtinimas konstrukcin\u0117mis stogo mansard\u0173 sutvirtinimas balkono plok\u0161\u010di\u0173 sutvirtinimas s\u0105ram\u0173, sij\u0173 ir lub\u0173 remontas ir sutvirtinimas pritvirtinti atskirus sien\u0173 dangos sluoksnius sutvirtint\u0173 sien\u0173 stabilizavimas [&hellip;]<\/p>\n","protected":false},"featured_media":18749,"template":"","meta":{"_acf_changed":false},"product_brand":[],"product_cat":[909],"product_tag":[],"class_list":{"0":"post-18777","1":"product","2":"type-product","3":"status-publish","4":"has-post-thumbnail","6":"product_cat-spiraliniai-inkarai","7":"pa_dlugosc-10-m-lt","8":"pa_dlugosc-100-m-lt","9":"pa_dlugosc-1m-lt","11":"first","12":"instock","13":"taxable","14":"shipping-taxable","15":"purchasable","16":"product-type-variable"},"acf":[],"yoast_head":"<!-- This site is optimized with the Yoast SEO plugin v27.3 - https:\/\/yoast.com\/product\/yoast-seo-wordpress\/ -->\n<title>Spiralinis inkaras \u23008 mm l Spiralinis inkaras \u012ftr\u016bkimams sienose<\/title>\n<meta name=\"description\" content=\"Sien\u0173 \u012ftr\u016bkimo inkaras | Spiralinis inkaras | Sien\u0173, kolon\u0173, sij\u0173, sij\u0173, plok\u0161\u010di\u0173, pamat\u0173 laikomosios galios didinimas\" \/>\n<meta name=\"robots\" content=\"index, follow, max-snippet:-1, max-image-preview:large, max-video-preview:-1\" \/>\n<link rel=\"canonical\" href=\"https:\/\/www.pakery.pl\/lt\/produkt\/spiralinis-inkaras-%e2%8c%808-mm\/\" \/>\n<meta property=\"og:locale\" content=\"lt_LT\" \/>\n<meta property=\"og:type\" content=\"article\" \/>\n<meta property=\"og:title\" content=\"Spiralinis inkaras \u23008 mm l Spiralinis inkaras \u012ftr\u016bkimams sienose\" \/>\n<meta property=\"og:description\" content=\"Sien\u0173 \u012ftr\u016bkimo inkaras | Spiralinis inkaras | Sien\u0173, kolon\u0173, sij\u0173, sij\u0173, plok\u0161\u010di\u0173, pamat\u0173 laikomosios galios didinimas\" \/>\n<meta property=\"og:url\" content=\"https:\/\/www.pakery.pl\/lt\/produkt\/spiralinis-inkaras-%e2%8c%808-mm\/\" \/>\n<meta property=\"og:site_name\" content=\"PAKERY.PL\" \/>\n<meta property=\"article:modified_time\" content=\"2021-08-23T11:40:26+00:00\" \/>\n<meta property=\"og:image\" content=\"https:\/\/www.pakery.pl\/wp-content\/uploads\/2021\/05\/kotwy-zbiorcze-1024x1024.png\" \/>\n\t<meta property=\"og:image:width\" content=\"1024\" \/>\n\t<meta property=\"og:image:height\" content=\"1024\" \/>\n\t<meta property=\"og:image:type\" content=\"image\/png\" \/>\n<meta name=\"twitter:card\" content=\"summary_large_image\" \/>\n<meta name=\"twitter:label1\" content=\"Est. reading time\" \/>\n\t<meta name=\"twitter:data1\" content=\"1 minut\u0117\" \/>\n<script type=\"application\/ld+json\" class=\"yoast-schema-graph\">{\"@context\":\"https:\\\/\\\/schema.org\",\"@graph\":[{\"@type\":\"WebPage\",\"@id\":\"https:\\\/\\\/www.pakery.pl\\\/lt\\\/produkt\\\/spiralinis-inkaras-%e2%8c%808-mm\\\/\",\"url\":\"https:\\\/\\\/www.pakery.pl\\\/lt\\\/produkt\\\/spiralinis-inkaras-%e2%8c%808-mm\\\/\",\"name\":\"Spiralinis inkaras \u23008 mm l Spiralinis inkaras \u012ftr\u016bkimams sienose\",\"isPartOf\":{\"@id\":\"https:\\\/\\\/www.pakery.pl\\\/lt\\\/#website\"},\"primaryImageOfPage\":{\"@id\":\"https:\\\/\\\/www.pakery.pl\\\/lt\\\/produkt\\\/spiralinis-inkaras-%e2%8c%808-mm\\\/#primaryimage\"},\"image\":{\"@id\":\"https:\\\/\\\/www.pakery.pl\\\/lt\\\/produkt\\\/spiralinis-inkaras-%e2%8c%808-mm\\\/#primaryimage\"},\"thumbnailUrl\":\"https:\\\/\\\/www.pakery.pl\\\/wp-content\\\/uploads\\\/2021\\\/05\\\/kotwy-zbiorcze.png\",\"datePublished\":\"2021-08-11T08:39:16+00:00\",\"dateModified\":\"2021-08-23T11:40:26+00:00\",\"description\":\"Sien\u0173 \u012ftr\u016bkimo inkaras | Spiralinis inkaras | Sien\u0173, kolon\u0173, sij\u0173, sij\u0173, plok\u0161\u010di\u0173, pamat\u0173 laikomosios galios didinimas\",\"breadcrumb\":{\"@id\":\"https:\\\/\\\/www.pakery.pl\\\/lt\\\/produkt\\\/spiralinis-inkaras-%e2%8c%808-mm\\\/#breadcrumb\"},\"inLanguage\":\"lt-LT\",\"potentialAction\":[{\"@type\":\"ReadAction\",\"target\":[\"https:\\\/\\\/www.pakery.pl\\\/lt\\\/produkt\\\/spiralinis-inkaras-%e2%8c%808-mm\\\/\"]}]},{\"@type\":\"ImageObject\",\"inLanguage\":\"lt-LT\",\"@id\":\"https:\\\/\\\/www.pakery.pl\\\/lt\\\/produkt\\\/spiralinis-inkaras-%e2%8c%808-mm\\\/#primaryimage\",\"url\":\"https:\\\/\\\/www.pakery.pl\\\/wp-content\\\/uploads\\\/2021\\\/05\\\/kotwy-zbiorcze.png\",\"contentUrl\":\"https:\\\/\\\/www.pakery.pl\\\/wp-content\\\/uploads\\\/2021\\\/05\\\/kotwy-zbiorcze.png\",\"width\":2500,\"height\":2500},{\"@type\":\"BreadcrumbList\",\"@id\":\"https:\\\/\\\/www.pakery.pl\\\/lt\\\/produkt\\\/spiralinis-inkaras-%e2%8c%808-mm\\\/#breadcrumb\",\"itemListElement\":[{\"@type\":\"ListItem\",\"position\":1,\"name\":\"Strona g\u0142\u00f3wna\",\"item\":\"https:\\\/\\\/www.pakery.pl\\\/lt\\\/\"},{\"@type\":\"ListItem\",\"position\":2,\"name\":\"Parduotuv\u0117\",\"item\":\"https:\\\/\\\/www.pakery.pl\\\/lt\\\/parduotuve\\\/\"},{\"@type\":\"ListItem\",\"position\":3,\"name\":\"Spiralinis inkaras \u23008 mm\"}]},{\"@type\":\"WebSite\",\"@id\":\"https:\\\/\\\/www.pakery.pl\\\/lt\\\/#website\",\"url\":\"https:\\\/\\\/www.pakery.pl\\\/lt\\\/\",\"name\":\"Pakery.pl\",\"description\":\"Pakery iniekcyjne, Kotwy spiralne, Lance iniekcyjne, W\u0119\u017ce do iniekcji, Pompy iniekcyjne, Serwis pomp iniekcyjnych, Wynajem pomp do iniekcji\",\"publisher\":{\"@id\":\"https:\\\/\\\/www.pakery.pl\\\/lt\\\/#organization\"},\"potentialAction\":[{\"@type\":\"SearchAction\",\"target\":{\"@type\":\"EntryPoint\",\"urlTemplate\":\"https:\\\/\\\/www.pakery.pl\\\/lt\\\/?s={search_term_string}\"},\"query-input\":{\"@type\":\"PropertyValueSpecification\",\"valueRequired\":true,\"valueName\":\"search_term_string\"}}],\"inLanguage\":\"lt-LT\"},{\"@type\":\"Organization\",\"@id\":\"https:\\\/\\\/www.pakery.pl\\\/lt\\\/#organization\",\"name\":\"PAKERY.PL\",\"url\":\"https:\\\/\\\/www.pakery.pl\\\/lt\\\/\",\"logo\":{\"@type\":\"ImageObject\",\"inLanguage\":\"lt-LT\",\"@id\":\"https:\\\/\\\/www.pakery.pl\\\/lt\\\/#\\\/schema\\\/logo\\\/image\\\/\",\"url\":\"https:\\\/\\\/www.pakery.pl\\\/wp-content\\\/uploads\\\/2021\\\/04\\\/cropped-PAKERY-LOGO.png\",\"contentUrl\":\"https:\\\/\\\/www.pakery.pl\\\/wp-content\\\/uploads\\\/2021\\\/04\\\/cropped-PAKERY-LOGO.png\",\"width\":1529,\"height\":500,\"caption\":\"PAKERY.PL\"},\"image\":{\"@id\":\"https:\\\/\\\/www.pakery.pl\\\/lt\\\/#\\\/schema\\\/logo\\\/image\\\/\"}}]}<\/script>\n<!-- \/ Yoast SEO plugin. -->","yoast_head_json":{"title":"Spiralinis inkaras \u23008 mm l Spiralinis inkaras \u012ftr\u016bkimams sienose","description":"Sien\u0173 \u012ftr\u016bkimo inkaras | Spiralinis inkaras | Sien\u0173, kolon\u0173, sij\u0173, sij\u0173, plok\u0161\u010di\u0173, pamat\u0173 laikomosios galios didinimas","robots":{"index":"index","follow":"follow","max-snippet":"max-snippet:-1","max-image-preview":"max-image-preview:large","max-video-preview":"max-video-preview:-1"},"canonical":"https:\/\/www.pakery.pl\/lt\/produkt\/spiralinis-inkaras-%e2%8c%808-mm\/","og_locale":"lt_LT","og_type":"article","og_title":"Spiralinis inkaras \u23008 mm l Spiralinis inkaras \u012ftr\u016bkimams sienose","og_description":"Sien\u0173 \u012ftr\u016bkimo inkaras | Spiralinis inkaras | Sien\u0173, kolon\u0173, sij\u0173, sij\u0173, plok\u0161\u010di\u0173, pamat\u0173 laikomosios galios didinimas","og_url":"https:\/\/www.pakery.pl\/lt\/produkt\/spiralinis-inkaras-%e2%8c%808-mm\/","og_site_name":"PAKERY.PL","article_modified_time":"2021-08-23T11:40:26+00:00","og_image":[{"width":1024,"height":1024,"url":"https:\/\/www.pakery.pl\/wp-content\/uploads\/2021\/05\/kotwy-zbiorcze-1024x1024.png","type":"image\/png"}],"twitter_card":"summary_large_image","twitter_misc":{"Est. reading time":"1 minut\u0117"},"schema":{"@context":"https:\/\/schema.org","@graph":[{"@type":"WebPage","@id":"https:\/\/www.pakery.pl\/lt\/produkt\/spiralinis-inkaras-%e2%8c%808-mm\/","url":"https:\/\/www.pakery.pl\/lt\/produkt\/spiralinis-inkaras-%e2%8c%808-mm\/","name":"Spiralinis inkaras \u23008 mm l Spiralinis inkaras \u012ftr\u016bkimams sienose","isPartOf":{"@id":"https:\/\/www.pakery.pl\/lt\/#website"},"primaryImageOfPage":{"@id":"https:\/\/www.pakery.pl\/lt\/produkt\/spiralinis-inkaras-%e2%8c%808-mm\/#primaryimage"},"image":{"@id":"https:\/\/www.pakery.pl\/lt\/produkt\/spiralinis-inkaras-%e2%8c%808-mm\/#primaryimage"},"thumbnailUrl":"https:\/\/www.pakery.pl\/wp-content\/uploads\/2021\/05\/kotwy-zbiorcze.png","datePublished":"2021-08-11T08:39:16+00:00","dateModified":"2021-08-23T11:40:26+00:00","description":"Sien\u0173 \u012ftr\u016bkimo inkaras | Spiralinis inkaras | Sien\u0173, kolon\u0173, sij\u0173, sij\u0173, plok\u0161\u010di\u0173, pamat\u0173 laikomosios galios didinimas","breadcrumb":{"@id":"https:\/\/www.pakery.pl\/lt\/produkt\/spiralinis-inkaras-%e2%8c%808-mm\/#breadcrumb"},"inLanguage":"lt-LT","potentialAction":[{"@type":"ReadAction","target":["https:\/\/www.pakery.pl\/lt\/produkt\/spiralinis-inkaras-%e2%8c%808-mm\/"]}]},{"@type":"ImageObject","inLanguage":"lt-LT","@id":"https:\/\/www.pakery.pl\/lt\/produkt\/spiralinis-inkaras-%e2%8c%808-mm\/#primaryimage","url":"https:\/\/www.pakery.pl\/wp-content\/uploads\/2021\/05\/kotwy-zbiorcze.png","contentUrl":"https:\/\/www.pakery.pl\/wp-content\/uploads\/2021\/05\/kotwy-zbiorcze.png","width":2500,"height":2500},{"@type":"BreadcrumbList","@id":"https:\/\/www.pakery.pl\/lt\/produkt\/spiralinis-inkaras-%e2%8c%808-mm\/#breadcrumb","itemListElement":[{"@type":"ListItem","position":1,"name":"Strona g\u0142\u00f3wna","item":"https:\/\/www.pakery.pl\/lt\/"},{"@type":"ListItem","position":2,"name":"Parduotuv\u0117","item":"https:\/\/www.pakery.pl\/lt\/parduotuve\/"},{"@type":"ListItem","position":3,"name":"Spiralinis inkaras \u23008 mm"}]},{"@type":"WebSite","@id":"https:\/\/www.pakery.pl\/lt\/#website","url":"https:\/\/www.pakery.pl\/lt\/","name":"Pakery.pl","description":"Pakery iniekcyjne, Kotwy spiralne, Lance iniekcyjne, W\u0119\u017ce do iniekcji, Pompy iniekcyjne, Serwis pomp iniekcyjnych, Wynajem pomp do iniekcji","publisher":{"@id":"https:\/\/www.pakery.pl\/lt\/#organization"},"potentialAction":[{"@type":"SearchAction","target":{"@type":"EntryPoint","urlTemplate":"https:\/\/www.pakery.pl\/lt\/?s={search_term_string}"},"query-input":{"@type":"PropertyValueSpecification","valueRequired":true,"valueName":"search_term_string"}}],"inLanguage":"lt-LT"},{"@type":"Organization","@id":"https:\/\/www.pakery.pl\/lt\/#organization","name":"PAKERY.PL","url":"https:\/\/www.pakery.pl\/lt\/","logo":{"@type":"ImageObject","inLanguage":"lt-LT","@id":"https:\/\/www.pakery.pl\/lt\/#\/schema\/logo\/image\/","url":"https:\/\/www.pakery.pl\/wp-content\/uploads\/2021\/04\/cropped-PAKERY-LOGO.png","contentUrl":"https:\/\/www.pakery.pl\/wp-content\/uploads\/2021\/04\/cropped-PAKERY-LOGO.png","width":1529,"height":500,"caption":"PAKERY.PL"},"image":{"@id":"https:\/\/www.pakery.pl\/lt\/#\/schema\/logo\/image\/"}}]}},"_links":{"self":[{"href":"https:\/\/www.pakery.pl\/lt\/wp-json\/wp\/v2\/product\/18777","targetHints":{"allow":["GET"]}}],"collection":[{"href":"https:\/\/www.pakery.pl\/lt\/wp-json\/wp\/v2\/product"}],"about":[{"href":"https:\/\/www.pakery.pl\/lt\/wp-json\/wp\/v2\/types\/product"}],"version-history":[{"count":5,"href":"https:\/\/www.pakery.pl\/lt\/wp-json\/wp\/v2\/product\/18777\/revisions"}],"predecessor-version":[{"id":36362,"href":"https:\/\/www.pakery.pl\/lt\/wp-json\/wp\/v2\/product\/18777\/revisions\/36362"}],"wp:featuredmedia":[{"embeddable":true,"href":"https:\/\/www.pakery.pl\/lt\/wp-json\/wp\/v2\/media\/18749"}],"wp:attachment":[{"href":"https:\/\/www.pakery.pl\/lt\/wp-json\/wp\/v2\/media?parent=18777"}],"wp:term":[{"taxonomy":"product_brand","embeddable":true,"href":"https:\/\/www.pakery.pl\/lt\/wp-json\/wp\/v2\/product_brand?post=18777"},{"taxonomy":"product_cat","embeddable":true,"href":"https:\/\/www.pakery.pl\/lt\/wp-json\/wp\/v2\/product_cat?post=18777"},{"taxonomy":"product_tag","embeddable":true,"href":"https:\/\/www.pakery.pl\/lt\/wp-json\/wp\/v2\/product_tag?post=18777"}],"curies":[{"name":"wp","href":"https:\/\/api.w.org\/{rel}","templated":true}]}}