{"id":12979,"date":"2021-08-10T11:51:34","date_gmt":"2021-08-10T09:51:34","guid":{"rendered":"https:\/\/www.pakery.pl\/produkt\/packer-per-lance-diniezione\/"},"modified":"2021-08-10T11:51:35","modified_gmt":"2021-08-10T09:51:35","slug":"packer-per-lance-diniezione","status":"publish","type":"product","link":"https:\/\/www.pakery.pl\/it\/produkt\/packer-per-lance-diniezione\/","title":{"rendered":"Packer per lance d&#8217;iniezione"},"content":{"rendered":"\t\t<div data-elementor-type=\"product-post\" data-elementor-id=\"12979\" class=\"elementor elementor-12979 elementor-1964\" data-elementor-post-type=\"product\">\n\t\t\t\t\t\t<section class=\"elementor-section elementor-top-section elementor-element elementor-element-50a1b10 elementor-section-full_width elementor-section-height-default elementor-section-height-default\" data-id=\"50a1b10\" data-element_type=\"section\" data-e-type=\"section\">\n\t\t\t\t\t\t<div class=\"elementor-container elementor-column-gap-default\">\n\t\t\t\t\t<div class=\"elementor-column elementor-col-100 elementor-top-column elementor-element elementor-element-ce55051\" data-id=\"ce55051\" data-element_type=\"column\" data-e-type=\"column\">\n\t\t\t<div class=\"elementor-widget-wrap elementor-element-populated\">\n\t\t\t\t\t\t<div class=\"elementor-element elementor-element-4b68a65 elementor-widget elementor-widget-image\" data-id=\"4b68a65\" data-element_type=\"widget\" data-e-type=\"widget\" data-widget_type=\"image.default\">\n\t\t\t\t<div class=\"elementor-widget-container\">\n\t\t\t\t\t\t\t\t\t\t\t\t\t\t\t<img fetchpriority=\"high\" decoding=\"async\" width=\"1763\" height=\"565\" src=\"https:\/\/www.pakery.pl\/wp-content\/uploads\/2021\/05\/schemat-lance-PI-longpack-20200.png\" class=\"attachment-full size-full wp-image-12984\" alt=\"\" srcset=\"https:\/\/www.pakery.pl\/wp-content\/uploads\/2021\/05\/schemat-lance-PI-longpack-20200.png 1763w, https:\/\/www.pakery.pl\/wp-content\/uploads\/2021\/05\/schemat-lance-PI-longpack-20200-300x96.png 300w, https:\/\/www.pakery.pl\/wp-content\/uploads\/2021\/05\/schemat-lance-PI-longpack-20200-1024x328.png 1024w, https:\/\/www.pakery.pl\/wp-content\/uploads\/2021\/05\/schemat-lance-PI-longpack-20200-768x246.png 768w, https:\/\/www.pakery.pl\/wp-content\/uploads\/2021\/05\/schemat-lance-PI-longpack-20200-1536x492.png 1536w, https:\/\/www.pakery.pl\/wp-content\/uploads\/2021\/05\/schemat-lance-PI-longpack-20200-683x219.png 683w, https:\/\/www.pakery.pl\/wp-content\/uploads\/2021\/05\/schemat-lance-PI-longpack-20200-602x193.png 602w\" sizes=\"(max-width: 1763px) 100vw, 1763px\" \/>\t\t\t\t\t\t\t\t\t\t\t\t\t\t\t<\/div>\n\t\t\t\t<\/div>\n\t\t\t\t<div class=\"elementor-element elementor-element-7d622c7 elementor-widget elementor-widget-spacer\" data-id=\"7d622c7\" data-element_type=\"widget\" data-e-type=\"widget\" data-widget_type=\"spacer.default\">\n\t\t\t\t<div class=\"elementor-widget-container\">\n\t\t\t\t\t\t\t<div class=\"elementor-spacer\">\n\t\t\t<div class=\"elementor-spacer-inner\"><\/div>\n\t\t<\/div>\n\t\t\t\t\t\t<\/div>\n\t\t\t\t<\/div>\n\t\t\t\t<section class=\"elementor-section elementor-inner-section elementor-element elementor-element-ef9f8c6 elementor-section-boxed elementor-section-height-default elementor-section-height-default\" data-id=\"ef9f8c6\" data-element_type=\"section\" data-e-type=\"section\">\n\t\t\t\t\t\t<div class=\"elementor-container elementor-column-gap-default\">\n\t\t\t\t\t<div class=\"elementor-column elementor-col-50 elementor-inner-column elementor-element elementor-element-37f609c\" data-id=\"37f609c\" data-element_type=\"column\" data-e-type=\"column\">\n\t\t\t<div class=\"elementor-widget-wrap elementor-element-populated\">\n\t\t\t\t\t\t<div class=\"elementor-element elementor-element-e27a63a elementor-widget elementor-widget-text-editor\" data-id=\"e27a63a\" data-element_type=\"widget\" data-e-type=\"widget\" data-widget_type=\"text-editor.default\">\n\t\t\t\t<div class=\"elementor-widget-container\">\n\t\t\t\t\t\t\t\t\t<p><span style=\"color: #000000;\"><strong>SPECIFICHE TECNICHE:<\/strong><\/span><\/p>\n<ul>\n<li><span style=\"color: #000000;\">Materiale:<strong> acciaio<\/strong><\/span><\/li>\n<li><span style=\"color: #000000;\">mer ot. iniezione:<strong> \u00d820-22 mm<\/strong><\/span><\/li>\n<li><span style=\"color: #000000;\">connessioni:<strong> Filettatura 1\/4 x 2<\/strong><\/span><\/li>\n<\/ul>\n<p><span style=\"color: #000000;\"><i>Packer di sistema<\/i><em><strong> JG<\/strong><\/em><i> consente di sigillare il sistema in qualsiasi punto del sistema (a qualsiasi profondit\u00e0).<\/i><\/span><\/p>\n<p><span style=\"color: #000000;\"><span style=\"caret-color: #000000;\"><i> <\/i><\/span><\/span><\/p>\n<p><span style=\"color: #000000;\"><span style=\"caret-color: #000000;\"><i>Iniezione nel terreno dietro il muro 120 cm? Questo packer per compiti speciali sar\u00e0 ancorato alla profondit\u00e0 desiderata con l&#8217;aiuto della lancia solida JG-CONNECT, puoi estenderlo a qualsiasi lunghezza. Inoltre, la sua fronte, arricchita da uno spuntone e da una lancia perforata, addenser\u00e0 il terreno dietro il muro, e ancora pi\u00f9 in profondit\u00e0 quando necessario.<\/i><\/span><\/span><\/p>\n<p><span style=\"color: #000000;\"><span style=\"caret-color: #000000;\"><i>Qualsiasi lungo viaggio di andata e ritorno&#8230; <\/i><\/span><\/span><\/p>\n\t\t\t\t\t\t\t\t<\/div>\n\t\t\t\t<\/div>\n\t\t\t\t\t<\/div>\n\t\t<\/div>\n\t\t\t\t<div class=\"elementor-column elementor-col-50 elementor-inner-column elementor-element elementor-element-417763c\" data-id=\"417763c\" data-element_type=\"column\" data-e-type=\"column\">\n\t\t\t<div class=\"elementor-widget-wrap elementor-element-populated\">\n\t\t\t\t\t\t<div class=\"elementor-element elementor-element-1304b40 elementor-widget elementor-widget-image\" data-id=\"1304b40\" data-element_type=\"widget\" data-e-type=\"widget\" data-widget_type=\"image.default\">\n\t\t\t\t<div class=\"elementor-widget-container\">\n\t\t\t\t\t\t\t\t\t\t\t\t\t\t\t<img decoding=\"async\" width=\"1024\" height=\"1024\" src=\"https:\/\/www.pakery.pl\/wp-content\/uploads\/2021\/04\/PI-LONGPACK-20200-1024x1024.png\" class=\"attachment-large size-large wp-image-12981\" alt=\"\" srcset=\"https:\/\/www.pakery.pl\/wp-content\/uploads\/2021\/04\/PI-LONGPACK-20200-1024x1024.png 1024w, https:\/\/www.pakery.pl\/wp-content\/uploads\/2021\/04\/PI-LONGPACK-20200-300x300.png 300w, https:\/\/www.pakery.pl\/wp-content\/uploads\/2021\/04\/PI-LONGPACK-20200-150x150.png 150w, https:\/\/www.pakery.pl\/wp-content\/uploads\/2021\/04\/PI-LONGPACK-20200-768x768.png 768w, https:\/\/www.pakery.pl\/wp-content\/uploads\/2021\/04\/PI-LONGPACK-20200-1536x1536.png 1536w, https:\/\/www.pakery.pl\/wp-content\/uploads\/2021\/04\/PI-LONGPACK-20200-2048x2048.png 2048w, https:\/\/www.pakery.pl\/wp-content\/uploads\/2021\/04\/PI-LONGPACK-20200-683x683.png 683w, https:\/\/www.pakery.pl\/wp-content\/uploads\/2021\/04\/PI-LONGPACK-20200-602x602.png 602w, https:\/\/www.pakery.pl\/wp-content\/uploads\/2021\/04\/PI-LONGPACK-20200-110x110.png 110w\" sizes=\"(max-width: 1024px) 100vw, 1024px\" \/>\t\t\t\t\t\t\t\t\t\t\t\t\t\t\t<\/div>\n\t\t\t\t<\/div>\n\t\t\t\t\t<\/div>\n\t\t<\/div>\n\t\t\t\t\t<\/div>\n\t\t<\/section>\n\t\t\t\t\t<\/div>\n\t\t<\/div>\n\t\t\t\t\t<\/div>\n\t\t<\/section>\n\t\t\t\t<\/div>\n\t\t","protected":false},"excerpt":{"rendered":"<p>SPECIFICHE TECNICHE: Materiale: acciaio mer ot. iniezione: \u00d820-22 mm connessioni: Filettatura 1\/4 x 2 Packer di sistema JG consente di sigillare il sistema in qualsiasi punto del sistema (a qualsiasi profondit\u00e0). Iniezione nel terreno dietro il muro 120 cm? Questo packer per compiti speciali sar\u00e0 ancorato alla profondit\u00e0 desiderata con l&#8217;aiuto della lancia solida JG-CONNECT, [&hellip;]<\/p>\n","protected":false},"featured_media":12981,"template":"","meta":{"_acf_changed":false},"product_brand":[],"product_cat":[604],"product_tag":[],"class_list":{"0":"post-12979","1":"product","2":"type-product","3":"status-publish","4":"has-post-thumbnail","6":"product_cat-lance-di-iniezione","8":"first","9":"instock","10":"taxable","11":"shipping-taxable","12":"purchasable","13":"product-type-simple"},"acf":[],"yoast_head":"<!-- This site is optimized with the Yoast SEO plugin v27.3 - https:\/\/yoast.com\/product\/yoast-seo-wordpress\/ -->\n<title>Packer per lance d&#039;iniezione - PAKERY.PL<\/title>\n<meta name=\"robots\" content=\"index, follow, max-snippet:-1, max-image-preview:large, max-video-preview:-1\" \/>\n<link rel=\"canonical\" href=\"https:\/\/www.pakery.pl\/it\/produkt\/packer-per-lance-diniezione\/\" \/>\n<meta property=\"og:locale\" content=\"it_IT\" \/>\n<meta property=\"og:type\" content=\"article\" \/>\n<meta property=\"og:title\" content=\"Packer per lance d&#039;iniezione - PAKERY.PL\" \/>\n<meta property=\"og:description\" content=\"SPECIFICHE TECNICHE: Materiale: acciaio mer ot. iniezione: \u00d820-22 mm connessioni: Filettatura 1\/4 x 2 Packer di sistema JG consente di sigillare il sistema in qualsiasi punto del sistema (a qualsiasi profondit\u00e0). Iniezione nel terreno dietro il muro 120 cm? Questo packer per compiti speciali sar\u00e0 ancorato alla profondit\u00e0 desiderata con l&#8217;aiuto della lancia solida JG-CONNECT, [&hellip;]\" \/>\n<meta property=\"og:url\" content=\"https:\/\/www.pakery.pl\/it\/produkt\/packer-per-lance-diniezione\/\" \/>\n<meta property=\"og:site_name\" content=\"PAKERY.PL\" \/>\n<meta property=\"article:modified_time\" content=\"2021-08-10T09:51:35+00:00\" \/>\n<meta property=\"og:image\" content=\"https:\/\/www.pakery.pl\/wp-content\/uploads\/2021\/04\/PI-LONGPACK-20200.png\" \/>\n\t<meta property=\"og:image:width\" content=\"2500\" \/>\n\t<meta property=\"og:image:height\" content=\"2500\" \/>\n\t<meta property=\"og:image:type\" content=\"image\/png\" \/>\n<meta name=\"twitter:card\" content=\"summary_large_image\" \/>\n<script type=\"application\/ld+json\" class=\"yoast-schema-graph\">{\"@context\":\"https:\\\/\\\/schema.org\",\"@graph\":[{\"@type\":\"WebPage\",\"@id\":\"https:\\\/\\\/www.pakery.pl\\\/it\\\/produkt\\\/packer-per-lance-diniezione\\\/\",\"url\":\"https:\\\/\\\/www.pakery.pl\\\/it\\\/produkt\\\/packer-per-lance-diniezione\\\/\",\"name\":\"Packer per lance d'iniezione - PAKERY.PL\",\"isPartOf\":{\"@id\":\"https:\\\/\\\/www.pakery.pl\\\/it\\\/#website\"},\"primaryImageOfPage\":{\"@id\":\"https:\\\/\\\/www.pakery.pl\\\/it\\\/produkt\\\/packer-per-lance-diniezione\\\/#primaryimage\"},\"image\":{\"@id\":\"https:\\\/\\\/www.pakery.pl\\\/it\\\/produkt\\\/packer-per-lance-diniezione\\\/#primaryimage\"},\"thumbnailUrl\":\"https:\\\/\\\/www.pakery.pl\\\/wp-content\\\/uploads\\\/2021\\\/04\\\/PI-LONGPACK-20200.png\",\"datePublished\":\"2021-08-10T09:51:34+00:00\",\"dateModified\":\"2021-08-10T09:51:35+00:00\",\"breadcrumb\":{\"@id\":\"https:\\\/\\\/www.pakery.pl\\\/it\\\/produkt\\\/packer-per-lance-diniezione\\\/#breadcrumb\"},\"inLanguage\":\"it-IT\",\"potentialAction\":[{\"@type\":\"ReadAction\",\"target\":[\"https:\\\/\\\/www.pakery.pl\\\/it\\\/produkt\\\/packer-per-lance-diniezione\\\/\"]}]},{\"@type\":\"ImageObject\",\"inLanguage\":\"it-IT\",\"@id\":\"https:\\\/\\\/www.pakery.pl\\\/it\\\/produkt\\\/packer-per-lance-diniezione\\\/#primaryimage\",\"url\":\"https:\\\/\\\/www.pakery.pl\\\/wp-content\\\/uploads\\\/2021\\\/04\\\/PI-LONGPACK-20200.png\",\"contentUrl\":\"https:\\\/\\\/www.pakery.pl\\\/wp-content\\\/uploads\\\/2021\\\/04\\\/PI-LONGPACK-20200.png\",\"width\":2500,\"height\":2500},{\"@type\":\"BreadcrumbList\",\"@id\":\"https:\\\/\\\/www.pakery.pl\\\/it\\\/produkt\\\/packer-per-lance-diniezione\\\/#breadcrumb\",\"itemListElement\":[{\"@type\":\"ListItem\",\"position\":1,\"name\":\"Strona g\u0142\u00f3wna\",\"item\":\"https:\\\/\\\/www.pakery.pl\\\/it\\\/\"},{\"@type\":\"ListItem\",\"position\":2,\"name\":\"Negozio\",\"item\":\"https:\\\/\\\/www.pakery.pl\\\/it\\\/negozio\\\/\"},{\"@type\":\"ListItem\",\"position\":3,\"name\":\"Packer per lance d&#8217;iniezione\"}]},{\"@type\":\"WebSite\",\"@id\":\"https:\\\/\\\/www.pakery.pl\\\/it\\\/#website\",\"url\":\"https:\\\/\\\/www.pakery.pl\\\/it\\\/\",\"name\":\"Pakery.pl\",\"description\":\"Pakery iniekcyjne, Kotwy spiralne, Lance iniekcyjne, W\u0119\u017ce do iniekcji, Pompy iniekcyjne, Serwis pomp iniekcyjnych, Wynajem pomp do iniekcji\",\"publisher\":{\"@id\":\"https:\\\/\\\/www.pakery.pl\\\/it\\\/#organization\"},\"potentialAction\":[{\"@type\":\"SearchAction\",\"target\":{\"@type\":\"EntryPoint\",\"urlTemplate\":\"https:\\\/\\\/www.pakery.pl\\\/it\\\/?s={search_term_string}\"},\"query-input\":{\"@type\":\"PropertyValueSpecification\",\"valueRequired\":true,\"valueName\":\"search_term_string\"}}],\"inLanguage\":\"it-IT\"},{\"@type\":\"Organization\",\"@id\":\"https:\\\/\\\/www.pakery.pl\\\/it\\\/#organization\",\"name\":\"PAKERY.PL\",\"url\":\"https:\\\/\\\/www.pakery.pl\\\/it\\\/\",\"logo\":{\"@type\":\"ImageObject\",\"inLanguage\":\"it-IT\",\"@id\":\"https:\\\/\\\/www.pakery.pl\\\/it\\\/#\\\/schema\\\/logo\\\/image\\\/\",\"url\":\"https:\\\/\\\/www.pakery.pl\\\/wp-content\\\/uploads\\\/2021\\\/04\\\/cropped-PAKERY-LOGO.png\",\"contentUrl\":\"https:\\\/\\\/www.pakery.pl\\\/wp-content\\\/uploads\\\/2021\\\/04\\\/cropped-PAKERY-LOGO.png\",\"width\":1529,\"height\":500,\"caption\":\"PAKERY.PL\"},\"image\":{\"@id\":\"https:\\\/\\\/www.pakery.pl\\\/it\\\/#\\\/schema\\\/logo\\\/image\\\/\"}}]}<\/script>\n<!-- \/ Yoast SEO plugin. -->","yoast_head_json":{"title":"Packer per lance d'iniezione - PAKERY.PL","robots":{"index":"index","follow":"follow","max-snippet":"max-snippet:-1","max-image-preview":"max-image-preview:large","max-video-preview":"max-video-preview:-1"},"canonical":"https:\/\/www.pakery.pl\/it\/produkt\/packer-per-lance-diniezione\/","og_locale":"it_IT","og_type":"article","og_title":"Packer per lance d'iniezione - PAKERY.PL","og_description":"SPECIFICHE TECNICHE: Materiale: acciaio mer ot. iniezione: \u00d820-22 mm connessioni: Filettatura 1\/4 x 2 Packer di sistema JG consente di sigillare il sistema in qualsiasi punto del sistema (a qualsiasi profondit\u00e0). Iniezione nel terreno dietro il muro 120 cm? Questo packer per compiti speciali sar\u00e0 ancorato alla profondit\u00e0 desiderata con l&#8217;aiuto della lancia solida JG-CONNECT, [&hellip;]","og_url":"https:\/\/www.pakery.pl\/it\/produkt\/packer-per-lance-diniezione\/","og_site_name":"PAKERY.PL","article_modified_time":"2021-08-10T09:51:35+00:00","og_image":[{"width":2500,"height":2500,"url":"https:\/\/www.pakery.pl\/wp-content\/uploads\/2021\/04\/PI-LONGPACK-20200.png","type":"image\/png"}],"twitter_card":"summary_large_image","schema":{"@context":"https:\/\/schema.org","@graph":[{"@type":"WebPage","@id":"https:\/\/www.pakery.pl\/it\/produkt\/packer-per-lance-diniezione\/","url":"https:\/\/www.pakery.pl\/it\/produkt\/packer-per-lance-diniezione\/","name":"Packer per lance d'iniezione - PAKERY.PL","isPartOf":{"@id":"https:\/\/www.pakery.pl\/it\/#website"},"primaryImageOfPage":{"@id":"https:\/\/www.pakery.pl\/it\/produkt\/packer-per-lance-diniezione\/#primaryimage"},"image":{"@id":"https:\/\/www.pakery.pl\/it\/produkt\/packer-per-lance-diniezione\/#primaryimage"},"thumbnailUrl":"https:\/\/www.pakery.pl\/wp-content\/uploads\/2021\/04\/PI-LONGPACK-20200.png","datePublished":"2021-08-10T09:51:34+00:00","dateModified":"2021-08-10T09:51:35+00:00","breadcrumb":{"@id":"https:\/\/www.pakery.pl\/it\/produkt\/packer-per-lance-diniezione\/#breadcrumb"},"inLanguage":"it-IT","potentialAction":[{"@type":"ReadAction","target":["https:\/\/www.pakery.pl\/it\/produkt\/packer-per-lance-diniezione\/"]}]},{"@type":"ImageObject","inLanguage":"it-IT","@id":"https:\/\/www.pakery.pl\/it\/produkt\/packer-per-lance-diniezione\/#primaryimage","url":"https:\/\/www.pakery.pl\/wp-content\/uploads\/2021\/04\/PI-LONGPACK-20200.png","contentUrl":"https:\/\/www.pakery.pl\/wp-content\/uploads\/2021\/04\/PI-LONGPACK-20200.png","width":2500,"height":2500},{"@type":"BreadcrumbList","@id":"https:\/\/www.pakery.pl\/it\/produkt\/packer-per-lance-diniezione\/#breadcrumb","itemListElement":[{"@type":"ListItem","position":1,"name":"Strona g\u0142\u00f3wna","item":"https:\/\/www.pakery.pl\/it\/"},{"@type":"ListItem","position":2,"name":"Negozio","item":"https:\/\/www.pakery.pl\/it\/negozio\/"},{"@type":"ListItem","position":3,"name":"Packer per lance d&#8217;iniezione"}]},{"@type":"WebSite","@id":"https:\/\/www.pakery.pl\/it\/#website","url":"https:\/\/www.pakery.pl\/it\/","name":"Pakery.pl","description":"Pakery iniekcyjne, Kotwy spiralne, Lance iniekcyjne, W\u0119\u017ce do iniekcji, Pompy iniekcyjne, Serwis pomp iniekcyjnych, Wynajem pomp do iniekcji","publisher":{"@id":"https:\/\/www.pakery.pl\/it\/#organization"},"potentialAction":[{"@type":"SearchAction","target":{"@type":"EntryPoint","urlTemplate":"https:\/\/www.pakery.pl\/it\/?s={search_term_string}"},"query-input":{"@type":"PropertyValueSpecification","valueRequired":true,"valueName":"search_term_string"}}],"inLanguage":"it-IT"},{"@type":"Organization","@id":"https:\/\/www.pakery.pl\/it\/#organization","name":"PAKERY.PL","url":"https:\/\/www.pakery.pl\/it\/","logo":{"@type":"ImageObject","inLanguage":"it-IT","@id":"https:\/\/www.pakery.pl\/it\/#\/schema\/logo\/image\/","url":"https:\/\/www.pakery.pl\/wp-content\/uploads\/2021\/04\/cropped-PAKERY-LOGO.png","contentUrl":"https:\/\/www.pakery.pl\/wp-content\/uploads\/2021\/04\/cropped-PAKERY-LOGO.png","width":1529,"height":500,"caption":"PAKERY.PL"},"image":{"@id":"https:\/\/www.pakery.pl\/it\/#\/schema\/logo\/image\/"}}]}},"_links":{"self":[{"href":"https:\/\/www.pakery.pl\/it\/wp-json\/wp\/v2\/product\/12979","targetHints":{"allow":["GET"]}}],"collection":[{"href":"https:\/\/www.pakery.pl\/it\/wp-json\/wp\/v2\/product"}],"about":[{"href":"https:\/\/www.pakery.pl\/it\/wp-json\/wp\/v2\/types\/product"}],"version-history":[{"count":3,"href":"https:\/\/www.pakery.pl\/it\/wp-json\/wp\/v2\/product\/12979\/revisions"}],"predecessor-version":[{"id":12994,"href":"https:\/\/www.pakery.pl\/it\/wp-json\/wp\/v2\/product\/12979\/revisions\/12994"}],"wp:featuredmedia":[{"embeddable":true,"href":"https:\/\/www.pakery.pl\/it\/wp-json\/wp\/v2\/media\/12981"}],"wp:attachment":[{"href":"https:\/\/www.pakery.pl\/it\/wp-json\/wp\/v2\/media?parent=12979"}],"wp:term":[{"taxonomy":"product_brand","embeddable":true,"href":"https:\/\/www.pakery.pl\/it\/wp-json\/wp\/v2\/product_brand?post=12979"},{"taxonomy":"product_cat","embeddable":true,"href":"https:\/\/www.pakery.pl\/it\/wp-json\/wp\/v2\/product_cat?post=12979"},{"taxonomy":"product_tag","embeddable":true,"href":"https:\/\/www.pakery.pl\/it\/wp-json\/wp\/v2\/product_tag?post=12979"}],"curies":[{"name":"wp","href":"https:\/\/api.w.org\/{rel}","templated":true}]}}