{"id":9993,"date":"2021-06-21T13:56:00","date_gmt":"2021-08-09T16:16:43","guid":{"rendered":"https:\/\/www.pakery.pl\/produkt\/cybant\/"},"modified":"2021-08-09T18:16:44","modified_gmt":"2021-08-09T16:16:44","slug":"cybant-binaural-clamp-on-tomlo-injekcio","status":"publish","type":"product","link":"https:\/\/www.pakery.pl\/hu\/produkt\/cybant-binaural-clamp-on-tomlo-injekcio\/","title":{"rendered":"Cybant"},"content":{"rendered":"<p>U-csavarok sz\u00fcks\u00e9gesek a t\u00f6m\u00edt\u00e9s fenntart\u00e1s\u00e1hoz a befecskendez\u0151 t\u00f6ml\u0151 csatlakoz\u00e1sa k\u00f6z\u00f6tt. A megfelel\u0151 \u00e1tm\u00e9r\u0151 kiv\u00e1laszt\u00e1s\u00e1hoz tekintse meg a kateg\u00f3ria egyes term\u00e9keinek le\u00edr\u00e1sait<em><strong> befecskendez\u0151 t\u00f6ml\u0151k<\/strong><\/em> .<\/p>\n","protected":false},"excerpt":{"rendered":"<p>U-csavarok sz\u00fcks\u00e9gesek a t\u00f6m\u00edt\u00e9s fenntart\u00e1s\u00e1hoz a befecskendez\u0151 t\u00f6ml\u0151 csatlakoz\u00e1sa k\u00f6z\u00f6tt. A megfelel\u0151 \u00e1tm\u00e9r\u0151 kiv\u00e1laszt\u00e1s\u00e1hoz tekintse meg a kateg\u00f3ria egyes term\u00e9keinek le\u00edr\u00e1sait befecskendez\u0151 t\u00f6ml\u0151k .<\/p>\n","protected":false},"featured_media":9994,"template":"","meta":{"_acf_changed":false},"product_brand":[],"product_cat":[348],"product_tag":[],"class_list":{"0":"post-9993","1":"product","2":"type-product","3":"status-publish","4":"has-post-thumbnail","6":"product_cat-befecskendezo-tomlok","7":"pa_rozmiar-11-13-mm-hu","8":"pa_rozmiar-13-15-mm-hu","9":"pa_rozmiar-15-18-mm-hu","10":"pa_rozmiar-9-11-mm-hu","12":"first","13":"instock","14":"taxable","15":"shipping-taxable","16":"purchasable","17":"product-type-variable","18":"has-default-attributes"},"acf":[],"yoast_head":"<!-- This site is optimized with the Yoast SEO plugin v27.3 - https:\/\/yoast.com\/product\/yoast-seo-wordpress\/ -->\n<title>Cybant - PAKERY.PL | Binaur\u00e1lis bilincs injekci\u00f3s t\u00f6ml\u0151kh\u00f6z<\/title>\n<meta name=\"description\" content=\"Cybant | Binaur\u00e1lis bilincs injekci\u00f3s t\u00f6ml\u0151kh\u00f6z | Befecskendez\u0151 t\u00f6ml\u0151k\" \/>\n<meta name=\"robots\" content=\"index, follow, max-snippet:-1, max-image-preview:large, max-video-preview:-1\" \/>\n<link rel=\"canonical\" href=\"https:\/\/www.pakery.pl\/hu\/produkt\/cybant-binaural-clamp-on-tomlo-injekcio\/\" \/>\n<meta property=\"og:locale\" content=\"hu_HU\" \/>\n<meta property=\"og:type\" content=\"article\" \/>\n<meta property=\"og:title\" content=\"Cybant - PAKERY.PL | Binaur\u00e1lis bilincs injekci\u00f3s t\u00f6ml\u0151kh\u00f6z\" \/>\n<meta property=\"og:description\" content=\"Cybant | Binaur\u00e1lis bilincs injekci\u00f3s t\u00f6ml\u0151kh\u00f6z | Befecskendez\u0151 t\u00f6ml\u0151k\" \/>\n<meta property=\"og:url\" content=\"https:\/\/www.pakery.pl\/hu\/produkt\/cybant-binaural-clamp-on-tomlo-injekcio\/\" \/>\n<meta property=\"og:site_name\" content=\"PAKERY.PL\" \/>\n<meta property=\"article:modified_time\" content=\"2021-08-09T16:16:44+00:00\" \/>\n<meta property=\"og:image\" content=\"https:\/\/www.pakery.pl\/wp-content\/uploads\/2021\/06\/Cybanty-zestaw-1.png\" \/>\n\t<meta property=\"og:image:width\" content=\"2500\" \/>\n\t<meta property=\"og:image:height\" content=\"2500\" \/>\n\t<meta property=\"og:image:type\" content=\"image\/png\" \/>\n<meta name=\"twitter:card\" content=\"summary_large_image\" \/>\n<script type=\"application\/ld+json\" class=\"yoast-schema-graph\">{\"@context\":\"https:\\\/\\\/schema.org\",\"@graph\":[{\"@type\":\"WebPage\",\"@id\":\"https:\\\/\\\/www.pakery.pl\\\/hu\\\/produkt\\\/cybant-binaural-clamp-on-tomlo-injekcio\\\/\",\"url\":\"https:\\\/\\\/www.pakery.pl\\\/hu\\\/produkt\\\/cybant-binaural-clamp-on-tomlo-injekcio\\\/\",\"name\":\"Cybant - PAKERY.PL | Binaur\u00e1lis bilincs injekci\u00f3s t\u00f6ml\u0151kh\u00f6z\",\"isPartOf\":{\"@id\":\"https:\\\/\\\/www.pakery.pl\\\/hu\\\/#website\"},\"primaryImageOfPage\":{\"@id\":\"https:\\\/\\\/www.pakery.pl\\\/hu\\\/produkt\\\/cybant-binaural-clamp-on-tomlo-injekcio\\\/#primaryimage\"},\"image\":{\"@id\":\"https:\\\/\\\/www.pakery.pl\\\/hu\\\/produkt\\\/cybant-binaural-clamp-on-tomlo-injekcio\\\/#primaryimage\"},\"thumbnailUrl\":\"https:\\\/\\\/www.pakery.pl\\\/wp-content\\\/uploads\\\/2021\\\/06\\\/Cybanty-zestaw-1.png\",\"datePublished\":\"2021-08-09T16:16:43+00:00\",\"dateModified\":\"2021-08-09T16:16:44+00:00\",\"description\":\"Cybant | Binaur\u00e1lis bilincs injekci\u00f3s t\u00f6ml\u0151kh\u00f6z | Befecskendez\u0151 t\u00f6ml\u0151k\",\"breadcrumb\":{\"@id\":\"https:\\\/\\\/www.pakery.pl\\\/hu\\\/produkt\\\/cybant-binaural-clamp-on-tomlo-injekcio\\\/#breadcrumb\"},\"inLanguage\":\"hu\",\"potentialAction\":[{\"@type\":\"ReadAction\",\"target\":[\"https:\\\/\\\/www.pakery.pl\\\/hu\\\/produkt\\\/cybant-binaural-clamp-on-tomlo-injekcio\\\/\"]}]},{\"@type\":\"ImageObject\",\"inLanguage\":\"hu\",\"@id\":\"https:\\\/\\\/www.pakery.pl\\\/hu\\\/produkt\\\/cybant-binaural-clamp-on-tomlo-injekcio\\\/#primaryimage\",\"url\":\"https:\\\/\\\/www.pakery.pl\\\/wp-content\\\/uploads\\\/2021\\\/06\\\/Cybanty-zestaw-1.png\",\"contentUrl\":\"https:\\\/\\\/www.pakery.pl\\\/wp-content\\\/uploads\\\/2021\\\/06\\\/Cybanty-zestaw-1.png\",\"width\":2500,\"height\":2500,\"caption\":\"U-csavarok | Befecskendez\u0151 t\u00f6ml\u0151bilincsek\"},{\"@type\":\"BreadcrumbList\",\"@id\":\"https:\\\/\\\/www.pakery.pl\\\/hu\\\/produkt\\\/cybant-binaural-clamp-on-tomlo-injekcio\\\/#breadcrumb\",\"itemListElement\":[{\"@type\":\"ListItem\",\"position\":1,\"name\":\"Strona g\u0142\u00f3wna\",\"item\":\"https:\\\/\\\/www.pakery.pl\\\/hu\\\/\"},{\"@type\":\"ListItem\",\"position\":2,\"name\":\"Bolt\",\"item\":\"https:\\\/\\\/www.pakery.pl\\\/hu\\\/bolt\\\/\"},{\"@type\":\"ListItem\",\"position\":3,\"name\":\"Cybant\"}]},{\"@type\":\"WebSite\",\"@id\":\"https:\\\/\\\/www.pakery.pl\\\/hu\\\/#website\",\"url\":\"https:\\\/\\\/www.pakery.pl\\\/hu\\\/\",\"name\":\"Pakery.pl\",\"description\":\"Pakery iniekcyjne, Kotwy spiralne, Lance iniekcyjne, W\u0119\u017ce do iniekcji, Pompy iniekcyjne, Serwis pomp iniekcyjnych, Wynajem pomp do iniekcji\",\"publisher\":{\"@id\":\"https:\\\/\\\/www.pakery.pl\\\/hu\\\/#organization\"},\"potentialAction\":[{\"@type\":\"SearchAction\",\"target\":{\"@type\":\"EntryPoint\",\"urlTemplate\":\"https:\\\/\\\/www.pakery.pl\\\/hu\\\/?s={search_term_string}\"},\"query-input\":{\"@type\":\"PropertyValueSpecification\",\"valueRequired\":true,\"valueName\":\"search_term_string\"}}],\"inLanguage\":\"hu\"},{\"@type\":\"Organization\",\"@id\":\"https:\\\/\\\/www.pakery.pl\\\/hu\\\/#organization\",\"name\":\"PAKERY.PL\",\"url\":\"https:\\\/\\\/www.pakery.pl\\\/hu\\\/\",\"logo\":{\"@type\":\"ImageObject\",\"inLanguage\":\"hu\",\"@id\":\"https:\\\/\\\/www.pakery.pl\\\/hu\\\/#\\\/schema\\\/logo\\\/image\\\/\",\"url\":\"https:\\\/\\\/www.pakery.pl\\\/wp-content\\\/uploads\\\/2021\\\/04\\\/cropped-PAKERY-LOGO.png\",\"contentUrl\":\"https:\\\/\\\/www.pakery.pl\\\/wp-content\\\/uploads\\\/2021\\\/04\\\/cropped-PAKERY-LOGO.png\",\"width\":1529,\"height\":500,\"caption\":\"PAKERY.PL\"},\"image\":{\"@id\":\"https:\\\/\\\/www.pakery.pl\\\/hu\\\/#\\\/schema\\\/logo\\\/image\\\/\"}}]}<\/script>\n<!-- \/ Yoast SEO plugin. -->","yoast_head_json":{"title":"Cybant - PAKERY.PL | Binaur\u00e1lis bilincs injekci\u00f3s t\u00f6ml\u0151kh\u00f6z","description":"Cybant | Binaur\u00e1lis bilincs injekci\u00f3s t\u00f6ml\u0151kh\u00f6z | Befecskendez\u0151 t\u00f6ml\u0151k","robots":{"index":"index","follow":"follow","max-snippet":"max-snippet:-1","max-image-preview":"max-image-preview:large","max-video-preview":"max-video-preview:-1"},"canonical":"https:\/\/www.pakery.pl\/hu\/produkt\/cybant-binaural-clamp-on-tomlo-injekcio\/","og_locale":"hu_HU","og_type":"article","og_title":"Cybant - PAKERY.PL | Binaur\u00e1lis bilincs injekci\u00f3s t\u00f6ml\u0151kh\u00f6z","og_description":"Cybant | Binaur\u00e1lis bilincs injekci\u00f3s t\u00f6ml\u0151kh\u00f6z | Befecskendez\u0151 t\u00f6ml\u0151k","og_url":"https:\/\/www.pakery.pl\/hu\/produkt\/cybant-binaural-clamp-on-tomlo-injekcio\/","og_site_name":"PAKERY.PL","article_modified_time":"2021-08-09T16:16:44+00:00","og_image":[{"width":2500,"height":2500,"url":"https:\/\/www.pakery.pl\/wp-content\/uploads\/2021\/06\/Cybanty-zestaw-1.png","type":"image\/png"}],"twitter_card":"summary_large_image","schema":{"@context":"https:\/\/schema.org","@graph":[{"@type":"WebPage","@id":"https:\/\/www.pakery.pl\/hu\/produkt\/cybant-binaural-clamp-on-tomlo-injekcio\/","url":"https:\/\/www.pakery.pl\/hu\/produkt\/cybant-binaural-clamp-on-tomlo-injekcio\/","name":"Cybant - PAKERY.PL | Binaur\u00e1lis bilincs injekci\u00f3s t\u00f6ml\u0151kh\u00f6z","isPartOf":{"@id":"https:\/\/www.pakery.pl\/hu\/#website"},"primaryImageOfPage":{"@id":"https:\/\/www.pakery.pl\/hu\/produkt\/cybant-binaural-clamp-on-tomlo-injekcio\/#primaryimage"},"image":{"@id":"https:\/\/www.pakery.pl\/hu\/produkt\/cybant-binaural-clamp-on-tomlo-injekcio\/#primaryimage"},"thumbnailUrl":"https:\/\/www.pakery.pl\/wp-content\/uploads\/2021\/06\/Cybanty-zestaw-1.png","datePublished":"2021-08-09T16:16:43+00:00","dateModified":"2021-08-09T16:16:44+00:00","description":"Cybant | Binaur\u00e1lis bilincs injekci\u00f3s t\u00f6ml\u0151kh\u00f6z | Befecskendez\u0151 t\u00f6ml\u0151k","breadcrumb":{"@id":"https:\/\/www.pakery.pl\/hu\/produkt\/cybant-binaural-clamp-on-tomlo-injekcio\/#breadcrumb"},"inLanguage":"hu","potentialAction":[{"@type":"ReadAction","target":["https:\/\/www.pakery.pl\/hu\/produkt\/cybant-binaural-clamp-on-tomlo-injekcio\/"]}]},{"@type":"ImageObject","inLanguage":"hu","@id":"https:\/\/www.pakery.pl\/hu\/produkt\/cybant-binaural-clamp-on-tomlo-injekcio\/#primaryimage","url":"https:\/\/www.pakery.pl\/wp-content\/uploads\/2021\/06\/Cybanty-zestaw-1.png","contentUrl":"https:\/\/www.pakery.pl\/wp-content\/uploads\/2021\/06\/Cybanty-zestaw-1.png","width":2500,"height":2500,"caption":"U-csavarok | Befecskendez\u0151 t\u00f6ml\u0151bilincsek"},{"@type":"BreadcrumbList","@id":"https:\/\/www.pakery.pl\/hu\/produkt\/cybant-binaural-clamp-on-tomlo-injekcio\/#breadcrumb","itemListElement":[{"@type":"ListItem","position":1,"name":"Strona g\u0142\u00f3wna","item":"https:\/\/www.pakery.pl\/hu\/"},{"@type":"ListItem","position":2,"name":"Bolt","item":"https:\/\/www.pakery.pl\/hu\/bolt\/"},{"@type":"ListItem","position":3,"name":"Cybant"}]},{"@type":"WebSite","@id":"https:\/\/www.pakery.pl\/hu\/#website","url":"https:\/\/www.pakery.pl\/hu\/","name":"Pakery.pl","description":"Pakery iniekcyjne, Kotwy spiralne, Lance iniekcyjne, W\u0119\u017ce do iniekcji, Pompy iniekcyjne, Serwis pomp iniekcyjnych, Wynajem pomp do iniekcji","publisher":{"@id":"https:\/\/www.pakery.pl\/hu\/#organization"},"potentialAction":[{"@type":"SearchAction","target":{"@type":"EntryPoint","urlTemplate":"https:\/\/www.pakery.pl\/hu\/?s={search_term_string}"},"query-input":{"@type":"PropertyValueSpecification","valueRequired":true,"valueName":"search_term_string"}}],"inLanguage":"hu"},{"@type":"Organization","@id":"https:\/\/www.pakery.pl\/hu\/#organization","name":"PAKERY.PL","url":"https:\/\/www.pakery.pl\/hu\/","logo":{"@type":"ImageObject","inLanguage":"hu","@id":"https:\/\/www.pakery.pl\/hu\/#\/schema\/logo\/image\/","url":"https:\/\/www.pakery.pl\/wp-content\/uploads\/2021\/04\/cropped-PAKERY-LOGO.png","contentUrl":"https:\/\/www.pakery.pl\/wp-content\/uploads\/2021\/04\/cropped-PAKERY-LOGO.png","width":1529,"height":500,"caption":"PAKERY.PL"},"image":{"@id":"https:\/\/www.pakery.pl\/hu\/#\/schema\/logo\/image\/"}}]}},"_links":{"self":[{"href":"https:\/\/www.pakery.pl\/hu\/wp-json\/wp\/v2\/product\/9993","targetHints":{"allow":["GET"]}}],"collection":[{"href":"https:\/\/www.pakery.pl\/hu\/wp-json\/wp\/v2\/product"}],"about":[{"href":"https:\/\/www.pakery.pl\/hu\/wp-json\/wp\/v2\/types\/product"}],"version-history":[{"count":1,"href":"https:\/\/www.pakery.pl\/hu\/wp-json\/wp\/v2\/product\/9993\/revisions"}],"predecessor-version":[{"id":10001,"href":"https:\/\/www.pakery.pl\/hu\/wp-json\/wp\/v2\/product\/9993\/revisions\/10001"}],"wp:featuredmedia":[{"embeddable":true,"href":"https:\/\/www.pakery.pl\/hu\/wp-json\/wp\/v2\/media\/9994"}],"wp:attachment":[{"href":"https:\/\/www.pakery.pl\/hu\/wp-json\/wp\/v2\/media?parent=9993"}],"wp:term":[{"taxonomy":"product_brand","embeddable":true,"href":"https:\/\/www.pakery.pl\/hu\/wp-json\/wp\/v2\/product_brand?post=9993"},{"taxonomy":"product_cat","embeddable":true,"href":"https:\/\/www.pakery.pl\/hu\/wp-json\/wp\/v2\/product_cat?post=9993"},{"taxonomy":"product_tag","embeddable":true,"href":"https:\/\/www.pakery.pl\/hu\/wp-json\/wp\/v2\/product_tag?post=9993"}],"curies":[{"name":"wp","href":"https:\/\/api.w.org\/{rel}","templated":true}]}}