{"id":9448,"date":"2021-04-22T07:51:39","date_gmt":"2021-08-09T16:06:56","guid":{"rendered":"https:\/\/www.pakery.pl\/produkt\/sds-max-kalapacs\/"},"modified":"2021-08-09T18:07:03","modified_gmt":"2021-08-09T16:07:03","slug":"sds-max-kalapacs","status":"publish","type":"product","link":"https:\/\/www.pakery.pl\/hu\/produkt\/sds-max-kalapacs\/","title":{"rendered":"SDS MAX kalap\u00e1cs"},"content":{"rendered":"\t\t<div data-elementor-type=\"product-post\" data-elementor-id=\"9448\" class=\"elementor elementor-9448 elementor-1970\" data-elementor-post-type=\"product\">\n\t\t\t\t\t\t<section class=\"elementor-section elementor-top-section elementor-element elementor-element-49f6667 elementor-section-full_width elementor-section-height-default elementor-section-height-default\" data-id=\"49f6667\" data-element_type=\"section\" data-e-type=\"section\">\n\t\t\t\t\t\t<div class=\"elementor-container elementor-column-gap-default\">\n\t\t\t\t\t<div class=\"elementor-column elementor-col-100 elementor-top-column elementor-element elementor-element-d82bae6\" data-id=\"d82bae6\" data-element_type=\"column\" data-e-type=\"column\">\n\t\t\t<div class=\"elementor-widget-wrap elementor-element-populated\">\n\t\t\t\t\t\t<div class=\"elementor-element elementor-element-c6fa9a8 elementor-widget elementor-widget-image\" data-id=\"c6fa9a8\" data-element_type=\"widget\" data-e-type=\"widget\" data-widget_type=\"image.default\">\n\t\t\t\t<div class=\"elementor-widget-container\">\n\t\t\t\t\t\t\t\t\t\t\t\t\t\t\t<img fetchpriority=\"high\" decoding=\"async\" width=\"1247\" height=\"340\" src=\"https:\/\/www.pakery.pl\/wp-content\/uploads\/2021\/05\/Zrzut-ekranu-2021-05-19-o-11.40.06.png\" class=\"attachment-full size-full wp-image-8183\" alt=\"\" srcset=\"https:\/\/www.pakery.pl\/wp-content\/uploads\/2021\/05\/Zrzut-ekranu-2021-05-19-o-11.40.06.png 1247w, https:\/\/www.pakery.pl\/wp-content\/uploads\/2021\/05\/Zrzut-ekranu-2021-05-19-o-11.40.06-300x82.png 300w, https:\/\/www.pakery.pl\/wp-content\/uploads\/2021\/05\/Zrzut-ekranu-2021-05-19-o-11.40.06-1024x279.png 1024w, https:\/\/www.pakery.pl\/wp-content\/uploads\/2021\/05\/Zrzut-ekranu-2021-05-19-o-11.40.06-768x209.png 768w, https:\/\/www.pakery.pl\/wp-content\/uploads\/2021\/05\/Zrzut-ekranu-2021-05-19-o-11.40.06-683x186.png 683w, https:\/\/www.pakery.pl\/wp-content\/uploads\/2021\/05\/Zrzut-ekranu-2021-05-19-o-11.40.06-602x164.png 602w\" sizes=\"(max-width: 1247px) 100vw, 1247px\" \/>\t\t\t\t\t\t\t\t\t\t\t\t\t\t\t<\/div>\n\t\t\t\t<\/div>\n\t\t\t\t<div class=\"elementor-element elementor-element-d46a0ac elementor-widget elementor-widget-spacer\" data-id=\"d46a0ac\" data-element_type=\"widget\" data-e-type=\"widget\" data-widget_type=\"spacer.default\">\n\t\t\t\t<div class=\"elementor-widget-container\">\n\t\t\t\t\t\t\t<div class=\"elementor-spacer\">\n\t\t\t<div class=\"elementor-spacer-inner\"><\/div>\n\t\t<\/div>\n\t\t\t\t\t\t<\/div>\n\t\t\t\t<\/div>\n\t\t\t\t<div class=\"elementor-element elementor-element-a4e4ae4 elementor-widget elementor-widget-text-editor\" data-id=\"a4e4ae4\" data-element_type=\"widget\" data-e-type=\"widget\" data-widget_type=\"text-editor.default\">\n\t\t\t\t<div class=\"elementor-widget-container\">\n\t\t\t\t\t\t\t\t\t<p><span style=\"color: #000000;\"><strong>M\u0170SZAKI ADATOK:<\/strong><\/span><\/p>\n<ul>\n<li><span style=\"color: #000000;\">SDS MAX r\u00f6gz\u00edt\u00e9s<\/span><\/li>\n<li><span style=\"color: #000000;\">a JG-HAMMPLUG k\u00e9sz\u00fcl\u00e9kkel val\u00f3 haszn\u00e1latra<\/span><\/li>\n<li><span style=\"color: #000000;\">Kiv\u00e1l\u00f3 min\u0151s\u00e9g\u0171 Cro-Mo ac\u00e9l<\/span><\/li>\n<\/ul>\n\t\t\t\t\t\t\t\t<\/div>\n\t\t\t\t<\/div>\n\t\t\t\t\t<\/div>\n\t\t<\/div>\n\t\t\t\t\t<\/div>\n\t\t<\/section>\n\t\t\t\t<\/div>\n\t\t","protected":false},"excerpt":{"rendered":"<p>M\u0170SZAKI ADATOK: SDS MAX r\u00f6gz\u00edt\u00e9s a JG-HAMMPLUG k\u00e9sz\u00fcl\u00e9kkel val\u00f3 haszn\u00e1latra Kiv\u00e1l\u00f3 min\u0151s\u00e9g\u0171 Cro-Mo ac\u00e9l<\/p>\n","protected":false},"featured_media":9449,"template":"","meta":{"_acf_changed":false},"product_brand":[],"product_cat":[349,346],"product_tag":[],"class_list":{"0":"post-9448","1":"product","2":"type-product","3":"status-publish","4":"has-post-thumbnail","6":"product_cat-injekcios-landzsak","7":"product_cat-injekcios-tartozekok","8":"pa_akcesoria-pakerowe-csomagolasi-kiegeszitok","10":"first","11":"instock","12":"taxable","13":"shipping-taxable","14":"purchasable","15":"product-type-simple"},"acf":[],"yoast_head":"<!-- This site is optimized with the Yoast SEO plugin v27.3 - https:\/\/yoast.com\/product\/yoast-seo-wordpress\/ -->\n<title>SDS MAX kalap\u00e1cs - PAKERY.PL<\/title>\n<meta name=\"description\" content=\"Kalap\u00e1cs injekci\u00f3s l\u00e1ndzs\u00e1khoz | Injekci\u00f3s l\u00e1ndzs\u00e1k | SDS MAX r\u00f6gz\u00edt\u00e9s\" \/>\n<meta name=\"robots\" content=\"index, follow, max-snippet:-1, max-image-preview:large, max-video-preview:-1\" \/>\n<link rel=\"canonical\" href=\"https:\/\/www.pakery.pl\/hu\/produkt\/sds-max-kalapacs\/\" \/>\n<meta property=\"og:locale\" content=\"hu_HU\" \/>\n<meta property=\"og:type\" content=\"article\" \/>\n<meta property=\"og:title\" content=\"SDS MAX kalap\u00e1cs - PAKERY.PL\" \/>\n<meta property=\"og:description\" content=\"Kalap\u00e1cs injekci\u00f3s l\u00e1ndzs\u00e1khoz | Injekci\u00f3s l\u00e1ndzs\u00e1k | SDS MAX r\u00f6gz\u00edt\u00e9s\" \/>\n<meta property=\"og:url\" content=\"https:\/\/www.pakery.pl\/hu\/produkt\/sds-max-kalapacs\/\" \/>\n<meta property=\"og:site_name\" content=\"PAKERY.PL\" \/>\n<meta property=\"article:modified_time\" content=\"2021-08-09T16:07:03+00:00\" \/>\n<meta property=\"og:image\" content=\"https:\/\/www.pakery.pl\/wp-content\/uploads\/2021\/04\/JG-HAMMPOD-SDS-MAX.png\" \/>\n\t<meta property=\"og:image:width\" content=\"2500\" \/>\n\t<meta property=\"og:image:height\" content=\"2500\" \/>\n\t<meta property=\"og:image:type\" content=\"image\/png\" \/>\n<meta name=\"twitter:card\" content=\"summary_large_image\" \/>\n<script type=\"application\/ld+json\" class=\"yoast-schema-graph\">{\"@context\":\"https:\\\/\\\/schema.org\",\"@graph\":[{\"@type\":\"WebPage\",\"@id\":\"https:\\\/\\\/www.pakery.pl\\\/hu\\\/produkt\\\/sds-max-kalapacs\\\/\",\"url\":\"https:\\\/\\\/www.pakery.pl\\\/hu\\\/produkt\\\/sds-max-kalapacs\\\/\",\"name\":\"SDS MAX kalap\u00e1cs - PAKERY.PL\",\"isPartOf\":{\"@id\":\"https:\\\/\\\/www.pakery.pl\\\/hu\\\/#website\"},\"primaryImageOfPage\":{\"@id\":\"https:\\\/\\\/www.pakery.pl\\\/hu\\\/produkt\\\/sds-max-kalapacs\\\/#primaryimage\"},\"image\":{\"@id\":\"https:\\\/\\\/www.pakery.pl\\\/hu\\\/produkt\\\/sds-max-kalapacs\\\/#primaryimage\"},\"thumbnailUrl\":\"https:\\\/\\\/www.pakery.pl\\\/wp-content\\\/uploads\\\/2021\\\/04\\\/JG-HAMMPOD-SDS-MAX.png\",\"datePublished\":\"2021-08-09T16:06:56+00:00\",\"dateModified\":\"2021-08-09T16:07:03+00:00\",\"description\":\"Kalap\u00e1cs injekci\u00f3s l\u00e1ndzs\u00e1khoz | Injekci\u00f3s l\u00e1ndzs\u00e1k | SDS MAX r\u00f6gz\u00edt\u00e9s\",\"breadcrumb\":{\"@id\":\"https:\\\/\\\/www.pakery.pl\\\/hu\\\/produkt\\\/sds-max-kalapacs\\\/#breadcrumb\"},\"inLanguage\":\"hu\",\"potentialAction\":[{\"@type\":\"ReadAction\",\"target\":[\"https:\\\/\\\/www.pakery.pl\\\/hu\\\/produkt\\\/sds-max-kalapacs\\\/\"]}]},{\"@type\":\"ImageObject\",\"inLanguage\":\"hu\",\"@id\":\"https:\\\/\\\/www.pakery.pl\\\/hu\\\/produkt\\\/sds-max-kalapacs\\\/#primaryimage\",\"url\":\"https:\\\/\\\/www.pakery.pl\\\/wp-content\\\/uploads\\\/2021\\\/04\\\/JG-HAMMPOD-SDS-MAX.png\",\"contentUrl\":\"https:\\\/\\\/www.pakery.pl\\\/wp-content\\\/uploads\\\/2021\\\/04\\\/JG-HAMMPOD-SDS-MAX.png\",\"width\":2500,\"height\":2500},{\"@type\":\"BreadcrumbList\",\"@id\":\"https:\\\/\\\/www.pakery.pl\\\/hu\\\/produkt\\\/sds-max-kalapacs\\\/#breadcrumb\",\"itemListElement\":[{\"@type\":\"ListItem\",\"position\":1,\"name\":\"Strona g\u0142\u00f3wna\",\"item\":\"https:\\\/\\\/www.pakery.pl\\\/hu\\\/\"},{\"@type\":\"ListItem\",\"position\":2,\"name\":\"Bolt\",\"item\":\"https:\\\/\\\/www.pakery.pl\\\/hu\\\/bolt\\\/\"},{\"@type\":\"ListItem\",\"position\":3,\"name\":\"SDS MAX kalap\u00e1cs\"}]},{\"@type\":\"WebSite\",\"@id\":\"https:\\\/\\\/www.pakery.pl\\\/hu\\\/#website\",\"url\":\"https:\\\/\\\/www.pakery.pl\\\/hu\\\/\",\"name\":\"Pakery.pl\",\"description\":\"Pakery iniekcyjne, Kotwy spiralne, Lance iniekcyjne, W\u0119\u017ce do iniekcji, Pompy iniekcyjne, Serwis pomp iniekcyjnych, Wynajem pomp do iniekcji\",\"publisher\":{\"@id\":\"https:\\\/\\\/www.pakery.pl\\\/hu\\\/#organization\"},\"potentialAction\":[{\"@type\":\"SearchAction\",\"target\":{\"@type\":\"EntryPoint\",\"urlTemplate\":\"https:\\\/\\\/www.pakery.pl\\\/hu\\\/?s={search_term_string}\"},\"query-input\":{\"@type\":\"PropertyValueSpecification\",\"valueRequired\":true,\"valueName\":\"search_term_string\"}}],\"inLanguage\":\"hu\"},{\"@type\":\"Organization\",\"@id\":\"https:\\\/\\\/www.pakery.pl\\\/hu\\\/#organization\",\"name\":\"PAKERY.PL\",\"url\":\"https:\\\/\\\/www.pakery.pl\\\/hu\\\/\",\"logo\":{\"@type\":\"ImageObject\",\"inLanguage\":\"hu\",\"@id\":\"https:\\\/\\\/www.pakery.pl\\\/hu\\\/#\\\/schema\\\/logo\\\/image\\\/\",\"url\":\"https:\\\/\\\/www.pakery.pl\\\/wp-content\\\/uploads\\\/2021\\\/04\\\/cropped-PAKERY-LOGO.png\",\"contentUrl\":\"https:\\\/\\\/www.pakery.pl\\\/wp-content\\\/uploads\\\/2021\\\/04\\\/cropped-PAKERY-LOGO.png\",\"width\":1529,\"height\":500,\"caption\":\"PAKERY.PL\"},\"image\":{\"@id\":\"https:\\\/\\\/www.pakery.pl\\\/hu\\\/#\\\/schema\\\/logo\\\/image\\\/\"}}]}<\/script>\n<!-- \/ Yoast SEO plugin. -->","yoast_head_json":{"title":"SDS MAX kalap\u00e1cs - PAKERY.PL","description":"Kalap\u00e1cs injekci\u00f3s l\u00e1ndzs\u00e1khoz | Injekci\u00f3s l\u00e1ndzs\u00e1k | SDS MAX r\u00f6gz\u00edt\u00e9s","robots":{"index":"index","follow":"follow","max-snippet":"max-snippet:-1","max-image-preview":"max-image-preview:large","max-video-preview":"max-video-preview:-1"},"canonical":"https:\/\/www.pakery.pl\/hu\/produkt\/sds-max-kalapacs\/","og_locale":"hu_HU","og_type":"article","og_title":"SDS MAX kalap\u00e1cs - PAKERY.PL","og_description":"Kalap\u00e1cs injekci\u00f3s l\u00e1ndzs\u00e1khoz | Injekci\u00f3s l\u00e1ndzs\u00e1k | SDS MAX r\u00f6gz\u00edt\u00e9s","og_url":"https:\/\/www.pakery.pl\/hu\/produkt\/sds-max-kalapacs\/","og_site_name":"PAKERY.PL","article_modified_time":"2021-08-09T16:07:03+00:00","og_image":[{"width":2500,"height":2500,"url":"https:\/\/www.pakery.pl\/wp-content\/uploads\/2021\/04\/JG-HAMMPOD-SDS-MAX.png","type":"image\/png"}],"twitter_card":"summary_large_image","schema":{"@context":"https:\/\/schema.org","@graph":[{"@type":"WebPage","@id":"https:\/\/www.pakery.pl\/hu\/produkt\/sds-max-kalapacs\/","url":"https:\/\/www.pakery.pl\/hu\/produkt\/sds-max-kalapacs\/","name":"SDS MAX kalap\u00e1cs - PAKERY.PL","isPartOf":{"@id":"https:\/\/www.pakery.pl\/hu\/#website"},"primaryImageOfPage":{"@id":"https:\/\/www.pakery.pl\/hu\/produkt\/sds-max-kalapacs\/#primaryimage"},"image":{"@id":"https:\/\/www.pakery.pl\/hu\/produkt\/sds-max-kalapacs\/#primaryimage"},"thumbnailUrl":"https:\/\/www.pakery.pl\/wp-content\/uploads\/2021\/04\/JG-HAMMPOD-SDS-MAX.png","datePublished":"2021-08-09T16:06:56+00:00","dateModified":"2021-08-09T16:07:03+00:00","description":"Kalap\u00e1cs injekci\u00f3s l\u00e1ndzs\u00e1khoz | Injekci\u00f3s l\u00e1ndzs\u00e1k | SDS MAX r\u00f6gz\u00edt\u00e9s","breadcrumb":{"@id":"https:\/\/www.pakery.pl\/hu\/produkt\/sds-max-kalapacs\/#breadcrumb"},"inLanguage":"hu","potentialAction":[{"@type":"ReadAction","target":["https:\/\/www.pakery.pl\/hu\/produkt\/sds-max-kalapacs\/"]}]},{"@type":"ImageObject","inLanguage":"hu","@id":"https:\/\/www.pakery.pl\/hu\/produkt\/sds-max-kalapacs\/#primaryimage","url":"https:\/\/www.pakery.pl\/wp-content\/uploads\/2021\/04\/JG-HAMMPOD-SDS-MAX.png","contentUrl":"https:\/\/www.pakery.pl\/wp-content\/uploads\/2021\/04\/JG-HAMMPOD-SDS-MAX.png","width":2500,"height":2500},{"@type":"BreadcrumbList","@id":"https:\/\/www.pakery.pl\/hu\/produkt\/sds-max-kalapacs\/#breadcrumb","itemListElement":[{"@type":"ListItem","position":1,"name":"Strona g\u0142\u00f3wna","item":"https:\/\/www.pakery.pl\/hu\/"},{"@type":"ListItem","position":2,"name":"Bolt","item":"https:\/\/www.pakery.pl\/hu\/bolt\/"},{"@type":"ListItem","position":3,"name":"SDS MAX kalap\u00e1cs"}]},{"@type":"WebSite","@id":"https:\/\/www.pakery.pl\/hu\/#website","url":"https:\/\/www.pakery.pl\/hu\/","name":"Pakery.pl","description":"Pakery iniekcyjne, Kotwy spiralne, Lance iniekcyjne, W\u0119\u017ce do iniekcji, Pompy iniekcyjne, Serwis pomp iniekcyjnych, Wynajem pomp do iniekcji","publisher":{"@id":"https:\/\/www.pakery.pl\/hu\/#organization"},"potentialAction":[{"@type":"SearchAction","target":{"@type":"EntryPoint","urlTemplate":"https:\/\/www.pakery.pl\/hu\/?s={search_term_string}"},"query-input":{"@type":"PropertyValueSpecification","valueRequired":true,"valueName":"search_term_string"}}],"inLanguage":"hu"},{"@type":"Organization","@id":"https:\/\/www.pakery.pl\/hu\/#organization","name":"PAKERY.PL","url":"https:\/\/www.pakery.pl\/hu\/","logo":{"@type":"ImageObject","inLanguage":"hu","@id":"https:\/\/www.pakery.pl\/hu\/#\/schema\/logo\/image\/","url":"https:\/\/www.pakery.pl\/wp-content\/uploads\/2021\/04\/cropped-PAKERY-LOGO.png","contentUrl":"https:\/\/www.pakery.pl\/wp-content\/uploads\/2021\/04\/cropped-PAKERY-LOGO.png","width":1529,"height":500,"caption":"PAKERY.PL"},"image":{"@id":"https:\/\/www.pakery.pl\/hu\/#\/schema\/logo\/image\/"}}]}},"_links":{"self":[{"href":"https:\/\/www.pakery.pl\/hu\/wp-json\/wp\/v2\/product\/9448","targetHints":{"allow":["GET"]}}],"collection":[{"href":"https:\/\/www.pakery.pl\/hu\/wp-json\/wp\/v2\/product"}],"about":[{"href":"https:\/\/www.pakery.pl\/hu\/wp-json\/wp\/v2\/types\/product"}],"version-history":[{"count":3,"href":"https:\/\/www.pakery.pl\/hu\/wp-json\/wp\/v2\/product\/9448\/revisions"}],"predecessor-version":[{"id":9452,"href":"https:\/\/www.pakery.pl\/hu\/wp-json\/wp\/v2\/product\/9448\/revisions\/9452"}],"wp:featuredmedia":[{"embeddable":true,"href":"https:\/\/www.pakery.pl\/hu\/wp-json\/wp\/v2\/media\/9449"}],"wp:attachment":[{"href":"https:\/\/www.pakery.pl\/hu\/wp-json\/wp\/v2\/media?parent=9448"}],"wp:term":[{"taxonomy":"product_brand","embeddable":true,"href":"https:\/\/www.pakery.pl\/hu\/wp-json\/wp\/v2\/product_brand?post=9448"},{"taxonomy":"product_cat","embeddable":true,"href":"https:\/\/www.pakery.pl\/hu\/wp-json\/wp\/v2\/product_cat?post=9448"},{"taxonomy":"product_tag","embeddable":true,"href":"https:\/\/www.pakery.pl\/hu\/wp-json\/wp\/v2\/product_tag?post=9448"}],"curies":[{"name":"wp","href":"https:\/\/api.w.org\/{rel}","templated":true}]}}