{"id":49312,"date":"2021-04-21T09:26:38","date_gmt":"2025-05-13T07:41:30","guid":{"rendered":"https:\/\/www.pakery.pl\/produkt\/napcsomagolo-pi-spx-13-110swg\/"},"modified":"2025-05-19T14:25:00","modified_gmt":"2025-05-19T12:25:00","slug":"paker-jednodniowy-pi-spx-13-110swg","status":"publish","type":"product","link":"https:\/\/www.pakery.pl\/hu\/produkt\/paker-jednodniowy-pi-spx-13-110swg\/","title":{"rendered":"Napcsomagol\u00f3 PI-SPX 13\/110swg"},"content":{"rendered":"\t\t<div data-elementor-type=\"product-post\" data-elementor-id=\"49312\" class=\"elementor elementor-49312 elementor-1881\" data-elementor-post-type=\"product\">\n\t\t\t\t\t\t<section class=\"elementor-section elementor-top-section elementor-element elementor-element-c52e51e elementor-section-full_width elementor-section-height-default elementor-section-height-default\" data-id=\"c52e51e\" data-element_type=\"section\" data-e-type=\"section\">\n\t\t\t\t\t\t<div class=\"elementor-container elementor-column-gap-default\">\n\t\t\t\t\t<div class=\"elementor-column elementor-col-100 elementor-top-column elementor-element elementor-element-762439c\" data-id=\"762439c\" data-element_type=\"column\" data-e-type=\"column\">\n\t\t\t<div class=\"elementor-widget-wrap elementor-element-populated\">\n\t\t\t\t\t\t<div class=\"elementor-element elementor-element-43abffc elementor-widget elementor-widget-text-editor\" data-id=\"43abffc\" data-element_type=\"widget\" data-e-type=\"widget\" data-widget_type=\"text-editor.default\">\n\t\t\t\t<div class=\"elementor-widget-container\">\n\t\t\t\t\t\t\t\t\t<p><span style=\"color: #000000;\"><strong>Egynapos injekci\u00f3s csomagol\u00f3k<\/strong> vagy k\u00e9t szelepes <strong>csomagol\u00f3k<\/strong>. Ezek lehet\u0151v\u00e9 teszik, hogy a befecskendez\u00e9s m\u00e9g aznap befejez\u0151dj\u00f6n, an\u00e9lk\u00fcl, hogy meg kellene v\u00e1rni a befecskendez\u0151 gyanta megk\u00f6t\u00e9s\u00e9t. <\/span><\/p>\n<p><span style=\"color: #000000;\">A befecskendez\u0151 pacer (t\u00e1gul\u00e1si gumi) alj\u00e1n van egy m\u00e1sodik szelep, \u00e9s egy szor\u00edt\u00f3gy\u0171r\u0171 a meneten. A befecskendez\u0151 t\u00f6ml\u0151testet a befecskendez\u00e9s ut\u00e1n azonnal elt\u00e1vol\u00edthatja, an\u00e9lk\u00fcl, hogy meg kellene v\u00e1rnia, am\u00edg a befecskendez\u0151 gyanta megkem\u00e9nyedik. <\/span><\/p>\n<p><em><span style=\"color: #000000;\">Ez k\u00fcl\u00f6n\u00f6sen akkor hasznos, ha nem k\u00f6lts\u00e9ghat\u00e9kony, hogy a befecskendez\u0151 csapat m\u00e1snap \u00e9rkezzen csak a csomagol\u00f3k elt\u00e1vol\u00edt\u00e1s\u00e1ra.<\/span><\/em><br><em><span style=\"color: #000000;\">A f\u00f6ldalatti gar\u00e1zsokban is, ahol a szok\u00e1sos injekci\u00f3s csomagol\u00f3k hagyt\u00e1k a bel\u00e9p\u0151 aut\u00f3k gumiabroncsait.<\/span><\/em><\/p>\t\t\t\t\t\t\t\t<\/div>\n\t\t\t\t<\/div>\n\t\t\t\t\t<\/div>\n\t\t<\/div>\n\t\t\t\t\t<\/div>\n\t\t<\/section>\n\t\t\t\t<\/div>\n\t\t","protected":false},"excerpt":{"rendered":"<p>Egynapos injekci\u00f3s csomagol\u00f3k vagy k\u00e9t szelepes csomagol\u00f3k. Ezek lehet\u0151v\u00e9 teszik, hogy a befecskendez\u00e9s m\u00e9g aznap befejez\u0151dj\u00f6n, an\u00e9lk\u00fcl, hogy meg kellene v\u00e1rni a befecskendez\u0151 gyanta megk\u00f6t\u00e9s\u00e9t. A befecskendez\u0151 pacer (t\u00e1gul\u00e1si gumi) alj\u00e1n van egy m\u00e1sodik szelep, \u00e9s egy szor\u00edt\u00f3gy\u0171r\u0171 a meneten. A befecskendez\u0151 t\u00f6ml\u0151testet a befecskendez\u00e9s ut\u00e1n azonnal elt\u00e1vol\u00edthatja, an\u00e9lk\u00fcl, hogy meg kellene v\u00e1rnia, am\u00edg a [&hellip;]<\/p>\n","protected":false},"featured_media":49244,"template":"","meta":{"_acf_changed":false},"product_brand":[],"product_cat":[374,2016],"product_tag":[],"class_list":{"0":"post-49312","1":"product","2":"type-product","3":"status-publish","4":"has-post-thumbnail","6":"product_cat-fem-csomagolo","7":"product_cat-injekcios-csomagolok-hu","9":"first","10":"instock","11":"taxable","12":"shipping-taxable","13":"purchasable","14":"product-type-simple"},"acf":[],"yoast_head":"<!-- This site is optimized with the Yoast SEO plugin v27.3 - https:\/\/yoast.com\/product\/yoast-seo-wordpress\/ -->\n<title>Injekci\u00f3s csomagol\u00f3 egynapos injekci\u00f3hoz PI-SPX 13\/110 - PAKERY.PL<\/title>\n<meta name=\"description\" content=\"Egynapos injekci\u00f3s csomagol\u00f3. Kiv\u00e9teles t\u00f6m\u00edtetts\u00e9g m\u00e9g nagyon magas nyom\u00e1son is. Regisztr\u00e1ljon a kalamitt\u00edpus kiv\u00e1laszt\u00e1s\u00e1hoz.\" \/>\n<meta name=\"robots\" content=\"index, follow, max-snippet:-1, max-image-preview:large, max-video-preview:-1\" \/>\n<link rel=\"canonical\" href=\"https:\/\/www.pakery.pl\/hu\/produkt\/paker-jednodniowy-pi-spx-13-110swg\/\" \/>\n<meta property=\"og:locale\" content=\"hu_HU\" \/>\n<meta property=\"og:type\" content=\"article\" \/>\n<meta property=\"og:title\" content=\"Injekci\u00f3s csomagol\u00f3 egynapos injekci\u00f3hoz PI-SPX 13\/110 - PAKERY.PL\" \/>\n<meta property=\"og:description\" content=\"Egynapos injekci\u00f3s csomagol\u00f3. Kiv\u00e9teles t\u00f6m\u00edtetts\u00e9g m\u00e9g nagyon magas nyom\u00e1son is. Regisztr\u00e1ljon a kalamitt\u00edpus kiv\u00e1laszt\u00e1s\u00e1hoz.\" \/>\n<meta property=\"og:url\" content=\"https:\/\/www.pakery.pl\/hu\/produkt\/paker-jednodniowy-pi-spx-13-110swg\/\" \/>\n<meta property=\"og:site_name\" content=\"PAKERY.PL\" \/>\n<meta property=\"article:modified_time\" content=\"2025-05-19T12:25:00+00:00\" \/>\n<meta property=\"og:image\" content=\"https:\/\/www.pakery.pl\/wp-content\/uploads\/2021\/04\/PI-SPX-13110e.png\" \/>\n\t<meta property=\"og:image:width\" content=\"2000\" \/>\n\t<meta property=\"og:image:height\" content=\"2000\" \/>\n\t<meta property=\"og:image:type\" content=\"image\/png\" \/>\n<meta name=\"twitter:card\" content=\"summary_large_image\" \/>\n<meta name=\"twitter:label1\" content=\"Becs\u00fclt olvas\u00e1si id\u0151\" \/>\n\t<meta name=\"twitter:data1\" content=\"1 perc\" \/>\n<script type=\"application\/ld+json\" class=\"yoast-schema-graph\">{\"@context\":\"https:\\\/\\\/schema.org\",\"@graph\":[{\"@type\":\"WebPage\",\"@id\":\"https:\\\/\\\/www.pakery.pl\\\/hu\\\/produkt\\\/paker-jednodniowy-pi-spx-13-110swg\\\/\",\"url\":\"https:\\\/\\\/www.pakery.pl\\\/hu\\\/produkt\\\/paker-jednodniowy-pi-spx-13-110swg\\\/\",\"name\":\"Injekci\u00f3s csomagol\u00f3 egynapos injekci\u00f3hoz PI-SPX 13\\\/110 - PAKERY.PL\",\"isPartOf\":{\"@id\":\"https:\\\/\\\/www.pakery.pl\\\/hu\\\/#website\"},\"primaryImageOfPage\":{\"@id\":\"https:\\\/\\\/www.pakery.pl\\\/hu\\\/produkt\\\/paker-jednodniowy-pi-spx-13-110swg\\\/#primaryimage\"},\"image\":{\"@id\":\"https:\\\/\\\/www.pakery.pl\\\/hu\\\/produkt\\\/paker-jednodniowy-pi-spx-13-110swg\\\/#primaryimage\"},\"thumbnailUrl\":\"https:\\\/\\\/www.pakery.pl\\\/wp-content\\\/uploads\\\/2021\\\/04\\\/PI-SPX-13110e.png\",\"datePublished\":\"2025-05-13T07:41:30+00:00\",\"dateModified\":\"2025-05-19T12:25:00+00:00\",\"description\":\"Egynapos injekci\u00f3s csomagol\u00f3. Kiv\u00e9teles t\u00f6m\u00edtetts\u00e9g m\u00e9g nagyon magas nyom\u00e1son is. Regisztr\u00e1ljon a kalamitt\u00edpus kiv\u00e1laszt\u00e1s\u00e1hoz.\",\"breadcrumb\":{\"@id\":\"https:\\\/\\\/www.pakery.pl\\\/hu\\\/produkt\\\/paker-jednodniowy-pi-spx-13-110swg\\\/#breadcrumb\"},\"inLanguage\":\"hu\",\"potentialAction\":[{\"@type\":\"ReadAction\",\"target\":[\"https:\\\/\\\/www.pakery.pl\\\/hu\\\/produkt\\\/paker-jednodniowy-pi-spx-13-110swg\\\/\"]}]},{\"@type\":\"ImageObject\",\"inLanguage\":\"hu\",\"@id\":\"https:\\\/\\\/www.pakery.pl\\\/hu\\\/produkt\\\/paker-jednodniowy-pi-spx-13-110swg\\\/#primaryimage\",\"url\":\"https:\\\/\\\/www.pakery.pl\\\/wp-content\\\/uploads\\\/2021\\\/04\\\/PI-SPX-13110e.png\",\"contentUrl\":\"https:\\\/\\\/www.pakery.pl\\\/wp-content\\\/uploads\\\/2021\\\/04\\\/PI-SPX-13110e.png\",\"width\":2000,\"height\":2000},{\"@type\":\"BreadcrumbList\",\"@id\":\"https:\\\/\\\/www.pakery.pl\\\/hu\\\/produkt\\\/paker-jednodniowy-pi-spx-13-110swg\\\/#breadcrumb\",\"itemListElement\":[{\"@type\":\"ListItem\",\"position\":1,\"name\":\"Strona g\u0142\u00f3wna\",\"item\":\"https:\\\/\\\/www.pakery.pl\\\/hu\\\/\"},{\"@type\":\"ListItem\",\"position\":2,\"name\":\"Bolt\",\"item\":\"https:\\\/\\\/www.pakery.pl\\\/hu\\\/bolt\\\/\"},{\"@type\":\"ListItem\",\"position\":3,\"name\":\"Napcsomagol\u00f3 PI-SPX 13\\\/110swg\"}]},{\"@type\":\"WebSite\",\"@id\":\"https:\\\/\\\/www.pakery.pl\\\/hu\\\/#website\",\"url\":\"https:\\\/\\\/www.pakery.pl\\\/hu\\\/\",\"name\":\"Pakery.pl\",\"description\":\"Pakery iniekcyjne, Kotwy spiralne, Lance iniekcyjne, W\u0119\u017ce do iniekcji, Pompy iniekcyjne, Serwis pomp iniekcyjnych, Wynajem pomp do iniekcji\",\"publisher\":{\"@id\":\"https:\\\/\\\/www.pakery.pl\\\/hu\\\/#organization\"},\"potentialAction\":[{\"@type\":\"SearchAction\",\"target\":{\"@type\":\"EntryPoint\",\"urlTemplate\":\"https:\\\/\\\/www.pakery.pl\\\/hu\\\/?s={search_term_string}\"},\"query-input\":{\"@type\":\"PropertyValueSpecification\",\"valueRequired\":true,\"valueName\":\"search_term_string\"}}],\"inLanguage\":\"hu\"},{\"@type\":\"Organization\",\"@id\":\"https:\\\/\\\/www.pakery.pl\\\/hu\\\/#organization\",\"name\":\"PAKERY.PL\",\"url\":\"https:\\\/\\\/www.pakery.pl\\\/hu\\\/\",\"logo\":{\"@type\":\"ImageObject\",\"inLanguage\":\"hu\",\"@id\":\"https:\\\/\\\/www.pakery.pl\\\/hu\\\/#\\\/schema\\\/logo\\\/image\\\/\",\"url\":\"https:\\\/\\\/www.pakery.pl\\\/wp-content\\\/uploads\\\/2021\\\/04\\\/cropped-PAKERY-LOGO.png\",\"contentUrl\":\"https:\\\/\\\/www.pakery.pl\\\/wp-content\\\/uploads\\\/2021\\\/04\\\/cropped-PAKERY-LOGO.png\",\"width\":1529,\"height\":500,\"caption\":\"PAKERY.PL\"},\"image\":{\"@id\":\"https:\\\/\\\/www.pakery.pl\\\/hu\\\/#\\\/schema\\\/logo\\\/image\\\/\"}}]}<\/script>\n<!-- \/ Yoast SEO plugin. -->","yoast_head_json":{"title":"Injekci\u00f3s csomagol\u00f3 egynapos injekci\u00f3hoz PI-SPX 13\/110 - PAKERY.PL","description":"Egynapos injekci\u00f3s csomagol\u00f3. Kiv\u00e9teles t\u00f6m\u00edtetts\u00e9g m\u00e9g nagyon magas nyom\u00e1son is. Regisztr\u00e1ljon a kalamitt\u00edpus kiv\u00e1laszt\u00e1s\u00e1hoz.","robots":{"index":"index","follow":"follow","max-snippet":"max-snippet:-1","max-image-preview":"max-image-preview:large","max-video-preview":"max-video-preview:-1"},"canonical":"https:\/\/www.pakery.pl\/hu\/produkt\/paker-jednodniowy-pi-spx-13-110swg\/","og_locale":"hu_HU","og_type":"article","og_title":"Injekci\u00f3s csomagol\u00f3 egynapos injekci\u00f3hoz PI-SPX 13\/110 - PAKERY.PL","og_description":"Egynapos injekci\u00f3s csomagol\u00f3. Kiv\u00e9teles t\u00f6m\u00edtetts\u00e9g m\u00e9g nagyon magas nyom\u00e1son is. Regisztr\u00e1ljon a kalamitt\u00edpus kiv\u00e1laszt\u00e1s\u00e1hoz.","og_url":"https:\/\/www.pakery.pl\/hu\/produkt\/paker-jednodniowy-pi-spx-13-110swg\/","og_site_name":"PAKERY.PL","article_modified_time":"2025-05-19T12:25:00+00:00","og_image":[{"width":2000,"height":2000,"url":"https:\/\/www.pakery.pl\/wp-content\/uploads\/2021\/04\/PI-SPX-13110e.png","type":"image\/png"}],"twitter_card":"summary_large_image","twitter_misc":{"Becs\u00fclt olvas\u00e1si id\u0151":"1 perc"},"schema":{"@context":"https:\/\/schema.org","@graph":[{"@type":"WebPage","@id":"https:\/\/www.pakery.pl\/hu\/produkt\/paker-jednodniowy-pi-spx-13-110swg\/","url":"https:\/\/www.pakery.pl\/hu\/produkt\/paker-jednodniowy-pi-spx-13-110swg\/","name":"Injekci\u00f3s csomagol\u00f3 egynapos injekci\u00f3hoz PI-SPX 13\/110 - PAKERY.PL","isPartOf":{"@id":"https:\/\/www.pakery.pl\/hu\/#website"},"primaryImageOfPage":{"@id":"https:\/\/www.pakery.pl\/hu\/produkt\/paker-jednodniowy-pi-spx-13-110swg\/#primaryimage"},"image":{"@id":"https:\/\/www.pakery.pl\/hu\/produkt\/paker-jednodniowy-pi-spx-13-110swg\/#primaryimage"},"thumbnailUrl":"https:\/\/www.pakery.pl\/wp-content\/uploads\/2021\/04\/PI-SPX-13110e.png","datePublished":"2025-05-13T07:41:30+00:00","dateModified":"2025-05-19T12:25:00+00:00","description":"Egynapos injekci\u00f3s csomagol\u00f3. Kiv\u00e9teles t\u00f6m\u00edtetts\u00e9g m\u00e9g nagyon magas nyom\u00e1son is. Regisztr\u00e1ljon a kalamitt\u00edpus kiv\u00e1laszt\u00e1s\u00e1hoz.","breadcrumb":{"@id":"https:\/\/www.pakery.pl\/hu\/produkt\/paker-jednodniowy-pi-spx-13-110swg\/#breadcrumb"},"inLanguage":"hu","potentialAction":[{"@type":"ReadAction","target":["https:\/\/www.pakery.pl\/hu\/produkt\/paker-jednodniowy-pi-spx-13-110swg\/"]}]},{"@type":"ImageObject","inLanguage":"hu","@id":"https:\/\/www.pakery.pl\/hu\/produkt\/paker-jednodniowy-pi-spx-13-110swg\/#primaryimage","url":"https:\/\/www.pakery.pl\/wp-content\/uploads\/2021\/04\/PI-SPX-13110e.png","contentUrl":"https:\/\/www.pakery.pl\/wp-content\/uploads\/2021\/04\/PI-SPX-13110e.png","width":2000,"height":2000},{"@type":"BreadcrumbList","@id":"https:\/\/www.pakery.pl\/hu\/produkt\/paker-jednodniowy-pi-spx-13-110swg\/#breadcrumb","itemListElement":[{"@type":"ListItem","position":1,"name":"Strona g\u0142\u00f3wna","item":"https:\/\/www.pakery.pl\/hu\/"},{"@type":"ListItem","position":2,"name":"Bolt","item":"https:\/\/www.pakery.pl\/hu\/bolt\/"},{"@type":"ListItem","position":3,"name":"Napcsomagol\u00f3 PI-SPX 13\/110swg"}]},{"@type":"WebSite","@id":"https:\/\/www.pakery.pl\/hu\/#website","url":"https:\/\/www.pakery.pl\/hu\/","name":"Pakery.pl","description":"Pakery iniekcyjne, Kotwy spiralne, Lance iniekcyjne, W\u0119\u017ce do iniekcji, Pompy iniekcyjne, Serwis pomp iniekcyjnych, Wynajem pomp do iniekcji","publisher":{"@id":"https:\/\/www.pakery.pl\/hu\/#organization"},"potentialAction":[{"@type":"SearchAction","target":{"@type":"EntryPoint","urlTemplate":"https:\/\/www.pakery.pl\/hu\/?s={search_term_string}"},"query-input":{"@type":"PropertyValueSpecification","valueRequired":true,"valueName":"search_term_string"}}],"inLanguage":"hu"},{"@type":"Organization","@id":"https:\/\/www.pakery.pl\/hu\/#organization","name":"PAKERY.PL","url":"https:\/\/www.pakery.pl\/hu\/","logo":{"@type":"ImageObject","inLanguage":"hu","@id":"https:\/\/www.pakery.pl\/hu\/#\/schema\/logo\/image\/","url":"https:\/\/www.pakery.pl\/wp-content\/uploads\/2021\/04\/cropped-PAKERY-LOGO.png","contentUrl":"https:\/\/www.pakery.pl\/wp-content\/uploads\/2021\/04\/cropped-PAKERY-LOGO.png","width":1529,"height":500,"caption":"PAKERY.PL"},"image":{"@id":"https:\/\/www.pakery.pl\/hu\/#\/schema\/logo\/image\/"}}]}},"_links":{"self":[{"href":"https:\/\/www.pakery.pl\/hu\/wp-json\/wp\/v2\/product\/49312","targetHints":{"allow":["GET"]}}],"collection":[{"href":"https:\/\/www.pakery.pl\/hu\/wp-json\/wp\/v2\/product"}],"about":[{"href":"https:\/\/www.pakery.pl\/hu\/wp-json\/wp\/v2\/types\/product"}],"version-history":[{"count":1,"href":"https:\/\/www.pakery.pl\/hu\/wp-json\/wp\/v2\/product\/49312\/revisions"}],"predecessor-version":[{"id":49314,"href":"https:\/\/www.pakery.pl\/hu\/wp-json\/wp\/v2\/product\/49312\/revisions\/49314"}],"wp:featuredmedia":[{"embeddable":true,"href":"https:\/\/www.pakery.pl\/hu\/wp-json\/wp\/v2\/media\/49244"}],"wp:attachment":[{"href":"https:\/\/www.pakery.pl\/hu\/wp-json\/wp\/v2\/media?parent=49312"}],"wp:term":[{"taxonomy":"product_brand","embeddable":true,"href":"https:\/\/www.pakery.pl\/hu\/wp-json\/wp\/v2\/product_brand?post=49312"},{"taxonomy":"product_cat","embeddable":true,"href":"https:\/\/www.pakery.pl\/hu\/wp-json\/wp\/v2\/product_cat?post=49312"},{"taxonomy":"product_tag","embeddable":true,"href":"https:\/\/www.pakery.pl\/hu\/wp-json\/wp\/v2\/product_tag?post=49312"}],"curies":[{"name":"wp","href":"https:\/\/api.w.org\/{rel}","templated":true}]}}