{"id":44779,"date":"2023-04-19T15:29:40","date_gmt":"2023-04-19T14:33:01","guid":{"rendered":"https:\/\/www.pakery.pl\/produkt\/csavaros-szivattyu\/"},"modified":"2023-04-19T16:33:01","modified_gmt":"2023-04-19T14:33:01","slug":"pump-do-tejszinhab-szuszpenzios-fuga","status":"publish","type":"product","link":"https:\/\/www.pakery.pl\/hu\/produkt\/pump-do-tejszinhab-szuszpenzios-fuga\/","title":{"rendered":"Csavaros szivatty\u00fa"},"content":{"rendered":"","protected":false},"excerpt":{"rendered":"","protected":false},"featured_media":44728,"template":"","meta":{"_acf_changed":false},"product_brand":[],"product_cat":[378,381,383],"product_tag":[],"class_list":{"0":"post-44779","1":"product","2":"type-product","3":"status-publish","4":"has-post-thumbnail","6":"product_cat-befecskendezo-szivattyuk","7":"product_cat-mechanikus-szivattyuk","8":"product_cat-spiralis-horgonyok","10":"first","11":"instock","12":"taxable","13":"shipping-taxable","14":"product-type-simple"},"acf":[],"yoast_head":"<!-- This site is optimized with the Yoast SEO plugin v27.3 - https:\/\/yoast.com\/product\/yoast-seo-wordpress\/ -->\n<title>Csavaros szivatty\u00fa - PAKERY.PL<\/title>\n<meta name=\"description\" content=\"Csavaros szivatty\u00fa kr\u00e9mekhez, szuszpenzi\u00f3khoz, injekt\u00e1l\u00f3szerekhez | injekt\u00e1l\u00f3 kr\u00e9m | injekt\u00e1l\u00f3szerek | v\u00edzszigetel\u00e9s | \u00e9p\u00edt\u0151ipari injekci\u00f3khoz\" \/>\n<meta name=\"robots\" content=\"index, follow, max-snippet:-1, max-image-preview:large, max-video-preview:-1\" \/>\n<link rel=\"canonical\" href=\"https:\/\/www.pakery.pl\/hu\/produkt\/pump-do-tejszinhab-szuszpenzios-fuga\/\" \/>\n<meta property=\"og:locale\" content=\"hu_HU\" \/>\n<meta property=\"og:type\" content=\"article\" \/>\n<meta property=\"og:title\" content=\"Csavaros szivatty\u00fa - PAKERY.PL\" \/>\n<meta property=\"og:description\" content=\"Csavaros szivatty\u00fa kr\u00e9mekhez, szuszpenzi\u00f3khoz, injekt\u00e1l\u00f3szerekhez | injekt\u00e1l\u00f3 kr\u00e9m | injekt\u00e1l\u00f3szerek | v\u00edzszigetel\u00e9s | \u00e9p\u00edt\u0151ipari injekci\u00f3khoz\" \/>\n<meta property=\"og:url\" content=\"https:\/\/www.pakery.pl\/hu\/produkt\/pump-do-tejszinhab-szuszpenzios-fuga\/\" \/>\n<meta property=\"og:site_name\" content=\"PAKERY.PL\" \/>\n<meta property=\"og:image\" content=\"https:\/\/www.pakery.pl\/wp-content\/uploads\/2023\/04\/PIstolet-Pakerty-GroutGo-1024x1024.png\" \/>\n\t<meta property=\"og:image:width\" content=\"1024\" \/>\n\t<meta property=\"og:image:height\" content=\"1024\" \/>\n\t<meta property=\"og:image:type\" content=\"image\/png\" \/>\n<meta name=\"twitter:card\" content=\"summary_large_image\" \/>\n<script type=\"application\/ld+json\" class=\"yoast-schema-graph\">{\"@context\":\"https:\\\/\\\/schema.org\",\"@graph\":[{\"@type\":\"WebPage\",\"@id\":\"https:\\\/\\\/www.pakery.pl\\\/hu\\\/produkt\\\/pump-do-tejszinhab-szuszpenzios-fuga\\\/\",\"url\":\"https:\\\/\\\/www.pakery.pl\\\/hu\\\/produkt\\\/pump-do-tejszinhab-szuszpenzios-fuga\\\/\",\"name\":\"Csavaros szivatty\u00fa - PAKERY.PL\",\"isPartOf\":{\"@id\":\"https:\\\/\\\/www.pakery.pl\\\/hu\\\/#website\"},\"primaryImageOfPage\":{\"@id\":\"https:\\\/\\\/www.pakery.pl\\\/hu\\\/produkt\\\/pump-do-tejszinhab-szuszpenzios-fuga\\\/#primaryimage\"},\"image\":{\"@id\":\"https:\\\/\\\/www.pakery.pl\\\/hu\\\/produkt\\\/pump-do-tejszinhab-szuszpenzios-fuga\\\/#primaryimage\"},\"thumbnailUrl\":\"https:\\\/\\\/www.pakery.pl\\\/wp-content\\\/uploads\\\/2023\\\/04\\\/PIstolet-Pakerty-GroutGo.png\",\"datePublished\":\"2023-04-19T14:33:01+00:00\",\"description\":\"Csavaros szivatty\u00fa kr\u00e9mekhez, szuszpenzi\u00f3khoz, injekt\u00e1l\u00f3szerekhez | injekt\u00e1l\u00f3 kr\u00e9m | injekt\u00e1l\u00f3szerek | v\u00edzszigetel\u00e9s | \u00e9p\u00edt\u0151ipari injekci\u00f3khoz\",\"breadcrumb\":{\"@id\":\"https:\\\/\\\/www.pakery.pl\\\/hu\\\/produkt\\\/pump-do-tejszinhab-szuszpenzios-fuga\\\/#breadcrumb\"},\"inLanguage\":\"hu\",\"potentialAction\":[{\"@type\":\"ReadAction\",\"target\":[\"https:\\\/\\\/www.pakery.pl\\\/hu\\\/produkt\\\/pump-do-tejszinhab-szuszpenzios-fuga\\\/\"]}]},{\"@type\":\"ImageObject\",\"inLanguage\":\"hu\",\"@id\":\"https:\\\/\\\/www.pakery.pl\\\/hu\\\/produkt\\\/pump-do-tejszinhab-szuszpenzios-fuga\\\/#primaryimage\",\"url\":\"https:\\\/\\\/www.pakery.pl\\\/wp-content\\\/uploads\\\/2023\\\/04\\\/PIstolet-Pakerty-GroutGo.png\",\"contentUrl\":\"https:\\\/\\\/www.pakery.pl\\\/wp-content\\\/uploads\\\/2023\\\/04\\\/PIstolet-Pakerty-GroutGo.png\",\"width\":4000,\"height\":4000},{\"@type\":\"BreadcrumbList\",\"@id\":\"https:\\\/\\\/www.pakery.pl\\\/hu\\\/produkt\\\/pump-do-tejszinhab-szuszpenzios-fuga\\\/#breadcrumb\",\"itemListElement\":[{\"@type\":\"ListItem\",\"position\":1,\"name\":\"Strona g\u0142\u00f3wna\",\"item\":\"https:\\\/\\\/www.pakery.pl\\\/hu\\\/\"},{\"@type\":\"ListItem\",\"position\":2,\"name\":\"Bolt\",\"item\":\"https:\\\/\\\/www.pakery.pl\\\/hu\\\/bolt\\\/\"},{\"@type\":\"ListItem\",\"position\":3,\"name\":\"Csavaros szivatty\u00fa\"}]},{\"@type\":\"WebSite\",\"@id\":\"https:\\\/\\\/www.pakery.pl\\\/hu\\\/#website\",\"url\":\"https:\\\/\\\/www.pakery.pl\\\/hu\\\/\",\"name\":\"Pakery.pl\",\"description\":\"Pakery iniekcyjne, Kotwy spiralne, Lance iniekcyjne, W\u0119\u017ce do iniekcji, Pompy iniekcyjne, Serwis pomp iniekcyjnych, Wynajem pomp do iniekcji\",\"publisher\":{\"@id\":\"https:\\\/\\\/www.pakery.pl\\\/hu\\\/#organization\"},\"potentialAction\":[{\"@type\":\"SearchAction\",\"target\":{\"@type\":\"EntryPoint\",\"urlTemplate\":\"https:\\\/\\\/www.pakery.pl\\\/hu\\\/?s={search_term_string}\"},\"query-input\":{\"@type\":\"PropertyValueSpecification\",\"valueRequired\":true,\"valueName\":\"search_term_string\"}}],\"inLanguage\":\"hu\"},{\"@type\":\"Organization\",\"@id\":\"https:\\\/\\\/www.pakery.pl\\\/hu\\\/#organization\",\"name\":\"PAKERY.PL\",\"url\":\"https:\\\/\\\/www.pakery.pl\\\/hu\\\/\",\"logo\":{\"@type\":\"ImageObject\",\"inLanguage\":\"hu\",\"@id\":\"https:\\\/\\\/www.pakery.pl\\\/hu\\\/#\\\/schema\\\/logo\\\/image\\\/\",\"url\":\"https:\\\/\\\/www.pakery.pl\\\/wp-content\\\/uploads\\\/2021\\\/04\\\/cropped-PAKERY-LOGO.png\",\"contentUrl\":\"https:\\\/\\\/www.pakery.pl\\\/wp-content\\\/uploads\\\/2021\\\/04\\\/cropped-PAKERY-LOGO.png\",\"width\":1529,\"height\":500,\"caption\":\"PAKERY.PL\"},\"image\":{\"@id\":\"https:\\\/\\\/www.pakery.pl\\\/hu\\\/#\\\/schema\\\/logo\\\/image\\\/\"}}]}<\/script>\n<!-- \/ Yoast SEO plugin. -->","yoast_head_json":{"title":"Csavaros szivatty\u00fa - PAKERY.PL","description":"Csavaros szivatty\u00fa kr\u00e9mekhez, szuszpenzi\u00f3khoz, injekt\u00e1l\u00f3szerekhez | injekt\u00e1l\u00f3 kr\u00e9m | injekt\u00e1l\u00f3szerek | v\u00edzszigetel\u00e9s | \u00e9p\u00edt\u0151ipari injekci\u00f3khoz","robots":{"index":"index","follow":"follow","max-snippet":"max-snippet:-1","max-image-preview":"max-image-preview:large","max-video-preview":"max-video-preview:-1"},"canonical":"https:\/\/www.pakery.pl\/hu\/produkt\/pump-do-tejszinhab-szuszpenzios-fuga\/","og_locale":"hu_HU","og_type":"article","og_title":"Csavaros szivatty\u00fa - PAKERY.PL","og_description":"Csavaros szivatty\u00fa kr\u00e9mekhez, szuszpenzi\u00f3khoz, injekt\u00e1l\u00f3szerekhez | injekt\u00e1l\u00f3 kr\u00e9m | injekt\u00e1l\u00f3szerek | v\u00edzszigetel\u00e9s | \u00e9p\u00edt\u0151ipari injekci\u00f3khoz","og_url":"https:\/\/www.pakery.pl\/hu\/produkt\/pump-do-tejszinhab-szuszpenzios-fuga\/","og_site_name":"PAKERY.PL","og_image":[{"width":1024,"height":1024,"url":"https:\/\/www.pakery.pl\/wp-content\/uploads\/2023\/04\/PIstolet-Pakerty-GroutGo-1024x1024.png","type":"image\/png"}],"twitter_card":"summary_large_image","schema":{"@context":"https:\/\/schema.org","@graph":[{"@type":"WebPage","@id":"https:\/\/www.pakery.pl\/hu\/produkt\/pump-do-tejszinhab-szuszpenzios-fuga\/","url":"https:\/\/www.pakery.pl\/hu\/produkt\/pump-do-tejszinhab-szuszpenzios-fuga\/","name":"Csavaros szivatty\u00fa - PAKERY.PL","isPartOf":{"@id":"https:\/\/www.pakery.pl\/hu\/#website"},"primaryImageOfPage":{"@id":"https:\/\/www.pakery.pl\/hu\/produkt\/pump-do-tejszinhab-szuszpenzios-fuga\/#primaryimage"},"image":{"@id":"https:\/\/www.pakery.pl\/hu\/produkt\/pump-do-tejszinhab-szuszpenzios-fuga\/#primaryimage"},"thumbnailUrl":"https:\/\/www.pakery.pl\/wp-content\/uploads\/2023\/04\/PIstolet-Pakerty-GroutGo.png","datePublished":"2023-04-19T14:33:01+00:00","description":"Csavaros szivatty\u00fa kr\u00e9mekhez, szuszpenzi\u00f3khoz, injekt\u00e1l\u00f3szerekhez | injekt\u00e1l\u00f3 kr\u00e9m | injekt\u00e1l\u00f3szerek | v\u00edzszigetel\u00e9s | \u00e9p\u00edt\u0151ipari injekci\u00f3khoz","breadcrumb":{"@id":"https:\/\/www.pakery.pl\/hu\/produkt\/pump-do-tejszinhab-szuszpenzios-fuga\/#breadcrumb"},"inLanguage":"hu","potentialAction":[{"@type":"ReadAction","target":["https:\/\/www.pakery.pl\/hu\/produkt\/pump-do-tejszinhab-szuszpenzios-fuga\/"]}]},{"@type":"ImageObject","inLanguage":"hu","@id":"https:\/\/www.pakery.pl\/hu\/produkt\/pump-do-tejszinhab-szuszpenzios-fuga\/#primaryimage","url":"https:\/\/www.pakery.pl\/wp-content\/uploads\/2023\/04\/PIstolet-Pakerty-GroutGo.png","contentUrl":"https:\/\/www.pakery.pl\/wp-content\/uploads\/2023\/04\/PIstolet-Pakerty-GroutGo.png","width":4000,"height":4000},{"@type":"BreadcrumbList","@id":"https:\/\/www.pakery.pl\/hu\/produkt\/pump-do-tejszinhab-szuszpenzios-fuga\/#breadcrumb","itemListElement":[{"@type":"ListItem","position":1,"name":"Strona g\u0142\u00f3wna","item":"https:\/\/www.pakery.pl\/hu\/"},{"@type":"ListItem","position":2,"name":"Bolt","item":"https:\/\/www.pakery.pl\/hu\/bolt\/"},{"@type":"ListItem","position":3,"name":"Csavaros szivatty\u00fa"}]},{"@type":"WebSite","@id":"https:\/\/www.pakery.pl\/hu\/#website","url":"https:\/\/www.pakery.pl\/hu\/","name":"Pakery.pl","description":"Pakery iniekcyjne, Kotwy spiralne, Lance iniekcyjne, W\u0119\u017ce do iniekcji, Pompy iniekcyjne, Serwis pomp iniekcyjnych, Wynajem pomp do iniekcji","publisher":{"@id":"https:\/\/www.pakery.pl\/hu\/#organization"},"potentialAction":[{"@type":"SearchAction","target":{"@type":"EntryPoint","urlTemplate":"https:\/\/www.pakery.pl\/hu\/?s={search_term_string}"},"query-input":{"@type":"PropertyValueSpecification","valueRequired":true,"valueName":"search_term_string"}}],"inLanguage":"hu"},{"@type":"Organization","@id":"https:\/\/www.pakery.pl\/hu\/#organization","name":"PAKERY.PL","url":"https:\/\/www.pakery.pl\/hu\/","logo":{"@type":"ImageObject","inLanguage":"hu","@id":"https:\/\/www.pakery.pl\/hu\/#\/schema\/logo\/image\/","url":"https:\/\/www.pakery.pl\/wp-content\/uploads\/2021\/04\/cropped-PAKERY-LOGO.png","contentUrl":"https:\/\/www.pakery.pl\/wp-content\/uploads\/2021\/04\/cropped-PAKERY-LOGO.png","width":1529,"height":500,"caption":"PAKERY.PL"},"image":{"@id":"https:\/\/www.pakery.pl\/hu\/#\/schema\/logo\/image\/"}}]}},"_links":{"self":[{"href":"https:\/\/www.pakery.pl\/hu\/wp-json\/wp\/v2\/product\/44779","targetHints":{"allow":["GET"]}}],"collection":[{"href":"https:\/\/www.pakery.pl\/hu\/wp-json\/wp\/v2\/product"}],"about":[{"href":"https:\/\/www.pakery.pl\/hu\/wp-json\/wp\/v2\/types\/product"}],"version-history":[{"count":0,"href":"https:\/\/www.pakery.pl\/hu\/wp-json\/wp\/v2\/product\/44779\/revisions"}],"wp:featuredmedia":[{"embeddable":true,"href":"https:\/\/www.pakery.pl\/hu\/wp-json\/wp\/v2\/media\/44728"}],"wp:attachment":[{"href":"https:\/\/www.pakery.pl\/hu\/wp-json\/wp\/v2\/media?parent=44779"}],"wp:term":[{"taxonomy":"product_brand","embeddable":true,"href":"https:\/\/www.pakery.pl\/hu\/wp-json\/wp\/v2\/product_brand?post=44779"},{"taxonomy":"product_cat","embeddable":true,"href":"https:\/\/www.pakery.pl\/hu\/wp-json\/wp\/v2\/product_cat?post=44779"},{"taxonomy":"product_tag","embeddable":true,"href":"https:\/\/www.pakery.pl\/hu\/wp-json\/wp\/v2\/product_tag?post=44779"}],"curies":[{"name":"wp","href":"https:\/\/api.w.org\/{rel}","templated":true}]}}