{"id":44228,"date":"2022-04-08T12:38:28","date_gmt":"2023-04-06T08:31:23","guid":{"rendered":"https:\/\/www.pakery.pl\/produkt\/waterstopper-injekcios-hab\/"},"modified":"2023-04-06T10:31:28","modified_gmt":"2023-04-06T08:31:28","slug":"waterstopper-injekcios-hab","status":"publish","type":"product","link":"https:\/\/www.pakery.pl\/hu\/produkt\/waterstopper-injekcios-hab\/","title":{"rendered":"WaterStopper injekci\u00f3s hab"},"content":{"rendered":"\t\t<div data-elementor-type=\"product-post\" data-elementor-id=\"44228\" class=\"elementor elementor-44228 elementor-41138\" data-elementor-post-type=\"product\">\n\t\t\t\t\t\t<section class=\"elementor-section elementor-top-section elementor-element elementor-element-923b001 elementor-section-boxed elementor-section-height-default elementor-section-height-default\" data-id=\"923b001\" data-element_type=\"section\" data-e-type=\"section\">\n\t\t\t\t\t\t<div class=\"elementor-container elementor-column-gap-default\">\n\t\t\t\t\t<div class=\"elementor-column elementor-col-100 elementor-top-column elementor-element elementor-element-181d783\" data-id=\"181d783\" data-element_type=\"column\" data-e-type=\"column\">\n\t\t\t<div class=\"elementor-widget-wrap elementor-element-populated\">\n\t\t\t\t\t\t<div class=\"elementor-element elementor-element-c580e83 elementor-widget elementor-widget-text-editor\" data-id=\"c580e83\" data-element_type=\"widget\" data-e-type=\"widget\" data-widget_type=\"text-editor.default\">\n\t\t\t\t<div class=\"elementor-widget-container\">\n\t\t\t\t\t\t\t\t\t<section data-id=\"cc6f8dc\" data-element_type=\"section\">\n<div>\n<div>\n<div data-id=\"06fa206\" data-element_type=\"column\">\n<div>\n<div>\n<div data-id=\"0efdb52\" data-element_type=\"widget\" data-widget_type=\"image.default\">\n<div>\n<div><span style=\"color: #000000;\"><img fetchpriority=\"high\" decoding=\"async\" style=\"font-size: 1rem;\" src=\"https:\/\/www.iniekcjebudowlane.pl\/wp-content\/uploads\/2022\/05\/Zrzut-ekranu-2022-05-17-o-15.47.54.png\" sizes=\"(max-width: 953px) 100vw, 953px\" srcset=\"https:\/\/www.iniekcjebudowlane.pl\/wp-content\/uploads\/2022\/05\/Zrzut-ekranu-2022-05-17-o-15.47.54.png 953w, https:\/\/www.iniekcjebudowlane.pl\/wp-content\/uploads\/2022\/05\/Zrzut-ekranu-2022-05-17-o-15.47.54-300x77.png 300w, https:\/\/www.iniekcjebudowlane.pl\/wp-content\/uploads\/2022\/05\/Zrzut-ekranu-2022-05-17-o-15.47.54-768x197.png 768w, https:\/\/www.iniekcjebudowlane.pl\/wp-content\/uploads\/2022\/05\/Zrzut-ekranu-2022-05-17-o-15.47.54-683x175.png 683w, https:\/\/www.iniekcjebudowlane.pl\/wp-content\/uploads\/2022\/05\/Zrzut-ekranu-2022-05-17-o-15.47.54-602x154.png 602w\" alt=\"\" width=\"953\" height=\"244\" data-src=\"https:\/\/www.iniekcjebudowlane.pl\/wp-content\/uploads\/2022\/05\/Zrzut-ekranu-2022-05-17-o-15.47.54.png\" data-srcset=\"https:\/\/www.iniekcjebudowlane.pl\/wp-content\/uploads\/2022\/05\/Zrzut-ekranu-2022-05-17-o-15.47.54.png 953w, https:\/\/www.iniekcjebudowlane.pl\/wp-content\/uploads\/2022\/05\/Zrzut-ekranu-2022-05-17-o-15.47.54-300x77.png 300w, https:\/\/www.iniekcjebudowlane.pl\/wp-content\/uploads\/2022\/05\/Zrzut-ekranu-2022-05-17-o-15.47.54-768x197.png 768w, https:\/\/www.iniekcjebudowlane.pl\/wp-content\/uploads\/2022\/05\/Zrzut-ekranu-2022-05-17-o-15.47.54-683x175.png 683w, https:\/\/www.iniekcjebudowlane.pl\/wp-content\/uploads\/2022\/05\/Zrzut-ekranu-2022-05-17-o-15.47.54-602x154.png 602w\" data-sizes=\"(max-width: 953px) 100vw, 953px\"><\/span><\/div>\n<\/div>\n<\/div>\n<\/div>\n<\/div>\n<\/div>\n<\/div>\n<\/div>\n<\/section>\n<section data-id=\"3a8ca45\" data-element_type=\"section\">\n<div data-id=\"322903a\" data-element_type=\"column\">\n<div data-id=\"49f80af\" data-element_type=\"widget\" data-widget_type=\"text-editor.default\">\n<section data-id=\"3a8ca45\" data-element_type=\"section\">\n<div>\n<div>\n<div data-id=\"322903a\" data-element_type=\"column\">\n<div>\n<div>\n<div data-id=\"49f80af\" data-element_type=\"widget\" data-widget_type=\"text-editor.default\">\n<div>\n<div>\n<p><span style=\"color: #000000;\">A <b>WaterStopper<\/b> egykomponens\u0171, alacsony viszkozit\u00e1s\u00fa gyanta, amelyet reped\u00e9sek, nagy r\u00e9sek vagy v\u00edzsziv\u00e1rg\u00e1sok t\u00f6m\u00edt\u00e9s\u00e9re haszn\u00e1lnak nagy nyom\u00e1s vagy \u00e1raml\u00e1s mellett.<\/span><\/p>\n<\/div>\n<\/div>\n<\/div>\n<\/div>\n<\/div>\n<\/div>\n<\/div>\n<\/div>\n<\/section>\n<\/div>\n<\/div>\n<\/section>\n\t\t\t\t\t\t\t\t<\/div>\n\t\t\t\t<\/div>\n\t\t\t\t\t<\/div>\n\t\t<\/div>\n\t\t\t\t\t<\/div>\n\t\t<\/section>\n\t\t\t\t<section class=\"elementor-section elementor-top-section elementor-element elementor-element-d1587ee elementor-section-boxed elementor-section-height-default elementor-section-height-default\" data-id=\"d1587ee\" data-element_type=\"section\" data-e-type=\"section\">\n\t\t\t\t\t\t<div class=\"elementor-container elementor-column-gap-default\">\n\t\t\t\t\t<div class=\"elementor-column elementor-col-50 elementor-top-column elementor-element elementor-element-737b71a\" data-id=\"737b71a\" data-element_type=\"column\" data-e-type=\"column\">\n\t\t\t<div class=\"elementor-widget-wrap elementor-element-populated\">\n\t\t\t\t\t\t<div class=\"elementor-element elementor-element-2362824 elementor-widget elementor-widget-text-editor\" data-id=\"2362824\" data-element_type=\"widget\" data-e-type=\"widget\" data-widget_type=\"text-editor.default\">\n\t\t\t\t<div class=\"elementor-widget-container\">\n\t\t\t\t\t\t\t\t\t<p><span style=\"caret-color: #000000; color: #14408a; font-family: ArialNarrow; font-size: 18.66666603088379px; font-weight: bold;\">Alkalmaz\u00e1si ter\u00fcletek<\/span><\/p>\n\t\t\t\t\t\t\t\t<\/div>\n\t\t\t\t<\/div>\n\t\t\t\t\t<\/div>\n\t\t<\/div>\n\t\t\t\t<div class=\"elementor-column elementor-col-50 elementor-top-column elementor-element elementor-element-1043400\" data-id=\"1043400\" data-element_type=\"column\" data-e-type=\"column\">\n\t\t\t<div class=\"elementor-widget-wrap\">\n\t\t\t\t\t\t\t<\/div>\n\t\t<\/div>\n\t\t\t\t\t<\/div>\n\t\t<\/section>\n\t\t\t\t<section class=\"elementor-section elementor-top-section elementor-element elementor-element-127dff7 elementor-section-boxed elementor-section-height-default elementor-section-height-default\" data-id=\"127dff7\" data-element_type=\"section\" data-e-type=\"section\">\n\t\t\t\t\t\t<div class=\"elementor-container elementor-column-gap-default\">\n\t\t\t\t\t<div class=\"elementor-column elementor-col-50 elementor-top-column elementor-element elementor-element-68d2654\" data-id=\"68d2654\" data-element_type=\"column\" data-e-type=\"column\">\n\t\t\t<div class=\"elementor-widget-wrap elementor-element-populated\">\n\t\t\t\t\t\t<div class=\"elementor-element elementor-element-0331cfe elementor-widget elementor-widget-image\" data-id=\"0331cfe\" data-element_type=\"widget\" data-e-type=\"widget\" data-widget_type=\"image.default\">\n\t\t\t\t<div class=\"elementor-widget-container\">\n\t\t\t\t\t\t\t\t\t\t\t\t\t\t\t<img decoding=\"async\" width=\"269\" height=\"118\" src=\"https:\/\/www.pakery.pl\/wp-content\/uploads\/2022\/11\/Zrzut-ekranu-2022-11-14-o-09.44.52.png\" class=\"attachment-large size-large wp-image-42087\" alt=\"\" \/>\t\t\t\t\t\t\t\t\t\t\t\t\t\t\t<\/div>\n\t\t\t\t<\/div>\n\t\t\t\t\t<\/div>\n\t\t<\/div>\n\t\t\t\t<div class=\"elementor-column elementor-col-50 elementor-top-column elementor-element elementor-element-11ae028\" data-id=\"11ae028\" data-element_type=\"column\" data-e-type=\"column\">\n\t\t\t<div class=\"elementor-widget-wrap elementor-element-populated\">\n\t\t\t\t\t\t<div class=\"elementor-element elementor-element-970c599 elementor-widget elementor-widget-text-editor\" data-id=\"970c599\" data-element_type=\"widget\" data-e-type=\"widget\" data-widget_type=\"text-editor.default\">\n\t\t\t\t<div class=\"elementor-widget-container\">\n\t\t\t\t\t\t\t\t\t<ul>\n<li>\n<h6><span style=\"color: #000000;\">Reped\u00e9sek \u00e9s nagy reped\u00e9sek t\u00f6m\u00edt\u00e9se falakon, padl\u00f3kon, betonszerkezeteken \u00e9s f\u00f6ldalatti szerkezeteken.<\/span><\/h6>\n<\/li>\n<li>\n<h6><span style=\"color: #000000;\">V\u00edz\u00e1raml\u00e1s-sz\u0171k\u00edt\u0151 sziv\u00e1rg\u00e1s vagy akt\u00edv sziv\u00e1rg\u00e1s eset\u00e9n magas hidrosztatikus nyom\u00e1son<\/span><\/h6>\n<\/li>\n<li>\n<h6><span style=\"color: #000000;\">A reakci\u00f3id\u0151 a megfelel\u0151 mennyis\u00e9g\u0171 inici\u00e1tor hozz\u00e1ad\u00e1s\u00e1val \u00e1ll\u00edthat\u00f3 be.<\/span><\/h6>\n<\/li>\n<\/ul>\n\t\t\t\t\t\t\t\t<\/div>\n\t\t\t\t<\/div>\n\t\t\t\t\t<\/div>\n\t\t<\/div>\n\t\t\t\t\t<\/div>\n\t\t<\/section>\n\t\t\t\t<section class=\"elementor-section elementor-top-section elementor-element elementor-element-2e8e380 elementor-section-boxed elementor-section-height-default elementor-section-height-default\" data-id=\"2e8e380\" data-element_type=\"section\" data-e-type=\"section\">\n\t\t\t\t\t\t<div class=\"elementor-container elementor-column-gap-default\">\n\t\t\t\t\t<div class=\"elementor-column elementor-col-50 elementor-top-column elementor-element elementor-element-6287fb1\" data-id=\"6287fb1\" data-element_type=\"column\" data-e-type=\"column\">\n\t\t\t<div class=\"elementor-widget-wrap elementor-element-populated\">\n\t\t\t\t\t\t<div class=\"elementor-element elementor-element-0991d01 elementor-widget elementor-widget-text-editor\" data-id=\"0991d01\" data-element_type=\"widget\" data-e-type=\"widget\" data-widget_type=\"text-editor.default\">\n\t\t\t\t<div class=\"elementor-widget-container\">\n\t\t\t\t\t\t\t\t\t<p><span style=\"caret-color: #000000; color: #14408a; font-family: ArialNarrow; font-size: 18.66666603088379px; font-weight: bold;\">V\u00e1laszthat\u00f3 kieg\u00e9sz\u00edt\u0151 term\u00e9kek<\/span><\/p>\n\t\t\t\t\t\t\t\t<\/div>\n\t\t\t\t<\/div>\n\t\t\t\t\t<\/div>\n\t\t<\/div>\n\t\t\t\t<div class=\"elementor-column elementor-col-50 elementor-top-column elementor-element elementor-element-e57c546\" data-id=\"e57c546\" data-element_type=\"column\" data-e-type=\"column\">\n\t\t\t<div class=\"elementor-widget-wrap elementor-element-populated\">\n\t\t\t\t\t\t<div class=\"elementor-element elementor-element-f5009e6 elementor-widget elementor-widget-text-editor\" data-id=\"f5009e6\" data-element_type=\"widget\" data-e-type=\"widget\" data-widget_type=\"text-editor.default\">\n\t\t\t\t<div class=\"elementor-widget-container\">\n\t\t\t\t\t\t\t\t\t<ul>\n<li>\n<h6><span style=\"color: #000000;\">ResinBau CrackOn.5 &#8211; habarcs reped\u00e9sfel\u00fcletek t\u00f6m\u00edt\u00e9s\u00e9hez<\/span><\/h6>\n<\/li>\n<li>\n<h6><span style=\"color: #000000;\">Hammpack\u00ae PI-Cleaner a befecskendez\u0151 szivatty\u00fak tiszt\u00edt\u00e1s\u00e1hoz<\/span><\/h6>\n<\/li>\n<li>\n<h6><span style=\"color: #000000;\">Befecskendez\u0151 szivatty\u00fa 1K\/2K<\/span><\/h6>\n<\/li>\n<li>\n<h6><span style=\"color: #000000;\">Hammpack\u00ae injekci\u00f3s csomagol\u00f3<\/span><\/h6>\n<\/li>\n<\/ul>\n\t\t\t\t\t\t\t\t<\/div>\n\t\t\t\t<\/div>\n\t\t\t\t\t<\/div>\n\t\t<\/div>\n\t\t\t\t\t<\/div>\n\t\t<\/section>\n\t\t\t\t<section class=\"elementor-section elementor-top-section elementor-element elementor-element-96a5507 elementor-section-boxed elementor-section-height-default elementor-section-height-default\" data-id=\"96a5507\" data-element_type=\"section\" data-e-type=\"section\">\n\t\t\t\t\t\t<div class=\"elementor-container elementor-column-gap-default\">\n\t\t\t\t\t<div class=\"elementor-column elementor-col-50 elementor-top-column elementor-element elementor-element-26ac153\" data-id=\"26ac153\" data-element_type=\"column\" data-e-type=\"column\">\n\t\t\t<div class=\"elementor-widget-wrap elementor-element-populated\">\n\t\t\t\t\t\t<div class=\"elementor-element elementor-element-92a2044 elementor-widget elementor-widget-text-editor\" data-id=\"92a2044\" data-element_type=\"widget\" data-e-type=\"widget\" data-widget_type=\"text-editor.default\">\n\t\t\t\t<div class=\"elementor-widget-container\">\n\t\t\t\t\t\t\t\t\t<p><span style=\"caret-color: #000000; color: #14408a; font-family: ArialNarrow; font-size: 18.66666603088379px; font-weight: bold;\">Let\u00f6lt\u00e9s<\/span><\/p>\n\t\t\t\t\t\t\t\t<\/div>\n\t\t\t\t<\/div>\n\t\t\t\t\t<\/div>\n\t\t<\/div>\n\t\t\t\t<div class=\"elementor-column elementor-col-50 elementor-top-column elementor-element elementor-element-12f1597\" data-id=\"12f1597\" data-element_type=\"column\" data-e-type=\"column\">\n\t\t\t<div class=\"elementor-widget-wrap elementor-element-populated\">\n\t\t\t\t\t\t<div class=\"elementor-element elementor-element-7358313 elementor-widget elementor-widget-button\" data-id=\"7358313\" data-element_type=\"widget\" data-e-type=\"widget\" data-widget_type=\"button.default\">\n\t\t\t\t<div class=\"elementor-widget-container\">\n\t\t\t\t\t\t\t\t\t<div class=\"elementor-button-wrapper\">\n\t\t\t\t\t<a class=\"elementor-button elementor-button-link elementor-size-sm\" href=\"https:\/\/www.pakery.pl\/wp-content\/uploads\/2023\/04\/ResinBau-WaterStopper_Karta_Techniczna.pdf\">\n\t\t\t\t\t\t<span class=\"elementor-button-content-wrapper\">\n\t\t\t\t\t\t\t\t\t<span class=\"elementor-button-text\">M\u0171szaki adatlap<\/span>\n\t\t\t\t\t<\/span>\n\t\t\t\t\t<\/a>\n\t\t\t\t<\/div>\n\t\t\t\t\t\t\t\t<\/div>\n\t\t\t\t<\/div>\n\t\t\t\t\t<\/div>\n\t\t<\/div>\n\t\t\t\t\t<\/div>\n\t\t<\/section>\n\t\t\t\t<\/div>\n\t\t","protected":false},"excerpt":{"rendered":"<p>A WaterStopper egykomponens\u0171, alacsony viszkozit\u00e1s\u00fa gyanta, amelyet reped\u00e9sek, nagy r\u00e9sek vagy v\u00edzsziv\u00e1rg\u00e1sok t\u00f6m\u00edt\u00e9s\u00e9re haszn\u00e1lnak nagy nyom\u00e1s vagy \u00e1raml\u00e1s mellett. Alkalmaz\u00e1si ter\u00fcletek Reped\u00e9sek \u00e9s nagy reped\u00e9sek t\u00f6m\u00edt\u00e9se falakon, padl\u00f3kon, betonszerkezeteken \u00e9s f\u00f6ldalatti szerkezeteken. V\u00edz\u00e1raml\u00e1s-sz\u0171k\u00edt\u0151 sziv\u00e1rg\u00e1s vagy akt\u00edv sziv\u00e1rg\u00e1s eset\u00e9n magas hidrosztatikus nyom\u00e1son A reakci\u00f3id\u0151 a megfelel\u0151 mennyis\u00e9g\u0171 inici\u00e1tor hozz\u00e1ad\u00e1s\u00e1val \u00e1ll\u00edthat\u00f3 be. V\u00e1laszthat\u00f3 kieg\u00e9sz\u00edt\u0151 term\u00e9kek ResinBau CrackOn.5 [&hellip;]<\/p>\n","protected":false},"featured_media":50384,"template":"","meta":{"_acf_changed":false},"product_brand":[],"product_cat":[1900],"product_tag":[],"class_list":{"0":"post-44228","1":"product","2":"type-product","3":"status-publish","4":"has-post-thumbnail","6":"product_cat-injekcios-gyantak","8":"first","9":"instock","10":"taxable","11":"shipping-taxable","12":"product-type-simple"},"acf":[],"yoast_head":"<!-- This site is optimized with the Yoast SEO plugin v27.3 - https:\/\/yoast.com\/product\/yoast-seo-wordpress\/ -->\n<title>WaterStopper injekci\u00f3s hab - PAKERY.PL<\/title>\n<meta name=\"description\" content=\"Injekt\u00e1lt poliuret\u00e1n hab WaterStopper ResinBau\" \/>\n<meta name=\"robots\" content=\"index, follow, max-snippet:-1, max-image-preview:large, max-video-preview:-1\" \/>\n<link rel=\"canonical\" href=\"https:\/\/www.pakery.pl\/hu\/produkt\/waterstopper-injekcios-hab\/\" \/>\n<meta property=\"og:locale\" content=\"hu_HU\" \/>\n<meta property=\"og:type\" content=\"article\" \/>\n<meta property=\"og:title\" content=\"WaterStopper injekci\u00f3s hab - PAKERY.PL\" \/>\n<meta property=\"og:description\" content=\"Injekt\u00e1lt poliuret\u00e1n hab WaterStopper ResinBau\" \/>\n<meta property=\"og:url\" content=\"https:\/\/www.pakery.pl\/hu\/produkt\/waterstopper-injekcios-hab\/\" \/>\n<meta property=\"og:site_name\" content=\"PAKERY.PL\" \/>\n<meta property=\"article:modified_time\" content=\"2023-04-06T08:31:28+00:00\" \/>\n<meta property=\"og:image\" content=\"https:\/\/www.pakery.pl\/wp-content\/uploads\/2022\/04\/WaterStopper-SET-861x1024.png\" \/>\n\t<meta property=\"og:image:width\" content=\"861\" \/>\n\t<meta property=\"og:image:height\" content=\"1024\" \/>\n\t<meta property=\"og:image:type\" content=\"image\/png\" \/>\n<meta name=\"twitter:card\" content=\"summary_large_image\" \/>\n<meta name=\"twitter:label1\" content=\"Becs\u00fclt olvas\u00e1si id\u0151\" \/>\n\t<meta name=\"twitter:data1\" content=\"1 perc\" \/>\n<script type=\"application\/ld+json\" class=\"yoast-schema-graph\">{\"@context\":\"https:\\\/\\\/schema.org\",\"@graph\":[{\"@type\":\"WebPage\",\"@id\":\"https:\\\/\\\/www.pakery.pl\\\/hu\\\/produkt\\\/waterstopper-injekcios-hab\\\/\",\"url\":\"https:\\\/\\\/www.pakery.pl\\\/hu\\\/produkt\\\/waterstopper-injekcios-hab\\\/\",\"name\":\"WaterStopper injekci\u00f3s hab - PAKERY.PL\",\"isPartOf\":{\"@id\":\"https:\\\/\\\/www.pakery.pl\\\/hu\\\/#website\"},\"primaryImageOfPage\":{\"@id\":\"https:\\\/\\\/www.pakery.pl\\\/hu\\\/produkt\\\/waterstopper-injekcios-hab\\\/#primaryimage\"},\"image\":{\"@id\":\"https:\\\/\\\/www.pakery.pl\\\/hu\\\/produkt\\\/waterstopper-injekcios-hab\\\/#primaryimage\"},\"thumbnailUrl\":\"https:\\\/\\\/www.pakery.pl\\\/wp-content\\\/uploads\\\/2022\\\/04\\\/WaterStopper-SET.png\",\"datePublished\":\"2023-04-06T08:31:23+00:00\",\"dateModified\":\"2023-04-06T08:31:28+00:00\",\"description\":\"Injekt\u00e1lt poliuret\u00e1n hab WaterStopper ResinBau\",\"breadcrumb\":{\"@id\":\"https:\\\/\\\/www.pakery.pl\\\/hu\\\/produkt\\\/waterstopper-injekcios-hab\\\/#breadcrumb\"},\"inLanguage\":\"hu\",\"potentialAction\":[{\"@type\":\"ReadAction\",\"target\":[\"https:\\\/\\\/www.pakery.pl\\\/hu\\\/produkt\\\/waterstopper-injekcios-hab\\\/\"]}]},{\"@type\":\"ImageObject\",\"inLanguage\":\"hu\",\"@id\":\"https:\\\/\\\/www.pakery.pl\\\/hu\\\/produkt\\\/waterstopper-injekcios-hab\\\/#primaryimage\",\"url\":\"https:\\\/\\\/www.pakery.pl\\\/wp-content\\\/uploads\\\/2022\\\/04\\\/WaterStopper-SET.png\",\"contentUrl\":\"https:\\\/\\\/www.pakery.pl\\\/wp-content\\\/uploads\\\/2022\\\/04\\\/WaterStopper-SET.png\",\"width\":1654,\"height\":1967},{\"@type\":\"BreadcrumbList\",\"@id\":\"https:\\\/\\\/www.pakery.pl\\\/hu\\\/produkt\\\/waterstopper-injekcios-hab\\\/#breadcrumb\",\"itemListElement\":[{\"@type\":\"ListItem\",\"position\":1,\"name\":\"Strona g\u0142\u00f3wna\",\"item\":\"https:\\\/\\\/www.pakery.pl\\\/hu\\\/\"},{\"@type\":\"ListItem\",\"position\":2,\"name\":\"Bolt\",\"item\":\"https:\\\/\\\/www.pakery.pl\\\/hu\\\/bolt\\\/\"},{\"@type\":\"ListItem\",\"position\":3,\"name\":\"WaterStopper injekci\u00f3s hab\"}]},{\"@type\":\"WebSite\",\"@id\":\"https:\\\/\\\/www.pakery.pl\\\/hu\\\/#website\",\"url\":\"https:\\\/\\\/www.pakery.pl\\\/hu\\\/\",\"name\":\"Pakery.pl\",\"description\":\"Pakery iniekcyjne, Kotwy spiralne, Lance iniekcyjne, W\u0119\u017ce do iniekcji, Pompy iniekcyjne, Serwis pomp iniekcyjnych, Wynajem pomp do iniekcji\",\"publisher\":{\"@id\":\"https:\\\/\\\/www.pakery.pl\\\/hu\\\/#organization\"},\"potentialAction\":[{\"@type\":\"SearchAction\",\"target\":{\"@type\":\"EntryPoint\",\"urlTemplate\":\"https:\\\/\\\/www.pakery.pl\\\/hu\\\/?s={search_term_string}\"},\"query-input\":{\"@type\":\"PropertyValueSpecification\",\"valueRequired\":true,\"valueName\":\"search_term_string\"}}],\"inLanguage\":\"hu\"},{\"@type\":\"Organization\",\"@id\":\"https:\\\/\\\/www.pakery.pl\\\/hu\\\/#organization\",\"name\":\"PAKERY.PL\",\"url\":\"https:\\\/\\\/www.pakery.pl\\\/hu\\\/\",\"logo\":{\"@type\":\"ImageObject\",\"inLanguage\":\"hu\",\"@id\":\"https:\\\/\\\/www.pakery.pl\\\/hu\\\/#\\\/schema\\\/logo\\\/image\\\/\",\"url\":\"https:\\\/\\\/www.pakery.pl\\\/wp-content\\\/uploads\\\/2021\\\/04\\\/cropped-PAKERY-LOGO.png\",\"contentUrl\":\"https:\\\/\\\/www.pakery.pl\\\/wp-content\\\/uploads\\\/2021\\\/04\\\/cropped-PAKERY-LOGO.png\",\"width\":1529,\"height\":500,\"caption\":\"PAKERY.PL\"},\"image\":{\"@id\":\"https:\\\/\\\/www.pakery.pl\\\/hu\\\/#\\\/schema\\\/logo\\\/image\\\/\"}}]}<\/script>\n<!-- \/ Yoast SEO plugin. -->","yoast_head_json":{"title":"WaterStopper injekci\u00f3s hab - PAKERY.PL","description":"Injekt\u00e1lt poliuret\u00e1n hab WaterStopper ResinBau","robots":{"index":"index","follow":"follow","max-snippet":"max-snippet:-1","max-image-preview":"max-image-preview:large","max-video-preview":"max-video-preview:-1"},"canonical":"https:\/\/www.pakery.pl\/hu\/produkt\/waterstopper-injekcios-hab\/","og_locale":"hu_HU","og_type":"article","og_title":"WaterStopper injekci\u00f3s hab - PAKERY.PL","og_description":"Injekt\u00e1lt poliuret\u00e1n hab WaterStopper ResinBau","og_url":"https:\/\/www.pakery.pl\/hu\/produkt\/waterstopper-injekcios-hab\/","og_site_name":"PAKERY.PL","article_modified_time":"2023-04-06T08:31:28+00:00","og_image":[{"width":861,"height":1024,"url":"https:\/\/www.pakery.pl\/wp-content\/uploads\/2022\/04\/WaterStopper-SET-861x1024.png","type":"image\/png"}],"twitter_card":"summary_large_image","twitter_misc":{"Becs\u00fclt olvas\u00e1si id\u0151":"1 perc"},"schema":{"@context":"https:\/\/schema.org","@graph":[{"@type":"WebPage","@id":"https:\/\/www.pakery.pl\/hu\/produkt\/waterstopper-injekcios-hab\/","url":"https:\/\/www.pakery.pl\/hu\/produkt\/waterstopper-injekcios-hab\/","name":"WaterStopper injekci\u00f3s hab - PAKERY.PL","isPartOf":{"@id":"https:\/\/www.pakery.pl\/hu\/#website"},"primaryImageOfPage":{"@id":"https:\/\/www.pakery.pl\/hu\/produkt\/waterstopper-injekcios-hab\/#primaryimage"},"image":{"@id":"https:\/\/www.pakery.pl\/hu\/produkt\/waterstopper-injekcios-hab\/#primaryimage"},"thumbnailUrl":"https:\/\/www.pakery.pl\/wp-content\/uploads\/2022\/04\/WaterStopper-SET.png","datePublished":"2023-04-06T08:31:23+00:00","dateModified":"2023-04-06T08:31:28+00:00","description":"Injekt\u00e1lt poliuret\u00e1n hab WaterStopper ResinBau","breadcrumb":{"@id":"https:\/\/www.pakery.pl\/hu\/produkt\/waterstopper-injekcios-hab\/#breadcrumb"},"inLanguage":"hu","potentialAction":[{"@type":"ReadAction","target":["https:\/\/www.pakery.pl\/hu\/produkt\/waterstopper-injekcios-hab\/"]}]},{"@type":"ImageObject","inLanguage":"hu","@id":"https:\/\/www.pakery.pl\/hu\/produkt\/waterstopper-injekcios-hab\/#primaryimage","url":"https:\/\/www.pakery.pl\/wp-content\/uploads\/2022\/04\/WaterStopper-SET.png","contentUrl":"https:\/\/www.pakery.pl\/wp-content\/uploads\/2022\/04\/WaterStopper-SET.png","width":1654,"height":1967},{"@type":"BreadcrumbList","@id":"https:\/\/www.pakery.pl\/hu\/produkt\/waterstopper-injekcios-hab\/#breadcrumb","itemListElement":[{"@type":"ListItem","position":1,"name":"Strona g\u0142\u00f3wna","item":"https:\/\/www.pakery.pl\/hu\/"},{"@type":"ListItem","position":2,"name":"Bolt","item":"https:\/\/www.pakery.pl\/hu\/bolt\/"},{"@type":"ListItem","position":3,"name":"WaterStopper injekci\u00f3s hab"}]},{"@type":"WebSite","@id":"https:\/\/www.pakery.pl\/hu\/#website","url":"https:\/\/www.pakery.pl\/hu\/","name":"Pakery.pl","description":"Pakery iniekcyjne, Kotwy spiralne, Lance iniekcyjne, W\u0119\u017ce do iniekcji, Pompy iniekcyjne, Serwis pomp iniekcyjnych, Wynajem pomp do iniekcji","publisher":{"@id":"https:\/\/www.pakery.pl\/hu\/#organization"},"potentialAction":[{"@type":"SearchAction","target":{"@type":"EntryPoint","urlTemplate":"https:\/\/www.pakery.pl\/hu\/?s={search_term_string}"},"query-input":{"@type":"PropertyValueSpecification","valueRequired":true,"valueName":"search_term_string"}}],"inLanguage":"hu"},{"@type":"Organization","@id":"https:\/\/www.pakery.pl\/hu\/#organization","name":"PAKERY.PL","url":"https:\/\/www.pakery.pl\/hu\/","logo":{"@type":"ImageObject","inLanguage":"hu","@id":"https:\/\/www.pakery.pl\/hu\/#\/schema\/logo\/image\/","url":"https:\/\/www.pakery.pl\/wp-content\/uploads\/2021\/04\/cropped-PAKERY-LOGO.png","contentUrl":"https:\/\/www.pakery.pl\/wp-content\/uploads\/2021\/04\/cropped-PAKERY-LOGO.png","width":1529,"height":500,"caption":"PAKERY.PL"},"image":{"@id":"https:\/\/www.pakery.pl\/hu\/#\/schema\/logo\/image\/"}}]}},"_links":{"self":[{"href":"https:\/\/www.pakery.pl\/hu\/wp-json\/wp\/v2\/product\/44228","targetHints":{"allow":["GET"]}}],"collection":[{"href":"https:\/\/www.pakery.pl\/hu\/wp-json\/wp\/v2\/product"}],"about":[{"href":"https:\/\/www.pakery.pl\/hu\/wp-json\/wp\/v2\/types\/product"}],"version-history":[{"count":3,"href":"https:\/\/www.pakery.pl\/hu\/wp-json\/wp\/v2\/product\/44228\/revisions"}],"predecessor-version":[{"id":44231,"href":"https:\/\/www.pakery.pl\/hu\/wp-json\/wp\/v2\/product\/44228\/revisions\/44231"}],"wp:featuredmedia":[{"embeddable":true,"href":"https:\/\/www.pakery.pl\/hu\/wp-json\/wp\/v2\/media\/50384"}],"wp:attachment":[{"href":"https:\/\/www.pakery.pl\/hu\/wp-json\/wp\/v2\/media?parent=44228"}],"wp:term":[{"taxonomy":"product_brand","embeddable":true,"href":"https:\/\/www.pakery.pl\/hu\/wp-json\/wp\/v2\/product_brand?post=44228"},{"taxonomy":"product_cat","embeddable":true,"href":"https:\/\/www.pakery.pl\/hu\/wp-json\/wp\/v2\/product_cat?post=44228"},{"taxonomy":"product_tag","embeddable":true,"href":"https:\/\/www.pakery.pl\/hu\/wp-json\/wp\/v2\/product_tag?post=44228"}],"curies":[{"name":"wp","href":"https:\/\/api.w.org\/{rel}","templated":true}]}}