{"id":43942,"date":"2022-11-14T09:06:41","date_gmt":"2023-04-06T08:06:43","guid":{"rendered":"https:\/\/www.pakery.pl\/produkt\/egykomponensu-injekcios-hab-easyinject\/"},"modified":"2023-04-06T10:06:46","modified_gmt":"2023-04-06T08:06:46","slug":"egykomponensu-injekcios-hab-easyinject","status":"publish","type":"product","link":"https:\/\/www.pakery.pl\/hu\/produkt\/egykomponensu-injekcios-hab-easyinject\/","title":{"rendered":"Egykomponens\u0171 injekci\u00f3s hab EasyInject"},"content":{"rendered":"\t\t<div data-elementor-type=\"product-post\" data-elementor-id=\"43942\" class=\"elementor elementor-43942 elementor-42316\" data-elementor-post-type=\"product\">\n\t\t\t\t\t\t<section class=\"elementor-section elementor-top-section elementor-element elementor-element-7526949 elementor-section-boxed elementor-section-height-default elementor-section-height-default\" data-id=\"7526949\" data-element_type=\"section\" data-e-type=\"section\">\n\t\t\t\t\t\t<div class=\"elementor-container elementor-column-gap-default\">\n\t\t\t\t\t<div class=\"elementor-column elementor-col-100 elementor-top-column elementor-element elementor-element-0d5108e\" data-id=\"0d5108e\" data-element_type=\"column\" data-e-type=\"column\">\n\t\t\t<div class=\"elementor-widget-wrap elementor-element-populated\">\n\t\t\t\t\t\t<div class=\"elementor-element elementor-element-e281ea7 elementor-widget elementor-widget-image\" data-id=\"e281ea7\" data-element_type=\"widget\" data-e-type=\"widget\" data-widget_type=\"image.default\">\n\t\t\t\t<div class=\"elementor-widget-container\">\n\t\t\t\t\t\t\t\t\t\t\t\t\t\t\t<img fetchpriority=\"high\" decoding=\"async\" width=\"713\" height=\"188\" src=\"https:\/\/www.pakery.pl\/wp-content\/uploads\/2022\/11\/Zrzut-ekranu-2022-11-14-o-09.22.43.png\" class=\"attachment-large size-large wp-image-42062\" alt=\"\" srcset=\"https:\/\/www.pakery.pl\/wp-content\/uploads\/2022\/11\/Zrzut-ekranu-2022-11-14-o-09.22.43.png 713w, https:\/\/www.pakery.pl\/wp-content\/uploads\/2022\/11\/Zrzut-ekranu-2022-11-14-o-09.22.43-300x79.png 300w, https:\/\/www.pakery.pl\/wp-content\/uploads\/2022\/11\/Zrzut-ekranu-2022-11-14-o-09.22.43-683x180.png 683w, https:\/\/www.pakery.pl\/wp-content\/uploads\/2022\/11\/Zrzut-ekranu-2022-11-14-o-09.22.43-602x159.png 602w\" sizes=\"(max-width: 713px) 100vw, 713px\" \/>\t\t\t\t\t\t\t\t\t\t\t\t\t\t\t<\/div>\n\t\t\t\t<\/div>\n\t\t\t\t\t<\/div>\n\t\t<\/div>\n\t\t\t\t\t<\/div>\n\t\t<\/section>\n\t\t\t\t<section class=\"elementor-section elementor-top-section elementor-element elementor-element-8b2d72b elementor-section-boxed elementor-section-height-default elementor-section-height-default\" data-id=\"8b2d72b\" data-element_type=\"section\" data-e-type=\"section\">\n\t\t\t\t\t\t<div class=\"elementor-container elementor-column-gap-default\">\n\t\t\t\t\t<div class=\"elementor-column elementor-col-100 elementor-top-column elementor-element elementor-element-3acdb32\" data-id=\"3acdb32\" data-element_type=\"column\" data-e-type=\"column\">\n\t\t\t<div class=\"elementor-widget-wrap elementor-element-populated\">\n\t\t\t\t\t\t<div class=\"elementor-element elementor-element-9735818 elementor-widget elementor-widget-text-editor\" data-id=\"9735818\" data-element_type=\"widget\" data-e-type=\"widget\" data-widget_type=\"text-editor.default\">\n\t\t\t\t<div class=\"elementor-widget-container\">\n\t\t\t\t\t\t\t\t\t<p><span style=\"color: #000000;\">Az <b>EasyInject<\/b> egykomponens\u0171, alacsony viszkozit\u00e1s\u00fa gyanta, amelyet nedves reped\u00e9sek, betonlapok k\u00f6z\u00f6tti szegmensek, szennyv\u00edzcs\u00f6vek, stb. t\u00f6m\u00edt\u00e9s\u00e9re haszn\u00e1lnak.  <\/span><\/p>\n<ul>\n<li><span style=\"color: #000000;\"><b>V\u00edzzel val\u00f3 \u00e9rintkez\u00e9s sz\u00fcks\u00e9ges a reakci\u00f3 elind\u00edt\u00e1s\u00e1hoz<\/b><\/span><\/li>\n<li><span style=\"color: #000000;\">Alacsony viszkozit\u00e1s<\/span><\/li>\n<li><span style=\"color: #000000;\">Kiv\u00e1l\u00f3 t\u00f6m\u00edt\u00e9si tulajdons\u00e1gok <\/span><span style=\"color: #000000;\"><br \/>\n  <span style=\"caret-color: #000000;\">t\u00f6m\u00edt\u00e9si tulajdons\u00e1gok<\/span><br \/>\n<\/span><\/li>\n<li><span style=\"color: #000000;\">Egykomponens\u0171 term\u00e9k<\/span><\/li>\n<li><span style=\"color: #000000;\">R\u00f6vid v\u00e1laszad\u00e1si ind\u00edt\u00e1si id\u0151<\/span><\/li>\n<li><span style=\"color: #000000;\">J\u00f3 k\u00e9miai, termikus \u00e9s mechanikai ellen\u00e1ll\u00e1s.<\/span><\/li>\n<\/ul>\n\t\t\t\t\t\t\t\t<\/div>\n\t\t\t\t<\/div>\n\t\t\t\t\t<\/div>\n\t\t<\/div>\n\t\t\t\t\t<\/div>\n\t\t<\/section>\n\t\t\t\t<section class=\"elementor-section elementor-top-section elementor-element elementor-element-4bcfd6e elementor-section-boxed elementor-section-height-default elementor-section-height-default\" data-id=\"4bcfd6e\" data-element_type=\"section\" data-e-type=\"section\">\n\t\t\t\t\t\t<div class=\"elementor-container elementor-column-gap-default\">\n\t\t\t\t\t<div class=\"elementor-column elementor-col-100 elementor-top-column elementor-element elementor-element-e978186\" data-id=\"e978186\" data-element_type=\"column\" data-e-type=\"column\">\n\t\t\t<div class=\"elementor-widget-wrap elementor-element-populated\">\n\t\t\t\t\t\t<div class=\"elementor-element elementor-element-a3af72b elementor-widget elementor-widget-text-editor\" data-id=\"a3af72b\" data-element_type=\"widget\" data-e-type=\"widget\" data-widget_type=\"text-editor.default\">\n\t\t\t\t<div class=\"elementor-widget-container\">\n\t\t\t\t\t\t\t\t\t<p><span style=\"caret-color: #000000; color: #14408a; font-family: ArialNarrow; font-size: 18.66666603088379px; font-weight: bold;\">Alkalmaz\u00e1si ter\u00fcletek<\/span><\/p>\n\t\t\t\t\t\t\t\t<\/div>\n\t\t\t\t<\/div>\n\t\t\t\t\t<\/div>\n\t\t<\/div>\n\t\t\t\t\t<\/div>\n\t\t<\/section>\n\t\t\t\t<section class=\"elementor-section elementor-top-section elementor-element elementor-element-1f7bcee elementor-section-boxed elementor-section-height-default elementor-section-height-default\" data-id=\"1f7bcee\" data-element_type=\"section\" data-e-type=\"section\">\n\t\t\t\t\t\t<div class=\"elementor-container elementor-column-gap-default\">\n\t\t\t\t\t<div class=\"elementor-column elementor-col-50 elementor-top-column elementor-element elementor-element-bf56336\" data-id=\"bf56336\" data-element_type=\"column\" data-e-type=\"column\">\n\t\t\t<div class=\"elementor-widget-wrap elementor-element-populated\">\n\t\t\t\t\t\t<div class=\"elementor-element elementor-element-5f6bdd4 elementor-widget elementor-widget-image\" data-id=\"5f6bdd4\" data-element_type=\"widget\" data-e-type=\"widget\" data-widget_type=\"image.default\">\n\t\t\t\t<div class=\"elementor-widget-container\">\n\t\t\t\t\t\t\t\t\t\t\t\t\t\t\t<img decoding=\"async\" width=\"269\" height=\"118\" src=\"https:\/\/www.pakery.pl\/wp-content\/uploads\/2022\/11\/Zrzut-ekranu-2022-11-14-o-09.44.52.png\" class=\"attachment-large size-large wp-image-42087\" alt=\"\" \/>\t\t\t\t\t\t\t\t\t\t\t\t\t\t\t<\/div>\n\t\t\t\t<\/div>\n\t\t\t\t\t<\/div>\n\t\t<\/div>\n\t\t\t\t<div class=\"elementor-column elementor-col-50 elementor-top-column elementor-element elementor-element-d693b41\" data-id=\"d693b41\" data-element_type=\"column\" data-e-type=\"column\">\n\t\t\t<div class=\"elementor-widget-wrap elementor-element-populated\">\n\t\t\t\t\t\t<div class=\"elementor-element elementor-element-f6532d7 elementor-widget elementor-widget-text-editor\" data-id=\"f6532d7\" data-element_type=\"widget\" data-e-type=\"widget\" data-widget_type=\"text-editor.default\">\n\t\t\t\t<div class=\"elementor-widget-container\">\n\t\t\t\t\t\t\t\t\t<ul>\n<li>\n<h6><span style=\"color: #000000;\">Szerkezetek t\u00f6m\u00edt\u00e9se a v\u00edzbehatol\u00e1s ellen<\/span><\/h6>\n<\/li>\n<li>\n<h6><span style=\"color: #000000;\">Falazott szerkezetek reped\u00e9seinek t\u00f6m\u00edt\u00e9se<\/span><\/h6>\n<\/li>\n<\/ul>\n\t\t\t\t\t\t\t\t<\/div>\n\t\t\t\t<\/div>\n\t\t\t\t\t<\/div>\n\t\t<\/div>\n\t\t\t\t\t<\/div>\n\t\t<\/section>\n\t\t\t\t<section class=\"elementor-section elementor-top-section elementor-element elementor-element-5e35a2b elementor-section-boxed elementor-section-height-default elementor-section-height-default\" data-id=\"5e35a2b\" data-element_type=\"section\" data-e-type=\"section\">\n\t\t\t\t\t\t<div class=\"elementor-container elementor-column-gap-default\">\n\t\t\t\t\t<div class=\"elementor-column elementor-col-50 elementor-top-column elementor-element elementor-element-70bf213\" data-id=\"70bf213\" data-element_type=\"column\" data-e-type=\"column\">\n\t\t\t<div class=\"elementor-widget-wrap elementor-element-populated\">\n\t\t\t\t\t\t<div class=\"elementor-element elementor-element-3a17631 elementor-widget elementor-widget-text-editor\" data-id=\"3a17631\" data-element_type=\"widget\" data-e-type=\"widget\" data-widget_type=\"text-editor.default\">\n\t\t\t\t<div class=\"elementor-widget-container\">\n\t\t\t\t\t\t\t\t\t<p><span style=\"caret-color: #000000; color: #14408a; font-family: ArialNarrow; font-size: 18.66666603088379px; font-weight: bold;\">V\u00e1laszthat\u00f3 kieg\u00e9sz\u00edt\u0151 term\u00e9kek<\/span><\/p>\n\t\t\t\t\t\t\t\t<\/div>\n\t\t\t\t<\/div>\n\t\t\t\t\t<\/div>\n\t\t<\/div>\n\t\t\t\t<div class=\"elementor-column elementor-col-50 elementor-top-column elementor-element elementor-element-7919f27\" data-id=\"7919f27\" data-element_type=\"column\" data-e-type=\"column\">\n\t\t\t<div class=\"elementor-widget-wrap elementor-element-populated\">\n\t\t\t\t\t\t<div class=\"elementor-element elementor-element-090c40f elementor-widget elementor-widget-text-editor\" data-id=\"090c40f\" data-element_type=\"widget\" data-e-type=\"widget\" data-widget_type=\"text-editor.default\">\n\t\t\t\t<div class=\"elementor-widget-container\">\n\t\t\t\t\t\t\t\t\t<ul>\n<li><span style=\"color: #000000; font-size: 1rem;\">ResinBau CrackOn.5 &#8211; a reped\u00e9sfel\u00fcletet lez\u00e1r\u00f3 habarcs<\/span><\/li>\n<li><span style=\"color: #000000; font-size: 1rem;\">ResinBau CrackFlex &#8211; k\u00e9tl\u00e9pcs\u0151s injekt\u00e1l\u00e1shoz<\/span><\/li>\n<li><span style=\"color: #000000; font-family: inherit; font-size: 1rem;\">Hammpack\u00ae PI-Cleaner a befecskendez\u0151 szivatty\u00fak tiszt\u00edt\u00e1s\u00e1hoz<\/span><\/li>\n<li><span style=\"color: #000000; font-family: inherit; font-size: 1rem;\">Befecskendez\u0151 szivatty\u00fa 1K<\/span><\/li>\n<li><span style=\"color: #000000; font-family: inherit; font-size: 1rem;\">Hammpack\u00ae injekci\u00f3s csomagol\u00f3<\/span><\/li>\n<\/ul>\n\t\t\t\t\t\t\t\t<\/div>\n\t\t\t\t<\/div>\n\t\t\t\t\t<\/div>\n\t\t<\/div>\n\t\t\t\t\t<\/div>\n\t\t<\/section>\n\t\t\t\t<section class=\"elementor-section elementor-top-section elementor-element elementor-element-32b2611 elementor-section-boxed elementor-section-height-default elementor-section-height-default\" data-id=\"32b2611\" data-element_type=\"section\" data-e-type=\"section\">\n\t\t\t\t\t\t<div class=\"elementor-container elementor-column-gap-default\">\n\t\t\t\t\t<div class=\"elementor-column elementor-col-50 elementor-top-column elementor-element elementor-element-378579b\" data-id=\"378579b\" data-element_type=\"column\" data-e-type=\"column\">\n\t\t\t<div class=\"elementor-widget-wrap elementor-element-populated\">\n\t\t\t\t\t\t<div class=\"elementor-element elementor-element-802e3fa elementor-widget elementor-widget-text-editor\" data-id=\"802e3fa\" data-element_type=\"widget\" data-e-type=\"widget\" data-widget_type=\"text-editor.default\">\n\t\t\t\t<div class=\"elementor-widget-container\">\n\t\t\t\t\t\t\t\t\t<p><span style=\"caret-color: #000000; color: #14408a; font-family: ArialNarrow; font-size: 18.66666603088379px; font-weight: bold;\">Let\u00f6lt\u00e9s<\/span><\/p>\n\t\t\t\t\t\t\t\t<\/div>\n\t\t\t\t<\/div>\n\t\t\t\t\t<\/div>\n\t\t<\/div>\n\t\t\t\t<div class=\"elementor-column elementor-col-50 elementor-top-column elementor-element elementor-element-a4051b6\" data-id=\"a4051b6\" data-element_type=\"column\" data-e-type=\"column\">\n\t\t\t<div class=\"elementor-widget-wrap elementor-element-populated\">\n\t\t\t\t\t\t<div class=\"elementor-element elementor-element-8ecc1f0 elementor-widget elementor-widget-button\" data-id=\"8ecc1f0\" data-element_type=\"widget\" data-e-type=\"widget\" data-widget_type=\"button.default\">\n\t\t\t\t<div class=\"elementor-widget-container\">\n\t\t\t\t\t\t\t\t\t<div class=\"elementor-button-wrapper\">\n\t\t\t\t\t<a class=\"elementor-button elementor-button-link elementor-size-sm\" href=\"https:\/\/www.pakery.pl\/wp-content\/uploads\/2022\/11\/ResinBau-EasyInject-_KT.pdf\">\n\t\t\t\t\t\t<span class=\"elementor-button-content-wrapper\">\n\t\t\t\t\t\t\t\t\t<span class=\"elementor-button-text\">M\u0171szaki adatlap<\/span>\n\t\t\t\t\t<\/span>\n\t\t\t\t\t<\/a>\n\t\t\t\t<\/div>\n\t\t\t\t\t\t\t\t<\/div>\n\t\t\t\t<\/div>\n\t\t\t\t\t<\/div>\n\t\t<\/div>\n\t\t\t\t\t<\/div>\n\t\t<\/section>\n\t\t\t\t<section class=\"elementor-section elementor-top-section elementor-element elementor-element-4a5ff64 elementor-section-boxed elementor-section-height-default elementor-section-height-default\" data-id=\"4a5ff64\" data-element_type=\"section\" data-e-type=\"section\">\n\t\t\t\t\t\t<div class=\"elementor-container elementor-column-gap-default\">\n\t\t\t\t\t<div class=\"elementor-column elementor-col-100 elementor-top-column elementor-element elementor-element-dfc4c10\" data-id=\"dfc4c10\" data-element_type=\"column\" data-e-type=\"column\">\n\t\t\t<div class=\"elementor-widget-wrap\">\n\t\t\t\t\t\t\t<\/div>\n\t\t<\/div>\n\t\t\t\t\t<\/div>\n\t\t<\/section>\n\t\t\t\t<section class=\"elementor-section elementor-top-section elementor-element elementor-element-9967a67 elementor-section-boxed elementor-section-height-default elementor-section-height-default\" data-id=\"9967a67\" data-element_type=\"section\" data-e-type=\"section\">\n\t\t\t\t\t\t<div class=\"elementor-container elementor-column-gap-default\">\n\t\t\t\t\t<div class=\"elementor-column elementor-col-100 elementor-top-column elementor-element elementor-element-a423df2\" data-id=\"a423df2\" data-element_type=\"column\" data-e-type=\"column\">\n\t\t\t<div class=\"elementor-widget-wrap elementor-element-populated\">\n\t\t\t\t\t\t<div class=\"elementor-element elementor-element-c6ce702 elementor-widget elementor-widget-video\" data-id=\"c6ce702\" data-element_type=\"widget\" data-e-type=\"widget\" data-settings=\"{&quot;youtube_url&quot;:&quot;https:\\\/\\\/www.youtube.com\\\/watch?v=jBuUyTRFEHE&quot;,&quot;video_type&quot;:&quot;youtube&quot;,&quot;controls&quot;:&quot;yes&quot;}\" data-widget_type=\"video.default\">\n\t\t\t\t<div class=\"elementor-widget-container\">\n\t\t\t\t\t\t\t<div class=\"elementor-wrapper elementor-open-inline\">\n\t\t\t<div class=\"elementor-video\"><\/div>\t\t<\/div>\n\t\t\t\t\t\t<\/div>\n\t\t\t\t<\/div>\n\t\t\t\t\t<\/div>\n\t\t<\/div>\n\t\t\t\t\t<\/div>\n\t\t<\/section>\n\t\t\t\t<\/div>\n\t\t","protected":false},"excerpt":{"rendered":"<p>Az EasyInject egykomponens\u0171, alacsony viszkozit\u00e1s\u00fa gyanta, amelyet nedves reped\u00e9sek, betonlapok k\u00f6z\u00f6tti szegmensek, szennyv\u00edzcs\u00f6vek, stb. t\u00f6m\u00edt\u00e9s\u00e9re haszn\u00e1lnak. V\u00edzzel val\u00f3 \u00e9rintkez\u00e9s sz\u00fcks\u00e9ges a reakci\u00f3 elind\u00edt\u00e1s\u00e1hoz Alacsony viszkozit\u00e1s Kiv\u00e1l\u00f3 t\u00f6m\u00edt\u00e9si tulajdons\u00e1gok t\u00f6m\u00edt\u00e9si tulajdons\u00e1gok Egykomponens\u0171 term\u00e9k R\u00f6vid v\u00e1laszad\u00e1si ind\u00edt\u00e1si id\u0151 J\u00f3 k\u00e9miai, termikus \u00e9s mechanikai ellen\u00e1ll\u00e1s. Alkalmaz\u00e1si ter\u00fcletek Szerkezetek t\u00f6m\u00edt\u00e9se a v\u00edzbehatol\u00e1s ellen Falazott szerkezetek reped\u00e9seinek t\u00f6m\u00edt\u00e9se V\u00e1laszthat\u00f3 kieg\u00e9sz\u00edt\u0151 [&hellip;]<\/p>\n","protected":false},"featured_media":42014,"template":"","meta":{"_acf_changed":false},"product_brand":[],"product_cat":[1900],"product_tag":[],"class_list":{"0":"post-43942","1":"product","2":"type-product","3":"status-publish","4":"has-post-thumbnail","6":"product_cat-injekcios-gyantak","7":"pa_weight-of-the-resin-1-kg-hu","8":"pa_weight-of-the-resin-10-kg-hu","9":"pa_weight-of-the-resin-5-kg-hu","11":"first","12":"instock","13":"taxable","14":"shipping-taxable","15":"product-type-variable"},"acf":[],"yoast_head":"<!-- This site is optimized with the Yoast SEO plugin v27.3 - https:\/\/yoast.com\/product\/yoast-seo-wordpress\/ -->\n<title>Egykomponens\u0171 injekci\u00f3s hab EasyInject - PAKERY.PL<\/title>\n<meta name=\"description\" content=\"Nagynyom\u00e1s\u00fa injekt\u00e1l\u00e1s | Injekt\u00e1l\u00f3 t\u00f6m\u00edt\u0151g\u00e9pek | Injekt\u00e1l\u00f3 gyant\u00e1k | V\u00edzszigetel\u00e9s\" \/>\n<meta name=\"robots\" content=\"index, follow, max-snippet:-1, max-image-preview:large, max-video-preview:-1\" \/>\n<link rel=\"canonical\" href=\"https:\/\/www.pakery.pl\/hu\/produkt\/egykomponensu-injekcios-hab-easyinject\/\" \/>\n<meta property=\"og:locale\" content=\"hu_HU\" \/>\n<meta property=\"og:type\" content=\"article\" \/>\n<meta property=\"og:title\" content=\"Egykomponens\u0171 injekci\u00f3s hab EasyInject - PAKERY.PL\" \/>\n<meta property=\"og:description\" content=\"Nagynyom\u00e1s\u00fa injekt\u00e1l\u00e1s | Injekt\u00e1l\u00f3 t\u00f6m\u00edt\u0151g\u00e9pek | Injekt\u00e1l\u00f3 gyant\u00e1k | V\u00edzszigetel\u00e9s\" \/>\n<meta property=\"og:url\" content=\"https:\/\/www.pakery.pl\/hu\/produkt\/egykomponensu-injekcios-hab-easyinject\/\" \/>\n<meta property=\"og:site_name\" content=\"PAKERY.PL\" \/>\n<meta property=\"article:modified_time\" content=\"2023-04-06T08:06:46+00:00\" \/>\n<meta property=\"og:image\" content=\"https:\/\/www.pakery.pl\/wp-content\/uploads\/2022\/11\/easyinject-5kg-1024x1024.png\" \/>\n\t<meta property=\"og:image:width\" content=\"1024\" \/>\n\t<meta property=\"og:image:height\" content=\"1024\" \/>\n\t<meta property=\"og:image:type\" content=\"image\/png\" \/>\n<meta name=\"twitter:card\" content=\"summary_large_image\" \/>\n<meta name=\"twitter:label1\" content=\"Becs\u00fclt olvas\u00e1si id\u0151\" \/>\n\t<meta name=\"twitter:data1\" content=\"1 perc\" \/>\n<script type=\"application\/ld+json\" class=\"yoast-schema-graph\">{\"@context\":\"https:\\\/\\\/schema.org\",\"@graph\":[{\"@type\":\"WebPage\",\"@id\":\"https:\\\/\\\/www.pakery.pl\\\/hu\\\/produkt\\\/egykomponensu-injekcios-hab-easyinject\\\/\",\"url\":\"https:\\\/\\\/www.pakery.pl\\\/hu\\\/produkt\\\/egykomponensu-injekcios-hab-easyinject\\\/\",\"name\":\"Egykomponens\u0171 injekci\u00f3s hab EasyInject - PAKERY.PL\",\"isPartOf\":{\"@id\":\"https:\\\/\\\/www.pakery.pl\\\/hu\\\/#website\"},\"primaryImageOfPage\":{\"@id\":\"https:\\\/\\\/www.pakery.pl\\\/hu\\\/produkt\\\/egykomponensu-injekcios-hab-easyinject\\\/#primaryimage\"},\"image\":{\"@id\":\"https:\\\/\\\/www.pakery.pl\\\/hu\\\/produkt\\\/egykomponensu-injekcios-hab-easyinject\\\/#primaryimage\"},\"thumbnailUrl\":\"https:\\\/\\\/www.pakery.pl\\\/wp-content\\\/uploads\\\/2022\\\/11\\\/easyinject-5kg.png\",\"datePublished\":\"2023-04-06T08:06:43+00:00\",\"dateModified\":\"2023-04-06T08:06:46+00:00\",\"description\":\"Nagynyom\u00e1s\u00fa injekt\u00e1l\u00e1s | Injekt\u00e1l\u00f3 t\u00f6m\u00edt\u0151g\u00e9pek | Injekt\u00e1l\u00f3 gyant\u00e1k | V\u00edzszigetel\u00e9s\",\"breadcrumb\":{\"@id\":\"https:\\\/\\\/www.pakery.pl\\\/hu\\\/produkt\\\/egykomponensu-injekcios-hab-easyinject\\\/#breadcrumb\"},\"inLanguage\":\"hu\",\"potentialAction\":[{\"@type\":\"ReadAction\",\"target\":[\"https:\\\/\\\/www.pakery.pl\\\/hu\\\/produkt\\\/egykomponensu-injekcios-hab-easyinject\\\/\"]}]},{\"@type\":\"ImageObject\",\"inLanguage\":\"hu\",\"@id\":\"https:\\\/\\\/www.pakery.pl\\\/hu\\\/produkt\\\/egykomponensu-injekcios-hab-easyinject\\\/#primaryimage\",\"url\":\"https:\\\/\\\/www.pakery.pl\\\/wp-content\\\/uploads\\\/2022\\\/11\\\/easyinject-5kg.png\",\"contentUrl\":\"https:\\\/\\\/www.pakery.pl\\\/wp-content\\\/uploads\\\/2022\\\/11\\\/easyinject-5kg.png\",\"width\":3000,\"height\":3000},{\"@type\":\"BreadcrumbList\",\"@id\":\"https:\\\/\\\/www.pakery.pl\\\/hu\\\/produkt\\\/egykomponensu-injekcios-hab-easyinject\\\/#breadcrumb\",\"itemListElement\":[{\"@type\":\"ListItem\",\"position\":1,\"name\":\"Strona g\u0142\u00f3wna\",\"item\":\"https:\\\/\\\/www.pakery.pl\\\/hu\\\/\"},{\"@type\":\"ListItem\",\"position\":2,\"name\":\"Bolt\",\"item\":\"https:\\\/\\\/www.pakery.pl\\\/hu\\\/bolt\\\/\"},{\"@type\":\"ListItem\",\"position\":3,\"name\":\"Egykomponens\u0171 injekci\u00f3s hab EasyInject\"}]},{\"@type\":\"WebSite\",\"@id\":\"https:\\\/\\\/www.pakery.pl\\\/hu\\\/#website\",\"url\":\"https:\\\/\\\/www.pakery.pl\\\/hu\\\/\",\"name\":\"Pakery.pl\",\"description\":\"Pakery iniekcyjne, Kotwy spiralne, Lance iniekcyjne, W\u0119\u017ce do iniekcji, Pompy iniekcyjne, Serwis pomp iniekcyjnych, Wynajem pomp do iniekcji\",\"publisher\":{\"@id\":\"https:\\\/\\\/www.pakery.pl\\\/hu\\\/#organization\"},\"potentialAction\":[{\"@type\":\"SearchAction\",\"target\":{\"@type\":\"EntryPoint\",\"urlTemplate\":\"https:\\\/\\\/www.pakery.pl\\\/hu\\\/?s={search_term_string}\"},\"query-input\":{\"@type\":\"PropertyValueSpecification\",\"valueRequired\":true,\"valueName\":\"search_term_string\"}}],\"inLanguage\":\"hu\"},{\"@type\":\"Organization\",\"@id\":\"https:\\\/\\\/www.pakery.pl\\\/hu\\\/#organization\",\"name\":\"PAKERY.PL\",\"url\":\"https:\\\/\\\/www.pakery.pl\\\/hu\\\/\",\"logo\":{\"@type\":\"ImageObject\",\"inLanguage\":\"hu\",\"@id\":\"https:\\\/\\\/www.pakery.pl\\\/hu\\\/#\\\/schema\\\/logo\\\/image\\\/\",\"url\":\"https:\\\/\\\/www.pakery.pl\\\/wp-content\\\/uploads\\\/2021\\\/04\\\/cropped-PAKERY-LOGO.png\",\"contentUrl\":\"https:\\\/\\\/www.pakery.pl\\\/wp-content\\\/uploads\\\/2021\\\/04\\\/cropped-PAKERY-LOGO.png\",\"width\":1529,\"height\":500,\"caption\":\"PAKERY.PL\"},\"image\":{\"@id\":\"https:\\\/\\\/www.pakery.pl\\\/hu\\\/#\\\/schema\\\/logo\\\/image\\\/\"}}]}<\/script>\n<!-- \/ Yoast SEO plugin. -->","yoast_head_json":{"title":"Egykomponens\u0171 injekci\u00f3s hab EasyInject - PAKERY.PL","description":"Nagynyom\u00e1s\u00fa injekt\u00e1l\u00e1s | Injekt\u00e1l\u00f3 t\u00f6m\u00edt\u0151g\u00e9pek | Injekt\u00e1l\u00f3 gyant\u00e1k | V\u00edzszigetel\u00e9s","robots":{"index":"index","follow":"follow","max-snippet":"max-snippet:-1","max-image-preview":"max-image-preview:large","max-video-preview":"max-video-preview:-1"},"canonical":"https:\/\/www.pakery.pl\/hu\/produkt\/egykomponensu-injekcios-hab-easyinject\/","og_locale":"hu_HU","og_type":"article","og_title":"Egykomponens\u0171 injekci\u00f3s hab EasyInject - PAKERY.PL","og_description":"Nagynyom\u00e1s\u00fa injekt\u00e1l\u00e1s | Injekt\u00e1l\u00f3 t\u00f6m\u00edt\u0151g\u00e9pek | Injekt\u00e1l\u00f3 gyant\u00e1k | V\u00edzszigetel\u00e9s","og_url":"https:\/\/www.pakery.pl\/hu\/produkt\/egykomponensu-injekcios-hab-easyinject\/","og_site_name":"PAKERY.PL","article_modified_time":"2023-04-06T08:06:46+00:00","og_image":[{"width":1024,"height":1024,"url":"https:\/\/www.pakery.pl\/wp-content\/uploads\/2022\/11\/easyinject-5kg-1024x1024.png","type":"image\/png"}],"twitter_card":"summary_large_image","twitter_misc":{"Becs\u00fclt olvas\u00e1si id\u0151":"1 perc"},"schema":{"@context":"https:\/\/schema.org","@graph":[{"@type":"WebPage","@id":"https:\/\/www.pakery.pl\/hu\/produkt\/egykomponensu-injekcios-hab-easyinject\/","url":"https:\/\/www.pakery.pl\/hu\/produkt\/egykomponensu-injekcios-hab-easyinject\/","name":"Egykomponens\u0171 injekci\u00f3s hab EasyInject - PAKERY.PL","isPartOf":{"@id":"https:\/\/www.pakery.pl\/hu\/#website"},"primaryImageOfPage":{"@id":"https:\/\/www.pakery.pl\/hu\/produkt\/egykomponensu-injekcios-hab-easyinject\/#primaryimage"},"image":{"@id":"https:\/\/www.pakery.pl\/hu\/produkt\/egykomponensu-injekcios-hab-easyinject\/#primaryimage"},"thumbnailUrl":"https:\/\/www.pakery.pl\/wp-content\/uploads\/2022\/11\/easyinject-5kg.png","datePublished":"2023-04-06T08:06:43+00:00","dateModified":"2023-04-06T08:06:46+00:00","description":"Nagynyom\u00e1s\u00fa injekt\u00e1l\u00e1s | Injekt\u00e1l\u00f3 t\u00f6m\u00edt\u0151g\u00e9pek | Injekt\u00e1l\u00f3 gyant\u00e1k | V\u00edzszigetel\u00e9s","breadcrumb":{"@id":"https:\/\/www.pakery.pl\/hu\/produkt\/egykomponensu-injekcios-hab-easyinject\/#breadcrumb"},"inLanguage":"hu","potentialAction":[{"@type":"ReadAction","target":["https:\/\/www.pakery.pl\/hu\/produkt\/egykomponensu-injekcios-hab-easyinject\/"]}]},{"@type":"ImageObject","inLanguage":"hu","@id":"https:\/\/www.pakery.pl\/hu\/produkt\/egykomponensu-injekcios-hab-easyinject\/#primaryimage","url":"https:\/\/www.pakery.pl\/wp-content\/uploads\/2022\/11\/easyinject-5kg.png","contentUrl":"https:\/\/www.pakery.pl\/wp-content\/uploads\/2022\/11\/easyinject-5kg.png","width":3000,"height":3000},{"@type":"BreadcrumbList","@id":"https:\/\/www.pakery.pl\/hu\/produkt\/egykomponensu-injekcios-hab-easyinject\/#breadcrumb","itemListElement":[{"@type":"ListItem","position":1,"name":"Strona g\u0142\u00f3wna","item":"https:\/\/www.pakery.pl\/hu\/"},{"@type":"ListItem","position":2,"name":"Bolt","item":"https:\/\/www.pakery.pl\/hu\/bolt\/"},{"@type":"ListItem","position":3,"name":"Egykomponens\u0171 injekci\u00f3s hab EasyInject"}]},{"@type":"WebSite","@id":"https:\/\/www.pakery.pl\/hu\/#website","url":"https:\/\/www.pakery.pl\/hu\/","name":"Pakery.pl","description":"Pakery iniekcyjne, Kotwy spiralne, Lance iniekcyjne, W\u0119\u017ce do iniekcji, Pompy iniekcyjne, Serwis pomp iniekcyjnych, Wynajem pomp do iniekcji","publisher":{"@id":"https:\/\/www.pakery.pl\/hu\/#organization"},"potentialAction":[{"@type":"SearchAction","target":{"@type":"EntryPoint","urlTemplate":"https:\/\/www.pakery.pl\/hu\/?s={search_term_string}"},"query-input":{"@type":"PropertyValueSpecification","valueRequired":true,"valueName":"search_term_string"}}],"inLanguage":"hu"},{"@type":"Organization","@id":"https:\/\/www.pakery.pl\/hu\/#organization","name":"PAKERY.PL","url":"https:\/\/www.pakery.pl\/hu\/","logo":{"@type":"ImageObject","inLanguage":"hu","@id":"https:\/\/www.pakery.pl\/hu\/#\/schema\/logo\/image\/","url":"https:\/\/www.pakery.pl\/wp-content\/uploads\/2021\/04\/cropped-PAKERY-LOGO.png","contentUrl":"https:\/\/www.pakery.pl\/wp-content\/uploads\/2021\/04\/cropped-PAKERY-LOGO.png","width":1529,"height":500,"caption":"PAKERY.PL"},"image":{"@id":"https:\/\/www.pakery.pl\/hu\/#\/schema\/logo\/image\/"}}]}},"_links":{"self":[{"href":"https:\/\/www.pakery.pl\/hu\/wp-json\/wp\/v2\/product\/43942","targetHints":{"allow":["GET"]}}],"collection":[{"href":"https:\/\/www.pakery.pl\/hu\/wp-json\/wp\/v2\/product"}],"about":[{"href":"https:\/\/www.pakery.pl\/hu\/wp-json\/wp\/v2\/types\/product"}],"version-history":[{"count":1,"href":"https:\/\/www.pakery.pl\/hu\/wp-json\/wp\/v2\/product\/43942\/revisions"}],"predecessor-version":[{"id":43946,"href":"https:\/\/www.pakery.pl\/hu\/wp-json\/wp\/v2\/product\/43942\/revisions\/43946"}],"wp:featuredmedia":[{"embeddable":true,"href":"https:\/\/www.pakery.pl\/hu\/wp-json\/wp\/v2\/media\/42014"}],"wp:attachment":[{"href":"https:\/\/www.pakery.pl\/hu\/wp-json\/wp\/v2\/media?parent=43942"}],"wp:term":[{"taxonomy":"product_brand","embeddable":true,"href":"https:\/\/www.pakery.pl\/hu\/wp-json\/wp\/v2\/product_brand?post=43942"},{"taxonomy":"product_cat","embeddable":true,"href":"https:\/\/www.pakery.pl\/hu\/wp-json\/wp\/v2\/product_cat?post=43942"},{"taxonomy":"product_tag","embeddable":true,"href":"https:\/\/www.pakery.pl\/hu\/wp-json\/wp\/v2\/product_tag?post=43942"}],"curies":[{"name":"wp","href":"https:\/\/api.w.org\/{rel}","templated":true}]}}