{"id":43772,"date":"2023-02-10T10:37:44","date_gmt":"2023-04-06T07:41:10","guid":{"rendered":"https:\/\/www.pakery.pl\/produkt\/injectcream-5l\/"},"modified":"2023-04-06T09:41:17","modified_gmt":"2023-04-06T07:41:17","slug":"injectcream-5l","status":"publish","type":"product","link":"https:\/\/www.pakery.pl\/hu\/produkt\/injectcream-5l\/","title":{"rendered":"InjectCream 5L"},"content":{"rendered":"\t\t<div data-elementor-type=\"product-post\" data-elementor-id=\"43772\" class=\"elementor elementor-43772 elementor-42686\" data-elementor-post-type=\"product\">\n\t\t\t\t\t\t<section class=\"elementor-section elementor-top-section elementor-element elementor-element-e85da8d elementor-section-boxed elementor-section-height-default elementor-section-height-default\" data-id=\"e85da8d\" data-element_type=\"section\" data-e-type=\"section\">\n\t\t\t\t\t\t<div class=\"elementor-container elementor-column-gap-default\">\n\t\t\t\t\t<div class=\"elementor-column elementor-col-100 elementor-top-column elementor-element elementor-element-948eccc\" data-id=\"948eccc\" data-element_type=\"column\" data-e-type=\"column\">\n\t\t\t<div class=\"elementor-widget-wrap elementor-element-populated\">\n\t\t\t\t\t\t<div class=\"elementor-element elementor-element-bdd7857 elementor-widget elementor-widget-image\" data-id=\"bdd7857\" data-element_type=\"widget\" data-e-type=\"widget\" data-widget_type=\"image.default\">\n\t\t\t\t<div class=\"elementor-widget-container\">\n\t\t\t\t\t\t\t\t\t\t\t\t\t\t\t<img fetchpriority=\"high\" decoding=\"async\" width=\"1024\" height=\"262\" src=\"https:\/\/www.pakery.pl\/wp-content\/uploads\/2023\/02\/Zrzut-ekranu-2023-04-5-o-10.23.17-1024x262.png\" class=\"attachment-large size-large wp-image-43123\" alt=\"\" srcset=\"https:\/\/www.pakery.pl\/wp-content\/uploads\/2023\/02\/Zrzut-ekranu-2023-04-5-o-10.23.17-1024x262.png 1024w, https:\/\/www.pakery.pl\/wp-content\/uploads\/2023\/02\/Zrzut-ekranu-2023-04-5-o-10.23.17-300x77.png 300w, https:\/\/www.pakery.pl\/wp-content\/uploads\/2023\/02\/Zrzut-ekranu-2023-04-5-o-10.23.17-768x196.png 768w, https:\/\/www.pakery.pl\/wp-content\/uploads\/2023\/02\/Zrzut-ekranu-2023-04-5-o-10.23.17-683x175.png 683w, https:\/\/www.pakery.pl\/wp-content\/uploads\/2023\/02\/Zrzut-ekranu-2023-04-5-o-10.23.17-602x154.png 602w, https:\/\/www.pakery.pl\/wp-content\/uploads\/2023\/02\/Zrzut-ekranu-2023-04-5-o-10.23.17.png 1338w\" sizes=\"(max-width: 1024px) 100vw, 1024px\" \/>\t\t\t\t\t\t\t\t\t\t\t\t\t\t\t<\/div>\n\t\t\t\t<\/div>\n\t\t\t\t\t<\/div>\n\t\t<\/div>\n\t\t\t\t\t<\/div>\n\t\t<\/section>\n\t\t\t\t<section class=\"elementor-section elementor-top-section elementor-element elementor-element-1bc13e2 elementor-section-boxed elementor-section-height-default elementor-section-height-default\" data-id=\"1bc13e2\" data-element_type=\"section\" data-e-type=\"section\">\n\t\t\t\t\t\t<div class=\"elementor-container elementor-column-gap-default\">\n\t\t\t\t\t<div class=\"elementor-column elementor-col-50 elementor-top-column elementor-element elementor-element-f21c1b7\" data-id=\"f21c1b7\" data-element_type=\"column\" data-e-type=\"column\">\n\t\t\t<div class=\"elementor-widget-wrap elementor-element-populated\">\n\t\t\t\t\t\t<div class=\"elementor-element elementor-element-21f3946 elementor-widget elementor-widget-text-editor\" data-id=\"21f3946\" data-element_type=\"widget\" data-e-type=\"widget\" data-widget_type=\"text-editor.default\">\n\t\t\t\t<div class=\"elementor-widget-container\">\n\t\t\t\t\t\t\t\t\t<div class=\"page\" style=\"caret-color: #000000; color: #000000;\" title=\"1. oldal\">\n<div class=\"section\">\n<div class=\"layoutArea\">\n<div class=\"column\">\n<p><span style=\"font-size: 14pt; font-family: ArialNarrow; font-weight: bold; color: #14408a;\">  Alkalmaz\u00e1si ter\u00fclet  <\/span><\/p>\n<\/div>\n<\/div>\n<\/div>\n<\/div>\n\t\t\t\t\t\t\t\t<\/div>\n\t\t\t\t<\/div>\n\t\t\t\t\t<\/div>\n\t\t<\/div>\n\t\t\t\t<div class=\"elementor-column elementor-col-50 elementor-top-column elementor-element elementor-element-780db41\" data-id=\"780db41\" data-element_type=\"column\" data-e-type=\"column\">\n\t\t\t<div class=\"elementor-widget-wrap\">\n\t\t\t\t\t\t\t<\/div>\n\t\t<\/div>\n\t\t\t\t\t<\/div>\n\t\t<\/section>\n\t\t\t\t<section class=\"elementor-section elementor-top-section elementor-element elementor-element-5460cb7 elementor-section-boxed elementor-section-height-default elementor-section-height-default\" data-id=\"5460cb7\" data-element_type=\"section\" data-e-type=\"section\">\n\t\t\t\t\t\t<div class=\"elementor-container elementor-column-gap-default\">\n\t\t\t\t\t<div class=\"elementor-column elementor-col-50 elementor-top-column elementor-element elementor-element-d6dd0be\" data-id=\"d6dd0be\" data-element_type=\"column\" data-e-type=\"column\">\n\t\t\t<div class=\"elementor-widget-wrap elementor-element-populated\">\n\t\t\t\t\t\t<div class=\"elementor-element elementor-element-399102c elementor-widget elementor-widget-image\" data-id=\"399102c\" data-element_type=\"widget\" data-e-type=\"widget\" data-widget_type=\"image.default\">\n\t\t\t\t<div class=\"elementor-widget-container\">\n\t\t\t\t\t\t\t\t\t\t\t\t\t\t\t<img decoding=\"async\" width=\"206\" height=\"122\" src=\"https:\/\/www.pakery.pl\/wp-content\/uploads\/2023\/02\/Zrzut-ekranu-2023-04-5-o-10.27.14.png\" class=\"attachment-medium size-medium wp-image-43148\" alt=\"\" \/>\t\t\t\t\t\t\t\t\t\t\t\t\t\t\t<\/div>\n\t\t\t\t<\/div>\n\t\t\t\t\t<\/div>\n\t\t<\/div>\n\t\t\t\t<div class=\"elementor-column elementor-col-50 elementor-top-column elementor-element elementor-element-8fdb2de\" data-id=\"8fdb2de\" data-element_type=\"column\" data-e-type=\"column\">\n\t\t\t<div class=\"elementor-widget-wrap elementor-element-populated\">\n\t\t\t\t\t\t<div class=\"elementor-element elementor-element-10f9741 elementor-widget elementor-widget-text-editor\" data-id=\"10f9741\" data-element_type=\"widget\" data-e-type=\"widget\" data-widget_type=\"text-editor.default\">\n\t\t\t\t<div class=\"elementor-widget-container\">\n\t\t\t\t\t\t\t\t\t<div class=\"page\" title=\"1. oldal\">\n<div class=\"section\">\n<div class=\"layoutArea\">\n<div class=\"column\">\n<div class=\"page\" title=\"1. oldal\">\n<div class=\"section\">\n<div class=\"layoutArea\">\n<div class=\"column\">\n<ul>\n<li>\n<h6><span style=\"color: #000000;\">V\u00edzszintes befecskendez\u00e9s belt\u00e9ren \u00e9s k\u00fclt\u00e9ren<\/span><\/h6>\n<\/li>\n<li>\n<h6><span style=\"color: #000000;\">t\u00e9gla \/ klinker \/ betont\u00f6mb\u00f6k \/ k\u0151falaz\u00e1s \/ \u00fcreges blokkok<\/span><\/h6>\n<\/li>\n<\/ul>\n<\/div>\n<\/div>\n<\/div>\n<\/div>\n<\/div>\n<\/div>\n<\/div>\n<\/div>\n\t\t\t\t\t\t\t\t<\/div>\n\t\t\t\t<\/div>\n\t\t\t\t\t<\/div>\n\t\t<\/div>\n\t\t\t\t\t<\/div>\n\t\t<\/section>\n\t\t\t\t<section class=\"elementor-section elementor-top-section elementor-element elementor-element-cabc2f5 elementor-section-boxed elementor-section-height-default elementor-section-height-default\" data-id=\"cabc2f5\" data-element_type=\"section\" data-e-type=\"section\">\n\t\t\t\t\t\t<div class=\"elementor-container elementor-column-gap-default\">\n\t\t\t\t\t<div class=\"elementor-column elementor-col-100 elementor-top-column elementor-element elementor-element-5194377\" data-id=\"5194377\" data-element_type=\"column\" data-e-type=\"column\">\n\t\t\t<div class=\"elementor-widget-wrap elementor-element-populated\">\n\t\t\t\t\t\t<section class=\"elementor-section elementor-inner-section elementor-element elementor-element-d29b9b9 elementor-section-boxed elementor-section-height-default elementor-section-height-default\" data-id=\"d29b9b9\" data-element_type=\"section\" data-e-type=\"section\">\n\t\t\t\t\t\t<div class=\"elementor-container elementor-column-gap-default\">\n\t\t\t\t\t<div class=\"elementor-column elementor-col-50 elementor-inner-column elementor-element elementor-element-48e63ec\" data-id=\"48e63ec\" data-element_type=\"column\" data-e-type=\"column\">\n\t\t\t<div class=\"elementor-widget-wrap elementor-element-populated\">\n\t\t\t\t\t\t<div class=\"elementor-element elementor-element-4fac2af elementor-widget elementor-widget-text-editor\" data-id=\"4fac2af\" data-element_type=\"widget\" data-e-type=\"widget\" data-widget_type=\"text-editor.default\">\n\t\t\t\t<div class=\"elementor-widget-container\">\n\t\t\t\t\t\t\t\t\t<div title=\"2. oldal\">\n<div>\n<div>\n<div>\n<p><span style=\"caret-color: #000000; color: #14408a; font-family: ArialNarrow; font-size: 18.66666603088379px; font-weight: bold;\">Haszn\u00e1lati utas\u00edt\u00e1s<\/span><\/p>\n<\/div>\n<\/div>\n<\/div>\n<\/div>\n\t\t\t\t\t\t\t\t<\/div>\n\t\t\t\t<\/div>\n\t\t\t\t\t<\/div>\n\t\t<\/div>\n\t\t\t\t<div class=\"elementor-column elementor-col-50 elementor-inner-column elementor-element elementor-element-7d1f426\" data-id=\"7d1f426\" data-element_type=\"column\" data-e-type=\"column\">\n\t\t\t<div class=\"elementor-widget-wrap elementor-element-populated\">\n\t\t\t\t\t\t<div class=\"elementor-element elementor-element-b22ae36 elementor-widget elementor-widget-text-editor\" data-id=\"b22ae36\" data-element_type=\"widget\" data-e-type=\"widget\" data-widget_type=\"text-editor.default\">\n\t\t\t\t<div class=\"elementor-widget-container\">\n\t\t\t\t\t\t\t\t\t<ul>\n<li>\n<h6><span style=\"color: #000000;\">F\u00far\u00e1s a legals\u00f3 \u00edz\u00fcletben<\/span><\/h6>\n<\/li>\n<li>\n<h6><span style=\"color: #000000;\">A javasolt befecskendez\u0151 lyuk \u00e1tm\u00e9r\u0151je \u230012 &#8211; 14mm<\/span><\/h6>\n<\/li>\n<li>\n<h6><span style=\"color: #000000;\">A falra mer\u0151leges f\u00far\u00e1s &#8222;v\u00edzszintes&#8221;<\/span><\/h6>\n<\/li>\n<li>\n<h6><span style=\"color: #000000;\">A f\u00far\u00e1s m\u00e9lys\u00e9ge a fal vastags\u00e1ga m\u00ednusz 2-4 cm.<\/span><\/h6>\n<\/li>\n<li>\n<h6><span style=\"color: #000000;\">F\u00far\u00e1sok 10 cm-enk\u00e9nt<\/span><\/h6>\n<\/li>\n<li>\n<h6><span style=\"color: #000000;\">Alacsony abszorpci\u00f3s falazat eset\u00e9n k\u00e9tsoros injekt\u00e1l\u00e1st javasolunk (8-10 cm-es sor felett v\u00edzszintes eltol\u00e1ssal).<\/span><\/h6>\n<\/li>\n<li>\n<h6><span style=\"color: #000000;\">Lyukak f\u00fav\u00e1sa s\u0171r\u00edtett leveg\u0151vel<\/span><\/h6>\n<\/li>\n<li>\n<h6><span style=\"color: #000000;\">Az anyagot k\u00e9zi\/pneumatikus szivatty\u00faval kell befecskendezni, amelyhez csapot (\u230010 &#8211; 12 mm \u00e1tm\u00e9r\u0151j\u0171 cs\u00f6vet \u00e9s furathossz\u00fas\u00e1got) kell haszn\u00e1lni. Helyezze be a cs\u00f6vet a f\u00far\u00f3lyuk teljes m\u00e9lys\u00e9g\u00e9ig, \u00e9s a kr\u00e9m befecskendez\u00e9se k\u00f6zben lassan h\u00fazza ki, am\u00edg a f\u00far\u00f3lyuk teljesen \u00e9s egyenletesen meg nem telik (\u00edgy semleges\u00edti a l\u00e9gp\u00e1rn\u00e1t, amely a kr\u00e9m nyom\u00e1s \u00e1ltali befecskendez\u00e9s\u00e9vel j\u00f6nne l\u00e9tre).<\/span><\/h6>\n<\/li>\n<li>\n<h6><span style=\"color: #000000;\">A lyuk kit\u00f6lt\u00e9se ut\u00e1n z\u00e1rja le a lyukat ResinBau CrackOn.5 habarccsal, \u00e9s szintezze ki a fel\u00fcletet.<\/span><\/h6>\n<\/li>\n<\/ul>\n\t\t\t\t\t\t\t\t<\/div>\n\t\t\t\t<\/div>\n\t\t\t\t\t<\/div>\n\t\t<\/div>\n\t\t\t\t\t<\/div>\n\t\t<\/section>\n\t\t\t\t\t<\/div>\n\t\t<\/div>\n\t\t\t\t\t<\/div>\n\t\t<\/section>\n\t\t\t\t<section class=\"elementor-section elementor-top-section elementor-element elementor-element-269e3ad elementor-section-boxed elementor-section-height-default elementor-section-height-default\" data-id=\"269e3ad\" data-element_type=\"section\" data-e-type=\"section\">\n\t\t\t\t\t\t<div class=\"elementor-container elementor-column-gap-default\">\n\t\t\t\t\t<div class=\"elementor-column elementor-col-100 elementor-top-column elementor-element elementor-element-0bc2857\" data-id=\"0bc2857\" data-element_type=\"column\" data-e-type=\"column\">\n\t\t\t<div class=\"elementor-widget-wrap elementor-element-populated\">\n\t\t\t\t\t\t<section class=\"elementor-section elementor-inner-section elementor-element elementor-element-b1f5f01 elementor-section-boxed elementor-section-height-default elementor-section-height-default\" data-id=\"b1f5f01\" data-element_type=\"section\" data-e-type=\"section\">\n\t\t\t\t\t\t<div class=\"elementor-container elementor-column-gap-default\">\n\t\t\t\t\t<div class=\"elementor-column elementor-col-50 elementor-inner-column elementor-element elementor-element-fe8da6d\" data-id=\"fe8da6d\" data-element_type=\"column\" data-e-type=\"column\">\n\t\t\t<div class=\"elementor-widget-wrap elementor-element-populated\">\n\t\t\t\t\t\t<div class=\"elementor-element elementor-element-5e68dfb elementor-widget elementor-widget-text-editor\" data-id=\"5e68dfb\" data-element_type=\"widget\" data-e-type=\"widget\" data-widget_type=\"text-editor.default\">\n\t\t\t\t<div class=\"elementor-widget-container\">\n\t\t\t\t\t\t\t\t\t<div title=\"2. oldal\">\n<div>\n<div>\n<div>\n<p><span style=\"color: #14408a; font-family: ArialNarrow; font-size: large;\"><span style=\"caret-color: #000000;\"><b>Let\u00f6lt\u00e9s<\/b><\/span><\/span><\/p>\n<\/div>\n<\/div>\n<\/div>\n<\/div>\n\t\t\t\t\t\t\t\t<\/div>\n\t\t\t\t<\/div>\n\t\t\t\t\t<\/div>\n\t\t<\/div>\n\t\t\t\t<div class=\"elementor-column elementor-col-50 elementor-inner-column elementor-element elementor-element-e2241c7\" data-id=\"e2241c7\" data-element_type=\"column\" data-e-type=\"column\">\n\t\t\t<div class=\"elementor-widget-wrap elementor-element-populated\">\n\t\t\t\t\t\t<div class=\"elementor-element elementor-element-71009ea elementor-align-left elementor-widget elementor-widget-button\" data-id=\"71009ea\" data-element_type=\"widget\" data-e-type=\"widget\" data-widget_type=\"button.default\">\n\t\t\t\t<div class=\"elementor-widget-container\">\n\t\t\t\t\t\t\t\t\t<div class=\"elementor-button-wrapper\">\n\t\t\t\t\t<a class=\"elementor-button elementor-button-link elementor-size-sm\" href=\"https:\/\/www.pakery.pl\/wp-content\/uploads\/2023\/04\/ResinBau-InjectCream-KT.pdf\" target=\"_blank\">\n\t\t\t\t\t\t<span class=\"elementor-button-content-wrapper\">\n\t\t\t\t\t\t\t\t\t<span class=\"elementor-button-text\">M\u0171szaki charta<\/span>\n\t\t\t\t\t<\/span>\n\t\t\t\t\t<\/a>\n\t\t\t\t<\/div>\n\t\t\t\t\t\t\t\t<\/div>\n\t\t\t\t<\/div>\n\t\t\t\t<div class=\"elementor-element elementor-element-ccb32a7 elementor-widget elementor-widget-spacer\" data-id=\"ccb32a7\" data-element_type=\"widget\" data-e-type=\"widget\" data-widget_type=\"spacer.default\">\n\t\t\t\t<div class=\"elementor-widget-container\">\n\t\t\t\t\t\t\t<div class=\"elementor-spacer\">\n\t\t\t<div class=\"elementor-spacer-inner\"><\/div>\n\t\t<\/div>\n\t\t\t\t\t\t<\/div>\n\t\t\t\t<\/div>\n\t\t\t\t<div class=\"elementor-element elementor-element-fdcc73b elementor-widget elementor-widget-spacer\" data-id=\"fdcc73b\" data-element_type=\"widget\" data-e-type=\"widget\" data-widget_type=\"spacer.default\">\n\t\t\t\t<div class=\"elementor-widget-container\">\n\t\t\t\t\t\t\t<div class=\"elementor-spacer\">\n\t\t\t<div class=\"elementor-spacer-inner\"><\/div>\n\t\t<\/div>\n\t\t\t\t\t\t<\/div>\n\t\t\t\t<\/div>\n\t\t\t\t\t<\/div>\n\t\t<\/div>\n\t\t\t\t\t<\/div>\n\t\t<\/section>\n\t\t\t\t\t<\/div>\n\t\t<\/div>\n\t\t\t\t\t<\/div>\n\t\t<\/section>\n\t\t\t\t<\/div>\n\t\t","protected":false},"excerpt":{"rendered":"<p>Alkalmaz\u00e1si ter\u00fclet V\u00edzszintes befecskendez\u00e9s belt\u00e9ren \u00e9s k\u00fclt\u00e9ren t\u00e9gla \/ klinker \/ betont\u00f6mb\u00f6k \/ k\u0151falaz\u00e1s \/ \u00fcreges blokkok Haszn\u00e1lati utas\u00edt\u00e1s F\u00far\u00e1s a legals\u00f3 \u00edz\u00fcletben A javasolt befecskendez\u0151 lyuk \u00e1tm\u00e9r\u0151je \u230012 &#8211; 14mm A falra mer\u0151leges f\u00far\u00e1s &#8222;v\u00edzszintes&#8221; A f\u00far\u00e1s m\u00e9lys\u00e9ge a fal vastags\u00e1ga m\u00ednusz 2-4 cm. F\u00far\u00e1sok 10 cm-enk\u00e9nt Alacsony abszorpci\u00f3s falazat eset\u00e9n k\u00e9tsoros injekt\u00e1l\u00e1st javasolunk [&hellip;]<\/p>\n","protected":false},"featured_media":42699,"template":"","meta":{"_acf_changed":false},"product_brand":[],"product_cat":[1900],"product_tag":[],"class_list":{"0":"post-43772","1":"product","2":"type-product","3":"status-publish","4":"has-post-thumbnail","6":"product_cat-injekcios-gyantak","8":"first","9":"instock","10":"taxable","11":"shipping-taxable","12":"product-type-simple"},"acf":[],"yoast_head":"<!-- This site is optimized with the Yoast SEO plugin v27.3 - https:\/\/yoast.com\/product\/yoast-seo-wordpress\/ -->\n<title>InjectCream 5L - PAKERY.PL<\/title>\n<meta name=\"description\" content=\"InjectCream | V\u00edzszintes szigetel\u00e9s | \u00c9p\u00fcletbefecskendez\u00e9sek | ResinBau\" \/>\n<meta name=\"robots\" content=\"index, follow, max-snippet:-1, max-image-preview:large, max-video-preview:-1\" \/>\n<link rel=\"canonical\" href=\"https:\/\/www.pakery.pl\/hu\/produkt\/injectcream-5l\/\" \/>\n<meta property=\"og:locale\" content=\"hu_HU\" \/>\n<meta property=\"og:type\" content=\"article\" \/>\n<meta property=\"og:title\" content=\"InjectCream 5L - PAKERY.PL\" \/>\n<meta property=\"og:description\" content=\"InjectCream | V\u00edzszintes szigetel\u00e9s | \u00c9p\u00fcletbefecskendez\u00e9sek | ResinBau\" \/>\n<meta property=\"og:url\" content=\"https:\/\/www.pakery.pl\/hu\/produkt\/injectcream-5l\/\" \/>\n<meta property=\"og:site_name\" content=\"PAKERY.PL\" \/>\n<meta property=\"article:modified_time\" content=\"2023-04-06T07:41:17+00:00\" \/>\n<meta property=\"og:image\" content=\"https:\/\/www.pakery.pl\/wp-content\/uploads\/2023\/02\/Inject_Cream-1024x1024.png\" \/>\n\t<meta property=\"og:image:width\" content=\"1024\" \/>\n\t<meta property=\"og:image:height\" content=\"1024\" \/>\n\t<meta property=\"og:image:type\" content=\"image\/png\" \/>\n<meta name=\"twitter:card\" content=\"summary_large_image\" \/>\n<meta name=\"twitter:label1\" content=\"Becs\u00fclt olvas\u00e1si id\u0151\" \/>\n\t<meta name=\"twitter:data1\" content=\"1 perc\" \/>\n<script type=\"application\/ld+json\" class=\"yoast-schema-graph\">{\"@context\":\"https:\\\/\\\/schema.org\",\"@graph\":[{\"@type\":\"WebPage\",\"@id\":\"https:\\\/\\\/www.pakery.pl\\\/hu\\\/produkt\\\/injectcream-5l\\\/\",\"url\":\"https:\\\/\\\/www.pakery.pl\\\/hu\\\/produkt\\\/injectcream-5l\\\/\",\"name\":\"InjectCream 5L - PAKERY.PL\",\"isPartOf\":{\"@id\":\"https:\\\/\\\/www.pakery.pl\\\/hu\\\/#website\"},\"primaryImageOfPage\":{\"@id\":\"https:\\\/\\\/www.pakery.pl\\\/hu\\\/produkt\\\/injectcream-5l\\\/#primaryimage\"},\"image\":{\"@id\":\"https:\\\/\\\/www.pakery.pl\\\/hu\\\/produkt\\\/injectcream-5l\\\/#primaryimage\"},\"thumbnailUrl\":\"https:\\\/\\\/www.pakery.pl\\\/wp-content\\\/uploads\\\/2023\\\/02\\\/Inject_Cream.png\",\"datePublished\":\"2023-04-06T07:41:10+00:00\",\"dateModified\":\"2023-04-06T07:41:17+00:00\",\"description\":\"InjectCream | V\u00edzszintes szigetel\u00e9s | \u00c9p\u00fcletbefecskendez\u00e9sek | ResinBau\",\"breadcrumb\":{\"@id\":\"https:\\\/\\\/www.pakery.pl\\\/hu\\\/produkt\\\/injectcream-5l\\\/#breadcrumb\"},\"inLanguage\":\"hu\",\"potentialAction\":[{\"@type\":\"ReadAction\",\"target\":[\"https:\\\/\\\/www.pakery.pl\\\/hu\\\/produkt\\\/injectcream-5l\\\/\"]}]},{\"@type\":\"ImageObject\",\"inLanguage\":\"hu\",\"@id\":\"https:\\\/\\\/www.pakery.pl\\\/hu\\\/produkt\\\/injectcream-5l\\\/#primaryimage\",\"url\":\"https:\\\/\\\/www.pakery.pl\\\/wp-content\\\/uploads\\\/2023\\\/02\\\/Inject_Cream.png\",\"contentUrl\":\"https:\\\/\\\/www.pakery.pl\\\/wp-content\\\/uploads\\\/2023\\\/02\\\/Inject_Cream.png\",\"width\":3000,\"height\":3000},{\"@type\":\"BreadcrumbList\",\"@id\":\"https:\\\/\\\/www.pakery.pl\\\/hu\\\/produkt\\\/injectcream-5l\\\/#breadcrumb\",\"itemListElement\":[{\"@type\":\"ListItem\",\"position\":1,\"name\":\"Strona g\u0142\u00f3wna\",\"item\":\"https:\\\/\\\/www.pakery.pl\\\/hu\\\/\"},{\"@type\":\"ListItem\",\"position\":2,\"name\":\"Bolt\",\"item\":\"https:\\\/\\\/www.pakery.pl\\\/hu\\\/bolt\\\/\"},{\"@type\":\"ListItem\",\"position\":3,\"name\":\"InjectCream 5L\"}]},{\"@type\":\"WebSite\",\"@id\":\"https:\\\/\\\/www.pakery.pl\\\/hu\\\/#website\",\"url\":\"https:\\\/\\\/www.pakery.pl\\\/hu\\\/\",\"name\":\"Pakery.pl\",\"description\":\"Pakery iniekcyjne, Kotwy spiralne, Lance iniekcyjne, W\u0119\u017ce do iniekcji, Pompy iniekcyjne, Serwis pomp iniekcyjnych, Wynajem pomp do iniekcji\",\"publisher\":{\"@id\":\"https:\\\/\\\/www.pakery.pl\\\/hu\\\/#organization\"},\"potentialAction\":[{\"@type\":\"SearchAction\",\"target\":{\"@type\":\"EntryPoint\",\"urlTemplate\":\"https:\\\/\\\/www.pakery.pl\\\/hu\\\/?s={search_term_string}\"},\"query-input\":{\"@type\":\"PropertyValueSpecification\",\"valueRequired\":true,\"valueName\":\"search_term_string\"}}],\"inLanguage\":\"hu\"},{\"@type\":\"Organization\",\"@id\":\"https:\\\/\\\/www.pakery.pl\\\/hu\\\/#organization\",\"name\":\"PAKERY.PL\",\"url\":\"https:\\\/\\\/www.pakery.pl\\\/hu\\\/\",\"logo\":{\"@type\":\"ImageObject\",\"inLanguage\":\"hu\",\"@id\":\"https:\\\/\\\/www.pakery.pl\\\/hu\\\/#\\\/schema\\\/logo\\\/image\\\/\",\"url\":\"https:\\\/\\\/www.pakery.pl\\\/wp-content\\\/uploads\\\/2021\\\/04\\\/cropped-PAKERY-LOGO.png\",\"contentUrl\":\"https:\\\/\\\/www.pakery.pl\\\/wp-content\\\/uploads\\\/2021\\\/04\\\/cropped-PAKERY-LOGO.png\",\"width\":1529,\"height\":500,\"caption\":\"PAKERY.PL\"},\"image\":{\"@id\":\"https:\\\/\\\/www.pakery.pl\\\/hu\\\/#\\\/schema\\\/logo\\\/image\\\/\"}}]}<\/script>\n<!-- \/ Yoast SEO plugin. -->","yoast_head_json":{"title":"InjectCream 5L - PAKERY.PL","description":"InjectCream | V\u00edzszintes szigetel\u00e9s | \u00c9p\u00fcletbefecskendez\u00e9sek | ResinBau","robots":{"index":"index","follow":"follow","max-snippet":"max-snippet:-1","max-image-preview":"max-image-preview:large","max-video-preview":"max-video-preview:-1"},"canonical":"https:\/\/www.pakery.pl\/hu\/produkt\/injectcream-5l\/","og_locale":"hu_HU","og_type":"article","og_title":"InjectCream 5L - PAKERY.PL","og_description":"InjectCream | V\u00edzszintes szigetel\u00e9s | \u00c9p\u00fcletbefecskendez\u00e9sek | ResinBau","og_url":"https:\/\/www.pakery.pl\/hu\/produkt\/injectcream-5l\/","og_site_name":"PAKERY.PL","article_modified_time":"2023-04-06T07:41:17+00:00","og_image":[{"width":1024,"height":1024,"url":"https:\/\/www.pakery.pl\/wp-content\/uploads\/2023\/02\/Inject_Cream-1024x1024.png","type":"image\/png"}],"twitter_card":"summary_large_image","twitter_misc":{"Becs\u00fclt olvas\u00e1si id\u0151":"1 perc"},"schema":{"@context":"https:\/\/schema.org","@graph":[{"@type":"WebPage","@id":"https:\/\/www.pakery.pl\/hu\/produkt\/injectcream-5l\/","url":"https:\/\/www.pakery.pl\/hu\/produkt\/injectcream-5l\/","name":"InjectCream 5L - PAKERY.PL","isPartOf":{"@id":"https:\/\/www.pakery.pl\/hu\/#website"},"primaryImageOfPage":{"@id":"https:\/\/www.pakery.pl\/hu\/produkt\/injectcream-5l\/#primaryimage"},"image":{"@id":"https:\/\/www.pakery.pl\/hu\/produkt\/injectcream-5l\/#primaryimage"},"thumbnailUrl":"https:\/\/www.pakery.pl\/wp-content\/uploads\/2023\/02\/Inject_Cream.png","datePublished":"2023-04-06T07:41:10+00:00","dateModified":"2023-04-06T07:41:17+00:00","description":"InjectCream | V\u00edzszintes szigetel\u00e9s | \u00c9p\u00fcletbefecskendez\u00e9sek | ResinBau","breadcrumb":{"@id":"https:\/\/www.pakery.pl\/hu\/produkt\/injectcream-5l\/#breadcrumb"},"inLanguage":"hu","potentialAction":[{"@type":"ReadAction","target":["https:\/\/www.pakery.pl\/hu\/produkt\/injectcream-5l\/"]}]},{"@type":"ImageObject","inLanguage":"hu","@id":"https:\/\/www.pakery.pl\/hu\/produkt\/injectcream-5l\/#primaryimage","url":"https:\/\/www.pakery.pl\/wp-content\/uploads\/2023\/02\/Inject_Cream.png","contentUrl":"https:\/\/www.pakery.pl\/wp-content\/uploads\/2023\/02\/Inject_Cream.png","width":3000,"height":3000},{"@type":"BreadcrumbList","@id":"https:\/\/www.pakery.pl\/hu\/produkt\/injectcream-5l\/#breadcrumb","itemListElement":[{"@type":"ListItem","position":1,"name":"Strona g\u0142\u00f3wna","item":"https:\/\/www.pakery.pl\/hu\/"},{"@type":"ListItem","position":2,"name":"Bolt","item":"https:\/\/www.pakery.pl\/hu\/bolt\/"},{"@type":"ListItem","position":3,"name":"InjectCream 5L"}]},{"@type":"WebSite","@id":"https:\/\/www.pakery.pl\/hu\/#website","url":"https:\/\/www.pakery.pl\/hu\/","name":"Pakery.pl","description":"Pakery iniekcyjne, Kotwy spiralne, Lance iniekcyjne, W\u0119\u017ce do iniekcji, Pompy iniekcyjne, Serwis pomp iniekcyjnych, Wynajem pomp do iniekcji","publisher":{"@id":"https:\/\/www.pakery.pl\/hu\/#organization"},"potentialAction":[{"@type":"SearchAction","target":{"@type":"EntryPoint","urlTemplate":"https:\/\/www.pakery.pl\/hu\/?s={search_term_string}"},"query-input":{"@type":"PropertyValueSpecification","valueRequired":true,"valueName":"search_term_string"}}],"inLanguage":"hu"},{"@type":"Organization","@id":"https:\/\/www.pakery.pl\/hu\/#organization","name":"PAKERY.PL","url":"https:\/\/www.pakery.pl\/hu\/","logo":{"@type":"ImageObject","inLanguage":"hu","@id":"https:\/\/www.pakery.pl\/hu\/#\/schema\/logo\/image\/","url":"https:\/\/www.pakery.pl\/wp-content\/uploads\/2021\/04\/cropped-PAKERY-LOGO.png","contentUrl":"https:\/\/www.pakery.pl\/wp-content\/uploads\/2021\/04\/cropped-PAKERY-LOGO.png","width":1529,"height":500,"caption":"PAKERY.PL"},"image":{"@id":"https:\/\/www.pakery.pl\/hu\/#\/schema\/logo\/image\/"}}]}},"_links":{"self":[{"href":"https:\/\/www.pakery.pl\/hu\/wp-json\/wp\/v2\/product\/43772","targetHints":{"allow":["GET"]}}],"collection":[{"href":"https:\/\/www.pakery.pl\/hu\/wp-json\/wp\/v2\/product"}],"about":[{"href":"https:\/\/www.pakery.pl\/hu\/wp-json\/wp\/v2\/types\/product"}],"version-history":[{"count":3,"href":"https:\/\/www.pakery.pl\/hu\/wp-json\/wp\/v2\/product\/43772\/revisions"}],"predecessor-version":[{"id":43775,"href":"https:\/\/www.pakery.pl\/hu\/wp-json\/wp\/v2\/product\/43772\/revisions\/43775"}],"wp:featuredmedia":[{"embeddable":true,"href":"https:\/\/www.pakery.pl\/hu\/wp-json\/wp\/v2\/media\/42699"}],"wp:attachment":[{"href":"https:\/\/www.pakery.pl\/hu\/wp-json\/wp\/v2\/media?parent=43772"}],"wp:term":[{"taxonomy":"product_brand","embeddable":true,"href":"https:\/\/www.pakery.pl\/hu\/wp-json\/wp\/v2\/product_brand?post=43772"},{"taxonomy":"product_cat","embeddable":true,"href":"https:\/\/www.pakery.pl\/hu\/wp-json\/wp\/v2\/product_cat?post=43772"},{"taxonomy":"product_tag","embeddable":true,"href":"https:\/\/www.pakery.pl\/hu\/wp-json\/wp\/v2\/product_tag?post=43772"}],"curies":[{"name":"wp","href":"https:\/\/api.w.org\/{rel}","templated":true}]}}