{"id":10177,"date":"2021-06-21T10:29:24","date_gmt":"2021-08-09T16:20:31","guid":{"rendered":"https:\/\/www.pakery.pl\/produkt\/csomagolo-10-mm-es-befecskendezo-tomlok-toltesere\/"},"modified":"2021-08-09T18:20:33","modified_gmt":"2021-08-09T16:20:33","slug":"csomagolo-10-mm-es-befecskendezo-tomlok-toltesere","status":"publish","type":"product","link":"https:\/\/www.pakery.pl\/hu\/produkt\/csomagolo-10-mm-es-befecskendezo-tomlok-toltesere\/","title":{"rendered":"Csomagol\u00f3 10 mm -es befecskendez\u0151 t\u00f6ml\u0151k t\u00f6lt\u00e9s\u00e9re"},"content":{"rendered":"\t\t<div data-elementor-type=\"product-post\" data-elementor-id=\"10177\" class=\"elementor elementor-10177 elementor-4776\" data-elementor-post-type=\"product\">\n\t\t\t\t\t\t<section class=\"elementor-section elementor-top-section elementor-element elementor-element-4a6b40fb elementor-section-boxed elementor-section-height-default elementor-section-height-default\" data-id=\"4a6b40fb\" data-element_type=\"section\" data-e-type=\"section\">\n\t\t\t\t\t\t<div class=\"elementor-container elementor-column-gap-default\">\n\t\t\t\t\t<div class=\"elementor-column elementor-col-100 elementor-top-column elementor-element elementor-element-697e8798\" data-id=\"697e8798\" data-element_type=\"column\" data-e-type=\"column\">\n\t\t\t<div class=\"elementor-widget-wrap elementor-element-populated\">\n\t\t\t\t\t\t<div class=\"elementor-element elementor-element-315faae elementor-widget elementor-widget-text-editor\" data-id=\"315faae\" data-element_type=\"widget\" data-e-type=\"widget\" data-widget_type=\"text-editor.default\">\n\t\t\t\t<div class=\"elementor-widget-container\">\n\t\t\t\t\t\t\t\t\t<p><span style=\"color: #000000;\">A HO-END 8 a legmagasabb min\u0151s\u00e9g\u0171 befecskendez\u0151 t\u00f6ml\u0151k az injekci\u00f3s t\u00f6ml\u0151k felt\u00f6lt\u00e9s\u00e9re. A speci\u00e1lisan elrendezett ki\u00f6ml\u0151 megakad\u00e1lyozza a t\u00f6ml\u0151 elcs\u00fasz\u00e1s\u00e1t. A rendszer lehet\u0151 legnagyobb t\u00f6m\u00edtetts\u00e9g\u00e9nek fenntart\u00e1sa \u00e9rdek\u00e9ben aj\u00e1nlatos 15-18 mm-es binaur\u00e1lis dug\u00f3kat haszn\u00e1lni<\/span><\/p>\n<p><span style=\"color: #000000;\">A befecskendez\u0151 t\u00f6ml\u0151 t\u00f6ml\u0151kh\u00f6z k\u00fcl\u00f6n kaphat\u00f3, vagy v\u00e1ltozatban lapos vagy k\u00fapos szor\u00edt\u00f3val, menetes bevonattal. Az el\u0151felhord\u00e1s k\u00f6zvetlen\u00fcl a csavaroz\u00e1s ut\u00e1n lez\u00e1rja a kalamitot. Ez a rendszer lehet\u0151v\u00e9 teszi a befecskendez\u00e9s \u00e1raml\u00e1s\u00e1nak megfigyel\u00e9s\u00e9t.<\/span><\/p>\n<p><span style=\"color: #000000;\">Az \u00fcgyf\u00e9l kifejezett k\u00e9r\u00e9s\u00e9re g\u00e9ppel h\u00fazzuk meg a kalamereket.<\/span><\/p>\n\t\t\t\t\t\t\t\t<\/div>\n\t\t\t\t<\/div>\n\t\t\t\t<section class=\"elementor-section elementor-inner-section elementor-element elementor-element-6aaf61b elementor-section-boxed elementor-section-height-default elementor-section-height-default\" data-id=\"6aaf61b\" data-element_type=\"section\" data-e-type=\"section\">\n\t\t\t\t\t\t<div class=\"elementor-container elementor-column-gap-default\">\n\t\t\t\t\t<div class=\"elementor-column elementor-col-50 elementor-inner-column elementor-element elementor-element-d7bcdd3\" data-id=\"d7bcdd3\" data-element_type=\"column\" data-e-type=\"column\">\n\t\t\t<div class=\"elementor-widget-wrap elementor-element-populated\">\n\t\t\t\t\t\t<div class=\"elementor-element elementor-element-c7c9273 elementor-align-center elementor-widget elementor-widget-button\" data-id=\"c7c9273\" data-element_type=\"widget\" data-e-type=\"widget\" data-widget_type=\"button.default\">\n\t\t\t\t<div class=\"elementor-widget-container\">\n\t\t\t\t\t\t\t\t\t<div class=\"elementor-button-wrapper\">\n\t\t\t\t\t<a class=\"elementor-button elementor-button-link elementor-size-sm\" href=\"https:\/\/www.pakery.pl\/produkt\/cybant-zacisk-dwuuszny-na-weze-iniekcyjne\/\">\n\t\t\t\t\t\t<span class=\"elementor-button-content-wrapper\">\n\t\t\t\t\t\t\t\t\t<span class=\"elementor-button-text\">V\u00e1lasszon egy cybant <\/span>\n\t\t\t\t\t<\/span>\n\t\t\t\t\t<\/a>\n\t\t\t\t<\/div>\n\t\t\t\t\t\t\t\t<\/div>\n\t\t\t\t<\/div>\n\t\t\t\t\t<\/div>\n\t\t<\/div>\n\t\t\t\t<div class=\"elementor-column elementor-col-50 elementor-inner-column elementor-element elementor-element-6981aa4\" data-id=\"6981aa4\" data-element_type=\"column\" data-e-type=\"column\">\n\t\t\t<div class=\"elementor-widget-wrap elementor-element-populated\">\n\t\t\t\t\t\t<div class=\"elementor-element elementor-element-7ba36cd elementor-widget elementor-widget-image\" data-id=\"7ba36cd\" data-element_type=\"widget\" data-e-type=\"widget\" data-widget_type=\"image.default\">\n\t\t\t\t<div class=\"elementor-widget-container\">\n\t\t\t\t\t\t\t\t\t\t\t\t\t\t\t<img decoding=\"async\" width=\"150\" height=\"150\" src=\"https:\/\/www.pakery.pl\/wp-content\/uploads\/2021\/06\/cybant-15-150x150.png\" class=\"attachment-thumbnail size-thumbnail wp-image-10004\" alt=\"\" srcset=\"https:\/\/www.pakery.pl\/wp-content\/uploads\/2021\/06\/cybant-15-150x150.png 150w, https:\/\/www.pakery.pl\/wp-content\/uploads\/2021\/06\/cybant-15-110x110.png 110w\" sizes=\"(max-width: 150px) 100vw, 150px\" \/>\t\t\t\t\t\t\t\t\t\t\t\t\t\t\t<\/div>\n\t\t\t\t<\/div>\n\t\t\t\t\t<\/div>\n\t\t<\/div>\n\t\t\t\t\t<\/div>\n\t\t<\/section>\n\t\t\t\t\t<\/div>\n\t\t<\/div>\n\t\t\t\t\t<\/div>\n\t\t<\/section>\n\t\t\t\t<\/div>\n\t\t","protected":false},"excerpt":{"rendered":"<p>A HO-END 8 a legmagasabb min\u0151s\u00e9g\u0171 befecskendez\u0151 t\u00f6ml\u0151k az injekci\u00f3s t\u00f6ml\u0151k felt\u00f6lt\u00e9s\u00e9re. A speci\u00e1lisan elrendezett ki\u00f6ml\u0151 megakad\u00e1lyozza a t\u00f6ml\u0151 elcs\u00fasz\u00e1s\u00e1t. A rendszer lehet\u0151 legnagyobb t\u00f6m\u00edtetts\u00e9g\u00e9nek fenntart\u00e1sa \u00e9rdek\u00e9ben aj\u00e1nlatos 15-18 mm-es binaur\u00e1lis dug\u00f3kat haszn\u00e1lni A befecskendez\u0151 t\u00f6ml\u0151 t\u00f6ml\u0151kh\u00f6z k\u00fcl\u00f6n kaphat\u00f3, vagy v\u00e1ltozatban lapos vagy k\u00fapos szor\u00edt\u00f3val, menetes bevonattal. Az el\u0151felhord\u00e1s k\u00f6zvetlen\u00fcl a csavaroz\u00e1s ut\u00e1n lez\u00e1rja a [&hellip;]<\/p>\n","protected":false},"featured_media":10178,"template":"","meta":{"_acf_changed":false},"product_brand":[],"product_cat":[348],"product_tag":[],"class_list":{"0":"post-10177","1":"product","2":"type-product","3":"status-publish","4":"has-post-thumbnail","6":"product_cat-befecskendezo-tomlok","7":"pa_rodzaj-kalamitki-fpre-hu","8":"pa_rodzaj-kalamitki-fwg-hu","9":"pa_rodzaj-kalamitki-pre","10":"pa_rodzaj-kalamitki-swg-hu","12":"first","13":"instock","14":"taxable","15":"shipping-taxable","16":"purchasable","17":"product-type-variable","18":"has-default-attributes"},"acf":[],"yoast_head":"<!-- This site is optimized with the Yoast SEO plugin v27.3 - https:\/\/yoast.com\/product\/yoast-seo-wordpress\/ -->\n<title>Csomagol\u00f3 10 mm -es befecskendez\u0151 t\u00f6ml\u0151k t\u00f6lt\u00e9s\u00e9re - PAKERY.PL<\/title>\n<meta name=\"description\" content=\"Csomagol\u00f3 10 mm -es befecskendez\u0151 t\u00f6ml\u0151k felt\u00f6lt\u00e9s\u00e9re | Befecskendez\u0151 t\u00f6ml\u0151k\" \/>\n<meta name=\"robots\" content=\"index, follow, max-snippet:-1, max-image-preview:large, max-video-preview:-1\" \/>\n<link rel=\"canonical\" href=\"https:\/\/www.pakery.pl\/hu\/produkt\/csomagolo-10-mm-es-befecskendezo-tomlok-toltesere\/\" \/>\n<meta property=\"og:locale\" content=\"hu_HU\" \/>\n<meta property=\"og:type\" content=\"article\" \/>\n<meta property=\"og:title\" content=\"Csomagol\u00f3 10 mm -es befecskendez\u0151 t\u00f6ml\u0151k t\u00f6lt\u00e9s\u00e9re - PAKERY.PL\" \/>\n<meta property=\"og:description\" content=\"Csomagol\u00f3 10 mm -es befecskendez\u0151 t\u00f6ml\u0151k felt\u00f6lt\u00e9s\u00e9re | Befecskendez\u0151 t\u00f6ml\u0151k\" \/>\n<meta property=\"og:url\" content=\"https:\/\/www.pakery.pl\/hu\/produkt\/csomagolo-10-mm-es-befecskendezo-tomlok-toltesere\/\" \/>\n<meta property=\"og:site_name\" content=\"PAKERY.PL\" \/>\n<meta property=\"article:modified_time\" content=\"2021-08-09T16:20:33+00:00\" \/>\n<meta property=\"og:image\" content=\"https:\/\/www.pakery.pl\/wp-content\/uploads\/2021\/06\/PAKER-17-of-17-1024x1024.png\" \/>\n\t<meta property=\"og:image:width\" content=\"1024\" \/>\n\t<meta property=\"og:image:height\" content=\"1024\" \/>\n\t<meta property=\"og:image:type\" content=\"image\/png\" \/>\n<meta name=\"twitter:card\" content=\"summary_large_image\" \/>\n<meta name=\"twitter:label1\" content=\"Becs\u00fclt olvas\u00e1si id\u0151\" \/>\n\t<meta name=\"twitter:data1\" content=\"1 perc\" \/>\n<script type=\"application\/ld+json\" class=\"yoast-schema-graph\">{\"@context\":\"https:\\\/\\\/schema.org\",\"@graph\":[{\"@type\":\"WebPage\",\"@id\":\"https:\\\/\\\/www.pakery.pl\\\/hu\\\/produkt\\\/csomagolo-10-mm-es-befecskendezo-tomlok-toltesere\\\/\",\"url\":\"https:\\\/\\\/www.pakery.pl\\\/hu\\\/produkt\\\/csomagolo-10-mm-es-befecskendezo-tomlok-toltesere\\\/\",\"name\":\"Csomagol\u00f3 10 mm -es befecskendez\u0151 t\u00f6ml\u0151k t\u00f6lt\u00e9s\u00e9re - PAKERY.PL\",\"isPartOf\":{\"@id\":\"https:\\\/\\\/www.pakery.pl\\\/hu\\\/#website\"},\"primaryImageOfPage\":{\"@id\":\"https:\\\/\\\/www.pakery.pl\\\/hu\\\/produkt\\\/csomagolo-10-mm-es-befecskendezo-tomlok-toltesere\\\/#primaryimage\"},\"image\":{\"@id\":\"https:\\\/\\\/www.pakery.pl\\\/hu\\\/produkt\\\/csomagolo-10-mm-es-befecskendezo-tomlok-toltesere\\\/#primaryimage\"},\"thumbnailUrl\":\"https:\\\/\\\/www.pakery.pl\\\/wp-content\\\/uploads\\\/2021\\\/06\\\/PAKER-17-of-17.png\",\"datePublished\":\"2021-08-09T16:20:31+00:00\",\"dateModified\":\"2021-08-09T16:20:33+00:00\",\"description\":\"Csomagol\u00f3 10 mm -es befecskendez\u0151 t\u00f6ml\u0151k felt\u00f6lt\u00e9s\u00e9re | Befecskendez\u0151 t\u00f6ml\u0151k\",\"breadcrumb\":{\"@id\":\"https:\\\/\\\/www.pakery.pl\\\/hu\\\/produkt\\\/csomagolo-10-mm-es-befecskendezo-tomlok-toltesere\\\/#breadcrumb\"},\"inLanguage\":\"hu\",\"potentialAction\":[{\"@type\":\"ReadAction\",\"target\":[\"https:\\\/\\\/www.pakery.pl\\\/hu\\\/produkt\\\/csomagolo-10-mm-es-befecskendezo-tomlok-toltesere\\\/\"]}]},{\"@type\":\"ImageObject\",\"inLanguage\":\"hu\",\"@id\":\"https:\\\/\\\/www.pakery.pl\\\/hu\\\/produkt\\\/csomagolo-10-mm-es-befecskendezo-tomlok-toltesere\\\/#primaryimage\",\"url\":\"https:\\\/\\\/www.pakery.pl\\\/wp-content\\\/uploads\\\/2021\\\/06\\\/PAKER-17-of-17.png\",\"contentUrl\":\"https:\\\/\\\/www.pakery.pl\\\/wp-content\\\/uploads\\\/2021\\\/06\\\/PAKER-17-of-17.png\",\"width\":2500,\"height\":2500,\"caption\":\"Csomagol\u00f3 injekci\u00f3s t\u00f6ml\u0151kh\u00f6z\"},{\"@type\":\"BreadcrumbList\",\"@id\":\"https:\\\/\\\/www.pakery.pl\\\/hu\\\/produkt\\\/csomagolo-10-mm-es-befecskendezo-tomlok-toltesere\\\/#breadcrumb\",\"itemListElement\":[{\"@type\":\"ListItem\",\"position\":1,\"name\":\"Strona g\u0142\u00f3wna\",\"item\":\"https:\\\/\\\/www.pakery.pl\\\/hu\\\/\"},{\"@type\":\"ListItem\",\"position\":2,\"name\":\"Bolt\",\"item\":\"https:\\\/\\\/www.pakery.pl\\\/hu\\\/bolt\\\/\"},{\"@type\":\"ListItem\",\"position\":3,\"name\":\"Csomagol\u00f3 10 mm -es befecskendez\u0151 t\u00f6ml\u0151k t\u00f6lt\u00e9s\u00e9re\"}]},{\"@type\":\"WebSite\",\"@id\":\"https:\\\/\\\/www.pakery.pl\\\/hu\\\/#website\",\"url\":\"https:\\\/\\\/www.pakery.pl\\\/hu\\\/\",\"name\":\"Pakery.pl\",\"description\":\"Pakery iniekcyjne, Kotwy spiralne, Lance iniekcyjne, W\u0119\u017ce do iniekcji, Pompy iniekcyjne, Serwis pomp iniekcyjnych, Wynajem pomp do iniekcji\",\"publisher\":{\"@id\":\"https:\\\/\\\/www.pakery.pl\\\/hu\\\/#organization\"},\"potentialAction\":[{\"@type\":\"SearchAction\",\"target\":{\"@type\":\"EntryPoint\",\"urlTemplate\":\"https:\\\/\\\/www.pakery.pl\\\/hu\\\/?s={search_term_string}\"},\"query-input\":{\"@type\":\"PropertyValueSpecification\",\"valueRequired\":true,\"valueName\":\"search_term_string\"}}],\"inLanguage\":\"hu\"},{\"@type\":\"Organization\",\"@id\":\"https:\\\/\\\/www.pakery.pl\\\/hu\\\/#organization\",\"name\":\"PAKERY.PL\",\"url\":\"https:\\\/\\\/www.pakery.pl\\\/hu\\\/\",\"logo\":{\"@type\":\"ImageObject\",\"inLanguage\":\"hu\",\"@id\":\"https:\\\/\\\/www.pakery.pl\\\/hu\\\/#\\\/schema\\\/logo\\\/image\\\/\",\"url\":\"https:\\\/\\\/www.pakery.pl\\\/wp-content\\\/uploads\\\/2021\\\/04\\\/cropped-PAKERY-LOGO.png\",\"contentUrl\":\"https:\\\/\\\/www.pakery.pl\\\/wp-content\\\/uploads\\\/2021\\\/04\\\/cropped-PAKERY-LOGO.png\",\"width\":1529,\"height\":500,\"caption\":\"PAKERY.PL\"},\"image\":{\"@id\":\"https:\\\/\\\/www.pakery.pl\\\/hu\\\/#\\\/schema\\\/logo\\\/image\\\/\"}}]}<\/script>\n<!-- \/ Yoast SEO plugin. -->","yoast_head_json":{"title":"Csomagol\u00f3 10 mm -es befecskendez\u0151 t\u00f6ml\u0151k t\u00f6lt\u00e9s\u00e9re - PAKERY.PL","description":"Csomagol\u00f3 10 mm -es befecskendez\u0151 t\u00f6ml\u0151k felt\u00f6lt\u00e9s\u00e9re | Befecskendez\u0151 t\u00f6ml\u0151k","robots":{"index":"index","follow":"follow","max-snippet":"max-snippet:-1","max-image-preview":"max-image-preview:large","max-video-preview":"max-video-preview:-1"},"canonical":"https:\/\/www.pakery.pl\/hu\/produkt\/csomagolo-10-mm-es-befecskendezo-tomlok-toltesere\/","og_locale":"hu_HU","og_type":"article","og_title":"Csomagol\u00f3 10 mm -es befecskendez\u0151 t\u00f6ml\u0151k t\u00f6lt\u00e9s\u00e9re - PAKERY.PL","og_description":"Csomagol\u00f3 10 mm -es befecskendez\u0151 t\u00f6ml\u0151k felt\u00f6lt\u00e9s\u00e9re | Befecskendez\u0151 t\u00f6ml\u0151k","og_url":"https:\/\/www.pakery.pl\/hu\/produkt\/csomagolo-10-mm-es-befecskendezo-tomlok-toltesere\/","og_site_name":"PAKERY.PL","article_modified_time":"2021-08-09T16:20:33+00:00","og_image":[{"width":1024,"height":1024,"url":"https:\/\/www.pakery.pl\/wp-content\/uploads\/2021\/06\/PAKER-17-of-17-1024x1024.png","type":"image\/png"}],"twitter_card":"summary_large_image","twitter_misc":{"Becs\u00fclt olvas\u00e1si id\u0151":"1 perc"},"schema":{"@context":"https:\/\/schema.org","@graph":[{"@type":"WebPage","@id":"https:\/\/www.pakery.pl\/hu\/produkt\/csomagolo-10-mm-es-befecskendezo-tomlok-toltesere\/","url":"https:\/\/www.pakery.pl\/hu\/produkt\/csomagolo-10-mm-es-befecskendezo-tomlok-toltesere\/","name":"Csomagol\u00f3 10 mm -es befecskendez\u0151 t\u00f6ml\u0151k t\u00f6lt\u00e9s\u00e9re - PAKERY.PL","isPartOf":{"@id":"https:\/\/www.pakery.pl\/hu\/#website"},"primaryImageOfPage":{"@id":"https:\/\/www.pakery.pl\/hu\/produkt\/csomagolo-10-mm-es-befecskendezo-tomlok-toltesere\/#primaryimage"},"image":{"@id":"https:\/\/www.pakery.pl\/hu\/produkt\/csomagolo-10-mm-es-befecskendezo-tomlok-toltesere\/#primaryimage"},"thumbnailUrl":"https:\/\/www.pakery.pl\/wp-content\/uploads\/2021\/06\/PAKER-17-of-17.png","datePublished":"2021-08-09T16:20:31+00:00","dateModified":"2021-08-09T16:20:33+00:00","description":"Csomagol\u00f3 10 mm -es befecskendez\u0151 t\u00f6ml\u0151k felt\u00f6lt\u00e9s\u00e9re | Befecskendez\u0151 t\u00f6ml\u0151k","breadcrumb":{"@id":"https:\/\/www.pakery.pl\/hu\/produkt\/csomagolo-10-mm-es-befecskendezo-tomlok-toltesere\/#breadcrumb"},"inLanguage":"hu","potentialAction":[{"@type":"ReadAction","target":["https:\/\/www.pakery.pl\/hu\/produkt\/csomagolo-10-mm-es-befecskendezo-tomlok-toltesere\/"]}]},{"@type":"ImageObject","inLanguage":"hu","@id":"https:\/\/www.pakery.pl\/hu\/produkt\/csomagolo-10-mm-es-befecskendezo-tomlok-toltesere\/#primaryimage","url":"https:\/\/www.pakery.pl\/wp-content\/uploads\/2021\/06\/PAKER-17-of-17.png","contentUrl":"https:\/\/www.pakery.pl\/wp-content\/uploads\/2021\/06\/PAKER-17-of-17.png","width":2500,"height":2500,"caption":"Csomagol\u00f3 injekci\u00f3s t\u00f6ml\u0151kh\u00f6z"},{"@type":"BreadcrumbList","@id":"https:\/\/www.pakery.pl\/hu\/produkt\/csomagolo-10-mm-es-befecskendezo-tomlok-toltesere\/#breadcrumb","itemListElement":[{"@type":"ListItem","position":1,"name":"Strona g\u0142\u00f3wna","item":"https:\/\/www.pakery.pl\/hu\/"},{"@type":"ListItem","position":2,"name":"Bolt","item":"https:\/\/www.pakery.pl\/hu\/bolt\/"},{"@type":"ListItem","position":3,"name":"Csomagol\u00f3 10 mm -es befecskendez\u0151 t\u00f6ml\u0151k t\u00f6lt\u00e9s\u00e9re"}]},{"@type":"WebSite","@id":"https:\/\/www.pakery.pl\/hu\/#website","url":"https:\/\/www.pakery.pl\/hu\/","name":"Pakery.pl","description":"Pakery iniekcyjne, Kotwy spiralne, Lance iniekcyjne, W\u0119\u017ce do iniekcji, Pompy iniekcyjne, Serwis pomp iniekcyjnych, Wynajem pomp do iniekcji","publisher":{"@id":"https:\/\/www.pakery.pl\/hu\/#organization"},"potentialAction":[{"@type":"SearchAction","target":{"@type":"EntryPoint","urlTemplate":"https:\/\/www.pakery.pl\/hu\/?s={search_term_string}"},"query-input":{"@type":"PropertyValueSpecification","valueRequired":true,"valueName":"search_term_string"}}],"inLanguage":"hu"},{"@type":"Organization","@id":"https:\/\/www.pakery.pl\/hu\/#organization","name":"PAKERY.PL","url":"https:\/\/www.pakery.pl\/hu\/","logo":{"@type":"ImageObject","inLanguage":"hu","@id":"https:\/\/www.pakery.pl\/hu\/#\/schema\/logo\/image\/","url":"https:\/\/www.pakery.pl\/wp-content\/uploads\/2021\/04\/cropped-PAKERY-LOGO.png","contentUrl":"https:\/\/www.pakery.pl\/wp-content\/uploads\/2021\/04\/cropped-PAKERY-LOGO.png","width":1529,"height":500,"caption":"PAKERY.PL"},"image":{"@id":"https:\/\/www.pakery.pl\/hu\/#\/schema\/logo\/image\/"}}]}},"_links":{"self":[{"href":"https:\/\/www.pakery.pl\/hu\/wp-json\/wp\/v2\/product\/10177","targetHints":{"allow":["GET"]}}],"collection":[{"href":"https:\/\/www.pakery.pl\/hu\/wp-json\/wp\/v2\/product"}],"about":[{"href":"https:\/\/www.pakery.pl\/hu\/wp-json\/wp\/v2\/types\/product"}],"version-history":[{"count":1,"href":"https:\/\/www.pakery.pl\/hu\/wp-json\/wp\/v2\/product\/10177\/revisions"}],"predecessor-version":[{"id":10187,"href":"https:\/\/www.pakery.pl\/hu\/wp-json\/wp\/v2\/product\/10177\/revisions\/10187"}],"wp:featuredmedia":[{"embeddable":true,"href":"https:\/\/www.pakery.pl\/hu\/wp-json\/wp\/v2\/media\/10178"}],"wp:attachment":[{"href":"https:\/\/www.pakery.pl\/hu\/wp-json\/wp\/v2\/media?parent=10177"}],"wp:term":[{"taxonomy":"product_brand","embeddable":true,"href":"https:\/\/www.pakery.pl\/hu\/wp-json\/wp\/v2\/product_brand?post=10177"},{"taxonomy":"product_cat","embeddable":true,"href":"https:\/\/www.pakery.pl\/hu\/wp-json\/wp\/v2\/product_cat?post=10177"},{"taxonomy":"product_tag","embeddable":true,"href":"https:\/\/www.pakery.pl\/hu\/wp-json\/wp\/v2\/product_tag?post=10177"}],"curies":[{"name":"wp","href":"https:\/\/api.w.org\/{rel}","templated":true}]}}