{"id":49662,"date":"2021-04-11T09:49:09","date_gmt":"2025-05-15T09:58:51","guid":{"rendered":"https:\/\/www.pakery.pl\/produkt\/injekcijski-paker-pi-spm-13-110\/"},"modified":"2025-05-15T12:16:40","modified_gmt":"2025-05-15T10:16:40","slug":"pi-spm-13-110","status":"publish","type":"product","link":"https:\/\/www.pakery.pl\/hr\/produkt\/pi-spm-13-110\/","title":{"rendered":"Injekcijski paker PI-SPM 13\/110"},"content":{"rendered":"\t\t<div data-elementor-type=\"product-post\" data-elementor-id=\"49662\" class=\"elementor elementor-49662 elementor-1317\" data-elementor-post-type=\"product\">\n\t\t\t\t\t\t<section class=\"elementor-section elementor-top-section elementor-element elementor-element-ca5e2e4 elementor-section-full_width elementor-section-height-default elementor-section-height-default\" data-id=\"ca5e2e4\" data-element_type=\"section\" data-e-type=\"section\">\n\t\t\t\t\t\t<div class=\"elementor-container elementor-column-gap-default\">\n\t\t\t\t\t<div class=\"elementor-column elementor-col-100 elementor-top-column elementor-element elementor-element-0911722\" data-id=\"0911722\" data-element_type=\"column\" data-e-type=\"column\">\n\t\t\t<div class=\"elementor-widget-wrap elementor-element-populated\">\n\t\t\t\t\t\t<div class=\"elementor-element elementor-element-63bcdb3 elementor-widget elementor-widget-text-editor\" data-id=\"63bcdb3\" data-element_type=\"widget\" data-e-type=\"widget\" data-widget_type=\"text-editor.default\">\n\t\t\t\t<div class=\"elementor-widget-container\">\n\t\t\t\t\t\t\t\t\t<p><span style=\"color: #000000;\">Vode\u0107i model godinama je PI-SPM paker iz <strong>profesionalne serije.<\/strong> Injektor osigurava izvrsnu nepropusnost i uzorno sidrenje. Injektor je prikladan za bilo koju vrstu injekcije. Osigurava uzornu nepropusnost bradavice i ekspanzijskog dijela tijekom ubrizgavanja pod visokim i niskim tlakom.  <\/span><\/p>\n<p><span style=\"color: #000000;\">Zahvaljuju\u0107i specijaliziranim \u010deljustima, pakeri savr\u0161eno odr\u017eavaju povratni tlak (ne &#8220;cure&#8221;).<\/span><\/p>\n<p><span style=\"color: #000000;\"><em><strong>SWG mazalice<\/strong> mehani\u010dki su zategnute dodatkom anaerobnog ljepila, \u0161to jam\u010di \u010dvrsti spoj navoja m6x1.  <\/em><\/span><\/p>\n<p><span style=\"color: #000000;\"><em><strong>Pakeri s PRE niplom<\/strong> imaju prethodno naneseni navoj premaza, zahvaljuju\u0107i kojem posti\u017eemo trenutnu nepropusnost kada se nipl zavrne.<\/em><\/span><\/p>\n\t\t\t\t\t\t\t\t<\/div>\n\t\t\t\t<\/div>\n\t\t\t\t\t<\/div>\n\t\t<\/div>\n\t\t\t\t\t<\/div>\n\t\t<\/section>\n\t\t\t\t<\/div>\n\t\t","protected":false},"excerpt":{"rendered":"<p>Vode\u0107i model godinama je PI-SPM paker iz profesionalne serije. Injektor osigurava izvrsnu nepropusnost i uzorno sidrenje. Injektor je prikladan za bilo koju vrstu injekcije. Osigurava uzornu nepropusnost bradavice i ekspanzijskog dijela tijekom ubrizgavanja pod visokim i niskim tlakom. Zahvaljuju\u0107i specijaliziranim \u010deljustima, pakeri savr\u0161eno odr\u017eavaju povratni tlak (ne &#8220;cure&#8221;). SWG mazalice mehani\u010dki su zategnute dodatkom anaerobnog [&hellip;]<\/p>\n","protected":false},"featured_media":49663,"template":"","meta":{"_acf_changed":false},"product_brand":[],"product_cat":[1281,2005],"product_tag":[],"class_list":{"0":"post-49662","1":"product","2":"type-product","3":"status-publish","4":"has-post-thumbnail","6":"product_cat-metalni-pakeri","7":"product_cat-pakeri-za-injektiranje","8":"pa_rodzaj-kalamitki-fwg-hr","9":"pa_rodzaj-kalamitki-pre","10":"pa_rodzaj-kalamitki-swg-hr","12":"first","13":"instock","14":"taxable","15":"shipping-taxable","16":"purchasable","17":"product-type-variable"},"acf":[],"yoast_head":"<!-- This site is optimized with the Yoast SEO plugin v27.3 - https:\/\/yoast.com\/product\/yoast-seo-wordpress\/ -->\n<title>Pakeri za injektiranje | Injekcijski paker PI-SPM 13\/110 - PAKERY.PL<\/title>\n<meta name=\"description\" content=\"Paker za injektiranje fi 13. Iznimna nepropusnost \u010dak i pri vrlo visokom tlaku. Odaberite svoju vrstu lignji\" \/>\n<meta name=\"robots\" content=\"index, follow, max-snippet:-1, max-image-preview:large, max-video-preview:-1\" \/>\n<link rel=\"canonical\" href=\"https:\/\/www.pakery.pl\/hr\/produkt\/pi-spm-13-110\/\" \/>\n<meta property=\"og:locale\" content=\"hr_HR\" \/>\n<meta property=\"og:type\" content=\"article\" \/>\n<meta property=\"og:title\" content=\"Pakeri za injektiranje | Injekcijski paker PI-SPM 13\/110 - PAKERY.PL\" \/>\n<meta property=\"og:description\" content=\"Paker za injektiranje fi 13. Iznimna nepropusnost \u010dak i pri vrlo visokom tlaku. Odaberite svoju vrstu lignji\" \/>\n<meta property=\"og:url\" content=\"https:\/\/www.pakery.pl\/hr\/produkt\/pi-spm-13-110\/\" \/>\n<meta property=\"og:site_name\" content=\"PAKERY.PL\" \/>\n<meta property=\"article:modified_time\" content=\"2025-05-15T10:16:40+00:00\" \/>\n<meta property=\"og:image\" content=\"https:\/\/www.pakery.pl\/wp-content\/uploads\/2021\/04\/PI-SPM-13110-1024x1024.png\" \/>\n\t<meta property=\"og:image:width\" content=\"1024\" \/>\n\t<meta property=\"og:image:height\" content=\"1024\" \/>\n\t<meta property=\"og:image:type\" content=\"image\/png\" \/>\n<meta name=\"twitter:card\" content=\"summary_large_image\" \/>\n<script type=\"application\/ld+json\" class=\"yoast-schema-graph\">{\"@context\":\"https:\\\/\\\/schema.org\",\"@graph\":[{\"@type\":\"WebPage\",\"@id\":\"https:\\\/\\\/www.pakery.pl\\\/hr\\\/produkt\\\/pi-spm-13-110\\\/\",\"url\":\"https:\\\/\\\/www.pakery.pl\\\/hr\\\/produkt\\\/pi-spm-13-110\\\/\",\"name\":\"Pakeri za injektiranje | Injekcijski paker PI-SPM 13\\\/110 - PAKERY.PL\",\"isPartOf\":{\"@id\":\"https:\\\/\\\/www.pakery.pl\\\/hr\\\/#website\"},\"primaryImageOfPage\":{\"@id\":\"https:\\\/\\\/www.pakery.pl\\\/hr\\\/produkt\\\/pi-spm-13-110\\\/#primaryimage\"},\"image\":{\"@id\":\"https:\\\/\\\/www.pakery.pl\\\/hr\\\/produkt\\\/pi-spm-13-110\\\/#primaryimage\"},\"thumbnailUrl\":\"https:\\\/\\\/www.pakery.pl\\\/wp-content\\\/uploads\\\/2021\\\/04\\\/PI-SPM-13110.png\",\"datePublished\":\"2025-05-15T09:58:51+00:00\",\"dateModified\":\"2025-05-15T10:16:40+00:00\",\"description\":\"Paker za injektiranje fi 13. Iznimna nepropusnost \u010dak i pri vrlo visokom tlaku. Odaberite svoju vrstu lignji\",\"breadcrumb\":{\"@id\":\"https:\\\/\\\/www.pakery.pl\\\/hr\\\/produkt\\\/pi-spm-13-110\\\/#breadcrumb\"},\"inLanguage\":\"hr\",\"potentialAction\":[{\"@type\":\"ReadAction\",\"target\":[\"https:\\\/\\\/www.pakery.pl\\\/hr\\\/produkt\\\/pi-spm-13-110\\\/\"]}]},{\"@type\":\"ImageObject\",\"inLanguage\":\"hr\",\"@id\":\"https:\\\/\\\/www.pakery.pl\\\/hr\\\/produkt\\\/pi-spm-13-110\\\/#primaryimage\",\"url\":\"https:\\\/\\\/www.pakery.pl\\\/wp-content\\\/uploads\\\/2021\\\/04\\\/PI-SPM-13110.png\",\"contentUrl\":\"https:\\\/\\\/www.pakery.pl\\\/wp-content\\\/uploads\\\/2021\\\/04\\\/PI-SPM-13110.png\",\"width\":2500,\"height\":2500},{\"@type\":\"BreadcrumbList\",\"@id\":\"https:\\\/\\\/www.pakery.pl\\\/hr\\\/produkt\\\/pi-spm-13-110\\\/#breadcrumb\",\"itemListElement\":[{\"@type\":\"ListItem\",\"position\":1,\"name\":\"Strona g\u0142\u00f3wna\",\"item\":\"https:\\\/\\\/www.pakery.pl\\\/hr\\\/\"},{\"@type\":\"ListItem\",\"position\":2,\"name\":\"Trgovina\",\"item\":\"https:\\\/\\\/www.pakery.pl\\\/hr\\\/trgovina\\\/\"},{\"@type\":\"ListItem\",\"position\":3,\"name\":\"Injekcijski paker PI-SPM 13\\\/110\"}]},{\"@type\":\"WebSite\",\"@id\":\"https:\\\/\\\/www.pakery.pl\\\/hr\\\/#website\",\"url\":\"https:\\\/\\\/www.pakery.pl\\\/hr\\\/\",\"name\":\"Pakery.pl\",\"description\":\"Pakery iniekcyjne, Kotwy spiralne, Lance iniekcyjne, W\u0119\u017ce do iniekcji, Pompy iniekcyjne, Serwis pomp iniekcyjnych, Wynajem pomp do iniekcji\",\"publisher\":{\"@id\":\"https:\\\/\\\/www.pakery.pl\\\/hr\\\/#organization\"},\"potentialAction\":[{\"@type\":\"SearchAction\",\"target\":{\"@type\":\"EntryPoint\",\"urlTemplate\":\"https:\\\/\\\/www.pakery.pl\\\/hr\\\/?s={search_term_string}\"},\"query-input\":{\"@type\":\"PropertyValueSpecification\",\"valueRequired\":true,\"valueName\":\"search_term_string\"}}],\"inLanguage\":\"hr\"},{\"@type\":\"Organization\",\"@id\":\"https:\\\/\\\/www.pakery.pl\\\/hr\\\/#organization\",\"name\":\"PAKERY.PL\",\"url\":\"https:\\\/\\\/www.pakery.pl\\\/hr\\\/\",\"logo\":{\"@type\":\"ImageObject\",\"inLanguage\":\"hr\",\"@id\":\"https:\\\/\\\/www.pakery.pl\\\/hr\\\/#\\\/schema\\\/logo\\\/image\\\/\",\"url\":\"https:\\\/\\\/www.pakery.pl\\\/wp-content\\\/uploads\\\/2021\\\/04\\\/cropped-PAKERY-LOGO.png\",\"contentUrl\":\"https:\\\/\\\/www.pakery.pl\\\/wp-content\\\/uploads\\\/2021\\\/04\\\/cropped-PAKERY-LOGO.png\",\"width\":1529,\"height\":500,\"caption\":\"PAKERY.PL\"},\"image\":{\"@id\":\"https:\\\/\\\/www.pakery.pl\\\/hr\\\/#\\\/schema\\\/logo\\\/image\\\/\"}}]}<\/script>\n<!-- \/ Yoast SEO plugin. -->","yoast_head_json":{"title":"Pakeri za injektiranje | Injekcijski paker PI-SPM 13\/110 - PAKERY.PL","description":"Paker za injektiranje fi 13. Iznimna nepropusnost \u010dak i pri vrlo visokom tlaku. Odaberite svoju vrstu lignji","robots":{"index":"index","follow":"follow","max-snippet":"max-snippet:-1","max-image-preview":"max-image-preview:large","max-video-preview":"max-video-preview:-1"},"canonical":"https:\/\/www.pakery.pl\/hr\/produkt\/pi-spm-13-110\/","og_locale":"hr_HR","og_type":"article","og_title":"Pakeri za injektiranje | Injekcijski paker PI-SPM 13\/110 - PAKERY.PL","og_description":"Paker za injektiranje fi 13. Iznimna nepropusnost \u010dak i pri vrlo visokom tlaku. Odaberite svoju vrstu lignji","og_url":"https:\/\/www.pakery.pl\/hr\/produkt\/pi-spm-13-110\/","og_site_name":"PAKERY.PL","article_modified_time":"2025-05-15T10:16:40+00:00","og_image":[{"width":1024,"height":1024,"url":"https:\/\/www.pakery.pl\/wp-content\/uploads\/2021\/04\/PI-SPM-13110-1024x1024.png","type":"image\/png"}],"twitter_card":"summary_large_image","schema":{"@context":"https:\/\/schema.org","@graph":[{"@type":"WebPage","@id":"https:\/\/www.pakery.pl\/hr\/produkt\/pi-spm-13-110\/","url":"https:\/\/www.pakery.pl\/hr\/produkt\/pi-spm-13-110\/","name":"Pakeri za injektiranje | Injekcijski paker PI-SPM 13\/110 - PAKERY.PL","isPartOf":{"@id":"https:\/\/www.pakery.pl\/hr\/#website"},"primaryImageOfPage":{"@id":"https:\/\/www.pakery.pl\/hr\/produkt\/pi-spm-13-110\/#primaryimage"},"image":{"@id":"https:\/\/www.pakery.pl\/hr\/produkt\/pi-spm-13-110\/#primaryimage"},"thumbnailUrl":"https:\/\/www.pakery.pl\/wp-content\/uploads\/2021\/04\/PI-SPM-13110.png","datePublished":"2025-05-15T09:58:51+00:00","dateModified":"2025-05-15T10:16:40+00:00","description":"Paker za injektiranje fi 13. Iznimna nepropusnost \u010dak i pri vrlo visokom tlaku. Odaberite svoju vrstu lignji","breadcrumb":{"@id":"https:\/\/www.pakery.pl\/hr\/produkt\/pi-spm-13-110\/#breadcrumb"},"inLanguage":"hr","potentialAction":[{"@type":"ReadAction","target":["https:\/\/www.pakery.pl\/hr\/produkt\/pi-spm-13-110\/"]}]},{"@type":"ImageObject","inLanguage":"hr","@id":"https:\/\/www.pakery.pl\/hr\/produkt\/pi-spm-13-110\/#primaryimage","url":"https:\/\/www.pakery.pl\/wp-content\/uploads\/2021\/04\/PI-SPM-13110.png","contentUrl":"https:\/\/www.pakery.pl\/wp-content\/uploads\/2021\/04\/PI-SPM-13110.png","width":2500,"height":2500},{"@type":"BreadcrumbList","@id":"https:\/\/www.pakery.pl\/hr\/produkt\/pi-spm-13-110\/#breadcrumb","itemListElement":[{"@type":"ListItem","position":1,"name":"Strona g\u0142\u00f3wna","item":"https:\/\/www.pakery.pl\/hr\/"},{"@type":"ListItem","position":2,"name":"Trgovina","item":"https:\/\/www.pakery.pl\/hr\/trgovina\/"},{"@type":"ListItem","position":3,"name":"Injekcijski paker PI-SPM 13\/110"}]},{"@type":"WebSite","@id":"https:\/\/www.pakery.pl\/hr\/#website","url":"https:\/\/www.pakery.pl\/hr\/","name":"Pakery.pl","description":"Pakery iniekcyjne, Kotwy spiralne, Lance iniekcyjne, W\u0119\u017ce do iniekcji, Pompy iniekcyjne, Serwis pomp iniekcyjnych, Wynajem pomp do iniekcji","publisher":{"@id":"https:\/\/www.pakery.pl\/hr\/#organization"},"potentialAction":[{"@type":"SearchAction","target":{"@type":"EntryPoint","urlTemplate":"https:\/\/www.pakery.pl\/hr\/?s={search_term_string}"},"query-input":{"@type":"PropertyValueSpecification","valueRequired":true,"valueName":"search_term_string"}}],"inLanguage":"hr"},{"@type":"Organization","@id":"https:\/\/www.pakery.pl\/hr\/#organization","name":"PAKERY.PL","url":"https:\/\/www.pakery.pl\/hr\/","logo":{"@type":"ImageObject","inLanguage":"hr","@id":"https:\/\/www.pakery.pl\/hr\/#\/schema\/logo\/image\/","url":"https:\/\/www.pakery.pl\/wp-content\/uploads\/2021\/04\/cropped-PAKERY-LOGO.png","contentUrl":"https:\/\/www.pakery.pl\/wp-content\/uploads\/2021\/04\/cropped-PAKERY-LOGO.png","width":1529,"height":500,"caption":"PAKERY.PL"},"image":{"@id":"https:\/\/www.pakery.pl\/hr\/#\/schema\/logo\/image\/"}}]}},"_links":{"self":[{"href":"https:\/\/www.pakery.pl\/hr\/wp-json\/wp\/v2\/product\/49662","targetHints":{"allow":["GET"]}}],"collection":[{"href":"https:\/\/www.pakery.pl\/hr\/wp-json\/wp\/v2\/product"}],"about":[{"href":"https:\/\/www.pakery.pl\/hr\/wp-json\/wp\/v2\/types\/product"}],"version-history":[{"count":1,"href":"https:\/\/www.pakery.pl\/hr\/wp-json\/wp\/v2\/product\/49662\/revisions"}],"predecessor-version":[{"id":49667,"href":"https:\/\/www.pakery.pl\/hr\/wp-json\/wp\/v2\/product\/49662\/revisions\/49667"}],"wp:featuredmedia":[{"embeddable":true,"href":"https:\/\/www.pakery.pl\/hr\/wp-json\/wp\/v2\/media\/49663"}],"wp:attachment":[{"href":"https:\/\/www.pakery.pl\/hr\/wp-json\/wp\/v2\/media?parent=49662"}],"wp:term":[{"taxonomy":"product_brand","embeddable":true,"href":"https:\/\/www.pakery.pl\/hr\/wp-json\/wp\/v2\/product_brand?post=49662"},{"taxonomy":"product_cat","embeddable":true,"href":"https:\/\/www.pakery.pl\/hr\/wp-json\/wp\/v2\/product_cat?post=49662"},{"taxonomy":"product_tag","embeddable":true,"href":"https:\/\/www.pakery.pl\/hr\/wp-json\/wp\/v2\/product_tag?post=49662"}],"curies":[{"name":"wp","href":"https:\/\/api.w.org\/{rel}","templated":true}]}}