{"id":48597,"date":"2025-05-09T11:02:54","date_gmt":"2025-05-09T09:59:48","guid":{"rendered":"https:\/\/www.pakery.pl\/produkt\/injekcijski-paker-pi-spm-10-200\/"},"modified":"2025-05-09T11:59:48","modified_gmt":"2025-05-09T09:59:48","slug":"injekcijski-paker-pi-spm-10-200","status":"publish","type":"product","link":"https:\/\/www.pakery.pl\/hr\/produkt\/injekcijski-paker-pi-spm-10-200\/","title":{"rendered":"Injekcijski paker PI-SPM 10\/200"},"content":{"rendered":"<p>Vode\u0107i model godinama je PI-SPM paker iz <strong>profesionalne serije.<\/strong> Injektor osigurava izvrsnu nepropusnost i uzorno sidrenje. Injektor je prikladan za bilo koju vrstu injekcije. Osigurava uzornu nepropusnost bradavice i ekspanzijskog dijela tijekom ubrizgavanja pod visokim i niskim tlakom.  <\/p>\n<p>Zahvaljuju\u0107i specijaliziranim \u010deljustima, pakeri savr\u0161eno odr\u017eavaju povratni tlak (\u201ene propu\u0161taju\u201c).<\/p>\n<p><em><strong>SWG mazalice<\/strong> mehani\u010dki su zategnute dodatkom anaerobnog ljepila, \u0161to jam\u010di \u010dvrsti spoj navoja m6x1.  <\/em><\/p>\n<p><em><strong>Pakeri s PRE niplom<\/strong> imaju prethodno naneseni navoj premaza, zahvaljuju\u0107i kojem posti\u017eemo trenutnu nepropusnost kada se nipl zavrne.<\/em><\/p>\n","protected":false},"excerpt":{"rendered":"<p>Vode\u0107i model godinama je PI-SPM paker iz profesionalne serije. Injektor osigurava izvrsnu nepropusnost i uzorno sidrenje. Injektor je prikladan za bilo koju vrstu injekcije. Osigurava uzornu nepropusnost bradavice i ekspanzijskog dijela tijekom ubrizgavanja pod visokim i niskim tlakom. Zahvaljuju\u0107i specijaliziranim \u010deljustima, pakeri savr\u0161eno odr\u017eavaju povratni tlak (\u201ene propu\u0161taju\u201c). SWG mazalice mehani\u010dki su zategnute dodatkom anaerobnog [&hellip;]<\/p>\n","protected":false},"featured_media":48486,"template":"","meta":{"_acf_changed":false},"product_brand":[],"product_cat":[1281],"product_tag":[],"class_list":{"0":"post-48597","1":"product","2":"type-product","3":"status-publish","4":"has-post-thumbnail","6":"product_cat-metalni-pakeri","7":"pa_rodzaj-kalamitki-fwg-hr","8":"pa_rodzaj-kalamitki-pre","10":"pa_rodzaj-kalamitki-swg-hr","12":"first","13":"instock","14":"taxable","15":"shipping-taxable","16":"product-type-variable"},"acf":[],"yoast_head":"<!-- This site is optimized with the Yoast SEO plugin v27.3 - https:\/\/yoast.com\/product\/yoast-seo-wordpress\/ -->\n<title>Injekcijski paker PI-SPM 10\/200 - PAKERY.PL<\/title>\n<meta name=\"robots\" content=\"index, follow, max-snippet:-1, max-image-preview:large, max-video-preview:-1\" \/>\n<link rel=\"canonical\" href=\"https:\/\/www.pakery.pl\/hr\/produkt\/injekcijski-paker-pi-spm-10-200\/\" \/>\n<meta property=\"og:locale\" content=\"hr_HR\" \/>\n<meta property=\"og:type\" content=\"article\" \/>\n<meta property=\"og:title\" content=\"Injekcijski paker PI-SPM 10\/200 - PAKERY.PL\" \/>\n<meta property=\"og:description\" content=\"Vode\u0107i model godinama je PI-SPM paker iz profesionalne serije. Injektor osigurava izvrsnu nepropusnost i uzorno sidrenje. Injektor je prikladan za bilo koju vrstu injekcije. Osigurava uzornu nepropusnost bradavice i ekspanzijskog dijela tijekom ubrizgavanja pod visokim i niskim tlakom. Zahvaljuju\u0107i specijaliziranim \u010deljustima, pakeri savr\u0161eno odr\u017eavaju povratni tlak (\u201ene propu\u0161taju\u201c). SWG mazalice mehani\u010dki su zategnute dodatkom anaerobnog [&hellip;]\" \/>\n<meta property=\"og:url\" content=\"https:\/\/www.pakery.pl\/hr\/produkt\/injekcijski-paker-pi-spm-10-200\/\" \/>\n<meta property=\"og:site_name\" content=\"PAKERY.PL\" \/>\n<meta property=\"og:image\" content=\"https:\/\/www.pakery.pl\/wp-content\/uploads\/2025\/05\/PI-SPM-10200-ikona.png\" \/>\n\t<meta property=\"og:image:width\" content=\"683\" \/>\n\t<meta property=\"og:image:height\" content=\"683\" \/>\n\t<meta property=\"og:image:type\" content=\"image\/png\" \/>\n<meta name=\"twitter:card\" content=\"summary_large_image\" \/>\n<script type=\"application\/ld+json\" class=\"yoast-schema-graph\">{\"@context\":\"https:\\\/\\\/schema.org\",\"@graph\":[{\"@type\":\"WebPage\",\"@id\":\"https:\\\/\\\/www.pakery.pl\\\/hr\\\/produkt\\\/injekcijski-paker-pi-spm-10-200\\\/\",\"url\":\"https:\\\/\\\/www.pakery.pl\\\/hr\\\/produkt\\\/injekcijski-paker-pi-spm-10-200\\\/\",\"name\":\"Injekcijski paker PI-SPM 10\\\/200 - PAKERY.PL\",\"isPartOf\":{\"@id\":\"https:\\\/\\\/www.pakery.pl\\\/hr\\\/#website\"},\"primaryImageOfPage\":{\"@id\":\"https:\\\/\\\/www.pakery.pl\\\/hr\\\/produkt\\\/injekcijski-paker-pi-spm-10-200\\\/#primaryimage\"},\"image\":{\"@id\":\"https:\\\/\\\/www.pakery.pl\\\/hr\\\/produkt\\\/injekcijski-paker-pi-spm-10-200\\\/#primaryimage\"},\"thumbnailUrl\":\"https:\\\/\\\/www.pakery.pl\\\/wp-content\\\/uploads\\\/2025\\\/05\\\/PI-SPM-10200-ikona.png\",\"datePublished\":\"2025-05-09T09:59:48+00:00\",\"breadcrumb\":{\"@id\":\"https:\\\/\\\/www.pakery.pl\\\/hr\\\/produkt\\\/injekcijski-paker-pi-spm-10-200\\\/#breadcrumb\"},\"inLanguage\":\"hr\",\"potentialAction\":[{\"@type\":\"ReadAction\",\"target\":[\"https:\\\/\\\/www.pakery.pl\\\/hr\\\/produkt\\\/injekcijski-paker-pi-spm-10-200\\\/\"]}]},{\"@type\":\"ImageObject\",\"inLanguage\":\"hr\",\"@id\":\"https:\\\/\\\/www.pakery.pl\\\/hr\\\/produkt\\\/injekcijski-paker-pi-spm-10-200\\\/#primaryimage\",\"url\":\"https:\\\/\\\/www.pakery.pl\\\/wp-content\\\/uploads\\\/2025\\\/05\\\/PI-SPM-10200-ikona.png\",\"contentUrl\":\"https:\\\/\\\/www.pakery.pl\\\/wp-content\\\/uploads\\\/2025\\\/05\\\/PI-SPM-10200-ikona.png\",\"width\":683,\"height\":683},{\"@type\":\"BreadcrumbList\",\"@id\":\"https:\\\/\\\/www.pakery.pl\\\/hr\\\/produkt\\\/injekcijski-paker-pi-spm-10-200\\\/#breadcrumb\",\"itemListElement\":[{\"@type\":\"ListItem\",\"position\":1,\"name\":\"Strona g\u0142\u00f3wna\",\"item\":\"https:\\\/\\\/www.pakery.pl\\\/hr\\\/\"},{\"@type\":\"ListItem\",\"position\":2,\"name\":\"Trgovina\",\"item\":\"https:\\\/\\\/www.pakery.pl\\\/hr\\\/trgovina\\\/\"},{\"@type\":\"ListItem\",\"position\":3,\"name\":\"Injekcijski paker PI-SPM 10\\\/200\"}]},{\"@type\":\"WebSite\",\"@id\":\"https:\\\/\\\/www.pakery.pl\\\/hr\\\/#website\",\"url\":\"https:\\\/\\\/www.pakery.pl\\\/hr\\\/\",\"name\":\"Pakery.pl\",\"description\":\"Pakery iniekcyjne, Kotwy spiralne, Lance iniekcyjne, W\u0119\u017ce do iniekcji, Pompy iniekcyjne, Serwis pomp iniekcyjnych, Wynajem pomp do iniekcji\",\"publisher\":{\"@id\":\"https:\\\/\\\/www.pakery.pl\\\/hr\\\/#organization\"},\"potentialAction\":[{\"@type\":\"SearchAction\",\"target\":{\"@type\":\"EntryPoint\",\"urlTemplate\":\"https:\\\/\\\/www.pakery.pl\\\/hr\\\/?s={search_term_string}\"},\"query-input\":{\"@type\":\"PropertyValueSpecification\",\"valueRequired\":true,\"valueName\":\"search_term_string\"}}],\"inLanguage\":\"hr\"},{\"@type\":\"Organization\",\"@id\":\"https:\\\/\\\/www.pakery.pl\\\/hr\\\/#organization\",\"name\":\"PAKERY.PL\",\"url\":\"https:\\\/\\\/www.pakery.pl\\\/hr\\\/\",\"logo\":{\"@type\":\"ImageObject\",\"inLanguage\":\"hr\",\"@id\":\"https:\\\/\\\/www.pakery.pl\\\/hr\\\/#\\\/schema\\\/logo\\\/image\\\/\",\"url\":\"https:\\\/\\\/www.pakery.pl\\\/wp-content\\\/uploads\\\/2021\\\/04\\\/cropped-PAKERY-LOGO.png\",\"contentUrl\":\"https:\\\/\\\/www.pakery.pl\\\/wp-content\\\/uploads\\\/2021\\\/04\\\/cropped-PAKERY-LOGO.png\",\"width\":1529,\"height\":500,\"caption\":\"PAKERY.PL\"},\"image\":{\"@id\":\"https:\\\/\\\/www.pakery.pl\\\/hr\\\/#\\\/schema\\\/logo\\\/image\\\/\"}}]}<\/script>\n<!-- \/ Yoast SEO plugin. -->","yoast_head_json":{"title":"Injekcijski paker PI-SPM 10\/200 - PAKERY.PL","robots":{"index":"index","follow":"follow","max-snippet":"max-snippet:-1","max-image-preview":"max-image-preview:large","max-video-preview":"max-video-preview:-1"},"canonical":"https:\/\/www.pakery.pl\/hr\/produkt\/injekcijski-paker-pi-spm-10-200\/","og_locale":"hr_HR","og_type":"article","og_title":"Injekcijski paker PI-SPM 10\/200 - PAKERY.PL","og_description":"Vode\u0107i model godinama je PI-SPM paker iz profesionalne serije. Injektor osigurava izvrsnu nepropusnost i uzorno sidrenje. Injektor je prikladan za bilo koju vrstu injekcije. Osigurava uzornu nepropusnost bradavice i ekspanzijskog dijela tijekom ubrizgavanja pod visokim i niskim tlakom. Zahvaljuju\u0107i specijaliziranim \u010deljustima, pakeri savr\u0161eno odr\u017eavaju povratni tlak (\u201ene propu\u0161taju\u201c). SWG mazalice mehani\u010dki su zategnute dodatkom anaerobnog [&hellip;]","og_url":"https:\/\/www.pakery.pl\/hr\/produkt\/injekcijski-paker-pi-spm-10-200\/","og_site_name":"PAKERY.PL","og_image":[{"width":683,"height":683,"url":"https:\/\/www.pakery.pl\/wp-content\/uploads\/2025\/05\/PI-SPM-10200-ikona.png","type":"image\/png"}],"twitter_card":"summary_large_image","schema":{"@context":"https:\/\/schema.org","@graph":[{"@type":"WebPage","@id":"https:\/\/www.pakery.pl\/hr\/produkt\/injekcijski-paker-pi-spm-10-200\/","url":"https:\/\/www.pakery.pl\/hr\/produkt\/injekcijski-paker-pi-spm-10-200\/","name":"Injekcijski paker PI-SPM 10\/200 - PAKERY.PL","isPartOf":{"@id":"https:\/\/www.pakery.pl\/hr\/#website"},"primaryImageOfPage":{"@id":"https:\/\/www.pakery.pl\/hr\/produkt\/injekcijski-paker-pi-spm-10-200\/#primaryimage"},"image":{"@id":"https:\/\/www.pakery.pl\/hr\/produkt\/injekcijski-paker-pi-spm-10-200\/#primaryimage"},"thumbnailUrl":"https:\/\/www.pakery.pl\/wp-content\/uploads\/2025\/05\/PI-SPM-10200-ikona.png","datePublished":"2025-05-09T09:59:48+00:00","breadcrumb":{"@id":"https:\/\/www.pakery.pl\/hr\/produkt\/injekcijski-paker-pi-spm-10-200\/#breadcrumb"},"inLanguage":"hr","potentialAction":[{"@type":"ReadAction","target":["https:\/\/www.pakery.pl\/hr\/produkt\/injekcijski-paker-pi-spm-10-200\/"]}]},{"@type":"ImageObject","inLanguage":"hr","@id":"https:\/\/www.pakery.pl\/hr\/produkt\/injekcijski-paker-pi-spm-10-200\/#primaryimage","url":"https:\/\/www.pakery.pl\/wp-content\/uploads\/2025\/05\/PI-SPM-10200-ikona.png","contentUrl":"https:\/\/www.pakery.pl\/wp-content\/uploads\/2025\/05\/PI-SPM-10200-ikona.png","width":683,"height":683},{"@type":"BreadcrumbList","@id":"https:\/\/www.pakery.pl\/hr\/produkt\/injekcijski-paker-pi-spm-10-200\/#breadcrumb","itemListElement":[{"@type":"ListItem","position":1,"name":"Strona g\u0142\u00f3wna","item":"https:\/\/www.pakery.pl\/hr\/"},{"@type":"ListItem","position":2,"name":"Trgovina","item":"https:\/\/www.pakery.pl\/hr\/trgovina\/"},{"@type":"ListItem","position":3,"name":"Injekcijski paker PI-SPM 10\/200"}]},{"@type":"WebSite","@id":"https:\/\/www.pakery.pl\/hr\/#website","url":"https:\/\/www.pakery.pl\/hr\/","name":"Pakery.pl","description":"Pakery iniekcyjne, Kotwy spiralne, Lance iniekcyjne, W\u0119\u017ce do iniekcji, Pompy iniekcyjne, Serwis pomp iniekcyjnych, Wynajem pomp do iniekcji","publisher":{"@id":"https:\/\/www.pakery.pl\/hr\/#organization"},"potentialAction":[{"@type":"SearchAction","target":{"@type":"EntryPoint","urlTemplate":"https:\/\/www.pakery.pl\/hr\/?s={search_term_string}"},"query-input":{"@type":"PropertyValueSpecification","valueRequired":true,"valueName":"search_term_string"}}],"inLanguage":"hr"},{"@type":"Organization","@id":"https:\/\/www.pakery.pl\/hr\/#organization","name":"PAKERY.PL","url":"https:\/\/www.pakery.pl\/hr\/","logo":{"@type":"ImageObject","inLanguage":"hr","@id":"https:\/\/www.pakery.pl\/hr\/#\/schema\/logo\/image\/","url":"https:\/\/www.pakery.pl\/wp-content\/uploads\/2021\/04\/cropped-PAKERY-LOGO.png","contentUrl":"https:\/\/www.pakery.pl\/wp-content\/uploads\/2021\/04\/cropped-PAKERY-LOGO.png","width":1529,"height":500,"caption":"PAKERY.PL"},"image":{"@id":"https:\/\/www.pakery.pl\/hr\/#\/schema\/logo\/image\/"}}]}},"_links":{"self":[{"href":"https:\/\/www.pakery.pl\/hr\/wp-json\/wp\/v2\/product\/48597","targetHints":{"allow":["GET"]}}],"collection":[{"href":"https:\/\/www.pakery.pl\/hr\/wp-json\/wp\/v2\/product"}],"about":[{"href":"https:\/\/www.pakery.pl\/hr\/wp-json\/wp\/v2\/types\/product"}],"version-history":[{"count":0,"href":"https:\/\/www.pakery.pl\/hr\/wp-json\/wp\/v2\/product\/48597\/revisions"}],"wp:featuredmedia":[{"embeddable":true,"href":"https:\/\/www.pakery.pl\/hr\/wp-json\/wp\/v2\/media\/48486"}],"wp:attachment":[{"href":"https:\/\/www.pakery.pl\/hr\/wp-json\/wp\/v2\/media?parent=48597"}],"wp:term":[{"taxonomy":"product_brand","embeddable":true,"href":"https:\/\/www.pakery.pl\/hr\/wp-json\/wp\/v2\/product_brand?post=48597"},{"taxonomy":"product_cat","embeddable":true,"href":"https:\/\/www.pakery.pl\/hr\/wp-json\/wp\/v2\/product_cat?post=48597"},{"taxonomy":"product_tag","embeddable":true,"href":"https:\/\/www.pakery.pl\/hr\/wp-json\/wp\/v2\/product_tag?post=48597"}],"curies":[{"name":"wp","href":"https:\/\/api.w.org\/{rel}","templated":true}]}}