{"id":43750,"date":"2023-02-10T10:37:44","date_gmt":"2023-04-06T07:36:50","guid":{"rendered":"https:\/\/www.pakery.pl\/produkt\/injectcream-5l-krema-za-injekcije\/"},"modified":"2023-04-06T09:36:51","modified_gmt":"2023-04-06T07:36:51","slug":"injectcream-5l-krema-za-injekcije","status":"publish","type":"product","link":"https:\/\/www.pakery.pl\/hr\/produkt\/injectcream-5l-krema-za-injekcije\/","title":{"rendered":"InjectCream 5L krema za injekcije"},"content":{"rendered":"\t\t<div data-elementor-type=\"product-post\" data-elementor-id=\"43750\" class=\"elementor elementor-43750 elementor-42686\" data-elementor-post-type=\"product\">\n\t\t\t\t\t\t<section class=\"elementor-section elementor-top-section elementor-element elementor-element-e85da8d elementor-section-boxed elementor-section-height-default elementor-section-height-default\" data-id=\"e85da8d\" data-element_type=\"section\" data-e-type=\"section\">\n\t\t\t\t\t\t<div class=\"elementor-container elementor-column-gap-default\">\n\t\t\t\t\t<div class=\"elementor-column elementor-col-100 elementor-top-column elementor-element elementor-element-948eccc\" data-id=\"948eccc\" data-element_type=\"column\" data-e-type=\"column\">\n\t\t\t<div class=\"elementor-widget-wrap elementor-element-populated\">\n\t\t\t\t\t\t<div class=\"elementor-element elementor-element-bdd7857 elementor-widget elementor-widget-image\" data-id=\"bdd7857\" data-element_type=\"widget\" data-e-type=\"widget\" data-widget_type=\"image.default\">\n\t\t\t\t<div class=\"elementor-widget-container\">\n\t\t\t\t\t\t\t\t\t\t\t\t\t\t\t<img fetchpriority=\"high\" decoding=\"async\" width=\"1024\" height=\"262\" src=\"https:\/\/www.pakery.pl\/wp-content\/uploads\/2023\/02\/Zrzut-ekranu-2023-04-5-o-10.23.17-1024x262.png\" class=\"attachment-large size-large wp-image-43113\" alt=\"\" srcset=\"https:\/\/www.pakery.pl\/wp-content\/uploads\/2023\/02\/Zrzut-ekranu-2023-04-5-o-10.23.17-1024x262.png 1024w, https:\/\/www.pakery.pl\/wp-content\/uploads\/2023\/02\/Zrzut-ekranu-2023-04-5-o-10.23.17-300x77.png 300w, https:\/\/www.pakery.pl\/wp-content\/uploads\/2023\/02\/Zrzut-ekranu-2023-04-5-o-10.23.17-768x196.png 768w, https:\/\/www.pakery.pl\/wp-content\/uploads\/2023\/02\/Zrzut-ekranu-2023-04-5-o-10.23.17-683x175.png 683w, https:\/\/www.pakery.pl\/wp-content\/uploads\/2023\/02\/Zrzut-ekranu-2023-04-5-o-10.23.17-602x154.png 602w, https:\/\/www.pakery.pl\/wp-content\/uploads\/2023\/02\/Zrzut-ekranu-2023-04-5-o-10.23.17.png 1338w\" sizes=\"(max-width: 1024px) 100vw, 1024px\" \/>\t\t\t\t\t\t\t\t\t\t\t\t\t\t\t<\/div>\n\t\t\t\t<\/div>\n\t\t\t\t\t<\/div>\n\t\t<\/div>\n\t\t\t\t\t<\/div>\n\t\t<\/section>\n\t\t\t\t<section class=\"elementor-section elementor-top-section elementor-element elementor-element-1bc13e2 elementor-section-boxed elementor-section-height-default elementor-section-height-default\" data-id=\"1bc13e2\" data-element_type=\"section\" data-e-type=\"section\">\n\t\t\t\t\t\t<div class=\"elementor-container elementor-column-gap-default\">\n\t\t\t\t\t<div class=\"elementor-column elementor-col-50 elementor-top-column elementor-element elementor-element-f21c1b7\" data-id=\"f21c1b7\" data-element_type=\"column\" data-e-type=\"column\">\n\t\t\t<div class=\"elementor-widget-wrap elementor-element-populated\">\n\t\t\t\t\t\t<div class=\"elementor-element elementor-element-21f3946 elementor-widget elementor-widget-text-editor\" data-id=\"21f3946\" data-element_type=\"widget\" data-e-type=\"widget\" data-widget_type=\"text-editor.default\">\n\t\t\t\t<div class=\"elementor-widget-container\">\n\t\t\t\t\t\t\t\t\t<div class=\"page\" style=\"caret-color: #000000; color: #000000;\" title=\"Stranica 1\">\n<div class=\"section\">\n<div class=\"layoutArea\">\n<div class=\"column\">\n<p><span style=\"font-size: 14pt; font-family: ArialNarrow; font-weight: bold; color: #14408a;\"> Opseg primjene <\/span><\/p>\n<\/div>\n<\/div>\n<\/div>\n<\/div>\n\t\t\t\t\t\t\t\t<\/div>\n\t\t\t\t<\/div>\n\t\t\t\t\t<\/div>\n\t\t<\/div>\n\t\t\t\t<div class=\"elementor-column elementor-col-50 elementor-top-column elementor-element elementor-element-780db41\" data-id=\"780db41\" data-element_type=\"column\" data-e-type=\"column\">\n\t\t\t<div class=\"elementor-widget-wrap\">\n\t\t\t\t\t\t\t<\/div>\n\t\t<\/div>\n\t\t\t\t\t<\/div>\n\t\t<\/section>\n\t\t\t\t<section class=\"elementor-section elementor-top-section elementor-element elementor-element-5460cb7 elementor-section-boxed elementor-section-height-default elementor-section-height-default\" data-id=\"5460cb7\" data-element_type=\"section\" data-e-type=\"section\">\n\t\t\t\t\t\t<div class=\"elementor-container elementor-column-gap-default\">\n\t\t\t\t\t<div class=\"elementor-column elementor-col-50 elementor-top-column elementor-element elementor-element-d6dd0be\" data-id=\"d6dd0be\" data-element_type=\"column\" data-e-type=\"column\">\n\t\t\t<div class=\"elementor-widget-wrap elementor-element-populated\">\n\t\t\t\t\t\t<div class=\"elementor-element elementor-element-399102c elementor-widget elementor-widget-image\" data-id=\"399102c\" data-element_type=\"widget\" data-e-type=\"widget\" data-widget_type=\"image.default\">\n\t\t\t\t<div class=\"elementor-widget-container\">\n\t\t\t\t\t\t\t\t\t\t\t\t\t\t\t<img decoding=\"async\" width=\"206\" height=\"122\" src=\"https:\/\/www.pakery.pl\/wp-content\/uploads\/2023\/02\/Zrzut-ekranu-2023-04-5-o-10.27.14.png\" class=\"attachment-medium size-medium wp-image-43138\" alt=\"\" \/>\t\t\t\t\t\t\t\t\t\t\t\t\t\t\t<\/div>\n\t\t\t\t<\/div>\n\t\t\t\t\t<\/div>\n\t\t<\/div>\n\t\t\t\t<div class=\"elementor-column elementor-col-50 elementor-top-column elementor-element elementor-element-8fdb2de\" data-id=\"8fdb2de\" data-element_type=\"column\" data-e-type=\"column\">\n\t\t\t<div class=\"elementor-widget-wrap elementor-element-populated\">\n\t\t\t\t\t\t<div class=\"elementor-element elementor-element-10f9741 elementor-widget elementor-widget-text-editor\" data-id=\"10f9741\" data-element_type=\"widget\" data-e-type=\"widget\" data-widget_type=\"text-editor.default\">\n\t\t\t\t<div class=\"elementor-widget-container\">\n\t\t\t\t\t\t\t\t\t<div class=\"page\" title=\"Stranica 1\">\n<div class=\"section\">\n<div class=\"layoutArea\">\n<div class=\"column\">\n<div class=\"page\" title=\"Stranica 1\">\n<div class=\"section\">\n<div class=\"layoutArea\">\n<div class=\"column\">\n<ul>\n<li>\n<h6><span style=\"color: #000000;\">horizontalno injektiranje unutar i izvan prostorija<\/span><\/h6>\n<\/li>\n<li>\n<h6><span style=\"color: #000000;\">cigla \/ klinker \/ betonski blokovi \/ kameni zid \/ \u0161uplja cigla<\/span><\/h6>\n<\/li>\n<\/ul>\n<\/div>\n<\/div>\n<\/div>\n<\/div>\n<\/div>\n<\/div>\n<\/div>\n<\/div>\n\t\t\t\t\t\t\t\t<\/div>\n\t\t\t\t<\/div>\n\t\t\t\t\t<\/div>\n\t\t<\/div>\n\t\t\t\t\t<\/div>\n\t\t<\/section>\n\t\t\t\t<section class=\"elementor-section elementor-top-section elementor-element elementor-element-cabc2f5 elementor-section-boxed elementor-section-height-default elementor-section-height-default\" data-id=\"cabc2f5\" data-element_type=\"section\" data-e-type=\"section\">\n\t\t\t\t\t\t<div class=\"elementor-container elementor-column-gap-default\">\n\t\t\t\t\t<div class=\"elementor-column elementor-col-100 elementor-top-column elementor-element elementor-element-5194377\" data-id=\"5194377\" data-element_type=\"column\" data-e-type=\"column\">\n\t\t\t<div class=\"elementor-widget-wrap elementor-element-populated\">\n\t\t\t\t\t\t<section class=\"elementor-section elementor-inner-section elementor-element elementor-element-d29b9b9 elementor-section-boxed elementor-section-height-default elementor-section-height-default\" data-id=\"d29b9b9\" data-element_type=\"section\" data-e-type=\"section\">\n\t\t\t\t\t\t<div class=\"elementor-container elementor-column-gap-default\">\n\t\t\t\t\t<div class=\"elementor-column elementor-col-50 elementor-inner-column elementor-element elementor-element-48e63ec\" data-id=\"48e63ec\" data-element_type=\"column\" data-e-type=\"column\">\n\t\t\t<div class=\"elementor-widget-wrap elementor-element-populated\">\n\t\t\t\t\t\t<div class=\"elementor-element elementor-element-4fac2af elementor-widget elementor-widget-text-editor\" data-id=\"4fac2af\" data-element_type=\"widget\" data-e-type=\"widget\" data-widget_type=\"text-editor.default\">\n\t\t\t\t<div class=\"elementor-widget-container\">\n\t\t\t\t\t\t\t\t\t<div title=\"stranica 2\">\n<div>\n<div>\n<div>\n<p><span style=\"caret-color: #000000; color: #14408a; font-family: ArialNarrow; font-size: 18.66666603088379px; font-weight: bold;\">Kori\u0161tenje<\/span><\/p>\n<\/div>\n<\/div>\n<\/div>\n<\/div>\n\t\t\t\t\t\t\t\t<\/div>\n\t\t\t\t<\/div>\n\t\t\t\t\t<\/div>\n\t\t<\/div>\n\t\t\t\t<div class=\"elementor-column elementor-col-50 elementor-inner-column elementor-element elementor-element-7d1f426\" data-id=\"7d1f426\" data-element_type=\"column\" data-e-type=\"column\">\n\t\t\t<div class=\"elementor-widget-wrap elementor-element-populated\">\n\t\t\t\t\t\t<div class=\"elementor-element elementor-element-b22ae36 elementor-widget elementor-widget-text-editor\" data-id=\"b22ae36\" data-element_type=\"widget\" data-e-type=\"widget\" data-widget_type=\"text-editor.default\">\n\t\t\t\t<div class=\"elementor-widget-container\">\n\t\t\t\t\t\t\t\t\t<ul>\n<li>\n<h6><span style=\"color: #000000;\">Izbu\u0161ite najni\u017ei spoj<\/span><\/h6>\n<\/li>\n<li>\n<h6><span style=\"color: #000000;\">Preporu\u010deni promjer otvora za ubrizgavanje je \u230012 &#8211; 14 mm<\/span><\/h6>\n<\/li>\n<li>\n<h6><span style=\"color: #000000;\">Bu\u0161enje okomito na zid &#8220;vodoravno&#8221;<\/span><\/h6>\n<\/li>\n<li>\n<h6><span style=\"color: #000000;\">Dubina bu\u0161otine je debljina stijenke minus 2 &#8211; 4 cm<\/span><\/h6>\n<\/li>\n<li>\n<h6><span style=\"color: #000000;\">Bu\u0161otine svakih 10 cm<\/span><\/h6>\n<\/li>\n<li>\n<h6><span style=\"color: #000000;\">U slu\u010daju zida s niskom upojno\u0161\u0107u predla\u017eemo injektiranje u dva reda (8-10 cm reda iznad s horizontalnim pomakom).<\/span><\/h6>\n<\/li>\n<li>\n<h6><span style=\"color: #000000;\">Rupe treba ispuhati komprimiranim zrakom<\/span><\/h6>\n<\/li>\n<li>\n<h6><span style=\"color: #000000;\">Materijal treba ubrizgati ru\u010dnom \/ pneumatskom pumpom pomo\u0107u priklju\u010dka (cijevi promjera \u230010 &#8211; 12 mm i duljine svrdla). Umetnite cjev\u010dicu do pune dubine svrdla i dok ubrizgavate kremu polako je izvla\u010dite dok se svrdlo potpuno i ravnomjerno ne napuni (na taj na\u010din eliminirate zra\u010dni jastuk koji bi nastao ubrizgavanjem kreme pod pritiskom).<\/span><\/h6>\n<\/li>\n<li>\n<h6><span style=\"color: #000000;\">Nakon popunjavanja rupe zatvoriti je mortom ResinBau CrackOn.5 i izravnati povr\u0161inu<\/span><\/h6>\n<\/li>\n<\/ul>\n\t\t\t\t\t\t\t\t<\/div>\n\t\t\t\t<\/div>\n\t\t\t\t\t<\/div>\n\t\t<\/div>\n\t\t\t\t\t<\/div>\n\t\t<\/section>\n\t\t\t\t\t<\/div>\n\t\t<\/div>\n\t\t\t\t\t<\/div>\n\t\t<\/section>\n\t\t\t\t<section class=\"elementor-section elementor-top-section elementor-element elementor-element-269e3ad elementor-section-boxed elementor-section-height-default elementor-section-height-default\" data-id=\"269e3ad\" data-element_type=\"section\" data-e-type=\"section\">\n\t\t\t\t\t\t<div class=\"elementor-container elementor-column-gap-default\">\n\t\t\t\t\t<div class=\"elementor-column elementor-col-100 elementor-top-column elementor-element elementor-element-0bc2857\" data-id=\"0bc2857\" data-element_type=\"column\" data-e-type=\"column\">\n\t\t\t<div class=\"elementor-widget-wrap elementor-element-populated\">\n\t\t\t\t\t\t<section class=\"elementor-section elementor-inner-section elementor-element elementor-element-b1f5f01 elementor-section-boxed elementor-section-height-default elementor-section-height-default\" data-id=\"b1f5f01\" data-element_type=\"section\" data-e-type=\"section\">\n\t\t\t\t\t\t<div class=\"elementor-container elementor-column-gap-default\">\n\t\t\t\t\t<div class=\"elementor-column elementor-col-50 elementor-inner-column elementor-element elementor-element-fe8da6d\" data-id=\"fe8da6d\" data-element_type=\"column\" data-e-type=\"column\">\n\t\t\t<div class=\"elementor-widget-wrap elementor-element-populated\">\n\t\t\t\t\t\t<div class=\"elementor-element elementor-element-5e68dfb elementor-widget elementor-widget-text-editor\" data-id=\"5e68dfb\" data-element_type=\"widget\" data-e-type=\"widget\" data-widget_type=\"text-editor.default\">\n\t\t\t\t<div class=\"elementor-widget-container\">\n\t\t\t\t\t\t\t\t\t<div title=\"stranica 2\">\n<div>\n<div>\n<div>\n<p><span style=\"color: #14408a; font-family: ArialNarrow; font-size: large;\"><span style=\"caret-color: #000000;\"><b>Preuzeti<\/b><\/span><\/span><\/p>\n<\/div>\n<\/div>\n<\/div>\n<\/div>\n\t\t\t\t\t\t\t\t<\/div>\n\t\t\t\t<\/div>\n\t\t\t\t\t<\/div>\n\t\t<\/div>\n\t\t\t\t<div class=\"elementor-column elementor-col-50 elementor-inner-column elementor-element elementor-element-e2241c7\" data-id=\"e2241c7\" data-element_type=\"column\" data-e-type=\"column\">\n\t\t\t<div class=\"elementor-widget-wrap elementor-element-populated\">\n\t\t\t\t\t\t<div class=\"elementor-element elementor-element-71009ea elementor-align-left elementor-widget elementor-widget-button\" data-id=\"71009ea\" data-element_type=\"widget\" data-e-type=\"widget\" data-widget_type=\"button.default\">\n\t\t\t\t<div class=\"elementor-widget-container\">\n\t\t\t\t\t\t\t\t\t<div class=\"elementor-button-wrapper\">\n\t\t\t\t\t<a class=\"elementor-button elementor-button-link elementor-size-sm\" href=\"https:\/\/www.pakery.pl\/wp-content\/uploads\/2023\/04\/ResinBau-InjectCream-KT.pdf\" target=\"_blank\">\n\t\t\t\t\t\t<span class=\"elementor-button-content-wrapper\">\n\t\t\t\t\t\t\t\t\t<span class=\"elementor-button-text\">Tehni\u010dka karta<\/span>\n\t\t\t\t\t<\/span>\n\t\t\t\t\t<\/a>\n\t\t\t\t<\/div>\n\t\t\t\t\t\t\t\t<\/div>\n\t\t\t\t<\/div>\n\t\t\t\t<div class=\"elementor-element elementor-element-ccb32a7 elementor-widget elementor-widget-spacer\" data-id=\"ccb32a7\" data-element_type=\"widget\" data-e-type=\"widget\" data-widget_type=\"spacer.default\">\n\t\t\t\t<div class=\"elementor-widget-container\">\n\t\t\t\t\t\t\t<div class=\"elementor-spacer\">\n\t\t\t<div class=\"elementor-spacer-inner\"><\/div>\n\t\t<\/div>\n\t\t\t\t\t\t<\/div>\n\t\t\t\t<\/div>\n\t\t\t\t<div class=\"elementor-element elementor-element-fdcc73b elementor-widget elementor-widget-spacer\" data-id=\"fdcc73b\" data-element_type=\"widget\" data-e-type=\"widget\" data-widget_type=\"spacer.default\">\n\t\t\t\t<div class=\"elementor-widget-container\">\n\t\t\t\t\t\t\t<div class=\"elementor-spacer\">\n\t\t\t<div class=\"elementor-spacer-inner\"><\/div>\n\t\t<\/div>\n\t\t\t\t\t\t<\/div>\n\t\t\t\t<\/div>\n\t\t\t\t\t<\/div>\n\t\t<\/div>\n\t\t\t\t\t<\/div>\n\t\t<\/section>\n\t\t\t\t\t<\/div>\n\t\t<\/div>\n\t\t\t\t\t<\/div>\n\t\t<\/section>\n\t\t\t\t<\/div>\n\t\t","protected":false},"excerpt":{"rendered":"<p>Opseg primjene horizontalno injektiranje unutar i izvan prostorija cigla \/ klinker \/ betonski blokovi \/ kameni zid \/ \u0161uplja cigla Kori\u0161tenje Izbu\u0161ite najni\u017ei spoj Preporu\u010deni promjer otvora za ubrizgavanje je \u230012 &#8211; 14 mm Bu\u0161enje okomito na zid &#8220;vodoravno&#8221; Dubina bu\u0161otine je debljina stijenke minus 2 &#8211; 4 cm Bu\u0161otine svakih 10 cm U slu\u010daju [&hellip;]<\/p>\n","protected":false},"featured_media":42689,"template":"","meta":{"_acf_changed":false},"product_brand":[],"product_cat":[1887],"product_tag":[],"class_list":{"0":"post-43750","1":"product","2":"type-product","3":"status-publish","4":"has-post-thumbnail","6":"product_cat-injekcione-smole","8":"first","9":"instock","10":"taxable","11":"shipping-taxable","12":"product-type-simple"},"acf":[],"yoast_head":"<!-- This site is optimized with the Yoast SEO plugin v27.3 - https:\/\/yoast.com\/product\/yoast-seo-wordpress\/ -->\n<title>InjectCream 5L krema za injekcije - PAKERY.PL<\/title>\n<meta name=\"description\" content=\"InjectCream | Horizontalna izolacija | Injektiranje zgrada | ResinBau\" \/>\n<meta name=\"robots\" content=\"index, follow, max-snippet:-1, max-image-preview:large, max-video-preview:-1\" \/>\n<link rel=\"canonical\" href=\"https:\/\/www.pakery.pl\/hr\/produkt\/injectcream-5l-krema-za-injekcije\/\" \/>\n<meta property=\"og:locale\" content=\"hr_HR\" \/>\n<meta property=\"og:type\" content=\"article\" \/>\n<meta property=\"og:title\" content=\"InjectCream 5L krema za injekcije - PAKERY.PL\" \/>\n<meta property=\"og:description\" content=\"InjectCream | Horizontalna izolacija | Injektiranje zgrada | ResinBau\" \/>\n<meta property=\"og:url\" content=\"https:\/\/www.pakery.pl\/hr\/produkt\/injectcream-5l-krema-za-injekcije\/\" \/>\n<meta property=\"og:site_name\" content=\"PAKERY.PL\" \/>\n<meta property=\"article:modified_time\" content=\"2023-04-06T07:36:51+00:00\" \/>\n<meta property=\"og:image\" content=\"https:\/\/www.pakery.pl\/wp-content\/uploads\/2023\/02\/Inject_Cream-1024x1024.png\" \/>\n\t<meta property=\"og:image:width\" content=\"1024\" \/>\n\t<meta property=\"og:image:height\" content=\"1024\" \/>\n\t<meta property=\"og:image:type\" content=\"image\/png\" \/>\n<meta name=\"twitter:card\" content=\"summary_large_image\" \/>\n<meta name=\"twitter:label1\" content=\"Procijenjeno vrijeme \u010ditanja\" \/>\n\t<meta name=\"twitter:data1\" content=\"1 minuta\" \/>\n<script type=\"application\/ld+json\" class=\"yoast-schema-graph\">{\"@context\":\"https:\\\/\\\/schema.org\",\"@graph\":[{\"@type\":\"WebPage\",\"@id\":\"https:\\\/\\\/www.pakery.pl\\\/hr\\\/produkt\\\/injectcream-5l-krema-za-injekcije\\\/\",\"url\":\"https:\\\/\\\/www.pakery.pl\\\/hr\\\/produkt\\\/injectcream-5l-krema-za-injekcije\\\/\",\"name\":\"InjectCream 5L krema za injekcije - PAKERY.PL\",\"isPartOf\":{\"@id\":\"https:\\\/\\\/www.pakery.pl\\\/hr\\\/#website\"},\"primaryImageOfPage\":{\"@id\":\"https:\\\/\\\/www.pakery.pl\\\/hr\\\/produkt\\\/injectcream-5l-krema-za-injekcije\\\/#primaryimage\"},\"image\":{\"@id\":\"https:\\\/\\\/www.pakery.pl\\\/hr\\\/produkt\\\/injectcream-5l-krema-za-injekcije\\\/#primaryimage\"},\"thumbnailUrl\":\"https:\\\/\\\/www.pakery.pl\\\/wp-content\\\/uploads\\\/2023\\\/02\\\/Inject_Cream.png\",\"datePublished\":\"2023-04-06T07:36:50+00:00\",\"dateModified\":\"2023-04-06T07:36:51+00:00\",\"description\":\"InjectCream | Horizontalna izolacija | Injektiranje zgrada | ResinBau\",\"breadcrumb\":{\"@id\":\"https:\\\/\\\/www.pakery.pl\\\/hr\\\/produkt\\\/injectcream-5l-krema-za-injekcije\\\/#breadcrumb\"},\"inLanguage\":\"hr\",\"potentialAction\":[{\"@type\":\"ReadAction\",\"target\":[\"https:\\\/\\\/www.pakery.pl\\\/hr\\\/produkt\\\/injectcream-5l-krema-za-injekcije\\\/\"]}]},{\"@type\":\"ImageObject\",\"inLanguage\":\"hr\",\"@id\":\"https:\\\/\\\/www.pakery.pl\\\/hr\\\/produkt\\\/injectcream-5l-krema-za-injekcije\\\/#primaryimage\",\"url\":\"https:\\\/\\\/www.pakery.pl\\\/wp-content\\\/uploads\\\/2023\\\/02\\\/Inject_Cream.png\",\"contentUrl\":\"https:\\\/\\\/www.pakery.pl\\\/wp-content\\\/uploads\\\/2023\\\/02\\\/Inject_Cream.png\",\"width\":3000,\"height\":3000},{\"@type\":\"BreadcrumbList\",\"@id\":\"https:\\\/\\\/www.pakery.pl\\\/hr\\\/produkt\\\/injectcream-5l-krema-za-injekcije\\\/#breadcrumb\",\"itemListElement\":[{\"@type\":\"ListItem\",\"position\":1,\"name\":\"Strona g\u0142\u00f3wna\",\"item\":\"https:\\\/\\\/www.pakery.pl\\\/hr\\\/\"},{\"@type\":\"ListItem\",\"position\":2,\"name\":\"Trgovina\",\"item\":\"https:\\\/\\\/www.pakery.pl\\\/hr\\\/trgovina\\\/\"},{\"@type\":\"ListItem\",\"position\":3,\"name\":\"InjectCream 5L krema za injekcije\"}]},{\"@type\":\"WebSite\",\"@id\":\"https:\\\/\\\/www.pakery.pl\\\/hr\\\/#website\",\"url\":\"https:\\\/\\\/www.pakery.pl\\\/hr\\\/\",\"name\":\"Pakery.pl\",\"description\":\"Pakery iniekcyjne, Kotwy spiralne, Lance iniekcyjne, W\u0119\u017ce do iniekcji, Pompy iniekcyjne, Serwis pomp iniekcyjnych, Wynajem pomp do iniekcji\",\"publisher\":{\"@id\":\"https:\\\/\\\/www.pakery.pl\\\/hr\\\/#organization\"},\"potentialAction\":[{\"@type\":\"SearchAction\",\"target\":{\"@type\":\"EntryPoint\",\"urlTemplate\":\"https:\\\/\\\/www.pakery.pl\\\/hr\\\/?s={search_term_string}\"},\"query-input\":{\"@type\":\"PropertyValueSpecification\",\"valueRequired\":true,\"valueName\":\"search_term_string\"}}],\"inLanguage\":\"hr\"},{\"@type\":\"Organization\",\"@id\":\"https:\\\/\\\/www.pakery.pl\\\/hr\\\/#organization\",\"name\":\"PAKERY.PL\",\"url\":\"https:\\\/\\\/www.pakery.pl\\\/hr\\\/\",\"logo\":{\"@type\":\"ImageObject\",\"inLanguage\":\"hr\",\"@id\":\"https:\\\/\\\/www.pakery.pl\\\/hr\\\/#\\\/schema\\\/logo\\\/image\\\/\",\"url\":\"https:\\\/\\\/www.pakery.pl\\\/wp-content\\\/uploads\\\/2021\\\/04\\\/cropped-PAKERY-LOGO.png\",\"contentUrl\":\"https:\\\/\\\/www.pakery.pl\\\/wp-content\\\/uploads\\\/2021\\\/04\\\/cropped-PAKERY-LOGO.png\",\"width\":1529,\"height\":500,\"caption\":\"PAKERY.PL\"},\"image\":{\"@id\":\"https:\\\/\\\/www.pakery.pl\\\/hr\\\/#\\\/schema\\\/logo\\\/image\\\/\"}}]}<\/script>\n<!-- \/ Yoast SEO plugin. -->","yoast_head_json":{"title":"InjectCream 5L krema za injekcije - PAKERY.PL","description":"InjectCream | Horizontalna izolacija | Injektiranje zgrada | ResinBau","robots":{"index":"index","follow":"follow","max-snippet":"max-snippet:-1","max-image-preview":"max-image-preview:large","max-video-preview":"max-video-preview:-1"},"canonical":"https:\/\/www.pakery.pl\/hr\/produkt\/injectcream-5l-krema-za-injekcije\/","og_locale":"hr_HR","og_type":"article","og_title":"InjectCream 5L krema za injekcije - PAKERY.PL","og_description":"InjectCream | Horizontalna izolacija | Injektiranje zgrada | ResinBau","og_url":"https:\/\/www.pakery.pl\/hr\/produkt\/injectcream-5l-krema-za-injekcije\/","og_site_name":"PAKERY.PL","article_modified_time":"2023-04-06T07:36:51+00:00","og_image":[{"width":1024,"height":1024,"url":"https:\/\/www.pakery.pl\/wp-content\/uploads\/2023\/02\/Inject_Cream-1024x1024.png","type":"image\/png"}],"twitter_card":"summary_large_image","twitter_misc":{"Procijenjeno vrijeme \u010ditanja":"1 minuta"},"schema":{"@context":"https:\/\/schema.org","@graph":[{"@type":"WebPage","@id":"https:\/\/www.pakery.pl\/hr\/produkt\/injectcream-5l-krema-za-injekcije\/","url":"https:\/\/www.pakery.pl\/hr\/produkt\/injectcream-5l-krema-za-injekcije\/","name":"InjectCream 5L krema za injekcije - PAKERY.PL","isPartOf":{"@id":"https:\/\/www.pakery.pl\/hr\/#website"},"primaryImageOfPage":{"@id":"https:\/\/www.pakery.pl\/hr\/produkt\/injectcream-5l-krema-za-injekcije\/#primaryimage"},"image":{"@id":"https:\/\/www.pakery.pl\/hr\/produkt\/injectcream-5l-krema-za-injekcije\/#primaryimage"},"thumbnailUrl":"https:\/\/www.pakery.pl\/wp-content\/uploads\/2023\/02\/Inject_Cream.png","datePublished":"2023-04-06T07:36:50+00:00","dateModified":"2023-04-06T07:36:51+00:00","description":"InjectCream | Horizontalna izolacija | Injektiranje zgrada | ResinBau","breadcrumb":{"@id":"https:\/\/www.pakery.pl\/hr\/produkt\/injectcream-5l-krema-za-injekcije\/#breadcrumb"},"inLanguage":"hr","potentialAction":[{"@type":"ReadAction","target":["https:\/\/www.pakery.pl\/hr\/produkt\/injectcream-5l-krema-za-injekcije\/"]}]},{"@type":"ImageObject","inLanguage":"hr","@id":"https:\/\/www.pakery.pl\/hr\/produkt\/injectcream-5l-krema-za-injekcije\/#primaryimage","url":"https:\/\/www.pakery.pl\/wp-content\/uploads\/2023\/02\/Inject_Cream.png","contentUrl":"https:\/\/www.pakery.pl\/wp-content\/uploads\/2023\/02\/Inject_Cream.png","width":3000,"height":3000},{"@type":"BreadcrumbList","@id":"https:\/\/www.pakery.pl\/hr\/produkt\/injectcream-5l-krema-za-injekcije\/#breadcrumb","itemListElement":[{"@type":"ListItem","position":1,"name":"Strona g\u0142\u00f3wna","item":"https:\/\/www.pakery.pl\/hr\/"},{"@type":"ListItem","position":2,"name":"Trgovina","item":"https:\/\/www.pakery.pl\/hr\/trgovina\/"},{"@type":"ListItem","position":3,"name":"InjectCream 5L krema za injekcije"}]},{"@type":"WebSite","@id":"https:\/\/www.pakery.pl\/hr\/#website","url":"https:\/\/www.pakery.pl\/hr\/","name":"Pakery.pl","description":"Pakery iniekcyjne, Kotwy spiralne, Lance iniekcyjne, W\u0119\u017ce do iniekcji, Pompy iniekcyjne, Serwis pomp iniekcyjnych, Wynajem pomp do iniekcji","publisher":{"@id":"https:\/\/www.pakery.pl\/hr\/#organization"},"potentialAction":[{"@type":"SearchAction","target":{"@type":"EntryPoint","urlTemplate":"https:\/\/www.pakery.pl\/hr\/?s={search_term_string}"},"query-input":{"@type":"PropertyValueSpecification","valueRequired":true,"valueName":"search_term_string"}}],"inLanguage":"hr"},{"@type":"Organization","@id":"https:\/\/www.pakery.pl\/hr\/#organization","name":"PAKERY.PL","url":"https:\/\/www.pakery.pl\/hr\/","logo":{"@type":"ImageObject","inLanguage":"hr","@id":"https:\/\/www.pakery.pl\/hr\/#\/schema\/logo\/image\/","url":"https:\/\/www.pakery.pl\/wp-content\/uploads\/2021\/04\/cropped-PAKERY-LOGO.png","contentUrl":"https:\/\/www.pakery.pl\/wp-content\/uploads\/2021\/04\/cropped-PAKERY-LOGO.png","width":1529,"height":500,"caption":"PAKERY.PL"},"image":{"@id":"https:\/\/www.pakery.pl\/hr\/#\/schema\/logo\/image\/"}}]}},"_links":{"self":[{"href":"https:\/\/www.pakery.pl\/hr\/wp-json\/wp\/v2\/product\/43750","targetHints":{"allow":["GET"]}}],"collection":[{"href":"https:\/\/www.pakery.pl\/hr\/wp-json\/wp\/v2\/product"}],"about":[{"href":"https:\/\/www.pakery.pl\/hr\/wp-json\/wp\/v2\/types\/product"}],"version-history":[{"count":1,"href":"https:\/\/www.pakery.pl\/hr\/wp-json\/wp\/v2\/product\/43750\/revisions"}],"predecessor-version":[{"id":43751,"href":"https:\/\/www.pakery.pl\/hr\/wp-json\/wp\/v2\/product\/43750\/revisions\/43751"}],"wp:featuredmedia":[{"embeddable":true,"href":"https:\/\/www.pakery.pl\/hr\/wp-json\/wp\/v2\/media\/42689"}],"wp:attachment":[{"href":"https:\/\/www.pakery.pl\/hr\/wp-json\/wp\/v2\/media?parent=43750"}],"wp:term":[{"taxonomy":"product_brand","embeddable":true,"href":"https:\/\/www.pakery.pl\/hr\/wp-json\/wp\/v2\/product_brand?post=43750"},{"taxonomy":"product_cat","embeddable":true,"href":"https:\/\/www.pakery.pl\/hr\/wp-json\/wp\/v2\/product_cat?post=43750"},{"taxonomy":"product_tag","embeddable":true,"href":"https:\/\/www.pakery.pl\/hr\/wp-json\/wp\/v2\/product_tag?post=43750"}],"curies":[{"name":"wp","href":"https:\/\/api.w.org\/{rel}","templated":true}]}}