{"id":29938,"date":"2021-04-21T07:09:38","date_gmt":"2021-08-12T11:00:48","guid":{"rendered":"https:\/\/www.pakery.pl\/produkt\/paket-za-ubrizgavanje-pi-sph-8-80\/"},"modified":"2021-08-12T13:00:52","modified_gmt":"2021-08-12T11:00:52","slug":"pi-sph-8-80","status":"publish","type":"product","link":"https:\/\/www.pakery.pl\/hr\/produkt\/pi-sph-8-80\/","title":{"rendered":"Paket za ubrizgavanje PI-SPH 8\/80"},"content":{"rendered":"\t\t<div data-elementor-type=\"product-post\" data-elementor-id=\"29938\" class=\"elementor elementor-29938 elementor-1817\" data-elementor-post-type=\"product\">\n\t\t\t\t\t\t<section class=\"elementor-section elementor-top-section elementor-element elementor-element-1a8c0285 elementor-section-full_width elementor-section-height-default elementor-section-height-default\" data-id=\"1a8c0285\" data-element_type=\"section\" data-e-type=\"section\">\n\t\t\t\t\t\t<div class=\"elementor-container elementor-column-gap-default\">\n\t\t\t\t\t<div class=\"elementor-column elementor-col-100 elementor-top-column elementor-element elementor-element-11806434\" data-id=\"11806434\" data-element_type=\"column\" data-e-type=\"column\">\n\t\t\t<div class=\"elementor-widget-wrap elementor-element-populated\">\n\t\t\t\t\t\t<div class=\"elementor-element elementor-element-6f76b3a8 elementor-widget elementor-widget-text-editor\" data-id=\"6f76b3a8\" data-element_type=\"widget\" data-e-type=\"widget\" data-widget_type=\"text-editor.default\">\n\t\t\t\t<div class=\"elementor-widget-container\">\n\t\t\t\t\t\t\t\t\t<p><span style=\"color: #000000;\">Najmanji promjer injektora<b> za posebne zadatke.<\/b><\/span><\/p>\n<div class=\"_1bo4a _xu6h2 _1ylmp _2d49e_YrWCD\">\n<div class=\"_1voj4 _z9prt _1xzdi _ai5yc _5d6n2 _15lj1\">\n<div class=\"_2d49e_5pK0q\">\n<p><span style=\"color: #808080;\"><strong><em>Registrirajte se da biste vidjeli na\u0161 konfigurator pakera. Odaberite svoju vrstu kalamita.<\/em><\/strong><\/span><\/p>\n<\/p>\n<\/div>\n<\/div>\n<h3><span style=\"color: #000000;\"><img fetchpriority=\"high\" decoding=\"async\" class=\"aligncenter size-full wp-image-2629\" src=\"https:\/\/www.pakery.pl\/wp-content\/uploads\/2021\/05\/baner-sph-8.png\" alt=\"\" width=\"1800\" height=\"300\" srcset=\"https:\/\/www.pakery.pl\/wp-content\/uploads\/2021\/05\/baner-sph-8.png 1800w, https:\/\/www.pakery.pl\/wp-content\/uploads\/2021\/05\/baner-sph-8-300x50.png 300w, https:\/\/www.pakery.pl\/wp-content\/uploads\/2021\/05\/baner-sph-8-1024x171.png 1024w, https:\/\/www.pakery.pl\/wp-content\/uploads\/2021\/05\/baner-sph-8-768x128.png 768w, https:\/\/www.pakery.pl\/wp-content\/uploads\/2021\/05\/baner-sph-8-1536x256.png 1536w, https:\/\/www.pakery.pl\/wp-content\/uploads\/2021\/05\/baner-sph-8-683x114.png 683w, https:\/\/www.pakery.pl\/wp-content\/uploads\/2021\/05\/baner-sph-8-602x100.png 602w\" sizes=\"(max-width: 1800px) 100vw, 1800px\" \/><\/span><\/h3>\n<div class=\"_1voj4 _z9prt _1xzdi _ai5yc _5d6n2 _15lj1\">\n<div class=\"_2d49e_5pK0q\">\n<p><strong><span style=\"color: #000000;\">PREDNOSTI PAKIRANJA ZA HAMMPACK<\/span><\/strong><\/p>\n<div class=\"_1bo4a _xu6h2 _1ylmp _2d49e_YrWCD\">\n<div class=\"_1voj4 _z9prt _1xzdi _ai5yc _5d6n2 _15lj1\">\n<div class=\"_2d49e_5pK0q\">\n<ul>\n<li><span style=\"color: #000000;\">pove\u0107avaju\u0107i u\u010dinkovitost sidrenja pakera u rupu, pode\u0161avanjem promjera i ispup\u010denja na gornjem dijelu ekspandiraju\u0107e gume, olak\u0161ava hvatanje prianjanja i ispravno sidrenje (to omogu\u0107uje zna\u010dajno ubrzanje ugradnje pakera i pove\u0107anu nepropusnost)<\/span><\/li>\n<li><span style=\"color: #000000;\">pove\u0107ana \u010dvrsto\u0107a i ponovljivost ekspanzijskih guma, pode\u0161avanje gumene smjese i proces hla\u0111enja (putem kontrole temperature), \u010dini injektor otpornim na kidanje gume i ispadanje gume iz podlo\u0161ka.<\/span><\/li>\n<\/ul>\n<\/div>\n<\/div>\n<\/div>\n<\/div>\n<\/div>\n<\/div>\n\t\t\t\t\t\t\t\t<\/div>\n\t\t\t\t<\/div>\n\t\t\t\t\t<\/div>\n\t\t<\/div>\n\t\t\t\t\t<\/div>\n\t\t<\/section>\n\t\t\t\t<section class=\"elementor-section elementor-top-section elementor-element elementor-element-01a2338 elementor-section-full_width elementor-section-height-default elementor-section-height-default\" data-id=\"01a2338\" data-element_type=\"section\" data-e-type=\"section\">\n\t\t\t\t\t\t<div class=\"elementor-container elementor-column-gap-default\">\n\t\t\t\t\t<div class=\"elementor-column elementor-col-100 elementor-top-column elementor-element elementor-element-d7fb9c8\" data-id=\"d7fb9c8\" data-element_type=\"column\" data-e-type=\"column\">\n\t\t\t<div class=\"elementor-widget-wrap elementor-element-populated\">\n\t\t\t\t\t\t<section class=\"elementor-section elementor-inner-section elementor-element elementor-element-9974fdb elementor-section-full_width elementor-section-height-default elementor-section-height-default\" data-id=\"9974fdb\" data-element_type=\"section\" data-e-type=\"section\">\n\t\t\t\t\t\t<div class=\"elementor-container elementor-column-gap-default\">\n\t\t\t\t\t<div class=\"elementor-column elementor-col-50 elementor-inner-column elementor-element elementor-element-ba443ff\" data-id=\"ba443ff\" data-element_type=\"column\" data-e-type=\"column\">\n\t\t\t<div class=\"elementor-widget-wrap elementor-element-populated\">\n\t\t\t\t\t\t<div class=\"elementor-element elementor-element-7d6434f elementor-widget elementor-widget-text-editor\" data-id=\"7d6434f\" data-element_type=\"widget\" data-e-type=\"widget\" data-widget_type=\"text-editor.default\">\n\t\t\t\t<div class=\"elementor-widget-container\">\n\t\t\t\t\t\t\t\t\t<div class=\"_1bo4a _xu6h2 _1ylmp _2d49e_YrWCD\">\n<div class=\"_1voj4 _z9prt _1xzdi _ai5yc _5d6n2 _15lj1\">\n<div class=\"_2d49e_5pK0q\">\n<p><strong><span style=\"color: #000000;\">PRIJAVA<\/span><\/strong><\/p>\n<\/div>\n<\/div>\n<\/div>\n<div class=\"_1bo4a _xu6h2 _1ylmp _2d49e_YrWCD\">\n<div class=\"_1voj4 _z9prt _1xzdi _ai5yc _5d6n2 _15lj1\">\n<div class=\"_2d49e_5pK0q\">\n<div class=\"_1bo4a _xu6h2 _1ylmp _2d49e_YrWCD\">\n<div class=\"_1voj4 _z9prt _1xzdi _ai5yc _5d6n2 _15lj1\">\n<div class=\"_2d49e_5pK0q\">\n<ul>\n<li><span style=\"color: #000000;\">Injekcijske smole od poliuretana \/ poliuretana<\/span><\/li>\n<li><span style=\"color: #000000;\">Epoksidne smole<\/span><\/li>\n<li><span style=\"color: #000000;\">Silikati<\/span><\/li>\n<li><span style=\"color: #000000;\">Disperzije vode<\/span><\/li>\n<li><span style=\"color: #000000;\">Akrilni gelovi<\/span><\/li>\n<li><span style=\"color: #000000;\">Cementne suspenzije do veli\u010dine zrna od 0,5 mm<\/span><\/li>\n<\/ul>\n<p><strong><span style=\"color: #000000;\">TEHNI\u010cKE SPECIFIKACIJE<\/span><\/strong><\/p>\n<ul>\n<li><span style=\"color: #000000;\">materijal: <strong>\u010delik<\/strong><\/span><\/li>\n<li><strong><span style=\"color: #000000;\">promjer otvora za ubrizgavanje: \u00d88<\/span><\/strong><\/li>\n<li><span style=\"color: #000000;\">duljina: 80 mm<\/span><\/li>\n<li><span style=\"color: #000000;\">brtvena duljina: 30 mm<\/span><\/li>\n<li><span style=\"color: #000000;\">klju\u010d: 10 mm<\/span><\/li>\n<li><span style=\"color: #000000;\">pojedina\u010dni pe\u010dat<\/span><\/li>\n<li><span style=\"color: #000000;\">najve\u0107a nepropusnost<\/span><\/li>\n<li><span style=\"color: #000000;\">Kalamitka SWG, PRE, FWG, FPRE<\/span><\/li>\n<\/ul>\n<\/div>\n<\/div>\n<\/div>\n<\/div>\n<\/div>\n<\/div>\n\t\t\t\t\t\t\t\t<\/div>\n\t\t\t\t<\/div>\n\t\t\t\t\t<\/div>\n\t\t<\/div>\n\t\t\t\t<div class=\"elementor-column elementor-col-50 elementor-inner-column elementor-element elementor-element-feef1d0\" data-id=\"feef1d0\" data-element_type=\"column\" data-e-type=\"column\">\n\t\t\t<div class=\"elementor-widget-wrap elementor-element-populated\">\n\t\t\t\t\t\t<div class=\"elementor-element elementor-element-af4cb4b elementor-widget elementor-widget-image\" data-id=\"af4cb4b\" data-element_type=\"widget\" data-e-type=\"widget\" data-widget_type=\"image.default\">\n\t\t\t\t<div class=\"elementor-widget-container\">\n\t\t\t\t\t\t\t\t\t\t\t\t\t\t\t<img decoding=\"async\" width=\"800\" height=\"600\" src=\"https:\/\/www.pakery.pl\/wp-content\/uploads\/2021\/04\/PI-SPH-8-80SWG.gif\" class=\"attachment-large size-large wp-image-29947\" alt=\"\" \/>\t\t\t\t\t\t\t\t\t\t\t\t\t\t\t<\/div>\n\t\t\t\t<\/div>\n\t\t\t\t\t<\/div>\n\t\t<\/div>\n\t\t\t\t\t<\/div>\n\t\t<\/section>\n\t\t\t\t\t<\/div>\n\t\t<\/div>\n\t\t\t\t\t<\/div>\n\t\t<\/section>\n\t\t\t\t<section class=\"elementor-section elementor-top-section elementor-element elementor-element-f991f30 elementor-section-full_width elementor-section-height-default elementor-section-height-default\" data-id=\"f991f30\" data-element_type=\"section\" data-e-type=\"section\">\n\t\t\t\t\t\t<div class=\"elementor-container elementor-column-gap-default\">\n\t\t\t\t\t<div class=\"elementor-column elementor-col-100 elementor-top-column elementor-element elementor-element-88aae2a\" data-id=\"88aae2a\" data-element_type=\"column\" data-e-type=\"column\">\n\t\t\t<div class=\"elementor-widget-wrap elementor-element-populated\">\n\t\t\t\t\t\t<div class=\"elementor-element elementor-element-05822ae elementor-widget elementor-widget-text-editor\" data-id=\"05822ae\" data-element_type=\"widget\" data-e-type=\"widget\" data-widget_type=\"text-editor.default\">\n\t\t\t\t<div class=\"elementor-widget-container\">\n\t\t\t\t\t\t\t\t\t<p><span style=\"color: #000000;\"><strong>Specijalni HAMMPACK kalamiti<\/strong> &#8211; oni su specijalni ventili koji mogu dr\u017eati i hraniti injekciju bez i najmanjeg gubitka u materijalu (bez obzira radi li se o injekcijskoj smoli vrlo niske viskoznosti, akrilnom gelu ili poliuretanskoj smoli koja se mo\u017ee jako pjeniti). Savr\u0161eno odr\u017eavaju povratni pritisak. Jednom rije\u010dju, ne cure.<\/span><\/p>\n<p><span style=\"color: #000000;\"><strong>Kalamiti tipa PRE, FPRE<\/strong> &#8211; niti kalamita prethodno nanesene sa premazom, omogu\u0107uju zatezanje kalamita nakon \u0161to smola iscuri iz pakera, radi odzra\u010divanja i kontrole ubrizgavanja. Sloj prije nano\u0161enja odmah brtvi navojni spoj, spreman za daljnje ubrizgavanje. Ova vrsta kalamara isporu\u010duje se nezategnuta na injektor.<\/span><\/p>\n<p><span style=\"color: #000000;\"><strong>Kalamiti SWG i PRE<\/strong> &#8211; to su vijci koji su mehani\u010dki zategnuti na injekcijski paket, zajedno sa slojem anaerobnog ljepila. Ova veza osigurava izvrsnu nepropusnost spoja s navojem.<\/span><\/p>\n\t\t\t\t\t\t\t\t<\/div>\n\t\t\t\t<\/div>\n\t\t\t\t\t<\/div>\n\t\t<\/div>\n\t\t\t\t\t<\/div>\n\t\t<\/section>\n\t\t\t\t<\/div>\n\t\t","protected":false},"excerpt":{"rendered":"<p><i>Najmanji promjer injektora<\/i><b><i> za posebne zadatke.<\/i><\/b><\/p>\n","protected":false},"featured_media":29939,"template":"","meta":{"_acf_changed":false},"product_brand":[],"product_cat":[1275],"product_tag":[],"class_list":{"0":"post-29938","1":"product","2":"type-product","3":"status-publish","4":"has-post-thumbnail","6":"product_cat-pakeri-hammpack-steel","7":"pa_rodzaj-kalamitki-fwg-hr","8":"pa_rodzaj-kalamitki-pre","9":"pa_rodzaj-kalamitki-swg-hr","11":"first","12":"instock","13":"taxable","14":"shipping-taxable","15":"purchasable","16":"product-type-variable","17":"has-default-attributes"},"acf":[],"yoast_head":"<!-- This site is optimized with the Yoast SEO plugin v27.3 - https:\/\/yoast.com\/product\/yoast-seo-wordpress\/ -->\n<title>Paket za ubrizgavanje | Paker za ubrizgavanje PI -SPH 8\/80 - PAKERY.PL<\/title>\n<meta name=\"description\" content=\"Vrhunski injekcijski pakeri. Hammpack injekcijski pakeri jam\u010de savr\u0161enu nepropusnost. Odaberite svoju vrstu kalamitke!\" \/>\n<meta name=\"robots\" content=\"index, follow, max-snippet:-1, max-image-preview:large, max-video-preview:-1\" \/>\n<link rel=\"canonical\" href=\"https:\/\/www.pakery.pl\/hr\/produkt\/pi-sph-8-80\/\" \/>\n<meta property=\"og:locale\" content=\"hr_HR\" \/>\n<meta property=\"og:type\" content=\"article\" \/>\n<meta property=\"og:title\" content=\"Paket za ubrizgavanje | Paker za ubrizgavanje PI -SPH 8\/80 - PAKERY.PL\" \/>\n<meta property=\"og:description\" content=\"Vrhunski injekcijski pakeri. Hammpack injekcijski pakeri jam\u010de savr\u0161enu nepropusnost. Odaberite svoju vrstu kalamitke!\" \/>\n<meta property=\"og:url\" content=\"https:\/\/www.pakery.pl\/hr\/produkt\/pi-sph-8-80\/\" \/>\n<meta property=\"og:site_name\" content=\"PAKERY.PL\" \/>\n<meta property=\"article:modified_time\" content=\"2021-08-12T11:00:52+00:00\" \/>\n<meta property=\"og:image\" content=\"https:\/\/www.pakery.pl\/wp-content\/uploads\/2021\/04\/foto-8-SPH--1024x1024.png\" \/>\n\t<meta property=\"og:image:width\" content=\"1024\" \/>\n\t<meta property=\"og:image:height\" content=\"1024\" \/>\n\t<meta property=\"og:image:type\" content=\"image\/png\" \/>\n<meta name=\"twitter:card\" content=\"summary_large_image\" \/>\n<meta name=\"twitter:label1\" content=\"Procijenjeno vrijeme \u010ditanja\" \/>\n\t<meta name=\"twitter:data1\" content=\"1 minuta\" \/>\n<script type=\"application\/ld+json\" class=\"yoast-schema-graph\">{\"@context\":\"https:\\\/\\\/schema.org\",\"@graph\":[{\"@type\":\"WebPage\",\"@id\":\"https:\\\/\\\/www.pakery.pl\\\/hr\\\/produkt\\\/pi-sph-8-80\\\/\",\"url\":\"https:\\\/\\\/www.pakery.pl\\\/hr\\\/produkt\\\/pi-sph-8-80\\\/\",\"name\":\"Paket za ubrizgavanje | Paker za ubrizgavanje PI -SPH 8\\\/80 - PAKERY.PL\",\"isPartOf\":{\"@id\":\"https:\\\/\\\/www.pakery.pl\\\/hr\\\/#website\"},\"primaryImageOfPage\":{\"@id\":\"https:\\\/\\\/www.pakery.pl\\\/hr\\\/produkt\\\/pi-sph-8-80\\\/#primaryimage\"},\"image\":{\"@id\":\"https:\\\/\\\/www.pakery.pl\\\/hr\\\/produkt\\\/pi-sph-8-80\\\/#primaryimage\"},\"thumbnailUrl\":\"https:\\\/\\\/www.pakery.pl\\\/wp-content\\\/uploads\\\/2021\\\/04\\\/foto-8-SPH-.png\",\"datePublished\":\"2021-08-12T11:00:48+00:00\",\"dateModified\":\"2021-08-12T11:00:52+00:00\",\"description\":\"Vrhunski injekcijski pakeri. Hammpack injekcijski pakeri jam\u010de savr\u0161enu nepropusnost. Odaberite svoju vrstu kalamitke!\",\"breadcrumb\":{\"@id\":\"https:\\\/\\\/www.pakery.pl\\\/hr\\\/produkt\\\/pi-sph-8-80\\\/#breadcrumb\"},\"inLanguage\":\"hr\",\"potentialAction\":[{\"@type\":\"ReadAction\",\"target\":[\"https:\\\/\\\/www.pakery.pl\\\/hr\\\/produkt\\\/pi-sph-8-80\\\/\"]}]},{\"@type\":\"ImageObject\",\"inLanguage\":\"hr\",\"@id\":\"https:\\\/\\\/www.pakery.pl\\\/hr\\\/produkt\\\/pi-sph-8-80\\\/#primaryimage\",\"url\":\"https:\\\/\\\/www.pakery.pl\\\/wp-content\\\/uploads\\\/2021\\\/04\\\/foto-8-SPH-.png\",\"contentUrl\":\"https:\\\/\\\/www.pakery.pl\\\/wp-content\\\/uploads\\\/2021\\\/04\\\/foto-8-SPH-.png\",\"width\":2500,\"height\":2500,\"caption\":\"injekcijski paker injekcijski pakeri injekcijski pakeri injekcijski pakeri\"},{\"@type\":\"BreadcrumbList\",\"@id\":\"https:\\\/\\\/www.pakery.pl\\\/hr\\\/produkt\\\/pi-sph-8-80\\\/#breadcrumb\",\"itemListElement\":[{\"@type\":\"ListItem\",\"position\":1,\"name\":\"Strona g\u0142\u00f3wna\",\"item\":\"https:\\\/\\\/www.pakery.pl\\\/hr\\\/\"},{\"@type\":\"ListItem\",\"position\":2,\"name\":\"Trgovina\",\"item\":\"https:\\\/\\\/www.pakery.pl\\\/hr\\\/trgovina\\\/\"},{\"@type\":\"ListItem\",\"position\":3,\"name\":\"Paket za ubrizgavanje PI-SPH 8\\\/80\"}]},{\"@type\":\"WebSite\",\"@id\":\"https:\\\/\\\/www.pakery.pl\\\/hr\\\/#website\",\"url\":\"https:\\\/\\\/www.pakery.pl\\\/hr\\\/\",\"name\":\"Pakery.pl\",\"description\":\"Pakery iniekcyjne, Kotwy spiralne, Lance iniekcyjne, W\u0119\u017ce do iniekcji, Pompy iniekcyjne, Serwis pomp iniekcyjnych, Wynajem pomp do iniekcji\",\"publisher\":{\"@id\":\"https:\\\/\\\/www.pakery.pl\\\/hr\\\/#organization\"},\"potentialAction\":[{\"@type\":\"SearchAction\",\"target\":{\"@type\":\"EntryPoint\",\"urlTemplate\":\"https:\\\/\\\/www.pakery.pl\\\/hr\\\/?s={search_term_string}\"},\"query-input\":{\"@type\":\"PropertyValueSpecification\",\"valueRequired\":true,\"valueName\":\"search_term_string\"}}],\"inLanguage\":\"hr\"},{\"@type\":\"Organization\",\"@id\":\"https:\\\/\\\/www.pakery.pl\\\/hr\\\/#organization\",\"name\":\"PAKERY.PL\",\"url\":\"https:\\\/\\\/www.pakery.pl\\\/hr\\\/\",\"logo\":{\"@type\":\"ImageObject\",\"inLanguage\":\"hr\",\"@id\":\"https:\\\/\\\/www.pakery.pl\\\/hr\\\/#\\\/schema\\\/logo\\\/image\\\/\",\"url\":\"https:\\\/\\\/www.pakery.pl\\\/wp-content\\\/uploads\\\/2021\\\/04\\\/cropped-PAKERY-LOGO.png\",\"contentUrl\":\"https:\\\/\\\/www.pakery.pl\\\/wp-content\\\/uploads\\\/2021\\\/04\\\/cropped-PAKERY-LOGO.png\",\"width\":1529,\"height\":500,\"caption\":\"PAKERY.PL\"},\"image\":{\"@id\":\"https:\\\/\\\/www.pakery.pl\\\/hr\\\/#\\\/schema\\\/logo\\\/image\\\/\"}}]}<\/script>\n<!-- \/ Yoast SEO plugin. -->","yoast_head_json":{"title":"Paket za ubrizgavanje | Paker za ubrizgavanje PI -SPH 8\/80 - PAKERY.PL","description":"Vrhunski injekcijski pakeri. Hammpack injekcijski pakeri jam\u010de savr\u0161enu nepropusnost. Odaberite svoju vrstu kalamitke!","robots":{"index":"index","follow":"follow","max-snippet":"max-snippet:-1","max-image-preview":"max-image-preview:large","max-video-preview":"max-video-preview:-1"},"canonical":"https:\/\/www.pakery.pl\/hr\/produkt\/pi-sph-8-80\/","og_locale":"hr_HR","og_type":"article","og_title":"Paket za ubrizgavanje | Paker za ubrizgavanje PI -SPH 8\/80 - PAKERY.PL","og_description":"Vrhunski injekcijski pakeri. Hammpack injekcijski pakeri jam\u010de savr\u0161enu nepropusnost. Odaberite svoju vrstu kalamitke!","og_url":"https:\/\/www.pakery.pl\/hr\/produkt\/pi-sph-8-80\/","og_site_name":"PAKERY.PL","article_modified_time":"2021-08-12T11:00:52+00:00","og_image":[{"width":1024,"height":1024,"url":"https:\/\/www.pakery.pl\/wp-content\/uploads\/2021\/04\/foto-8-SPH--1024x1024.png","type":"image\/png"}],"twitter_card":"summary_large_image","twitter_misc":{"Procijenjeno vrijeme \u010ditanja":"1 minuta"},"schema":{"@context":"https:\/\/schema.org","@graph":[{"@type":"WebPage","@id":"https:\/\/www.pakery.pl\/hr\/produkt\/pi-sph-8-80\/","url":"https:\/\/www.pakery.pl\/hr\/produkt\/pi-sph-8-80\/","name":"Paket za ubrizgavanje | Paker za ubrizgavanje PI -SPH 8\/80 - PAKERY.PL","isPartOf":{"@id":"https:\/\/www.pakery.pl\/hr\/#website"},"primaryImageOfPage":{"@id":"https:\/\/www.pakery.pl\/hr\/produkt\/pi-sph-8-80\/#primaryimage"},"image":{"@id":"https:\/\/www.pakery.pl\/hr\/produkt\/pi-sph-8-80\/#primaryimage"},"thumbnailUrl":"https:\/\/www.pakery.pl\/wp-content\/uploads\/2021\/04\/foto-8-SPH-.png","datePublished":"2021-08-12T11:00:48+00:00","dateModified":"2021-08-12T11:00:52+00:00","description":"Vrhunski injekcijski pakeri. Hammpack injekcijski pakeri jam\u010de savr\u0161enu nepropusnost. Odaberite svoju vrstu kalamitke!","breadcrumb":{"@id":"https:\/\/www.pakery.pl\/hr\/produkt\/pi-sph-8-80\/#breadcrumb"},"inLanguage":"hr","potentialAction":[{"@type":"ReadAction","target":["https:\/\/www.pakery.pl\/hr\/produkt\/pi-sph-8-80\/"]}]},{"@type":"ImageObject","inLanguage":"hr","@id":"https:\/\/www.pakery.pl\/hr\/produkt\/pi-sph-8-80\/#primaryimage","url":"https:\/\/www.pakery.pl\/wp-content\/uploads\/2021\/04\/foto-8-SPH-.png","contentUrl":"https:\/\/www.pakery.pl\/wp-content\/uploads\/2021\/04\/foto-8-SPH-.png","width":2500,"height":2500,"caption":"injekcijski paker injekcijski pakeri injekcijski pakeri injekcijski pakeri"},{"@type":"BreadcrumbList","@id":"https:\/\/www.pakery.pl\/hr\/produkt\/pi-sph-8-80\/#breadcrumb","itemListElement":[{"@type":"ListItem","position":1,"name":"Strona g\u0142\u00f3wna","item":"https:\/\/www.pakery.pl\/hr\/"},{"@type":"ListItem","position":2,"name":"Trgovina","item":"https:\/\/www.pakery.pl\/hr\/trgovina\/"},{"@type":"ListItem","position":3,"name":"Paket za ubrizgavanje PI-SPH 8\/80"}]},{"@type":"WebSite","@id":"https:\/\/www.pakery.pl\/hr\/#website","url":"https:\/\/www.pakery.pl\/hr\/","name":"Pakery.pl","description":"Pakery iniekcyjne, Kotwy spiralne, Lance iniekcyjne, W\u0119\u017ce do iniekcji, Pompy iniekcyjne, Serwis pomp iniekcyjnych, Wynajem pomp do iniekcji","publisher":{"@id":"https:\/\/www.pakery.pl\/hr\/#organization"},"potentialAction":[{"@type":"SearchAction","target":{"@type":"EntryPoint","urlTemplate":"https:\/\/www.pakery.pl\/hr\/?s={search_term_string}"},"query-input":{"@type":"PropertyValueSpecification","valueRequired":true,"valueName":"search_term_string"}}],"inLanguage":"hr"},{"@type":"Organization","@id":"https:\/\/www.pakery.pl\/hr\/#organization","name":"PAKERY.PL","url":"https:\/\/www.pakery.pl\/hr\/","logo":{"@type":"ImageObject","inLanguage":"hr","@id":"https:\/\/www.pakery.pl\/hr\/#\/schema\/logo\/image\/","url":"https:\/\/www.pakery.pl\/wp-content\/uploads\/2021\/04\/cropped-PAKERY-LOGO.png","contentUrl":"https:\/\/www.pakery.pl\/wp-content\/uploads\/2021\/04\/cropped-PAKERY-LOGO.png","width":1529,"height":500,"caption":"PAKERY.PL"},"image":{"@id":"https:\/\/www.pakery.pl\/hr\/#\/schema\/logo\/image\/"}}]}},"_links":{"self":[{"href":"https:\/\/www.pakery.pl\/hr\/wp-json\/wp\/v2\/product\/29938","targetHints":{"allow":["GET"]}}],"collection":[{"href":"https:\/\/www.pakery.pl\/hr\/wp-json\/wp\/v2\/product"}],"about":[{"href":"https:\/\/www.pakery.pl\/hr\/wp-json\/wp\/v2\/types\/product"}],"version-history":[{"count":2,"href":"https:\/\/www.pakery.pl\/hr\/wp-json\/wp\/v2\/product\/29938\/revisions"}],"predecessor-version":[{"id":29948,"href":"https:\/\/www.pakery.pl\/hr\/wp-json\/wp\/v2\/product\/29938\/revisions\/29948"}],"wp:featuredmedia":[{"embeddable":true,"href":"https:\/\/www.pakery.pl\/hr\/wp-json\/wp\/v2\/media\/29939"}],"wp:attachment":[{"href":"https:\/\/www.pakery.pl\/hr\/wp-json\/wp\/v2\/media?parent=29938"}],"wp:term":[{"taxonomy":"product_brand","embeddable":true,"href":"https:\/\/www.pakery.pl\/hr\/wp-json\/wp\/v2\/product_brand?post=29938"},{"taxonomy":"product_cat","embeddable":true,"href":"https:\/\/www.pakery.pl\/hr\/wp-json\/wp\/v2\/product_cat?post=29938"},{"taxonomy":"product_tag","embeddable":true,"href":"https:\/\/www.pakery.pl\/hr\/wp-json\/wp\/v2\/product_tag?post=29938"}],"curies":[{"name":"wp","href":"https:\/\/api.w.org\/{rel}","templated":true}]}}