{"id":29522,"date":"2021-06-21T09:36:55","date_gmt":"2021-08-12T10:56:03","guid":{"rendered":"https:\/\/www.pakery.pl\/produkt\/paker-za-punjenje-crijeva-za-injektiranje-od-8-mm\/"},"modified":"2021-08-12T12:56:09","modified_gmt":"2021-08-12T10:56:09","slug":"paker-za-punjenje-crijeva-za-injektiranje-od-8-mm","status":"publish","type":"product","link":"https:\/\/www.pakery.pl\/hr\/produkt\/paker-za-punjenje-crijeva-za-injektiranje-od-8-mm\/","title":{"rendered":"Paker za punjenje crijeva za injektiranje od 8 mm"},"content":{"rendered":"\t\t<div data-elementor-type=\"product-post\" data-elementor-id=\"29522\" class=\"elementor elementor-29522 elementor-4754\" data-elementor-post-type=\"product\">\n\t\t\t\t\t\t<section class=\"elementor-section elementor-top-section elementor-element elementor-element-7eb5cd9c elementor-section-boxed elementor-section-height-default elementor-section-height-default\" data-id=\"7eb5cd9c\" data-element_type=\"section\" data-e-type=\"section\">\n\t\t\t\t\t\t<div class=\"elementor-container elementor-column-gap-default\">\n\t\t\t\t\t<div class=\"elementor-column elementor-col-100 elementor-top-column elementor-element elementor-element-668ab193\" data-id=\"668ab193\" data-element_type=\"column\" data-e-type=\"column\">\n\t\t\t<div class=\"elementor-widget-wrap elementor-element-populated\">\n\t\t\t\t\t\t<div class=\"elementor-element elementor-element-11f6f7b2 elementor-widget elementor-widget-text-editor\" data-id=\"11f6f7b2\" data-element_type=\"widget\" data-e-type=\"widget\" data-widget_type=\"text-editor.default\">\n\t\t\t\t<div class=\"elementor-widget-container\">\n\t\t\t\t\t\t\t\t\t<p><span style=\"color: #000000;\">HO-END 8 su najkvalitetniji injekcijski pakeri za punjenje injekcijskih crijeva. Posebno ure\u0111en izlaz sprje\u010dava klizanje crijeva. Kako bi se odr\u017eala najve\u0107a mogu\u0107a nepropusnost sustava, preporu\u010duje se uporaba binauralnih stezaljki prilago\u0111enih promjeru crijeva.<\/span><\/p>\n<p><span style=\"color: #000000;\">Paker za ubrizgavanje crijeva prodaje se zasebno ili u izvedbi s ravnom ili konusnom stezaljkom s prethodnom primjenom premaza s navojem. Prethodna primjena brtvi kalamit odmah nakon uvrtanja. Ovaj sustav omogu\u0107uje promatranje protoka ubrizgavanja.<\/span><\/p>\n<p><span style=\"color: #000000;\">Na izri\u010dit zahtjev kupca strojno zate\u017eemo calamere.<\/span><\/p>\n\t\t\t\t\t\t\t\t<\/div>\n\t\t\t\t<\/div>\n\t\t\t\t<section class=\"elementor-section elementor-inner-section elementor-element elementor-element-cecf780 elementor-section-boxed elementor-section-height-default elementor-section-height-default\" data-id=\"cecf780\" data-element_type=\"section\" data-e-type=\"section\">\n\t\t\t\t\t\t<div class=\"elementor-container elementor-column-gap-default\">\n\t\t\t\t\t<div class=\"elementor-column elementor-col-50 elementor-inner-column elementor-element elementor-element-0cb2d6f\" data-id=\"0cb2d6f\" data-element_type=\"column\" data-e-type=\"column\">\n\t\t\t<div class=\"elementor-widget-wrap elementor-element-populated\">\n\t\t\t\t\t\t<div class=\"elementor-element elementor-element-7a09f8a elementor-align-center elementor-widget elementor-widget-button\" data-id=\"7a09f8a\" data-element_type=\"widget\" data-e-type=\"widget\" data-widget_type=\"button.default\">\n\t\t\t\t<div class=\"elementor-widget-container\">\n\t\t\t\t\t\t\t\t\t<div class=\"elementor-button-wrapper\">\n\t\t\t\t\t<a class=\"elementor-button elementor-button-link elementor-size-sm\" href=\"https:\/\/www.pakery.pl\/produkt\/cybant-zacisk-dwuuszny-na-weze-iniekcyjne\/\">\n\t\t\t\t\t\t<span class=\"elementor-button-content-wrapper\">\n\t\t\t\t\t\t\t\t\t<span class=\"elementor-button-text\">Odaberite cybanta <\/span>\n\t\t\t\t\t<\/span>\n\t\t\t\t\t<\/a>\n\t\t\t\t<\/div>\n\t\t\t\t\t\t\t\t<\/div>\n\t\t\t\t<\/div>\n\t\t\t\t\t<\/div>\n\t\t<\/div>\n\t\t\t\t<div class=\"elementor-column elementor-col-50 elementor-inner-column elementor-element elementor-element-3f10fa8\" data-id=\"3f10fa8\" data-element_type=\"column\" data-e-type=\"column\">\n\t\t\t<div class=\"elementor-widget-wrap elementor-element-populated\">\n\t\t\t\t\t\t<div class=\"elementor-element elementor-element-39d7def elementor-widget elementor-widget-image\" data-id=\"39d7def\" data-element_type=\"widget\" data-e-type=\"widget\" data-widget_type=\"image.default\">\n\t\t\t\t<div class=\"elementor-widget-container\">\n\t\t\t\t\t\t\t\t\t\t\t\t\t\t\t<img decoding=\"async\" width=\"150\" height=\"150\" src=\"https:\/\/www.pakery.pl\/wp-content\/uploads\/2021\/06\/cybant-15-150x150.png\" class=\"attachment-thumbnail size-thumbnail wp-image-29402\" alt=\"\" srcset=\"https:\/\/www.pakery.pl\/wp-content\/uploads\/2021\/06\/cybant-15-150x150.png 150w, https:\/\/www.pakery.pl\/wp-content\/uploads\/2021\/06\/cybant-15-110x110.png 110w\" sizes=\"(max-width: 150px) 100vw, 150px\" \/>\t\t\t\t\t\t\t\t\t\t\t\t\t\t\t<\/div>\n\t\t\t\t<\/div>\n\t\t\t\t\t<\/div>\n\t\t<\/div>\n\t\t\t\t\t<\/div>\n\t\t<\/section>\n\t\t\t\t\t<\/div>\n\t\t<\/div>\n\t\t\t\t\t<\/div>\n\t\t<\/section>\n\t\t\t\t<\/div>\n\t\t","protected":false},"excerpt":{"rendered":"<p>HO-END 8 su najkvalitetniji injekcijski pakeri za punjenje injekcijskih crijeva. Posebno ure\u0111en izlaz sprje\u010dava klizanje crijeva. Kako bi se odr\u017eala najve\u0107a mogu\u0107a nepropusnost sustava, preporu\u010duje se uporaba binauralnih stezaljki prilago\u0111enih promjeru crijeva. Paker za ubrizgavanje crijeva prodaje se zasebno ili u izvedbi s ravnom ili konusnom stezaljkom s prethodnom primjenom premaza s navojem. Prethodna primjena [&hellip;]<\/p>\n","protected":false},"featured_media":29523,"template":"","meta":{"_acf_changed":false},"product_brand":[],"product_cat":[1262],"product_tag":[],"class_list":{"0":"post-29522","1":"product","2":"type-product","3":"status-publish","4":"has-post-thumbnail","6":"product_cat-crijeva-za-ubrizgavanje","7":"pa_rodzaj-kalamitki-fpre-hr","8":"pa_rodzaj-kalamitki-fwg-hr","9":"pa_rodzaj-kalamitki-pre","10":"pa_rodzaj-kalamitki-swg-hr","12":"first","13":"instock","14":"taxable","15":"shipping-taxable","16":"purchasable","17":"product-type-variable","18":"has-default-attributes"},"acf":[],"yoast_head":"<!-- This site is optimized with the Yoast SEO plugin v27.3 - https:\/\/yoast.com\/product\/yoast-seo-wordpress\/ -->\n<title>Paker za punjenje crijeva za injektiranje od 8 mm - PAKERY.PL<\/title>\n<meta name=\"description\" content=\"Paker za punjenje crijeva za injektiranje od 6 mm | Crijeva za ubrizgavanje\" \/>\n<meta name=\"robots\" content=\"index, follow, max-snippet:-1, max-image-preview:large, max-video-preview:-1\" \/>\n<link rel=\"canonical\" href=\"https:\/\/www.pakery.pl\/hr\/produkt\/paker-za-punjenje-crijeva-za-injektiranje-od-8-mm\/\" \/>\n<meta property=\"og:locale\" content=\"hr_HR\" \/>\n<meta property=\"og:type\" content=\"article\" \/>\n<meta property=\"og:title\" content=\"Paker za punjenje crijeva za injektiranje od 8 mm - PAKERY.PL\" \/>\n<meta property=\"og:description\" content=\"Paker za punjenje crijeva za injektiranje od 6 mm | Crijeva za ubrizgavanje\" \/>\n<meta property=\"og:url\" content=\"https:\/\/www.pakery.pl\/hr\/produkt\/paker-za-punjenje-crijeva-za-injektiranje-od-8-mm\/\" \/>\n<meta property=\"og:site_name\" content=\"PAKERY.PL\" \/>\n<meta property=\"article:modified_time\" content=\"2021-08-12T10:56:09+00:00\" \/>\n<meta property=\"og:image\" content=\"https:\/\/www.pakery.pl\/wp-content\/uploads\/2021\/06\/PAKER-2-of-17-1024x1024.png\" \/>\n\t<meta property=\"og:image:width\" content=\"1024\" \/>\n\t<meta property=\"og:image:height\" content=\"1024\" \/>\n\t<meta property=\"og:image:type\" content=\"image\/png\" \/>\n<meta name=\"twitter:card\" content=\"summary_large_image\" \/>\n<script type=\"application\/ld+json\" class=\"yoast-schema-graph\">{\"@context\":\"https:\\\/\\\/schema.org\",\"@graph\":[{\"@type\":\"WebPage\",\"@id\":\"https:\\\/\\\/www.pakery.pl\\\/hr\\\/produkt\\\/paker-za-punjenje-crijeva-za-injektiranje-od-8-mm\\\/\",\"url\":\"https:\\\/\\\/www.pakery.pl\\\/hr\\\/produkt\\\/paker-za-punjenje-crijeva-za-injektiranje-od-8-mm\\\/\",\"name\":\"Paker za punjenje crijeva za injektiranje od 8 mm - PAKERY.PL\",\"isPartOf\":{\"@id\":\"https:\\\/\\\/www.pakery.pl\\\/hr\\\/#website\"},\"primaryImageOfPage\":{\"@id\":\"https:\\\/\\\/www.pakery.pl\\\/hr\\\/produkt\\\/paker-za-punjenje-crijeva-za-injektiranje-od-8-mm\\\/#primaryimage\"},\"image\":{\"@id\":\"https:\\\/\\\/www.pakery.pl\\\/hr\\\/produkt\\\/paker-za-punjenje-crijeva-za-injektiranje-od-8-mm\\\/#primaryimage\"},\"thumbnailUrl\":\"https:\\\/\\\/www.pakery.pl\\\/wp-content\\\/uploads\\\/2021\\\/06\\\/PAKER-2-of-17.png\",\"datePublished\":\"2021-08-12T10:56:03+00:00\",\"dateModified\":\"2021-08-12T10:56:09+00:00\",\"description\":\"Paker za punjenje crijeva za injektiranje od 6 mm | Crijeva za ubrizgavanje\",\"breadcrumb\":{\"@id\":\"https:\\\/\\\/www.pakery.pl\\\/hr\\\/produkt\\\/paker-za-punjenje-crijeva-za-injektiranje-od-8-mm\\\/#breadcrumb\"},\"inLanguage\":\"hr\",\"potentialAction\":[{\"@type\":\"ReadAction\",\"target\":[\"https:\\\/\\\/www.pakery.pl\\\/hr\\\/produkt\\\/paker-za-punjenje-crijeva-za-injektiranje-od-8-mm\\\/\"]}]},{\"@type\":\"ImageObject\",\"inLanguage\":\"hr\",\"@id\":\"https:\\\/\\\/www.pakery.pl\\\/hr\\\/produkt\\\/paker-za-punjenje-crijeva-za-injektiranje-od-8-mm\\\/#primaryimage\",\"url\":\"https:\\\/\\\/www.pakery.pl\\\/wp-content\\\/uploads\\\/2021\\\/06\\\/PAKER-2-of-17.png\",\"contentUrl\":\"https:\\\/\\\/www.pakery.pl\\\/wp-content\\\/uploads\\\/2021\\\/06\\\/PAKER-2-of-17.png\",\"width\":2500,\"height\":2500,\"caption\":\"Paker za crijeva za injektiranje\"},{\"@type\":\"BreadcrumbList\",\"@id\":\"https:\\\/\\\/www.pakery.pl\\\/hr\\\/produkt\\\/paker-za-punjenje-crijeva-za-injektiranje-od-8-mm\\\/#breadcrumb\",\"itemListElement\":[{\"@type\":\"ListItem\",\"position\":1,\"name\":\"Strona g\u0142\u00f3wna\",\"item\":\"https:\\\/\\\/www.pakery.pl\\\/hr\\\/\"},{\"@type\":\"ListItem\",\"position\":2,\"name\":\"Trgovina\",\"item\":\"https:\\\/\\\/www.pakery.pl\\\/hr\\\/trgovina\\\/\"},{\"@type\":\"ListItem\",\"position\":3,\"name\":\"Paker za punjenje crijeva za injektiranje od 8 mm\"}]},{\"@type\":\"WebSite\",\"@id\":\"https:\\\/\\\/www.pakery.pl\\\/hr\\\/#website\",\"url\":\"https:\\\/\\\/www.pakery.pl\\\/hr\\\/\",\"name\":\"Pakery.pl\",\"description\":\"Pakery iniekcyjne, Kotwy spiralne, Lance iniekcyjne, W\u0119\u017ce do iniekcji, Pompy iniekcyjne, Serwis pomp iniekcyjnych, Wynajem pomp do iniekcji\",\"publisher\":{\"@id\":\"https:\\\/\\\/www.pakery.pl\\\/hr\\\/#organization\"},\"potentialAction\":[{\"@type\":\"SearchAction\",\"target\":{\"@type\":\"EntryPoint\",\"urlTemplate\":\"https:\\\/\\\/www.pakery.pl\\\/hr\\\/?s={search_term_string}\"},\"query-input\":{\"@type\":\"PropertyValueSpecification\",\"valueRequired\":true,\"valueName\":\"search_term_string\"}}],\"inLanguage\":\"hr\"},{\"@type\":\"Organization\",\"@id\":\"https:\\\/\\\/www.pakery.pl\\\/hr\\\/#organization\",\"name\":\"PAKERY.PL\",\"url\":\"https:\\\/\\\/www.pakery.pl\\\/hr\\\/\",\"logo\":{\"@type\":\"ImageObject\",\"inLanguage\":\"hr\",\"@id\":\"https:\\\/\\\/www.pakery.pl\\\/hr\\\/#\\\/schema\\\/logo\\\/image\\\/\",\"url\":\"https:\\\/\\\/www.pakery.pl\\\/wp-content\\\/uploads\\\/2021\\\/04\\\/cropped-PAKERY-LOGO.png\",\"contentUrl\":\"https:\\\/\\\/www.pakery.pl\\\/wp-content\\\/uploads\\\/2021\\\/04\\\/cropped-PAKERY-LOGO.png\",\"width\":1529,\"height\":500,\"caption\":\"PAKERY.PL\"},\"image\":{\"@id\":\"https:\\\/\\\/www.pakery.pl\\\/hr\\\/#\\\/schema\\\/logo\\\/image\\\/\"}}]}<\/script>\n<!-- \/ Yoast SEO plugin. -->","yoast_head_json":{"title":"Paker za punjenje crijeva za injektiranje od 8 mm - PAKERY.PL","description":"Paker za punjenje crijeva za injektiranje od 6 mm | Crijeva za ubrizgavanje","robots":{"index":"index","follow":"follow","max-snippet":"max-snippet:-1","max-image-preview":"max-image-preview:large","max-video-preview":"max-video-preview:-1"},"canonical":"https:\/\/www.pakery.pl\/hr\/produkt\/paker-za-punjenje-crijeva-za-injektiranje-od-8-mm\/","og_locale":"hr_HR","og_type":"article","og_title":"Paker za punjenje crijeva za injektiranje od 8 mm - PAKERY.PL","og_description":"Paker za punjenje crijeva za injektiranje od 6 mm | Crijeva za ubrizgavanje","og_url":"https:\/\/www.pakery.pl\/hr\/produkt\/paker-za-punjenje-crijeva-za-injektiranje-od-8-mm\/","og_site_name":"PAKERY.PL","article_modified_time":"2021-08-12T10:56:09+00:00","og_image":[{"width":1024,"height":1024,"url":"https:\/\/www.pakery.pl\/wp-content\/uploads\/2021\/06\/PAKER-2-of-17-1024x1024.png","type":"image\/png"}],"twitter_card":"summary_large_image","schema":{"@context":"https:\/\/schema.org","@graph":[{"@type":"WebPage","@id":"https:\/\/www.pakery.pl\/hr\/produkt\/paker-za-punjenje-crijeva-za-injektiranje-od-8-mm\/","url":"https:\/\/www.pakery.pl\/hr\/produkt\/paker-za-punjenje-crijeva-za-injektiranje-od-8-mm\/","name":"Paker za punjenje crijeva za injektiranje od 8 mm - PAKERY.PL","isPartOf":{"@id":"https:\/\/www.pakery.pl\/hr\/#website"},"primaryImageOfPage":{"@id":"https:\/\/www.pakery.pl\/hr\/produkt\/paker-za-punjenje-crijeva-za-injektiranje-od-8-mm\/#primaryimage"},"image":{"@id":"https:\/\/www.pakery.pl\/hr\/produkt\/paker-za-punjenje-crijeva-za-injektiranje-od-8-mm\/#primaryimage"},"thumbnailUrl":"https:\/\/www.pakery.pl\/wp-content\/uploads\/2021\/06\/PAKER-2-of-17.png","datePublished":"2021-08-12T10:56:03+00:00","dateModified":"2021-08-12T10:56:09+00:00","description":"Paker za punjenje crijeva za injektiranje od 6 mm | Crijeva za ubrizgavanje","breadcrumb":{"@id":"https:\/\/www.pakery.pl\/hr\/produkt\/paker-za-punjenje-crijeva-za-injektiranje-od-8-mm\/#breadcrumb"},"inLanguage":"hr","potentialAction":[{"@type":"ReadAction","target":["https:\/\/www.pakery.pl\/hr\/produkt\/paker-za-punjenje-crijeva-za-injektiranje-od-8-mm\/"]}]},{"@type":"ImageObject","inLanguage":"hr","@id":"https:\/\/www.pakery.pl\/hr\/produkt\/paker-za-punjenje-crijeva-za-injektiranje-od-8-mm\/#primaryimage","url":"https:\/\/www.pakery.pl\/wp-content\/uploads\/2021\/06\/PAKER-2-of-17.png","contentUrl":"https:\/\/www.pakery.pl\/wp-content\/uploads\/2021\/06\/PAKER-2-of-17.png","width":2500,"height":2500,"caption":"Paker za crijeva za injektiranje"},{"@type":"BreadcrumbList","@id":"https:\/\/www.pakery.pl\/hr\/produkt\/paker-za-punjenje-crijeva-za-injektiranje-od-8-mm\/#breadcrumb","itemListElement":[{"@type":"ListItem","position":1,"name":"Strona g\u0142\u00f3wna","item":"https:\/\/www.pakery.pl\/hr\/"},{"@type":"ListItem","position":2,"name":"Trgovina","item":"https:\/\/www.pakery.pl\/hr\/trgovina\/"},{"@type":"ListItem","position":3,"name":"Paker za punjenje crijeva za injektiranje od 8 mm"}]},{"@type":"WebSite","@id":"https:\/\/www.pakery.pl\/hr\/#website","url":"https:\/\/www.pakery.pl\/hr\/","name":"Pakery.pl","description":"Pakery iniekcyjne, Kotwy spiralne, Lance iniekcyjne, W\u0119\u017ce do iniekcji, Pompy iniekcyjne, Serwis pomp iniekcyjnych, Wynajem pomp do iniekcji","publisher":{"@id":"https:\/\/www.pakery.pl\/hr\/#organization"},"potentialAction":[{"@type":"SearchAction","target":{"@type":"EntryPoint","urlTemplate":"https:\/\/www.pakery.pl\/hr\/?s={search_term_string}"},"query-input":{"@type":"PropertyValueSpecification","valueRequired":true,"valueName":"search_term_string"}}],"inLanguage":"hr"},{"@type":"Organization","@id":"https:\/\/www.pakery.pl\/hr\/#organization","name":"PAKERY.PL","url":"https:\/\/www.pakery.pl\/hr\/","logo":{"@type":"ImageObject","inLanguage":"hr","@id":"https:\/\/www.pakery.pl\/hr\/#\/schema\/logo\/image\/","url":"https:\/\/www.pakery.pl\/wp-content\/uploads\/2021\/04\/cropped-PAKERY-LOGO.png","contentUrl":"https:\/\/www.pakery.pl\/wp-content\/uploads\/2021\/04\/cropped-PAKERY-LOGO.png","width":1529,"height":500,"caption":"PAKERY.PL"},"image":{"@id":"https:\/\/www.pakery.pl\/hr\/#\/schema\/logo\/image\/"}}]}},"_links":{"self":[{"href":"https:\/\/www.pakery.pl\/hr\/wp-json\/wp\/v2\/product\/29522","targetHints":{"allow":["GET"]}}],"collection":[{"href":"https:\/\/www.pakery.pl\/hr\/wp-json\/wp\/v2\/product"}],"about":[{"href":"https:\/\/www.pakery.pl\/hr\/wp-json\/wp\/v2\/types\/product"}],"version-history":[{"count":3,"href":"https:\/\/www.pakery.pl\/hr\/wp-json\/wp\/v2\/product\/29522\/revisions"}],"predecessor-version":[{"id":29618,"href":"https:\/\/www.pakery.pl\/hr\/wp-json\/wp\/v2\/product\/29522\/revisions\/29618"}],"wp:featuredmedia":[{"embeddable":true,"href":"https:\/\/www.pakery.pl\/hr\/wp-json\/wp\/v2\/media\/29523"}],"wp:attachment":[{"href":"https:\/\/www.pakery.pl\/hr\/wp-json\/wp\/v2\/media?parent=29522"}],"wp:term":[{"taxonomy":"product_brand","embeddable":true,"href":"https:\/\/www.pakery.pl\/hr\/wp-json\/wp\/v2\/product_brand?post=29522"},{"taxonomy":"product_cat","embeddable":true,"href":"https:\/\/www.pakery.pl\/hr\/wp-json\/wp\/v2\/product_cat?post=29522"},{"taxonomy":"product_tag","embeddable":true,"href":"https:\/\/www.pakery.pl\/hr\/wp-json\/wp\/v2\/product_tag?post=29522"}],"curies":[{"name":"wp","href":"https:\/\/api.w.org\/{rel}","templated":true}]}}