{"id":49734,"date":"2021-04-11T09:49:09","date_gmt":"2025-05-15T10:10:44","guid":{"rendered":"https:\/\/www.pakery.pl\/produkt\/injecteur-pi-spm-13-110\/"},"modified":"2025-05-15T12:18:29","modified_gmt":"2025-05-15T10:18:29","slug":"pi-spm-13-110","status":"publish","type":"product","link":"https:\/\/www.pakery.pl\/fr\/produkt\/pi-spm-13-110\/","title":{"rendered":"Injecteur PI-SPM 13\/110"},"content":{"rendered":"\t\t<div data-elementor-type=\"product-post\" data-elementor-id=\"49734\" class=\"elementor elementor-49734 elementor-1317\" data-elementor-post-type=\"product\">\n\t\t\t\t\t\t<section class=\"elementor-section elementor-top-section elementor-element elementor-element-ca5e2e4 elementor-section-full_width elementor-section-height-default elementor-section-height-default\" data-id=\"ca5e2e4\" data-element_type=\"section\" data-e-type=\"section\">\n\t\t\t\t\t\t<div class=\"elementor-container elementor-column-gap-default\">\n\t\t\t\t\t<div class=\"elementor-column elementor-col-100 elementor-top-column elementor-element elementor-element-0911722\" data-id=\"0911722\" data-element_type=\"column\" data-e-type=\"column\">\n\t\t\t<div class=\"elementor-widget-wrap elementor-element-populated\">\n\t\t\t\t\t\t<div class=\"elementor-element elementor-element-63bcdb3 elementor-widget elementor-widget-text-editor\" data-id=\"63bcdb3\" data-element_type=\"widget\" data-e-type=\"widget\" data-widget_type=\"text-editor.default\">\n\t\t\t\t<div class=\"elementor-widget-container\">\n\t\t\t\t\t\t\t\t\t<p><span style=\"color: #000000;\">Le mod\u00e8le phare depuis des ann\u00e9es de la s\u00e9rie PI-SPM pacer <strong>professional line.<\/strong> L&rsquo;injecteur offre une excellente \u00e9tanch\u00e9it\u00e9 et un ancrage exemplaire. L&rsquo;injecteur convient \u00e0 tous les types d&rsquo;injection. Il assure une \u00e9tanch\u00e9it\u00e9 exemplaire des calamit\u00e9s, ainsi que de la partie jambe de force, tant pour l&rsquo;injection \u00e0 haute pression que pour l&rsquo;injection \u00e0 basse pression.  <\/span><\/p>\n<p><span style=\"color: #000000;\">Gr\u00e2ce \u00e0 des calamites sp\u00e9cialis\u00e9es, les packers maintiennent parfaitement la pression dorsale (\u00ab\u00a0do not leak\u00a0\u00bb).<\/span><\/p>\n<p><span style=\"color: #000000;\"><em>Les <strong>obturateurs en calamite SWG<\/strong> sont serr\u00e9s m\u00e9caniquement \u00e0 l&rsquo;aide d&rsquo;une colle ana\u00e9robie, ce qui garantit un raccord filet\u00e9 m6x1 \u00e9tanche.  <\/em><\/span><\/p>\n<p><span style=\"color: #000000;\"><em>Les <strong>packers de calamite PRE<\/strong> ont des filets pr\u00e9-appliqu\u00e9s avec un rev\u00eatement, ce qui permet d&rsquo;obtenir une \u00e9tanch\u00e9it\u00e9 imm\u00e9diate lorsque la calamite est tordue.<\/em><\/span><\/p>\n\t\t\t\t\t\t\t\t<\/div>\n\t\t\t\t<\/div>\n\t\t\t\t\t<\/div>\n\t\t<\/div>\n\t\t\t\t\t<\/div>\n\t\t<\/section>\n\t\t\t\t<\/div>\n\t\t","protected":false},"excerpt":{"rendered":"<p>Le mod\u00e8le phare depuis des ann\u00e9es de la s\u00e9rie PI-SPM pacer professional line. L&rsquo;injecteur offre une excellente \u00e9tanch\u00e9it\u00e9 et un ancrage exemplaire. L&rsquo;injecteur convient \u00e0 tous les types d&rsquo;injection. Il assure une \u00e9tanch\u00e9it\u00e9 exemplaire des calamit\u00e9s, ainsi que de la partie jambe de force, tant pour l&rsquo;injection \u00e0 haute pression que pour l&rsquo;injection \u00e0 basse [&hellip;]<\/p>\n","protected":false},"featured_media":49737,"template":"","meta":{"_acf_changed":false},"product_brand":[],"product_cat":[666,2010],"product_tag":[],"class_list":{"0":"post-49734","1":"product","2":"type-product","3":"status-publish","4":"has-post-thumbnail","6":"product_cat-emballeurs-en-metal","7":"product_cat-injecteurs","8":"pa_rodzaj-kalamitki-fwg-fr","9":"pa_rodzaj-kalamitki-pre-fr","10":"pa_rodzaj-kalamitki-swg","12":"first","13":"instock","14":"taxable","15":"shipping-taxable","16":"purchasable","17":"product-type-variable"},"acf":[],"yoast_head":"<!-- This site is optimized with the Yoast SEO plugin v27.3 - https:\/\/yoast.com\/product\/yoast-seo-wordpress\/ -->\n<title>Injecteurs | Injecteur PI-SPM 13\/110 - PAKERY.PL<\/title>\n<meta name=\"description\" content=\"Injecteur fi 13. Etanch\u00e9it\u00e9 exceptionnelle m\u00eame \u00e0 des pressions tr\u00e8s \u00e9lev\u00e9es. Choisissez votre type de calamite\" \/>\n<meta name=\"robots\" content=\"index, follow, max-snippet:-1, max-image-preview:large, max-video-preview:-1\" \/>\n<link rel=\"canonical\" href=\"https:\/\/www.pakery.pl\/fr\/produkt\/pi-spm-13-110\/\" \/>\n<meta property=\"og:locale\" content=\"fr_FR\" \/>\n<meta property=\"og:type\" content=\"article\" \/>\n<meta property=\"og:title\" content=\"Injecteurs | Injecteur PI-SPM 13\/110 - PAKERY.PL\" \/>\n<meta property=\"og:description\" content=\"Injecteur fi 13. Etanch\u00e9it\u00e9 exceptionnelle m\u00eame \u00e0 des pressions tr\u00e8s \u00e9lev\u00e9es. Choisissez votre type de calamite\" \/>\n<meta property=\"og:url\" content=\"https:\/\/www.pakery.pl\/fr\/produkt\/pi-spm-13-110\/\" \/>\n<meta property=\"og:site_name\" content=\"PAKERY.PL\" \/>\n<meta property=\"article:modified_time\" content=\"2025-05-15T10:18:29+00:00\" \/>\n<meta property=\"og:image\" content=\"https:\/\/www.pakery.pl\/wp-content\/uploads\/2021\/04\/PI-SPM-13110-1024x1024.png\" \/>\n\t<meta property=\"og:image:width\" content=\"1024\" \/>\n\t<meta property=\"og:image:height\" content=\"1024\" \/>\n\t<meta property=\"og:image:type\" content=\"image\/png\" \/>\n<meta name=\"twitter:card\" content=\"summary_large_image\" \/>\n<meta name=\"twitter:label1\" content=\"Dur\u00e9e de lecture estim\u00e9e\" \/>\n\t<meta name=\"twitter:data1\" content=\"1 minute\" \/>\n<script type=\"application\/ld+json\" class=\"yoast-schema-graph\">{\"@context\":\"https:\\\/\\\/schema.org\",\"@graph\":[{\"@type\":\"WebPage\",\"@id\":\"https:\\\/\\\/www.pakery.pl\\\/fr\\\/produkt\\\/pi-spm-13-110\\\/\",\"url\":\"https:\\\/\\\/www.pakery.pl\\\/fr\\\/produkt\\\/pi-spm-13-110\\\/\",\"name\":\"Injecteurs | Injecteur PI-SPM 13\\\/110 - PAKERY.PL\",\"isPartOf\":{\"@id\":\"https:\\\/\\\/www.pakery.pl\\\/fr\\\/#website\"},\"primaryImageOfPage\":{\"@id\":\"https:\\\/\\\/www.pakery.pl\\\/fr\\\/produkt\\\/pi-spm-13-110\\\/#primaryimage\"},\"image\":{\"@id\":\"https:\\\/\\\/www.pakery.pl\\\/fr\\\/produkt\\\/pi-spm-13-110\\\/#primaryimage\"},\"thumbnailUrl\":\"https:\\\/\\\/www.pakery.pl\\\/wp-content\\\/uploads\\\/2021\\\/04\\\/PI-SPM-13110.png\",\"datePublished\":\"2025-05-15T10:10:44+00:00\",\"dateModified\":\"2025-05-15T10:18:29+00:00\",\"description\":\"Injecteur fi 13. Etanch\u00e9it\u00e9 exceptionnelle m\u00eame \u00e0 des pressions tr\u00e8s \u00e9lev\u00e9es. Choisissez votre type de calamite\",\"breadcrumb\":{\"@id\":\"https:\\\/\\\/www.pakery.pl\\\/fr\\\/produkt\\\/pi-spm-13-110\\\/#breadcrumb\"},\"inLanguage\":\"fr-FR\",\"potentialAction\":[{\"@type\":\"ReadAction\",\"target\":[\"https:\\\/\\\/www.pakery.pl\\\/fr\\\/produkt\\\/pi-spm-13-110\\\/\"]}]},{\"@type\":\"ImageObject\",\"inLanguage\":\"fr-FR\",\"@id\":\"https:\\\/\\\/www.pakery.pl\\\/fr\\\/produkt\\\/pi-spm-13-110\\\/#primaryimage\",\"url\":\"https:\\\/\\\/www.pakery.pl\\\/wp-content\\\/uploads\\\/2021\\\/04\\\/PI-SPM-13110.png\",\"contentUrl\":\"https:\\\/\\\/www.pakery.pl\\\/wp-content\\\/uploads\\\/2021\\\/04\\\/PI-SPM-13110.png\",\"width\":2500,\"height\":2500},{\"@type\":\"BreadcrumbList\",\"@id\":\"https:\\\/\\\/www.pakery.pl\\\/fr\\\/produkt\\\/pi-spm-13-110\\\/#breadcrumb\",\"itemListElement\":[{\"@type\":\"ListItem\",\"position\":1,\"name\":\"Strona g\u0142\u00f3wna\",\"item\":\"https:\\\/\\\/www.pakery.pl\\\/fr\\\/\"},{\"@type\":\"ListItem\",\"position\":2,\"name\":\"Magasin\",\"item\":\"https:\\\/\\\/www.pakery.pl\\\/fr\\\/magasin\\\/\"},{\"@type\":\"ListItem\",\"position\":3,\"name\":\"Injecteur PI-SPM 13\\\/110\"}]},{\"@type\":\"WebSite\",\"@id\":\"https:\\\/\\\/www.pakery.pl\\\/fr\\\/#website\",\"url\":\"https:\\\/\\\/www.pakery.pl\\\/fr\\\/\",\"name\":\"Pakery.pl\",\"description\":\"Pakery iniekcyjne, Kotwy spiralne, Lance iniekcyjne, W\u0119\u017ce do iniekcji, Pompy iniekcyjne, Serwis pomp iniekcyjnych, Wynajem pomp do iniekcji\",\"publisher\":{\"@id\":\"https:\\\/\\\/www.pakery.pl\\\/fr\\\/#organization\"},\"potentialAction\":[{\"@type\":\"SearchAction\",\"target\":{\"@type\":\"EntryPoint\",\"urlTemplate\":\"https:\\\/\\\/www.pakery.pl\\\/fr\\\/?s={search_term_string}\"},\"query-input\":{\"@type\":\"PropertyValueSpecification\",\"valueRequired\":true,\"valueName\":\"search_term_string\"}}],\"inLanguage\":\"fr-FR\"},{\"@type\":\"Organization\",\"@id\":\"https:\\\/\\\/www.pakery.pl\\\/fr\\\/#organization\",\"name\":\"PAKERY.PL\",\"url\":\"https:\\\/\\\/www.pakery.pl\\\/fr\\\/\",\"logo\":{\"@type\":\"ImageObject\",\"inLanguage\":\"fr-FR\",\"@id\":\"https:\\\/\\\/www.pakery.pl\\\/fr\\\/#\\\/schema\\\/logo\\\/image\\\/\",\"url\":\"https:\\\/\\\/www.pakery.pl\\\/wp-content\\\/uploads\\\/2021\\\/04\\\/cropped-PAKERY-LOGO.png\",\"contentUrl\":\"https:\\\/\\\/www.pakery.pl\\\/wp-content\\\/uploads\\\/2021\\\/04\\\/cropped-PAKERY-LOGO.png\",\"width\":1529,\"height\":500,\"caption\":\"PAKERY.PL\"},\"image\":{\"@id\":\"https:\\\/\\\/www.pakery.pl\\\/fr\\\/#\\\/schema\\\/logo\\\/image\\\/\"}}]}<\/script>\n<!-- \/ Yoast SEO plugin. -->","yoast_head_json":{"title":"Injecteurs | Injecteur PI-SPM 13\/110 - PAKERY.PL","description":"Injecteur fi 13. Etanch\u00e9it\u00e9 exceptionnelle m\u00eame \u00e0 des pressions tr\u00e8s \u00e9lev\u00e9es. Choisissez votre type de calamite","robots":{"index":"index","follow":"follow","max-snippet":"max-snippet:-1","max-image-preview":"max-image-preview:large","max-video-preview":"max-video-preview:-1"},"canonical":"https:\/\/www.pakery.pl\/fr\/produkt\/pi-spm-13-110\/","og_locale":"fr_FR","og_type":"article","og_title":"Injecteurs | Injecteur PI-SPM 13\/110 - PAKERY.PL","og_description":"Injecteur fi 13. Etanch\u00e9it\u00e9 exceptionnelle m\u00eame \u00e0 des pressions tr\u00e8s \u00e9lev\u00e9es. Choisissez votre type de calamite","og_url":"https:\/\/www.pakery.pl\/fr\/produkt\/pi-spm-13-110\/","og_site_name":"PAKERY.PL","article_modified_time":"2025-05-15T10:18:29+00:00","og_image":[{"width":1024,"height":1024,"url":"https:\/\/www.pakery.pl\/wp-content\/uploads\/2021\/04\/PI-SPM-13110-1024x1024.png","type":"image\/png"}],"twitter_card":"summary_large_image","twitter_misc":{"Dur\u00e9e de lecture estim\u00e9e":"1 minute"},"schema":{"@context":"https:\/\/schema.org","@graph":[{"@type":"WebPage","@id":"https:\/\/www.pakery.pl\/fr\/produkt\/pi-spm-13-110\/","url":"https:\/\/www.pakery.pl\/fr\/produkt\/pi-spm-13-110\/","name":"Injecteurs | Injecteur PI-SPM 13\/110 - PAKERY.PL","isPartOf":{"@id":"https:\/\/www.pakery.pl\/fr\/#website"},"primaryImageOfPage":{"@id":"https:\/\/www.pakery.pl\/fr\/produkt\/pi-spm-13-110\/#primaryimage"},"image":{"@id":"https:\/\/www.pakery.pl\/fr\/produkt\/pi-spm-13-110\/#primaryimage"},"thumbnailUrl":"https:\/\/www.pakery.pl\/wp-content\/uploads\/2021\/04\/PI-SPM-13110.png","datePublished":"2025-05-15T10:10:44+00:00","dateModified":"2025-05-15T10:18:29+00:00","description":"Injecteur fi 13. Etanch\u00e9it\u00e9 exceptionnelle m\u00eame \u00e0 des pressions tr\u00e8s \u00e9lev\u00e9es. Choisissez votre type de calamite","breadcrumb":{"@id":"https:\/\/www.pakery.pl\/fr\/produkt\/pi-spm-13-110\/#breadcrumb"},"inLanguage":"fr-FR","potentialAction":[{"@type":"ReadAction","target":["https:\/\/www.pakery.pl\/fr\/produkt\/pi-spm-13-110\/"]}]},{"@type":"ImageObject","inLanguage":"fr-FR","@id":"https:\/\/www.pakery.pl\/fr\/produkt\/pi-spm-13-110\/#primaryimage","url":"https:\/\/www.pakery.pl\/wp-content\/uploads\/2021\/04\/PI-SPM-13110.png","contentUrl":"https:\/\/www.pakery.pl\/wp-content\/uploads\/2021\/04\/PI-SPM-13110.png","width":2500,"height":2500},{"@type":"BreadcrumbList","@id":"https:\/\/www.pakery.pl\/fr\/produkt\/pi-spm-13-110\/#breadcrumb","itemListElement":[{"@type":"ListItem","position":1,"name":"Strona g\u0142\u00f3wna","item":"https:\/\/www.pakery.pl\/fr\/"},{"@type":"ListItem","position":2,"name":"Magasin","item":"https:\/\/www.pakery.pl\/fr\/magasin\/"},{"@type":"ListItem","position":3,"name":"Injecteur PI-SPM 13\/110"}]},{"@type":"WebSite","@id":"https:\/\/www.pakery.pl\/fr\/#website","url":"https:\/\/www.pakery.pl\/fr\/","name":"Pakery.pl","description":"Pakery iniekcyjne, Kotwy spiralne, Lance iniekcyjne, W\u0119\u017ce do iniekcji, Pompy iniekcyjne, Serwis pomp iniekcyjnych, Wynajem pomp do iniekcji","publisher":{"@id":"https:\/\/www.pakery.pl\/fr\/#organization"},"potentialAction":[{"@type":"SearchAction","target":{"@type":"EntryPoint","urlTemplate":"https:\/\/www.pakery.pl\/fr\/?s={search_term_string}"},"query-input":{"@type":"PropertyValueSpecification","valueRequired":true,"valueName":"search_term_string"}}],"inLanguage":"fr-FR"},{"@type":"Organization","@id":"https:\/\/www.pakery.pl\/fr\/#organization","name":"PAKERY.PL","url":"https:\/\/www.pakery.pl\/fr\/","logo":{"@type":"ImageObject","inLanguage":"fr-FR","@id":"https:\/\/www.pakery.pl\/fr\/#\/schema\/logo\/image\/","url":"https:\/\/www.pakery.pl\/wp-content\/uploads\/2021\/04\/cropped-PAKERY-LOGO.png","contentUrl":"https:\/\/www.pakery.pl\/wp-content\/uploads\/2021\/04\/cropped-PAKERY-LOGO.png","width":1529,"height":500,"caption":"PAKERY.PL"},"image":{"@id":"https:\/\/www.pakery.pl\/fr\/#\/schema\/logo\/image\/"}}]}},"_links":{"self":[{"href":"https:\/\/www.pakery.pl\/fr\/wp-json\/wp\/v2\/product\/49734","targetHints":{"allow":["GET"]}}],"collection":[{"href":"https:\/\/www.pakery.pl\/fr\/wp-json\/wp\/v2\/product"}],"about":[{"href":"https:\/\/www.pakery.pl\/fr\/wp-json\/wp\/v2\/types\/product"}],"version-history":[{"count":1,"href":"https:\/\/www.pakery.pl\/fr\/wp-json\/wp\/v2\/product\/49734\/revisions"}],"predecessor-version":[{"id":49745,"href":"https:\/\/www.pakery.pl\/fr\/wp-json\/wp\/v2\/product\/49734\/revisions\/49745"}],"wp:featuredmedia":[{"embeddable":true,"href":"https:\/\/www.pakery.pl\/fr\/wp-json\/wp\/v2\/media\/49737"}],"wp:attachment":[{"href":"https:\/\/www.pakery.pl\/fr\/wp-json\/wp\/v2\/media?parent=49734"}],"wp:term":[{"taxonomy":"product_brand","embeddable":true,"href":"https:\/\/www.pakery.pl\/fr\/wp-json\/wp\/v2\/product_brand?post=49734"},{"taxonomy":"product_cat","embeddable":true,"href":"https:\/\/www.pakery.pl\/fr\/wp-json\/wp\/v2\/product_cat?post=49734"},{"taxonomy":"product_tag","embeddable":true,"href":"https:\/\/www.pakery.pl\/fr\/wp-json\/wp\/v2\/product_tag?post=49734"}],"curies":[{"name":"wp","href":"https:\/\/api.w.org\/{rel}","templated":true}]}}