{"id":45346,"date":"2023-07-17T15:44:22","date_gmt":"2023-07-21T11:53:08","guid":{"rendered":"https:\/\/www.pakery.pl\/produkt\/injecteur-pi-spm-16-300fwg\/"},"modified":"2023-07-21T13:53:08","modified_gmt":"2023-07-21T11:53:08","slug":"paker-do-iniekcji-pi-sd-16-300swg-2","status":"publish","type":"product","link":"https:\/\/www.pakery.pl\/fr\/produkt\/paker-do-iniekcji-pi-sd-16-300swg-2\/","title":{"rendered":"Injecteur PI-SPM 16\/300fwg"},"content":{"rendered":"","protected":false},"excerpt":{"rendered":"","protected":false},"featured_media":45193,"template":"","meta":{"_acf_changed":false},"product_brand":[],"product_cat":[666],"product_tag":[],"class_list":{"0":"post-45346","1":"product","2":"type-product","3":"status-publish","4":"has-post-thumbnail","6":"product_cat-emballeurs-en-metal","8":"first","9":"instock","10":"taxable","11":"shipping-taxable","12":"product-type-simple"},"acf":[],"yoast_head":"<!-- This site is optimized with the Yoast SEO plugin v27.3 - https:\/\/yoast.com\/product\/yoast-seo-wordpress\/ -->\n<title>Injecteur PI-SPM 16\/300fwg - PAKERY.PL<\/title>\n<meta name=\"description\" content=\"Injecteur. Etanch\u00e9it\u00e9 exceptionnelle m\u00eame \u00e0 des pressions tr\u00e8s \u00e9lev\u00e9es. Inscrivez-vous pour s\u00e9lectionner votre type de calamite.\" \/>\n<meta name=\"robots\" content=\"index, follow, max-snippet:-1, max-image-preview:large, max-video-preview:-1\" \/>\n<link rel=\"canonical\" href=\"https:\/\/www.pakery.pl\/fr\/produkt\/paker-do-iniekcji-pi-sd-16-300swg-2\/\" \/>\n<meta property=\"og:locale\" content=\"fr_FR\" \/>\n<meta property=\"og:type\" content=\"article\" \/>\n<meta property=\"og:title\" content=\"Injecteur PI-SPM 16\/300fwg - PAKERY.PL\" \/>\n<meta property=\"og:description\" content=\"Injecteur. Etanch\u00e9it\u00e9 exceptionnelle m\u00eame \u00e0 des pressions tr\u00e8s \u00e9lev\u00e9es. Inscrivez-vous pour s\u00e9lectionner votre type de calamite.\" \/>\n<meta property=\"og:url\" content=\"https:\/\/www.pakery.pl\/fr\/produkt\/paker-do-iniekcji-pi-sd-16-300swg-2\/\" \/>\n<meta property=\"og:site_name\" content=\"PAKERY.PL\" \/>\n<meta property=\"og:image\" content=\"https:\/\/www.pakery.pl\/wp-content\/uploads\/2021\/04\/PI-SPM-18300fwg.png\" \/>\n\t<meta property=\"og:image:width\" content=\"2000\" \/>\n\t<meta property=\"og:image:height\" content=\"2000\" \/>\n\t<meta property=\"og:image:type\" content=\"image\/png\" \/>\n<meta name=\"twitter:card\" content=\"summary_large_image\" \/>\n<script type=\"application\/ld+json\" class=\"yoast-schema-graph\">{\"@context\":\"https:\\\/\\\/schema.org\",\"@graph\":[{\"@type\":\"WebPage\",\"@id\":\"https:\\\/\\\/www.pakery.pl\\\/fr\\\/produkt\\\/paker-do-iniekcji-pi-sd-16-300swg-2\\\/\",\"url\":\"https:\\\/\\\/www.pakery.pl\\\/fr\\\/produkt\\\/paker-do-iniekcji-pi-sd-16-300swg-2\\\/\",\"name\":\"Injecteur PI-SPM 16\\\/300fwg - PAKERY.PL\",\"isPartOf\":{\"@id\":\"https:\\\/\\\/www.pakery.pl\\\/fr\\\/#website\"},\"primaryImageOfPage\":{\"@id\":\"https:\\\/\\\/www.pakery.pl\\\/fr\\\/produkt\\\/paker-do-iniekcji-pi-sd-16-300swg-2\\\/#primaryimage\"},\"image\":{\"@id\":\"https:\\\/\\\/www.pakery.pl\\\/fr\\\/produkt\\\/paker-do-iniekcji-pi-sd-16-300swg-2\\\/#primaryimage\"},\"thumbnailUrl\":\"https:\\\/\\\/www.pakery.pl\\\/wp-content\\\/uploads\\\/2021\\\/04\\\/PI-SPM-18300fwg.png\",\"datePublished\":\"2023-07-21T11:53:08+00:00\",\"description\":\"Injecteur. Etanch\u00e9it\u00e9 exceptionnelle m\u00eame \u00e0 des pressions tr\u00e8s \u00e9lev\u00e9es. Inscrivez-vous pour s\u00e9lectionner votre type de calamite.\",\"breadcrumb\":{\"@id\":\"https:\\\/\\\/www.pakery.pl\\\/fr\\\/produkt\\\/paker-do-iniekcji-pi-sd-16-300swg-2\\\/#breadcrumb\"},\"inLanguage\":\"fr-FR\",\"potentialAction\":[{\"@type\":\"ReadAction\",\"target\":[\"https:\\\/\\\/www.pakery.pl\\\/fr\\\/produkt\\\/paker-do-iniekcji-pi-sd-16-300swg-2\\\/\"]}]},{\"@type\":\"ImageObject\",\"inLanguage\":\"fr-FR\",\"@id\":\"https:\\\/\\\/www.pakery.pl\\\/fr\\\/produkt\\\/paker-do-iniekcji-pi-sd-16-300swg-2\\\/#primaryimage\",\"url\":\"https:\\\/\\\/www.pakery.pl\\\/wp-content\\\/uploads\\\/2021\\\/04\\\/PI-SPM-18300fwg.png\",\"contentUrl\":\"https:\\\/\\\/www.pakery.pl\\\/wp-content\\\/uploads\\\/2021\\\/04\\\/PI-SPM-18300fwg.png\",\"width\":2000,\"height\":2000},{\"@type\":\"BreadcrumbList\",\"@id\":\"https:\\\/\\\/www.pakery.pl\\\/fr\\\/produkt\\\/paker-do-iniekcji-pi-sd-16-300swg-2\\\/#breadcrumb\",\"itemListElement\":[{\"@type\":\"ListItem\",\"position\":1,\"name\":\"Strona g\u0142\u00f3wna\",\"item\":\"https:\\\/\\\/www.pakery.pl\\\/fr\\\/\"},{\"@type\":\"ListItem\",\"position\":2,\"name\":\"Magasin\",\"item\":\"https:\\\/\\\/www.pakery.pl\\\/fr\\\/magasin\\\/\"},{\"@type\":\"ListItem\",\"position\":3,\"name\":\"Injecteur PI-SPM 16\\\/300fwg\"}]},{\"@type\":\"WebSite\",\"@id\":\"https:\\\/\\\/www.pakery.pl\\\/fr\\\/#website\",\"url\":\"https:\\\/\\\/www.pakery.pl\\\/fr\\\/\",\"name\":\"Pakery.pl\",\"description\":\"Pakery iniekcyjne, Kotwy spiralne, Lance iniekcyjne, W\u0119\u017ce do iniekcji, Pompy iniekcyjne, Serwis pomp iniekcyjnych, Wynajem pomp do iniekcji\",\"publisher\":{\"@id\":\"https:\\\/\\\/www.pakery.pl\\\/fr\\\/#organization\"},\"potentialAction\":[{\"@type\":\"SearchAction\",\"target\":{\"@type\":\"EntryPoint\",\"urlTemplate\":\"https:\\\/\\\/www.pakery.pl\\\/fr\\\/?s={search_term_string}\"},\"query-input\":{\"@type\":\"PropertyValueSpecification\",\"valueRequired\":true,\"valueName\":\"search_term_string\"}}],\"inLanguage\":\"fr-FR\"},{\"@type\":\"Organization\",\"@id\":\"https:\\\/\\\/www.pakery.pl\\\/fr\\\/#organization\",\"name\":\"PAKERY.PL\",\"url\":\"https:\\\/\\\/www.pakery.pl\\\/fr\\\/\",\"logo\":{\"@type\":\"ImageObject\",\"inLanguage\":\"fr-FR\",\"@id\":\"https:\\\/\\\/www.pakery.pl\\\/fr\\\/#\\\/schema\\\/logo\\\/image\\\/\",\"url\":\"https:\\\/\\\/www.pakery.pl\\\/wp-content\\\/uploads\\\/2021\\\/04\\\/cropped-PAKERY-LOGO.png\",\"contentUrl\":\"https:\\\/\\\/www.pakery.pl\\\/wp-content\\\/uploads\\\/2021\\\/04\\\/cropped-PAKERY-LOGO.png\",\"width\":1529,\"height\":500,\"caption\":\"PAKERY.PL\"},\"image\":{\"@id\":\"https:\\\/\\\/www.pakery.pl\\\/fr\\\/#\\\/schema\\\/logo\\\/image\\\/\"}}]}<\/script>\n<!-- \/ Yoast SEO plugin. -->","yoast_head_json":{"title":"Injecteur PI-SPM 16\/300fwg - PAKERY.PL","description":"Injecteur. Etanch\u00e9it\u00e9 exceptionnelle m\u00eame \u00e0 des pressions tr\u00e8s \u00e9lev\u00e9es. Inscrivez-vous pour s\u00e9lectionner votre type de calamite.","robots":{"index":"index","follow":"follow","max-snippet":"max-snippet:-1","max-image-preview":"max-image-preview:large","max-video-preview":"max-video-preview:-1"},"canonical":"https:\/\/www.pakery.pl\/fr\/produkt\/paker-do-iniekcji-pi-sd-16-300swg-2\/","og_locale":"fr_FR","og_type":"article","og_title":"Injecteur PI-SPM 16\/300fwg - PAKERY.PL","og_description":"Injecteur. Etanch\u00e9it\u00e9 exceptionnelle m\u00eame \u00e0 des pressions tr\u00e8s \u00e9lev\u00e9es. Inscrivez-vous pour s\u00e9lectionner votre type de calamite.","og_url":"https:\/\/www.pakery.pl\/fr\/produkt\/paker-do-iniekcji-pi-sd-16-300swg-2\/","og_site_name":"PAKERY.PL","og_image":[{"width":2000,"height":2000,"url":"https:\/\/www.pakery.pl\/wp-content\/uploads\/2021\/04\/PI-SPM-18300fwg.png","type":"image\/png"}],"twitter_card":"summary_large_image","schema":{"@context":"https:\/\/schema.org","@graph":[{"@type":"WebPage","@id":"https:\/\/www.pakery.pl\/fr\/produkt\/paker-do-iniekcji-pi-sd-16-300swg-2\/","url":"https:\/\/www.pakery.pl\/fr\/produkt\/paker-do-iniekcji-pi-sd-16-300swg-2\/","name":"Injecteur PI-SPM 16\/300fwg - PAKERY.PL","isPartOf":{"@id":"https:\/\/www.pakery.pl\/fr\/#website"},"primaryImageOfPage":{"@id":"https:\/\/www.pakery.pl\/fr\/produkt\/paker-do-iniekcji-pi-sd-16-300swg-2\/#primaryimage"},"image":{"@id":"https:\/\/www.pakery.pl\/fr\/produkt\/paker-do-iniekcji-pi-sd-16-300swg-2\/#primaryimage"},"thumbnailUrl":"https:\/\/www.pakery.pl\/wp-content\/uploads\/2021\/04\/PI-SPM-18300fwg.png","datePublished":"2023-07-21T11:53:08+00:00","description":"Injecteur. Etanch\u00e9it\u00e9 exceptionnelle m\u00eame \u00e0 des pressions tr\u00e8s \u00e9lev\u00e9es. Inscrivez-vous pour s\u00e9lectionner votre type de calamite.","breadcrumb":{"@id":"https:\/\/www.pakery.pl\/fr\/produkt\/paker-do-iniekcji-pi-sd-16-300swg-2\/#breadcrumb"},"inLanguage":"fr-FR","potentialAction":[{"@type":"ReadAction","target":["https:\/\/www.pakery.pl\/fr\/produkt\/paker-do-iniekcji-pi-sd-16-300swg-2\/"]}]},{"@type":"ImageObject","inLanguage":"fr-FR","@id":"https:\/\/www.pakery.pl\/fr\/produkt\/paker-do-iniekcji-pi-sd-16-300swg-2\/#primaryimage","url":"https:\/\/www.pakery.pl\/wp-content\/uploads\/2021\/04\/PI-SPM-18300fwg.png","contentUrl":"https:\/\/www.pakery.pl\/wp-content\/uploads\/2021\/04\/PI-SPM-18300fwg.png","width":2000,"height":2000},{"@type":"BreadcrumbList","@id":"https:\/\/www.pakery.pl\/fr\/produkt\/paker-do-iniekcji-pi-sd-16-300swg-2\/#breadcrumb","itemListElement":[{"@type":"ListItem","position":1,"name":"Strona g\u0142\u00f3wna","item":"https:\/\/www.pakery.pl\/fr\/"},{"@type":"ListItem","position":2,"name":"Magasin","item":"https:\/\/www.pakery.pl\/fr\/magasin\/"},{"@type":"ListItem","position":3,"name":"Injecteur PI-SPM 16\/300fwg"}]},{"@type":"WebSite","@id":"https:\/\/www.pakery.pl\/fr\/#website","url":"https:\/\/www.pakery.pl\/fr\/","name":"Pakery.pl","description":"Pakery iniekcyjne, Kotwy spiralne, Lance iniekcyjne, W\u0119\u017ce do iniekcji, Pompy iniekcyjne, Serwis pomp iniekcyjnych, Wynajem pomp do iniekcji","publisher":{"@id":"https:\/\/www.pakery.pl\/fr\/#organization"},"potentialAction":[{"@type":"SearchAction","target":{"@type":"EntryPoint","urlTemplate":"https:\/\/www.pakery.pl\/fr\/?s={search_term_string}"},"query-input":{"@type":"PropertyValueSpecification","valueRequired":true,"valueName":"search_term_string"}}],"inLanguage":"fr-FR"},{"@type":"Organization","@id":"https:\/\/www.pakery.pl\/fr\/#organization","name":"PAKERY.PL","url":"https:\/\/www.pakery.pl\/fr\/","logo":{"@type":"ImageObject","inLanguage":"fr-FR","@id":"https:\/\/www.pakery.pl\/fr\/#\/schema\/logo\/image\/","url":"https:\/\/www.pakery.pl\/wp-content\/uploads\/2021\/04\/cropped-PAKERY-LOGO.png","contentUrl":"https:\/\/www.pakery.pl\/wp-content\/uploads\/2021\/04\/cropped-PAKERY-LOGO.png","width":1529,"height":500,"caption":"PAKERY.PL"},"image":{"@id":"https:\/\/www.pakery.pl\/fr\/#\/schema\/logo\/image\/"}}]}},"_links":{"self":[{"href":"https:\/\/www.pakery.pl\/fr\/wp-json\/wp\/v2\/product\/45346","targetHints":{"allow":["GET"]}}],"collection":[{"href":"https:\/\/www.pakery.pl\/fr\/wp-json\/wp\/v2\/product"}],"about":[{"href":"https:\/\/www.pakery.pl\/fr\/wp-json\/wp\/v2\/types\/product"}],"version-history":[{"count":0,"href":"https:\/\/www.pakery.pl\/fr\/wp-json\/wp\/v2\/product\/45346\/revisions"}],"wp:featuredmedia":[{"embeddable":true,"href":"https:\/\/www.pakery.pl\/fr\/wp-json\/wp\/v2\/media\/45193"}],"wp:attachment":[{"href":"https:\/\/www.pakery.pl\/fr\/wp-json\/wp\/v2\/media?parent=45346"}],"wp:term":[{"taxonomy":"product_brand","embeddable":true,"href":"https:\/\/www.pakery.pl\/fr\/wp-json\/wp\/v2\/product_brand?post=45346"},{"taxonomy":"product_cat","embeddable":true,"href":"https:\/\/www.pakery.pl\/fr\/wp-json\/wp\/v2\/product_cat?post=45346"},{"taxonomy":"product_tag","embeddable":true,"href":"https:\/\/www.pakery.pl\/fr\/wp-json\/wp\/v2\/product_tag?post=45346"}],"curies":[{"name":"wp","href":"https:\/\/api.w.org\/{rel}","templated":true}]}}