{"id":44474,"date":"2023-04-06T12:26:16","date_gmt":"2023-04-06T10:26:16","guid":{"rendered":"https:\/\/www.pakery.pl\/produkt\/nettoyant-pour-pompe-a-injection\/"},"modified":"2023-04-06T12:26:22","modified_gmt":"2023-04-06T10:26:22","slug":"nettoyant-pour-pompe-a-injection","status":"publish","type":"product","link":"https:\/\/www.pakery.pl\/fr\/produkt\/nettoyant-pour-pompe-a-injection\/","title":{"rendered":"Nettoyant pour pompe \u00e0 injection"},"content":{"rendered":"\t\t<div data-elementor-type=\"product-post\" data-elementor-id=\"44474\" class=\"elementor elementor-44474 elementor-3547\" data-elementor-post-type=\"product\">\n\t\t\t\t\t\t<section class=\"elementor-section elementor-top-section elementor-element elementor-element-3e560d8 elementor-section-full_width elementor-section-height-default elementor-section-height-default\" data-id=\"3e560d8\" data-element_type=\"section\" data-e-type=\"section\">\n\t\t\t\t\t\t<div class=\"elementor-container elementor-column-gap-default\">\n\t\t\t\t\t<div class=\"elementor-column elementor-col-100 elementor-top-column elementor-element elementor-element-8404500\" data-id=\"8404500\" data-element_type=\"column\" data-e-type=\"column\">\n\t\t\t<div class=\"elementor-widget-wrap elementor-element-populated\">\n\t\t\t\t\t\t<section class=\"elementor-section elementor-inner-section elementor-element elementor-element-8fdfbc5 elementor-section-full_width elementor-section-height-default elementor-section-height-default\" data-id=\"8fdfbc5\" data-element_type=\"section\" data-e-type=\"section\">\n\t\t\t\t\t\t<div class=\"elementor-container elementor-column-gap-default\">\n\t\t\t\t\t<div class=\"elementor-column elementor-col-50 elementor-inner-column elementor-element elementor-element-0817a6e\" data-id=\"0817a6e\" data-element_type=\"column\" data-e-type=\"column\">\n\t\t\t<div class=\"elementor-widget-wrap elementor-element-populated\">\n\t\t\t\t\t\t<div class=\"elementor-element elementor-element-fa6af93 elementor-widget elementor-widget-text-editor\" data-id=\"fa6af93\" data-element_type=\"widget\" data-e-type=\"widget\" data-widget_type=\"text-editor.default\">\n\t\t\t\t<div class=\"elementor-widget-container\">\n\t\t\t\t\t\t\t\t\t<div class=\"_1bo4a _xu6h2 _1ylmp _2d49e_YrWCD\">\n<div class=\"_1voj4 _z9prt _1xzdi _ai5yc _5d6n2 _15lj1\">\n<div class=\"_2d49e_5pK0q\">\n<p style=\"text-align: center;\"><strong><span style=\"color: #000000;\"> <\/span><\/strong><\/p>\n<p style=\"text-align: center;\"><strong><span style=\"color: #000000;\">PI-CLEANER A<\/span><\/strong><\/p>\n<p><span style=\"color: #000000;\">AVANTAGES :<\/span><\/p>\n<ul>\n<li><span style=\"color: #000000;\">n&rsquo;endommage pas les joints toriques et les joints d&rsquo;\u00e9tanch\u00e9it\u00e9 des pompes et des t\u00eates de pompe<\/span><\/li>\n<li><span style=\"color: #000000;\">a des propri\u00e9t\u00e9s de conservation<\/span><\/li>\n<li><span style=\"color: #000000;\">ne mousse pas au contact des r\u00e9sines polyur\u00e9thanes mouss\u00e9es<\/span><\/li>\n<li><span style=\"color: #000000;\">ne s&rsquo;\u00e9vapore pas<\/span><\/li>\n<li><span style=\"color: #000000;\">m\u00e9lang\u00e9e \u00e0 la r\u00e9sine \u00ab\u00a0la d\u00e9sactive\u00a0\u00bb<\/span><\/li>\n<li><span style=\"color: #000000;\">est respectueux de l&rsquo;environnement et n&rsquo;a pas d&rsquo;\u00e9tiquetage ADR<\/span><\/li>\n<\/ul>\n<\/div>\n<\/div>\n<\/div>\n<div class=\"_1bo4a _xu6h2 _1ylmp _2d49e_YrWCD\">\n<div class=\"_1voj4 _z9prt _1xzdi _ai5yc _5d6n2 _15lj1\">\n<div class=\"_2d49e_5pK0q\">\n<p><span style=\"color: #000000;\">Il ne convient pas pour diluer les r\u00e9sines d&rsquo;injection afin de r\u00e9duire leur viscosit\u00e9, au contact de la r\u00e9sine il la neutralise et le m\u00e9lange est inerte.<\/span><\/p>\n<p><span style=\"color: #000000;\">Si la pompe d&rsquo;injection n&rsquo;est pas utilis\u00e9e pendant une p\u00e9riode prolong\u00e9e, il est recommand\u00e9 de l&rsquo;amorcer avec de l&rsquo;huile hydraulique.<\/span><\/p>\n<\/div>\n<\/div>\n<\/div>\n\t\t\t\t\t\t\t\t<\/div>\n\t\t\t\t<\/div>\n\t\t\t\t\t<\/div>\n\t\t<\/div>\n\t\t\t\t<div class=\"elementor-column elementor-col-50 elementor-inner-column elementor-element elementor-element-7279e65\" data-id=\"7279e65\" data-element_type=\"column\" data-e-type=\"column\">\n\t\t\t<div class=\"elementor-widget-wrap elementor-element-populated\">\n\t\t\t\t\t\t<div class=\"elementor-element elementor-element-659abdb elementor-widget elementor-widget-image\" data-id=\"659abdb\" data-element_type=\"widget\" data-e-type=\"widget\" data-widget_type=\"image.default\">\n\t\t\t\t<div class=\"elementor-widget-container\">\n\t\t\t\t\t\t\t\t\t\t\t\t\t\t\t<img decoding=\"async\" src=\"https:\/\/www.pakery.pl\/wp-content\/uploads\/elementor\/thumbs\/Cleaner_5kg-ppymivpw9zzdfe5j7sdp6mi0mw9ae62bsif74yeirs.png\" title=\"Nettoyeur_5kg\" alt=\"Nettoyeur_5kg\" loading=\"lazy\" \/>\t\t\t\t\t\t\t\t\t\t\t\t\t\t\t<\/div>\n\t\t\t\t<\/div>\n\t\t\t\t\t<\/div>\n\t\t<\/div>\n\t\t\t\t\t<\/div>\n\t\t<\/section>\n\t\t\t\t\t<\/div>\n\t\t<\/div>\n\t\t\t\t\t<\/div>\n\t\t<\/section>\n\t\t\t\t<\/div>\n\t\t","protected":false},"excerpt":{"rendered":"<p>PI-CLEANER A AVANTAGES : n&rsquo;endommage pas les joints toriques et les joints d&rsquo;\u00e9tanch\u00e9it\u00e9 des pompes et des t\u00eates de pompe a des propri\u00e9t\u00e9s de conservation ne mousse pas au contact des r\u00e9sines polyur\u00e9thanes mouss\u00e9es ne s&rsquo;\u00e9vapore pas m\u00e9lang\u00e9e \u00e0 la r\u00e9sine \u00ab\u00a0la d\u00e9sactive\u00a0\u00bb est respectueux de l&rsquo;environnement et n&rsquo;a pas d&rsquo;\u00e9tiquetage ADR Il ne convient [&hellip;]<\/p>\n","protected":false},"featured_media":40420,"template":"","meta":{"_acf_changed":false},"product_brand":[],"product_cat":[661,1897],"product_tag":[],"class_list":{"0":"post-44474","1":"product","2":"type-product","3":"status-publish","4":"has-post-thumbnail","6":"product_cat-accessoires-dinjection","7":"product_cat-resines-dinjection","8":"pa_przylacza-i-czyszczenie-connexions-et-nettoyage","9":"pa_waga-1-kg-fr","10":"pa_waga-5-kg-fr","12":"first","13":"instock","14":"taxable","15":"shipping-taxable","16":"purchasable","17":"product-type-variable"},"acf":[],"yoast_head":"<!-- This site is optimized with the Yoast SEO plugin v27.3 - https:\/\/yoast.com\/product\/yoast-seo-wordpress\/ -->\n<title>Nettoyant pour pompe \u00e0 injection - PAKERY.PL<\/title>\n<meta name=\"description\" content=\"Nettoyant pour pompes \u00e0 injection | Pouvoir dissolvant \u00e9lev\u00e9, adapt\u00e9 \u00e0 l&#039;\u00e9limination des r\u00e9sines polyur\u00e9thanes ou \u00e9poxydes liquides\" \/>\n<meta name=\"robots\" content=\"index, follow, max-snippet:-1, max-image-preview:large, max-video-preview:-1\" \/>\n<link rel=\"canonical\" href=\"https:\/\/www.pakery.pl\/fr\/produkt\/nettoyant-pour-pompe-a-injection\/\" \/>\n<meta property=\"og:locale\" content=\"fr_FR\" \/>\n<meta property=\"og:type\" content=\"article\" \/>\n<meta property=\"og:title\" content=\"Nettoyant pour pompe \u00e0 injection - PAKERY.PL\" \/>\n<meta property=\"og:description\" content=\"Nettoyant pour pompes \u00e0 injection | Pouvoir dissolvant \u00e9lev\u00e9, adapt\u00e9 \u00e0 l&#039;\u00e9limination des r\u00e9sines polyur\u00e9thanes ou \u00e9poxydes liquides\" \/>\n<meta property=\"og:url\" content=\"https:\/\/www.pakery.pl\/fr\/produkt\/nettoyant-pour-pompe-a-injection\/\" \/>\n<meta property=\"og:site_name\" content=\"PAKERY.PL\" \/>\n<meta property=\"article:modified_time\" content=\"2023-04-06T10:26:22+00:00\" \/>\n<meta property=\"og:image\" content=\"https:\/\/www.pakery.pl\/wp-content\/uploads\/2021\/05\/cleaner-15-e1656664350611.png\" \/>\n\t<meta property=\"og:image:width\" content=\"850\" \/>\n\t<meta property=\"og:image:height\" content=\"768\" \/>\n\t<meta property=\"og:image:type\" content=\"image\/png\" \/>\n<meta name=\"twitter:card\" content=\"summary_large_image\" \/>\n<meta name=\"twitter:label1\" content=\"Dur\u00e9e de lecture estim\u00e9e\" \/>\n\t<meta name=\"twitter:data1\" content=\"1 minute\" \/>\n<script type=\"application\/ld+json\" class=\"yoast-schema-graph\">{\"@context\":\"https:\\\/\\\/schema.org\",\"@graph\":[{\"@type\":\"WebPage\",\"@id\":\"https:\\\/\\\/www.pakery.pl\\\/fr\\\/produkt\\\/nettoyant-pour-pompe-a-injection\\\/\",\"url\":\"https:\\\/\\\/www.pakery.pl\\\/fr\\\/produkt\\\/nettoyant-pour-pompe-a-injection\\\/\",\"name\":\"Nettoyant pour pompe \u00e0 injection - PAKERY.PL\",\"isPartOf\":{\"@id\":\"https:\\\/\\\/www.pakery.pl\\\/fr\\\/#website\"},\"primaryImageOfPage\":{\"@id\":\"https:\\\/\\\/www.pakery.pl\\\/fr\\\/produkt\\\/nettoyant-pour-pompe-a-injection\\\/#primaryimage\"},\"image\":{\"@id\":\"https:\\\/\\\/www.pakery.pl\\\/fr\\\/produkt\\\/nettoyant-pour-pompe-a-injection\\\/#primaryimage\"},\"thumbnailUrl\":\"https:\\\/\\\/www.pakery.pl\\\/wp-content\\\/uploads\\\/2021\\\/05\\\/cleaner-15-e1656664350611.png\",\"datePublished\":\"2023-04-06T10:26:16+00:00\",\"dateModified\":\"2023-04-06T10:26:22+00:00\",\"description\":\"Nettoyant pour pompes \u00e0 injection | Pouvoir dissolvant \u00e9lev\u00e9, adapt\u00e9 \u00e0 l'\u00e9limination des r\u00e9sines polyur\u00e9thanes ou \u00e9poxydes liquides\",\"breadcrumb\":{\"@id\":\"https:\\\/\\\/www.pakery.pl\\\/fr\\\/produkt\\\/nettoyant-pour-pompe-a-injection\\\/#breadcrumb\"},\"inLanguage\":\"fr-FR\",\"potentialAction\":[{\"@type\":\"ReadAction\",\"target\":[\"https:\\\/\\\/www.pakery.pl\\\/fr\\\/produkt\\\/nettoyant-pour-pompe-a-injection\\\/\"]}]},{\"@type\":\"ImageObject\",\"inLanguage\":\"fr-FR\",\"@id\":\"https:\\\/\\\/www.pakery.pl\\\/fr\\\/produkt\\\/nettoyant-pour-pompe-a-injection\\\/#primaryimage\",\"url\":\"https:\\\/\\\/www.pakery.pl\\\/wp-content\\\/uploads\\\/2021\\\/05\\\/cleaner-15-e1656664350611.png\",\"contentUrl\":\"https:\\\/\\\/www.pakery.pl\\\/wp-content\\\/uploads\\\/2021\\\/05\\\/cleaner-15-e1656664350611.png\",\"width\":850,\"height\":768},{\"@type\":\"BreadcrumbList\",\"@id\":\"https:\\\/\\\/www.pakery.pl\\\/fr\\\/produkt\\\/nettoyant-pour-pompe-a-injection\\\/#breadcrumb\",\"itemListElement\":[{\"@type\":\"ListItem\",\"position\":1,\"name\":\"Strona g\u0142\u00f3wna\",\"item\":\"https:\\\/\\\/www.pakery.pl\\\/fr\\\/\"},{\"@type\":\"ListItem\",\"position\":2,\"name\":\"Magasin\",\"item\":\"https:\\\/\\\/www.pakery.pl\\\/fr\\\/magasin\\\/\"},{\"@type\":\"ListItem\",\"position\":3,\"name\":\"Nettoyant pour pompe \u00e0 injection\"}]},{\"@type\":\"WebSite\",\"@id\":\"https:\\\/\\\/www.pakery.pl\\\/fr\\\/#website\",\"url\":\"https:\\\/\\\/www.pakery.pl\\\/fr\\\/\",\"name\":\"Pakery.pl\",\"description\":\"Pakery iniekcyjne, Kotwy spiralne, Lance iniekcyjne, W\u0119\u017ce do iniekcji, Pompy iniekcyjne, Serwis pomp iniekcyjnych, Wynajem pomp do iniekcji\",\"publisher\":{\"@id\":\"https:\\\/\\\/www.pakery.pl\\\/fr\\\/#organization\"},\"potentialAction\":[{\"@type\":\"SearchAction\",\"target\":{\"@type\":\"EntryPoint\",\"urlTemplate\":\"https:\\\/\\\/www.pakery.pl\\\/fr\\\/?s={search_term_string}\"},\"query-input\":{\"@type\":\"PropertyValueSpecification\",\"valueRequired\":true,\"valueName\":\"search_term_string\"}}],\"inLanguage\":\"fr-FR\"},{\"@type\":\"Organization\",\"@id\":\"https:\\\/\\\/www.pakery.pl\\\/fr\\\/#organization\",\"name\":\"PAKERY.PL\",\"url\":\"https:\\\/\\\/www.pakery.pl\\\/fr\\\/\",\"logo\":{\"@type\":\"ImageObject\",\"inLanguage\":\"fr-FR\",\"@id\":\"https:\\\/\\\/www.pakery.pl\\\/fr\\\/#\\\/schema\\\/logo\\\/image\\\/\",\"url\":\"https:\\\/\\\/www.pakery.pl\\\/wp-content\\\/uploads\\\/2021\\\/04\\\/cropped-PAKERY-LOGO.png\",\"contentUrl\":\"https:\\\/\\\/www.pakery.pl\\\/wp-content\\\/uploads\\\/2021\\\/04\\\/cropped-PAKERY-LOGO.png\",\"width\":1529,\"height\":500,\"caption\":\"PAKERY.PL\"},\"image\":{\"@id\":\"https:\\\/\\\/www.pakery.pl\\\/fr\\\/#\\\/schema\\\/logo\\\/image\\\/\"}}]}<\/script>\n<!-- \/ Yoast SEO plugin. -->","yoast_head_json":{"title":"Nettoyant pour pompe \u00e0 injection - PAKERY.PL","description":"Nettoyant pour pompes \u00e0 injection | Pouvoir dissolvant \u00e9lev\u00e9, adapt\u00e9 \u00e0 l'\u00e9limination des r\u00e9sines polyur\u00e9thanes ou \u00e9poxydes liquides","robots":{"index":"index","follow":"follow","max-snippet":"max-snippet:-1","max-image-preview":"max-image-preview:large","max-video-preview":"max-video-preview:-1"},"canonical":"https:\/\/www.pakery.pl\/fr\/produkt\/nettoyant-pour-pompe-a-injection\/","og_locale":"fr_FR","og_type":"article","og_title":"Nettoyant pour pompe \u00e0 injection - PAKERY.PL","og_description":"Nettoyant pour pompes \u00e0 injection | Pouvoir dissolvant \u00e9lev\u00e9, adapt\u00e9 \u00e0 l'\u00e9limination des r\u00e9sines polyur\u00e9thanes ou \u00e9poxydes liquides","og_url":"https:\/\/www.pakery.pl\/fr\/produkt\/nettoyant-pour-pompe-a-injection\/","og_site_name":"PAKERY.PL","article_modified_time":"2023-04-06T10:26:22+00:00","og_image":[{"width":850,"height":768,"url":"https:\/\/www.pakery.pl\/wp-content\/uploads\/2021\/05\/cleaner-15-e1656664350611.png","type":"image\/png"}],"twitter_card":"summary_large_image","twitter_misc":{"Dur\u00e9e de lecture estim\u00e9e":"1 minute"},"schema":{"@context":"https:\/\/schema.org","@graph":[{"@type":"WebPage","@id":"https:\/\/www.pakery.pl\/fr\/produkt\/nettoyant-pour-pompe-a-injection\/","url":"https:\/\/www.pakery.pl\/fr\/produkt\/nettoyant-pour-pompe-a-injection\/","name":"Nettoyant pour pompe \u00e0 injection - PAKERY.PL","isPartOf":{"@id":"https:\/\/www.pakery.pl\/fr\/#website"},"primaryImageOfPage":{"@id":"https:\/\/www.pakery.pl\/fr\/produkt\/nettoyant-pour-pompe-a-injection\/#primaryimage"},"image":{"@id":"https:\/\/www.pakery.pl\/fr\/produkt\/nettoyant-pour-pompe-a-injection\/#primaryimage"},"thumbnailUrl":"https:\/\/www.pakery.pl\/wp-content\/uploads\/2021\/05\/cleaner-15-e1656664350611.png","datePublished":"2023-04-06T10:26:16+00:00","dateModified":"2023-04-06T10:26:22+00:00","description":"Nettoyant pour pompes \u00e0 injection | Pouvoir dissolvant \u00e9lev\u00e9, adapt\u00e9 \u00e0 l'\u00e9limination des r\u00e9sines polyur\u00e9thanes ou \u00e9poxydes liquides","breadcrumb":{"@id":"https:\/\/www.pakery.pl\/fr\/produkt\/nettoyant-pour-pompe-a-injection\/#breadcrumb"},"inLanguage":"fr-FR","potentialAction":[{"@type":"ReadAction","target":["https:\/\/www.pakery.pl\/fr\/produkt\/nettoyant-pour-pompe-a-injection\/"]}]},{"@type":"ImageObject","inLanguage":"fr-FR","@id":"https:\/\/www.pakery.pl\/fr\/produkt\/nettoyant-pour-pompe-a-injection\/#primaryimage","url":"https:\/\/www.pakery.pl\/wp-content\/uploads\/2021\/05\/cleaner-15-e1656664350611.png","contentUrl":"https:\/\/www.pakery.pl\/wp-content\/uploads\/2021\/05\/cleaner-15-e1656664350611.png","width":850,"height":768},{"@type":"BreadcrumbList","@id":"https:\/\/www.pakery.pl\/fr\/produkt\/nettoyant-pour-pompe-a-injection\/#breadcrumb","itemListElement":[{"@type":"ListItem","position":1,"name":"Strona g\u0142\u00f3wna","item":"https:\/\/www.pakery.pl\/fr\/"},{"@type":"ListItem","position":2,"name":"Magasin","item":"https:\/\/www.pakery.pl\/fr\/magasin\/"},{"@type":"ListItem","position":3,"name":"Nettoyant pour pompe \u00e0 injection"}]},{"@type":"WebSite","@id":"https:\/\/www.pakery.pl\/fr\/#website","url":"https:\/\/www.pakery.pl\/fr\/","name":"Pakery.pl","description":"Pakery iniekcyjne, Kotwy spiralne, Lance iniekcyjne, W\u0119\u017ce do iniekcji, Pompy iniekcyjne, Serwis pomp iniekcyjnych, Wynajem pomp do iniekcji","publisher":{"@id":"https:\/\/www.pakery.pl\/fr\/#organization"},"potentialAction":[{"@type":"SearchAction","target":{"@type":"EntryPoint","urlTemplate":"https:\/\/www.pakery.pl\/fr\/?s={search_term_string}"},"query-input":{"@type":"PropertyValueSpecification","valueRequired":true,"valueName":"search_term_string"}}],"inLanguage":"fr-FR"},{"@type":"Organization","@id":"https:\/\/www.pakery.pl\/fr\/#organization","name":"PAKERY.PL","url":"https:\/\/www.pakery.pl\/fr\/","logo":{"@type":"ImageObject","inLanguage":"fr-FR","@id":"https:\/\/www.pakery.pl\/fr\/#\/schema\/logo\/image\/","url":"https:\/\/www.pakery.pl\/wp-content\/uploads\/2021\/04\/cropped-PAKERY-LOGO.png","contentUrl":"https:\/\/www.pakery.pl\/wp-content\/uploads\/2021\/04\/cropped-PAKERY-LOGO.png","width":1529,"height":500,"caption":"PAKERY.PL"},"image":{"@id":"https:\/\/www.pakery.pl\/fr\/#\/schema\/logo\/image\/"}}]}},"_links":{"self":[{"href":"https:\/\/www.pakery.pl\/fr\/wp-json\/wp\/v2\/product\/44474","targetHints":{"allow":["GET"]}}],"collection":[{"href":"https:\/\/www.pakery.pl\/fr\/wp-json\/wp\/v2\/product"}],"about":[{"href":"https:\/\/www.pakery.pl\/fr\/wp-json\/wp\/v2\/types\/product"}],"version-history":[{"count":1,"href":"https:\/\/www.pakery.pl\/fr\/wp-json\/wp\/v2\/product\/44474\/revisions"}],"predecessor-version":[{"id":44477,"href":"https:\/\/www.pakery.pl\/fr\/wp-json\/wp\/v2\/product\/44474\/revisions\/44477"}],"wp:featuredmedia":[{"embeddable":true,"href":"https:\/\/www.pakery.pl\/fr\/wp-json\/wp\/v2\/media\/40420"}],"wp:attachment":[{"href":"https:\/\/www.pakery.pl\/fr\/wp-json\/wp\/v2\/media?parent=44474"}],"wp:term":[{"taxonomy":"product_brand","embeddable":true,"href":"https:\/\/www.pakery.pl\/fr\/wp-json\/wp\/v2\/product_brand?post=44474"},{"taxonomy":"product_cat","embeddable":true,"href":"https:\/\/www.pakery.pl\/fr\/wp-json\/wp\/v2\/product_cat?post=44474"},{"taxonomy":"product_tag","embeddable":true,"href":"https:\/\/www.pakery.pl\/fr\/wp-json\/wp\/v2\/product_tag?post=44474"}],"curies":[{"name":"wp","href":"https:\/\/api.w.org\/{rel}","templated":true}]}}