{"id":14224,"date":"2021-08-10T14:13:22","date_gmt":"2021-08-10T12:13:22","guid":{"rendered":"https:\/\/www.pakery.pl\/produkt\/emballeur-de-lance-dinjection\/"},"modified":"2021-08-10T14:13:29","modified_gmt":"2021-08-10T12:13:29","slug":"emballeur-de-lance-dinjection","status":"publish","type":"product","link":"https:\/\/www.pakery.pl\/fr\/produkt\/emballeur-de-lance-dinjection\/","title":{"rendered":"Emballeur de lance d&rsquo;injection"},"content":{"rendered":"\t\t<div data-elementor-type=\"product-post\" data-elementor-id=\"14224\" class=\"elementor elementor-14224 elementor-1961\" data-elementor-post-type=\"product\">\n\t\t\t\t\t\t<section class=\"elementor-section elementor-top-section elementor-element elementor-element-4b3f2ca elementor-section-boxed elementor-section-height-default elementor-section-height-default\" data-id=\"4b3f2ca\" data-element_type=\"section\" data-e-type=\"section\">\n\t\t\t\t\t\t<div class=\"elementor-container elementor-column-gap-default\">\n\t\t\t\t\t<div class=\"elementor-column elementor-col-100 elementor-top-column elementor-element elementor-element-4a71d8e\" data-id=\"4a71d8e\" data-element_type=\"column\" data-e-type=\"column\">\n\t\t\t<div class=\"elementor-widget-wrap elementor-element-populated\">\n\t\t\t\t\t\t<div class=\"elementor-element elementor-element-a055679 elementor-widget elementor-widget-image\" data-id=\"a055679\" data-element_type=\"widget\" data-e-type=\"widget\" data-widget_type=\"image.default\">\n\t\t\t\t<div class=\"elementor-widget-container\">\n\t\t\t\t\t\t\t\t\t\t\t\t\t\t\t<img fetchpriority=\"high\" decoding=\"async\" width=\"1763\" height=\"565\" src=\"https:\/\/www.pakery.pl\/wp-content\/uploads\/2021\/05\/schemat-lance-PI-JG-18150.png\" class=\"attachment-full size-full wp-image-14232\" alt=\"\" srcset=\"https:\/\/www.pakery.pl\/wp-content\/uploads\/2021\/05\/schemat-lance-PI-JG-18150.png 1763w, https:\/\/www.pakery.pl\/wp-content\/uploads\/2021\/05\/schemat-lance-PI-JG-18150-300x96.png 300w, https:\/\/www.pakery.pl\/wp-content\/uploads\/2021\/05\/schemat-lance-PI-JG-18150-1024x328.png 1024w, https:\/\/www.pakery.pl\/wp-content\/uploads\/2021\/05\/schemat-lance-PI-JG-18150-768x246.png 768w, https:\/\/www.pakery.pl\/wp-content\/uploads\/2021\/05\/schemat-lance-PI-JG-18150-1536x492.png 1536w, https:\/\/www.pakery.pl\/wp-content\/uploads\/2021\/05\/schemat-lance-PI-JG-18150-683x219.png 683w, https:\/\/www.pakery.pl\/wp-content\/uploads\/2021\/05\/schemat-lance-PI-JG-18150-602x193.png 602w\" sizes=\"(max-width: 1763px) 100vw, 1763px\" \/>\t\t\t\t\t\t\t\t\t\t\t\t\t\t\t<\/div>\n\t\t\t\t<\/div>\n\t\t\t\t<div class=\"elementor-element elementor-element-359b8bd elementor-widget elementor-widget-spacer\" data-id=\"359b8bd\" data-element_type=\"widget\" data-e-type=\"widget\" data-widget_type=\"spacer.default\">\n\t\t\t\t<div class=\"elementor-widget-container\">\n\t\t\t\t\t\t\t<div class=\"elementor-spacer\">\n\t\t\t<div class=\"elementor-spacer-inner\"><\/div>\n\t\t<\/div>\n\t\t\t\t\t\t<\/div>\n\t\t\t\t<\/div>\n\t\t\t\t<section class=\"elementor-section elementor-inner-section elementor-element elementor-element-19842a0 elementor-section-boxed elementor-section-height-default elementor-section-height-default\" data-id=\"19842a0\" data-element_type=\"section\" data-e-type=\"section\">\n\t\t\t\t\t\t<div class=\"elementor-container elementor-column-gap-default\">\n\t\t\t\t\t<div class=\"elementor-column elementor-col-50 elementor-inner-column elementor-element elementor-element-a30251c\" data-id=\"a30251c\" data-element_type=\"column\" data-e-type=\"column\">\n\t\t\t<div class=\"elementor-widget-wrap elementor-element-populated\">\n\t\t\t\t\t\t<div class=\"elementor-element elementor-element-f77ed0c elementor-widget elementor-widget-text-editor\" data-id=\"f77ed0c\" data-element_type=\"widget\" data-e-type=\"widget\" data-widget_type=\"text-editor.default\">\n\t\t\t\t<div class=\"elementor-widget-container\">\n\t\t\t\t\t\t\t\t\t<p><span style=\"color: #000000;\"><strong>SP\u00c9CIFICATIONS TECHNIQUES:<\/strong><\/span><\/p>\n<ul>\n<li><span style=\"color: #000000;\">Mat\u00e9riel: acier<\/span><\/li>\n<li><span style=\"color: #000000;\">diam\u00e8tre ot. injection:<b><i> A 18 ans<\/i><\/b><\/span><\/li>\n<li><span style=\"color: #000000;\">connexion vanne:<strong> GZ m10x1<\/strong><\/span><\/li>\n<li><span style=\"color: #000000;\">connexion sous les lances<strong> filetage 1\/4\u00a0\u00bb<\/strong><\/span><\/li>\n<\/ul>\n<p><span style=\"color: #000000;\">Packer d&rsquo;injection HAMMPACK con\u00e7u pour l&rsquo;injection avec des lances d&rsquo;injection. Gr\u00e2ce au grand diam\u00e8tre d&rsquo;\u00e9coulement, il peut \u00eatre utilis\u00e9 avec succ\u00e8s pour tous les mat\u00e9riaux tels que : <\/span><br \/><span style=\"color: #000000;\">g\u00e9opolym\u00e8res, gels acryliques, suspensions de ciment, cr\u00e8mes, dispersions aqueuses et autres ..<\/span><\/p>\n\t\t\t\t\t\t\t\t<\/div>\n\t\t\t\t<\/div>\n\t\t\t\t\t<\/div>\n\t\t<\/div>\n\t\t\t\t<div class=\"elementor-column elementor-col-50 elementor-inner-column elementor-element elementor-element-103470a\" data-id=\"103470a\" data-element_type=\"column\" data-e-type=\"column\">\n\t\t\t<div class=\"elementor-widget-wrap elementor-element-populated\">\n\t\t\t\t\t\t<div class=\"elementor-element elementor-element-6e32374 elementor-widget elementor-widget-image\" data-id=\"6e32374\" data-element_type=\"widget\" data-e-type=\"widget\" data-widget_type=\"image.default\">\n\t\t\t\t<div class=\"elementor-widget-container\">\n\t\t\t\t\t\t\t\t\t\t\t\t\t\t\t<img decoding=\"async\" width=\"768\" height=\"768\" src=\"https:\/\/www.pakery.pl\/wp-content\/uploads\/2021\/04\/PI-JG-18150-bez-kalamitki-768x768.png\" class=\"attachment-medium_large size-medium_large wp-image-14225\" alt=\"\" srcset=\"https:\/\/www.pakery.pl\/wp-content\/uploads\/2021\/04\/PI-JG-18150-bez-kalamitki-768x768.png 768w, https:\/\/www.pakery.pl\/wp-content\/uploads\/2021\/04\/PI-JG-18150-bez-kalamitki-300x300.png 300w, https:\/\/www.pakery.pl\/wp-content\/uploads\/2021\/04\/PI-JG-18150-bez-kalamitki-1024x1024.png 1024w, https:\/\/www.pakery.pl\/wp-content\/uploads\/2021\/04\/PI-JG-18150-bez-kalamitki-150x150.png 150w, https:\/\/www.pakery.pl\/wp-content\/uploads\/2021\/04\/PI-JG-18150-bez-kalamitki-1536x1536.png 1536w, https:\/\/www.pakery.pl\/wp-content\/uploads\/2021\/04\/PI-JG-18150-bez-kalamitki-2048x2048.png 2048w, https:\/\/www.pakery.pl\/wp-content\/uploads\/2021\/04\/PI-JG-18150-bez-kalamitki-683x683.png 683w, https:\/\/www.pakery.pl\/wp-content\/uploads\/2021\/04\/PI-JG-18150-bez-kalamitki-602x602.png 602w, https:\/\/www.pakery.pl\/wp-content\/uploads\/2021\/04\/PI-JG-18150-bez-kalamitki-110x110.png 110w\" sizes=\"(max-width: 768px) 100vw, 768px\" \/>\t\t\t\t\t\t\t\t\t\t\t\t\t\t\t<\/div>\n\t\t\t\t<\/div>\n\t\t\t\t\t<\/div>\n\t\t<\/div>\n\t\t\t\t\t<\/div>\n\t\t<\/section>\n\t\t\t\t\t<\/div>\n\t\t<\/div>\n\t\t\t\t\t<\/div>\n\t\t<\/section>\n\t\t\t\t<section class=\"elementor-section elementor-top-section elementor-element elementor-element-e1ef0c9 elementor-section-full_width elementor-section-height-default elementor-section-height-default\" data-id=\"e1ef0c9\" data-element_type=\"section\" data-e-type=\"section\">\n\t\t\t\t\t\t<div class=\"elementor-container elementor-column-gap-default\">\n\t\t\t\t\t<div class=\"elementor-column elementor-col-100 elementor-top-column elementor-element elementor-element-8d39ece\" data-id=\"8d39ece\" data-element_type=\"column\" data-e-type=\"column\">\n\t\t\t<div class=\"elementor-widget-wrap elementor-element-populated\">\n\t\t\t\t\t\t<div class=\"elementor-element elementor-element-5c90230 elementor-widget elementor-widget-image\" data-id=\"5c90230\" data-element_type=\"widget\" data-e-type=\"widget\" data-widget_type=\"image.default\">\n\t\t\t\t<div class=\"elementor-widget-container\">\n\t\t\t\t\t\t\t\t\t\t\t\t\t\t\t<img decoding=\"async\" width=\"1024\" height=\"360\" src=\"https:\/\/www.pakery.pl\/wp-content\/uploads\/2021\/04\/schemat-pakera-do-lancy-1024x360.png\" class=\"attachment-large size-large wp-image-14268\" alt=\"\" srcset=\"https:\/\/www.pakery.pl\/wp-content\/uploads\/2021\/04\/schemat-pakera-do-lancy-1024x360.png 1024w, https:\/\/www.pakery.pl\/wp-content\/uploads\/2021\/04\/schemat-pakera-do-lancy-300x105.png 300w, https:\/\/www.pakery.pl\/wp-content\/uploads\/2021\/04\/schemat-pakera-do-lancy-768x270.png 768w, https:\/\/www.pakery.pl\/wp-content\/uploads\/2021\/04\/schemat-pakera-do-lancy-1536x540.png 1536w, https:\/\/www.pakery.pl\/wp-content\/uploads\/2021\/04\/schemat-pakera-do-lancy-2048x720.png 2048w, https:\/\/www.pakery.pl\/wp-content\/uploads\/2021\/04\/schemat-pakera-do-lancy-683x240.png 683w, https:\/\/www.pakery.pl\/wp-content\/uploads\/2021\/04\/schemat-pakera-do-lancy-602x212.png 602w\" sizes=\"(max-width: 1024px) 100vw, 1024px\" \/>\t\t\t\t\t\t\t\t\t\t\t\t\t\t\t<\/div>\n\t\t\t\t<\/div>\n\t\t\t\t\t<\/div>\n\t\t<\/div>\n\t\t\t\t\t<\/div>\n\t\t<\/section>\n\t\t\t\t<\/div>\n\t\t","protected":false},"excerpt":{"rendered":"<p>SP\u00c9CIFICATIONS TECHNIQUES: Mat\u00e9riel: acier diam\u00e8tre ot. injection: A 18 ans connexion vanne: GZ m10x1 connexion sous les lances filetage 1\/4\u00a0\u00bb Packer d&rsquo;injection HAMMPACK con\u00e7u pour l&rsquo;injection avec des lances d&rsquo;injection. Gr\u00e2ce au grand diam\u00e8tre d&rsquo;\u00e9coulement, il peut \u00eatre utilis\u00e9 avec succ\u00e8s pour tous les mat\u00e9riaux tels que : g\u00e9opolym\u00e8res, gels acryliques, suspensions de ciment, cr\u00e8mes, [&hellip;]<\/p>\n","protected":false},"featured_media":14225,"template":"","meta":{"_acf_changed":false},"product_brand":[],"product_cat":[657,663],"product_tag":[],"class_list":{"0":"post-14224","1":"product","2":"type-product","3":"status-publish","4":"has-post-thumbnail","6":"product_cat-emballeurs-de-ciment","7":"product_cat-lances-dinjection","8":"pa_model-kalamitki-appartement-calamite","9":"pa_model-kalamitki-base-de-pinces","10":"pa_model-kalamitki-sans-calamite","12":"first","13":"instock","14":"taxable","15":"shipping-taxable","16":"purchasable","17":"product-type-variable","18":"has-default-attributes"},"acf":[],"yoast_head":"<!-- This site is optimized with the Yoast SEO plugin v27.3 - https:\/\/yoast.com\/product\/yoast-seo-wordpress\/ -->\n<title>Emballeur de lance d&#039;injection - PAKERY.PL<\/title>\n<meta name=\"robots\" content=\"index, follow, max-snippet:-1, max-image-preview:large, max-video-preview:-1\" \/>\n<link rel=\"canonical\" href=\"https:\/\/www.pakery.pl\/fr\/produkt\/emballeur-de-lance-dinjection\/\" \/>\n<meta property=\"og:locale\" content=\"fr_FR\" \/>\n<meta property=\"og:type\" content=\"article\" \/>\n<meta property=\"og:title\" content=\"Emballeur de lance d&#039;injection - PAKERY.PL\" \/>\n<meta property=\"og:description\" content=\"SP\u00c9CIFICATIONS TECHNIQUES: Mat\u00e9riel: acier diam\u00e8tre ot. injection: A 18 ans connexion vanne: GZ m10x1 connexion sous les lances filetage 1\/4\u00a0\u00bb Packer d&rsquo;injection HAMMPACK con\u00e7u pour l&rsquo;injection avec des lances d&rsquo;injection. Gr\u00e2ce au grand diam\u00e8tre d&rsquo;\u00e9coulement, il peut \u00eatre utilis\u00e9 avec succ\u00e8s pour tous les mat\u00e9riaux tels que : g\u00e9opolym\u00e8res, gels acryliques, suspensions de ciment, cr\u00e8mes, [&hellip;]\" \/>\n<meta property=\"og:url\" content=\"https:\/\/www.pakery.pl\/fr\/produkt\/emballeur-de-lance-dinjection\/\" \/>\n<meta property=\"og:site_name\" content=\"PAKERY.PL\" \/>\n<meta property=\"article:modified_time\" content=\"2021-08-10T12:13:29+00:00\" \/>\n<meta property=\"og:image\" content=\"https:\/\/www.pakery.pl\/wp-content\/uploads\/2021\/04\/PI-JG-18150-bez-kalamitki.png\" \/>\n\t<meta property=\"og:image:width\" content=\"2500\" \/>\n\t<meta property=\"og:image:height\" content=\"2500\" \/>\n\t<meta property=\"og:image:type\" content=\"image\/png\" \/>\n<meta name=\"twitter:card\" content=\"summary_large_image\" \/>\n<script type=\"application\/ld+json\" class=\"yoast-schema-graph\">{\"@context\":\"https:\\\/\\\/schema.org\",\"@graph\":[{\"@type\":\"WebPage\",\"@id\":\"https:\\\/\\\/www.pakery.pl\\\/fr\\\/produkt\\\/emballeur-de-lance-dinjection\\\/\",\"url\":\"https:\\\/\\\/www.pakery.pl\\\/fr\\\/produkt\\\/emballeur-de-lance-dinjection\\\/\",\"name\":\"Emballeur de lance d'injection - PAKERY.PL\",\"isPartOf\":{\"@id\":\"https:\\\/\\\/www.pakery.pl\\\/fr\\\/#website\"},\"primaryImageOfPage\":{\"@id\":\"https:\\\/\\\/www.pakery.pl\\\/fr\\\/produkt\\\/emballeur-de-lance-dinjection\\\/#primaryimage\"},\"image\":{\"@id\":\"https:\\\/\\\/www.pakery.pl\\\/fr\\\/produkt\\\/emballeur-de-lance-dinjection\\\/#primaryimage\"},\"thumbnailUrl\":\"https:\\\/\\\/www.pakery.pl\\\/wp-content\\\/uploads\\\/2021\\\/04\\\/PI-JG-18150-bez-kalamitki.png\",\"datePublished\":\"2021-08-10T12:13:22+00:00\",\"dateModified\":\"2021-08-10T12:13:29+00:00\",\"breadcrumb\":{\"@id\":\"https:\\\/\\\/www.pakery.pl\\\/fr\\\/produkt\\\/emballeur-de-lance-dinjection\\\/#breadcrumb\"},\"inLanguage\":\"fr-FR\",\"potentialAction\":[{\"@type\":\"ReadAction\",\"target\":[\"https:\\\/\\\/www.pakery.pl\\\/fr\\\/produkt\\\/emballeur-de-lance-dinjection\\\/\"]}]},{\"@type\":\"ImageObject\",\"inLanguage\":\"fr-FR\",\"@id\":\"https:\\\/\\\/www.pakery.pl\\\/fr\\\/produkt\\\/emballeur-de-lance-dinjection\\\/#primaryimage\",\"url\":\"https:\\\/\\\/www.pakery.pl\\\/wp-content\\\/uploads\\\/2021\\\/04\\\/PI-JG-18150-bez-kalamitki.png\",\"contentUrl\":\"https:\\\/\\\/www.pakery.pl\\\/wp-content\\\/uploads\\\/2021\\\/04\\\/PI-JG-18150-bez-kalamitki.png\",\"width\":2500,\"height\":2500,\"caption\":\"Emballeur de lance d'injection\"},{\"@type\":\"BreadcrumbList\",\"@id\":\"https:\\\/\\\/www.pakery.pl\\\/fr\\\/produkt\\\/emballeur-de-lance-dinjection\\\/#breadcrumb\",\"itemListElement\":[{\"@type\":\"ListItem\",\"position\":1,\"name\":\"Strona g\u0142\u00f3wna\",\"item\":\"https:\\\/\\\/www.pakery.pl\\\/fr\\\/\"},{\"@type\":\"ListItem\",\"position\":2,\"name\":\"Magasin\",\"item\":\"https:\\\/\\\/www.pakery.pl\\\/fr\\\/magasin\\\/\"},{\"@type\":\"ListItem\",\"position\":3,\"name\":\"Emballeur de lance d&#8217;injection\"}]},{\"@type\":\"WebSite\",\"@id\":\"https:\\\/\\\/www.pakery.pl\\\/fr\\\/#website\",\"url\":\"https:\\\/\\\/www.pakery.pl\\\/fr\\\/\",\"name\":\"Pakery.pl\",\"description\":\"Pakery iniekcyjne, Kotwy spiralne, Lance iniekcyjne, W\u0119\u017ce do iniekcji, Pompy iniekcyjne, Serwis pomp iniekcyjnych, Wynajem pomp do iniekcji\",\"publisher\":{\"@id\":\"https:\\\/\\\/www.pakery.pl\\\/fr\\\/#organization\"},\"potentialAction\":[{\"@type\":\"SearchAction\",\"target\":{\"@type\":\"EntryPoint\",\"urlTemplate\":\"https:\\\/\\\/www.pakery.pl\\\/fr\\\/?s={search_term_string}\"},\"query-input\":{\"@type\":\"PropertyValueSpecification\",\"valueRequired\":true,\"valueName\":\"search_term_string\"}}],\"inLanguage\":\"fr-FR\"},{\"@type\":\"Organization\",\"@id\":\"https:\\\/\\\/www.pakery.pl\\\/fr\\\/#organization\",\"name\":\"PAKERY.PL\",\"url\":\"https:\\\/\\\/www.pakery.pl\\\/fr\\\/\",\"logo\":{\"@type\":\"ImageObject\",\"inLanguage\":\"fr-FR\",\"@id\":\"https:\\\/\\\/www.pakery.pl\\\/fr\\\/#\\\/schema\\\/logo\\\/image\\\/\",\"url\":\"https:\\\/\\\/www.pakery.pl\\\/wp-content\\\/uploads\\\/2021\\\/04\\\/cropped-PAKERY-LOGO.png\",\"contentUrl\":\"https:\\\/\\\/www.pakery.pl\\\/wp-content\\\/uploads\\\/2021\\\/04\\\/cropped-PAKERY-LOGO.png\",\"width\":1529,\"height\":500,\"caption\":\"PAKERY.PL\"},\"image\":{\"@id\":\"https:\\\/\\\/www.pakery.pl\\\/fr\\\/#\\\/schema\\\/logo\\\/image\\\/\"}}]}<\/script>\n<!-- \/ Yoast SEO plugin. -->","yoast_head_json":{"title":"Emballeur de lance d'injection - PAKERY.PL","robots":{"index":"index","follow":"follow","max-snippet":"max-snippet:-1","max-image-preview":"max-image-preview:large","max-video-preview":"max-video-preview:-1"},"canonical":"https:\/\/www.pakery.pl\/fr\/produkt\/emballeur-de-lance-dinjection\/","og_locale":"fr_FR","og_type":"article","og_title":"Emballeur de lance d'injection - PAKERY.PL","og_description":"SP\u00c9CIFICATIONS TECHNIQUES: Mat\u00e9riel: acier diam\u00e8tre ot. injection: A 18 ans connexion vanne: GZ m10x1 connexion sous les lances filetage 1\/4\u00a0\u00bb Packer d&rsquo;injection HAMMPACK con\u00e7u pour l&rsquo;injection avec des lances d&rsquo;injection. Gr\u00e2ce au grand diam\u00e8tre d&rsquo;\u00e9coulement, il peut \u00eatre utilis\u00e9 avec succ\u00e8s pour tous les mat\u00e9riaux tels que : g\u00e9opolym\u00e8res, gels acryliques, suspensions de ciment, cr\u00e8mes, [&hellip;]","og_url":"https:\/\/www.pakery.pl\/fr\/produkt\/emballeur-de-lance-dinjection\/","og_site_name":"PAKERY.PL","article_modified_time":"2021-08-10T12:13:29+00:00","og_image":[{"width":2500,"height":2500,"url":"https:\/\/www.pakery.pl\/wp-content\/uploads\/2021\/04\/PI-JG-18150-bez-kalamitki.png","type":"image\/png"}],"twitter_card":"summary_large_image","schema":{"@context":"https:\/\/schema.org","@graph":[{"@type":"WebPage","@id":"https:\/\/www.pakery.pl\/fr\/produkt\/emballeur-de-lance-dinjection\/","url":"https:\/\/www.pakery.pl\/fr\/produkt\/emballeur-de-lance-dinjection\/","name":"Emballeur de lance d'injection - PAKERY.PL","isPartOf":{"@id":"https:\/\/www.pakery.pl\/fr\/#website"},"primaryImageOfPage":{"@id":"https:\/\/www.pakery.pl\/fr\/produkt\/emballeur-de-lance-dinjection\/#primaryimage"},"image":{"@id":"https:\/\/www.pakery.pl\/fr\/produkt\/emballeur-de-lance-dinjection\/#primaryimage"},"thumbnailUrl":"https:\/\/www.pakery.pl\/wp-content\/uploads\/2021\/04\/PI-JG-18150-bez-kalamitki.png","datePublished":"2021-08-10T12:13:22+00:00","dateModified":"2021-08-10T12:13:29+00:00","breadcrumb":{"@id":"https:\/\/www.pakery.pl\/fr\/produkt\/emballeur-de-lance-dinjection\/#breadcrumb"},"inLanguage":"fr-FR","potentialAction":[{"@type":"ReadAction","target":["https:\/\/www.pakery.pl\/fr\/produkt\/emballeur-de-lance-dinjection\/"]}]},{"@type":"ImageObject","inLanguage":"fr-FR","@id":"https:\/\/www.pakery.pl\/fr\/produkt\/emballeur-de-lance-dinjection\/#primaryimage","url":"https:\/\/www.pakery.pl\/wp-content\/uploads\/2021\/04\/PI-JG-18150-bez-kalamitki.png","contentUrl":"https:\/\/www.pakery.pl\/wp-content\/uploads\/2021\/04\/PI-JG-18150-bez-kalamitki.png","width":2500,"height":2500,"caption":"Emballeur de lance d'injection"},{"@type":"BreadcrumbList","@id":"https:\/\/www.pakery.pl\/fr\/produkt\/emballeur-de-lance-dinjection\/#breadcrumb","itemListElement":[{"@type":"ListItem","position":1,"name":"Strona g\u0142\u00f3wna","item":"https:\/\/www.pakery.pl\/fr\/"},{"@type":"ListItem","position":2,"name":"Magasin","item":"https:\/\/www.pakery.pl\/fr\/magasin\/"},{"@type":"ListItem","position":3,"name":"Emballeur de lance d&#8217;injection"}]},{"@type":"WebSite","@id":"https:\/\/www.pakery.pl\/fr\/#website","url":"https:\/\/www.pakery.pl\/fr\/","name":"Pakery.pl","description":"Pakery iniekcyjne, Kotwy spiralne, Lance iniekcyjne, W\u0119\u017ce do iniekcji, Pompy iniekcyjne, Serwis pomp iniekcyjnych, Wynajem pomp do iniekcji","publisher":{"@id":"https:\/\/www.pakery.pl\/fr\/#organization"},"potentialAction":[{"@type":"SearchAction","target":{"@type":"EntryPoint","urlTemplate":"https:\/\/www.pakery.pl\/fr\/?s={search_term_string}"},"query-input":{"@type":"PropertyValueSpecification","valueRequired":true,"valueName":"search_term_string"}}],"inLanguage":"fr-FR"},{"@type":"Organization","@id":"https:\/\/www.pakery.pl\/fr\/#organization","name":"PAKERY.PL","url":"https:\/\/www.pakery.pl\/fr\/","logo":{"@type":"ImageObject","inLanguage":"fr-FR","@id":"https:\/\/www.pakery.pl\/fr\/#\/schema\/logo\/image\/","url":"https:\/\/www.pakery.pl\/wp-content\/uploads\/2021\/04\/cropped-PAKERY-LOGO.png","contentUrl":"https:\/\/www.pakery.pl\/wp-content\/uploads\/2021\/04\/cropped-PAKERY-LOGO.png","width":1529,"height":500,"caption":"PAKERY.PL"},"image":{"@id":"https:\/\/www.pakery.pl\/fr\/#\/schema\/logo\/image\/"}}]}},"_links":{"self":[{"href":"https:\/\/www.pakery.pl\/fr\/wp-json\/wp\/v2\/product\/14224","targetHints":{"allow":["GET"]}}],"collection":[{"href":"https:\/\/www.pakery.pl\/fr\/wp-json\/wp\/v2\/product"}],"about":[{"href":"https:\/\/www.pakery.pl\/fr\/wp-json\/wp\/v2\/types\/product"}],"version-history":[{"count":5,"href":"https:\/\/www.pakery.pl\/fr\/wp-json\/wp\/v2\/product\/14224\/revisions"}],"predecessor-version":[{"id":14271,"href":"https:\/\/www.pakery.pl\/fr\/wp-json\/wp\/v2\/product\/14224\/revisions\/14271"}],"wp:featuredmedia":[{"embeddable":true,"href":"https:\/\/www.pakery.pl\/fr\/wp-json\/wp\/v2\/media\/14225"}],"wp:attachment":[{"href":"https:\/\/www.pakery.pl\/fr\/wp-json\/wp\/v2\/media?parent=14224"}],"wp:term":[{"taxonomy":"product_brand","embeddable":true,"href":"https:\/\/www.pakery.pl\/fr\/wp-json\/wp\/v2\/product_brand?post=14224"},{"taxonomy":"product_cat","embeddable":true,"href":"https:\/\/www.pakery.pl\/fr\/wp-json\/wp\/v2\/product_cat?post=14224"},{"taxonomy":"product_tag","embeddable":true,"href":"https:\/\/www.pakery.pl\/fr\/wp-json\/wp\/v2\/product_tag?post=14224"}],"curies":[{"name":"wp","href":"https:\/\/api.w.org\/{rel}","templated":true}]}}