{"id":14122,"date":"2021-08-10T14:11:11","date_gmt":"2021-08-10T12:11:11","guid":{"rendered":"https:\/\/www.pakery.pl\/produkt\/ancre-spirale-%e2%8c%8010-mm\/"},"modified":"2021-08-23T12:45:53","modified_gmt":"2021-08-23T10:45:53","slug":"ancre-spirale-%e2%8c%8010-mm","status":"publish","type":"product","link":"https:\/\/www.pakery.pl\/fr\/produkt\/ancre-spirale-%e2%8c%8010-mm\/","title":{"rendered":"Ancre spirale \u230010 mm"},"content":{"rendered":"\t\t<div data-elementor-type=\"product-post\" data-elementor-id=\"14122\" class=\"elementor elementor-14122 elementor-1871\" data-elementor-post-type=\"product\">\n\t\t\t\t\t\t<section class=\"elementor-section elementor-top-section elementor-element elementor-element-b7e7196 elementor-section-full_width elementor-section-height-default elementor-section-height-default\" data-id=\"b7e7196\" data-element_type=\"section\" data-e-type=\"section\">\n\t\t\t\t\t\t<div class=\"elementor-container elementor-column-gap-default\">\n\t\t\t\t\t<div class=\"elementor-column elementor-col-100 elementor-top-column elementor-element elementor-element-6604f27\" data-id=\"6604f27\" data-element_type=\"column\" data-e-type=\"column\">\n\t\t\t<div class=\"elementor-widget-wrap elementor-element-populated\">\n\t\t\t\t\t\t<section class=\"elementor-section elementor-inner-section elementor-element elementor-element-45397ae elementor-section-full_width elementor-section-height-default elementor-section-height-default\" data-id=\"45397ae\" data-element_type=\"section\" data-e-type=\"section\">\n\t\t\t\t\t\t<div class=\"elementor-container elementor-column-gap-default\">\n\t\t\t\t\t<div class=\"elementor-column elementor-col-50 elementor-inner-column elementor-element elementor-element-5920a69\" data-id=\"5920a69\" data-element_type=\"column\" data-e-type=\"column\">\n\t\t\t<div class=\"elementor-widget-wrap elementor-element-populated\">\n\t\t\t\t\t\t<div class=\"elementor-element elementor-element-9c16b70 elementor-widget elementor-widget-text-editor\" data-id=\"9c16b70\" data-element_type=\"widget\" data-e-type=\"widget\" data-widget_type=\"text-editor.default\">\n\t\t\t\t<div class=\"elementor-widget-container\">\n\t\t\t\t\t\t\t\t\t<div>\n<p><strong><span style=\"color: #000000;\">SP\u00c9CIFICATIONS TECHNIQUES:<\/span><\/strong><\/p>\n<\/div>\n<ul>\n<li><span style=\"color: #000000;\">Diam\u00e8tre d&rsquo;ancrage:<strong> 10 mm<\/strong><\/span><\/li>\n<li><span style=\"color: #000000;\">Section transversale[mm\u00b2] :<strong> 13.00<\/strong><\/span><\/li>\n<li><span style=\"color: #000000;\">Seuil de rentabilit\u00e9[MPa] :<strong> 474.10<\/strong><\/span><\/li>\n<li><span style=\"color: #000000;\">R\u00e9sistance \u00e0 la traction[MPa] :<strong> 1006.30<\/strong><\/span><\/li>\n<li><span style=\"color: #000000;\">Module[GPa] :<strong> 143,50<\/strong><\/span><\/li>\n<\/ul>\n\t\t\t\t\t\t\t\t<\/div>\n\t\t\t\t<\/div>\n\t\t\t\t<div class=\"elementor-element elementor-element-f10e87b elementor-widget elementor-widget-text-editor\" data-id=\"f10e87b\" data-element_type=\"widget\" data-e-type=\"widget\" data-widget_type=\"text-editor.default\">\n\t\t\t\t<div class=\"elementor-widget-container\">\n\t\t\t\t\t\t\t\t\t<h1><span style=\"color: #000000;\"><b style=\"font-size: 1rem;\">APPLICATION:<\/b><\/span><\/h1>\n<ul>\n<li><span style=\"color: #000000;\">r\u00e9paration de fissures dans les murs porteurs en brique, pierre, b\u00e9ton<\/span><\/li>\n<li><span style=\"color: #000000;\">renforcement des liaisons des cloisons avec les cloisons structurelles<\/span><\/li>\n<li><span style=\"color: #000000;\">renforcement des combles<\/span><\/li>\n<li><span style=\"color: #000000;\">renforcement des dalles de balcon<\/span><\/li>\n<li><span style=\"color: #000000;\">r\u00e9paration et renforcement de linteaux, poutres et plafonds<\/span><\/li>\n<li><span style=\"color: #000000;\">ancrage des couches de rev\u00eatement mural d\u00e9tach\u00e9es<\/span><\/li>\n<li><span style=\"color: #000000;\">stabilisation des murs d\u00e9form\u00e9s<\/span><\/li>\n<li><span style=\"color: #000000;\">renforcement des murs dans les b\u00e2timents contemporains<\/span><\/li>\n<\/ul>\n<p><span style=\"color: #000000;\"><b>AVANTAGES DES RENFORTS EN SPIRALE :<\/b><\/span><\/p>\n<ul>\n<li><span style=\"color: #000000;\">Augmenter la capacit\u00e9 portante des murs, poteaux, poutres, poutres, dalles, fondations<\/span><\/li>\n<li><span style=\"color: #000000;\">Application rapide &#8211; sans rupture technologique<\/span><\/li>\n<li><span style=\"color: #000000;\">Faible invasivit\u00e9 &#8211; application sans encombrement ni confusion<\/span><\/li>\n<li><span style=\"color: #000000;\">Les fissures ne r\u00e9apparaissent pas &#8211; technologie haute performance<\/span><\/li>\n<li><span style=\"color: #000000;\">Faible co\u00fbt<\/span><\/li>\n<\/ul>\n<div><span style=\"color: #000000;\"><span style=\"caret-color: #000000;\"> <\/span><\/span><\/div>\n<div><span style=\"color: #000000;\"><span style=\"caret-color: #000000;\"> <\/span><\/span><\/div>\n<div><span style=\"color: #000000;\"><span style=\"caret-color: #000000;\"> <\/span><\/span><\/div>\n<div><span style=\"color: #000000;\"><span style=\"caret-color: #000000;\"> <\/span><\/span><\/div>\n<div><span style=\"color: #000000;\"><span style=\"caret-color: #000000;\"> <\/span><\/span><\/div>\n\t\t\t\t\t\t\t\t<\/div>\n\t\t\t\t<\/div>\n\t\t\t\t\t<\/div>\n\t\t<\/div>\n\t\t\t\t<div class=\"elementor-column elementor-col-50 elementor-inner-column elementor-element elementor-element-2d03299\" data-id=\"2d03299\" data-element_type=\"column\" data-e-type=\"column\">\n\t\t\t<div class=\"elementor-widget-wrap elementor-element-populated\">\n\t\t\t\t\t\t<div class=\"elementor-element elementor-element-32f59cc elementor-widget elementor-widget-image\" data-id=\"32f59cc\" data-element_type=\"widget\" data-e-type=\"widget\" data-widget_type=\"image.default\">\n\t\t\t\t<div class=\"elementor-widget-container\">\n\t\t\t\t\t\t\t\t\t\t\t\t\t\t\t<img fetchpriority=\"high\" decoding=\"async\" width=\"691\" height=\"758\" src=\"https:\/\/www.pakery.pl\/wp-content\/uploads\/2021\/04\/Kotwa-spiralna.png\" class=\"attachment-large size-large wp-image-14130\" alt=\"\" srcset=\"https:\/\/www.pakery.pl\/wp-content\/uploads\/2021\/04\/Kotwa-spiralna.png 691w, https:\/\/www.pakery.pl\/wp-content\/uploads\/2021\/04\/Kotwa-spiralna-273x300.png 273w, https:\/\/www.pakery.pl\/wp-content\/uploads\/2021\/04\/Kotwa-spiralna-683x749.png 683w, https:\/\/www.pakery.pl\/wp-content\/uploads\/2021\/04\/Kotwa-spiralna-602x660.png 602w\" sizes=\"(max-width: 691px) 100vw, 691px\" \/>\t\t\t\t\t\t\t\t\t\t\t\t\t\t\t<\/div>\n\t\t\t\t<\/div>\n\t\t\t\t\t<\/div>\n\t\t<\/div>\n\t\t\t\t\t<\/div>\n\t\t<\/section>\n\t\t\t\t<div class=\"elementor-element elementor-element-0b33b07 elementor-widget elementor-widget-image\" data-id=\"0b33b07\" data-element_type=\"widget\" data-e-type=\"widget\" data-widget_type=\"image.default\">\n\t\t\t\t<div class=\"elementor-widget-container\">\n\t\t\t\t\t\t\t\t\t\t\t\t\t\t\t<img decoding=\"async\" width=\"781\" height=\"410\" src=\"https:\/\/www.pakery.pl\/wp-content\/uploads\/2021\/04\/kotwy-eng-.png\" class=\"attachment-large size-large wp-image-36141\" alt=\"\" srcset=\"https:\/\/www.pakery.pl\/wp-content\/uploads\/2021\/04\/kotwy-eng-.png 781w, https:\/\/www.pakery.pl\/wp-content\/uploads\/2021\/04\/kotwy-eng--300x157.png 300w, https:\/\/www.pakery.pl\/wp-content\/uploads\/2021\/04\/kotwy-eng--768x403.png 768w, https:\/\/www.pakery.pl\/wp-content\/uploads\/2021\/04\/kotwy-eng--683x359.png 683w, https:\/\/www.pakery.pl\/wp-content\/uploads\/2021\/04\/kotwy-eng--602x316.png 602w\" sizes=\"(max-width: 781px) 100vw, 781px\" \/>\t\t\t\t\t\t\t\t\t\t\t\t\t\t\t<\/div>\n\t\t\t\t<\/div>\n\t\t\t\t<div class=\"elementor-element elementor-element-77d701e elementor-widget-divider--view-line elementor-widget elementor-widget-divider\" data-id=\"77d701e\" data-element_type=\"widget\" data-e-type=\"widget\" data-widget_type=\"divider.default\">\n\t\t\t\t<div class=\"elementor-widget-container\">\n\t\t\t\t\t\t\t<div class=\"elementor-divider\">\n\t\t\t<span class=\"elementor-divider-separator\">\n\t\t\t\t\t\t<\/span>\n\t\t<\/div>\n\t\t\t\t\t\t<\/div>\n\t\t\t\t<\/div>\n\t\t\t\t<div class=\"elementor-element elementor-element-cf2da9a elementor-widget elementor-widget-heading\" data-id=\"cf2da9a\" data-element_type=\"widget\" data-e-type=\"widget\" data-widget_type=\"heading.default\">\n\t\t\t\t<div class=\"elementor-widget-container\">\n\t\t\t\t\t<h2 class=\"elementor-heading-title elementor-size-default\">Ajoutez votre texte d'en-t\u00eate ici<\/h2>\t\t\t\t<\/div>\n\t\t\t\t<\/div>\n\t\t\t\t<section class=\"elementor-section elementor-inner-section elementor-element elementor-element-a6cce0d elementor-section-full_width elementor-section-height-default elementor-section-height-default\" data-id=\"a6cce0d\" data-element_type=\"section\" data-e-type=\"section\">\n\t\t\t\t\t\t<div class=\"elementor-container elementor-column-gap-default\">\n\t\t\t\t\t<div class=\"elementor-column elementor-col-50 elementor-inner-column elementor-element elementor-element-8ef05b0\" data-id=\"8ef05b0\" data-element_type=\"column\" data-e-type=\"column\">\n\t\t\t<div class=\"elementor-widget-wrap elementor-element-populated\">\n\t\t\t\t\t\t<div class=\"elementor-element elementor-element-2d277b7 elementor-widget elementor-widget-text-editor\" data-id=\"2d277b7\" data-element_type=\"widget\" data-e-type=\"widget\" data-widget_type=\"text-editor.default\">\n\t\t\t\t<div class=\"elementor-widget-container\">\n\t\t\t\t\t\t\t\t\t<p><span style=\"color: #000000;\"><strong>Les dimensions des rainures pour les ancrages h\u00e9lico\u00efdaux, ainsi que la consommation approximative du mortier d&rsquo;ancrage, peuvent \u00eatre trouv\u00e9es dans le tableau ci-dessous:<\/strong><\/span><\/p>\n\t\t\t\t\t\t\t\t<\/div>\n\t\t\t\t<\/div>\n\t\t\t\t<div class=\"elementor-element elementor-element-9983271 elementor-widget elementor-widget-image\" data-id=\"9983271\" data-element_type=\"widget\" data-e-type=\"widget\" data-widget_type=\"image.default\">\n\t\t\t\t<div class=\"elementor-widget-container\">\n\t\t\t\t\t\t\t\t\t\t\t\t\t\t\t<img decoding=\"async\" width=\"1024\" height=\"525\" src=\"https:\/\/www.pakery.pl\/wp-content\/uploads\/2021\/04\/table-kotwa-1024x525.png\" class=\"attachment-large size-large wp-image-36168\" alt=\"\" srcset=\"https:\/\/www.pakery.pl\/wp-content\/uploads\/2021\/04\/table-kotwa-1024x525.png 1024w, https:\/\/www.pakery.pl\/wp-content\/uploads\/2021\/04\/table-kotwa-300x154.png 300w, https:\/\/www.pakery.pl\/wp-content\/uploads\/2021\/04\/table-kotwa-768x393.png 768w, https:\/\/www.pakery.pl\/wp-content\/uploads\/2021\/04\/table-kotwa-683x350.png 683w, https:\/\/www.pakery.pl\/wp-content\/uploads\/2021\/04\/table-kotwa-602x308.png 602w, https:\/\/www.pakery.pl\/wp-content\/uploads\/2021\/04\/table-kotwa.png 1058w\" sizes=\"(max-width: 1024px) 100vw, 1024px\" \/>\t\t\t\t\t\t\t\t\t\t\t\t\t\t\t<\/div>\n\t\t\t\t<\/div>\n\t\t\t\t\t<\/div>\n\t\t<\/div>\n\t\t\t\t<div class=\"elementor-column elementor-col-50 elementor-inner-column elementor-element elementor-element-3f2140f\" data-id=\"3f2140f\" data-element_type=\"column\" data-e-type=\"column\">\n\t\t\t<div class=\"elementor-widget-wrap elementor-element-populated\">\n\t\t\t\t\t\t<div class=\"elementor-element elementor-element-4bc0503 elementor-widget elementor-widget-text-editor\" data-id=\"4bc0503\" data-element_type=\"widget\" data-e-type=\"widget\" data-widget_type=\"text-editor.default\">\n\t\t\t\t<div class=\"elementor-widget-container\">\n\t\t\t\t\t\t\t\t\t<p><span style=\"color: #000000;\"><strong>&nbsp;<\/strong><\/span><\/p>\n<p><strong style=\"font-size: 1rem; color: #000000;\">&nbsp;<\/strong><\/p>\n<p><strong style=\"font-size: 1rem; color: #000000;\">min. longueur totale de l&rsquo;ancrage (brique \/ pierre \/ ma\u00e7onnerie mixte) &#8211; 1000 mm<\/strong><\/p>\n<p><span style=\"color: #000000;\"><strong>min. longueur totale de l&rsquo;ancre (b\u00e9ton) &#8211; 600 mm<\/strong><\/span><\/p>\n<p><em>A la demande expresse du client, nous coupons les ancrages \u00e0 la dimension sp\u00e9cifi\u00e9e.<\/em><\/p>\n<p><em><strong>Pour plus de suggestions de conception, consultez la documentation technique Hammpack Spiral Hammer.<br \/><\/strong><\/em><\/p>\n\t\t\t\t\t\t\t\t<\/div>\n\t\t\t\t<\/div>\n\t\t\t\t\t<\/div>\n\t\t<\/div>\n\t\t\t\t\t<\/div>\n\t\t<\/section>\n\t\t\t\t\t<\/div>\n\t\t<\/div>\n\t\t\t\t\t<\/div>\n\t\t<\/section>\n\t\t\t\t<\/div>\n\t\t","protected":false},"excerpt":{"rendered":"<p>SP\u00c9CIFICATIONS TECHNIQUES: Diam\u00e8tre d&rsquo;ancrage: 10 mm Section transversale[mm\u00b2] : 13.00 Seuil de rentabilit\u00e9[MPa] : 474.10 R\u00e9sistance \u00e0 la traction[MPa] : 1006.30 Module[GPa] : 143,50 APPLICATION: r\u00e9paration de fissures dans les murs porteurs en brique, pierre, b\u00e9ton renforcement des liaisons des cloisons avec les cloisons structurelles renforcement des combles renforcement des dalles de balcon r\u00e9paration et [&hellip;]<\/p>\n","protected":false},"featured_media":14123,"template":"","meta":{"_acf_changed":false},"product_brand":[],"product_cat":[673],"product_tag":[],"class_list":{"0":"post-14122","1":"product","2":"type-product","3":"status-publish","4":"has-post-thumbnail","6":"product_cat-ancres-en-spirale","7":"pa_dlugosc-100m-fr","8":"pa_dlugosc-10m-fr","9":"pa_dlugosc-1m-fr","11":"first","12":"instock","13":"taxable","14":"shipping-taxable","15":"purchasable","16":"product-type-variable"},"acf":[],"yoast_head":"<!-- This site is optimized with the Yoast SEO plugin v27.3 - https:\/\/yoast.com\/product\/yoast-seo-wordpress\/ -->\n<title>Ancre spirale \u230010 mm l Ancrage en spirale pour fissures dans les murs<\/title>\n<meta name=\"description\" content=\"Ancre de fissuration murale | Ancre spirale | Augmenter la capacit\u00e9 portante des murs, poteaux, poutres, poutres, dalles, fondations\" \/>\n<meta name=\"robots\" content=\"index, follow, max-snippet:-1, max-image-preview:large, max-video-preview:-1\" \/>\n<link rel=\"canonical\" href=\"https:\/\/www.pakery.pl\/fr\/produkt\/ancre-spirale-%e2%8c%8010-mm\/\" \/>\n<meta property=\"og:locale\" content=\"fr_FR\" \/>\n<meta property=\"og:type\" content=\"article\" \/>\n<meta property=\"og:title\" content=\"Ancre spirale \u230010 mm l Ancrage en spirale pour fissures dans les murs\" \/>\n<meta property=\"og:description\" content=\"Ancre de fissuration murale | Ancre spirale | Augmenter la capacit\u00e9 portante des murs, poteaux, poutres, poutres, dalles, fondations\" \/>\n<meta property=\"og:url\" content=\"https:\/\/www.pakery.pl\/fr\/produkt\/ancre-spirale-%e2%8c%8010-mm\/\" \/>\n<meta property=\"og:site_name\" content=\"PAKERY.PL\" \/>\n<meta property=\"article:modified_time\" content=\"2021-08-23T10:45:53+00:00\" \/>\n<meta property=\"og:image\" content=\"https:\/\/www.pakery.pl\/wp-content\/uploads\/2021\/05\/kotwy-zbiorcze-1024x1024.png\" \/>\n\t<meta property=\"og:image:width\" content=\"1024\" \/>\n\t<meta property=\"og:image:height\" content=\"1024\" \/>\n\t<meta property=\"og:image:type\" content=\"image\/png\" \/>\n<meta name=\"twitter:card\" content=\"summary_large_image\" \/>\n<meta name=\"twitter:label1\" content=\"Dur\u00e9e de lecture estim\u00e9e\" \/>\n\t<meta name=\"twitter:data1\" content=\"1 minute\" \/>\n<script type=\"application\/ld+json\" class=\"yoast-schema-graph\">{\"@context\":\"https:\\\/\\\/schema.org\",\"@graph\":[{\"@type\":\"WebPage\",\"@id\":\"https:\\\/\\\/www.pakery.pl\\\/fr\\\/produkt\\\/ancre-spirale-%e2%8c%8010-mm\\\/\",\"url\":\"https:\\\/\\\/www.pakery.pl\\\/fr\\\/produkt\\\/ancre-spirale-%e2%8c%8010-mm\\\/\",\"name\":\"Ancre spirale \u230010 mm l Ancrage en spirale pour fissures dans les murs\",\"isPartOf\":{\"@id\":\"https:\\\/\\\/www.pakery.pl\\\/fr\\\/#website\"},\"primaryImageOfPage\":{\"@id\":\"https:\\\/\\\/www.pakery.pl\\\/fr\\\/produkt\\\/ancre-spirale-%e2%8c%8010-mm\\\/#primaryimage\"},\"image\":{\"@id\":\"https:\\\/\\\/www.pakery.pl\\\/fr\\\/produkt\\\/ancre-spirale-%e2%8c%8010-mm\\\/#primaryimage\"},\"thumbnailUrl\":\"https:\\\/\\\/www.pakery.pl\\\/wp-content\\\/uploads\\\/2021\\\/05\\\/kotwy-zbiorcze.png\",\"datePublished\":\"2021-08-10T12:11:11+00:00\",\"dateModified\":\"2021-08-23T10:45:53+00:00\",\"description\":\"Ancre de fissuration murale | Ancre spirale | Augmenter la capacit\u00e9 portante des murs, poteaux, poutres, poutres, dalles, fondations\",\"breadcrumb\":{\"@id\":\"https:\\\/\\\/www.pakery.pl\\\/fr\\\/produkt\\\/ancre-spirale-%e2%8c%8010-mm\\\/#breadcrumb\"},\"inLanguage\":\"fr-FR\",\"potentialAction\":[{\"@type\":\"ReadAction\",\"target\":[\"https:\\\/\\\/www.pakery.pl\\\/fr\\\/produkt\\\/ancre-spirale-%e2%8c%8010-mm\\\/\"]}]},{\"@type\":\"ImageObject\",\"inLanguage\":\"fr-FR\",\"@id\":\"https:\\\/\\\/www.pakery.pl\\\/fr\\\/produkt\\\/ancre-spirale-%e2%8c%8010-mm\\\/#primaryimage\",\"url\":\"https:\\\/\\\/www.pakery.pl\\\/wp-content\\\/uploads\\\/2021\\\/05\\\/kotwy-zbiorcze.png\",\"contentUrl\":\"https:\\\/\\\/www.pakery.pl\\\/wp-content\\\/uploads\\\/2021\\\/05\\\/kotwy-zbiorcze.png\",\"width\":2500,\"height\":2500},{\"@type\":\"BreadcrumbList\",\"@id\":\"https:\\\/\\\/www.pakery.pl\\\/fr\\\/produkt\\\/ancre-spirale-%e2%8c%8010-mm\\\/#breadcrumb\",\"itemListElement\":[{\"@type\":\"ListItem\",\"position\":1,\"name\":\"Strona g\u0142\u00f3wna\",\"item\":\"https:\\\/\\\/www.pakery.pl\\\/fr\\\/\"},{\"@type\":\"ListItem\",\"position\":2,\"name\":\"Magasin\",\"item\":\"https:\\\/\\\/www.pakery.pl\\\/fr\\\/magasin\\\/\"},{\"@type\":\"ListItem\",\"position\":3,\"name\":\"Ancre spirale \u230010 mm\"}]},{\"@type\":\"WebSite\",\"@id\":\"https:\\\/\\\/www.pakery.pl\\\/fr\\\/#website\",\"url\":\"https:\\\/\\\/www.pakery.pl\\\/fr\\\/\",\"name\":\"Pakery.pl\",\"description\":\"Pakery iniekcyjne, Kotwy spiralne, Lance iniekcyjne, W\u0119\u017ce do iniekcji, Pompy iniekcyjne, Serwis pomp iniekcyjnych, Wynajem pomp do iniekcji\",\"publisher\":{\"@id\":\"https:\\\/\\\/www.pakery.pl\\\/fr\\\/#organization\"},\"potentialAction\":[{\"@type\":\"SearchAction\",\"target\":{\"@type\":\"EntryPoint\",\"urlTemplate\":\"https:\\\/\\\/www.pakery.pl\\\/fr\\\/?s={search_term_string}\"},\"query-input\":{\"@type\":\"PropertyValueSpecification\",\"valueRequired\":true,\"valueName\":\"search_term_string\"}}],\"inLanguage\":\"fr-FR\"},{\"@type\":\"Organization\",\"@id\":\"https:\\\/\\\/www.pakery.pl\\\/fr\\\/#organization\",\"name\":\"PAKERY.PL\",\"url\":\"https:\\\/\\\/www.pakery.pl\\\/fr\\\/\",\"logo\":{\"@type\":\"ImageObject\",\"inLanguage\":\"fr-FR\",\"@id\":\"https:\\\/\\\/www.pakery.pl\\\/fr\\\/#\\\/schema\\\/logo\\\/image\\\/\",\"url\":\"https:\\\/\\\/www.pakery.pl\\\/wp-content\\\/uploads\\\/2021\\\/04\\\/cropped-PAKERY-LOGO.png\",\"contentUrl\":\"https:\\\/\\\/www.pakery.pl\\\/wp-content\\\/uploads\\\/2021\\\/04\\\/cropped-PAKERY-LOGO.png\",\"width\":1529,\"height\":500,\"caption\":\"PAKERY.PL\"},\"image\":{\"@id\":\"https:\\\/\\\/www.pakery.pl\\\/fr\\\/#\\\/schema\\\/logo\\\/image\\\/\"}}]}<\/script>\n<!-- \/ Yoast SEO plugin. -->","yoast_head_json":{"title":"Ancre spirale \u230010 mm l Ancrage en spirale pour fissures dans les murs","description":"Ancre de fissuration murale | Ancre spirale | Augmenter la capacit\u00e9 portante des murs, poteaux, poutres, poutres, dalles, fondations","robots":{"index":"index","follow":"follow","max-snippet":"max-snippet:-1","max-image-preview":"max-image-preview:large","max-video-preview":"max-video-preview:-1"},"canonical":"https:\/\/www.pakery.pl\/fr\/produkt\/ancre-spirale-%e2%8c%8010-mm\/","og_locale":"fr_FR","og_type":"article","og_title":"Ancre spirale \u230010 mm l Ancrage en spirale pour fissures dans les murs","og_description":"Ancre de fissuration murale | Ancre spirale | Augmenter la capacit\u00e9 portante des murs, poteaux, poutres, poutres, dalles, fondations","og_url":"https:\/\/www.pakery.pl\/fr\/produkt\/ancre-spirale-%e2%8c%8010-mm\/","og_site_name":"PAKERY.PL","article_modified_time":"2021-08-23T10:45:53+00:00","og_image":[{"width":1024,"height":1024,"url":"https:\/\/www.pakery.pl\/wp-content\/uploads\/2021\/05\/kotwy-zbiorcze-1024x1024.png","type":"image\/png"}],"twitter_card":"summary_large_image","twitter_misc":{"Dur\u00e9e de lecture estim\u00e9e":"1 minute"},"schema":{"@context":"https:\/\/schema.org","@graph":[{"@type":"WebPage","@id":"https:\/\/www.pakery.pl\/fr\/produkt\/ancre-spirale-%e2%8c%8010-mm\/","url":"https:\/\/www.pakery.pl\/fr\/produkt\/ancre-spirale-%e2%8c%8010-mm\/","name":"Ancre spirale \u230010 mm l Ancrage en spirale pour fissures dans les murs","isPartOf":{"@id":"https:\/\/www.pakery.pl\/fr\/#website"},"primaryImageOfPage":{"@id":"https:\/\/www.pakery.pl\/fr\/produkt\/ancre-spirale-%e2%8c%8010-mm\/#primaryimage"},"image":{"@id":"https:\/\/www.pakery.pl\/fr\/produkt\/ancre-spirale-%e2%8c%8010-mm\/#primaryimage"},"thumbnailUrl":"https:\/\/www.pakery.pl\/wp-content\/uploads\/2021\/05\/kotwy-zbiorcze.png","datePublished":"2021-08-10T12:11:11+00:00","dateModified":"2021-08-23T10:45:53+00:00","description":"Ancre de fissuration murale | Ancre spirale | Augmenter la capacit\u00e9 portante des murs, poteaux, poutres, poutres, dalles, fondations","breadcrumb":{"@id":"https:\/\/www.pakery.pl\/fr\/produkt\/ancre-spirale-%e2%8c%8010-mm\/#breadcrumb"},"inLanguage":"fr-FR","potentialAction":[{"@type":"ReadAction","target":["https:\/\/www.pakery.pl\/fr\/produkt\/ancre-spirale-%e2%8c%8010-mm\/"]}]},{"@type":"ImageObject","inLanguage":"fr-FR","@id":"https:\/\/www.pakery.pl\/fr\/produkt\/ancre-spirale-%e2%8c%8010-mm\/#primaryimage","url":"https:\/\/www.pakery.pl\/wp-content\/uploads\/2021\/05\/kotwy-zbiorcze.png","contentUrl":"https:\/\/www.pakery.pl\/wp-content\/uploads\/2021\/05\/kotwy-zbiorcze.png","width":2500,"height":2500},{"@type":"BreadcrumbList","@id":"https:\/\/www.pakery.pl\/fr\/produkt\/ancre-spirale-%e2%8c%8010-mm\/#breadcrumb","itemListElement":[{"@type":"ListItem","position":1,"name":"Strona g\u0142\u00f3wna","item":"https:\/\/www.pakery.pl\/fr\/"},{"@type":"ListItem","position":2,"name":"Magasin","item":"https:\/\/www.pakery.pl\/fr\/magasin\/"},{"@type":"ListItem","position":3,"name":"Ancre spirale \u230010 mm"}]},{"@type":"WebSite","@id":"https:\/\/www.pakery.pl\/fr\/#website","url":"https:\/\/www.pakery.pl\/fr\/","name":"Pakery.pl","description":"Pakery iniekcyjne, Kotwy spiralne, Lance iniekcyjne, W\u0119\u017ce do iniekcji, Pompy iniekcyjne, Serwis pomp iniekcyjnych, Wynajem pomp do iniekcji","publisher":{"@id":"https:\/\/www.pakery.pl\/fr\/#organization"},"potentialAction":[{"@type":"SearchAction","target":{"@type":"EntryPoint","urlTemplate":"https:\/\/www.pakery.pl\/fr\/?s={search_term_string}"},"query-input":{"@type":"PropertyValueSpecification","valueRequired":true,"valueName":"search_term_string"}}],"inLanguage":"fr-FR"},{"@type":"Organization","@id":"https:\/\/www.pakery.pl\/fr\/#organization","name":"PAKERY.PL","url":"https:\/\/www.pakery.pl\/fr\/","logo":{"@type":"ImageObject","inLanguage":"fr-FR","@id":"https:\/\/www.pakery.pl\/fr\/#\/schema\/logo\/image\/","url":"https:\/\/www.pakery.pl\/wp-content\/uploads\/2021\/04\/cropped-PAKERY-LOGO.png","contentUrl":"https:\/\/www.pakery.pl\/wp-content\/uploads\/2021\/04\/cropped-PAKERY-LOGO.png","width":1529,"height":500,"caption":"PAKERY.PL"},"image":{"@id":"https:\/\/www.pakery.pl\/fr\/#\/schema\/logo\/image\/"}}]}},"_links":{"self":[{"href":"https:\/\/www.pakery.pl\/fr\/wp-json\/wp\/v2\/product\/14122","targetHints":{"allow":["GET"]}}],"collection":[{"href":"https:\/\/www.pakery.pl\/fr\/wp-json\/wp\/v2\/product"}],"about":[{"href":"https:\/\/www.pakery.pl\/fr\/wp-json\/wp\/v2\/types\/product"}],"version-history":[{"count":5,"href":"https:\/\/www.pakery.pl\/fr\/wp-json\/wp\/v2\/product\/14122\/revisions"}],"predecessor-version":[{"id":36293,"href":"https:\/\/www.pakery.pl\/fr\/wp-json\/wp\/v2\/product\/14122\/revisions\/36293"}],"wp:featuredmedia":[{"embeddable":true,"href":"https:\/\/www.pakery.pl\/fr\/wp-json\/wp\/v2\/media\/14123"}],"wp:attachment":[{"href":"https:\/\/www.pakery.pl\/fr\/wp-json\/wp\/v2\/media?parent=14122"}],"wp:term":[{"taxonomy":"product_brand","embeddable":true,"href":"https:\/\/www.pakery.pl\/fr\/wp-json\/wp\/v2\/product_brand?post=14122"},{"taxonomy":"product_cat","embeddable":true,"href":"https:\/\/www.pakery.pl\/fr\/wp-json\/wp\/v2\/product_cat?post=14122"},{"taxonomy":"product_tag","embeddable":true,"href":"https:\/\/www.pakery.pl\/fr\/wp-json\/wp\/v2\/product_tag?post=14122"}],"curies":[{"name":"wp","href":"https:\/\/api.w.org\/{rel}","templated":true}]}}