{"id":9620,"date":"2021-08-09T18:09:35","date_gmt":"2021-08-09T16:09:35","guid":{"rendered":"https:\/\/www.pakery.pl\/produkt\/pihtien-kiinnitys-m10x1\/"},"modified":"2021-08-09T18:09:37","modified_gmt":"2021-08-09T16:09:37","slug":"cpc-m10-2","status":"publish","type":"product","link":"https:\/\/www.pakery.pl\/fi\/produkt\/cpc-m10-2\/","title":{"rendered":"Pihtien kiinnitys m10x1"},"content":{"rendered":"\t\t<div data-elementor-type=\"product-post\" data-elementor-id=\"9620\" class=\"elementor elementor-9620\" data-elementor-post-type=\"product\">\n\t\t\t\t\t\t<section class=\"elementor-section elementor-top-section elementor-element elementor-element-d5e9685 elementor-section-full_width elementor-section-height-default elementor-section-height-default\" data-id=\"d5e9685\" data-element_type=\"section\" data-e-type=\"section\">\n\t\t\t\t\t\t<div class=\"elementor-container elementor-column-gap-default\">\n\t\t\t\t\t<div class=\"elementor-column elementor-col-50 elementor-top-column elementor-element elementor-element-f9715c0\" data-id=\"f9715c0\" data-element_type=\"column\" data-e-type=\"column\">\n\t\t\t<div class=\"elementor-widget-wrap elementor-element-populated\">\n\t\t\t\t\t\t<div class=\"elementor-element elementor-element-faa7f49 elementor-widget elementor-widget-text-editor\" data-id=\"faa7f49\" data-element_type=\"widget\" data-e-type=\"widget\" data-widget_type=\"text-editor.default\">\n\t\t\t\t<div class=\"elementor-widget-container\">\n\t\t\t\t\t\t\t\t\t<hr>\n<p><span style=\"color: #000000;\"><b>OMINAISUUDET<br \/><\/b><\/span><\/p>\n<ul>\n<li><span style=\"color: #000000;\">Helppo koota<\/span><\/li>\n<li><span style=\"color: #000000;\">Ty\u00f6n mukavuus<\/span><\/li>\n<li><span style=\"color: #000000;\">Sementtisuspensioille<\/span><\/li>\n<li><span style=\"color: #000000;\">Vesien hajauttamiseen<\/span><\/li>\n<li><span style=\"color: #000000;\">Suuri l\u00e4pimitta 7,5 mm<\/span><\/li>\n<li><span style=\"color: #000000;\">Yhteensopiva injektiopihtien kanssa<\/span><\/li>\n<\/ul>\n<p><span style=\"color: #000000;\">CPC-pohja mahdollistaa helpon injektion havaitsemisen ja hallinnan sis\u00e4\u00e4nvedett\u00e4v\u00e4n liukuventtiilin kautta, joka on suljettu molemmin puolin O-renkailla. <\/span><\/p>\n<p><span style=\"color: #000000;\">Pihdit<b> m10x1<\/b> sopii pakkaajalle:<b> PI-JG 18\/150, PI-PC 18\/130<\/b><\/span><\/p>\n\t\t\t\t\t\t\t\t<\/div>\n\t\t\t\t<\/div>\n\t\t\t\t\t<\/div>\n\t\t<\/div>\n\t\t\t\t<div class=\"elementor-column elementor-col-50 elementor-top-column elementor-element elementor-element-fda0d39\" data-id=\"fda0d39\" data-element_type=\"column\" data-e-type=\"column\">\n\t\t\t<div class=\"elementor-widget-wrap elementor-element-populated\">\n\t\t\t\t\t\t<div class=\"elementor-element elementor-element-5b3b0ad elementor-widget elementor-widget-image\" data-id=\"5b3b0ad\" data-element_type=\"widget\" data-e-type=\"widget\" data-widget_type=\"image.default\">\n\t\t\t\t<div class=\"elementor-widget-container\">\n\t\t\t\t\t\t\t\t\t\t\t\t\t\t\t<img fetchpriority=\"high\" decoding=\"async\" width=\"768\" height=\"768\" src=\"https:\/\/www.pakery.pl\/wp-content\/uploads\/2021\/05\/nasada-m10x1-768x768.png\" class=\"attachment-medium_large size-medium_large wp-image-4274\" alt=\"\" srcset=\"https:\/\/www.pakery.pl\/wp-content\/uploads\/2021\/05\/nasada-m10x1-768x768.png 768w, https:\/\/www.pakery.pl\/wp-content\/uploads\/2021\/05\/nasada-m10x1-300x300.png 300w, https:\/\/www.pakery.pl\/wp-content\/uploads\/2021\/05\/nasada-m10x1-1024x1024.png 1024w, https:\/\/www.pakery.pl\/wp-content\/uploads\/2021\/05\/nasada-m10x1-150x150.png 150w, https:\/\/www.pakery.pl\/wp-content\/uploads\/2021\/05\/nasada-m10x1-1536x1536.png 1536w, https:\/\/www.pakery.pl\/wp-content\/uploads\/2021\/05\/nasada-m10x1-2048x2048.png 2048w, https:\/\/www.pakery.pl\/wp-content\/uploads\/2021\/05\/nasada-m10x1-683x683.png 683w, https:\/\/www.pakery.pl\/wp-content\/uploads\/2021\/05\/nasada-m10x1-602x602.png 602w, https:\/\/www.pakery.pl\/wp-content\/uploads\/2021\/05\/nasada-m10x1-110x110.png 110w\" sizes=\"(max-width: 768px) 100vw, 768px\" \/>\t\t\t\t\t\t\t\t\t\t\t\t\t\t\t<\/div>\n\t\t\t\t<\/div>\n\t\t\t\t\t<\/div>\n\t\t<\/div>\n\t\t\t\t\t<\/div>\n\t\t<\/section>\n\t\t\t\t<\/div>\n\t\t","protected":false},"excerpt":{"rendered":"<p>OMINAISUUDET Helppo koota Ty\u00f6n mukavuus Sementtisuspensioille Vesien hajauttamiseen Suuri l\u00e4pimitta 7,5 mm Yhteensopiva injektiopihtien kanssa CPC-pohja mahdollistaa helpon injektion havaitsemisen ja hallinnan sis\u00e4\u00e4nvedett\u00e4v\u00e4n liukuventtiilin kautta, joka on suljettu molemmin puolin O-renkailla. Pihdit m10x1 sopii pakkaajalle: PI-JG 18\/150, PI-PC 18\/130<\/p>\n","protected":false},"featured_media":9372,"template":"","meta":{"_acf_changed":false},"product_brand":[],"product_cat":[405,402,398],"product_tag":[],"class_list":{"0":"post-9620","1":"product","2":"type-product","3":"status-publish","4":"has-post-thumbnail","6":"product_cat-injektioputket","7":"product_cat-ruiskutustarvikkeet","8":"product_cat-sementin-pakkaajat","9":"pa_akcesoria-pakerowe-pakkaustarvikkeet","11":"first","12":"instock","13":"taxable","14":"shipping-taxable","15":"purchasable","16":"product-type-simple"},"acf":[],"yoast_head":"<!-- This site is optimized with the Yoast SEO plugin v27.3 - https:\/\/yoast.com\/product\/yoast-seo-wordpress\/ -->\n<title>Pihtien kiinnitys m10x1 | INJEKTIO | INJEKTIOPAKKAUKSET - PAKERY.PL<\/title>\n<meta name=\"description\" content=\"Pihtien kiinnitys sis\u00e4kierrell\u00e4 M10x1. Mahdollistaa ruiskutuspihtien liitt\u00e4misen. Se helpottaa ruiskutusty\u00f6t\u00e4 huomattavasti\" \/>\n<meta name=\"robots\" content=\"index, follow, max-snippet:-1, max-image-preview:large, max-video-preview:-1\" \/>\n<link rel=\"canonical\" href=\"https:\/\/www.pakery.pl\/fi\/produkt\/cpc-m10-2\/\" \/>\n<meta property=\"og:locale\" content=\"fi_FI\" \/>\n<meta property=\"og:type\" content=\"article\" \/>\n<meta property=\"og:title\" content=\"Pihtien kiinnitys m10x1 | INJEKTIO | INJEKTIOPAKKAUKSET - PAKERY.PL\" \/>\n<meta property=\"og:description\" content=\"Pihtien kiinnitys sis\u00e4kierrell\u00e4 M10x1. Mahdollistaa ruiskutuspihtien liitt\u00e4misen. Se helpottaa ruiskutusty\u00f6t\u00e4 huomattavasti\" \/>\n<meta property=\"og:url\" content=\"https:\/\/www.pakery.pl\/fi\/produkt\/cpc-m10-2\/\" \/>\n<meta property=\"og:site_name\" content=\"PAKERY.PL\" \/>\n<meta property=\"article:modified_time\" content=\"2021-08-09T16:09:37+00:00\" \/>\n<meta property=\"og:image\" content=\"https:\/\/www.pakery.pl\/wp-content\/uploads\/2021\/04\/CPC.png\" \/>\n\t<meta property=\"og:image:width\" content=\"2500\" \/>\n\t<meta property=\"og:image:height\" content=\"2500\" \/>\n\t<meta property=\"og:image:type\" content=\"image\/png\" \/>\n<meta name=\"twitter:card\" content=\"summary_large_image\" \/>\n<script type=\"application\/ld+json\" class=\"yoast-schema-graph\">{\"@context\":\"https:\\\/\\\/schema.org\",\"@graph\":[{\"@type\":\"WebPage\",\"@id\":\"https:\\\/\\\/www.pakery.pl\\\/fi\\\/produkt\\\/cpc-m10-2\\\/\",\"url\":\"https:\\\/\\\/www.pakery.pl\\\/fi\\\/produkt\\\/cpc-m10-2\\\/\",\"name\":\"Pihtien kiinnitys m10x1 | INJEKTIO | INJEKTIOPAKKAUKSET - PAKERY.PL\",\"isPartOf\":{\"@id\":\"https:\\\/\\\/www.pakery.pl\\\/fi\\\/#website\"},\"primaryImageOfPage\":{\"@id\":\"https:\\\/\\\/www.pakery.pl\\\/fi\\\/produkt\\\/cpc-m10-2\\\/#primaryimage\"},\"image\":{\"@id\":\"https:\\\/\\\/www.pakery.pl\\\/fi\\\/produkt\\\/cpc-m10-2\\\/#primaryimage\"},\"thumbnailUrl\":\"https:\\\/\\\/www.pakery.pl\\\/wp-content\\\/uploads\\\/2021\\\/04\\\/CPC.png\",\"datePublished\":\"2021-08-09T16:09:35+00:00\",\"dateModified\":\"2021-08-09T16:09:37+00:00\",\"description\":\"Pihtien kiinnitys sis\u00e4kierrell\u00e4 M10x1. Mahdollistaa ruiskutuspihtien liitt\u00e4misen. Se helpottaa ruiskutusty\u00f6t\u00e4 huomattavasti\",\"breadcrumb\":{\"@id\":\"https:\\\/\\\/www.pakery.pl\\\/fi\\\/produkt\\\/cpc-m10-2\\\/#breadcrumb\"},\"inLanguage\":\"fi\",\"potentialAction\":[{\"@type\":\"ReadAction\",\"target\":[\"https:\\\/\\\/www.pakery.pl\\\/fi\\\/produkt\\\/cpc-m10-2\\\/\"]}]},{\"@type\":\"ImageObject\",\"inLanguage\":\"fi\",\"@id\":\"https:\\\/\\\/www.pakery.pl\\\/fi\\\/produkt\\\/cpc-m10-2\\\/#primaryimage\",\"url\":\"https:\\\/\\\/www.pakery.pl\\\/wp-content\\\/uploads\\\/2021\\\/04\\\/CPC.png\",\"contentUrl\":\"https:\\\/\\\/www.pakery.pl\\\/wp-content\\\/uploads\\\/2021\\\/04\\\/CPC.png\",\"width\":2500,\"height\":2500,\"caption\":\"pinser kiinnitys sementti kiinnitys\"},{\"@type\":\"BreadcrumbList\",\"@id\":\"https:\\\/\\\/www.pakery.pl\\\/fi\\\/produkt\\\/cpc-m10-2\\\/#breadcrumb\",\"itemListElement\":[{\"@type\":\"ListItem\",\"position\":1,\"name\":\"Strona g\u0142\u00f3wna\",\"item\":\"https:\\\/\\\/www.pakery.pl\\\/fi\\\/\"},{\"@type\":\"ListItem\",\"position\":2,\"name\":\"S\u00e4ilyt\u00e4\",\"item\":\"https:\\\/\\\/www.pakery.pl\\\/fi\\\/sailyta\\\/\"},{\"@type\":\"ListItem\",\"position\":3,\"name\":\"Pihtien kiinnitys m10x1\"}]},{\"@type\":\"WebSite\",\"@id\":\"https:\\\/\\\/www.pakery.pl\\\/fi\\\/#website\",\"url\":\"https:\\\/\\\/www.pakery.pl\\\/fi\\\/\",\"name\":\"Pakery.pl\",\"description\":\"Pakery iniekcyjne, Kotwy spiralne, Lance iniekcyjne, W\u0119\u017ce do iniekcji, Pompy iniekcyjne, Serwis pomp iniekcyjnych, Wynajem pomp do iniekcji\",\"publisher\":{\"@id\":\"https:\\\/\\\/www.pakery.pl\\\/fi\\\/#organization\"},\"potentialAction\":[{\"@type\":\"SearchAction\",\"target\":{\"@type\":\"EntryPoint\",\"urlTemplate\":\"https:\\\/\\\/www.pakery.pl\\\/fi\\\/?s={search_term_string}\"},\"query-input\":{\"@type\":\"PropertyValueSpecification\",\"valueRequired\":true,\"valueName\":\"search_term_string\"}}],\"inLanguage\":\"fi\"},{\"@type\":\"Organization\",\"@id\":\"https:\\\/\\\/www.pakery.pl\\\/fi\\\/#organization\",\"name\":\"PAKERY.PL\",\"url\":\"https:\\\/\\\/www.pakery.pl\\\/fi\\\/\",\"logo\":{\"@type\":\"ImageObject\",\"inLanguage\":\"fi\",\"@id\":\"https:\\\/\\\/www.pakery.pl\\\/fi\\\/#\\\/schema\\\/logo\\\/image\\\/\",\"url\":\"https:\\\/\\\/www.pakery.pl\\\/wp-content\\\/uploads\\\/2021\\\/04\\\/cropped-PAKERY-LOGO.png\",\"contentUrl\":\"https:\\\/\\\/www.pakery.pl\\\/wp-content\\\/uploads\\\/2021\\\/04\\\/cropped-PAKERY-LOGO.png\",\"width\":1529,\"height\":500,\"caption\":\"PAKERY.PL\"},\"image\":{\"@id\":\"https:\\\/\\\/www.pakery.pl\\\/fi\\\/#\\\/schema\\\/logo\\\/image\\\/\"}}]}<\/script>\n<!-- \/ Yoast SEO plugin. -->","yoast_head_json":{"title":"Pihtien kiinnitys m10x1 | INJEKTIO | INJEKTIOPAKKAUKSET - PAKERY.PL","description":"Pihtien kiinnitys sis\u00e4kierrell\u00e4 M10x1. Mahdollistaa ruiskutuspihtien liitt\u00e4misen. Se helpottaa ruiskutusty\u00f6t\u00e4 huomattavasti","robots":{"index":"index","follow":"follow","max-snippet":"max-snippet:-1","max-image-preview":"max-image-preview:large","max-video-preview":"max-video-preview:-1"},"canonical":"https:\/\/www.pakery.pl\/fi\/produkt\/cpc-m10-2\/","og_locale":"fi_FI","og_type":"article","og_title":"Pihtien kiinnitys m10x1 | INJEKTIO | INJEKTIOPAKKAUKSET - PAKERY.PL","og_description":"Pihtien kiinnitys sis\u00e4kierrell\u00e4 M10x1. Mahdollistaa ruiskutuspihtien liitt\u00e4misen. Se helpottaa ruiskutusty\u00f6t\u00e4 huomattavasti","og_url":"https:\/\/www.pakery.pl\/fi\/produkt\/cpc-m10-2\/","og_site_name":"PAKERY.PL","article_modified_time":"2021-08-09T16:09:37+00:00","og_image":[{"width":2500,"height":2500,"url":"https:\/\/www.pakery.pl\/wp-content\/uploads\/2021\/04\/CPC.png","type":"image\/png"}],"twitter_card":"summary_large_image","schema":{"@context":"https:\/\/schema.org","@graph":[{"@type":"WebPage","@id":"https:\/\/www.pakery.pl\/fi\/produkt\/cpc-m10-2\/","url":"https:\/\/www.pakery.pl\/fi\/produkt\/cpc-m10-2\/","name":"Pihtien kiinnitys m10x1 | INJEKTIO | INJEKTIOPAKKAUKSET - PAKERY.PL","isPartOf":{"@id":"https:\/\/www.pakery.pl\/fi\/#website"},"primaryImageOfPage":{"@id":"https:\/\/www.pakery.pl\/fi\/produkt\/cpc-m10-2\/#primaryimage"},"image":{"@id":"https:\/\/www.pakery.pl\/fi\/produkt\/cpc-m10-2\/#primaryimage"},"thumbnailUrl":"https:\/\/www.pakery.pl\/wp-content\/uploads\/2021\/04\/CPC.png","datePublished":"2021-08-09T16:09:35+00:00","dateModified":"2021-08-09T16:09:37+00:00","description":"Pihtien kiinnitys sis\u00e4kierrell\u00e4 M10x1. Mahdollistaa ruiskutuspihtien liitt\u00e4misen. Se helpottaa ruiskutusty\u00f6t\u00e4 huomattavasti","breadcrumb":{"@id":"https:\/\/www.pakery.pl\/fi\/produkt\/cpc-m10-2\/#breadcrumb"},"inLanguage":"fi","potentialAction":[{"@type":"ReadAction","target":["https:\/\/www.pakery.pl\/fi\/produkt\/cpc-m10-2\/"]}]},{"@type":"ImageObject","inLanguage":"fi","@id":"https:\/\/www.pakery.pl\/fi\/produkt\/cpc-m10-2\/#primaryimage","url":"https:\/\/www.pakery.pl\/wp-content\/uploads\/2021\/04\/CPC.png","contentUrl":"https:\/\/www.pakery.pl\/wp-content\/uploads\/2021\/04\/CPC.png","width":2500,"height":2500,"caption":"pinser kiinnitys sementti kiinnitys"},{"@type":"BreadcrumbList","@id":"https:\/\/www.pakery.pl\/fi\/produkt\/cpc-m10-2\/#breadcrumb","itemListElement":[{"@type":"ListItem","position":1,"name":"Strona g\u0142\u00f3wna","item":"https:\/\/www.pakery.pl\/fi\/"},{"@type":"ListItem","position":2,"name":"S\u00e4ilyt\u00e4","item":"https:\/\/www.pakery.pl\/fi\/sailyta\/"},{"@type":"ListItem","position":3,"name":"Pihtien kiinnitys m10x1"}]},{"@type":"WebSite","@id":"https:\/\/www.pakery.pl\/fi\/#website","url":"https:\/\/www.pakery.pl\/fi\/","name":"Pakery.pl","description":"Pakery iniekcyjne, Kotwy spiralne, Lance iniekcyjne, W\u0119\u017ce do iniekcji, Pompy iniekcyjne, Serwis pomp iniekcyjnych, Wynajem pomp do iniekcji","publisher":{"@id":"https:\/\/www.pakery.pl\/fi\/#organization"},"potentialAction":[{"@type":"SearchAction","target":{"@type":"EntryPoint","urlTemplate":"https:\/\/www.pakery.pl\/fi\/?s={search_term_string}"},"query-input":{"@type":"PropertyValueSpecification","valueRequired":true,"valueName":"search_term_string"}}],"inLanguage":"fi"},{"@type":"Organization","@id":"https:\/\/www.pakery.pl\/fi\/#organization","name":"PAKERY.PL","url":"https:\/\/www.pakery.pl\/fi\/","logo":{"@type":"ImageObject","inLanguage":"fi","@id":"https:\/\/www.pakery.pl\/fi\/#\/schema\/logo\/image\/","url":"https:\/\/www.pakery.pl\/wp-content\/uploads\/2021\/04\/cropped-PAKERY-LOGO.png","contentUrl":"https:\/\/www.pakery.pl\/wp-content\/uploads\/2021\/04\/cropped-PAKERY-LOGO.png","width":1529,"height":500,"caption":"PAKERY.PL"},"image":{"@id":"https:\/\/www.pakery.pl\/fi\/#\/schema\/logo\/image\/"}}]}},"_links":{"self":[{"href":"https:\/\/www.pakery.pl\/fi\/wp-json\/wp\/v2\/product\/9620","targetHints":{"allow":["GET"]}}],"collection":[{"href":"https:\/\/www.pakery.pl\/fi\/wp-json\/wp\/v2\/product"}],"about":[{"href":"https:\/\/www.pakery.pl\/fi\/wp-json\/wp\/v2\/types\/product"}],"version-history":[{"count":2,"href":"https:\/\/www.pakery.pl\/fi\/wp-json\/wp\/v2\/product\/9620\/revisions"}],"predecessor-version":[{"id":9622,"href":"https:\/\/www.pakery.pl\/fi\/wp-json\/wp\/v2\/product\/9620\/revisions\/9622"}],"wp:featuredmedia":[{"embeddable":true,"href":"https:\/\/www.pakery.pl\/fi\/wp-json\/wp\/v2\/media\/9372"}],"wp:attachment":[{"href":"https:\/\/www.pakery.pl\/fi\/wp-json\/wp\/v2\/media?parent=9620"}],"wp:term":[{"taxonomy":"product_brand","embeddable":true,"href":"https:\/\/www.pakery.pl\/fi\/wp-json\/wp\/v2\/product_brand?post=9620"},{"taxonomy":"product_cat","embeddable":true,"href":"https:\/\/www.pakery.pl\/fi\/wp-json\/wp\/v2\/product_cat?post=9620"},{"taxonomy":"product_tag","embeddable":true,"href":"https:\/\/www.pakery.pl\/fi\/wp-json\/wp\/v2\/product_tag?post=9620"}],"curies":[{"name":"wp","href":"https:\/\/api.w.org\/{rel}","templated":true}]}}