{"id":9236,"date":"2021-08-09T17:59:37","date_gmt":"2021-08-09T15:59:37","guid":{"rendered":"https:\/\/www.pakery.pl\/produkt\/kierreankkuri-%e2%8c%8010-mm\/"},"modified":"2021-08-23T12:29:00","modified_gmt":"2021-08-23T10:29:00","slug":"%e2%8c%8010-mm-kierre-ankkuri","status":"publish","type":"product","link":"https:\/\/www.pakery.pl\/fi\/produkt\/%e2%8c%8010-mm-kierre-ankkuri\/","title":{"rendered":"Kierreankkuri \u230010 mm"},"content":{"rendered":"\t\t<div data-elementor-type=\"product-post\" data-elementor-id=\"9236\" class=\"elementor elementor-9236 elementor-1871\" data-elementor-post-type=\"product\">\n\t\t\t\t\t\t<section class=\"elementor-section elementor-top-section elementor-element elementor-element-b7e7196 elementor-section-full_width elementor-section-height-default elementor-section-height-default\" data-id=\"b7e7196\" data-element_type=\"section\" data-e-type=\"section\">\n\t\t\t\t\t\t<div class=\"elementor-container elementor-column-gap-default\">\n\t\t\t\t\t<div class=\"elementor-column elementor-col-100 elementor-top-column elementor-element elementor-element-6604f27\" data-id=\"6604f27\" data-element_type=\"column\" data-e-type=\"column\">\n\t\t\t<div class=\"elementor-widget-wrap elementor-element-populated\">\n\t\t\t\t\t\t<section class=\"elementor-section elementor-inner-section elementor-element elementor-element-45397ae elementor-section-full_width elementor-section-height-default elementor-section-height-default\" data-id=\"45397ae\" data-element_type=\"section\" data-e-type=\"section\">\n\t\t\t\t\t\t<div class=\"elementor-container elementor-column-gap-default\">\n\t\t\t\t\t<div class=\"elementor-column elementor-col-50 elementor-inner-column elementor-element elementor-element-5920a69\" data-id=\"5920a69\" data-element_type=\"column\" data-e-type=\"column\">\n\t\t\t<div class=\"elementor-widget-wrap elementor-element-populated\">\n\t\t\t\t\t\t<div class=\"elementor-element elementor-element-9c16b70 elementor-widget elementor-widget-text-editor\" data-id=\"9c16b70\" data-element_type=\"widget\" data-e-type=\"widget\" data-widget_type=\"text-editor.default\">\n\t\t\t\t<div class=\"elementor-widget-container\">\n\t\t\t\t\t\t\t\t\t<div>\n<p><strong><span style=\"color: #000000;\">TEKNISET TIEDOT:<\/span><\/strong><\/p>\n<\/div>\n<ul>\n<li><span style=\"color: #000000;\">Ankkurin halkaisija:<strong> 10 mm<\/strong><\/span><\/li>\n<li><span style=\"color: #000000;\">Poikkileikkauksen pinta-ala[mm\u00b2] :<strong> 13.00<\/strong><\/span><\/li>\n<li><span style=\"color: #000000;\">Saanto[MPa] :<strong> 474,10<\/strong><\/span><\/li>\n<li><span style=\"color: #000000;\">Vetolujuus[MPa] :<strong> 1006,30<\/strong><\/span><\/li>\n<li><span style=\"color: #000000;\">Moduuli[GPa] :<strong> 143,50<\/strong><\/span><\/li>\n<\/ul>\n\t\t\t\t\t\t\t\t<\/div>\n\t\t\t\t<\/div>\n\t\t\t\t<div class=\"elementor-element elementor-element-f10e87b elementor-widget elementor-widget-text-editor\" data-id=\"f10e87b\" data-element_type=\"widget\" data-e-type=\"widget\" data-widget_type=\"text-editor.default\">\n\t\t\t\t<div class=\"elementor-widget-container\">\n\t\t\t\t\t\t\t\t\t<h1><span style=\"color: #000000;\"><b style=\"font-size: 1rem;\">K\u00c4YTT\u00d6:<\/b><\/span><\/h1>\n<ul>\n<li><span style=\"color: #000000;\">tiilist\u00e4, kivest\u00e4, betonista tehtyjen rakenteellisten seinien halkeamien korjaus<\/span><\/li>\n<li><span style=\"color: #000000;\">v\u00e4liseinien liitosten vahvistaminen rakenteellisilla<\/span><\/li>\n<li><span style=\"color: #000000;\">katon ullakkojen vahvistaminen<\/span><\/li>\n<li><span style=\"color: #000000;\">parvekelaattojen vahvistaminen<\/span><\/li>\n<li><span style=\"color: #000000;\">laippojen, palkkien ja kattojen korjaus ja vahvistaminen<\/span><\/li>\n<li><span style=\"color: #000000;\">irrotettavien sein\u00e4p\u00e4\u00e4llyskerrosten ankkurointi<\/span><\/li>\n<li><span style=\"color: #000000;\">ryppyisten seinien vakauttaminen<\/span><\/li>\n<li><span style=\"color: #000000;\">seinien vahvistaminen nykyaikaisissa rakennuksissa<\/span><\/li>\n<\/ul>\n<p><span style=\"color: #000000;\"><b>SPIRAALISTEN VAHVISTUSTEN EDUT:<\/b><\/span><\/p>\n<ul>\n<li><span style=\"color: #000000;\">Seinien, pylv\u00e4iden, palkkien, palkkien, laattojen, perustusten kantavuuden lis\u00e4\u00e4minen<\/span><\/li>\n<li><span style=\"color: #000000;\">Nopea levitys &#8211; ilman teknisi\u00e4 taukoja<\/span><\/li>\n<li><span style=\"color: #000000;\">Alhainen invasiivisuus &#8211; sovellus ilman sotkua ja sekaannusta<\/span><\/li>\n<li><span style=\"color: #000000;\">Halkeamia ei tule uudelleen esiin &#8211; korkean suorituskyvyn tekniikka<\/span><\/li>\n<li><span style=\"color: #000000;\">Halpa<\/span><\/li>\n<\/ul>\n<div><span style=\"color: #000000;\"><span style=\"caret-color: #000000;\"> <\/span><\/span><\/div>\n<div><span style=\"color: #000000;\"><span style=\"caret-color: #000000;\"> <\/span><\/span><\/div>\n<div><span style=\"color: #000000;\"><span style=\"caret-color: #000000;\"> <\/span><\/span><\/div>\n<div><span style=\"color: #000000;\"><span style=\"caret-color: #000000;\"> <\/span><\/span><\/div>\n<div><span style=\"color: #000000;\"><span style=\"caret-color: #000000;\"> <\/span><\/span><\/div>\n\t\t\t\t\t\t\t\t<\/div>\n\t\t\t\t<\/div>\n\t\t\t\t\t<\/div>\n\t\t<\/div>\n\t\t\t\t<div class=\"elementor-column elementor-col-50 elementor-inner-column elementor-element elementor-element-2d03299\" data-id=\"2d03299\" data-element_type=\"column\" data-e-type=\"column\">\n\t\t\t<div class=\"elementor-widget-wrap elementor-element-populated\">\n\t\t\t\t\t\t<div class=\"elementor-element elementor-element-32f59cc elementor-widget elementor-widget-image\" data-id=\"32f59cc\" data-element_type=\"widget\" data-e-type=\"widget\" data-widget_type=\"image.default\">\n\t\t\t\t<div class=\"elementor-widget-container\">\n\t\t\t\t\t\t\t\t\t\t\t\t\t\t\t<img fetchpriority=\"high\" decoding=\"async\" width=\"691\" height=\"758\" src=\"https:\/\/www.pakery.pl\/wp-content\/uploads\/2021\/04\/Kotwa-spiralna.png\" class=\"attachment-large size-large wp-image-9245\" alt=\"\" srcset=\"https:\/\/www.pakery.pl\/wp-content\/uploads\/2021\/04\/Kotwa-spiralna.png 691w, https:\/\/www.pakery.pl\/wp-content\/uploads\/2021\/04\/Kotwa-spiralna-273x300.png 273w, https:\/\/www.pakery.pl\/wp-content\/uploads\/2021\/04\/Kotwa-spiralna-683x749.png 683w, https:\/\/www.pakery.pl\/wp-content\/uploads\/2021\/04\/Kotwa-spiralna-602x660.png 602w\" sizes=\"(max-width: 691px) 100vw, 691px\" \/>\t\t\t\t\t\t\t\t\t\t\t\t\t\t\t<\/div>\n\t\t\t\t<\/div>\n\t\t\t\t\t<\/div>\n\t\t<\/div>\n\t\t\t\t\t<\/div>\n\t\t<\/section>\n\t\t\t\t<div class=\"elementor-element elementor-element-0b33b07 elementor-widget elementor-widget-image\" data-id=\"0b33b07\" data-element_type=\"widget\" data-e-type=\"widget\" data-widget_type=\"image.default\">\n\t\t\t\t<div class=\"elementor-widget-container\">\n\t\t\t\t\t\t\t\t\t\t\t\t\t\t\t<img decoding=\"async\" width=\"781\" height=\"410\" src=\"https:\/\/www.pakery.pl\/wp-content\/uploads\/2021\/04\/kotwy-eng-.png\" class=\"attachment-large size-large wp-image-36140\" alt=\"\" srcset=\"https:\/\/www.pakery.pl\/wp-content\/uploads\/2021\/04\/kotwy-eng-.png 781w, https:\/\/www.pakery.pl\/wp-content\/uploads\/2021\/04\/kotwy-eng--300x157.png 300w, https:\/\/www.pakery.pl\/wp-content\/uploads\/2021\/04\/kotwy-eng--768x403.png 768w, https:\/\/www.pakery.pl\/wp-content\/uploads\/2021\/04\/kotwy-eng--683x359.png 683w, https:\/\/www.pakery.pl\/wp-content\/uploads\/2021\/04\/kotwy-eng--602x316.png 602w\" sizes=\"(max-width: 781px) 100vw, 781px\" \/>\t\t\t\t\t\t\t\t\t\t\t\t\t\t\t<\/div>\n\t\t\t\t<\/div>\n\t\t\t\t<div class=\"elementor-element elementor-element-77d701e elementor-widget-divider--view-line elementor-widget elementor-widget-divider\" data-id=\"77d701e\" data-element_type=\"widget\" data-e-type=\"widget\" data-widget_type=\"divider.default\">\n\t\t\t\t<div class=\"elementor-widget-container\">\n\t\t\t\t\t\t\t<div class=\"elementor-divider\">\n\t\t\t<span class=\"elementor-divider-separator\">\n\t\t\t\t\t\t<\/span>\n\t\t<\/div>\n\t\t\t\t\t\t<\/div>\n\t\t\t\t<\/div>\n\t\t\t\t<div class=\"elementor-element elementor-element-cf2da9a elementor-widget elementor-widget-heading\" data-id=\"cf2da9a\" data-element_type=\"widget\" data-e-type=\"widget\" data-widget_type=\"heading.default\">\n\t\t\t\t<div class=\"elementor-widget-container\">\n\t\t\t\t\t<h2 class=\"elementor-heading-title elementor-size-default\">Lis\u00e4\u00e4 otsikkotekstisi t\u00e4h\u00e4n<\/h2>\t\t\t\t<\/div>\n\t\t\t\t<\/div>\n\t\t\t\t<section class=\"elementor-section elementor-inner-section elementor-element elementor-element-a6cce0d elementor-section-full_width elementor-section-height-default elementor-section-height-default\" data-id=\"a6cce0d\" data-element_type=\"section\" data-e-type=\"section\">\n\t\t\t\t\t\t<div class=\"elementor-container elementor-column-gap-default\">\n\t\t\t\t\t<div class=\"elementor-column elementor-col-50 elementor-inner-column elementor-element elementor-element-8ef05b0\" data-id=\"8ef05b0\" data-element_type=\"column\" data-e-type=\"column\">\n\t\t\t<div class=\"elementor-widget-wrap elementor-element-populated\">\n\t\t\t\t\t\t<div class=\"elementor-element elementor-element-2d277b7 elementor-widget elementor-widget-text-editor\" data-id=\"2d277b7\" data-element_type=\"widget\" data-e-type=\"widget\" data-widget_type=\"text-editor.default\">\n\t\t\t\t<div class=\"elementor-widget-container\">\n\t\t\t\t\t\t\t\t\t<p><span style=\"color: #000000;\"><strong>Kierreankkureiden urien mitat yhdess\u00e4 ankkurilaastin likim\u00e4\u00e4r\u00e4isen kulutuksen kanssa l\u00f6ytyv\u00e4t alla olevasta taulukosta:<\/strong><\/span><\/p>\n\t\t\t\t\t\t\t\t<\/div>\n\t\t\t\t<\/div>\n\t\t\t\t<div class=\"elementor-element elementor-element-9983271 elementor-widget elementor-widget-image\" data-id=\"9983271\" data-element_type=\"widget\" data-e-type=\"widget\" data-widget_type=\"image.default\">\n\t\t\t\t<div class=\"elementor-widget-container\">\n\t\t\t\t\t\t\t\t\t\t\t\t\t\t\t<img decoding=\"async\" width=\"1024\" height=\"525\" src=\"https:\/\/www.pakery.pl\/wp-content\/uploads\/2021\/04\/table-kotwa-1024x525.png\" class=\"attachment-large size-large wp-image-36167\" alt=\"\" srcset=\"https:\/\/www.pakery.pl\/wp-content\/uploads\/2021\/04\/table-kotwa-1024x525.png 1024w, https:\/\/www.pakery.pl\/wp-content\/uploads\/2021\/04\/table-kotwa-300x154.png 300w, https:\/\/www.pakery.pl\/wp-content\/uploads\/2021\/04\/table-kotwa-768x393.png 768w, https:\/\/www.pakery.pl\/wp-content\/uploads\/2021\/04\/table-kotwa-683x350.png 683w, https:\/\/www.pakery.pl\/wp-content\/uploads\/2021\/04\/table-kotwa-602x308.png 602w, https:\/\/www.pakery.pl\/wp-content\/uploads\/2021\/04\/table-kotwa.png 1058w\" sizes=\"(max-width: 1024px) 100vw, 1024px\" \/>\t\t\t\t\t\t\t\t\t\t\t\t\t\t\t<\/div>\n\t\t\t\t<\/div>\n\t\t\t\t\t<\/div>\n\t\t<\/div>\n\t\t\t\t<div class=\"elementor-column elementor-col-50 elementor-inner-column elementor-element elementor-element-3f2140f\" data-id=\"3f2140f\" data-element_type=\"column\" data-e-type=\"column\">\n\t\t\t<div class=\"elementor-widget-wrap elementor-element-populated\">\n\t\t\t\t\t\t<div class=\"elementor-element elementor-element-4bc0503 elementor-widget elementor-widget-text-editor\" data-id=\"4bc0503\" data-element_type=\"widget\" data-e-type=\"widget\" data-widget_type=\"text-editor.default\">\n\t\t\t\t<div class=\"elementor-widget-container\">\n\t\t\t\t\t\t\t\t\t<p><span style=\"color: #000000;\"><strong>&nbsp;<\/strong><\/span><\/p>\n<p><strong style=\"font-size: 1rem; color: #000000;\">&nbsp;<\/strong><\/p>\n<p><strong style=\"font-size: 1rem; color: #000000;\">min. ankkurin kokonaispituus (tiili \/ kivi \/ muuraus) &#8211; 1000 mm<\/strong><\/p>\n<p><span style=\"color: #000000;\"><strong>min. ankkurin kokonaispituus (betoni) &#8211; 600 mm<\/strong><\/span><\/p>\n<p><em>Leikkaamme ankkurit asiakkaan nimenomaisesta pyynn\u00f6st\u00e4 m\u00e4\u00e4ritettyyn kokoon.<\/em><\/p>\n<p><em><strong>Lis\u00e4\u00e4 suunnitteluehdotuksia on Hammpack Spiral Hammerin teknisiss\u00e4 asiakirjoissa.<br \/><\/strong><\/em><\/p>\n\t\t\t\t\t\t\t\t<\/div>\n\t\t\t\t<\/div>\n\t\t\t\t\t<\/div>\n\t\t<\/div>\n\t\t\t\t\t<\/div>\n\t\t<\/section>\n\t\t\t\t\t<\/div>\n\t\t<\/div>\n\t\t\t\t\t<\/div>\n\t\t<\/section>\n\t\t\t\t<\/div>\n\t\t","protected":false},"excerpt":{"rendered":"<p>TEKNISET TIEDOT: Ankkurin halkaisija: 10 mm Poikkileikkauksen pinta-ala[mm\u00b2] : 13.00 Saanto[MPa] : 474,10 Vetolujuus[MPa] : 1006,30 Moduuli[GPa] : 143,50 K\u00c4YTT\u00d6: tiilist\u00e4, kivest\u00e4, betonista tehtyjen rakenteellisten seinien halkeamien korjaus v\u00e4liseinien liitosten vahvistaminen rakenteellisilla katon ullakkojen vahvistaminen parvekelaattojen vahvistaminen laippojen, palkkien ja kattojen korjaus ja vahvistaminen irrotettavien sein\u00e4p\u00e4\u00e4llyskerrosten ankkurointi ryppyisten seinien vakauttaminen seinien vahvistaminen nykyaikaisissa rakennuksissa SPIRAALISTEN [&hellip;]<\/p>\n","protected":false},"featured_media":9237,"template":"","meta":{"_acf_changed":false},"product_brand":[],"product_cat":[420],"product_tag":[],"class_list":{"0":"post-9236","1":"product","2":"type-product","3":"status-publish","4":"has-post-thumbnail","6":"product_cat-kierreankkurit","7":"pa_dlugosc-100-m-fi","8":"pa_dlugosc-10m-fi","9":"pa_dlugosc-1m-fi","11":"first","12":"instock","13":"taxable","14":"shipping-taxable","15":"purchasable","16":"product-type-variable"},"acf":[],"yoast_head":"<!-- This site is optimized with the Yoast SEO plugin v27.3 - https:\/\/yoast.com\/product\/yoast-seo-wordpress\/ -->\n<title>Kierreankkuri \u230010 mm l Kierreankkuri seinien halkeamiin<\/title>\n<meta name=\"description\" content=\"Sein\u00e4halkeileva ankkuri | Kierreankkuri | Seinien, pylv\u00e4iden, palkkien, palkkien, laattojen, perustusten kantavuuden lis\u00e4\u00e4minen\" \/>\n<meta name=\"robots\" content=\"index, follow, max-snippet:-1, max-image-preview:large, max-video-preview:-1\" \/>\n<link rel=\"canonical\" href=\"https:\/\/www.pakery.pl\/fi\/produkt\/%e2%8c%8010-mm-kierre-ankkuri\/\" \/>\n<meta property=\"og:locale\" content=\"fi_FI\" \/>\n<meta property=\"og:type\" content=\"article\" \/>\n<meta property=\"og:title\" content=\"Kierreankkuri \u230010 mm l Kierreankkuri seinien halkeamiin\" \/>\n<meta property=\"og:description\" content=\"Sein\u00e4halkeileva ankkuri | Kierreankkuri | Seinien, pylv\u00e4iden, palkkien, palkkien, laattojen, perustusten kantavuuden lis\u00e4\u00e4minen\" \/>\n<meta property=\"og:url\" content=\"https:\/\/www.pakery.pl\/fi\/produkt\/%e2%8c%8010-mm-kierre-ankkuri\/\" \/>\n<meta property=\"og:site_name\" content=\"PAKERY.PL\" \/>\n<meta property=\"article:modified_time\" content=\"2021-08-23T10:29:00+00:00\" \/>\n<meta property=\"og:image\" content=\"https:\/\/www.pakery.pl\/wp-content\/uploads\/2021\/05\/kotwy-zbiorcze-1024x1024.png\" \/>\n\t<meta property=\"og:image:width\" content=\"1024\" \/>\n\t<meta property=\"og:image:height\" content=\"1024\" \/>\n\t<meta property=\"og:image:type\" content=\"image\/png\" \/>\n<meta name=\"twitter:card\" content=\"summary_large_image\" \/>\n<meta name=\"twitter:label1\" content=\"Arvioitu lukuaika\" \/>\n\t<meta name=\"twitter:data1\" content=\"1 minuutti\" \/>\n<script type=\"application\/ld+json\" class=\"yoast-schema-graph\">{\"@context\":\"https:\\\/\\\/schema.org\",\"@graph\":[{\"@type\":\"WebPage\",\"@id\":\"https:\\\/\\\/www.pakery.pl\\\/fi\\\/produkt\\\/%e2%8c%8010-mm-kierre-ankkuri\\\/\",\"url\":\"https:\\\/\\\/www.pakery.pl\\\/fi\\\/produkt\\\/%e2%8c%8010-mm-kierre-ankkuri\\\/\",\"name\":\"Kierreankkuri \u230010 mm l Kierreankkuri seinien halkeamiin\",\"isPartOf\":{\"@id\":\"https:\\\/\\\/www.pakery.pl\\\/fi\\\/#website\"},\"primaryImageOfPage\":{\"@id\":\"https:\\\/\\\/www.pakery.pl\\\/fi\\\/produkt\\\/%e2%8c%8010-mm-kierre-ankkuri\\\/#primaryimage\"},\"image\":{\"@id\":\"https:\\\/\\\/www.pakery.pl\\\/fi\\\/produkt\\\/%e2%8c%8010-mm-kierre-ankkuri\\\/#primaryimage\"},\"thumbnailUrl\":\"https:\\\/\\\/www.pakery.pl\\\/wp-content\\\/uploads\\\/2021\\\/05\\\/kotwy-zbiorcze.png\",\"datePublished\":\"2021-08-09T15:59:37+00:00\",\"dateModified\":\"2021-08-23T10:29:00+00:00\",\"description\":\"Sein\u00e4halkeileva ankkuri | Kierreankkuri | Seinien, pylv\u00e4iden, palkkien, palkkien, laattojen, perustusten kantavuuden lis\u00e4\u00e4minen\",\"breadcrumb\":{\"@id\":\"https:\\\/\\\/www.pakery.pl\\\/fi\\\/produkt\\\/%e2%8c%8010-mm-kierre-ankkuri\\\/#breadcrumb\"},\"inLanguage\":\"fi\",\"potentialAction\":[{\"@type\":\"ReadAction\",\"target\":[\"https:\\\/\\\/www.pakery.pl\\\/fi\\\/produkt\\\/%e2%8c%8010-mm-kierre-ankkuri\\\/\"]}]},{\"@type\":\"ImageObject\",\"inLanguage\":\"fi\",\"@id\":\"https:\\\/\\\/www.pakery.pl\\\/fi\\\/produkt\\\/%e2%8c%8010-mm-kierre-ankkuri\\\/#primaryimage\",\"url\":\"https:\\\/\\\/www.pakery.pl\\\/wp-content\\\/uploads\\\/2021\\\/05\\\/kotwy-zbiorcze.png\",\"contentUrl\":\"https:\\\/\\\/www.pakery.pl\\\/wp-content\\\/uploads\\\/2021\\\/05\\\/kotwy-zbiorcze.png\",\"width\":2500,\"height\":2500},{\"@type\":\"BreadcrumbList\",\"@id\":\"https:\\\/\\\/www.pakery.pl\\\/fi\\\/produkt\\\/%e2%8c%8010-mm-kierre-ankkuri\\\/#breadcrumb\",\"itemListElement\":[{\"@type\":\"ListItem\",\"position\":1,\"name\":\"Strona g\u0142\u00f3wna\",\"item\":\"https:\\\/\\\/www.pakery.pl\\\/fi\\\/\"},{\"@type\":\"ListItem\",\"position\":2,\"name\":\"S\u00e4ilyt\u00e4\",\"item\":\"https:\\\/\\\/www.pakery.pl\\\/fi\\\/sailyta\\\/\"},{\"@type\":\"ListItem\",\"position\":3,\"name\":\"Kierreankkuri \u230010 mm\"}]},{\"@type\":\"WebSite\",\"@id\":\"https:\\\/\\\/www.pakery.pl\\\/fi\\\/#website\",\"url\":\"https:\\\/\\\/www.pakery.pl\\\/fi\\\/\",\"name\":\"Pakery.pl\",\"description\":\"Pakery iniekcyjne, Kotwy spiralne, Lance iniekcyjne, W\u0119\u017ce do iniekcji, Pompy iniekcyjne, Serwis pomp iniekcyjnych, Wynajem pomp do iniekcji\",\"publisher\":{\"@id\":\"https:\\\/\\\/www.pakery.pl\\\/fi\\\/#organization\"},\"potentialAction\":[{\"@type\":\"SearchAction\",\"target\":{\"@type\":\"EntryPoint\",\"urlTemplate\":\"https:\\\/\\\/www.pakery.pl\\\/fi\\\/?s={search_term_string}\"},\"query-input\":{\"@type\":\"PropertyValueSpecification\",\"valueRequired\":true,\"valueName\":\"search_term_string\"}}],\"inLanguage\":\"fi\"},{\"@type\":\"Organization\",\"@id\":\"https:\\\/\\\/www.pakery.pl\\\/fi\\\/#organization\",\"name\":\"PAKERY.PL\",\"url\":\"https:\\\/\\\/www.pakery.pl\\\/fi\\\/\",\"logo\":{\"@type\":\"ImageObject\",\"inLanguage\":\"fi\",\"@id\":\"https:\\\/\\\/www.pakery.pl\\\/fi\\\/#\\\/schema\\\/logo\\\/image\\\/\",\"url\":\"https:\\\/\\\/www.pakery.pl\\\/wp-content\\\/uploads\\\/2021\\\/04\\\/cropped-PAKERY-LOGO.png\",\"contentUrl\":\"https:\\\/\\\/www.pakery.pl\\\/wp-content\\\/uploads\\\/2021\\\/04\\\/cropped-PAKERY-LOGO.png\",\"width\":1529,\"height\":500,\"caption\":\"PAKERY.PL\"},\"image\":{\"@id\":\"https:\\\/\\\/www.pakery.pl\\\/fi\\\/#\\\/schema\\\/logo\\\/image\\\/\"}}]}<\/script>\n<!-- \/ Yoast SEO plugin. -->","yoast_head_json":{"title":"Kierreankkuri \u230010 mm l Kierreankkuri seinien halkeamiin","description":"Sein\u00e4halkeileva ankkuri | Kierreankkuri | Seinien, pylv\u00e4iden, palkkien, palkkien, laattojen, perustusten kantavuuden lis\u00e4\u00e4minen","robots":{"index":"index","follow":"follow","max-snippet":"max-snippet:-1","max-image-preview":"max-image-preview:large","max-video-preview":"max-video-preview:-1"},"canonical":"https:\/\/www.pakery.pl\/fi\/produkt\/%e2%8c%8010-mm-kierre-ankkuri\/","og_locale":"fi_FI","og_type":"article","og_title":"Kierreankkuri \u230010 mm l Kierreankkuri seinien halkeamiin","og_description":"Sein\u00e4halkeileva ankkuri | Kierreankkuri | Seinien, pylv\u00e4iden, palkkien, palkkien, laattojen, perustusten kantavuuden lis\u00e4\u00e4minen","og_url":"https:\/\/www.pakery.pl\/fi\/produkt\/%e2%8c%8010-mm-kierre-ankkuri\/","og_site_name":"PAKERY.PL","article_modified_time":"2021-08-23T10:29:00+00:00","og_image":[{"width":1024,"height":1024,"url":"https:\/\/www.pakery.pl\/wp-content\/uploads\/2021\/05\/kotwy-zbiorcze-1024x1024.png","type":"image\/png"}],"twitter_card":"summary_large_image","twitter_misc":{"Arvioitu lukuaika":"1 minuutti"},"schema":{"@context":"https:\/\/schema.org","@graph":[{"@type":"WebPage","@id":"https:\/\/www.pakery.pl\/fi\/produkt\/%e2%8c%8010-mm-kierre-ankkuri\/","url":"https:\/\/www.pakery.pl\/fi\/produkt\/%e2%8c%8010-mm-kierre-ankkuri\/","name":"Kierreankkuri \u230010 mm l Kierreankkuri seinien halkeamiin","isPartOf":{"@id":"https:\/\/www.pakery.pl\/fi\/#website"},"primaryImageOfPage":{"@id":"https:\/\/www.pakery.pl\/fi\/produkt\/%e2%8c%8010-mm-kierre-ankkuri\/#primaryimage"},"image":{"@id":"https:\/\/www.pakery.pl\/fi\/produkt\/%e2%8c%8010-mm-kierre-ankkuri\/#primaryimage"},"thumbnailUrl":"https:\/\/www.pakery.pl\/wp-content\/uploads\/2021\/05\/kotwy-zbiorcze.png","datePublished":"2021-08-09T15:59:37+00:00","dateModified":"2021-08-23T10:29:00+00:00","description":"Sein\u00e4halkeileva ankkuri | Kierreankkuri | Seinien, pylv\u00e4iden, palkkien, palkkien, laattojen, perustusten kantavuuden lis\u00e4\u00e4minen","breadcrumb":{"@id":"https:\/\/www.pakery.pl\/fi\/produkt\/%e2%8c%8010-mm-kierre-ankkuri\/#breadcrumb"},"inLanguage":"fi","potentialAction":[{"@type":"ReadAction","target":["https:\/\/www.pakery.pl\/fi\/produkt\/%e2%8c%8010-mm-kierre-ankkuri\/"]}]},{"@type":"ImageObject","inLanguage":"fi","@id":"https:\/\/www.pakery.pl\/fi\/produkt\/%e2%8c%8010-mm-kierre-ankkuri\/#primaryimage","url":"https:\/\/www.pakery.pl\/wp-content\/uploads\/2021\/05\/kotwy-zbiorcze.png","contentUrl":"https:\/\/www.pakery.pl\/wp-content\/uploads\/2021\/05\/kotwy-zbiorcze.png","width":2500,"height":2500},{"@type":"BreadcrumbList","@id":"https:\/\/www.pakery.pl\/fi\/produkt\/%e2%8c%8010-mm-kierre-ankkuri\/#breadcrumb","itemListElement":[{"@type":"ListItem","position":1,"name":"Strona g\u0142\u00f3wna","item":"https:\/\/www.pakery.pl\/fi\/"},{"@type":"ListItem","position":2,"name":"S\u00e4ilyt\u00e4","item":"https:\/\/www.pakery.pl\/fi\/sailyta\/"},{"@type":"ListItem","position":3,"name":"Kierreankkuri \u230010 mm"}]},{"@type":"WebSite","@id":"https:\/\/www.pakery.pl\/fi\/#website","url":"https:\/\/www.pakery.pl\/fi\/","name":"Pakery.pl","description":"Pakery iniekcyjne, Kotwy spiralne, Lance iniekcyjne, W\u0119\u017ce do iniekcji, Pompy iniekcyjne, Serwis pomp iniekcyjnych, Wynajem pomp do iniekcji","publisher":{"@id":"https:\/\/www.pakery.pl\/fi\/#organization"},"potentialAction":[{"@type":"SearchAction","target":{"@type":"EntryPoint","urlTemplate":"https:\/\/www.pakery.pl\/fi\/?s={search_term_string}"},"query-input":{"@type":"PropertyValueSpecification","valueRequired":true,"valueName":"search_term_string"}}],"inLanguage":"fi"},{"@type":"Organization","@id":"https:\/\/www.pakery.pl\/fi\/#organization","name":"PAKERY.PL","url":"https:\/\/www.pakery.pl\/fi\/","logo":{"@type":"ImageObject","inLanguage":"fi","@id":"https:\/\/www.pakery.pl\/fi\/#\/schema\/logo\/image\/","url":"https:\/\/www.pakery.pl\/wp-content\/uploads\/2021\/04\/cropped-PAKERY-LOGO.png","contentUrl":"https:\/\/www.pakery.pl\/wp-content\/uploads\/2021\/04\/cropped-PAKERY-LOGO.png","width":1529,"height":500,"caption":"PAKERY.PL"},"image":{"@id":"https:\/\/www.pakery.pl\/fi\/#\/schema\/logo\/image\/"}}]}},"_links":{"self":[{"href":"https:\/\/www.pakery.pl\/fi\/wp-json\/wp\/v2\/product\/9236","targetHints":{"allow":["GET"]}}],"collection":[{"href":"https:\/\/www.pakery.pl\/fi\/wp-json\/wp\/v2\/product"}],"about":[{"href":"https:\/\/www.pakery.pl\/fi\/wp-json\/wp\/v2\/types\/product"}],"version-history":[{"count":5,"href":"https:\/\/www.pakery.pl\/fi\/wp-json\/wp\/v2\/product\/9236\/revisions"}],"predecessor-version":[{"id":36281,"href":"https:\/\/www.pakery.pl\/fi\/wp-json\/wp\/v2\/product\/9236\/revisions\/36281"}],"wp:featuredmedia":[{"embeddable":true,"href":"https:\/\/www.pakery.pl\/fi\/wp-json\/wp\/v2\/media\/9237"}],"wp:attachment":[{"href":"https:\/\/www.pakery.pl\/fi\/wp-json\/wp\/v2\/media?parent=9236"}],"wp:term":[{"taxonomy":"product_brand","embeddable":true,"href":"https:\/\/www.pakery.pl\/fi\/wp-json\/wp\/v2\/product_brand?post=9236"},{"taxonomy":"product_cat","embeddable":true,"href":"https:\/\/www.pakery.pl\/fi\/wp-json\/wp\/v2\/product_cat?post=9236"},{"taxonomy":"product_tag","embeddable":true,"href":"https:\/\/www.pakery.pl\/fi\/wp-json\/wp\/v2\/product_tag?post=9236"}],"curies":[{"name":"wp","href":"https:\/\/api.w.org\/{rel}","templated":true}]}}