{"id":9037,"date":"2021-04-21T07:45:41","date_gmt":"2021-08-09T15:55:52","guid":{"rendered":"https:\/\/www.pakery.pl\/produkt\/ruiskupakkaus-pi-sphw-10-110\/"},"modified":"2021-08-09T17:56:16","modified_gmt":"2021-08-09T15:56:16","slug":"ruiskupakkaus-pi-sphw-10-110","status":"publish","type":"product","link":"https:\/\/www.pakery.pl\/fi\/produkt\/ruiskupakkaus-pi-sphw-10-110\/","title":{"rendered":"Ruiskupakkaus PI-SPHW 10\/110"},"content":{"rendered":"\t\t<div data-elementor-type=\"product-post\" data-elementor-id=\"9037\" class=\"elementor elementor-9037 elementor-1830\" data-elementor-post-type=\"product\">\n\t\t\t\t\t\t<section class=\"elementor-section elementor-top-section elementor-element elementor-element-5193b4b5 elementor-section-full_width elementor-section-height-default elementor-section-height-default\" data-id=\"5193b4b5\" data-element_type=\"section\" data-e-type=\"section\">\n\t\t\t\t\t\t<div class=\"elementor-container elementor-column-gap-default\">\n\t\t\t\t\t<div class=\"elementor-column elementor-col-100 elementor-top-column elementor-element elementor-element-1fc91c56\" data-id=\"1fc91c56\" data-element_type=\"column\" data-e-type=\"column\">\n\t\t\t<div class=\"elementor-widget-wrap elementor-element-populated\">\n\t\t\t\t\t\t<div class=\"elementor-element elementor-element-1de24192 elementor-widget elementor-widget-text-editor\" data-id=\"1de24192\" data-element_type=\"widget\" data-e-type=\"widget\" data-widget_type=\"text-editor.default\">\n\t\t\t\t<div class=\"elementor-widget-container\">\n\t\t\t\t\t\t\t\t\t<div class=\"_1bo4a _xu6h2 _1ylmp _2d49e_YrWCD\">\n<div class=\"_1voj4 _z9prt _1xzdi _ai5yc _5d6n2 _15lj1\">\n<div class=\"_2d49e_5pK0q\">\n<p><span style=\"color: #000000;\">Erikoissuutin<b> pehmeille materiaaleille<\/b> kuten tiili\u00e4 tai huonolaatuista ter\u00e4sbetonia, saumoja varten jne., eli miss\u00e4 tahansa ruiskutusreikien liiallinen poraus.<\/span><span style=\"color: #000000; font-size: 1rem;\"> Ankkurointil\u00e4ppien ja progressiivisen halkaisijan ansiosta se helpottaa merkitt\u00e4v\u00e4sti k\u00e4ytt\u00f6\u00e4 ja nopeuttaa ruiskutusty\u00f6t\u00e4 (nopeampi kokoaminen ja purkaminen).<\/span><\/p>\n<p><span style=\"color: #808080;\"><strong><em>Rekister\u00f6idy n\u00e4hd\u00e4ksesi pakkaajakokoonpanomme. Valitse calamite -tyyppisi.<\/em><\/strong><\/span><\/p>\n<p><span style=\"color: #000000;\"><strong><em> <\/em><\/strong><\/span><\/p>\n<p><span style=\"color: #000000;\"><img fetchpriority=\"high\" decoding=\"async\" class=\"aligncenter size-full wp-image-2637\" src=\"https:\/\/www.pakery.pl\/wp-content\/uploads\/2021\/05\/baner-sphw-10-.png\" alt=\"\" width=\"1800\" height=\"300\" srcset=\"https:\/\/www.pakery.pl\/wp-content\/uploads\/2021\/05\/baner-sphw-10-.png 1800w, https:\/\/www.pakery.pl\/wp-content\/uploads\/2021\/05\/baner-sphw-10--300x50.png 300w, https:\/\/www.pakery.pl\/wp-content\/uploads\/2021\/05\/baner-sphw-10--1024x171.png 1024w, https:\/\/www.pakery.pl\/wp-content\/uploads\/2021\/05\/baner-sphw-10--768x128.png 768w, https:\/\/www.pakery.pl\/wp-content\/uploads\/2021\/05\/baner-sphw-10--1536x256.png 1536w, https:\/\/www.pakery.pl\/wp-content\/uploads\/2021\/05\/baner-sphw-10--683x114.png 683w, https:\/\/www.pakery.pl\/wp-content\/uploads\/2021\/05\/baner-sphw-10--602x100.png 602w\" sizes=\"(max-width: 1800px) 100vw, 1800px\" \/><\/span><\/p>\n<p><span style=\"color: #000000;\"><span style=\"color: #333333;\"> <\/span><\/span><\/p>\n<p><strong><span style=\"color: #000000;\">HAMMPACK -PAKKAAJIEN EDUT<\/span><\/strong><\/p>\n<ul>\n<li><span style=\"color: #000000;\">parantaa pakkaajan ankkuroinnin tehokkuutta reik\u00e4\u00e4n s\u00e4\u00e4t\u00e4m\u00e4ll\u00e4 laajenevan kumin yl\u00e4osan halkaisijoita ja pullistumia, se helpottaa tarttumista ja oikeaa ankkurointia (t\u00e4m\u00e4 mahdollistaa pakkaajan asennuksen merkitt\u00e4v\u00e4n kiihtymisen ja tiiviyden)<\/span><\/li>\n<li><span style=\"color: #000000;\">paisuntumiskumien parempi lujuus ja toistettavuus, kumiseoksen s\u00e4\u00e4t\u00f6 ja j\u00e4\u00e4hdytysprosessi (l\u00e4mp\u00f6tilan s\u00e4\u00e4t\u00f6) tekev\u00e4t injektorista kumin repeytymisen ja aluslevyist\u00e4 putoamisen kest\u00e4v\u00e4n.<\/span><\/li>\n<\/ul>\n<\/div>\n<\/div>\n<\/div>\n\t\t\t\t\t\t\t\t<\/div>\n\t\t\t\t<\/div>\n\t\t\t\t\t<\/div>\n\t\t<\/div>\n\t\t\t\t\t<\/div>\n\t\t<\/section>\n\t\t\t\t<section class=\"elementor-section elementor-top-section elementor-element elementor-element-064c81f elementor-section-full_width elementor-section-height-default elementor-section-height-default\" data-id=\"064c81f\" data-element_type=\"section\" data-e-type=\"section\">\n\t\t\t\t\t\t<div class=\"elementor-container elementor-column-gap-default\">\n\t\t\t\t\t<div class=\"elementor-column elementor-col-100 elementor-top-column elementor-element elementor-element-9f728b2\" data-id=\"9f728b2\" data-element_type=\"column\" data-e-type=\"column\">\n\t\t\t<div class=\"elementor-widget-wrap elementor-element-populated\">\n\t\t\t\t\t\t<section class=\"elementor-section elementor-inner-section elementor-element elementor-element-f89e21f elementor-section-full_width elementor-section-height-default elementor-section-height-default\" data-id=\"f89e21f\" data-element_type=\"section\" data-e-type=\"section\">\n\t\t\t\t\t\t<div class=\"elementor-container elementor-column-gap-default\">\n\t\t\t\t\t<div class=\"elementor-column elementor-col-50 elementor-inner-column elementor-element elementor-element-56efff9\" data-id=\"56efff9\" data-element_type=\"column\" data-e-type=\"column\">\n\t\t\t<div class=\"elementor-widget-wrap elementor-element-populated\">\n\t\t\t\t\t\t<div class=\"elementor-element elementor-element-a126da1 elementor-widget elementor-widget-text-editor\" data-id=\"a126da1\" data-element_type=\"widget\" data-e-type=\"widget\" data-widget_type=\"text-editor.default\">\n\t\t\t\t<div class=\"elementor-widget-container\">\n\t\t\t\t\t\t\t\t\t<p style=\"font-family: Montserrat, sans-serif; color: #7a7a7a;\"><strong><span style=\"color: #000000;\">K\u00c4YTT\u00d6<\/span><\/strong><\/p>\n<ul>\n<li><span style=\"color: #000000;\">Ruiskupolyuretaani \/ vaahtoavat polyuretaanihartsit<\/span><\/li>\n<li><span style=\"color: #000000;\">Epoksihartsit<\/span><\/li>\n<li><span style=\"color: #000000;\">Silikaatit<\/span><\/li>\n<li><span style=\"color: #000000;\">Vesidispersiot<\/span><\/li>\n<li><span style=\"color: #000000;\">Akryyligeelit<\/span><\/li>\n<li><span style=\"color: #000000;\">Sementtisuspensiot, joiden raekoko on 0,5 mm<\/span><\/li>\n<\/ul>\n<div class=\"_1voj4 _z9prt _1xzdi _ai5yc _5d6n2 _15lj1\">\n<div class=\"_2d49e_5pK0q\"> <\/div>\n<\/div>\n<p><span style=\"color: #000000;\"><span style=\"font-weight: bold;\"><br \/><\/span><strong>TEKNISET TIEDOT<\/strong><\/span><\/p>\n<ul>\n<li><span style=\"color: #000000;\">Materiaali:<strong> ter\u00e4s<\/strong><\/span><\/li>\n<li><strong><span style=\"color: #000000;\">ruiskutusrei\u00e4n halkaisija: \u00d810<\/span><\/strong><\/li>\n<li><span style=\"color: #000000;\">pituus: 110 mm<\/span><\/li>\n<li><span style=\"color: #000000;\">tiivisteen pituus: 39 mm<\/span><\/li>\n<li><span style=\"color: #000000;\">avain: 10 mm<\/span><\/li>\n<li><span style=\"color: #000000;\">yksi tiiviste<\/span><\/li>\n<li><span style=\"color: #000000;\">suurin kireys<\/span><\/li>\n<li><span style=\"color: #000000;\">Kalamitka SWG, PRE, FWG, FPRE<\/span><\/li>\n<\/ul>\n\t\t\t\t\t\t\t\t<\/div>\n\t\t\t\t<\/div>\n\t\t\t\t\t<\/div>\n\t\t<\/div>\n\t\t\t\t<div class=\"elementor-column elementor-col-50 elementor-inner-column elementor-element elementor-element-6265761\" data-id=\"6265761\" data-element_type=\"column\" data-e-type=\"column\">\n\t\t\t<div class=\"elementor-widget-wrap elementor-element-populated\">\n\t\t\t\t\t\t<div class=\"elementor-element elementor-element-8d42e82 elementor-widget elementor-widget-image\" data-id=\"8d42e82\" data-element_type=\"widget\" data-e-type=\"widget\" data-widget_type=\"image.default\">\n\t\t\t\t<div class=\"elementor-widget-container\">\n\t\t\t\t\t\t\t\t\t\t\t\t\t\t\t<img decoding=\"async\" width=\"800\" height=\"600\" src=\"https:\/\/www.pakery.pl\/wp-content\/uploads\/2021\/04\/PI-SPHW-10-110pre.gif\" class=\"attachment-large size-large wp-image-9049\" alt=\"\" \/>\t\t\t\t\t\t\t\t\t\t\t\t\t\t\t<\/div>\n\t\t\t\t<\/div>\n\t\t\t\t\t<\/div>\n\t\t<\/div>\n\t\t\t\t\t<\/div>\n\t\t<\/section>\n\t\t\t\t\t<\/div>\n\t\t<\/div>\n\t\t\t\t\t<\/div>\n\t\t<\/section>\n\t\t\t\t<section class=\"elementor-section elementor-top-section elementor-element elementor-element-5a39973 elementor-section-full_width elementor-section-height-default elementor-section-height-default\" data-id=\"5a39973\" data-element_type=\"section\" data-e-type=\"section\">\n\t\t\t\t\t\t<div class=\"elementor-container elementor-column-gap-default\">\n\t\t\t\t\t<div class=\"elementor-column elementor-col-100 elementor-top-column elementor-element elementor-element-7443730\" data-id=\"7443730\" data-element_type=\"column\" data-e-type=\"column\">\n\t\t\t<div class=\"elementor-widget-wrap elementor-element-populated\">\n\t\t\t\t\t\t<div class=\"elementor-element elementor-element-52d8bb8 elementor-widget elementor-widget-text-editor\" data-id=\"52d8bb8\" data-element_type=\"widget\" data-e-type=\"widget\" data-widget_type=\"text-editor.default\">\n\t\t\t\t<div class=\"elementor-widget-container\">\n\t\t\t\t\t\t\t\t\t<p><span style=\"color: #000000;\"><strong>HAMMPACK -kalenterit<\/strong> &#8211; ne ovat erikoisventtiilej\u00e4, jotka pystyv\u00e4t pit\u00e4m\u00e4\u00e4n ja sy\u00f6tt\u00e4m\u00e4\u00e4n injektion ilman pienint\u00e4k\u00e4\u00e4n materiaalin h\u00e4vi\u00e4mist\u00e4 (riippumatta siit\u00e4, onko kyseess\u00e4 eritt\u00e4in alhaisen viskositeetin ruiskutushartsi, akryyligeeli vai eritt\u00e4in vaahtoava polyuretaanihartsi). Ne yll\u00e4pit\u00e4v\u00e4t vastapainetta t\u00e4ydellisesti. Sanalla sanoen, ne eiv\u00e4t vuoda.<\/span><\/p>\n<p><span style=\"color: #000000;\"><strong>Kalamitki tyyppi PRE, FPRE<\/strong> &#8211; esip\u00e4\u00e4llystetyt jarrusatulan kierteet, joiden avulla jarrusatulat voidaan kirist\u00e4\u00e4 sen j\u00e4lkeen, kun hartsi valuu ulos pakkaimesta, ruiskutuksen poistamiseksi ja hallitsemiseksi. Esik\u00e4sittelykerros tiivist\u00e4\u00e4 kierreliit\u00e4nn\u00e4n v\u00e4litt\u00f6m\u00e4sti valmiina ruiskutukseen. T\u00e4m\u00e4ntyyppinen calamit toimitetaan kirist\u00e4m\u00e4tt\u00e4 suuttimeen.<\/span><\/p>\n<p><span style=\"color: #000000;\"><strong>Kalamitki SWG ja PRE<\/strong> &#8211; n\u00e4m\u00e4 ruuvit on kiristetty mekaanisesti ruiskutuspakkaukseen yhdess\u00e4 anaerobisen liiman kanssa. T\u00e4m\u00e4 liitos varmistaa kierteitetyn liitoksen erinomaisen tiiviyden.<\/span><\/p>\n\t\t\t\t\t\t\t\t<\/div>\n\t\t\t\t<\/div>\n\t\t\t\t\t<\/div>\n\t\t<\/div>\n\t\t\t\t\t<\/div>\n\t\t<\/section>\n\t\t\t\t<\/div>\n\t\t","protected":false},"excerpt":{"rendered":"<p>Erikoissuutin pehmeille materiaaleille kuten tiili\u00e4 tai huonolaatuista ter\u00e4sbetonia, saumoja varten jne., eli miss\u00e4 tahansa ruiskutusreikien liiallinen poraus. Ankkurointil\u00e4ppien ja progressiivisen halkaisijan ansiosta se helpottaa merkitt\u00e4v\u00e4sti k\u00e4ytt\u00f6\u00e4 ja nopeuttaa ruiskutusty\u00f6t\u00e4 (nopeampi kokoaminen ja purkaminen). Rekister\u00f6idy n\u00e4hd\u00e4ksesi pakkaajakokoonpanomme. Valitse calamite -tyyppisi. HAMMPACK -PAKKAAJIEN EDUT parantaa pakkaajan ankkuroinnin tehokkuutta reik\u00e4\u00e4n s\u00e4\u00e4t\u00e4m\u00e4ll\u00e4 laajenevan kumin yl\u00e4osan halkaisijoita ja pullistumia, se [&hellip;]<\/p>\n","protected":false},"featured_media":9038,"template":"","meta":{"_acf_changed":false},"product_brand":[],"product_cat":[414],"product_tag":[],"class_list":{"0":"post-9037","1":"product","2":"type-product","3":"status-publish","4":"has-post-thumbnail","6":"product_cat-hammpack-steel-pakkaajat","7":"pa_rodzaj-kalamitki-fpre-fi","8":"pa_rodzaj-kalamitki-fwg-fi","9":"pa_rodzaj-kalamitki-pre-fi","10":"pa_rodzaj-kalamitki-swg-fi","12":"first","13":"instock","14":"taxable","15":"shipping-taxable","16":"purchasable","17":"product-type-variable","18":"has-default-attributes"},"acf":[],"yoast_head":"<!-- This site is optimized with the Yoast SEO plugin v27.3 - https:\/\/yoast.com\/product\/yoast-seo-wordpress\/ -->\n<title>Ruiskupakkaus | ruiskutuspakkaukset PI -SPHW 10\/110 - PAKERY.PL<\/title>\n<meta name=\"description\" content=\"Laadukkain ruiskupakkaus. Hammpack -ruiskutuspakkaajat takaavat t\u00e4ydellisen tiiviyden. Valitse haluamasi kalamitka!\" \/>\n<meta name=\"robots\" content=\"index, follow, max-snippet:-1, max-image-preview:large, max-video-preview:-1\" \/>\n<link rel=\"canonical\" href=\"https:\/\/www.pakery.pl\/fi\/produkt\/ruiskupakkaus-pi-sphw-10-110\/\" \/>\n<meta property=\"og:locale\" content=\"fi_FI\" \/>\n<meta property=\"og:type\" content=\"article\" \/>\n<meta property=\"og:title\" content=\"Ruiskupakkaus | ruiskutuspakkaukset PI -SPHW 10\/110 - PAKERY.PL\" \/>\n<meta property=\"og:description\" content=\"Laadukkain ruiskupakkaus. Hammpack -ruiskutuspakkaajat takaavat t\u00e4ydellisen tiiviyden. Valitse haluamasi kalamitka!\" \/>\n<meta property=\"og:url\" content=\"https:\/\/www.pakery.pl\/fi\/produkt\/ruiskupakkaus-pi-sphw-10-110\/\" \/>\n<meta property=\"og:site_name\" content=\"PAKERY.PL\" \/>\n<meta property=\"article:modified_time\" content=\"2021-08-09T15:56:16+00:00\" \/>\n<meta property=\"og:image\" content=\"https:\/\/www.pakery.pl\/wp-content\/uploads\/2021\/04\/foto-10-SPHW-1024x1024.png\" \/>\n\t<meta property=\"og:image:width\" content=\"1024\" \/>\n\t<meta property=\"og:image:height\" content=\"1024\" \/>\n\t<meta property=\"og:image:type\" content=\"image\/png\" \/>\n<meta name=\"twitter:card\" content=\"summary_large_image\" \/>\n<meta name=\"twitter:label1\" content=\"Arvioitu lukuaika\" \/>\n\t<meta name=\"twitter:data1\" content=\"1 minuutti\" \/>\n<script type=\"application\/ld+json\" class=\"yoast-schema-graph\">{\"@context\":\"https:\\\/\\\/schema.org\",\"@graph\":[{\"@type\":\"WebPage\",\"@id\":\"https:\\\/\\\/www.pakery.pl\\\/fi\\\/produkt\\\/ruiskupakkaus-pi-sphw-10-110\\\/\",\"url\":\"https:\\\/\\\/www.pakery.pl\\\/fi\\\/produkt\\\/ruiskupakkaus-pi-sphw-10-110\\\/\",\"name\":\"Ruiskupakkaus | ruiskutuspakkaukset PI -SPHW 10\\\/110 - PAKERY.PL\",\"isPartOf\":{\"@id\":\"https:\\\/\\\/www.pakery.pl\\\/fi\\\/#website\"},\"primaryImageOfPage\":{\"@id\":\"https:\\\/\\\/www.pakery.pl\\\/fi\\\/produkt\\\/ruiskupakkaus-pi-sphw-10-110\\\/#primaryimage\"},\"image\":{\"@id\":\"https:\\\/\\\/www.pakery.pl\\\/fi\\\/produkt\\\/ruiskupakkaus-pi-sphw-10-110\\\/#primaryimage\"},\"thumbnailUrl\":\"https:\\\/\\\/www.pakery.pl\\\/wp-content\\\/uploads\\\/2021\\\/04\\\/foto-10-SPHW.png\",\"datePublished\":\"2021-08-09T15:55:52+00:00\",\"dateModified\":\"2021-08-09T15:56:16+00:00\",\"description\":\"Laadukkain ruiskupakkaus. Hammpack -ruiskutuspakkaajat takaavat t\u00e4ydellisen tiiviyden. Valitse haluamasi kalamitka!\",\"breadcrumb\":{\"@id\":\"https:\\\/\\\/www.pakery.pl\\\/fi\\\/produkt\\\/ruiskupakkaus-pi-sphw-10-110\\\/#breadcrumb\"},\"inLanguage\":\"fi\",\"potentialAction\":[{\"@type\":\"ReadAction\",\"target\":[\"https:\\\/\\\/www.pakery.pl\\\/fi\\\/produkt\\\/ruiskupakkaus-pi-sphw-10-110\\\/\"]}]},{\"@type\":\"ImageObject\",\"inLanguage\":\"fi\",\"@id\":\"https:\\\/\\\/www.pakery.pl\\\/fi\\\/produkt\\\/ruiskupakkaus-pi-sphw-10-110\\\/#primaryimage\",\"url\":\"https:\\\/\\\/www.pakery.pl\\\/wp-content\\\/uploads\\\/2021\\\/04\\\/foto-10-SPHW.png\",\"contentUrl\":\"https:\\\/\\\/www.pakery.pl\\\/wp-content\\\/uploads\\\/2021\\\/04\\\/foto-10-SPHW.png\",\"width\":2500,\"height\":2500,\"caption\":\"injektiopakkaus injektiopakkaus injektiopakkaus injektiopakkaus\"},{\"@type\":\"BreadcrumbList\",\"@id\":\"https:\\\/\\\/www.pakery.pl\\\/fi\\\/produkt\\\/ruiskupakkaus-pi-sphw-10-110\\\/#breadcrumb\",\"itemListElement\":[{\"@type\":\"ListItem\",\"position\":1,\"name\":\"Strona g\u0142\u00f3wna\",\"item\":\"https:\\\/\\\/www.pakery.pl\\\/fi\\\/\"},{\"@type\":\"ListItem\",\"position\":2,\"name\":\"S\u00e4ilyt\u00e4\",\"item\":\"https:\\\/\\\/www.pakery.pl\\\/fi\\\/sailyta\\\/\"},{\"@type\":\"ListItem\",\"position\":3,\"name\":\"Ruiskupakkaus PI-SPHW 10\\\/110\"}]},{\"@type\":\"WebSite\",\"@id\":\"https:\\\/\\\/www.pakery.pl\\\/fi\\\/#website\",\"url\":\"https:\\\/\\\/www.pakery.pl\\\/fi\\\/\",\"name\":\"Pakery.pl\",\"description\":\"Pakery iniekcyjne, Kotwy spiralne, Lance iniekcyjne, W\u0119\u017ce do iniekcji, Pompy iniekcyjne, Serwis pomp iniekcyjnych, Wynajem pomp do iniekcji\",\"publisher\":{\"@id\":\"https:\\\/\\\/www.pakery.pl\\\/fi\\\/#organization\"},\"potentialAction\":[{\"@type\":\"SearchAction\",\"target\":{\"@type\":\"EntryPoint\",\"urlTemplate\":\"https:\\\/\\\/www.pakery.pl\\\/fi\\\/?s={search_term_string}\"},\"query-input\":{\"@type\":\"PropertyValueSpecification\",\"valueRequired\":true,\"valueName\":\"search_term_string\"}}],\"inLanguage\":\"fi\"},{\"@type\":\"Organization\",\"@id\":\"https:\\\/\\\/www.pakery.pl\\\/fi\\\/#organization\",\"name\":\"PAKERY.PL\",\"url\":\"https:\\\/\\\/www.pakery.pl\\\/fi\\\/\",\"logo\":{\"@type\":\"ImageObject\",\"inLanguage\":\"fi\",\"@id\":\"https:\\\/\\\/www.pakery.pl\\\/fi\\\/#\\\/schema\\\/logo\\\/image\\\/\",\"url\":\"https:\\\/\\\/www.pakery.pl\\\/wp-content\\\/uploads\\\/2021\\\/04\\\/cropped-PAKERY-LOGO.png\",\"contentUrl\":\"https:\\\/\\\/www.pakery.pl\\\/wp-content\\\/uploads\\\/2021\\\/04\\\/cropped-PAKERY-LOGO.png\",\"width\":1529,\"height\":500,\"caption\":\"PAKERY.PL\"},\"image\":{\"@id\":\"https:\\\/\\\/www.pakery.pl\\\/fi\\\/#\\\/schema\\\/logo\\\/image\\\/\"}}]}<\/script>\n<!-- \/ Yoast SEO plugin. -->","yoast_head_json":{"title":"Ruiskupakkaus | ruiskutuspakkaukset PI -SPHW 10\/110 - PAKERY.PL","description":"Laadukkain ruiskupakkaus. Hammpack -ruiskutuspakkaajat takaavat t\u00e4ydellisen tiiviyden. Valitse haluamasi kalamitka!","robots":{"index":"index","follow":"follow","max-snippet":"max-snippet:-1","max-image-preview":"max-image-preview:large","max-video-preview":"max-video-preview:-1"},"canonical":"https:\/\/www.pakery.pl\/fi\/produkt\/ruiskupakkaus-pi-sphw-10-110\/","og_locale":"fi_FI","og_type":"article","og_title":"Ruiskupakkaus | ruiskutuspakkaukset PI -SPHW 10\/110 - PAKERY.PL","og_description":"Laadukkain ruiskupakkaus. Hammpack -ruiskutuspakkaajat takaavat t\u00e4ydellisen tiiviyden. Valitse haluamasi kalamitka!","og_url":"https:\/\/www.pakery.pl\/fi\/produkt\/ruiskupakkaus-pi-sphw-10-110\/","og_site_name":"PAKERY.PL","article_modified_time":"2021-08-09T15:56:16+00:00","og_image":[{"width":1024,"height":1024,"url":"https:\/\/www.pakery.pl\/wp-content\/uploads\/2021\/04\/foto-10-SPHW-1024x1024.png","type":"image\/png"}],"twitter_card":"summary_large_image","twitter_misc":{"Arvioitu lukuaika":"1 minuutti"},"schema":{"@context":"https:\/\/schema.org","@graph":[{"@type":"WebPage","@id":"https:\/\/www.pakery.pl\/fi\/produkt\/ruiskupakkaus-pi-sphw-10-110\/","url":"https:\/\/www.pakery.pl\/fi\/produkt\/ruiskupakkaus-pi-sphw-10-110\/","name":"Ruiskupakkaus | ruiskutuspakkaukset PI -SPHW 10\/110 - PAKERY.PL","isPartOf":{"@id":"https:\/\/www.pakery.pl\/fi\/#website"},"primaryImageOfPage":{"@id":"https:\/\/www.pakery.pl\/fi\/produkt\/ruiskupakkaus-pi-sphw-10-110\/#primaryimage"},"image":{"@id":"https:\/\/www.pakery.pl\/fi\/produkt\/ruiskupakkaus-pi-sphw-10-110\/#primaryimage"},"thumbnailUrl":"https:\/\/www.pakery.pl\/wp-content\/uploads\/2021\/04\/foto-10-SPHW.png","datePublished":"2021-08-09T15:55:52+00:00","dateModified":"2021-08-09T15:56:16+00:00","description":"Laadukkain ruiskupakkaus. Hammpack -ruiskutuspakkaajat takaavat t\u00e4ydellisen tiiviyden. Valitse haluamasi kalamitka!","breadcrumb":{"@id":"https:\/\/www.pakery.pl\/fi\/produkt\/ruiskupakkaus-pi-sphw-10-110\/#breadcrumb"},"inLanguage":"fi","potentialAction":[{"@type":"ReadAction","target":["https:\/\/www.pakery.pl\/fi\/produkt\/ruiskupakkaus-pi-sphw-10-110\/"]}]},{"@type":"ImageObject","inLanguage":"fi","@id":"https:\/\/www.pakery.pl\/fi\/produkt\/ruiskupakkaus-pi-sphw-10-110\/#primaryimage","url":"https:\/\/www.pakery.pl\/wp-content\/uploads\/2021\/04\/foto-10-SPHW.png","contentUrl":"https:\/\/www.pakery.pl\/wp-content\/uploads\/2021\/04\/foto-10-SPHW.png","width":2500,"height":2500,"caption":"injektiopakkaus injektiopakkaus injektiopakkaus injektiopakkaus"},{"@type":"BreadcrumbList","@id":"https:\/\/www.pakery.pl\/fi\/produkt\/ruiskupakkaus-pi-sphw-10-110\/#breadcrumb","itemListElement":[{"@type":"ListItem","position":1,"name":"Strona g\u0142\u00f3wna","item":"https:\/\/www.pakery.pl\/fi\/"},{"@type":"ListItem","position":2,"name":"S\u00e4ilyt\u00e4","item":"https:\/\/www.pakery.pl\/fi\/sailyta\/"},{"@type":"ListItem","position":3,"name":"Ruiskupakkaus PI-SPHW 10\/110"}]},{"@type":"WebSite","@id":"https:\/\/www.pakery.pl\/fi\/#website","url":"https:\/\/www.pakery.pl\/fi\/","name":"Pakery.pl","description":"Pakery iniekcyjne, Kotwy spiralne, Lance iniekcyjne, W\u0119\u017ce do iniekcji, Pompy iniekcyjne, Serwis pomp iniekcyjnych, Wynajem pomp do iniekcji","publisher":{"@id":"https:\/\/www.pakery.pl\/fi\/#organization"},"potentialAction":[{"@type":"SearchAction","target":{"@type":"EntryPoint","urlTemplate":"https:\/\/www.pakery.pl\/fi\/?s={search_term_string}"},"query-input":{"@type":"PropertyValueSpecification","valueRequired":true,"valueName":"search_term_string"}}],"inLanguage":"fi"},{"@type":"Organization","@id":"https:\/\/www.pakery.pl\/fi\/#organization","name":"PAKERY.PL","url":"https:\/\/www.pakery.pl\/fi\/","logo":{"@type":"ImageObject","inLanguage":"fi","@id":"https:\/\/www.pakery.pl\/fi\/#\/schema\/logo\/image\/","url":"https:\/\/www.pakery.pl\/wp-content\/uploads\/2021\/04\/cropped-PAKERY-LOGO.png","contentUrl":"https:\/\/www.pakery.pl\/wp-content\/uploads\/2021\/04\/cropped-PAKERY-LOGO.png","width":1529,"height":500,"caption":"PAKERY.PL"},"image":{"@id":"https:\/\/www.pakery.pl\/fi\/#\/schema\/logo\/image\/"}}]}},"_links":{"self":[{"href":"https:\/\/www.pakery.pl\/fi\/wp-json\/wp\/v2\/product\/9037","targetHints":{"allow":["GET"]}}],"collection":[{"href":"https:\/\/www.pakery.pl\/fi\/wp-json\/wp\/v2\/product"}],"about":[{"href":"https:\/\/www.pakery.pl\/fi\/wp-json\/wp\/v2\/types\/product"}],"version-history":[{"count":5,"href":"https:\/\/www.pakery.pl\/fi\/wp-json\/wp\/v2\/product\/9037\/revisions"}],"predecessor-version":[{"id":9082,"href":"https:\/\/www.pakery.pl\/fi\/wp-json\/wp\/v2\/product\/9037\/revisions\/9082"}],"wp:featuredmedia":[{"embeddable":true,"href":"https:\/\/www.pakery.pl\/fi\/wp-json\/wp\/v2\/media\/9038"}],"wp:attachment":[{"href":"https:\/\/www.pakery.pl\/fi\/wp-json\/wp\/v2\/media?parent=9037"}],"wp:term":[{"taxonomy":"product_brand","embeddable":true,"href":"https:\/\/www.pakery.pl\/fi\/wp-json\/wp\/v2\/product_brand?post=9037"},{"taxonomy":"product_cat","embeddable":true,"href":"https:\/\/www.pakery.pl\/fi\/wp-json\/wp\/v2\/product_cat?post=9037"},{"taxonomy":"product_tag","embeddable":true,"href":"https:\/\/www.pakery.pl\/fi\/wp-json\/wp\/v2\/product_tag?post=9037"}],"curies":[{"name":"wp","href":"https:\/\/api.w.org\/{rel}","templated":true}]}}