{"id":48823,"date":"2025-05-12T07:35:50","date_gmt":"2025-05-12T05:40:24","guid":{"rendered":"https:\/\/www.pakery.pl\/produkt\/injektiopakkaus-pi-spm-13-200\/"},"modified":"2025-05-12T07:40:24","modified_gmt":"2025-05-12T05:40:24","slug":"paker-do-iniekcji-pi-spm-13-200","status":"publish","type":"product","link":"https:\/\/www.pakery.pl\/fi\/produkt\/paker-do-iniekcji-pi-spm-13-200\/","title":{"rendered":"Injektiopakkaus PI-SPM 13\/200"},"content":{"rendered":"<p>PI-SPM pacer <strong>-ammattilaissarjan<\/strong> lippulaivamalli vuosien ajan <strong>.<\/strong> Injektori tarjoaa erinomaisen tiiviyden ja esimerkillisen ankkuroinnin. Injektori soveltuu kaikenlaiseen injektointiin. Se takaa esimerkillisen tiiveyden kalamitereille sek\u00e4 jousiosalle sek\u00e4 korkea- ett\u00e4 matalapaineruiskutuksessa.  <\/p>\n<p>Erikoisvalmisteisten kalamiittien ansiosta pakkaajat pit\u00e4v\u00e4t vastapaineen t\u00e4ydellisesti (&#8221;eiv\u00e4t vuoda&#8221;).<\/p>\n<p><em><strong>SWG-kalamiittipakkaukset<\/strong> kiristet\u00e4\u00e4n mekaanisesti anaerobisella liimalla, mik\u00e4 takaa tiiviin m6x1-kierreliitoksen.  <\/em><\/p>\n<p><em><strong>PRE-kalamiittipakkauksissa<\/strong> on kierteet, jotka on p\u00e4\u00e4llystetty valmiiksi pinnoitteella, jolloin kalamiitti saadaan v\u00e4litt\u00f6m\u00e4sti tiiviiksi, kun sit\u00e4 kierret\u00e4\u00e4n.<\/em><\/p>\n","protected":false},"excerpt":{"rendered":"<p>PI-SPM pacer -ammattilaissarjan lippulaivamalli vuosien ajan . Injektori tarjoaa erinomaisen tiiviyden ja esimerkillisen ankkuroinnin. Injektori soveltuu kaikenlaiseen injektointiin. Se takaa esimerkillisen tiiveyden kalamitereille sek\u00e4 jousiosalle sek\u00e4 korkea- ett\u00e4 matalapaineruiskutuksessa. Erikoisvalmisteisten kalamiittien ansiosta pakkaajat pit\u00e4v\u00e4t vastapaineen t\u00e4ydellisesti (&#8221;eiv\u00e4t vuoda&#8221;). SWG-kalamiittipakkaukset kiristet\u00e4\u00e4n mekaanisesti anaerobisella liimalla, mik\u00e4 takaa tiiviin m6x1-kierreliitoksen. PRE-kalamiittipakkauksissa on kierteet, jotka on p\u00e4\u00e4llystetty valmiiksi pinnoitteella, [&hellip;]<\/p>\n","protected":false},"featured_media":48727,"template":"","meta":{"_acf_changed":false},"product_brand":[],"product_cat":[413],"product_tag":[],"class_list":{"0":"post-48823","1":"product","2":"type-product","3":"status-publish","4":"has-post-thumbnail","6":"product_cat-metalliset-pakkaajat","8":"first","9":"instock","10":"taxable","11":"shipping-taxable","12":"product-type-simple"},"acf":[],"yoast_head":"<!-- This site is optimized with the Yoast SEO plugin v27.3 - https:\/\/yoast.com\/product\/yoast-seo-wordpress\/ -->\n<title>Injektiopakkaus PI-SPM 13\/200 - PAKERY.PL<\/title>\n<meta name=\"robots\" content=\"index, follow, max-snippet:-1, max-image-preview:large, max-video-preview:-1\" \/>\n<link rel=\"canonical\" href=\"https:\/\/www.pakery.pl\/fi\/produkt\/paker-do-iniekcji-pi-spm-13-200\/\" \/>\n<meta property=\"og:locale\" content=\"fi_FI\" \/>\n<meta property=\"og:type\" content=\"article\" \/>\n<meta property=\"og:title\" content=\"Injektiopakkaus PI-SPM 13\/200 - PAKERY.PL\" \/>\n<meta property=\"og:description\" content=\"PI-SPM pacer -ammattilaissarjan lippulaivamalli vuosien ajan . Injektori tarjoaa erinomaisen tiiviyden ja esimerkillisen ankkuroinnin. Injektori soveltuu kaikenlaiseen injektointiin. Se takaa esimerkillisen tiiveyden kalamitereille sek\u00e4 jousiosalle sek\u00e4 korkea- ett\u00e4 matalapaineruiskutuksessa. Erikoisvalmisteisten kalamiittien ansiosta pakkaajat pit\u00e4v\u00e4t vastapaineen t\u00e4ydellisesti (&#8221;eiv\u00e4t vuoda&#8221;). SWG-kalamiittipakkaukset kiristet\u00e4\u00e4n mekaanisesti anaerobisella liimalla, mik\u00e4 takaa tiiviin m6x1-kierreliitoksen. PRE-kalamiittipakkauksissa on kierteet, jotka on p\u00e4\u00e4llystetty valmiiksi pinnoitteella, [&hellip;]\" \/>\n<meta property=\"og:url\" content=\"https:\/\/www.pakery.pl\/fi\/produkt\/paker-do-iniekcji-pi-spm-13-200\/\" \/>\n<meta property=\"og:site_name\" content=\"PAKERY.PL\" \/>\n<meta property=\"og:image\" content=\"https:\/\/www.pakery.pl\/wp-content\/uploads\/2025\/05\/PI-SPM-13200-ikona.png\" \/>\n\t<meta property=\"og:image:width\" content=\"683\" \/>\n\t<meta property=\"og:image:height\" content=\"683\" \/>\n\t<meta property=\"og:image:type\" content=\"image\/png\" \/>\n<meta name=\"twitter:card\" content=\"summary_large_image\" \/>\n<script type=\"application\/ld+json\" class=\"yoast-schema-graph\">{\"@context\":\"https:\\\/\\\/schema.org\",\"@graph\":[{\"@type\":\"WebPage\",\"@id\":\"https:\\\/\\\/www.pakery.pl\\\/fi\\\/produkt\\\/paker-do-iniekcji-pi-spm-13-200\\\/\",\"url\":\"https:\\\/\\\/www.pakery.pl\\\/fi\\\/produkt\\\/paker-do-iniekcji-pi-spm-13-200\\\/\",\"name\":\"Injektiopakkaus PI-SPM 13\\\/200 - PAKERY.PL\",\"isPartOf\":{\"@id\":\"https:\\\/\\\/www.pakery.pl\\\/fi\\\/#website\"},\"primaryImageOfPage\":{\"@id\":\"https:\\\/\\\/www.pakery.pl\\\/fi\\\/produkt\\\/paker-do-iniekcji-pi-spm-13-200\\\/#primaryimage\"},\"image\":{\"@id\":\"https:\\\/\\\/www.pakery.pl\\\/fi\\\/produkt\\\/paker-do-iniekcji-pi-spm-13-200\\\/#primaryimage\"},\"thumbnailUrl\":\"https:\\\/\\\/www.pakery.pl\\\/wp-content\\\/uploads\\\/2025\\\/05\\\/PI-SPM-13200-ikona.png\",\"datePublished\":\"2025-05-12T05:40:24+00:00\",\"breadcrumb\":{\"@id\":\"https:\\\/\\\/www.pakery.pl\\\/fi\\\/produkt\\\/paker-do-iniekcji-pi-spm-13-200\\\/#breadcrumb\"},\"inLanguage\":\"fi\",\"potentialAction\":[{\"@type\":\"ReadAction\",\"target\":[\"https:\\\/\\\/www.pakery.pl\\\/fi\\\/produkt\\\/paker-do-iniekcji-pi-spm-13-200\\\/\"]}]},{\"@type\":\"ImageObject\",\"inLanguage\":\"fi\",\"@id\":\"https:\\\/\\\/www.pakery.pl\\\/fi\\\/produkt\\\/paker-do-iniekcji-pi-spm-13-200\\\/#primaryimage\",\"url\":\"https:\\\/\\\/www.pakery.pl\\\/wp-content\\\/uploads\\\/2025\\\/05\\\/PI-SPM-13200-ikona.png\",\"contentUrl\":\"https:\\\/\\\/www.pakery.pl\\\/wp-content\\\/uploads\\\/2025\\\/05\\\/PI-SPM-13200-ikona.png\",\"width\":683,\"height\":683},{\"@type\":\"BreadcrumbList\",\"@id\":\"https:\\\/\\\/www.pakery.pl\\\/fi\\\/produkt\\\/paker-do-iniekcji-pi-spm-13-200\\\/#breadcrumb\",\"itemListElement\":[{\"@type\":\"ListItem\",\"position\":1,\"name\":\"Strona g\u0142\u00f3wna\",\"item\":\"https:\\\/\\\/www.pakery.pl\\\/fi\\\/\"},{\"@type\":\"ListItem\",\"position\":2,\"name\":\"S\u00e4ilyt\u00e4\",\"item\":\"https:\\\/\\\/www.pakery.pl\\\/fi\\\/sailyta\\\/\"},{\"@type\":\"ListItem\",\"position\":3,\"name\":\"Injektiopakkaus PI-SPM 13\\\/200\"}]},{\"@type\":\"WebSite\",\"@id\":\"https:\\\/\\\/www.pakery.pl\\\/fi\\\/#website\",\"url\":\"https:\\\/\\\/www.pakery.pl\\\/fi\\\/\",\"name\":\"Pakery.pl\",\"description\":\"Pakery iniekcyjne, Kotwy spiralne, Lance iniekcyjne, W\u0119\u017ce do iniekcji, Pompy iniekcyjne, Serwis pomp iniekcyjnych, Wynajem pomp do iniekcji\",\"publisher\":{\"@id\":\"https:\\\/\\\/www.pakery.pl\\\/fi\\\/#organization\"},\"potentialAction\":[{\"@type\":\"SearchAction\",\"target\":{\"@type\":\"EntryPoint\",\"urlTemplate\":\"https:\\\/\\\/www.pakery.pl\\\/fi\\\/?s={search_term_string}\"},\"query-input\":{\"@type\":\"PropertyValueSpecification\",\"valueRequired\":true,\"valueName\":\"search_term_string\"}}],\"inLanguage\":\"fi\"},{\"@type\":\"Organization\",\"@id\":\"https:\\\/\\\/www.pakery.pl\\\/fi\\\/#organization\",\"name\":\"PAKERY.PL\",\"url\":\"https:\\\/\\\/www.pakery.pl\\\/fi\\\/\",\"logo\":{\"@type\":\"ImageObject\",\"inLanguage\":\"fi\",\"@id\":\"https:\\\/\\\/www.pakery.pl\\\/fi\\\/#\\\/schema\\\/logo\\\/image\\\/\",\"url\":\"https:\\\/\\\/www.pakery.pl\\\/wp-content\\\/uploads\\\/2021\\\/04\\\/cropped-PAKERY-LOGO.png\",\"contentUrl\":\"https:\\\/\\\/www.pakery.pl\\\/wp-content\\\/uploads\\\/2021\\\/04\\\/cropped-PAKERY-LOGO.png\",\"width\":1529,\"height\":500,\"caption\":\"PAKERY.PL\"},\"image\":{\"@id\":\"https:\\\/\\\/www.pakery.pl\\\/fi\\\/#\\\/schema\\\/logo\\\/image\\\/\"}}]}<\/script>\n<!-- \/ Yoast SEO plugin. -->","yoast_head_json":{"title":"Injektiopakkaus PI-SPM 13\/200 - PAKERY.PL","robots":{"index":"index","follow":"follow","max-snippet":"max-snippet:-1","max-image-preview":"max-image-preview:large","max-video-preview":"max-video-preview:-1"},"canonical":"https:\/\/www.pakery.pl\/fi\/produkt\/paker-do-iniekcji-pi-spm-13-200\/","og_locale":"fi_FI","og_type":"article","og_title":"Injektiopakkaus PI-SPM 13\/200 - PAKERY.PL","og_description":"PI-SPM pacer -ammattilaissarjan lippulaivamalli vuosien ajan . Injektori tarjoaa erinomaisen tiiviyden ja esimerkillisen ankkuroinnin. Injektori soveltuu kaikenlaiseen injektointiin. Se takaa esimerkillisen tiiveyden kalamitereille sek\u00e4 jousiosalle sek\u00e4 korkea- ett\u00e4 matalapaineruiskutuksessa. Erikoisvalmisteisten kalamiittien ansiosta pakkaajat pit\u00e4v\u00e4t vastapaineen t\u00e4ydellisesti (&#8221;eiv\u00e4t vuoda&#8221;). SWG-kalamiittipakkaukset kiristet\u00e4\u00e4n mekaanisesti anaerobisella liimalla, mik\u00e4 takaa tiiviin m6x1-kierreliitoksen. PRE-kalamiittipakkauksissa on kierteet, jotka on p\u00e4\u00e4llystetty valmiiksi pinnoitteella, [&hellip;]","og_url":"https:\/\/www.pakery.pl\/fi\/produkt\/paker-do-iniekcji-pi-spm-13-200\/","og_site_name":"PAKERY.PL","og_image":[{"width":683,"height":683,"url":"https:\/\/www.pakery.pl\/wp-content\/uploads\/2025\/05\/PI-SPM-13200-ikona.png","type":"image\/png"}],"twitter_card":"summary_large_image","schema":{"@context":"https:\/\/schema.org","@graph":[{"@type":"WebPage","@id":"https:\/\/www.pakery.pl\/fi\/produkt\/paker-do-iniekcji-pi-spm-13-200\/","url":"https:\/\/www.pakery.pl\/fi\/produkt\/paker-do-iniekcji-pi-spm-13-200\/","name":"Injektiopakkaus PI-SPM 13\/200 - PAKERY.PL","isPartOf":{"@id":"https:\/\/www.pakery.pl\/fi\/#website"},"primaryImageOfPage":{"@id":"https:\/\/www.pakery.pl\/fi\/produkt\/paker-do-iniekcji-pi-spm-13-200\/#primaryimage"},"image":{"@id":"https:\/\/www.pakery.pl\/fi\/produkt\/paker-do-iniekcji-pi-spm-13-200\/#primaryimage"},"thumbnailUrl":"https:\/\/www.pakery.pl\/wp-content\/uploads\/2025\/05\/PI-SPM-13200-ikona.png","datePublished":"2025-05-12T05:40:24+00:00","breadcrumb":{"@id":"https:\/\/www.pakery.pl\/fi\/produkt\/paker-do-iniekcji-pi-spm-13-200\/#breadcrumb"},"inLanguage":"fi","potentialAction":[{"@type":"ReadAction","target":["https:\/\/www.pakery.pl\/fi\/produkt\/paker-do-iniekcji-pi-spm-13-200\/"]}]},{"@type":"ImageObject","inLanguage":"fi","@id":"https:\/\/www.pakery.pl\/fi\/produkt\/paker-do-iniekcji-pi-spm-13-200\/#primaryimage","url":"https:\/\/www.pakery.pl\/wp-content\/uploads\/2025\/05\/PI-SPM-13200-ikona.png","contentUrl":"https:\/\/www.pakery.pl\/wp-content\/uploads\/2025\/05\/PI-SPM-13200-ikona.png","width":683,"height":683},{"@type":"BreadcrumbList","@id":"https:\/\/www.pakery.pl\/fi\/produkt\/paker-do-iniekcji-pi-spm-13-200\/#breadcrumb","itemListElement":[{"@type":"ListItem","position":1,"name":"Strona g\u0142\u00f3wna","item":"https:\/\/www.pakery.pl\/fi\/"},{"@type":"ListItem","position":2,"name":"S\u00e4ilyt\u00e4","item":"https:\/\/www.pakery.pl\/fi\/sailyta\/"},{"@type":"ListItem","position":3,"name":"Injektiopakkaus PI-SPM 13\/200"}]},{"@type":"WebSite","@id":"https:\/\/www.pakery.pl\/fi\/#website","url":"https:\/\/www.pakery.pl\/fi\/","name":"Pakery.pl","description":"Pakery iniekcyjne, Kotwy spiralne, Lance iniekcyjne, W\u0119\u017ce do iniekcji, Pompy iniekcyjne, Serwis pomp iniekcyjnych, Wynajem pomp do iniekcji","publisher":{"@id":"https:\/\/www.pakery.pl\/fi\/#organization"},"potentialAction":[{"@type":"SearchAction","target":{"@type":"EntryPoint","urlTemplate":"https:\/\/www.pakery.pl\/fi\/?s={search_term_string}"},"query-input":{"@type":"PropertyValueSpecification","valueRequired":true,"valueName":"search_term_string"}}],"inLanguage":"fi"},{"@type":"Organization","@id":"https:\/\/www.pakery.pl\/fi\/#organization","name":"PAKERY.PL","url":"https:\/\/www.pakery.pl\/fi\/","logo":{"@type":"ImageObject","inLanguage":"fi","@id":"https:\/\/www.pakery.pl\/fi\/#\/schema\/logo\/image\/","url":"https:\/\/www.pakery.pl\/wp-content\/uploads\/2021\/04\/cropped-PAKERY-LOGO.png","contentUrl":"https:\/\/www.pakery.pl\/wp-content\/uploads\/2021\/04\/cropped-PAKERY-LOGO.png","width":1529,"height":500,"caption":"PAKERY.PL"},"image":{"@id":"https:\/\/www.pakery.pl\/fi\/#\/schema\/logo\/image\/"}}]}},"_links":{"self":[{"href":"https:\/\/www.pakery.pl\/fi\/wp-json\/wp\/v2\/product\/48823","targetHints":{"allow":["GET"]}}],"collection":[{"href":"https:\/\/www.pakery.pl\/fi\/wp-json\/wp\/v2\/product"}],"about":[{"href":"https:\/\/www.pakery.pl\/fi\/wp-json\/wp\/v2\/types\/product"}],"version-history":[{"count":0,"href":"https:\/\/www.pakery.pl\/fi\/wp-json\/wp\/v2\/product\/48823\/revisions"}],"wp:featuredmedia":[{"embeddable":true,"href":"https:\/\/www.pakery.pl\/fi\/wp-json\/wp\/v2\/media\/48727"}],"wp:attachment":[{"href":"https:\/\/www.pakery.pl\/fi\/wp-json\/wp\/v2\/media?parent=48823"}],"wp:term":[{"taxonomy":"product_brand","embeddable":true,"href":"https:\/\/www.pakery.pl\/fi\/wp-json\/wp\/v2\/product_brand?post=48823"},{"taxonomy":"product_cat","embeddable":true,"href":"https:\/\/www.pakery.pl\/fi\/wp-json\/wp\/v2\/product_cat?post=48823"},{"taxonomy":"product_tag","embeddable":true,"href":"https:\/\/www.pakery.pl\/fi\/wp-json\/wp\/v2\/product_tag?post=48823"}],"curies":[{"name":"wp","href":"https:\/\/api.w.org\/{rel}","templated":true}]}}